{"id":8419,"date":"2020-03-06T13:13:14","date_gmt":"2020-03-06T13:13:14","guid":{"rendered":"https:\/\/legendatours.com\/product\/walking-holidays-in-tavira-the-venice-of-algarve\/"},"modified":"2026-03-18T14:40:12","modified_gmt":"2026-03-18T14:40:12","slug":"tavira-the-venice-of-algarve-1200s","status":"publish","type":"product","link":"https:\/\/legendatours.com\/fr\/produit\/tavira-the-venice-of-algarve-1200s\/","title":{"rendered":"Vacances \u00e0 pied \u00e0 Tavira, la Venise de l&#039;Algarve"},"content":{"rendered":"<p>L&#039;Algarve est bien plus que le soleil et la mer. Dans l&#039;est de l&#039;Algarve, peu visit\u00e9, il semble que le temps s&#039;est arr\u00eat\u00e9 et vous ressentirez \u00e0 quel point il est bon de ralentir et de vivre la belle vie avec ces vacances \u00e0 pied autoguid\u00e9es soigneusement con\u00e7ues.<\/p>\n<p>La marche de chaque jour met en valeur le paysage contrast\u00e9 et la faune de la r\u00e9gion. Ce circuit a \u00e9t\u00e9 con\u00e7u pour le plaisir de ceux qui ont un int\u00e9r\u00eat particulier pour la randonn\u00e9e et la nature.<\/p>\n<div id=\"attachment_1776\" style=\"width: 1034px\" class=\"wp-caption alignnone\"><img loading=\"lazy\" decoding=\"async\" aria-describedby=\"caption-attachment-1776\" class=\"wp-image-1776 size-large\" src=\"https:\/\/legendatours.net\/wp-content\/uploads\/2020\/03\/Anchor-cemetery-in-Barril-Beach-1024x687.jpg\" alt=\"Anchor cemetery in Barril Beach Tavira\" width=\"1024\" height=\"687\" \/><p id=\"caption-attachment-1776\" class=\"wp-caption-text\">Cimeti\u00e8re d&#039;ancre \u00e0 Barril Beach Tavira, un m\u00e9morial symbolique de la quasi-extinction du thon rouge dans l&#039;Algarve<\/p><\/div>\n<p>Tavira, la base de nos vacances \u00e0 pied, est un charmant et pittoresque charme du vieux portugais, avec plus de 30 \u00e9glises, des rues pav\u00e9es et des balcons bord\u00e9s de bougainvill\u00e9es. Son ch\u00e2teau dans la vieille ville historique, les \u00e9glises et les maisons typiques offrent un int\u00e9r\u00eat culturel et un charisme particulier. La rivi\u00e8re Gil\u00e3o, bord\u00e9e par un p\u00eacheur quotidien, se jette dans les lagunes azur du parc naturel de Ria Formosa.<\/p>\n<p>Sans doute la ville la plus charmante de l&#039;Algarve, \u00e0 Tavira, les bateaux de p\u00eache envahissent la rivi\u00e8re Gil\u00e3o et des couches d&#039;histoire peuvent \u00eatre vues, des fouilles ph\u00e9niciennes aux portes d\u00e9cor\u00e9es de mani\u00e8re islamique en passant par les fioritures de la Renaissance et du baroque. Depuis les remparts du ch\u00e2teau en ruine, admirez les vagues de toits triangulaires \u00aben croupe\u00bb, les pointes de chemin\u00e9es blanches en dentelle et les d\u00f4mes et les tours gracieux des 33 \u00e9glises de la ville.<\/p>\n<p>Depuis Tavira, nous avons pr\u00e9par\u00e9 un ensemble de promenades pour vous montrer l&#039;incroyable beaut\u00e9 de la r\u00e9gion, la nature c\u00f4ti\u00e8re et int\u00e9rieure ainsi que les gens et leurs modes de vie.<\/p>\n<div id=\"attachment_1780\" style=\"width: 1034px\" class=\"wp-caption alignnone\"><img loading=\"lazy\" decoding=\"async\" aria-describedby=\"caption-attachment-1780\" class=\"wp-image-1780 size-large\" src=\"https:\/\/legendatours.net\/wp-content\/uploads\/2020\/03\/Colorful-tipical-houses-in-Tavira-1024x768.jpg\" alt=\"Colorful tipical houses in Tavira, a peaceful coastal town on the East Algarve.\" width=\"1024\" height=\"768\" \/><p id=\"caption-attachment-1780\" class=\"wp-caption-text\">Maisons typiques color\u00e9es \u00e0 Tavira, une paisible ville c\u00f4ti\u00e8re de l&#039;est de l&#039;Algarve.<\/p><\/div>\n<p>La campagne de l&#039;est de l&#039;Algarve pr\u00e9sente un paysage tranquille de villages blanchis \u00e0 la chaux et de bosquets de li\u00e8ge et d&#039;oliviers. Les promenades autoguid\u00e9es \u00e0 l&#039;int\u00e9rieur des terres serpentent \u00e0 travers de charmantes vall\u00e9es verdoyantes, avec des chants d&#039;oiseaux comme bande son. Vous verrez peu de gens et trouverez la paix. Vergers de citronniers et d&#039;orangers, amandiers, oliveraies et villages endormis\u2026 Chaque promenade est pleine de couleurs, de plantes, de faune et d&#039;histoire et toutes sont diff\u00e9rentes avec des vues uniques.<\/p>\n<p>Le parc naturel de Ria Formosa s&#039;\u00e9tend sur 18 000 hectares. C&#039;est un syst\u00e8me de lagunes et d&#039;\u00eeles qui englobe une vaste zone de marais, de marais salants, de criques et d&#039;\u00eeles de dunes. Les \u00eeles-barri\u00e8res sont bord\u00e9es de vastes plages de sable et de pittoresques villages de p\u00eacheurs typiques.<\/p>\n<p>Le parc naturel de Ria Formosa est une zone essentielle pour les oiseaux migrateurs et nicheurs. Les promenades de ce programme autoguid\u00e9 vous m\u00e8neront au parc, o\u00f9 se trouvent une grande vari\u00e9t\u00e9 d&#039;oiseaux \u00e9chassiers et de nombreuses autres esp\u00e8ces. Les flamants roses abondent et sont un r\u00e9gal pour les yeux.<\/p>\n<p>Dans l&#039;est de l&#039;Algarve, le temps est cl\u00e9ment, les gens sont sympathiques et accueillants, la nature est s\u00e9duisante, la nourriture et les vins sont savoureux et ce programme de promenades est con\u00e7u pour vous donner le meilleur de ce que cette r\u00e9gion a \u00e0 offrir, bas\u00e9 sur le charmante ville de Tavira. Vous verrez un Portugal dont vous n&#039;auriez jamais imagin\u00e9 l&#039;existence et que vous n&#039;oublierez jamais !<\/p>\n<p>Nos vacances \u00e0 pied autoguid\u00e9es sont soigneusement con\u00e7ues et incluent toutes les informations dont vous avez besoin, des cartes d\u00e9taill\u00e9es et notes d&#039;itin\u00e9raire \u00e0 une hotline 24h\/24. L&#039;h\u00e9bergement, les transferts a\u00e9roport et les transports sont inclus dans le programme de marche.<\/p>\n<p>&nbsp;<\/p>\n<p>&nbsp;<\/p>\n<div class=\"row\">\n<div class=\"column\" style=\"flex: 45%\"><\/div>\n<div class=\"column\" style=\"flex: 10%\"><\/div>\n<div class=\"column\" style=\"flex: 45%\">\n<p><iframe loading=\"lazy\" title=\"Tavira vid\u00e9o promotionnelle\" width=\"1080\" height=\"608\" src=\"https:\/\/www.youtube.com\/embed\/W01BbUS0VNI?feature=oembed\" frameborder=\"0\" allow=\"accelerometer; autoplay; clipboard-write; encrypted-media; gyroscope; picture-in-picture; web-share\" allowfullscreen><\/iframe><\/p>\n<\/div>\n<\/div>","protected":false},"excerpt":{"rendered":"<p>Randonn\u00e9e \u00e0 Tavira : la Venise de l&#039;Algarve est un s\u00e9jour de randonn\u00e9e en autonomie au d\u00e9part de Tavira, dans l&#039;est de l&#039;Algarve. Sp\u00e9cialement con\u00e7u pour explorer la campagne de l&#039;Algarve et les merveilles naturelles du parc naturel de Ria Formosa, ce circuit est un v\u00e9ritable r\u00e9gal pour les amoureux de randonn\u00e9es c\u00f4ti\u00e8res en pleine nature, riches en faune et en flore, mais aussi pour ceux qui appr\u00e9cient les promenades \u00e0 l&#039;int\u00e9rieur des terres, dans des r\u00e9gions plus confidentielles de l&#039;Algarve, paisibles et impr\u00e9gn\u00e9es de traditions.<\/p>","protected":false},"featured_media":8097,"comment_status":"closed","ping_status":"closed","template":"","meta":{"_acf_changed":false,"inline_featured_image":false},"product_brand":[],"product_cat":[301,856],"product_tag":[147,306,876,154,155,338,758,313,759,760,761,762,1086,163,60,341,764,765,766,767,768,169,542,319,328,1087,322,770,174,1088,324,771,684,685,1089,933,325,772,326,911,112,658,122,466,123,1090,422,1091],"class_list":{"0":"post-8419","1":"product","2":"type-product","3":"status-publish","4":"has-post-thumbnail","6":"product_cat-self-guided-tours-portugal","7":"product_cat-self-guided-walking-holidays","8":"product_tag-algarve","9":"product_tag-alleine-reisen","10":"product_tag-coastal-algarve","11":"product_tag-east-algarve","12":"product_tag-europe","13":"product_tag-food-and-wines-are-tasty","14":"product_tag-individual-hiking","15":"product_tag-individuelle-touren","16":"product_tag-individuelle-trekkingreisen","17":"product_tag-individuelle-wandern","18":"product_tag-individuelle-wanderreisen","19":"product_tag-individuelle-wandertouren","20":"product_tag-olive-groves","21":"product_tag-orange","22":"product_tag-portugal","23":"product_tag-portugal-great-food-and-wine","24":"product_tag-rando-autoguidee","25":"product_tag-rando-liberte","26":"product_tag-randonnee-autoguidee","27":"product_tag-randonnee-en-liberte","28":"product_tag-randonnee-liberte","29":"product_tag-ria-formosa-natural-park","30":"product_tag-sandy-beaches","31":"product_tag-sejour-en-liberte","32":"product_tag-self-guided","33":"product_tag-self-guided-walks","34":"product_tag-solo-reisen","35":"product_tag-solo-wandern","36":"product_tag-tavira","37":"product_tag-the-algarve","38":"product_tag-tours-autoguidees","39":"product_tag-trek-en-liberte","40":"product_tag-trek-solo","41":"product_tag-trekking-solo","42":"product_tag-typical-fishing-villages","43":"product_tag-undisturbed-places-in-portugal","44":"product_tag-voyage-en-liberte","45":"product_tag-voyages-a-pied-en-liberte","46":"product_tag-voyages-en-autonomie","47":"product_tag-wading-birds","48":"product_tag-walking-holidays","49":"product_tag-walking-program","50":"product_tag-walking-tours","51":"product_tag-water-birds","52":"product_tag-western-europe","53":"product_tag-whitewashed-villages","54":"product_tag-wild-flowers","55":"product_tag-wildlife-and-history","57":"first","58":"instock","59":"virtual","60":"product-type-simple"},"acf":[],"yoast_head":"<!-- This site is optimized with the Yoast SEO Premium plugin v26.8 (Yoast SEO v27.5) - https:\/\/yoast.com\/product\/yoast-seo-premium-wordpress\/ -->\n<title>Walking Holidays in Tavira, the Venice of Algarve<\/title>\n<meta name=\"description\" content=\"Self-guided Walking Tour based in Tavira, East Algarve, designed to explore the natural wonders of the Ria Formosa Nature Park and the peaceful countryside.\" \/>\n<meta name=\"robots\" content=\"index, follow, max-snippet:-1, max-image-preview:large, max-video-preview:-1\" \/>\n<link rel=\"canonical\" href=\"https:\/\/legendatours.com\/fr\/produit\/tavira-the-venice-of-algarve-1200s\/\" \/>\n<meta property=\"og:locale\" content=\"fr_FR\" \/>\n<meta property=\"og:type\" content=\"article\" \/>\n<meta property=\"og:title\" content=\"Self-guided Walking Tavira\" \/>\n<meta property=\"og:description\" content=\"Specially designed to explore the Algarve&#039;s countryside and the natural wonders of the Ria Formosa Natural Park\" \/>\n<meta property=\"og:url\" content=\"https:\/\/legendatours.com\/fr\/produit\/tavira-the-venice-of-algarve-1200s\/\" \/>\n<meta property=\"og:site_name\" content=\"Legendary Adventure DMC Portugal\" \/>\n<meta property=\"article:publisher\" content=\"https:\/\/www.facebook.com\/legendaryadventuredmc\/\" \/>\n<meta property=\"article:modified_time\" content=\"2026-03-18T14:40:12+00:00\" \/>\n<meta property=\"og:image\" content=\"https:\/\/legendatours.com\/wp-content\/uploads\/sites\/12\/2021\/04\/Walking_East_Algarve_Coast.jpg\" \/>\n\t<meta property=\"og:image:width\" content=\"1196\" \/>\n\t<meta property=\"og:image:height\" content=\"800\" \/>\n\t<meta property=\"og:image:type\" content=\"image\/jpeg\" \/>\n<meta name=\"twitter:card\" content=\"summary_large_image\" \/>\n<meta name=\"twitter:title\" content=\"Self-guided Walking Tavira\" \/>\n<meta name=\"twitter:description\" content=\"Specially designed to explore the Algarve&#039;s countryside and the natural wonders of the Ria Formosa Natural Park\" \/>\n<meta name=\"twitter:label1\" content=\"Dur\u00e9e de lecture estim\u00e9e\" \/>\n\t<meta name=\"twitter:data1\" content=\"3 minutes\" \/>\n<script type=\"application\/ld+json\" class=\"yoast-schema-graph\">{\"@context\":\"https:\\\/\\\/schema.org\",\"@graph\":[{\"@type\":\"WebPage\",\"@id\":\"https:\\\/\\\/legendatours.com\\\/product\\\/tavira-the-venice-of-algarve-1200s\\\/\",\"url\":\"https:\\\/\\\/legendatours.com\\\/product\\\/tavira-the-venice-of-algarve-1200s\\\/\",\"name\":\"Walking Holidays in Tavira, the Venice of Algarve\",\"isPartOf\":{\"@id\":\"https:\\\/\\\/legendatours.com\\\/#website\"},\"primaryImageOfPage\":{\"@id\":\"https:\\\/\\\/legendatours.com\\\/product\\\/tavira-the-venice-of-algarve-1200s\\\/#primaryimage\"},\"image\":{\"@id\":\"https:\\\/\\\/legendatours.com\\\/product\\\/tavira-the-venice-of-algarve-1200s\\\/#primaryimage\"},\"thumbnailUrl\":\"https:\\\/\\\/legendatours.com\\\/wp-content\\\/uploads\\\/sites\\\/12\\\/2021\\\/04\\\/Walking_East_Algarve_Coast.jpg\",\"datePublished\":\"2020-03-06T13:13:14+00:00\",\"dateModified\":\"2026-03-18T14:40:12+00:00\",\"description\":\"Self-guided Walking Tour based in Tavira, East Algarve, designed to explore the natural wonders of the Ria Formosa Nature Park and the peaceful countryside.\",\"breadcrumb\":{\"@id\":\"https:\\\/\\\/legendatours.com\\\/product\\\/tavira-the-venice-of-algarve-1200s\\\/#breadcrumb\"},\"inLanguage\":\"fr-FR\",\"potentialAction\":[{\"@type\":\"ReadAction\",\"target\":[\"https:\\\/\\\/legendatours.com\\\/product\\\/tavira-the-venice-of-algarve-1200s\\\/\"]}]},{\"@type\":\"ImageObject\",\"inLanguage\":\"fr-FR\",\"@id\":\"https:\\\/\\\/legendatours.com\\\/product\\\/tavira-the-venice-of-algarve-1200s\\\/#primaryimage\",\"url\":\"https:\\\/\\\/legendatours.com\\\/wp-content\\\/uploads\\\/sites\\\/12\\\/2021\\\/04\\\/Walking_East_Algarve_Coast.jpg\",\"contentUrl\":\"https:\\\/\\\/legendatours.com\\\/wp-content\\\/uploads\\\/sites\\\/12\\\/2021\\\/04\\\/Walking_East_Algarve_Coast.jpg\",\"width\":1196,\"height\":800,\"caption\":\"Walking in the East Algarve Coast\"},{\"@type\":\"BreadcrumbList\",\"@id\":\"https:\\\/\\\/legendatours.com\\\/product\\\/tavira-the-venice-of-algarve-1200s\\\/#breadcrumb\",\"itemListElement\":[{\"@type\":\"ListItem\",\"position\":1,\"name\":\"Home\",\"item\":\"https:\\\/\\\/legendatours.com\\\/\"},{\"@type\":\"ListItem\",\"position\":2,\"name\":\"Shop\",\"item\":\"https:\\\/\\\/legendatours.com\\\/sv\\\/?page_id=4\"},{\"@type\":\"ListItem\",\"position\":3,\"name\":\"The Algarve is so much more than sun and sea. In the little-visited East Algarve, it looks like time has stood still, and you\u2019ll feel how good it is to slow down and live the good life with this carefully crafted Self-Guided Walking Tour. Each day\u2019s walk highlights the contrasting landscape and wildlife of the region. This tour was put together for the enjoyment of those who have a special interest in rambling and nature.\"}]},{\"@type\":\"WebSite\",\"@id\":\"https:\\\/\\\/legendatours.com\\\/#website\",\"url\":\"https:\\\/\\\/legendatours.com\\\/\",\"name\":\"Legendary Adventure DMC Portugal\",\"description\":\"Responsible Walking &amp; Nature Holidays in Portugal\",\"publisher\":{\"@id\":\"https:\\\/\\\/legendatours.com\\\/#organization\"},\"alternateName\":\"Legendary Adventure Portugal\",\"potentialAction\":[{\"@type\":\"SearchAction\",\"target\":{\"@type\":\"EntryPoint\",\"urlTemplate\":\"https:\\\/\\\/legendatours.com\\\/?s={search_term_string}\"},\"query-input\":{\"@type\":\"PropertyValueSpecification\",\"valueRequired\":true,\"valueName\":\"search_term_string\"}}],\"inLanguage\":\"fr-FR\"},{\"@type\":\"Organization\",\"@id\":\"https:\\\/\\\/legendatours.com\\\/#organization\",\"name\":\"legendatours.com\",\"url\":\"https:\\\/\\\/legendatours.com\\\/\",\"logo\":{\"@type\":\"ImageObject\",\"inLanguage\":\"fr-FR\",\"@id\":\"https:\\\/\\\/legendatours.com\\\/#\\\/schema\\\/logo\\\/image\\\/\",\"url\":\"https:\\\/\\\/legendatours.com\\\/wp-content\\\/uploads\\\/sites\\\/12\\\/2021\\\/06\\\/legendary_adventure_dmc.png\",\"contentUrl\":\"https:\\\/\\\/legendatours.com\\\/wp-content\\\/uploads\\\/sites\\\/12\\\/2021\\\/06\\\/legendary_adventure_dmc.png\",\"width\":250,\"height\":74,\"caption\":\"legendatours.com\"},\"image\":{\"@id\":\"https:\\\/\\\/legendatours.com\\\/#\\\/schema\\\/logo\\\/image\\\/\"},\"sameAs\":[\"https:\\\/\\\/www.facebook.com\\\/legendaryadventuredmc\\\/\",\"https:\\\/\\\/www.linkedin.com\\\/company\\\/legendary-adventure-dmc-portugal\",\"https:\\\/\\\/www.youtube.com\\\/channel\\\/UCOIRDx_KM6ynIcacQkZjb6g\"]}]}<\/script>\n<!-- \/ Yoast SEO Premium plugin. -->","yoast_head_json":{"title":"Vacances \u00e0 pied \u00e0 Tavira, la Venise de l&#039;Algarve","description":"Visite \u00e0 pied autoguid\u00e9e bas\u00e9e \u00e0 Tavira, dans l&#039;est de l&#039;Algarve, con\u00e7ue pour explorer les merveilles naturelles du parc naturel de Ria Formosa et la campagne paisible.","robots":{"index":"index","follow":"follow","max-snippet":"max-snippet:-1","max-image-preview":"max-image-preview:large","max-video-preview":"max-video-preview:-1"},"canonical":"https:\/\/legendatours.com\/fr\/produit\/tavira-the-venice-of-algarve-1200s\/","og_locale":"fr_FR","og_type":"article","og_title":"Self-guided Walking Tavira","og_description":"Specially designed to explore the Algarve's countryside and the natural wonders of the Ria Formosa Natural Park","og_url":"https:\/\/legendatours.com\/fr\/produit\/tavira-the-venice-of-algarve-1200s\/","og_site_name":"Legendary Adventure DMC Portugal","article_publisher":"https:\/\/www.facebook.com\/legendaryadventuredmc\/","article_modified_time":"2026-03-18T14:40:12+00:00","og_image":[{"width":1196,"height":800,"url":"https:\/\/legendatours.com\/wp-content\/uploads\/sites\/12\/2021\/04\/Walking_East_Algarve_Coast.jpg","type":"image\/jpeg"}],"twitter_card":"summary_large_image","twitter_title":"Self-guided Walking Tavira","twitter_description":"Specially designed to explore the Algarve's countryside and the natural wonders of the Ria Formosa Natural Park","twitter_misc":{"Dur\u00e9e de lecture estim\u00e9e":"3 minutes"},"schema":{"@context":"https:\/\/schema.org","@graph":[{"@type":"WebPage","@id":"https:\/\/legendatours.com\/product\/tavira-the-venice-of-algarve-1200s\/","url":"https:\/\/legendatours.com\/product\/tavira-the-venice-of-algarve-1200s\/","name":"Vacances \u00e0 pied \u00e0 Tavira, la Venise de l&#039;Algarve","isPartOf":{"@id":"https:\/\/legendatours.com\/#website"},"primaryImageOfPage":{"@id":"https:\/\/legendatours.com\/product\/tavira-the-venice-of-algarve-1200s\/#primaryimage"},"image":{"@id":"https:\/\/legendatours.com\/product\/tavira-the-venice-of-algarve-1200s\/#primaryimage"},"thumbnailUrl":"https:\/\/legendatours.com\/wp-content\/uploads\/sites\/12\/2021\/04\/Walking_East_Algarve_Coast.jpg","datePublished":"2020-03-06T13:13:14+00:00","dateModified":"2026-03-18T14:40:12+00:00","description":"Visite \u00e0 pied autoguid\u00e9e bas\u00e9e \u00e0 Tavira, dans l&#039;est de l&#039;Algarve, con\u00e7ue pour explorer les merveilles naturelles du parc naturel de Ria Formosa et la campagne paisible.","breadcrumb":{"@id":"https:\/\/legendatours.com\/product\/tavira-the-venice-of-algarve-1200s\/#breadcrumb"},"inLanguage":"fr-FR","potentialAction":[{"@type":"ReadAction","target":["https:\/\/legendatours.com\/product\/tavira-the-venice-of-algarve-1200s\/"]}]},{"@type":"ImageObject","inLanguage":"fr-FR","@id":"https:\/\/legendatours.com\/product\/tavira-the-venice-of-algarve-1200s\/#primaryimage","url":"https:\/\/legendatours.com\/wp-content\/uploads\/sites\/12\/2021\/04\/Walking_East_Algarve_Coast.jpg","contentUrl":"https:\/\/legendatours.com\/wp-content\/uploads\/sites\/12\/2021\/04\/Walking_East_Algarve_Coast.jpg","width":1196,"height":800,"caption":"Walking in the East Algarve Coast"},{"@type":"BreadcrumbList","@id":"https:\/\/legendatours.com\/product\/tavira-the-venice-of-algarve-1200s\/#breadcrumb","itemListElement":[{"@type":"ListItem","position":1,"name":"Home","item":"https:\/\/legendatours.com\/"},{"@type":"ListItem","position":2,"name":"Shop","item":"https:\/\/legendatours.com\/sv\/?page_id=4"},{"@type":"ListItem","position":3,"name":"The Algarve is so much more than sun and sea. In the little-visited East Algarve, it looks like time has stood still, and you\u2019ll feel how good it is to slow down and live the good life with this carefully crafted Self-Guided Walking Tour. Each day\u2019s walk highlights the contrasting landscape and wildlife of the region. This tour was put together for the enjoyment of those who have a special interest in rambling and nature."}]},{"@type":"WebSite","@id":"https:\/\/legendatours.com\/#website","url":"https:\/\/legendatours.com\/","name":"Aventure l\u00e9gendaire DMC Portugal","description":"Randonn\u00e9es responsables et vacances nature au Portugal","publisher":{"@id":"https:\/\/legendatours.com\/#organization"},"alternateName":"Legendary Adventure Portugal","potentialAction":[{"@type":"SearchAction","target":{"@type":"EntryPoint","urlTemplate":"https:\/\/legendatours.com\/?s={search_term_string}"},"query-input":{"@type":"PropertyValueSpecification","valueRequired":true,"valueName":"search_term_string"}}],"inLanguage":"fr-FR"},{"@type":"Organization","@id":"https:\/\/legendatours.com\/#organization","name":"legendatours.com","url":"https:\/\/legendatours.com\/","logo":{"@type":"ImageObject","inLanguage":"fr-FR","@id":"https:\/\/legendatours.com\/#\/schema\/logo\/image\/","url":"https:\/\/legendatours.com\/wp-content\/uploads\/sites\/12\/2021\/06\/legendary_adventure_dmc.png","contentUrl":"https:\/\/legendatours.com\/wp-content\/uploads\/sites\/12\/2021\/06\/legendary_adventure_dmc.png","width":250,"height":74,"caption":"legendatours.com"},"image":{"@id":"https:\/\/legendatours.com\/#\/schema\/logo\/image\/"},"sameAs":["https:\/\/www.facebook.com\/legendaryadventuredmc\/","https:\/\/www.linkedin.com\/company\/legendary-adventure-dmc-portugal","https:\/\/www.youtube.com\/channel\/UCOIRDx_KM6ynIcacQkZjb6g"]}]}},"_links":{"self":[{"href":"https:\/\/legendatours.com\/fr\/wp-json\/wp\/v2\/product\/8419","targetHints":{"allow":["GET"]}}],"collection":[{"href":"https:\/\/legendatours.com\/fr\/wp-json\/wp\/v2\/product"}],"about":[{"href":"https:\/\/legendatours.com\/fr\/wp-json\/wp\/v2\/types\/product"}],"replies":[{"embeddable":true,"href":"https:\/\/legendatours.com\/fr\/wp-json\/wp\/v2\/comments?post=8419"}],"wp:featuredmedia":[{"embeddable":true,"href":"https:\/\/legendatours.com\/fr\/wp-json\/wp\/v2\/media\/8097"}],"wp:attachment":[{"href":"https:\/\/legendatours.com\/fr\/wp-json\/wp\/v2\/media?parent=8419"}],"wp:term":[{"taxonomy":"product_brand","embeddable":true,"href":"https:\/\/legendatours.com\/fr\/wp-json\/wp\/v2\/product_brand?post=8419"},{"taxonomy":"product_cat","embeddable":true,"href":"https:\/\/legendatours.com\/fr\/wp-json\/wp\/v2\/product_cat?post=8419"},{"taxonomy":"product_tag","embeddable":true,"href":"https:\/\/legendatours.com\/fr\/wp-json\/wp\/v2\/product_tag?post=8419"}],"curies":[{"name":"wp","href":"https:\/\/api.w.org\/{rel}","templated":true}]}}