{"id":8428,"date":"2020-03-06T13:12:09","date_gmt":"2020-03-06T13:12:09","guid":{"rendered":"https:\/\/legendatours.com\/product\/self-guided-walking-holiday-in-porto-city-heritage-nature\/"},"modified":"2022-01-02T22:52:40","modified_gmt":"2022-01-02T22:52:40","slug":"porto-city-nature-1100s","status":"publish","type":"product","link":"https:\/\/legendatours.com\/fr\/produit\/porto-city-nature-1100s\/","title":{"rendered":"Vacances \u00e0 pied autoguid\u00e9es \u00e0 Porto : ville, patrimoine et nature"},"content":{"rendered":"<p>Des vacances \u00e0 pied autoguid\u00e9es \u00e0 Porto con\u00e7ues pour explorer la ville fascinante qui a donn\u00e9 son nom au vin de Porto. De grands b\u00e2timents historiques et de magnifiques \u00e9glises c\u00f4toient des vieux quartiers pittoresques et une atmosph\u00e8re contemporaine vibrante.<\/p>\n<p>La visite comprend \u00e9galement de belles promenades c\u00f4ti\u00e8res le long du front de mer, des visites de villes voisines et de Guimar\u00e3es, le berceau du Portugal.<\/p>\n<div id=\"attachment_1936\" style=\"width: 1034px\" class=\"wp-caption alignnone\"><img loading=\"lazy\" decoding=\"async\" aria-describedby=\"caption-attachment-1936\" class=\"wp-image-1936 size-large\" title=\"Tour des Clercs \u00e0 Porto. La vieille ville est un site du patrimoine mondial de l&#039;UNESCO plein de b\u00e2timents historiques\" src=\"https:\/\/legendatours.net\/wp-content\/uploads\/2020\/03\/Clerigos-Tower-1024x683.jpg\" alt=\"Clerigos Tower in Porto\" width=\"1024\" height=\"683\" \/><p id=\"caption-attachment-1936\" class=\"wp-caption-text\">Tour des Clercs \u00e0 Porto. La vieille ville est un site du patrimoine mondial de l&#039;UNESCO plein de b\u00e2timents historiques<\/p><\/div>\n<p>Porto, situ\u00e9e sur le fleuve Douro, est la capitale du nord et la deuxi\u00e8me plus grande ville du Portugal. C&#039;est un site du patrimoine mondial et a \u00e9t\u00e9 le centre du commerce du vin de Porto pendant des ann\u00e9es.<\/p>\n<p>La meilleure fa\u00e7on d&#039;appr\u00e9cier pleinement cette ville et ses environs est toujours \u00e0 pied, et l&#039;ensemble des promenades de cette visite autoguid\u00e9e donne un bon aper\u00e7u de la r\u00e9gion.<\/p>\n<p>Suivez la passerelle cr\u00e9\u00e9e de mani\u00e8re imaginative le long de la rive du fleuve Douro, le long de la c\u00f4te sud, et explorez le village de p\u00eacheurs traditionnel d&#039;Afurada.<\/p>\n<p>Dans la ville, faites de belles promenades dans de beaux parcs et jardins, le long de ruelles verdoyantes et tranquilles, montrant la partie la plus calme de la ville, \u00e0 travers des quartiers pittoresques et anciens.<\/p>\n<p>Vous aurez le temps de visiter certains des monuments et sites les plus embl\u00e9matiques de Porto, tels que la Pra\u00e7a da Ribeira et les Port Lodges, dispers\u00e9s le long du fleuve Douro. Une escale pour d\u00e9guster un verre de Porto s&#039;impose.<\/p>\n<div id=\"attachment_1939\" style=\"width: 1034px\" class=\"wp-caption alignnone\"><img loading=\"lazy\" decoding=\"async\" aria-describedby=\"caption-attachment-1939\" class=\"wp-image-1939 size-large\" title=\"Gare de Porto S\u00e3o Bento o\u00f9 les tuiles repr\u00e9sentent des sc\u00e8nes de rassemblements royaux et de la vie rurale traditionnelle.\" src=\"https:\/\/legendatours.net\/wp-content\/uploads\/2020\/03\/Estacao-Sao-Bento-tiles-1024x683.jpg\" alt=\"Porto S\u00e3o Bento station where the tiles depict scenes of royal gatherings and traditional rural life.\" width=\"1024\" height=\"683\" \/><p id=\"caption-attachment-1939\" class=\"wp-caption-text\">Gare de Porto S\u00e3o Bento o\u00f9 les tuiles repr\u00e9sentent des sc\u00e8nes de rassemblements royaux et de la vie rurale traditionnelle.<\/p><\/div>\n<p>Visitez \u00e9galement la cath\u00e9drale, la bourse, la gare de S. Bento, le Museu Romantico, la Casa Tait, le Crystal Palace et le splendide Parque da Cidade.<\/p>\n<p>Du pont D. Luis I (con\u00e7u par Te\u00f3filo Seyrig, disciple de Gustave Eiffel, auteur du symbole de Paris), nous verrons de magnifiques vues qui s&#039;\u00e9tendent jusqu&#039;\u00e0 la Serra do Pilar.<\/p>\n<p>Guimar\u00e3es est une charmante ville m\u00e9di\u00e9vale et le berceau du Portugal.<\/p>\n<p>Le centre est un labyrinthe de ruelles \u00e9troites et de places pittoresques, encadr\u00e9es de b\u00e2timents du XIVe si\u00e8cle, tandis que sur une colline se dresse le ch\u00e2teau mill\u00e9naire et l&#039;immense palais construit par le premier duc de Bragance au XVe si\u00e8cle. Le vieux centre de Guimar\u00e3es a \u00e9t\u00e9 d\u00e9clar\u00e9 en 2001 comme site du patrimoine mondial par l&#039;Unesco.<\/p>\n<div id=\"attachment_2532\" style=\"width: 1031px\" class=\"wp-caption alignnone\"><img loading=\"lazy\" decoding=\"async\" aria-describedby=\"caption-attachment-2532\" class=\"wp-image-2532 size-full\" title=\"Porto, situ\u00e9e sur le fleuve Douro, est la capitale du nord et la deuxi\u00e8me plus grande ville du Portugal. \" src=\"https:\/\/legendatours.net\/wp-content\/uploads\/2020\/06\/Porto_night.jpg\" alt=\"Porto, situated on the Douro River, is the capital of the north and the second largest city in Portugal. \" width=\"1021\" height=\"800\" \/><p id=\"caption-attachment-2532\" class=\"wp-caption-text\">Porto, situ\u00e9e sur le fleuve Douro, est la capitale du nord et la deuxi\u00e8me plus grande ville du Portugal.<\/p><\/div>\n<p>Historiquement un port de p\u00eache et un centre de construction navale \u00e0 l&#039;\u00e9poque des d\u00e9couvertes, P\u00f3voa de Varzim est aujourd&#039;hui une station baln\u00e9aire populaire avec 12 km de plages magnifiques. Les gens viennent s&#039;y baigner dans les eaux riches en iode (provenant des algues locales) depuis la fin du 19\u00e8me si\u00e8cle. Ce sera la destination de l&#039;une des promenades le long de la c\u00f4te.<\/p>\n<p>\u00c9galement sur la c\u00f4te se trouve Vila do Conde, une charmante ville baln\u00e9aire situ\u00e9e \u00e0 l&#039;embouchure de la rivi\u00e8re Ave. La r\u00e9gion est c\u00e9l\u00e8bre pour la construction de bateaux traditionnels et la fabrication de dentelles exquises. La vieille ville conserve son petit port de p\u00eache et il y a plusieurs b\u00e2timents historiques \u00e0 appr\u00e9cier, dont le couvent de Santa Clara, c\u00e9l\u00e8bre pour ses \u00abdoces conventuais\u00bb - de d\u00e9licieuses sucreries produites \u00e0 l&#039;origine uniquement dans les couvents, qui peuvent maintenant \u00eatre achet\u00e9es dans les caf\u00e9s de la ville.<\/p>\n<p>Dans le nord du Portugal, les gens sont proverbialement g\u00e9n\u00e9reux et accueillants. Le fleuve Douro et les plages de sable longues de plusieurs kilom\u00e8tres sont un paradis, indiff\u00e9rent \u00e0 l&#039;agitation de la ville.<\/p>\n<p>La ville de Porto doit offrir des si\u00e8cles de couches d&#039;histoire, avec des b\u00e2timents m\u00e9di\u00e9vaux sombres, des ponts architecturaux et des caf\u00e9s Art nouveau qui vivent avec bonheur dans une atmosph\u00e8re tr\u00e8s contemporaine et \u00e9clectique, o\u00f9 il y en a pour tous les go\u00fbts.<\/p>\n<p>Sans oublier que la gastronomie et les vins sont \u00e9piques et un v\u00e9ritable art de vivre, faisant partie de l&#039;identit\u00e9 de la ville et de la r\u00e9gion.<\/p>\n<div id=\"attachment_1940\" style=\"width: 1034px\" class=\"wp-caption alignnone\"><img loading=\"lazy\" decoding=\"async\" aria-describedby=\"caption-attachment-1940\" class=\"wp-image-1940 size-large\" title=\"Village de p\u00eacheurs pr\u00e8s de Porto, explorez la c\u00f4te m\u00e9connue au sud de Porto et les belles plages le long de l&#039;Atlantique.\" src=\"https:\/\/legendatours.net\/wp-content\/uploads\/2020\/03\/Fishing-village-near-Porto-1024x678.jpg\" alt=\"Fishing village near Porto, explore the unknown coast south of Porto and the beautiful beaches along the Atlantic.\" width=\"1024\" height=\"678\" \/><p id=\"caption-attachment-1940\" class=\"wp-caption-text\">Village de p\u00eacheurs pr\u00e8s de Porto, explorez la c\u00f4te m\u00e9connue au sud de Porto et les belles plages le long de l&#039;Atlantique.<\/p><\/div>\n<p>Pour toutes ces raisons, ces vacances \u00e0 pied autoguid\u00e9es \u00e0 Porto sont incontournables !<\/p>\n<p>Nos visites \u00e0 pied autoguid\u00e9es sont soigneusement con\u00e7ues et incluent toutes les informations dont vous avez besoin, des cartes d\u00e9taill\u00e9es et notes d&#039;itin\u00e9raire \u00e0 une hotline 24h\/24. L&#039;h\u00e9bergement, les transferts a\u00e9roport et les transports sont inclus dans le programme de marche.<\/p>\n<div class=\"row\" style=\"display: flex;\">\n<div class=\"column\" style=\"flex: 45%;\">\n<p><iframe loading=\"lazy\" title=\"Turismo do Porto e Norte de Portugal City &amp; Courts S\u00e9jours\" width=\"1080\" height=\"608\" src=\"https:\/\/www.youtube.com\/embed\/pZV6Ve8PQHM?feature=oembed\" frameborder=\"0\" allow=\"accelerometer; autoplay; clipboard-write; encrypted-media; gyroscope; picture-in-picture\" allowfullscreen><\/iframe><\/p>\n<\/div>\n<div class=\"column\" style=\"flex: 10%;\"><\/div>\n<div class=\"column\" style=\"flex: 45%;\">\n<p><iframe loading=\"lazy\" title=\"Visite \u00e0 pied du tourisme de Porto et du nord du Portugal\" width=\"1080\" height=\"608\" src=\"https:\/\/www.youtube.com\/embed\/KO4kd3cx9wQ?feature=oembed\" frameborder=\"0\" allow=\"accelerometer; autoplay; clipboard-write; encrypted-media; gyroscope; picture-in-picture\" allowfullscreen><\/iframe><\/p>\n<\/div>\n<\/div>","protected":false},"excerpt":{"rendered":"<p>Des vacances \u00e0 pied autoguid\u00e9es \u00e0 Porto con\u00e7ues pour explorer la ville fascinante qui a donn\u00e9 son nom au vin de Porto. De grands b\u00e2timents historiques et de magnifiques \u00e9glises c\u00f4toient des vieux quartiers pittoresques et une atmosph\u00e8re contemporaine vibrante. La visite comprend \u00e9galement de belles promenades c\u00f4ti\u00e8res le long du front de mer, des visites de villes voisines et de Guimar\u00e3es, le berceau du Portugal.<\/p>","protected":false},"featured_media":1774,"comment_status":"closed","ping_status":"closed","template":"","meta":{"_acf_changed":false,"inline_featured_image":false},"product_brand":[],"product_cat":[301,856],"product_tag":[306,33,333,985,1092,1140,128,81,35,37,38,39,40,1094,1013,1015,613,117,1095,217,191,159,192,404,758,313,759,760,761,762,221,745,162,272,56,1096,353,354,57,58,618,60,341,1017,1097,1098,1018,1019,1020,764,765,766,767,768,63,277,1099,319,328,753,228,951,322,770,1026,1100,1028,1101,1029,1030,1031,1032,1033,1034,324,1035,1036,481,285,771,684,685,71,721,230,1037,409,1038,325,772,326,180,359,123,360,346,410],"class_list":{"0":"post-8428","1":"product","2":"type-product","3":"status-publish","4":"has-post-thumbnail","6":"product_cat-self-guided-tours-portugal","7":"product_cat-self-guided-walking-holidays","8":"product_tag-alleine-reisen","9":"product_tag-alto-douro-wine-region","10":"product_tag-ancient-churches","11":"product_tag-architecture","12":"product_tag-art-nouveau-cafes-day-tours","13":"product_tag-casa-tait","14":"product_tag-city-walks","15":"product_tag-coastal-walks","16":"product_tag-crystal-palace","17":"product_tag-d-luis-i-bridge","18":"product_tag-douro","19":"product_tag-douro-river","20":"product_tag-douro-valley","21":"product_tag-duke-of-braganca","22":"product_tag-excursions","23":"product_tag-food-wine-tours","24":"product_tag-gastronomy-holidays","25":"product_tag-guimaraes","26":"product_tag-gustave-eiffel","27":"product_tag-heritage","28":"product_tag-hiking-tour","29":"product_tag-hiking-trails","30":"product_tag-historic-buildings","31":"product_tag-holiday-activities-walking-guides","32":"product_tag-individual-hiking","33":"product_tag-individuelle-touren","34":"product_tag-individuelle-trekkingreisen","35":"product_tag-individuelle-wandern","36":"product_tag-individuelle-wanderreisen","37":"product_tag-individuelle-wandertouren","38":"product_tag-minho-region-portugal","39":"product_tag-nature-hikes","40":"product_tag-nature-walks","41":"product_tag-north-of-portugal","42":"product_tag-oporto","43":"product_tag-parque-da-cidade","44":"product_tag-port-lodges","45":"product_tag-port-wine","46":"product_tag-porto","47":"product_tag-porto-bridges","48":"product_tag-porto-cathedral","49":"product_tag-portugal","50":"product_tag-portugal-great-food-and-wine","51":"product_tag-portugal-tours","52":"product_tag-povoa-de-varzim","53":"product_tag-praca-da-ribeira","54":"product_tag-private-excursions","55":"product_tag-private-tours","56":"product_tag-private-tours-algarve","57":"product_tag-rando-autoguidee","58":"product_tag-rando-liberte","59":"product_tag-randonnee-autoguidee","60":"product_tag-randonnee-en-liberte","61":"product_tag-randonnee-liberte","62":"product_tag-river-cruise-douro","63":"product_tag-river-douro","64":"product_tag-s-bento-station","65":"product_tag-sejour-en-liberte","66":"product_tag-self-guided","67":"product_tag-self-guided-walking-tour","68":"product_tag-sightseeing","69":"product_tag-sightseeing-tours","70":"product_tag-solo-reisen","71":"product_tag-solo-wandern","72":"product_tag-special-interest","73":"product_tag-stock-exchange","74":"product_tag-summer-breaks","75":"product_tag-teofilo-seyrig","76":"product_tag-tour","77":"product_tag-tour-algarve","78":"product_tag-tour-of-algarve","79":"product_tag-tour-of-the-algarve","80":"product_tag-tours","81":"product_tag-tours-algarve","82":"product_tag-tours-autoguidees","83":"product_tag-tours-portugal","84":"product_tag-tours-town","85":"product_tag-travel-algarve","86":"product_tag-travel-train-tour-in-portugal","87":"product_tag-trek-en-liberte","88":"product_tag-trek-solo","89":"product_tag-trekking-solo","90":"product_tag-unesco-world-heritage-site","91":"product_tag-via-algarviana","92":"product_tag-viana-do-castelo","93":"product_tag-vicentina","94":"product_tag-vineyards-and-terraces","95":"product_tag-visit-algarve","96":"product_tag-voyage-en-liberte","97":"product_tag-voyages-a-pied-en-liberte","98":"product_tag-voyages-en-autonomie","99":"product_tag-walking-tour","100":"product_tag-walks-porto","101":"product_tag-western-europe","102":"product_tag-wine-lovers","103":"product_tag-world-heritage-city","104":"product_tag-worlds-best-wines","106":"first","107":"instock","108":"virtual","109":"product-type-simple"},"acf":[],"yoast_head":"<!-- This site is optimized with the Yoast SEO Premium plugin v26.8 (Yoast SEO v27.4) - https:\/\/yoast.com\/product\/yoast-seo-premium-wordpress\/ -->\n<title>Self-guided Walking Holiday in Porto: City, Heritage &amp; Nature - Legendary Adventure DMC Portugal<\/title>\n<meta name=\"description\" content=\"A Self-guided Walking Holiday in Porto to explore the city that gave its name to Port wine. Includes beautiful coastal walks and visits to nearby cities.\" \/>\n<meta name=\"robots\" content=\"index, follow, max-snippet:-1, max-image-preview:large, max-video-preview:-1\" \/>\n<link rel=\"canonical\" href=\"https:\/\/legendatours.com\/fr\/produit\/porto-city-nature-1100s\/\" \/>\n<meta property=\"og:locale\" content=\"fr_FR\" \/>\n<meta property=\"og:type\" content=\"article\" \/>\n<meta property=\"og:title\" content=\"Self-guided Walking Holiday in Porto: City, Heritage &amp; Nature\" \/>\n<meta property=\"og:description\" content=\"A Self-guided Walking Holiday in Porto to explore the city that gave its name to Port wine. Includes beautiful coastal walks and visits to nearby cities.\" \/>\n<meta property=\"og:url\" content=\"https:\/\/legendatours.com\/fr\/produit\/porto-city-nature-1100s\/\" \/>\n<meta property=\"og:site_name\" content=\"Legendary Adventure DMC Portugal\" \/>\n<meta property=\"article:publisher\" content=\"https:\/\/www.facebook.com\/legendaryadventuredmc\/\" \/>\n<meta property=\"article:modified_time\" content=\"2022-01-02T22:52:40+00:00\" \/>\n<meta property=\"og:image\" content=\"https:\/\/legendatours.com\/wp-content\/uploads\/sites\/12\/2021\/04\/Porto-self-guided-walking-e1611680357605.jpg\" \/>\n\t<meta property=\"og:image:width\" content=\"1024\" \/>\n\t<meta property=\"og:image:height\" content=\"683\" \/>\n\t<meta property=\"og:image:type\" content=\"image\/jpeg\" \/>\n<meta name=\"twitter:card\" content=\"summary_large_image\" \/>\n<meta name=\"twitter:label1\" content=\"Dur\u00e9e de lecture estim\u00e9e\" \/>\n\t<meta name=\"twitter:data1\" content=\"4 minutes\" \/>\n<script type=\"application\/ld+json\" class=\"yoast-schema-graph\">{\"@context\":\"https:\\\/\\\/schema.org\",\"@graph\":[{\"@type\":\"WebPage\",\"@id\":\"https:\\\/\\\/legendatours.com\\\/product\\\/porto-city-nature-1100s\\\/\",\"url\":\"https:\\\/\\\/legendatours.com\\\/product\\\/porto-city-nature-1100s\\\/\",\"name\":\"Self-guided Walking Holiday in Porto: City, Heritage &amp; Nature - Legendary Adventure DMC Portugal\",\"isPartOf\":{\"@id\":\"https:\\\/\\\/legendatours.com\\\/#website\"},\"primaryImageOfPage\":{\"@id\":\"https:\\\/\\\/legendatours.com\\\/product\\\/porto-city-nature-1100s\\\/#primaryimage\"},\"image\":{\"@id\":\"https:\\\/\\\/legendatours.com\\\/product\\\/porto-city-nature-1100s\\\/#primaryimage\"},\"thumbnailUrl\":\"https:\\\/\\\/legendatours.com\\\/wp-content\\\/uploads\\\/sites\\\/12\\\/2021\\\/04\\\/Porto-self-guided-walking-e1611680357605.jpg\",\"datePublished\":\"2020-03-06T13:12:09+00:00\",\"dateModified\":\"2022-01-02T22:52:40+00:00\",\"description\":\"A Self-guided Walking Holiday in Porto to explore the city that gave its name to Port wine. Includes beautiful coastal walks and visits to nearby cities.\",\"breadcrumb\":{\"@id\":\"https:\\\/\\\/legendatours.com\\\/product\\\/porto-city-nature-1100s\\\/#breadcrumb\"},\"inLanguage\":\"fr-FR\",\"potentialAction\":[{\"@type\":\"ReadAction\",\"target\":[\"https:\\\/\\\/legendatours.com\\\/product\\\/porto-city-nature-1100s\\\/\"]}]},{\"@type\":\"ImageObject\",\"inLanguage\":\"fr-FR\",\"@id\":\"https:\\\/\\\/legendatours.com\\\/product\\\/porto-city-nature-1100s\\\/#primaryimage\",\"url\":\"https:\\\/\\\/legendatours.com\\\/wp-content\\\/uploads\\\/sites\\\/12\\\/2021\\\/04\\\/Porto-self-guided-walking-e1611680357605.jpg\",\"contentUrl\":\"https:\\\/\\\/legendatours.com\\\/wp-content\\\/uploads\\\/sites\\\/12\\\/2021\\\/04\\\/Porto-self-guided-walking-e1611680357605.jpg\",\"width\":1024,\"height\":683,\"caption\":\"Porto, old town skyline from across the Douro River\"},{\"@type\":\"BreadcrumbList\",\"@id\":\"https:\\\/\\\/legendatours.com\\\/product\\\/porto-city-nature-1100s\\\/#breadcrumb\",\"itemListElement\":[{\"@type\":\"ListItem\",\"position\":1,\"name\":\"Home\",\"item\":\"https:\\\/\\\/legendatours.com\\\/\"},{\"@type\":\"ListItem\",\"position\":2,\"name\":\"Shop\",\"item\":\"https:\\\/\\\/legendatours.com\\\/sv\\\/?page_id=4\"},{\"@type\":\"ListItem\",\"position\":3,\"name\":\"A Self-guided Walking Holiday in Porto crafted to explore the intriguing city that gave its name to Port wine. Grand historic buildings and magnificent churches rub shoulders with picturesque old quarters and a vibrant contemporary atmosphere.\"}]},{\"@type\":\"WebSite\",\"@id\":\"https:\\\/\\\/legendatours.com\\\/#website\",\"url\":\"https:\\\/\\\/legendatours.com\\\/\",\"name\":\"Legendary Adventure DMC Portugal\",\"description\":\"Responsible Walking &amp; Nature Holidays in Portugal\",\"publisher\":{\"@id\":\"https:\\\/\\\/legendatours.com\\\/#organization\"},\"alternateName\":\"Legendary Adventure Portugal\",\"potentialAction\":[{\"@type\":\"SearchAction\",\"target\":{\"@type\":\"EntryPoint\",\"urlTemplate\":\"https:\\\/\\\/legendatours.com\\\/?s={search_term_string}\"},\"query-input\":{\"@type\":\"PropertyValueSpecification\",\"valueRequired\":true,\"valueName\":\"search_term_string\"}}],\"inLanguage\":\"fr-FR\"},{\"@type\":\"Organization\",\"@id\":\"https:\\\/\\\/legendatours.com\\\/#organization\",\"name\":\"legendatours.com\",\"url\":\"https:\\\/\\\/legendatours.com\\\/\",\"logo\":{\"@type\":\"ImageObject\",\"inLanguage\":\"fr-FR\",\"@id\":\"https:\\\/\\\/legendatours.com\\\/#\\\/schema\\\/logo\\\/image\\\/\",\"url\":\"https:\\\/\\\/legendatours.com\\\/wp-content\\\/uploads\\\/sites\\\/12\\\/2021\\\/06\\\/legendary_adventure_dmc.png\",\"contentUrl\":\"https:\\\/\\\/legendatours.com\\\/wp-content\\\/uploads\\\/sites\\\/12\\\/2021\\\/06\\\/legendary_adventure_dmc.png\",\"width\":250,\"height\":74,\"caption\":\"legendatours.com\"},\"image\":{\"@id\":\"https:\\\/\\\/legendatours.com\\\/#\\\/schema\\\/logo\\\/image\\\/\"},\"sameAs\":[\"https:\\\/\\\/www.facebook.com\\\/legendaryadventuredmc\\\/\",\"https:\\\/\\\/www.linkedin.com\\\/company\\\/legendary-adventure-dmc-portugal\",\"https:\\\/\\\/www.youtube.com\\\/channel\\\/UCOIRDx_KM6ynIcacQkZjb6g\"]}]}<\/script>\n<!-- \/ Yoast SEO Premium plugin. -->","yoast_head_json":{"title":"Vacances \u00e0 pied autoguid\u00e9es \u00e0 Porto\u00a0: ville, patrimoine et nature - Aventure l\u00e9gendaire DMC Portugal","description":"Des vacances \u00e0 pied autoguid\u00e9es \u00e0 Porto pour explorer la ville qui a donn\u00e9 son nom au vin de Porto. Comprend de belles promenades c\u00f4ti\u00e8res et des visites dans les villes voisines.","robots":{"index":"index","follow":"follow","max-snippet":"max-snippet:-1","max-image-preview":"max-image-preview:large","max-video-preview":"max-video-preview:-1"},"canonical":"https:\/\/legendatours.com\/fr\/produit\/porto-city-nature-1100s\/","og_locale":"fr_FR","og_type":"article","og_title":"Self-guided Walking Holiday in Porto: City, Heritage &amp; Nature","og_description":"A Self-guided Walking Holiday in Porto to explore the city that gave its name to Port wine. Includes beautiful coastal walks and visits to nearby cities.","og_url":"https:\/\/legendatours.com\/fr\/produit\/porto-city-nature-1100s\/","og_site_name":"Legendary Adventure DMC Portugal","article_publisher":"https:\/\/www.facebook.com\/legendaryadventuredmc\/","article_modified_time":"2022-01-02T22:52:40+00:00","og_image":[{"width":1024,"height":683,"url":"https:\/\/legendatours.com\/wp-content\/uploads\/sites\/12\/2021\/04\/Porto-self-guided-walking-e1611680357605.jpg","type":"image\/jpeg"}],"twitter_card":"summary_large_image","twitter_misc":{"Dur\u00e9e de lecture estim\u00e9e":"4 minutes"},"schema":{"@context":"https:\/\/schema.org","@graph":[{"@type":"WebPage","@id":"https:\/\/legendatours.com\/product\/porto-city-nature-1100s\/","url":"https:\/\/legendatours.com\/product\/porto-city-nature-1100s\/","name":"Vacances \u00e0 pied autoguid\u00e9es \u00e0 Porto\u00a0: ville, patrimoine et nature - Aventure l\u00e9gendaire DMC Portugal","isPartOf":{"@id":"https:\/\/legendatours.com\/#website"},"primaryImageOfPage":{"@id":"https:\/\/legendatours.com\/product\/porto-city-nature-1100s\/#primaryimage"},"image":{"@id":"https:\/\/legendatours.com\/product\/porto-city-nature-1100s\/#primaryimage"},"thumbnailUrl":"https:\/\/legendatours.com\/wp-content\/uploads\/sites\/12\/2021\/04\/Porto-self-guided-walking-e1611680357605.jpg","datePublished":"2020-03-06T13:12:09+00:00","dateModified":"2022-01-02T22:52:40+00:00","description":"Des vacances \u00e0 pied autoguid\u00e9es \u00e0 Porto pour explorer la ville qui a donn\u00e9 son nom au vin de Porto. Comprend de belles promenades c\u00f4ti\u00e8res et des visites dans les villes voisines.","breadcrumb":{"@id":"https:\/\/legendatours.com\/product\/porto-city-nature-1100s\/#breadcrumb"},"inLanguage":"fr-FR","potentialAction":[{"@type":"ReadAction","target":["https:\/\/legendatours.com\/product\/porto-city-nature-1100s\/"]}]},{"@type":"ImageObject","inLanguage":"fr-FR","@id":"https:\/\/legendatours.com\/product\/porto-city-nature-1100s\/#primaryimage","url":"https:\/\/legendatours.com\/wp-content\/uploads\/sites\/12\/2021\/04\/Porto-self-guided-walking-e1611680357605.jpg","contentUrl":"https:\/\/legendatours.com\/wp-content\/uploads\/sites\/12\/2021\/04\/Porto-self-guided-walking-e1611680357605.jpg","width":1024,"height":683,"caption":"Porto, old town skyline from across the Douro River"},{"@type":"BreadcrumbList","@id":"https:\/\/legendatours.com\/product\/porto-city-nature-1100s\/#breadcrumb","itemListElement":[{"@type":"ListItem","position":1,"name":"Home","item":"https:\/\/legendatours.com\/"},{"@type":"ListItem","position":2,"name":"Shop","item":"https:\/\/legendatours.com\/sv\/?page_id=4"},{"@type":"ListItem","position":3,"name":"A Self-guided Walking Holiday in Porto crafted to explore the intriguing city that gave its name to Port wine. Grand historic buildings and magnificent churches rub shoulders with picturesque old quarters and a vibrant contemporary atmosphere."}]},{"@type":"WebSite","@id":"https:\/\/legendatours.com\/#website","url":"https:\/\/legendatours.com\/","name":"Aventure l\u00e9gendaire DMC Portugal","description":"Randonn\u00e9es responsables et vacances nature au Portugal","publisher":{"@id":"https:\/\/legendatours.com\/#organization"},"alternateName":"Legendary Adventure Portugal","potentialAction":[{"@type":"SearchAction","target":{"@type":"EntryPoint","urlTemplate":"https:\/\/legendatours.com\/?s={search_term_string}"},"query-input":{"@type":"PropertyValueSpecification","valueRequired":true,"valueName":"search_term_string"}}],"inLanguage":"fr-FR"},{"@type":"Organization","@id":"https:\/\/legendatours.com\/#organization","name":"legendatours.com","url":"https:\/\/legendatours.com\/","logo":{"@type":"ImageObject","inLanguage":"fr-FR","@id":"https:\/\/legendatours.com\/#\/schema\/logo\/image\/","url":"https:\/\/legendatours.com\/wp-content\/uploads\/sites\/12\/2021\/06\/legendary_adventure_dmc.png","contentUrl":"https:\/\/legendatours.com\/wp-content\/uploads\/sites\/12\/2021\/06\/legendary_adventure_dmc.png","width":250,"height":74,"caption":"legendatours.com"},"image":{"@id":"https:\/\/legendatours.com\/#\/schema\/logo\/image\/"},"sameAs":["https:\/\/www.facebook.com\/legendaryadventuredmc\/","https:\/\/www.linkedin.com\/company\/legendary-adventure-dmc-portugal","https:\/\/www.youtube.com\/channel\/UCOIRDx_KM6ynIcacQkZjb6g"]}]}},"_links":{"self":[{"href":"https:\/\/legendatours.com\/fr\/wp-json\/wp\/v2\/product\/8428","targetHints":{"allow":["GET"]}}],"collection":[{"href":"https:\/\/legendatours.com\/fr\/wp-json\/wp\/v2\/product"}],"about":[{"href":"https:\/\/legendatours.com\/fr\/wp-json\/wp\/v2\/types\/product"}],"replies":[{"embeddable":true,"href":"https:\/\/legendatours.com\/fr\/wp-json\/wp\/v2\/comments?post=8428"}],"wp:featuredmedia":[{"embeddable":true,"href":"https:\/\/legendatours.com\/fr\/wp-json\/wp\/v2\/media\/1774"}],"wp:attachment":[{"href":"https:\/\/legendatours.com\/fr\/wp-json\/wp\/v2\/media?parent=8428"}],"wp:term":[{"taxonomy":"product_brand","embeddable":true,"href":"https:\/\/legendatours.com\/fr\/wp-json\/wp\/v2\/product_brand?post=8428"},{"taxonomy":"product_cat","embeddable":true,"href":"https:\/\/legendatours.com\/fr\/wp-json\/wp\/v2\/product_cat?post=8428"},{"taxonomy":"product_tag","embeddable":true,"href":"https:\/\/legendatours.com\/fr\/wp-json\/wp\/v2\/product_tag?post=8428"}],"curies":[{"name":"wp","href":"https:\/\/api.w.org\/{rel}","templated":true}]}}