{"id":10874,"date":"2025-07-04T14:16:37","date_gmt":"2025-07-04T14:16:37","guid":{"rendered":"https:\/\/legendatours.com\/product\/cape-verde-hidden-gems-sightseeing-walking-cv1300g\/"},"modified":"2026-03-10T17:41:46","modified_gmt":"2026-03-10T17:41:46","slug":"cabo-verde-hidden-gems-cv1200g","status":"publish","type":"product","link":"https:\/\/legendatours.com\/nl\/product\/cabo-verde-hidden-gems-cv1200g\/","title":{"rendered":"Verborgen pareltjes van Kaapverdi\u00eb"},"content":{"rendered":"<div id=\"fws_69f4120ee563b\"  data-column-margin=\"default\" data-midnight=\"dark\"  class=\"wpb_row vc_row-fluid vc_row\"  style=\"padding-top: 0px; padding-bottom: 0px; \"><div class=\"row-bg-wrap\" data-bg-animation=\"none\" data-bg-animation-delay=\"\" data-bg-overlay=\"false\"><div class=\"inner-wrap row-bg-layer\" ><div class=\"row-bg viewport-desktop\"  style=\"\"><\/div><\/div><\/div><div class=\"row_col_wrap_12 col span_12 dark left\">\n\t<div  class=\"vc_col-sm-12 wpb_column column_container vc_column_container col no-extra-padding inherit_tablet inherit_phone flex_gap_desktop_10px\"  data-padding-pos=\"all\" data-has-bg-color=\"false\" data-bg-color=\"\" data-bg-opacity=\"1\" data-animation=\"\" data-delay=\"0\" >\n\t\t<div class=\"vc_column-inner\" >\n\t\t\t<div class=\"wpb_wrapper\">\n\t\t\t\t\n<div class=\"wpb_text_column wpb_content_element\" >\n\t<p><strong>Ons avontuur begint in Mindelo, gelegen op het eiland S\u00e3o Vicente. Mindelo staat bekend als de culturele hoofdstad van Kaapverdi\u00eb en kenmerkt zich door kleurrijke straten, livemuziek en rijke tradities. <\/strong><\/p>\n<p><strong>Na de bezienswaardigheden en geluiden van S\u00e3o Vicente in ons op te hebben genomen, maken we een schilderachtige veerboottocht naar het prachtige eiland Santo Ant\u00e3o. <\/strong><\/p>\n<p><strong>Terwijl we over het azuurblauwe water glijden, doemt een majestueus vulkanisch landschap op, dat een serene oase onthult die aanvoelt als een verborgen paradijs, zalig onaangetast door de massatoerisme. <\/strong><\/p>\n<p><strong>Tijdens ons verblijf op Santo Ant\u00e3o dompelen we ons onder in een verscheidenheid aan spectaculaire landschappen, waaronder imposante bergtoppen, charmante vissersdorpjes, tropische groene valleien en Sahara-achtige vergezichten. <\/strong><\/p>\n<p><strong>We genieten van lokale culinaire hoogstandjes en ontdekken de rijke culturele en natuurlijke schatten die deze afgelegen Atlantische eilanden te bieden hebben.<\/strong><\/p>\n<p><strong>\u00a0<\/strong><\/p>\n<p><strong>S\u00e3o Vicente, cultureel hart van Cabo Verde<\/strong><\/p>\n<p>Kom aan in Mindelo, waar je op elke hoek wel iets interessants zult vinden.<\/p>\n<p>Mindelo, geroemd als het culturele hart van de archipel en geboorteplaats van de legendarische morna-zangeres Ces\u00e1ria \u00c9vora, onderscheidt zich door haar levendige koloniale architectuur, artistieke ziel en nostalgische charme.<\/p>\n<div id=\"attachment_4367\" style=\"width: 1034px\" class=\"wp-caption alignnone\"><img loading=\"lazy\" decoding=\"async\" aria-describedby=\"caption-attachment-4367\" class=\"wp-image-4367 size-large\" src=\"https:\/\/legendatours.net\/wp-content\/uploads\/2025\/07\/35-1024x683.jpg\" alt=\"Walking in S\u00e3o Vicente Cape Verde\" width=\"1024\" height=\"683\" \/><p id=\"caption-attachment-4367\" class=\"wp-caption-text\">Nationaal Centrum voor Kunst, Ambachten en Design in Mindelo<\/p><\/div>\n<p>&nbsp;<\/p>\n<div id=\"attachment_4366\" style=\"width: 1034px\" class=\"wp-caption alignnone\"><img loading=\"lazy\" decoding=\"async\" aria-describedby=\"caption-attachment-4366\" class=\"wp-image-4366 size-large\" src=\"https:\/\/legendatours.net\/wp-content\/uploads\/2025\/07\/34-1024x683.jpg\" alt=\"Walking in S\u00e3o Vicente Cape Verde\" width=\"1024\" height=\"683\" \/><p id=\"caption-attachment-4366\" class=\"wp-caption-text\">Groenten- en fruitmarkt in Mindelo<\/p><\/div>\n<p>Het stadsstrand van Laginha, in een beschutte baai met turquoise water, is ideaal om je voeten in het water te laten zakken.<\/p>\n<p>De stad biedt een bruisend livemuziekleven, markten met handwerk en verse producten, interessante stadskunst en een diepwaterhaven, een eeuwenoud handelscentrum.<\/p>\n<div id=\"attachment_4330\" style=\"width: 1034px\" class=\"wp-caption alignnone\"><img loading=\"lazy\" decoding=\"async\" aria-describedby=\"caption-attachment-4330\" class=\"wp-image-4330 size-large\" src=\"https:\/\/legendatours.net\/wp-content\/uploads\/2025\/07\/33-1024x683.jpg\" alt=\"Cape Verde - Mindelo and Santo Ant\u00e3o Culture and Nature Walking Tour\" width=\"1024\" height=\"683\" \/><p id=\"caption-attachment-4330\" class=\"wp-caption-text\">Mindelo en uitzicht op Monte Cara<\/p><\/div>\n<p>&nbsp;<\/p>\n<div id=\"attachment_4363\" style=\"width: 1034px\" class=\"wp-caption alignnone\"><img loading=\"lazy\" decoding=\"async\" aria-describedby=\"caption-attachment-4363\" class=\"wp-image-4363 size-large\" src=\"https:\/\/legendatours.net\/wp-content\/uploads\/2025\/07\/31-1024x683.jpg\" alt=\"Walking in S\u00e3o Vicente Cape Verde\" width=\"1024\" height=\"683\" \/><p id=\"caption-attachment-4363\" class=\"wp-caption-text\">Ces\u00e1ria \u00c9vora-muurschildering in Mindelo door Vihls<\/p><\/div>\n<p>&nbsp;<\/p>\n<div id=\"attachment_4362\" style=\"width: 1034px\" class=\"wp-caption alignnone\"><img loading=\"lazy\" decoding=\"async\" aria-describedby=\"caption-attachment-4362\" class=\"wp-image-4362 size-large\" src=\"https:\/\/legendatours.net\/wp-content\/uploads\/2025\/07\/30-1024x683.jpg\" alt=\"Walking in S\u00e3o Vicente Cape Verde\" width=\"1024\" height=\"683\" \/><p id=\"caption-attachment-4362\" class=\"wp-caption-text\">Laginha, het stadsstrand van Mindelo, S\u00e3o Vicente<\/p><\/div>\n<p>Ook nu nog zien we de sporen van de rijke geschiedenis en de diverse culturen die door deze straten hebben gezworven.<\/p>\n<p>Naast de hoofdstad heeft S\u00e3o Vicente prachtige witte zandstranden waar je schildpadden kunt observeren en met ze kunt zwemmen.<\/p>\n<p><strong>\u00a0<\/strong><\/p>\n<p><strong>Santo Ant\u00e3o, het bergeiland<\/strong><\/p>\n<p>De volgende stop is Santo Ant\u00e3o. Als Cabo Verde een juweel zou zijn, zou Santo Ant\u00e3o de zeldzaamste en meest waardevolle diamant zijn.<\/p>\n<p>Van weelderige vegetatie en imposante bergtoppen tot paden die langs kliffen aan zee lopen of afdalen over vulkanische en agrarische hellingen: Santo Ant\u00e3o is een verloren paradijs.<\/p>\n<div id=\"attachment_4387\" style=\"width: 1034px\" class=\"wp-caption alignnone\"><img loading=\"lazy\" decoding=\"async\" aria-describedby=\"caption-attachment-4387\" class=\"wp-image-4387 size-large\" src=\"https:\/\/legendatours.net\/wp-content\/uploads\/2025\/07\/55-1024x683.jpg\" alt=\"Walking in Santo Ant\u00e3o Cape Verde\" width=\"1024\" height=\"683\" \/><p id=\"caption-attachment-4387\" class=\"wp-caption-text\">Fonta\u00ednhas is erkend als nationaal cultureel en natuurlijk erfgoed<\/p><\/div>\n<p>&nbsp;<\/p>\n<div id=\"attachment_4372\" style=\"width: 1034px\" class=\"wp-caption alignnone\"><img loading=\"lazy\" decoding=\"async\" aria-describedby=\"caption-attachment-4372\" class=\"wp-image-4372 size-large\" src=\"https:\/\/legendatours.net\/wp-content\/uploads\/2025\/07\/40-1024x683.jpg\" alt=\"Walking in Santo Ant\u00e3o Cape Verde\" width=\"1024\" height=\"683\" \/><p id=\"caption-attachment-4372\" class=\"wp-caption-text\">Wandelen in Santo Ant\u00e3o Cabo Verde<\/p><\/div>\n<p>Het is het complete tegenovergestelde van andere toeristische eilanden van Kaapverdi\u00eb, die bekendstaan als strandbestemmingen en om hun besloten luxe resorts.<\/p>\n<p>Hier vindt u geen gepolijste versie van Kaapverdi\u00eb; in plaats daarvan wordt u getrakteerd op authenticiteit en een zorgvuldig samengesteld reisschema met wandelingen en ervaringen in diverse en ongerepte landschappen.<\/p>\n<div id=\"attachment_4375\" style=\"width: 1034px\" class=\"wp-caption alignnone\"><img loading=\"lazy\" decoding=\"async\" aria-describedby=\"caption-attachment-4375\" class=\"wp-image-4375 size-large\" src=\"https:\/\/legendatours.net\/wp-content\/uploads\/2025\/07\/43-1024x683.jpg\" alt=\"Walking in Santo Ant\u00e3o Cape Verde\" width=\"1024\" height=\"683\" \/><p id=\"caption-attachment-4375\" class=\"wp-caption-text\">Productie van <em>grogue<\/em> in Santo Ant\u00e3o<\/p><\/div>\n<p>&nbsp;<\/p>\n<div id=\"attachment_4347\" style=\"width: 1034px\" class=\"wp-caption alignnone\"><img loading=\"lazy\" decoding=\"async\" aria-describedby=\"caption-attachment-4347\" class=\"wp-image-4347 size-large\" src=\"https:\/\/legendatours.net\/wp-content\/uploads\/2025\/07\/15-1024x683.jpg\" alt=\"Walking in Santo Ant\u00e3o Cape Verde\" width=\"1024\" height=\"683\" \/><p id=\"caption-attachment-4347\" class=\"wp-caption-text\">Pa\u00fal-vallei, Santo Ant\u00e3o<\/p><\/div>\n<p>&nbsp;<\/p>\n<div id=\"attachment_4376\" style=\"width: 1034px\" class=\"wp-caption alignnone\"><img loading=\"lazy\" decoding=\"async\" aria-describedby=\"caption-attachment-4376\" class=\"wp-image-4376 size-large\" src=\"https:\/\/legendatours.net\/wp-content\/uploads\/2025\/07\/44-1024x683.jpg\" alt=\"Walking in Santo Ant\u00e3o Cape Verde\" width=\"1024\" height=\"683\" \/><p id=\"caption-attachment-4376\" class=\"wp-caption-text\">Suikerrietoogst, Santo Ant\u00e3o Kaapverdi\u00eb<\/p><\/div>\n<p>&nbsp;<\/p>\n<div id=\"attachment_4337\" style=\"width: 1034px\" class=\"wp-caption alignnone\"><img loading=\"lazy\" decoding=\"async\" aria-describedby=\"caption-attachment-4337\" class=\"wp-image-4337 size-large\" src=\"https:\/\/legendatours.net\/wp-content\/uploads\/2025\/07\/5-1024x683.jpg\" alt=\"Walking in Santo Ant\u00e3o Cape Verde\" width=\"1024\" height=\"683\" \/><p id=\"caption-attachment-4337\" class=\"wp-caption-text\">Wandelen in Santo Ant\u00e3o Cabo Verde<\/p><\/div>\n<p>De spreekwoordelijke hartelijkheid en zachtaardigheid van de Kaapverdi\u00ebrs is hier nog authentieker. Voel de <em>Morabeza<\/em>!<\/p>\n<\/div>\n\n\n\n\n\t\t\t<\/div> \n\t\t<\/div>\n\t<\/div> \n<\/div><\/div>","protected":false},"excerpt":{"rendered":"<p>Ons avontuur begint in Mindelo, het culturele hart van Kaapverdi\u00eb. Na de bezienswaardigheden en geluiden van S\u00e3o Vicente te hebben bewonderd, maken we een schilderachtige veerboottocht naar het prachtige eiland Santo Ant\u00e3o, een serene oase die aanvoelt als een verborgen paradijs, heerlijk onaangetast door de massatoerisme.<\/p>","protected":false},"featured_media":10865,"comment_status":"closed","ping_status":"closed","template":"","meta":{"_acf_changed":false,"inline_featured_image":false},"product_brand":[],"product_cat":[1158],"product_tag":[],"class_list":{"0":"post-10874","1":"product","2":"type-product","3":"status-publish","4":"has-post-thumbnail","6":"product_cat-cabo-verde-walking-group-tours","8":"first","9":"instock","10":"featured","11":"virtual","12":"product-type-simple"},"acf":[],"yoast_head":"<!-- This site is optimized with the Yoast SEO Premium plugin v26.8 (Yoast SEO v27.5) - https:\/\/yoast.com\/product\/yoast-seo-premium-wordpress\/ -->\n<title>Cabo Verde Hidden Gems - Legendary Adventure DMC Portugal<\/title>\n<meta name=\"robots\" content=\"index, follow, max-snippet:-1, max-image-preview:large, max-video-preview:-1\" \/>\n<link rel=\"canonical\" href=\"https:\/\/legendatours.com\/nl\/product\/cabo-verde-hidden-gems-cv1200g\/\" \/>\n<meta property=\"og:locale\" content=\"nl_NL\" \/>\n<meta property=\"og:type\" content=\"article\" \/>\n<meta property=\"og:title\" content=\"Cabo Verde Hidden Gems\" \/>\n<meta property=\"og:description\" content=\"Our adventure begins in Mindelo, the cultural heart of Cabo Verde. After soaking in the sights and sounds of S\u00e3o Vicente, we take a scenic ferry ride to the stunning Island of Santo Ant\u00e3o,\u00a0a serene haven that feels like a secret paradise, blissfully untouched by the crowds of mass tourism.\" \/>\n<meta property=\"og:url\" content=\"https:\/\/legendatours.com\/nl\/product\/cabo-verde-hidden-gems-cv1200g\/\" \/>\n<meta property=\"og:site_name\" content=\"Legendary Adventure DMC Portugal\" \/>\n<meta property=\"article:publisher\" content=\"https:\/\/www.facebook.com\/legendaryadventuredmc\/\" \/>\n<meta property=\"article:modified_time\" content=\"2026-03-10T17:41:46+00:00\" \/>\n<meta property=\"og:image\" content=\"https:\/\/legendatours.com\/wp-content\/uploads\/sites\/12\/2025\/07\/24.jpg\" \/>\n\t<meta property=\"og:image:width\" content=\"1800\" \/>\n\t<meta property=\"og:image:height\" content=\"1200\" \/>\n\t<meta property=\"og:image:type\" content=\"image\/jpeg\" \/>\n<meta name=\"twitter:card\" content=\"summary_large_image\" \/>\n<meta name=\"twitter:label1\" content=\"Geschatte leestijd\" \/>\n\t<meta name=\"twitter:data1\" content=\"4 minuten\" \/>\n<script type=\"application\/ld+json\" class=\"yoast-schema-graph\">{\"@context\":\"https:\\\/\\\/schema.org\",\"@graph\":[{\"@type\":\"WebPage\",\"@id\":\"https:\\\/\\\/legendatours.com\\\/product\\\/cabo-verde-hidden-gems-cv1200g\\\/\",\"url\":\"https:\\\/\\\/legendatours.com\\\/product\\\/cabo-verde-hidden-gems-cv1200g\\\/\",\"name\":\"Cabo Verde Hidden Gems - Legendary Adventure DMC Portugal\",\"isPartOf\":{\"@id\":\"https:\\\/\\\/legendatours.com\\\/#website\"},\"primaryImageOfPage\":{\"@id\":\"https:\\\/\\\/legendatours.com\\\/product\\\/cabo-verde-hidden-gems-cv1200g\\\/#primaryimage\"},\"image\":{\"@id\":\"https:\\\/\\\/legendatours.com\\\/product\\\/cabo-verde-hidden-gems-cv1200g\\\/#primaryimage\"},\"thumbnailUrl\":\"https:\\\/\\\/legendatours.com\\\/wp-content\\\/uploads\\\/sites\\\/12\\\/2025\\\/07\\\/24.jpg\",\"datePublished\":\"2025-07-04T14:16:37+00:00\",\"dateModified\":\"2026-03-10T17:41:46+00:00\",\"breadcrumb\":{\"@id\":\"https:\\\/\\\/legendatours.com\\\/product\\\/cabo-verde-hidden-gems-cv1200g\\\/#breadcrumb\"},\"inLanguage\":\"nl-NL\",\"potentialAction\":[{\"@type\":\"ReadAction\",\"target\":[\"https:\\\/\\\/legendatours.com\\\/product\\\/cabo-verde-hidden-gems-cv1200g\\\/\"]}]},{\"@type\":\"ImageObject\",\"inLanguage\":\"nl-NL\",\"@id\":\"https:\\\/\\\/legendatours.com\\\/product\\\/cabo-verde-hidden-gems-cv1200g\\\/#primaryimage\",\"url\":\"https:\\\/\\\/legendatours.com\\\/wp-content\\\/uploads\\\/sites\\\/12\\\/2025\\\/07\\\/24.jpg\",\"contentUrl\":\"https:\\\/\\\/legendatours.com\\\/wp-content\\\/uploads\\\/sites\\\/12\\\/2025\\\/07\\\/24.jpg\",\"width\":1800,\"height\":1200},{\"@type\":\"BreadcrumbList\",\"@id\":\"https:\\\/\\\/legendatours.com\\\/product\\\/cabo-verde-hidden-gems-cv1200g\\\/#breadcrumb\",\"itemListElement\":[{\"@type\":\"ListItem\",\"position\":1,\"name\":\"Home\",\"item\":\"https:\\\/\\\/legendatours.com\\\/\"},{\"@type\":\"ListItem\",\"position\":2,\"name\":\"Shop\",\"item\":\"https:\\\/\\\/legendatours.com\\\/sv\\\/?page_id=4\"},{\"@type\":\"ListItem\",\"position\":3,\"name\":\"Cabo Verde Hidden Gems\"}]},{\"@type\":\"WebSite\",\"@id\":\"https:\\\/\\\/legendatours.com\\\/#website\",\"url\":\"https:\\\/\\\/legendatours.com\\\/\",\"name\":\"Legendary Adventure DMC Portugal\",\"description\":\"Responsible Walking &amp; Nature Holidays in Portugal\",\"publisher\":{\"@id\":\"https:\\\/\\\/legendatours.com\\\/#organization\"},\"alternateName\":\"Legendary Adventure Portugal\",\"potentialAction\":[{\"@type\":\"SearchAction\",\"target\":{\"@type\":\"EntryPoint\",\"urlTemplate\":\"https:\\\/\\\/legendatours.com\\\/?s={search_term_string}\"},\"query-input\":{\"@type\":\"PropertyValueSpecification\",\"valueRequired\":true,\"valueName\":\"search_term_string\"}}],\"inLanguage\":\"nl-NL\"},{\"@type\":\"Organization\",\"@id\":\"https:\\\/\\\/legendatours.com\\\/#organization\",\"name\":\"legendatours.com\",\"url\":\"https:\\\/\\\/legendatours.com\\\/\",\"logo\":{\"@type\":\"ImageObject\",\"inLanguage\":\"nl-NL\",\"@id\":\"https:\\\/\\\/legendatours.com\\\/#\\\/schema\\\/logo\\\/image\\\/\",\"url\":\"https:\\\/\\\/legendatours.com\\\/wp-content\\\/uploads\\\/sites\\\/12\\\/2021\\\/06\\\/legendary_adventure_dmc.png\",\"contentUrl\":\"https:\\\/\\\/legendatours.com\\\/wp-content\\\/uploads\\\/sites\\\/12\\\/2021\\\/06\\\/legendary_adventure_dmc.png\",\"width\":250,\"height\":74,\"caption\":\"legendatours.com\"},\"image\":{\"@id\":\"https:\\\/\\\/legendatours.com\\\/#\\\/schema\\\/logo\\\/image\\\/\"},\"sameAs\":[\"https:\\\/\\\/www.facebook.com\\\/legendaryadventuredmc\\\/\",\"https:\\\/\\\/www.linkedin.com\\\/company\\\/legendary-adventure-dmc-portugal\",\"https:\\\/\\\/www.youtube.com\\\/channel\\\/UCOIRDx_KM6ynIcacQkZjb6g\"]}]}<\/script>\n<!-- \/ Yoast SEO Premium plugin. -->","yoast_head_json":{"title":"Cabo Verde Hidden Gems - Legendary Adventure DMC Portugal","robots":{"index":"index","follow":"follow","max-snippet":"max-snippet:-1","max-image-preview":"max-image-preview:large","max-video-preview":"max-video-preview:-1"},"canonical":"https:\/\/legendatours.com\/nl\/product\/cabo-verde-hidden-gems-cv1200g\/","og_locale":"nl_NL","og_type":"article","og_title":"Cabo Verde Hidden Gems","og_description":"Our adventure begins in Mindelo, the cultural heart of Cabo Verde. After soaking in the sights and sounds of S\u00e3o Vicente, we take a scenic ferry ride to the stunning Island of Santo Ant\u00e3o,\u00a0a serene haven that feels like a secret paradise, blissfully untouched by the crowds of mass tourism.","og_url":"https:\/\/legendatours.com\/nl\/product\/cabo-verde-hidden-gems-cv1200g\/","og_site_name":"Legendary Adventure DMC Portugal","article_publisher":"https:\/\/www.facebook.com\/legendaryadventuredmc\/","article_modified_time":"2026-03-10T17:41:46+00:00","og_image":[{"width":1800,"height":1200,"url":"https:\/\/legendatours.com\/wp-content\/uploads\/sites\/12\/2025\/07\/24.jpg","type":"image\/jpeg"}],"twitter_card":"summary_large_image","twitter_misc":{"Geschatte leestijd":"4 minuten"},"schema":{"@context":"https:\/\/schema.org","@graph":[{"@type":"WebPage","@id":"https:\/\/legendatours.com\/product\/cabo-verde-hidden-gems-cv1200g\/","url":"https:\/\/legendatours.com\/product\/cabo-verde-hidden-gems-cv1200g\/","name":"Cabo Verde Hidden Gems - Legendary Adventure DMC Portugal","isPartOf":{"@id":"https:\/\/legendatours.com\/#website"},"primaryImageOfPage":{"@id":"https:\/\/legendatours.com\/product\/cabo-verde-hidden-gems-cv1200g\/#primaryimage"},"image":{"@id":"https:\/\/legendatours.com\/product\/cabo-verde-hidden-gems-cv1200g\/#primaryimage"},"thumbnailUrl":"https:\/\/legendatours.com\/wp-content\/uploads\/sites\/12\/2025\/07\/24.jpg","datePublished":"2025-07-04T14:16:37+00:00","dateModified":"2026-03-10T17:41:46+00:00","breadcrumb":{"@id":"https:\/\/legendatours.com\/product\/cabo-verde-hidden-gems-cv1200g\/#breadcrumb"},"inLanguage":"nl-NL","potentialAction":[{"@type":"ReadAction","target":["https:\/\/legendatours.com\/product\/cabo-verde-hidden-gems-cv1200g\/"]}]},{"@type":"ImageObject","inLanguage":"nl-NL","@id":"https:\/\/legendatours.com\/product\/cabo-verde-hidden-gems-cv1200g\/#primaryimage","url":"https:\/\/legendatours.com\/wp-content\/uploads\/sites\/12\/2025\/07\/24.jpg","contentUrl":"https:\/\/legendatours.com\/wp-content\/uploads\/sites\/12\/2025\/07\/24.jpg","width":1800,"height":1200},{"@type":"BreadcrumbList","@id":"https:\/\/legendatours.com\/product\/cabo-verde-hidden-gems-cv1200g\/#breadcrumb","itemListElement":[{"@type":"ListItem","position":1,"name":"Home","item":"https:\/\/legendatours.com\/"},{"@type":"ListItem","position":2,"name":"Shop","item":"https:\/\/legendatours.com\/sv\/?page_id=4"},{"@type":"ListItem","position":3,"name":"Cabo Verde Hidden Gems"}]},{"@type":"WebSite","@id":"https:\/\/legendatours.com\/#website","url":"https:\/\/legendatours.com\/","name":"Legendarisch avontuur DMC Portugal","description":"Verantwoorde wandel- en natuurvakanties in Portugal","publisher":{"@id":"https:\/\/legendatours.com\/#organization"},"alternateName":"Legendary Adventure Portugal","potentialAction":[{"@type":"SearchAction","target":{"@type":"EntryPoint","urlTemplate":"https:\/\/legendatours.com\/?s={search_term_string}"},"query-input":{"@type":"PropertyValueSpecification","valueRequired":true,"valueName":"search_term_string"}}],"inLanguage":"nl-NL"},{"@type":"Organization","@id":"https:\/\/legendatours.com\/#organization","name":"legendatours.com","url":"https:\/\/legendatours.com\/","logo":{"@type":"ImageObject","inLanguage":"nl-NL","@id":"https:\/\/legendatours.com\/#\/schema\/logo\/image\/","url":"https:\/\/legendatours.com\/wp-content\/uploads\/sites\/12\/2021\/06\/legendary_adventure_dmc.png","contentUrl":"https:\/\/legendatours.com\/wp-content\/uploads\/sites\/12\/2021\/06\/legendary_adventure_dmc.png","width":250,"height":74,"caption":"legendatours.com"},"image":{"@id":"https:\/\/legendatours.com\/#\/schema\/logo\/image\/"},"sameAs":["https:\/\/www.facebook.com\/legendaryadventuredmc\/","https:\/\/www.linkedin.com\/company\/legendary-adventure-dmc-portugal","https:\/\/www.youtube.com\/channel\/UCOIRDx_KM6ynIcacQkZjb6g"]}]}},"_links":{"self":[{"href":"https:\/\/legendatours.com\/nl\/wp-json\/wp\/v2\/product\/10874","targetHints":{"allow":["GET"]}}],"collection":[{"href":"https:\/\/legendatours.com\/nl\/wp-json\/wp\/v2\/product"}],"about":[{"href":"https:\/\/legendatours.com\/nl\/wp-json\/wp\/v2\/types\/product"}],"replies":[{"embeddable":true,"href":"https:\/\/legendatours.com\/nl\/wp-json\/wp\/v2\/comments?post=10874"}],"wp:featuredmedia":[{"embeddable":true,"href":"https:\/\/legendatours.com\/nl\/wp-json\/wp\/v2\/media\/10865"}],"wp:attachment":[{"href":"https:\/\/legendatours.com\/nl\/wp-json\/wp\/v2\/media?parent=10874"}],"wp:term":[{"taxonomy":"product_brand","embeddable":true,"href":"https:\/\/legendatours.com\/nl\/wp-json\/wp\/v2\/product_brand?post=10874"},{"taxonomy":"product_cat","embeddable":true,"href":"https:\/\/legendatours.com\/nl\/wp-json\/wp\/v2\/product_cat?post=10874"},{"taxonomy":"product_tag","embeddable":true,"href":"https:\/\/legendatours.com\/nl\/wp-json\/wp\/v2\/product_tag?post=10874"}],"curies":[{"name":"wp","href":"https:\/\/api.w.org\/{rel}","templated":true}]}}