{"id":7599,"date":"2020-08-07T14:33:13","date_gmt":"2020-08-07T14:33:13","guid":{"rendered":"https:\/\/legendatours.com\/product\/the-best-of-portugal-by-coach\/"},"modified":"2021-09-17T12:53:34","modified_gmt":"2021-09-17T12:53:34","slug":"the-best-of-portugal-by-coach-6100g","status":"publish","type":"product","link":"https:\/\/legendatours.com\/nl\/product\/the-best-of-portugal-by-coach-6100g\/","title":{"rendered":"Het beste van Portugal per touringcar"},"content":{"rendered":"<p><strong>Groepen geaccepteerd met een minimum van 6 personen.<\/strong><\/p>\n<p><em>Optioneel: 15-daagse tour \/ 8-daagse tour<\/em><\/p>\n<p>&nbsp;<\/p>\n<p>Deze fantasierijk ontworpen tour is een levend reisverslag door het beste van Portugal.<\/p>\n<p>We reizen door de culturele geschiedenis van dit fascinerende land van de stranden en dramatische kliffen van de Algarve, oude dorpen en hoge bergen in het binnenland tot het verre noorden waar Portugal werd geboren.<\/p>\n<p>Onderweg bezoeken we iconische steden en monumenten, waarderen we het fantastische landschap en genieten we van heerlijk eten en wijn.<\/p>\n<p>Onze vakantie in meerdere centra geeft u de mogelijkheid om veel van Portugal&#039;s UNESCO-werelderfgoedlocaties te bezoeken en de enorme culturele diversiteit te verkennen terwijl u ontspant in een goed geplande reisroute die een breed scala aan bezienswaardigheden omvat.<\/p>\n<div id=\"attachment_2451\" style=\"width: 1034px\" class=\"wp-caption alignnone\"><img loading=\"lazy\" decoding=\"async\" aria-describedby=\"caption-attachment-2451\" class=\"wp-image-2451 size-large\" title=\"Faro Old Town - Historisch en versterkt stadscentrum\" src=\"https:\/\/legendatours.net\/wp-content\/uploads\/2020\/06\/faro_old_town-1-1024x683.jpg\" alt=\"Faro Old Town - Historic and fortified city center\" width=\"1024\" height=\"683\" \/><p id=\"caption-attachment-2451\" class=\"wp-caption-text\"><a href=\"..\/..\/?s=faro\" target=\"_blank\" rel=\"noopener\">Faro<\/a> Old Town \u2013 Historisch en versterkt stadscentrum. Het oudste deel van Faro, dit charmante gebied staat garant voor een aangename wandeling en geweldige foto&#039;s.<\/p><\/div>\n<p>We bieden je de mogelijkheid van een rondreis die begint en eindigt in Faro, een verblijf van 15 dagen, of een rondreis van 8 dagen, beginnend in Porto en eindigend in Faro.<\/p>\n<p>U zult op korte afstand een uitzonderlijk scala aan verschillende landschappen ervaren, veel interessante locaties en uniek cultureel erfgoed, waar traditie en moderniteit in perfecte harmonie samenvloeien. Om nog maar te zwijgen van een voortreffelijke keuken, heerlijke wijnen en gastvrije mensen die deze tour tot de beste vakantie zullen maken die je ooit hebt gehad.<\/p>\n<div id=\"attachment_2706\" style=\"width: 1034px\" class=\"wp-caption alignnone\"><img loading=\"lazy\" decoding=\"async\" aria-describedby=\"caption-attachment-2706\" class=\"size-full wp-image-2706\" src=\"https:\/\/legendatours.net\/wp-content\/uploads\/2020\/07\/evora-e1611683562286.jpg\" alt=\"\u00c9vora is one of the best tourist destinations of central Portugal\" width=\"1024\" height=\"576\" \/><p id=\"caption-attachment-2706\" class=\"wp-caption-text\">\u00c9vora is een van de beste toeristische bestemmingen in centraal Portugal<\/p><\/div>\n<p>Kelten, Romeinen, Visigoten, Moren en Christenen hebben allemaal hun sporen achtergelaten in Portugal. Tijdens deze tour kun je de zonsondergang over mysterieuze megalieten buiten \u00c9vora zien of jezelf verliezen in de uitgebreide gangen van de Tempeliersmonumenten, tegenwoordig Unesco-werelderfgoedlocaties in Tomar, Alcoba\u00e7a of Batalha. Je bezoekt paleizen boven met mist bedekte bossen en steile klifkastelen in Sintra en Bu\u00e7aco, en kijkt naar verbluffend goed bewaard gebleven middeleeuwse stadscentra in \u00c9vora, Guimar\u00e3es en Porto. Het rijke joodse erfgoed in de dorpen Castelo de Vide en Belmonte zal velen verbazen.<\/p>\n<p>Onze tour begint in Faro en we reizen door de verborgen en minder bekende Algarve naar de grote vlaktes van de Alentejo, de thuisbasis van geweldige gastronomie en overtreffende trap wijnen.<\/p>\n<div id=\"attachment_2750\" style=\"width: 1034px\" class=\"wp-caption alignnone\"><img loading=\"lazy\" decoding=\"async\" aria-describedby=\"caption-attachment-2750\" class=\"wp-image-2750 size-large\" title=\"Tom\u00e1r. Deze stad wordt vaak omschreven als de juwelen van Portugal dankzij het schilderachtige landschap en de met geschiedenis gevulde muren.\" src=\"https:\/\/legendatours.net\/wp-content\/uploads\/2020\/07\/tomar-1024x677.jpg\" alt=\"Tomar center\" width=\"1024\" height=\"677\" \/><p id=\"caption-attachment-2750\" class=\"wp-caption-text\"><a href=\"..\/..\/?s=tomar\" target=\"_blank\" rel=\"noopener\">Tomar<\/a>. Deze stad wordt vaak omschreven als de juwelen van Portugal dankzij het schilderachtige landschap en de met geschiedenis gevulde muren.<\/p><\/div>\n<p>We verblijven in de gastronomie, een heerlijke stad die Portugese charme uitstraalt en beschikt over een breed scala aan fascinerende historische monumenten.<\/p>\n<p>Portalegre, ons volgende centrum zal de toegangspoort zijn om Marv\u00e3o en Castelo de Vide te bezoeken, waar we op de kantelen van oude kastelen staan en uitkijken over Spanje.<\/p>\n<p>Terwijl we naar het noorden reizen, verrijken bezoeken aan Castelo Branco, Belmonte en Lamego onze reis met hun diepe culturele erfgoed.<\/p>\n<p>Dan opent zich dramatisch voor ons de prachtige Douro-vallei van de portwijn, waar terrasvormige wijngaarden de zwaartekracht lijken te trotseren terwijl ze hoog boven de rivier uittorenen. De Douro-vallei is onze toegangspoort tot het noorden waar Portugal werd geboren.<\/p>\n<div id=\"attachment_2556\" style=\"width: 1210px\" class=\"wp-caption alignnone\"><img loading=\"lazy\" decoding=\"async\" aria-describedby=\"caption-attachment-2556\" class=\"size-full wp-image-2556\" src=\"https:\/\/legendatours.net\/wp-content\/uploads\/2020\/06\/castel_guimaraes.jpg\" alt=\"Castle of Guimaraes\" width=\"1200\" height=\"675\" \/><p id=\"caption-attachment-2556\" class=\"wp-caption-text\">Kasteel van Guimares<\/p><\/div>\n<p>We bezoeken Vila Real en Guimar\u00e3es, waar eeuwen geleden Portugal werd uitgeroepen tot een onafhankelijk koninkrijk en de thuisbasis van de eerste koning.<\/p>\n<p>Vervolgens reizen we door een lappendeken van velden en Vinho Verde-wijngaarden naar Viana do Castelo, de parel van het noorden.<\/p>\n<p>Onze eerste week eindigt in Porto, de onoverwinnelijke stad. Hier kunnen we ontspannen en genieten van deze iconische stad in het noorden.<\/p>\n<p>Vanuit Porto gaan we naar het zuiden aan de Atlantische kant van Portugal richting Coimbra, waar we stoppen om te genieten van het bos en de tuinen van Bu\u00e7aco en natuurlijk van Conimbriga, misschien wel het meest weelderige voorbeeld van Romeinse decadentie.<\/p>\n<p>We hebben het geluk dat we twee nachten in de opmerkelijke en mooie stad Tomar kunnen verblijven, zodat we het beroemde Tempeliersklooster van Christus kunnen bezoeken.<\/p>\n<p>Bezoeken in de buurt zijn onder meer het ontzagwekkende klooster van Batalha en het meer intieme en charmante, maar niet minder grootse, Mosteiro de Alcoba\u00e7a.<\/p>\n<div id=\"attachment_3794\" style=\"width: 1034px\" class=\"wp-caption alignnone\"><img loading=\"lazy\" decoding=\"async\" aria-describedby=\"caption-attachment-3794\" class=\"wp-image-3794 size-large\" title=\"Batalha Abdij kloosters. Het Dominicaanse klooster van Batalha is een van de absolute meesterwerken van de gotische kunst in Portugal\" src=\"https:\/\/legendatours.net\/wp-content\/uploads\/2020\/09\/Batalha-Abbey-cloisters-1024x692.jpg\" alt=\"Batalha Abbey cloisters\" width=\"1024\" height=\"692\" \/><p id=\"caption-attachment-3794\" class=\"wp-caption-text\">Batalha Abdij kloosters. Het Dominicaanse klooster van Batalha is een van de absolute meesterwerken van de gotische kunst in Portugal<\/p><\/div>\n<p>Als we verder zuidwaarts rijden naar Lissabon, is een bezoek aan \u00d3bidos, de bekendste ommuurde stad van Portugal, een must.<\/p>\n<p>Nog twee overnachtingen in Lissabon zullen ons in staat stellen om te genieten van de levendige levensstijl, monumenten en attracties van deze geweldige stad.<\/p>\n<p>Lissabon, een van Europa&#039;s meest charismatische steden, is nu terecht een van de meest bezochte steden in Europa. Het staat vol met culturele hoogtepunten en monumenten en heeft een gevarieerd en dynamisch nachtleven, van traditionele Fado-bars tot moderne locaties in de Chiado, Alfama en de rivier de Taag.<\/p>\n<div id=\"attachment_2504\" style=\"width: 1154px\" class=\"wp-caption alignnone\"><img loading=\"lazy\" decoding=\"async\" aria-describedby=\"caption-attachment-2504\" class=\"size-full wp-image-2504\" src=\"https:\/\/legendatours.net\/wp-content\/uploads\/2020\/03\/belem_tower.jpg\" alt=\"Portugal\u2019s UNESCO World Heritage Sites\" width=\"1144\" height=\"800\" \/><p id=\"caption-attachment-2504\" class=\"wp-caption-text\">Belemtoren, Lissabon<\/p><\/div>\n<p>In het zonnige zuiden is het rijke Moorse erfgoed overal aanwezig, en we hebben de mogelijkheid om Sagres te bezoeken, gelegen op een landtong met uitzicht op een pittoreske haven. Prins Hendrik de Zeevaarder begon hier in de 15e eeuw aan de ontdekkingsreizen van Portugal.<\/p>\n<p>Verder naar het zuiden bezoeken we Alc\u00e1cer do Sal, een oude Moorse stad omringd door rijstvelden, voordat we eindigen in Silves, de oude hoofdstad van de Algarve. Vanaf hier kunnen we Lagos, Sagres en Cabo de S Vincente bezoeken, ooit het einde van de bekende wereld.<\/p>\n<p>Dit alles en nog veel meer wachten op je tijdens deze prachtige, diepgaande Portugal-tour!<\/p>\n<div class=\"row\" style=\"display: flex;\">\n<div class=\"column\" style=\"flex: 45%;\">\n<p><iframe loading=\"lazy\" title=\"FARO - Promotievideo 2016 (NL)\" width=\"1080\" height=\"608\" src=\"https:\/\/www.youtube.com\/embed\/HavaBNafrVc?feature=oembed\" frameborder=\"0\" allow=\"accelerometer; autoplay; clipboard-write; encrypted-media; gyroscope; picture-in-picture\" allowfullscreen><\/iframe><\/p>\n<\/div>\n<div class=\"column\" style=\"flex: 10%;\"><\/div>\n<div class=\"column\" style=\"flex: 45%;\">\n<p><iframe loading=\"lazy\" title=\"Portugal zoals nooit eerder gezien (erfgoed)\" width=\"1080\" height=\"608\" src=\"https:\/\/www.youtube.com\/embed\/AwMagvRIWhc?list=PLuMAo-oYl9zgZ7THp1rusNGKOkYZUOfhp\" frameborder=\"0\" allow=\"accelerometer; autoplay; clipboard-write; encrypted-media; gyroscope; picture-in-picture\" allowfullscreen><\/iframe><\/p>\n<\/div>\n<\/div>","protected":false},"excerpt":{"rendered":"<p>Deze fantasierijk ontworpen tour is een levend reisverslag door het beste van Portugal.<\/p>\n<p>We reizen door de culturele geschiedenis van dit fascinerende land van de stranden en dramatische kliffen van de Algarve, oude dorpen en hoge bergen in het binnenland tot het verre noorden waar Portugal werd geboren.<\/p>\n<p>Onderweg bezoeken we iconische steden en monumenten, waarderen we het fantastische landschap en genieten we van heerlijk eten en wijn.<\/p>\n<p>Onze vakantie in meerdere centra geeft u de mogelijkheid om veel van Portugal&#039;s UNESCO-werelderfgoedlocaties te bezoeken en de enorme culturele diversiteit te verkennen terwijl u ontspant in een goed geplande reisroute die een breed scala aan bezienswaardigheden omvat.<\/p>\n<p>We bieden je de mogelijkheid van een rondreis die begint en eindigt in Faro, een verblijf van 15 dagen, of een rondreis van 8 dagen, beginnend in Porto en eindigend in Faro.<\/p>","protected":false},"featured_media":1691,"comment_status":"closed","ping_status":"closed","template":"","meta":{"_acf_changed":false,"inline_featured_image":false},"product_brand":[],"product_cat":[32,329,28,29,30],"product_tag":[330,331,332,211,147,212,333,183,334,335,336,213,267,36,214,337,40,84,85,215,268,338,130,46,339,117,217,131,53,197,138,55,340,223,56,57,60,341,64,65,342,343,278,344,207,71,345,233,346],"class_list":{"0":"post-7599","1":"product","2":"type-product","3":"status-publish","4":"has-post-thumbnail","6":"product_cat-cultural-tours-and-holidays-in-portugal","7":"product_cat-guided-coach-tours-in-portugal","8":"product_cat-guided-group-tours","9":"product_cat-portugal-guided-historical-holidays","10":"product_cat-guided-sightseeing-holidays-portugal","11":"product_tag-alcacer-do-sal","12":"product_tag-alcobaca","13":"product_tag-alenteho","14":"product_tag-alentejo-landscape","15":"product_tag-algarve","16":"product_tag-ancient-buildings","17":"product_tag-ancient-churches","18":"product_tag-ancient-villages-and-castles","19":"product_tag-batalha","20":"product_tag-bucaco-hills","21":"product_tag-bus-trip","22":"product_tag-castelo-de-vide","23":"product_tag-coimbra","24":"product_tag-cultural-heritage","25":"product_tag-culture","26":"product_tag-delicious-food","27":"product_tag-douro-valley","28":"product_tag-dramatic-beauty-of-the-atlantic-coast","29":"product_tag-dramatic-cliffs","30":"product_tag-evora","31":"product_tag-faro","32":"product_tag-food-and-wines-are-tasty","33":"product_tag-gastronomy","34":"product_tag-gastronomy-and-wines","35":"product_tag-guided-tour-by-coach","36":"product_tag-guimaraes","37":"product_tag-heritage","38":"product_tag-heritage-in-lisbon","39":"product_tag-historical-monuments-in-lisbon","40":"product_tag-knights-templar","41":"product_tag-lisbon","42":"product_tag-local-gastronomy","43":"product_tag-megalithic-monuments","44":"product_tag-monuments","45":"product_tag-oporto","46":"product_tag-porto","47":"product_tag-portugal","48":"product_tag-portugal-great-food-and-wine","49":"product_tag-roman-and-arab-vestiges","50":"product_tag-roman-vestiges","51":"product_tag-seafood","52":"product_tag-silves","53":"product_tag-sintra","54":"product_tag-templars-knights","55":"product_tag-tomar","56":"product_tag-unesco-world-heritage-site","57":"product_tag-vineyards","58":"product_tag-world-heritage","59":"product_tag-world-heritage-city","61":"first","62":"instock","63":"virtual","64":"product-type-simple"},"acf":[],"yoast_head":"<!-- This site is optimized with the Yoast SEO Premium plugin v26.8 (Yoast SEO v27.4) - https:\/\/yoast.com\/product\/yoast-seo-premium-wordpress\/ -->\n<title>The Best of Portugal by Coach - Legendary Adventure DMC Portugal<\/title>\n<meta name=\"robots\" content=\"index, follow, max-snippet:-1, max-image-preview:large, max-video-preview:-1\" \/>\n<link rel=\"canonical\" href=\"https:\/\/legendatours.com\/nl\/product\/the-best-of-portugal-by-coach-6100g\/\" \/>\n<meta property=\"og:locale\" content=\"nl_NL\" \/>\n<meta property=\"og:type\" content=\"article\" \/>\n<meta property=\"og:title\" content=\"The Best of Portugal by Coach\" \/>\n<meta property=\"og:description\" content=\"This imaginatively designed tour is a living travelogue through the best of Portugal.  We journey through the cultural history of this fascinating country from the beaches and dramatic cliffs of the Algarve, ancient villages, and high mountains of the interior to the far north where Portugal was born.  On the way, we will visit iconic cities and monuments, appreciate the fantastic scenery, and enjoy great food and wine.  Our multi-centre holiday will give you the opportunity to visit many of Portugal\u2019s UNESCO World Heritage Sites and explore its huge cultural diversity while relaxing in a well-planned itinerary covering a vast array of points of interest.  We give you the option of a round trip starting and ending in Faro, a 15-day stay, or an 8-day tour, starting in Porto and ending in Faro.\" \/>\n<meta property=\"og:url\" content=\"https:\/\/legendatours.com\/nl\/product\/the-best-of-portugal-by-coach-6100g\/\" \/>\n<meta property=\"og:site_name\" content=\"Legendary Adventure DMC Portugal\" \/>\n<meta property=\"article:publisher\" content=\"https:\/\/www.facebook.com\/legendaryadventuredmc\/\" \/>\n<meta property=\"article:modified_time\" content=\"2021-09-17T12:53:34+00:00\" \/>\n<meta property=\"og:image\" content=\"https:\/\/legendatours.com\/wp-content\/uploads\/sites\/12\/2021\/04\/belem_tower.jpg\" \/>\n\t<meta property=\"og:image:width\" content=\"1144\" \/>\n\t<meta property=\"og:image:height\" content=\"800\" \/>\n\t<meta property=\"og:image:type\" content=\"image\/jpeg\" \/>\n<meta name=\"twitter:card\" content=\"summary_large_image\" \/>\n<meta name=\"twitter:label1\" content=\"Geschatte leestijd\" \/>\n\t<meta name=\"twitter:data1\" content=\"5 minuten\" \/>\n<script type=\"application\/ld+json\" class=\"yoast-schema-graph\">{\"@context\":\"https:\\\/\\\/schema.org\",\"@graph\":[{\"@type\":\"WebPage\",\"@id\":\"https:\\\/\\\/legendatours.com\\\/product\\\/the-best-of-portugal-by-coach-6100g\\\/\",\"url\":\"https:\\\/\\\/legendatours.com\\\/product\\\/the-best-of-portugal-by-coach-6100g\\\/\",\"name\":\"The Best of Portugal by Coach - Legendary Adventure DMC Portugal\",\"isPartOf\":{\"@id\":\"https:\\\/\\\/legendatours.com\\\/#website\"},\"primaryImageOfPage\":{\"@id\":\"https:\\\/\\\/legendatours.com\\\/product\\\/the-best-of-portugal-by-coach-6100g\\\/#primaryimage\"},\"image\":{\"@id\":\"https:\\\/\\\/legendatours.com\\\/product\\\/the-best-of-portugal-by-coach-6100g\\\/#primaryimage\"},\"thumbnailUrl\":\"https:\\\/\\\/legendatours.com\\\/wp-content\\\/uploads\\\/sites\\\/12\\\/2021\\\/04\\\/belem_tower.jpg\",\"datePublished\":\"2020-08-07T14:33:13+00:00\",\"dateModified\":\"2021-09-17T12:53:34+00:00\",\"breadcrumb\":{\"@id\":\"https:\\\/\\\/legendatours.com\\\/product\\\/the-best-of-portugal-by-coach-6100g\\\/#breadcrumb\"},\"inLanguage\":\"nl-NL\",\"potentialAction\":[{\"@type\":\"ReadAction\",\"target\":[\"https:\\\/\\\/legendatours.com\\\/product\\\/the-best-of-portugal-by-coach-6100g\\\/\"]}]},{\"@type\":\"ImageObject\",\"inLanguage\":\"nl-NL\",\"@id\":\"https:\\\/\\\/legendatours.com\\\/product\\\/the-best-of-portugal-by-coach-6100g\\\/#primaryimage\",\"url\":\"https:\\\/\\\/legendatours.com\\\/wp-content\\\/uploads\\\/sites\\\/12\\\/2021\\\/04\\\/belem_tower.jpg\",\"contentUrl\":\"https:\\\/\\\/legendatours.com\\\/wp-content\\\/uploads\\\/sites\\\/12\\\/2021\\\/04\\\/belem_tower.jpg\",\"width\":1144,\"height\":800,\"caption\":\"Belem Tower, Lisbon\"},{\"@type\":\"BreadcrumbList\",\"@id\":\"https:\\\/\\\/legendatours.com\\\/product\\\/the-best-of-portugal-by-coach-6100g\\\/#breadcrumb\",\"itemListElement\":[{\"@type\":\"ListItem\",\"position\":1,\"name\":\"Home\",\"item\":\"https:\\\/\\\/legendatours.com\\\/\"},{\"@type\":\"ListItem\",\"position\":2,\"name\":\"Shop\",\"item\":\"https:\\\/\\\/legendatours.com\\\/sv\\\/?page_id=4\"},{\"@type\":\"ListItem\",\"position\":3,\"name\":\"The Best of Portugal by Coach\"}]},{\"@type\":\"WebSite\",\"@id\":\"https:\\\/\\\/legendatours.com\\\/#website\",\"url\":\"https:\\\/\\\/legendatours.com\\\/\",\"name\":\"Legendary Adventure DMC Portugal\",\"description\":\"Responsible Walking &amp; Nature Holidays in Portugal\",\"publisher\":{\"@id\":\"https:\\\/\\\/legendatours.com\\\/#organization\"},\"alternateName\":\"Legendary Adventure Portugal\",\"potentialAction\":[{\"@type\":\"SearchAction\",\"target\":{\"@type\":\"EntryPoint\",\"urlTemplate\":\"https:\\\/\\\/legendatours.com\\\/?s={search_term_string}\"},\"query-input\":{\"@type\":\"PropertyValueSpecification\",\"valueRequired\":true,\"valueName\":\"search_term_string\"}}],\"inLanguage\":\"nl-NL\"},{\"@type\":\"Organization\",\"@id\":\"https:\\\/\\\/legendatours.com\\\/#organization\",\"name\":\"legendatours.com\",\"url\":\"https:\\\/\\\/legendatours.com\\\/\",\"logo\":{\"@type\":\"ImageObject\",\"inLanguage\":\"nl-NL\",\"@id\":\"https:\\\/\\\/legendatours.com\\\/#\\\/schema\\\/logo\\\/image\\\/\",\"url\":\"https:\\\/\\\/legendatours.com\\\/wp-content\\\/uploads\\\/sites\\\/12\\\/2021\\\/06\\\/legendary_adventure_dmc.png\",\"contentUrl\":\"https:\\\/\\\/legendatours.com\\\/wp-content\\\/uploads\\\/sites\\\/12\\\/2021\\\/06\\\/legendary_adventure_dmc.png\",\"width\":250,\"height\":74,\"caption\":\"legendatours.com\"},\"image\":{\"@id\":\"https:\\\/\\\/legendatours.com\\\/#\\\/schema\\\/logo\\\/image\\\/\"},\"sameAs\":[\"https:\\\/\\\/www.facebook.com\\\/legendaryadventuredmc\\\/\",\"https:\\\/\\\/www.linkedin.com\\\/company\\\/legendary-adventure-dmc-portugal\",\"https:\\\/\\\/www.youtube.com\\\/channel\\\/UCOIRDx_KM6ynIcacQkZjb6g\"]}]}<\/script>\n<!-- \/ Yoast SEO Premium plugin. -->","yoast_head_json":{"title":"Het beste van Portugal per bus - Legendarisch avontuur DMC Portugal","robots":{"index":"index","follow":"follow","max-snippet":"max-snippet:-1","max-image-preview":"max-image-preview:large","max-video-preview":"max-video-preview:-1"},"canonical":"https:\/\/legendatours.com\/nl\/product\/the-best-of-portugal-by-coach-6100g\/","og_locale":"nl_NL","og_type":"article","og_title":"The Best of Portugal by Coach","og_description":"This imaginatively designed tour is a living travelogue through the best of Portugal.  We journey through the cultural history of this fascinating country from the beaches and dramatic cliffs of the Algarve, ancient villages, and high mountains of the interior to the far north where Portugal was born.  On the way, we will visit iconic cities and monuments, appreciate the fantastic scenery, and enjoy great food and wine.  Our multi-centre holiday will give you the opportunity to visit many of Portugal\u2019s UNESCO World Heritage Sites and explore its huge cultural diversity while relaxing in a well-planned itinerary covering a vast array of points of interest.  We give you the option of a round trip starting and ending in Faro, a 15-day stay, or an 8-day tour, starting in Porto and ending in Faro.","og_url":"https:\/\/legendatours.com\/nl\/product\/the-best-of-portugal-by-coach-6100g\/","og_site_name":"Legendary Adventure DMC Portugal","article_publisher":"https:\/\/www.facebook.com\/legendaryadventuredmc\/","article_modified_time":"2021-09-17T12:53:34+00:00","og_image":[{"width":1144,"height":800,"url":"https:\/\/legendatours.com\/wp-content\/uploads\/sites\/12\/2021\/04\/belem_tower.jpg","type":"image\/jpeg"}],"twitter_card":"summary_large_image","twitter_misc":{"Geschatte leestijd":"5 minuten"},"schema":{"@context":"https:\/\/schema.org","@graph":[{"@type":"WebPage","@id":"https:\/\/legendatours.com\/product\/the-best-of-portugal-by-coach-6100g\/","url":"https:\/\/legendatours.com\/product\/the-best-of-portugal-by-coach-6100g\/","name":"Het beste van Portugal per bus - Legendarisch avontuur DMC Portugal","isPartOf":{"@id":"https:\/\/legendatours.com\/#website"},"primaryImageOfPage":{"@id":"https:\/\/legendatours.com\/product\/the-best-of-portugal-by-coach-6100g\/#primaryimage"},"image":{"@id":"https:\/\/legendatours.com\/product\/the-best-of-portugal-by-coach-6100g\/#primaryimage"},"thumbnailUrl":"https:\/\/legendatours.com\/wp-content\/uploads\/sites\/12\/2021\/04\/belem_tower.jpg","datePublished":"2020-08-07T14:33:13+00:00","dateModified":"2021-09-17T12:53:34+00:00","breadcrumb":{"@id":"https:\/\/legendatours.com\/product\/the-best-of-portugal-by-coach-6100g\/#breadcrumb"},"inLanguage":"nl-NL","potentialAction":[{"@type":"ReadAction","target":["https:\/\/legendatours.com\/product\/the-best-of-portugal-by-coach-6100g\/"]}]},{"@type":"ImageObject","inLanguage":"nl-NL","@id":"https:\/\/legendatours.com\/product\/the-best-of-portugal-by-coach-6100g\/#primaryimage","url":"https:\/\/legendatours.com\/wp-content\/uploads\/sites\/12\/2021\/04\/belem_tower.jpg","contentUrl":"https:\/\/legendatours.com\/wp-content\/uploads\/sites\/12\/2021\/04\/belem_tower.jpg","width":1144,"height":800,"caption":"Belem Tower, Lisbon"},{"@type":"BreadcrumbList","@id":"https:\/\/legendatours.com\/product\/the-best-of-portugal-by-coach-6100g\/#breadcrumb","itemListElement":[{"@type":"ListItem","position":1,"name":"Home","item":"https:\/\/legendatours.com\/"},{"@type":"ListItem","position":2,"name":"Shop","item":"https:\/\/legendatours.com\/sv\/?page_id=4"},{"@type":"ListItem","position":3,"name":"The Best of Portugal by Coach"}]},{"@type":"WebSite","@id":"https:\/\/legendatours.com\/#website","url":"https:\/\/legendatours.com\/","name":"Legendarisch avontuur DMC Portugal","description":"Verantwoorde wandel- en natuurvakanties in Portugal","publisher":{"@id":"https:\/\/legendatours.com\/#organization"},"alternateName":"Legendary Adventure Portugal","potentialAction":[{"@type":"SearchAction","target":{"@type":"EntryPoint","urlTemplate":"https:\/\/legendatours.com\/?s={search_term_string}"},"query-input":{"@type":"PropertyValueSpecification","valueRequired":true,"valueName":"search_term_string"}}],"inLanguage":"nl-NL"},{"@type":"Organization","@id":"https:\/\/legendatours.com\/#organization","name":"legendatours.com","url":"https:\/\/legendatours.com\/","logo":{"@type":"ImageObject","inLanguage":"nl-NL","@id":"https:\/\/legendatours.com\/#\/schema\/logo\/image\/","url":"https:\/\/legendatours.com\/wp-content\/uploads\/sites\/12\/2021\/06\/legendary_adventure_dmc.png","contentUrl":"https:\/\/legendatours.com\/wp-content\/uploads\/sites\/12\/2021\/06\/legendary_adventure_dmc.png","width":250,"height":74,"caption":"legendatours.com"},"image":{"@id":"https:\/\/legendatours.com\/#\/schema\/logo\/image\/"},"sameAs":["https:\/\/www.facebook.com\/legendaryadventuredmc\/","https:\/\/www.linkedin.com\/company\/legendary-adventure-dmc-portugal","https:\/\/www.youtube.com\/channel\/UCOIRDx_KM6ynIcacQkZjb6g"]}]}},"_links":{"self":[{"href":"https:\/\/legendatours.com\/nl\/wp-json\/wp\/v2\/product\/7599","targetHints":{"allow":["GET"]}}],"collection":[{"href":"https:\/\/legendatours.com\/nl\/wp-json\/wp\/v2\/product"}],"about":[{"href":"https:\/\/legendatours.com\/nl\/wp-json\/wp\/v2\/types\/product"}],"replies":[{"embeddable":true,"href":"https:\/\/legendatours.com\/nl\/wp-json\/wp\/v2\/comments?post=7599"}],"wp:featuredmedia":[{"embeddable":true,"href":"https:\/\/legendatours.com\/nl\/wp-json\/wp\/v2\/media\/1691"}],"wp:attachment":[{"href":"https:\/\/legendatours.com\/nl\/wp-json\/wp\/v2\/media?parent=7599"}],"wp:term":[{"taxonomy":"product_brand","embeddable":true,"href":"https:\/\/legendatours.com\/nl\/wp-json\/wp\/v2\/product_brand?post=7599"},{"taxonomy":"product_cat","embeddable":true,"href":"https:\/\/legendatours.com\/nl\/wp-json\/wp\/v2\/product_cat?post=7599"},{"taxonomy":"product_tag","embeddable":true,"href":"https:\/\/legendatours.com\/nl\/wp-json\/wp\/v2\/product_tag?post=7599"}],"curies":[{"name":"wp","href":"https:\/\/api.w.org\/{rel}","templated":true}]}}