{"id":10180,"date":"2021-07-12T17:12:01","date_gmt":"2021-07-12T17:12:01","guid":{"rendered":"https:\/\/legendatours.com\/?page_id=10180"},"modified":"2021-08-22T18:37:29","modified_gmt":"2021-08-22T18:37:29","slug":"declaring-climate-emergency","status":"publish","type":"page","link":"https:\/\/legendatours.com\/pt\/declaring-climate-emergency\/","title":{"rendered":"Legendary Adventure est\u00e1 declarando emerg\u00eancia clim\u00e1tica"},"content":{"rendered":"<div id=\"testimonials\"  data-column-margin=\"default\" data-midnight=\"dark\" data-bottom-percent=\"8%\"  class=\"wpb_row vc_row-fluid vc_row full-width-content vc_row-o-equal-height vc_row-flex vc_row-o-content-top\"  style=\"padding-top: 0px; padding-bottom: calc(100vw * 0.08); \"><div class=\"row-bg-wrap\" data-bg-animation=\"none\" data-bg-animation-delay=\"\" data-bg-overlay=\"false\"><div class=\"inner-wrap row-bg-layer\" ><div class=\"row-bg viewport-desktop\"  style=\"\"><\/div><\/div><\/div><div class=\"row_col_wrap_12 col span_12 dark left\">\n\t<div  class=\"vc_col-sm-12 wpb_column column_container vc_column_container col no-extra-padding inherit_tablet inherit_phone\"  data-padding-pos=\"all\" data-has-bg-color=\"false\" data-bg-color=\"\" data-bg-opacity=\"1\" data-animation=\"\" data-delay=\"0\" >\n\t\t<div class=\"vc_column-inner\" >\n\t\t\t<div class=\"wpb_wrapper\">\n\t\t\t\t\n\t\t\t<\/div> \n\t\t<\/div>\n\t<\/div> \n<\/div><\/div>\n\t\t<div id=\"testimonials\"  data-column-margin=\"default\" data-midnight=\"dark\"  class=\"wpb_row vc_row-fluid vc_row full-width-section\"  style=\"padding-top: 0px; padding-bottom: 0px; \"><div class=\"row-bg-wrap\" data-bg-animation=\"none\" data-bg-animation-delay=\"\" data-bg-overlay=\"false\"><div class=\"inner-wrap row-bg-layer\" ><div class=\"row-bg viewport-desktop\"  style=\"\"><\/div><\/div><\/div><div class=\"row_col_wrap_12 col span_12 dark left\">\n\t<div  class=\"vc_col-sm-12 wpb_column column_container vc_column_container col no-extra-padding inherit_tablet inherit_phone\"  data-padding-pos=\"all\" data-has-bg-color=\"false\" data-bg-color=\"\" data-bg-opacity=\"1\" data-animation=\"\" data-delay=\"0\" >\n\t\t<div class=\"vc_column-inner\" >\n\t\t\t<div class=\"wpb_wrapper\">\n\t\t\t\t<div id=\"fws_69e733912f6a4\" data-midnight=\"\" data-column-margin=\"default\" class=\"wpb_row vc_row-fluid vc_row inner_row\"  style=\"\"><div class=\"row-bg-wrap\"> <div class=\"row-bg\" ><\/div> <\/div><div class=\"row_col_wrap_12_inner col span_12  left\">\n\t<div  class=\"vc_col-sm-12 wpb_column column_container vc_column_container col child_column no-extra-padding inherit_tablet inherit_phone\"   data-padding-pos=\"all\" data-has-bg-color=\"false\" data-bg-color=\"\" data-bg-opacity=\"1\" data-animation=\"\" data-delay=\"0\" >\n\t\t<div class=\"vc_column-inner\" >\n\t\t<div class=\"wpb_wrapper\">\n\t\t\t<h2 style=\"color: #1e1e31;text-align: left;font-family:Yanone Kaffeesatz;font-weight:400;font-style:normal\" class=\"vc_custom_heading vc_do_custom_heading\" >AVENTURA LEND\u00c1RIA DECLARA UMA EMERG\u00caNCIA CLIM\u00c1TICA<\/h2><div class=\"divider-wrap\" data-alignment=\"default\"><div style=\"margin-top: 10px; height: 1px; margin-bottom: 10px;\" data-width=\"100%\" data-animate=\"\" data-animation-delay=\"\" data-color=\"default\" class=\"divider-border\"><\/div><\/div>\n<div class=\"wpb_text_column wpb_content_element  vc_custom_1626111380280\" >\n\t<p>&nbsp;<\/p>\n<h3>Isso \u00e9 por que:<\/h3>\n<p>&nbsp;<\/p>\n<p>Nos \u00faltimos 10 anos, a Legendary Adventure tem acolhido pequenos grupos de caminhantes e viajantes da natureza em Portugal, proporcionando-lhes um contacto pr\u00f3ximo com as maravilhas naturais e a cultura do nosso pa\u00eds.<\/p>\n<p>Sempre tivemos uma abordagem de viagem lenta, com experi\u00eancias que retratam os lugares que visitamos e as pessoas que encontramos. Usamos fornecedores locais, pertencentes e administrados por pessoas locais, comemos em restaurantes locais e ficamos em acomoda\u00e7\u00f5es administradas localmente.<\/p>\n<p>Somos reconhecidos como Empresa de Turismo Sustent\u00e1vel pelo Turismo de Portugal, e o cerne do nosso neg\u00f3cio \u00e9 explorar o nosso belo pa\u00eds a p\u00e9, ou de bicicleta, mas n\u00e3o podemos ignorar que fazemos parte de uma ind\u00fastria com uma enorme impacto negativo em nosso planeta e em nossos recursos comuns.<\/p>\n<p>A ind\u00fastria do turismo \u00e9 respons\u00e1vel sozinha por 8% da pegada de carbono do mundo. Por isso, e porque uma mudan\u00e7a \u00e9 absolutamente necess\u00e1ria e inevit\u00e1vel, decidimos aderir ao <a href=\"https:\/\/www.tourismdeclares.com\/\" target=\"_blank\" rel=\"noopener\">rede de organiza\u00e7\u00f5es, empresas e indiv\u00edduos que trabalham no turismo que declararam Emerg\u00eancia Clim\u00e1tica<\/a>.<\/p>\n<p>Acreditamos que \u00e9 nossa responsabilidade pessoal e social, como empresa e um grupo de seres humanos que amam a natureza e viajar, fazer tudo o que pudermos para preservar esta terra para as gera\u00e7\u00f5es futuras.<\/p>\n<p>J\u00e1 estamos trabalhando em uma pol\u00edtica de zero res\u00edduos para aterro em nossa sede e estamos estudando solu\u00e7\u00f5es para reduzir ainda mais nossa pegada.<\/p>\n<p>Por tudo isso, aderimos ao Turismo Declara uma Emerg\u00eancia Clim\u00e1tica, um coletivo de 287 ag\u00eancias de viagens, empresas e profissionais que declararam emerg\u00eancia clim\u00e1tica e est\u00e3o se reunindo para encontrar solu\u00e7\u00f5es.<\/p>\n<p>Reconhecemos a ci\u00eancia afirmando que temos que agir agora para enfrentar esta crise na pr\u00f3xima d\u00e9cada.<\/p>\n<p>Aceitamos nossa responsabilidade de dizer a verdade, trabalhar juntos e ajudar a construir uma nova ind\u00fastria de turismo regenerativa.<\/p>\n<p>Estamos comprometidos com as cinco a\u00e7\u00f5es a seguir:<\/p>\n<ol>\n<li>Desenvolva um &#039;Plano de Emerg\u00eancia Clim\u00e1tica&#039; nos pr\u00f3ximos 12 meses, que estabele\u00e7a nossas inten\u00e7\u00f5es de reduzir as emiss\u00f5es de carbono na pr\u00f3xima d\u00e9cada.<\/li>\n<li>Compartilhe uma declara\u00e7\u00e3o p\u00fablica inicial de nosso &#039;Plano de Emerg\u00eancia Clim\u00e1tica&#039; e atualize o progresso a cada ano.<\/li>\n<li>Aceite o conselho atual do IPCC afirmando a necessidade de cortar as emiss\u00f5es globais de carbono para 55% abaixo dos n\u00edveis de 2017 at\u00e9 2030, a fim de manter o planeta dentro de 1,5 grau de aquecimento. Garantiremos que nosso &#039;Plano de Emerg\u00eancia Clim\u00e1tica&#039; represente a\u00e7\u00f5es destinadas a atingir esse objetivo, no m\u00ednimo, por meio da entrega de redu\u00e7\u00f5es transparentes, mensur\u00e1veis e crescentes nas emiss\u00f5es totais de carbono por cliente decorrentes de nossas opera\u00e7\u00f5es e dos servi\u00e7os de viagens por n\u00f3s vendidos.<\/li>\n<li>Incentive nossos fornecedores e parceiros a fazerem a mesma declara\u00e7\u00e3o; compartilhar as melhores pr\u00e1ticas entre pares; e participar ativamente da comunidade Tourism Declares<\/li>\n<li>Advogado pela mudan\u00e7a. Reconhecemos a necessidade de mudan\u00e7a do sistema em toda a ind\u00fastria e pedimos uma a\u00e7\u00e3o regulat\u00f3ria urgente para acelerar a transi\u00e7\u00e3o para viagens a\u00e9reas com emiss\u00e3o zero de carbono.<\/li>\n<\/ol>\n<p>Compartilhamos a cren\u00e7a fundamental de que viagens respons\u00e1veis levam ao turismo sustent\u00e1vel, e os princ\u00edpios e metas fundamentais de nossas pol\u00edticas de sustentabilidade podem ser lidos <a href=\"https:\/\/legendatours.com\/pt\/sustainable-tourism\/\">aqui<\/a>.<\/p>\n<p>Este \u00e9 um documento e um processo em andamento, rumo a uma forma melhor e mais justa de viajar.<\/p>\n<\/div>\n\n\n\n\n\t\t<\/div> \n\t<\/div>\n\t<\/div> \n<\/div><\/div>\n\t\t\t<\/div> \n\t\t<\/div>\n\t<\/div> \n<\/div><\/div>","protected":false},"excerpt":{"rendered":"A LEGENDARY ADVENTURE DECLARA UMA EMERG\u00caNCIA CLIM\u00c1TICA \u00c9 por isso que: H\u00e1 10 anos que a Legendary Adventure recebe em Portugal pequenos grupos de caminhantes e viajantes da natureza, proporcionando-lhes um contacto pr\u00f3ximo com as maravilhas naturais e a cultura do nosso pa\u00eds. Sempre tivemos uma abordagem slow travel, com experi\u00eancias que retribuem os lugares que visitamos, e o...","protected":false},"author":8,"featured_media":0,"parent":0,"menu_order":0,"comment_status":"closed","ping_status":"closed","template":"","meta":{"_acf_changed":false,"inline_featured_image":false,"footnotes":""},"class_list":["post-10180","page","type-page","status-publish"],"acf":[],"yoast_head":"<!-- This site is optimized with the Yoast SEO Premium plugin v26.8 (Yoast SEO v27.4) - https:\/\/yoast.com\/product\/yoast-seo-premium-wordpress\/ -->\n<title>Legendary Adventure is declaring Climate Emergency<\/title>\n<meta name=\"description\" content=\"LEGENDARY ADVENTURE DECLARES A CLIMATE EMERGENCY\" \/>\n<meta name=\"robots\" content=\"index, follow, max-snippet:-1, max-image-preview:large, max-video-preview:-1\" \/>\n<link rel=\"canonical\" href=\"https:\/\/legendatours.com\/pt\/declaring-climate-emergency\/\" \/>\n<meta property=\"og:locale\" content=\"pt_PT\" \/>\n<meta property=\"og:type\" content=\"article\" \/>\n<meta property=\"og:title\" content=\"LEGENDARY ADVENTURE DECLARES A CLIMATE EMERGENCY\" \/>\n<meta property=\"og:description\" content=\"LEGENDARY ADVENTURE DECLARES A CLIMATE EMERGENCY\" \/>\n<meta property=\"og:url\" content=\"https:\/\/legendatours.com\/pt\/declaring-climate-emergency\/\" \/>\n<meta property=\"og:site_name\" content=\"Legendary Adventure DMC Portugal\" \/>\n<meta property=\"article:publisher\" content=\"https:\/\/www.facebook.com\/legendaryadventuredmc\/\" \/>\n<meta property=\"article:modified_time\" content=\"2021-08-22T18:37:29+00:00\" \/>\n<meta property=\"og:image\" content=\"https:\/\/legendatours.com\/wp-content\/uploads\/sites\/12\/2021\/06\/legendary_adventure_declares_climate_emergency.png\" \/>\n\t<meta property=\"og:image:width\" content=\"134\" \/>\n\t<meta property=\"og:image:height\" content=\"59\" \/>\n\t<meta property=\"og:image:type\" content=\"image\/png\" \/>\n<meta name=\"twitter:card\" content=\"summary_large_image\" \/>\n<meta name=\"twitter:title\" content=\"LEGENDARY ADVENTURE DECLARES A CLIMATE EMERGENCY\" \/>\n<meta name=\"twitter:description\" content=\"LEGENDARY ADVENTURE DECLARES A CLIMATE EMERGENCY\" \/>\n<meta name=\"twitter:image\" content=\"https:\/\/legendatours.com\/wp-content\/uploads\/sites\/12\/2021\/06\/legendary_adventure_declares_climate_emergency.png\" \/>\n<meta name=\"twitter:label1\" content=\"Tempo estimado de leitura\" \/>\n\t<meta name=\"twitter:data1\" content=\"3 minutos\" \/>\n<script type=\"application\/ld+json\" class=\"yoast-schema-graph\">{\"@context\":\"https:\\\/\\\/schema.org\",\"@graph\":[{\"@type\":\"WebPage\",\"@id\":\"https:\\\/\\\/legendatours.com\\\/fr\\\/declaring-climate-emergency\\\/\",\"url\":\"https:\\\/\\\/legendatours.com\\\/fr\\\/declaring-climate-emergency\\\/\",\"name\":\"Legendary Adventure is declaring Climate Emergency\",\"isPartOf\":{\"@id\":\"https:\\\/\\\/legendatours.com\\\/#website\"},\"datePublished\":\"2021-07-12T17:12:01+00:00\",\"dateModified\":\"2021-08-22T18:37:29+00:00\",\"description\":\"LEGENDARY ADVENTURE DECLARES A CLIMATE EMERGENCY\",\"breadcrumb\":{\"@id\":\"https:\\\/\\\/legendatours.com\\\/fr\\\/declaring-climate-emergency\\\/#breadcrumb\"},\"inLanguage\":\"pt-PT\",\"potentialAction\":[{\"@type\":\"ReadAction\",\"target\":[\"https:\\\/\\\/legendatours.com\\\/fr\\\/declaring-climate-emergency\\\/\"]}]},{\"@type\":\"BreadcrumbList\",\"@id\":\"https:\\\/\\\/legendatours.com\\\/fr\\\/declaring-climate-emergency\\\/#breadcrumb\",\"itemListElement\":[{\"@type\":\"ListItem\",\"position\":1,\"name\":\"Home\",\"item\":\"https:\\\/\\\/legendatours.com\\\/\"},{\"@type\":\"ListItem\",\"position\":2,\"name\":\"Legendary Adventure is declaring Climate Emergency\"}]},{\"@type\":\"WebSite\",\"@id\":\"https:\\\/\\\/legendatours.com\\\/#website\",\"url\":\"https:\\\/\\\/legendatours.com\\\/\",\"name\":\"Legendary Adventure DMC Portugal\",\"description\":\"Responsible Walking &amp; Nature Holidays in Portugal\",\"publisher\":{\"@id\":\"https:\\\/\\\/legendatours.com\\\/#organization\"},\"alternateName\":\"Legendary Adventure Portugal\",\"potentialAction\":[{\"@type\":\"SearchAction\",\"target\":{\"@type\":\"EntryPoint\",\"urlTemplate\":\"https:\\\/\\\/legendatours.com\\\/?s={search_term_string}\"},\"query-input\":{\"@type\":\"PropertyValueSpecification\",\"valueRequired\":true,\"valueName\":\"search_term_string\"}}],\"inLanguage\":\"pt-PT\"},{\"@type\":\"Organization\",\"@id\":\"https:\\\/\\\/legendatours.com\\\/#organization\",\"name\":\"legendatours.com\",\"url\":\"https:\\\/\\\/legendatours.com\\\/\",\"logo\":{\"@type\":\"ImageObject\",\"inLanguage\":\"pt-PT\",\"@id\":\"https:\\\/\\\/legendatours.com\\\/#\\\/schema\\\/logo\\\/image\\\/\",\"url\":\"https:\\\/\\\/legendatours.com\\\/wp-content\\\/uploads\\\/sites\\\/12\\\/2021\\\/06\\\/legendary_adventure_dmc.png\",\"contentUrl\":\"https:\\\/\\\/legendatours.com\\\/wp-content\\\/uploads\\\/sites\\\/12\\\/2021\\\/06\\\/legendary_adventure_dmc.png\",\"width\":250,\"height\":74,\"caption\":\"legendatours.com\"},\"image\":{\"@id\":\"https:\\\/\\\/legendatours.com\\\/#\\\/schema\\\/logo\\\/image\\\/\"},\"sameAs\":[\"https:\\\/\\\/www.facebook.com\\\/legendaryadventuredmc\\\/\",\"https:\\\/\\\/www.linkedin.com\\\/company\\\/legendary-adventure-dmc-portugal\",\"https:\\\/\\\/www.youtube.com\\\/channel\\\/UCOIRDx_KM6ynIcacQkZjb6g\"]}]}<\/script>\n<!-- \/ Yoast SEO Premium plugin. -->","yoast_head_json":{"title":"Legendary Adventure est\u00e1 declarando emerg\u00eancia clim\u00e1tica","description":"AVENTURA LEND\u00c1RIA DECLARA UMA EMERG\u00caNCIA CLIM\u00c1TICA","robots":{"index":"index","follow":"follow","max-snippet":"max-snippet:-1","max-image-preview":"max-image-preview:large","max-video-preview":"max-video-preview:-1"},"canonical":"https:\/\/legendatours.com\/pt\/declaring-climate-emergency\/","og_locale":"pt_PT","og_type":"article","og_title":"LEGENDARY ADVENTURE DECLARES A CLIMATE EMERGENCY","og_description":"LEGENDARY ADVENTURE DECLARES A CLIMATE EMERGENCY","og_url":"https:\/\/legendatours.com\/pt\/declaring-climate-emergency\/","og_site_name":"Legendary Adventure DMC Portugal","article_publisher":"https:\/\/www.facebook.com\/legendaryadventuredmc\/","article_modified_time":"2021-08-22T18:37:29+00:00","og_image":[{"width":134,"height":59,"url":"https:\/\/legendatours.com\/wp-content\/uploads\/sites\/12\/2021\/06\/legendary_adventure_declares_climate_emergency.png","type":"image\/png"}],"twitter_card":"summary_large_image","twitter_title":"LEGENDARY ADVENTURE DECLARES A CLIMATE EMERGENCY","twitter_description":"LEGENDARY ADVENTURE DECLARES A CLIMATE EMERGENCY","twitter_image":"https:\/\/legendatours.com\/wp-content\/uploads\/sites\/12\/2021\/06\/legendary_adventure_declares_climate_emergency.png","twitter_misc":{"Tempo estimado de leitura":"3 minutos"},"schema":{"@context":"https:\/\/schema.org","@graph":[{"@type":"WebPage","@id":"https:\/\/legendatours.com\/fr\/declaring-climate-emergency\/","url":"https:\/\/legendatours.com\/fr\/declaring-climate-emergency\/","name":"Legendary Adventure est\u00e1 declarando emerg\u00eancia clim\u00e1tica","isPartOf":{"@id":"https:\/\/legendatours.com\/#website"},"datePublished":"2021-07-12T17:12:01+00:00","dateModified":"2021-08-22T18:37:29+00:00","description":"AVENTURA LEND\u00c1RIA DECLARA UMA EMERG\u00caNCIA CLIM\u00c1TICA","breadcrumb":{"@id":"https:\/\/legendatours.com\/fr\/declaring-climate-emergency\/#breadcrumb"},"inLanguage":"pt-PT","potentialAction":[{"@type":"ReadAction","target":["https:\/\/legendatours.com\/fr\/declaring-climate-emergency\/"]}]},{"@type":"BreadcrumbList","@id":"https:\/\/legendatours.com\/fr\/declaring-climate-emergency\/#breadcrumb","itemListElement":[{"@type":"ListItem","position":1,"name":"Home","item":"https:\/\/legendatours.com\/"},{"@type":"ListItem","position":2,"name":"Legendary Adventure is declaring Climate Emergency"}]},{"@type":"WebSite","@id":"https:\/\/legendatours.com\/#website","url":"https:\/\/legendatours.com\/","name":"Legendary Adventure DMC Portugal","description":"Caminhadas e F\u00e9rias na Natureza Respons\u00e1veis em Portugal","publisher":{"@id":"https:\/\/legendatours.com\/#organization"},"alternateName":"Legendary Adventure Portugal","potentialAction":[{"@type":"SearchAction","target":{"@type":"EntryPoint","urlTemplate":"https:\/\/legendatours.com\/?s={search_term_string}"},"query-input":{"@type":"PropertyValueSpecification","valueRequired":true,"valueName":"search_term_string"}}],"inLanguage":"pt-PT"},{"@type":"Organization","@id":"https:\/\/legendatours.com\/#organization","name":"legendatours.com","url":"https:\/\/legendatours.com\/","logo":{"@type":"ImageObject","inLanguage":"pt-PT","@id":"https:\/\/legendatours.com\/#\/schema\/logo\/image\/","url":"https:\/\/legendatours.com\/wp-content\/uploads\/sites\/12\/2021\/06\/legendary_adventure_dmc.png","contentUrl":"https:\/\/legendatours.com\/wp-content\/uploads\/sites\/12\/2021\/06\/legendary_adventure_dmc.png","width":250,"height":74,"caption":"legendatours.com"},"image":{"@id":"https:\/\/legendatours.com\/#\/schema\/logo\/image\/"},"sameAs":["https:\/\/www.facebook.com\/legendaryadventuredmc\/","https:\/\/www.linkedin.com\/company\/legendary-adventure-dmc-portugal","https:\/\/www.youtube.com\/channel\/UCOIRDx_KM6ynIcacQkZjb6g"]}]}},"_links":{"self":[{"href":"https:\/\/legendatours.com\/pt\/wp-json\/wp\/v2\/pages\/10180","targetHints":{"allow":["GET"]}}],"collection":[{"href":"https:\/\/legendatours.com\/pt\/wp-json\/wp\/v2\/pages"}],"about":[{"href":"https:\/\/legendatours.com\/pt\/wp-json\/wp\/v2\/types\/page"}],"author":[{"embeddable":true,"href":"https:\/\/legendatours.com\/pt\/wp-json\/wp\/v2\/users\/8"}],"replies":[{"embeddable":true,"href":"https:\/\/legendatours.com\/pt\/wp-json\/wp\/v2\/comments?post=10180"}],"version-history":[{"count":0,"href":"https:\/\/legendatours.com\/pt\/wp-json\/wp\/v2\/pages\/10180\/revisions"}],"wp:attachment":[{"href":"https:\/\/legendatours.com\/pt\/wp-json\/wp\/v2\/media?parent=10180"}],"curies":[{"name":"wp","href":"https:\/\/api.w.org\/{rel}","templated":true}]}}