{"id":8573,"date":"2021-04-28T15:56:11","date_gmt":"2021-04-28T15:56:11","guid":{"rendered":"https:\/\/legendatours.com\/?page_id=8573"},"modified":"2021-08-22T09:56:32","modified_gmt":"2021-08-22T09:56:32","slug":"bespoke-services-tours-portugal","status":"publish","type":"page","link":"https:\/\/legendatours.com\/pt\/our-services\/bespoke-services-tours-portugal\/","title":{"rendered":"Servi\u00e7os e passeios personalizados"},"content":{"rendered":"<div id=\"testimonials\"  data-column-margin=\"default\" data-midnight=\"dark\" data-bottom-percent=\"8%\"  class=\"wpb_row vc_row-fluid vc_row full-width-content vc_row-o-equal-height vc_row-flex vc_row-o-content-top\"  style=\"padding-top: 0px; padding-bottom: calc(100vw * 0.08); \"><div class=\"row-bg-wrap\" data-bg-animation=\"none\" data-bg-animation-delay=\"\" data-bg-overlay=\"false\"><div class=\"inner-wrap row-bg-layer\" ><div class=\"row-bg viewport-desktop\"  style=\"\"><\/div><\/div><\/div><div class=\"row_col_wrap_12 col span_12 dark left\">\n\t<div  class=\"vc_col-sm-12 wpb_column column_container vc_column_container col no-extra-padding inherit_tablet inherit_phone\"  data-padding-pos=\"all\" data-has-bg-color=\"false\" data-bg-color=\"\" data-bg-opacity=\"1\" data-animation=\"\" data-delay=\"0\" >\n\t\t<div class=\"vc_column-inner\" >\n\t\t\t<div class=\"wpb_wrapper\">\n\t\t\t\t\n\t\t\t<\/div> \n\t\t<\/div>\n\t<\/div> \n<\/div><\/div>\n\t\t<div id=\"testimonials\"  data-column-margin=\"default\" data-midnight=\"dark\"  class=\"wpb_row vc_row-fluid vc_row full-width-section\"  style=\"padding-top: 0px; padding-bottom: 0px; \"><div class=\"row-bg-wrap\" data-bg-animation=\"none\" data-bg-animation-delay=\"\" data-bg-overlay=\"false\"><div class=\"inner-wrap row-bg-layer\" ><div class=\"row-bg viewport-desktop\"  style=\"\"><\/div><\/div><\/div><div class=\"row_col_wrap_12 col span_12 dark left\">\n\t<div  class=\"vc_col-sm-12 wpb_column column_container vc_column_container col no-extra-padding inherit_tablet inherit_phone\"  data-padding-pos=\"all\" data-has-bg-color=\"false\" data-bg-color=\"\" data-bg-opacity=\"1\" data-animation=\"\" data-delay=\"0\" >\n\t\t<div class=\"vc_column-inner\" >\n\t\t\t<div class=\"wpb_wrapper\">\n\t\t\t\t<div id=\"fws_69deea04d7f25\" data-midnight=\"\" data-column-margin=\"default\" class=\"wpb_row vc_row-fluid vc_row inner_row\"  style=\"\"><div class=\"row-bg-wrap\"> <div class=\"row-bg\" ><\/div> <\/div><div class=\"row_col_wrap_12_inner col span_12  left\">\n\t<div  class=\"vc_col-sm-12 wpb_column column_container vc_column_container col child_column no-extra-padding inherit_tablet inherit_phone\"   data-padding-pos=\"all\" data-has-bg-color=\"false\" data-bg-color=\"\" data-bg-opacity=\"1\" data-animation=\"\" data-delay=\"0\" >\n\t\t<div class=\"vc_column-inner\" >\n\t\t<div class=\"wpb_wrapper\">\n\t\t\t<h2 style=\"color: #1e1e31;text-align: left;font-family:Yanone Kaffeesatz;font-weight:400;font-style:normal\" class=\"vc_custom_heading vc_do_custom_heading\" >BESPOKE TOURS &amp; SERVICES<\/h2><div class=\"divider-wrap\" data-alignment=\"default\"><div style=\"margin-top: 10px; height: 1px; margin-bottom: 10px;\" data-width=\"100%\" data-animate=\"\" data-animation-delay=\"\" data-color=\"default\" class=\"divider-border\"><\/div><\/div>\n<div class=\"wpb_text_column wpb_content_element  vc_custom_1624297228306\" >\n\t<p><span data-preserver-spaces=\"true\">Escolha qualquer passeio da aventura lend\u00e1ria\u00a0<\/span><a class=\"editor-rtfLink\" href=\"https:\/\/legendatours.com\/pt\/our-services\/small-group-holidays-portugal\/\" target=\"_blank\" rel=\"noopener\"><span data-preserver-spaces=\"true\">Grupos Guiados<\/span><\/a><span data-preserver-spaces=\"true\"> Cat\u00e1logo! Podemos adaptar qualquer itiner\u00e1rio e servi\u00e7os para atender \u00e0s suas necessidades e requisitos ou trabalhar com voc\u00ea para projetar um novo passeio.<br \/>\n<\/span><\/p>\n<p><span data-preserver-spaces=\"true\">Voc\u00ea encontrar\u00e1 o portf\u00f3lio mais extenso de <\/span><a class=\"editor-rtfLink\" href=\"https:\/\/legendatours.com\/pt\/our-services\/small-group-holidays-portugal\/walking-holidays-portugal\/\" target=\"_blank\" rel=\"noopener\"><span data-preserver-spaces=\"true\">Andando<\/span><\/a><span data-preserver-spaces=\"true\">,\u00a0<\/span><a class=\"editor-rtfLink\" href=\"https:\/\/legendatours.com\/pt\/our-services\/small-group-holidays-portugal\/birdwatching-holidays-portugal\/\" target=\"_blank\" rel=\"noopener\"><span data-preserver-spaces=\"true\">Observa\u00e7\u00e3o de p\u00e1ssaros<\/span><\/a><span data-preserver-spaces=\"true\">,\u00a0<\/span><a class=\"editor-rtfLink\" href=\"https:\/\/legendatours.com\/pt\/our-services\/small-group-holidays-portugal\/cycling-holidays-portugal\/\" target=\"_blank\" rel=\"noopener\"><span data-preserver-spaces=\"true\">Ciclismo<\/span><\/a><span data-preserver-spaces=\"true\">,\u00a0<\/span><a class=\"editor-rtfLink\" href=\"https:\/\/legendatours.com\/pt\/our-services\/small-group-holidays-portugal\/train-rail-holidays-portugal\/\" target=\"_blank\" rel=\"noopener\"><span data-preserver-spaces=\"true\">Passeios de trem<\/span><\/a><span data-preserver-spaces=\"true\">,\u00a0<\/span><a class=\"editor-rtfLink\" href=\"https:\/\/legendatours.com\/pt\/our-services\/small-group-holidays-portugal\/cultural-holidays-portugal\/\" target=\"_blank\" rel=\"noopener\"><span data-preserver-spaces=\"true\">Cultural,\u00a0<\/span><\/a><span data-preserver-spaces=\"true\">e\u00a0<\/span><a class=\"editor-rtfLink\" href=\"https:\/\/legendatours.com\/pt\/our-services\/small-group-holidays-portugal\/\" target=\"_blank\" rel=\"noopener\"><span data-preserver-spaces=\"true\">Passeios de interesse especial em Portugal<\/span><\/a><span data-preserver-spaces=\"true\">, cobrindo todo o pa\u00eds. Meticulosamente projetado, testado e planejado para atender a crit\u00e9rios estritos de qualidade e\u00a0<\/span><a class=\"editor-rtfLink\" href=\"https:\/\/legendatours.com\/pt\/sustainability\/\" target=\"_blank\" rel=\"noopener\"><span data-preserver-spaces=\"true\">sustentabilidade<\/span><\/a><span data-preserver-spaces=\"true\">.<\/span><\/p>\n<p><span data-preserver-spaces=\"true\">Nosso\u00a0<\/span><a class=\"editor-rtfLink\" href=\"https:\/\/legendatours.com\/pt\/our-services\/self-guided-holidays-portugal\/\" target=\"_blank\" rel=\"noopener\"><span data-preserver-spaces=\"true\">Passeios autoguiados<\/span><\/a><span data-preserver-spaces=\"true\">\u00a0tamb\u00e9m est\u00e3o dispon\u00edveis para ajustes: quanto \u00e0s op\u00e7\u00f5es de hospedagem e outros servi\u00e7os para melhor atender seus clientes.<\/span><\/p>\n<p><a class=\"editor-rtfLink\" href=\"mailto:info@legendatours.com\" target=\"_blank\" rel=\"noopener\"><span data-preserver-spaces=\"true\">Contate-Nos<\/span><\/a><span data-preserver-spaces=\"true\">: a nossa experiente equipa ir\u00e1 muito al\u00e9m para lhe apresentar os melhores programas e solu\u00e7\u00f5es de viagens.<\/span><\/p>\n<\/div>\n\n\n\n\n\t\t<\/div> \n\t<\/div>\n\t<\/div> \n<\/div><\/div>\n\t\t\t<\/div> \n\t\t<\/div>\n\t<\/div> \n<\/div><\/div>","protected":false},"excerpt":{"rendered":"PASSEIOS E SERVI\u00c7OS \u00c0 MEDIDA Escolha qualquer passeio do cat\u00e1logo Legendary Adventure Guided Groups! Podemos personalizar qualquer itiner\u00e1rio e servi\u00e7os para atender \u00e0s suas necessidades e exig\u00eancias ou trabalhar com voc\u00ea para criar um novo passeio. Encontrar\u00e1 o mais extenso portf\u00f3lio de Passeios Pedestres, Birdwatching, Ciclismo, Passeios de Comboio, Passeios Culturais e de Interesse Especial em Portugal, abrangendo todo o pa\u00eds. Meticulosamente projetado, testado e planejado para atender...","protected":false},"author":8,"featured_media":0,"parent":8567,"menu_order":0,"comment_status":"closed","ping_status":"closed","template":"","meta":{"_acf_changed":false,"inline_featured_image":false,"footnotes":""},"class_list":["post-8573","page","type-page","status-publish"],"acf":[],"yoast_head":"<!-- This site is optimized with the Yoast SEO Premium plugin v26.8 (Yoast SEO v27.3) - https:\/\/yoast.com\/product\/yoast-seo-premium-wordpress\/ -->\n<title>Bespoke Services &amp; Tours - Legendary Adventure DMC Portugal<\/title>\n<meta name=\"description\" content=\"Chose any tour from the Legendary Adventure Guided Groups catalogue! We can tailor any itinerary and services to fit your needs and requirements.\" \/>\n<meta name=\"robots\" content=\"index, follow, max-snippet:-1, max-image-preview:large, max-video-preview:-1\" \/>\n<link rel=\"canonical\" href=\"https:\/\/legendatours.com\/pt\/our-services\/bespoke-services-tours-portugal\/\" \/>\n<meta property=\"og:locale\" content=\"pt_PT\" \/>\n<meta property=\"og:type\" content=\"article\" \/>\n<meta property=\"og:title\" content=\"Portugal Bespoke Services &amp; Tours\" \/>\n<meta property=\"og:description\" content=\"You\u2019ll find the most extensive portfolio of Walking, Birdwatching, Cycling, Train Tours, Cultural, and Special Interest Tours in Portugal, covering the entire country. Meticulously designed, tested, and planned to meet strict criteria of quality and sustainability.\" \/>\n<meta property=\"og:url\" content=\"https:\/\/legendatours.com\/pt\/our-services\/bespoke-services-tours-portugal\/\" \/>\n<meta property=\"og:site_name\" content=\"Legendary Adventure DMC Portugal\" \/>\n<meta property=\"article:publisher\" content=\"https:\/\/www.facebook.com\/legendaryadventuredmc\/\" \/>\n<meta property=\"article:modified_time\" content=\"2021-08-22T09:56:32+00:00\" \/>\n<meta property=\"og:image\" content=\"https:\/\/legendatours.com\/wp-content\/uploads\/sites\/12\/2021\/04\/bidwatching_algarve-1-e1611676672171.jpg\" \/>\n\t<meta property=\"og:image:width\" content=\"1024\" \/>\n\t<meta property=\"og:image:height\" content=\"732\" \/>\n\t<meta property=\"og:image:type\" content=\"image\/jpeg\" \/>\n<meta name=\"twitter:card\" content=\"summary_large_image\" \/>\n<meta name=\"twitter:title\" content=\"Portugal Bespoke Services &amp; Tours\" \/>\n<meta name=\"twitter:description\" content=\"You\u2019ll find the most extensive portfolio of Walking, Birdwatching, Cycling, Train Tours, Cultural, and Special Interest Tours in Portugal, covering the entire country. Meticulously designed, tested, and planned to meet strict criteria of quality and sustainability.\" \/>\n<meta name=\"twitter:image\" content=\"https:\/\/legendatours.com\/wp-content\/uploads\/sites\/12\/2021\/04\/bidwatching_algarve-1-e1611676672171.jpg\" \/>\n<meta name=\"twitter:label1\" content=\"Tempo estimado de leitura\" \/>\n\t<meta name=\"twitter:data1\" content=\"3 minutos\" \/>\n<script type=\"application\/ld+json\" class=\"yoast-schema-graph\">{\"@context\":\"https:\\\/\\\/schema.org\",\"@graph\":[{\"@type\":\"WebPage\",\"@id\":\"https:\\\/\\\/legendatours.com\\\/our-services\\\/bespoke-services-tours-portugal\\\/\",\"url\":\"https:\\\/\\\/legendatours.com\\\/our-services\\\/bespoke-services-tours-portugal\\\/\",\"name\":\"Bespoke Services & Tours - Legendary Adventure DMC Portugal\",\"isPartOf\":{\"@id\":\"https:\\\/\\\/legendatours.com\\\/#website\"},\"datePublished\":\"2021-04-28T15:56:11+00:00\",\"dateModified\":\"2021-08-22T09:56:32+00:00\",\"description\":\"Chose any tour from the Legendary Adventure Guided Groups catalogue! We can tailor any itinerary and services to fit your needs and requirements.\",\"breadcrumb\":{\"@id\":\"https:\\\/\\\/legendatours.com\\\/our-services\\\/bespoke-services-tours-portugal\\\/#breadcrumb\"},\"inLanguage\":\"pt-PT\",\"potentialAction\":[{\"@type\":\"ReadAction\",\"target\":[\"https:\\\/\\\/legendatours.com\\\/our-services\\\/bespoke-services-tours-portugal\\\/\"]}]},{\"@type\":\"BreadcrumbList\",\"@id\":\"https:\\\/\\\/legendatours.com\\\/our-services\\\/bespoke-services-tours-portugal\\\/#breadcrumb\",\"itemListElement\":[{\"@type\":\"ListItem\",\"position\":1,\"name\":\"Home\",\"item\":\"https:\\\/\\\/legendatours.com\\\/\"},{\"@type\":\"ListItem\",\"position\":2,\"name\":\"Our Services\",\"item\":\"https:\\\/\\\/legendatours.com\\\/our-services\\\/\"},{\"@type\":\"ListItem\",\"position\":3,\"name\":\"Bespoke Services &#038; Tours\"}]},{\"@type\":\"WebSite\",\"@id\":\"https:\\\/\\\/legendatours.com\\\/#website\",\"url\":\"https:\\\/\\\/legendatours.com\\\/\",\"name\":\"Legendary Adventure DMC Portugal\",\"description\":\"Responsible Walking &amp; Nature Holidays in Portugal\",\"publisher\":{\"@id\":\"https:\\\/\\\/legendatours.com\\\/#organization\"},\"alternateName\":\"Legendary Adventure Portugal\",\"potentialAction\":[{\"@type\":\"SearchAction\",\"target\":{\"@type\":\"EntryPoint\",\"urlTemplate\":\"https:\\\/\\\/legendatours.com\\\/?s={search_term_string}\"},\"query-input\":{\"@type\":\"PropertyValueSpecification\",\"valueRequired\":true,\"valueName\":\"search_term_string\"}}],\"inLanguage\":\"pt-PT\"},{\"@type\":\"Organization\",\"@id\":\"https:\\\/\\\/legendatours.com\\\/#organization\",\"name\":\"legendatours.com\",\"url\":\"https:\\\/\\\/legendatours.com\\\/\",\"logo\":{\"@type\":\"ImageObject\",\"inLanguage\":\"pt-PT\",\"@id\":\"https:\\\/\\\/legendatours.com\\\/#\\\/schema\\\/logo\\\/image\\\/\",\"url\":\"https:\\\/\\\/legendatours.com\\\/wp-content\\\/uploads\\\/sites\\\/12\\\/2021\\\/06\\\/legendary_adventure_dmc.png\",\"contentUrl\":\"https:\\\/\\\/legendatours.com\\\/wp-content\\\/uploads\\\/sites\\\/12\\\/2021\\\/06\\\/legendary_adventure_dmc.png\",\"width\":250,\"height\":74,\"caption\":\"legendatours.com\"},\"image\":{\"@id\":\"https:\\\/\\\/legendatours.com\\\/#\\\/schema\\\/logo\\\/image\\\/\"},\"sameAs\":[\"https:\\\/\\\/www.facebook.com\\\/legendaryadventuredmc\\\/\",\"https:\\\/\\\/www.linkedin.com\\\/company\\\/legendary-adventure-dmc-portugal\",\"https:\\\/\\\/www.youtube.com\\\/channel\\\/UCOIRDx_KM6ynIcacQkZjb6g\"]}]}<\/script>\n<!-- \/ Yoast SEO Premium plugin. -->","yoast_head_json":{"title":"Servi\u00e7os e passeios personalizados - Legendary Adventure DMC Portugal","description":"Escolha qualquer passeio no cat\u00e1logo de Grupos guiados por aventuras lend\u00e1rias! Podemos adaptar qualquer itiner\u00e1rio e servi\u00e7os para atender \u00e0s suas necessidades e requisitos.","robots":{"index":"index","follow":"follow","max-snippet":"max-snippet:-1","max-image-preview":"max-image-preview:large","max-video-preview":"max-video-preview:-1"},"canonical":"https:\/\/legendatours.com\/pt\/our-services\/bespoke-services-tours-portugal\/","og_locale":"pt_PT","og_type":"article","og_title":"Portugal Bespoke Services & Tours","og_description":"You\u2019ll find the most extensive portfolio of Walking, Birdwatching, Cycling, Train Tours, Cultural, and Special Interest Tours in Portugal, covering the entire country. Meticulously designed, tested, and planned to meet strict criteria of quality and sustainability.","og_url":"https:\/\/legendatours.com\/pt\/our-services\/bespoke-services-tours-portugal\/","og_site_name":"Legendary Adventure DMC Portugal","article_publisher":"https:\/\/www.facebook.com\/legendaryadventuredmc\/","article_modified_time":"2021-08-22T09:56:32+00:00","og_image":[{"width":1024,"height":732,"url":"https:\/\/legendatours.com\/wp-content\/uploads\/sites\/12\/2021\/04\/bidwatching_algarve-1-e1611676672171.jpg","type":"image\/jpeg"}],"twitter_card":"summary_large_image","twitter_title":"Portugal Bespoke Services & Tours","twitter_description":"You\u2019ll find the most extensive portfolio of Walking, Birdwatching, Cycling, Train Tours, Cultural, and Special Interest Tours in Portugal, covering the entire country. Meticulously designed, tested, and planned to meet strict criteria of quality and sustainability.","twitter_image":"https:\/\/legendatours.com\/wp-content\/uploads\/sites\/12\/2021\/04\/bidwatching_algarve-1-e1611676672171.jpg","twitter_misc":{"Tempo estimado de leitura":"3 minutos"},"schema":{"@context":"https:\/\/schema.org","@graph":[{"@type":"WebPage","@id":"https:\/\/legendatours.com\/our-services\/bespoke-services-tours-portugal\/","url":"https:\/\/legendatours.com\/our-services\/bespoke-services-tours-portugal\/","name":"Servi\u00e7os e passeios personalizados - Legendary Adventure DMC Portugal","isPartOf":{"@id":"https:\/\/legendatours.com\/#website"},"datePublished":"2021-04-28T15:56:11+00:00","dateModified":"2021-08-22T09:56:32+00:00","description":"Escolha qualquer passeio no cat\u00e1logo de Grupos guiados por aventuras lend\u00e1rias! Podemos adaptar qualquer itiner\u00e1rio e servi\u00e7os para atender \u00e0s suas necessidades e requisitos.","breadcrumb":{"@id":"https:\/\/legendatours.com\/our-services\/bespoke-services-tours-portugal\/#breadcrumb"},"inLanguage":"pt-PT","potentialAction":[{"@type":"ReadAction","target":["https:\/\/legendatours.com\/our-services\/bespoke-services-tours-portugal\/"]}]},{"@type":"BreadcrumbList","@id":"https:\/\/legendatours.com\/our-services\/bespoke-services-tours-portugal\/#breadcrumb","itemListElement":[{"@type":"ListItem","position":1,"name":"Home","item":"https:\/\/legendatours.com\/"},{"@type":"ListItem","position":2,"name":"Our Services","item":"https:\/\/legendatours.com\/our-services\/"},{"@type":"ListItem","position":3,"name":"Bespoke Services &#038; Tours"}]},{"@type":"WebSite","@id":"https:\/\/legendatours.com\/#website","url":"https:\/\/legendatours.com\/","name":"Legendary Adventure DMC Portugal","description":"Caminhadas e F\u00e9rias na Natureza Respons\u00e1veis em Portugal","publisher":{"@id":"https:\/\/legendatours.com\/#organization"},"alternateName":"Legendary Adventure Portugal","potentialAction":[{"@type":"SearchAction","target":{"@type":"EntryPoint","urlTemplate":"https:\/\/legendatours.com\/?s={search_term_string}"},"query-input":{"@type":"PropertyValueSpecification","valueRequired":true,"valueName":"search_term_string"}}],"inLanguage":"pt-PT"},{"@type":"Organization","@id":"https:\/\/legendatours.com\/#organization","name":"legendatours.com","url":"https:\/\/legendatours.com\/","logo":{"@type":"ImageObject","inLanguage":"pt-PT","@id":"https:\/\/legendatours.com\/#\/schema\/logo\/image\/","url":"https:\/\/legendatours.com\/wp-content\/uploads\/sites\/12\/2021\/06\/legendary_adventure_dmc.png","contentUrl":"https:\/\/legendatours.com\/wp-content\/uploads\/sites\/12\/2021\/06\/legendary_adventure_dmc.png","width":250,"height":74,"caption":"legendatours.com"},"image":{"@id":"https:\/\/legendatours.com\/#\/schema\/logo\/image\/"},"sameAs":["https:\/\/www.facebook.com\/legendaryadventuredmc\/","https:\/\/www.linkedin.com\/company\/legendary-adventure-dmc-portugal","https:\/\/www.youtube.com\/channel\/UCOIRDx_KM6ynIcacQkZjb6g"]}]}},"_links":{"self":[{"href":"https:\/\/legendatours.com\/pt\/wp-json\/wp\/v2\/pages\/8573","targetHints":{"allow":["GET"]}}],"collection":[{"href":"https:\/\/legendatours.com\/pt\/wp-json\/wp\/v2\/pages"}],"about":[{"href":"https:\/\/legendatours.com\/pt\/wp-json\/wp\/v2\/types\/page"}],"author":[{"embeddable":true,"href":"https:\/\/legendatours.com\/pt\/wp-json\/wp\/v2\/users\/8"}],"replies":[{"embeddable":true,"href":"https:\/\/legendatours.com\/pt\/wp-json\/wp\/v2\/comments?post=8573"}],"version-history":[{"count":0,"href":"https:\/\/legendatours.com\/pt\/wp-json\/wp\/v2\/pages\/8573\/revisions"}],"up":[{"embeddable":true,"href":"https:\/\/legendatours.com\/pt\/wp-json\/wp\/v2\/pages\/8567"}],"wp:attachment":[{"href":"https:\/\/legendatours.com\/pt\/wp-json\/wp\/v2\/media?parent=8573"}],"curies":[{"name":"wp","href":"https:\/\/api.w.org\/{rel}","templated":true}]}}