{"id":10757,"date":"2025-03-03T14:12:38","date_gmt":"2025-03-03T14:12:38","guid":{"rendered":"https:\/\/legendatours.com\/product\/algarve-andalucia-tapas-walks-sunsets-13500\/"},"modified":"2025-09-01T11:04:37","modified_gmt":"2025-09-01T11:04:37","slug":"algarve-andalucia-tapas-walks-sunsets-13500","status":"publish","type":"product","link":"https:\/\/legendatours.com\/pt\/produto\/algarve-andalucia-tapas-walks-sunsets-13500\/","title":{"rendered":"Algarve e Andaluzia: Tapas, Caminhadas e P\u00f4r do Sol"},"content":{"rendered":"<p>Esta \u00e9 uma semana de f\u00e9rias relaxantes no extremo leste do Algarve, perto da fronteira com a Espanha.<\/p>\n<p><img loading=\"lazy\" decoding=\"async\" class=\"alignnone wp-image-4311 size-large\" src=\"https:\/\/legendatours.net\/wp-content\/uploads\/2025\/03\/Algarve-Andaluzia-Holidays-1024x683.jpg\" alt=\"\" width=\"1024\" height=\"683\" \/><\/p>\n<p>Voc\u00ea desfrutar\u00e1 de uma mistura de caminhadas suaves, temperadas por uma excurs\u00e3o de balsa pelo grande rio do Sul, o Guadiana, para uma refei\u00e7\u00e3o de saborosas tapas em Ayamonte.<\/p>\n<p>Al\u00e9m disso, embarcaremos no trem para visitar as hist\u00f3ricas e pitorescas cidades de Tavira, Vila Real de Santo Ant\u00f3nio e Olh\u00e3o.<\/p>\n<p><img loading=\"lazy\" decoding=\"async\" class=\"alignnone wp-image-4308 size-large\" src=\"https:\/\/legendatours.net\/wp-content\/uploads\/2025\/03\/Algarve-Andaluzia-Holidays-17-1024x683.jpg\" alt=\"\" width=\"1024\" height=\"683\" \/><\/p>\n<p>Em Tavira e Olh\u00e3o, prepare-se para dois passeios de barco na incr\u00edvel Ria Formosa. Um almo\u00e7o com os p\u00e9s na areia, com vista para o oceano, espera por voc\u00ea na ador\u00e1vel Ilha de Tavira.<\/p>\n<p><img loading=\"lazy\" decoding=\"async\" class=\"alignnone wp-image-4304 size-large\" src=\"https:\/\/legendatours.net\/wp-content\/uploads\/2025\/03\/Algarve-Andaluzia-Holidays-8-1024x683.jpg\" alt=\"\" width=\"1024\" height=\"683\" \/><\/p>\n<p>Um dia na Reserva Natural de Castro Marim, onde procuraremos flamingos, uma presen\u00e7a comum nas salinas tradicionais.<\/p>\n<p><img loading=\"lazy\" decoding=\"async\" class=\"alignnone wp-image-4307 size-large\" src=\"https:\/\/legendatours.net\/wp-content\/uploads\/2025\/03\/Algarve-Andaluzia-Holidays-16-1024x683.jpg\" alt=\"\" width=\"1024\" height=\"683\" \/><\/p>\n<p>Nossa base para essas f\u00e9rias ser\u00e1 Monte Gordo, uma popular cidade resort situada em uma das melhores praias de Portugal, estendendo-se por quil\u00f4metros em qualquer dire\u00e7\u00e3o com areias finas e \u00e1guas cristalinas. Por \u00faltimo, mas n\u00e3o menos importante, nosso hotel oferece instala\u00e7\u00f5es de spa requintadas, prontas para voc\u00ea aproveitar um merecido &quot;tempo para mim&quot;.<\/p>","protected":false},"excerpt":{"rendered":"<p>Esta \u00e9 uma semana de f\u00e9rias relaxantes no extremo leste do Algarve, perto da fronteira com a Espanha.<\/p>\n<p>Voc\u00ea desfrutar\u00e1 de uma mistura de caminhadas suaves, visitar\u00e1 cidades hist\u00f3ricas, explorar\u00e1 a Ria Formosa em Olh\u00e3o e desfrutar\u00e1 de um passeio de balsa pelo grande rio do Sul, o Guadiana, para uma refei\u00e7\u00e3o de saborosas tapas em Ayamonte.<\/p>","protected":false},"featured_media":10756,"comment_status":"closed","ping_status":"closed","template":"","meta":{"_acf_changed":false,"inline_featured_image":false},"product_brand":[],"product_cat":[32,611,28,30,124,31],"product_tag":[],"class_list":{"0":"post-10757","1":"product","2":"type-product","3":"status-publish","4":"has-post-thumbnail","6":"product_cat-cultural-tours-and-holidays-in-portugal","7":"product_cat-portugal-gastronomy-and-wines-guided-holidays","8":"product_cat-guided-group-tours","9":"product_cat-guided-sightseeing-holidays-portugal","10":"product_cat-guided-solo-holidays-in-portugal","11":"product_cat-guided-walking-holidays-in-portugal","13":"first","14":"instock","15":"virtual","16":"product-type-simple"},"acf":[],"yoast_head":"<!-- This site is optimized with the Yoast SEO Premium plugin v26.8 (Yoast SEO v27.4) - https:\/\/yoast.com\/product\/yoast-seo-premium-wordpress\/ -->\n<title>Algarve &amp; Andalucia: Tapas, Walks &amp; Sunsets - Legendary Adventure DMC Portugal<\/title>\n<meta name=\"robots\" content=\"index, follow, max-snippet:-1, max-image-preview:large, max-video-preview:-1\" \/>\n<link rel=\"canonical\" href=\"https:\/\/legendatours.com\/pt\/produto\/algarve-andalucia-tapas-walks-sunsets-13500\/\" \/>\n<meta property=\"og:locale\" content=\"pt_PT\" \/>\n<meta property=\"og:type\" content=\"article\" \/>\n<meta property=\"og:title\" content=\"Algarve &amp; Andalucia: Tapas, Walks &amp; Sunsets\" \/>\n<meta property=\"og:description\" content=\"Algarve &amp; Andalucia: Tapas, Walks &amp; Sunsets\" \/>\n<meta property=\"og:url\" content=\"https:\/\/legendatours.com\/pt\/produto\/algarve-andalucia-tapas-walks-sunsets-13500\/\" \/>\n<meta property=\"og:site_name\" content=\"Legendary Adventure DMC Portugal\" \/>\n<meta property=\"article:publisher\" content=\"https:\/\/www.facebook.com\/legendaryadventuredmc\/\" \/>\n<meta property=\"article:modified_time\" content=\"2025-09-01T11:04:37+00:00\" \/>\n<meta property=\"og:image\" content=\"https:\/\/legendatours.com\/wp-content\/uploads\/sites\/12\/2021\/04\/Spoonbill-1-e1611676626863.jpg\" \/>\n\t<meta property=\"og:image:width\" content=\"1024\" \/>\n\t<meta property=\"og:image:height\" content=\"683\" \/>\n\t<meta property=\"og:image:type\" content=\"image\/jpeg\" \/>\n<meta name=\"twitter:card\" content=\"summary_large_image\" \/>\n<meta name=\"twitter:description\" content=\"Algarve &amp; Andalucia: Tapas, Walks &amp; Sunsets\" \/>\n<meta name=\"twitter:image\" content=\"https:\/\/legendatours.com\/wp-content\/uploads\/sites\/12\/2021\/08\/responsible_walking_holidays-portugal.jpg\" \/>\n<meta name=\"twitter:label1\" content=\"Tempo estimado de leitura\" \/>\n\t<meta name=\"twitter:data1\" content=\"2 minutos\" \/>\n<script type=\"application\/ld+json\" class=\"yoast-schema-graph\">{\"@context\":\"https:\\\/\\\/schema.org\",\"@graph\":[{\"@type\":\"WebPage\",\"@id\":\"https:\\\/\\\/legendatours.com\\\/product\\\/algarve-andalucia-tapas-walks-sunsets-13500\\\/\",\"url\":\"https:\\\/\\\/legendatours.com\\\/product\\\/algarve-andalucia-tapas-walks-sunsets-13500\\\/\",\"name\":\"Algarve &amp; Andalucia: Tapas, Walks &amp; Sunsets - Legendary Adventure DMC Portugal\",\"isPartOf\":{\"@id\":\"https:\\\/\\\/legendatours.com\\\/#website\"},\"primaryImageOfPage\":{\"@id\":\"https:\\\/\\\/legendatours.com\\\/product\\\/algarve-andalucia-tapas-walks-sunsets-13500\\\/#primaryimage\"},\"image\":{\"@id\":\"https:\\\/\\\/legendatours.com\\\/product\\\/algarve-andalucia-tapas-walks-sunsets-13500\\\/#primaryimage\"},\"thumbnailUrl\":\"https:\\\/\\\/legendatours.com\\\/wp-content\\\/uploads\\\/sites\\\/12\\\/2025\\\/03\\\/Algarve-Andaluzia-Holidays.jpg\",\"datePublished\":\"2025-03-03T14:12:38+00:00\",\"dateModified\":\"2025-09-01T11:04:37+00:00\",\"breadcrumb\":{\"@id\":\"https:\\\/\\\/legendatours.com\\\/product\\\/algarve-andalucia-tapas-walks-sunsets-13500\\\/#breadcrumb\"},\"inLanguage\":\"pt-PT\",\"potentialAction\":[{\"@type\":\"ReadAction\",\"target\":[\"https:\\\/\\\/legendatours.com\\\/product\\\/algarve-andalucia-tapas-walks-sunsets-13500\\\/\"]}]},{\"@type\":\"ImageObject\",\"inLanguage\":\"pt-PT\",\"@id\":\"https:\\\/\\\/legendatours.com\\\/product\\\/algarve-andalucia-tapas-walks-sunsets-13500\\\/#primaryimage\",\"url\":\"https:\\\/\\\/legendatours.com\\\/wp-content\\\/uploads\\\/sites\\\/12\\\/2025\\\/03\\\/Algarve-Andaluzia-Holidays.jpg\",\"contentUrl\":\"https:\\\/\\\/legendatours.com\\\/wp-content\\\/uploads\\\/sites\\\/12\\\/2025\\\/03\\\/Algarve-Andaluzia-Holidays.jpg\",\"width\":1800,\"height\":1200,\"caption\":\"Algarve &amp; Andaluzia Holidays\"},{\"@type\":\"BreadcrumbList\",\"@id\":\"https:\\\/\\\/legendatours.com\\\/product\\\/algarve-andalucia-tapas-walks-sunsets-13500\\\/#breadcrumb\",\"itemListElement\":[{\"@type\":\"ListItem\",\"position\":1,\"name\":\"Home\",\"item\":\"https:\\\/\\\/legendatours.com\\\/\"},{\"@type\":\"ListItem\",\"position\":2,\"name\":\"Shop\",\"item\":\"https:\\\/\\\/legendatours.com\\\/sv\\\/?page_id=4\"},{\"@type\":\"ListItem\",\"position\":3,\"name\":\"Algarve &amp; Andalucia: Tapas, Walks &amp; Sunsets\"}]},{\"@type\":\"WebSite\",\"@id\":\"https:\\\/\\\/legendatours.com\\\/#website\",\"url\":\"https:\\\/\\\/legendatours.com\\\/\",\"name\":\"Legendary Adventure DMC Portugal\",\"description\":\"Responsible Walking &amp; Nature Holidays in Portugal\",\"publisher\":{\"@id\":\"https:\\\/\\\/legendatours.com\\\/#organization\"},\"alternateName\":\"Legendary Adventure Portugal\",\"potentialAction\":[{\"@type\":\"SearchAction\",\"target\":{\"@type\":\"EntryPoint\",\"urlTemplate\":\"https:\\\/\\\/legendatours.com\\\/?s={search_term_string}\"},\"query-input\":{\"@type\":\"PropertyValueSpecification\",\"valueRequired\":true,\"valueName\":\"search_term_string\"}}],\"inLanguage\":\"pt-PT\"},{\"@type\":\"Organization\",\"@id\":\"https:\\\/\\\/legendatours.com\\\/#organization\",\"name\":\"legendatours.com\",\"url\":\"https:\\\/\\\/legendatours.com\\\/\",\"logo\":{\"@type\":\"ImageObject\",\"inLanguage\":\"pt-PT\",\"@id\":\"https:\\\/\\\/legendatours.com\\\/#\\\/schema\\\/logo\\\/image\\\/\",\"url\":\"https:\\\/\\\/legendatours.com\\\/wp-content\\\/uploads\\\/sites\\\/12\\\/2021\\\/06\\\/legendary_adventure_dmc.png\",\"contentUrl\":\"https:\\\/\\\/legendatours.com\\\/wp-content\\\/uploads\\\/sites\\\/12\\\/2021\\\/06\\\/legendary_adventure_dmc.png\",\"width\":250,\"height\":74,\"caption\":\"legendatours.com\"},\"image\":{\"@id\":\"https:\\\/\\\/legendatours.com\\\/#\\\/schema\\\/logo\\\/image\\\/\"},\"sameAs\":[\"https:\\\/\\\/www.facebook.com\\\/legendaryadventuredmc\\\/\",\"https:\\\/\\\/www.linkedin.com\\\/company\\\/legendary-adventure-dmc-portugal\",\"https:\\\/\\\/www.youtube.com\\\/channel\\\/UCOIRDx_KM6ynIcacQkZjb6g\"]}]}<\/script>\n<!-- \/ Yoast SEO Premium plugin. -->","yoast_head_json":{"title":"Algarve &amp; Andalucia: Tapas, Walks &amp; Sunsets - Legendary Adventure DMC Portugal","robots":{"index":"index","follow":"follow","max-snippet":"max-snippet:-1","max-image-preview":"max-image-preview:large","max-video-preview":"max-video-preview:-1"},"canonical":"https:\/\/legendatours.com\/pt\/produto\/algarve-andalucia-tapas-walks-sunsets-13500\/","og_locale":"pt_PT","og_type":"article","og_title":"Algarve &amp; Andalucia: Tapas, Walks &amp; Sunsets","og_description":"Algarve & Andalucia: Tapas, Walks & Sunsets","og_url":"https:\/\/legendatours.com\/pt\/produto\/algarve-andalucia-tapas-walks-sunsets-13500\/","og_site_name":"Legendary Adventure DMC Portugal","article_publisher":"https:\/\/www.facebook.com\/legendaryadventuredmc\/","article_modified_time":"2025-09-01T11:04:37+00:00","og_image":[{"width":1024,"height":683,"url":"https:\/\/legendatours.com\/wp-content\/uploads\/sites\/12\/2021\/04\/Spoonbill-1-e1611676626863.jpg","type":"image\/jpeg"}],"twitter_card":"summary_large_image","twitter_description":"Algarve & Andalucia: Tapas, Walks & Sunsets","twitter_image":"https:\/\/legendatours.com\/wp-content\/uploads\/sites\/12\/2021\/08\/responsible_walking_holidays-portugal.jpg","twitter_misc":{"Tempo estimado de leitura":"2 minutos"},"schema":{"@context":"https:\/\/schema.org","@graph":[{"@type":"WebPage","@id":"https:\/\/legendatours.com\/product\/algarve-andalucia-tapas-walks-sunsets-13500\/","url":"https:\/\/legendatours.com\/product\/algarve-andalucia-tapas-walks-sunsets-13500\/","name":"Algarve &amp; Andalucia: Tapas, Walks &amp; Sunsets - Legendary Adventure DMC Portugal","isPartOf":{"@id":"https:\/\/legendatours.com\/#website"},"primaryImageOfPage":{"@id":"https:\/\/legendatours.com\/product\/algarve-andalucia-tapas-walks-sunsets-13500\/#primaryimage"},"image":{"@id":"https:\/\/legendatours.com\/product\/algarve-andalucia-tapas-walks-sunsets-13500\/#primaryimage"},"thumbnailUrl":"https:\/\/legendatours.com\/wp-content\/uploads\/sites\/12\/2025\/03\/Algarve-Andaluzia-Holidays.jpg","datePublished":"2025-03-03T14:12:38+00:00","dateModified":"2025-09-01T11:04:37+00:00","breadcrumb":{"@id":"https:\/\/legendatours.com\/product\/algarve-andalucia-tapas-walks-sunsets-13500\/#breadcrumb"},"inLanguage":"pt-PT","potentialAction":[{"@type":"ReadAction","target":["https:\/\/legendatours.com\/product\/algarve-andalucia-tapas-walks-sunsets-13500\/"]}]},{"@type":"ImageObject","inLanguage":"pt-PT","@id":"https:\/\/legendatours.com\/product\/algarve-andalucia-tapas-walks-sunsets-13500\/#primaryimage","url":"https:\/\/legendatours.com\/wp-content\/uploads\/sites\/12\/2025\/03\/Algarve-Andaluzia-Holidays.jpg","contentUrl":"https:\/\/legendatours.com\/wp-content\/uploads\/sites\/12\/2025\/03\/Algarve-Andaluzia-Holidays.jpg","width":1800,"height":1200,"caption":"Algarve &amp; Andaluzia Holidays"},{"@type":"BreadcrumbList","@id":"https:\/\/legendatours.com\/product\/algarve-andalucia-tapas-walks-sunsets-13500\/#breadcrumb","itemListElement":[{"@type":"ListItem","position":1,"name":"Home","item":"https:\/\/legendatours.com\/"},{"@type":"ListItem","position":2,"name":"Shop","item":"https:\/\/legendatours.com\/sv\/?page_id=4"},{"@type":"ListItem","position":3,"name":"Algarve &amp; Andalucia: Tapas, Walks &amp; Sunsets"}]},{"@type":"WebSite","@id":"https:\/\/legendatours.com\/#website","url":"https:\/\/legendatours.com\/","name":"Legendary Adventure DMC Portugal","description":"Caminhadas e F\u00e9rias na Natureza Respons\u00e1veis em Portugal","publisher":{"@id":"https:\/\/legendatours.com\/#organization"},"alternateName":"Legendary Adventure Portugal","potentialAction":[{"@type":"SearchAction","target":{"@type":"EntryPoint","urlTemplate":"https:\/\/legendatours.com\/?s={search_term_string}"},"query-input":{"@type":"PropertyValueSpecification","valueRequired":true,"valueName":"search_term_string"}}],"inLanguage":"pt-PT"},{"@type":"Organization","@id":"https:\/\/legendatours.com\/#organization","name":"legendatours.com","url":"https:\/\/legendatours.com\/","logo":{"@type":"ImageObject","inLanguage":"pt-PT","@id":"https:\/\/legendatours.com\/#\/schema\/logo\/image\/","url":"https:\/\/legendatours.com\/wp-content\/uploads\/sites\/12\/2021\/06\/legendary_adventure_dmc.png","contentUrl":"https:\/\/legendatours.com\/wp-content\/uploads\/sites\/12\/2021\/06\/legendary_adventure_dmc.png","width":250,"height":74,"caption":"legendatours.com"},"image":{"@id":"https:\/\/legendatours.com\/#\/schema\/logo\/image\/"},"sameAs":["https:\/\/www.facebook.com\/legendaryadventuredmc\/","https:\/\/www.linkedin.com\/company\/legendary-adventure-dmc-portugal","https:\/\/www.youtube.com\/channel\/UCOIRDx_KM6ynIcacQkZjb6g"]}]}},"_links":{"self":[{"href":"https:\/\/legendatours.com\/pt\/wp-json\/wp\/v2\/product\/10757","targetHints":{"allow":["GET"]}}],"collection":[{"href":"https:\/\/legendatours.com\/pt\/wp-json\/wp\/v2\/product"}],"about":[{"href":"https:\/\/legendatours.com\/pt\/wp-json\/wp\/v2\/types\/product"}],"replies":[{"embeddable":true,"href":"https:\/\/legendatours.com\/pt\/wp-json\/wp\/v2\/comments?post=10757"}],"wp:featuredmedia":[{"embeddable":true,"href":"https:\/\/legendatours.com\/pt\/wp-json\/wp\/v2\/media\/10756"}],"wp:attachment":[{"href":"https:\/\/legendatours.com\/pt\/wp-json\/wp\/v2\/media?parent=10757"}],"wp:term":[{"taxonomy":"product_brand","embeddable":true,"href":"https:\/\/legendatours.com\/pt\/wp-json\/wp\/v2\/product_brand?post=10757"},{"taxonomy":"product_cat","embeddable":true,"href":"https:\/\/legendatours.com\/pt\/wp-json\/wp\/v2\/product_cat?post=10757"},{"taxonomy":"product_tag","embeddable":true,"href":"https:\/\/legendatours.com\/pt\/wp-json\/wp\/v2\/product_tag?post=10757"}],"curies":[{"name":"wp","href":"https:\/\/api.w.org\/{rel}","templated":true}]}}