{"id":10874,"date":"2025-07-04T14:16:37","date_gmt":"2025-07-04T14:16:37","guid":{"rendered":"https:\/\/legendatours.com\/product\/cape-verde-hidden-gems-sightseeing-walking-cv1300g\/"},"modified":"2026-03-10T17:41:46","modified_gmt":"2026-03-10T17:41:46","slug":"cabo-verde-hidden-gems-cv1200g","status":"publish","type":"product","link":"https:\/\/legendatours.com\/pt\/produto\/cabo-verde-hidden-gems-cv1200g\/","title":{"rendered":"Tesouros escondidos de Cabo Verde"},"content":{"rendered":"<div id=\"fws_69f411f24cdf2\"  data-column-margin=\"default\" data-midnight=\"dark\"  class=\"wpb_row vc_row-fluid vc_row\"  style=\"padding-top: 0px; padding-bottom: 0px; \"><div class=\"row-bg-wrap\" data-bg-animation=\"none\" data-bg-animation-delay=\"\" data-bg-overlay=\"false\"><div class=\"inner-wrap row-bg-layer\" ><div class=\"row-bg viewport-desktop\"  style=\"\"><\/div><\/div><\/div><div class=\"row_col_wrap_12 col span_12 dark left\">\n\t<div  class=\"vc_col-sm-12 wpb_column column_container vc_column_container col no-extra-padding inherit_tablet inherit_phone flex_gap_desktop_10px\"  data-padding-pos=\"all\" data-has-bg-color=\"false\" data-bg-color=\"\" data-bg-opacity=\"1\" data-animation=\"\" data-delay=\"0\" >\n\t\t<div class=\"vc_column-inner\" >\n\t\t\t<div class=\"wpb_wrapper\">\n\t\t\t\t\n<div class=\"wpb_text_column wpb_content_element\" >\n\t<p><strong>Nossa aventura come\u00e7a em Mindelo, situada na Ilha de S\u00e3o Vicente. Reconhecida como a capital cultural de Cabo Verde, Mindelo ostenta ruas coloridas, shows de m\u00fasica ao vivo e ricas tradi\u00e7\u00f5es. <\/strong><\/p>\n<p><strong>Ap\u00f3s nos maravilharmos com as vistas e os sons de S\u00e3o Vicente, embarcamos num passeio panor\u00e2mico de ferry at\u00e9 \u00e0 deslumbrante Ilha de Santo Ant\u00e3o. <\/strong><\/p>\n<p><strong>Enquanto deslizamos sobre as \u00e1guas azul-celeste, uma majestosa paisagem vulc\u00e2nica se revela, oferecendo um ref\u00fagio sereno que parece um para\u00edso secreto, maravilhosamente intocado pelas multid\u00f5es do turismo de massa. <\/strong><\/p>\n<p><strong>Durante nossa estadia em Santo Ant\u00e3o, mergulhamos em uma variedade de paisagens espetaculares, incluindo imponentes picos de montanhas, charmosas vilas de pescadores, vales verdejantes tropicais e cen\u00e1rios que lembram o Saara. <\/strong><\/p>\n<p><strong>Apreciamos as del\u00edcias culin\u00e1rias locais e exploramos os ricos tesouros culturais e naturais que estas ilhas remotas do Atl\u00e2ntico t\u00eam para oferecer.<\/strong><\/p>\n<p><strong>\u00a0<\/strong><\/p>\n<p><strong>S\u00e3o Vicente, Cora\u00e7\u00e3o Cultural de Cabo Verde<\/strong><\/p>\n<p>Ao chegar em Mindelo, voc\u00ea encontrar\u00e1 algo interessante em cada esquina.<\/p>\n<p>Celebrada como o cora\u00e7\u00e3o cultural do arquip\u00e9lago e ber\u00e7o da lend\u00e1ria cantora de morna Ces\u00e1ria \u00c9vora, Mindelo destaca-se pela sua vibrante arquitetura colonial, alma art\u00edstica e charme nost\u00e1lgico.<\/p>\n<div id=\"attachment_4367\" style=\"width: 1034px\" class=\"wp-caption alignnone\"><img loading=\"lazy\" decoding=\"async\" aria-describedby=\"caption-attachment-4367\" class=\"wp-image-4367 size-large\" src=\"https:\/\/legendatours.net\/wp-content\/uploads\/2025\/07\/35-1024x683.jpg\" alt=\"Walking in S\u00e3o Vicente Cape Verde\" width=\"1024\" height=\"683\" \/><p id=\"caption-attachment-4367\" class=\"wp-caption-text\">Centro Nacional de Artes, Of\u00edcios e Design do Mindelo<\/p><\/div>\n<p>&nbsp;<\/p>\n<div id=\"attachment_4366\" style=\"width: 1034px\" class=\"wp-caption alignnone\"><img loading=\"lazy\" decoding=\"async\" aria-describedby=\"caption-attachment-4366\" class=\"wp-image-4366 size-large\" src=\"https:\/\/legendatours.net\/wp-content\/uploads\/2025\/07\/34-1024x683.jpg\" alt=\"Walking in S\u00e3o Vicente Cape Verde\" width=\"1024\" height=\"683\" \/><p id=\"caption-attachment-4366\" class=\"wp-caption-text\">Mercado de produtos em Mindelo<\/p><\/div>\n<p>A praia urbana de Laginha, em uma ba\u00eda abrigada de \u00e1guas turquesa, \u00e9 \u00f3tima para molhar os p\u00e9s.<\/p>\n<p>A cidade oferece uma cena musical vibrante, mercados de rua com artesanato e produtos frescos, arte urbana interessante e um porto de \u00e1guas profundas, um centro comercial secular.<\/p>\n<div id=\"attachment_4330\" style=\"width: 1034px\" class=\"wp-caption alignnone\"><img loading=\"lazy\" decoding=\"async\" aria-describedby=\"caption-attachment-4330\" class=\"wp-image-4330 size-large\" src=\"https:\/\/legendatours.net\/wp-content\/uploads\/2025\/07\/33-1024x683.jpg\" alt=\"Cape Verde - Mindelo and Santo Ant\u00e3o Culture and Nature Walking Tour\" width=\"1024\" height=\"683\" \/><p id=\"caption-attachment-4330\" class=\"wp-caption-text\">Mindelo e vista para Monte Cara<\/p><\/div>\n<p>&nbsp;<\/p>\n<div id=\"attachment_4363\" style=\"width: 1034px\" class=\"wp-caption alignnone\"><img loading=\"lazy\" decoding=\"async\" aria-describedby=\"caption-attachment-4363\" class=\"wp-image-4363 size-large\" src=\"https:\/\/legendatours.net\/wp-content\/uploads\/2025\/07\/31-1024x683.jpg\" alt=\"Walking in S\u00e3o Vicente Cape Verde\" width=\"1024\" height=\"683\" \/><p id=\"caption-attachment-4363\" class=\"wp-caption-text\">Mural de Ces\u00e1ria \u00c9vora no Mindelo de Vihls<\/p><\/div>\n<p>&nbsp;<\/p>\n<div id=\"attachment_4362\" style=\"width: 1034px\" class=\"wp-caption alignnone\"><img loading=\"lazy\" decoding=\"async\" aria-describedby=\"caption-attachment-4362\" class=\"wp-image-4362 size-large\" src=\"https:\/\/legendatours.net\/wp-content\/uploads\/2025\/07\/30-1024x683.jpg\" alt=\"Walking in S\u00e3o Vicente Cape Verde\" width=\"1024\" height=\"683\" \/><p id=\"caption-attachment-4362\" class=\"wp-caption-text\">Laginha, a praia urbana do Mindelo, S\u00e3o Vicente<\/p><\/div>\n<p>Ainda hoje, vemos as marcas de sua rica hist\u00f3ria e das diversas culturas que cruzaram essas ruas.<\/p>\n<p>Al\u00e9m da capital, S\u00e3o Vicente possui belas praias de areia branca, onde \u00e9 poss\u00edvel observar e nadar com tartarugas.<\/p>\n<p><strong>\u00a0<\/strong><\/p>\n<p><strong>Santo Ant\u00e3o, a Ilha da Montanha<\/strong><\/p>\n<p>A pr\u00f3xima paragem \u00e9 Santo Ant\u00e3o. Se Cabo Verde fosse uma j\u00f3ia, Santo Ant\u00e3o seria o seu diamante mais raro e valioso.<\/p>\n<p>Com sua vegeta\u00e7\u00e3o exuberante, picos imponentes e trilhas que percorrem fal\u00e9sias \u00e0 beira-mar ou descem por encostas vulc\u00e2nicas e agr\u00edcolas, Santo Ant\u00e3o \u00e9 um para\u00edso perdido.<\/p>\n<div id=\"attachment_4387\" style=\"width: 1034px\" class=\"wp-caption alignnone\"><img loading=\"lazy\" decoding=\"async\" aria-describedby=\"caption-attachment-4387\" class=\"wp-image-4387 size-large\" src=\"https:\/\/legendatours.net\/wp-content\/uploads\/2025\/07\/55-1024x683.jpg\" alt=\"Walking in Santo Ant\u00e3o Cape Verde\" width=\"1024\" height=\"683\" \/><p id=\"caption-attachment-4387\" class=\"wp-caption-text\">Fonta\u00ednhas \u00e9 reconhecida como Patrim\u00f3nio Cultural e Natural Nacional<\/p><\/div>\n<p>&nbsp;<\/p>\n<div id=\"attachment_4372\" style=\"width: 1034px\" class=\"wp-caption alignnone\"><img loading=\"lazy\" decoding=\"async\" aria-describedby=\"caption-attachment-4372\" class=\"wp-image-4372 size-large\" src=\"https:\/\/legendatours.net\/wp-content\/uploads\/2025\/07\/40-1024x683.jpg\" alt=\"Walking in Santo Ant\u00e3o Cape Verde\" width=\"1024\" height=\"683\" \/><p id=\"caption-attachment-4372\" class=\"wp-caption-text\">Passeio em Santo Ant\u00e3o Cabo Verde<\/p><\/div>\n<p>\u00c9 o completo oposto de outras ilhas tur\u00edsticas de Cabo Verde, conhecidas como destinos de praia e por seus resorts de luxo fechados.<\/p>\n<p>Aqui, voc\u00ea n\u00e3o encontrar\u00e1 uma vers\u00e3o higienizada de Cabo Verde; em vez disso, ser\u00e1 presenteado com autenticidade e um roteiro cuidadosamente selecionado de caminhadas e experi\u00eancias em paisagens diversas e intocadas.<\/p>\n<div id=\"attachment_4375\" style=\"width: 1034px\" class=\"wp-caption alignnone\"><img loading=\"lazy\" decoding=\"async\" aria-describedby=\"caption-attachment-4375\" class=\"wp-image-4375 size-large\" src=\"https:\/\/legendatours.net\/wp-content\/uploads\/2025\/07\/43-1024x683.jpg\" alt=\"Walking in Santo Ant\u00e3o Cape Verde\" width=\"1024\" height=\"683\" \/><p id=\"caption-attachment-4375\" class=\"wp-caption-text\">Produ\u00e7\u00e3o de <em>grogue<\/em> em Santo Ant\u00e3o<\/p><\/div>\n<p>&nbsp;<\/p>\n<div id=\"attachment_4347\" style=\"width: 1034px\" class=\"wp-caption alignnone\"><img loading=\"lazy\" decoding=\"async\" aria-describedby=\"caption-attachment-4347\" class=\"wp-image-4347 size-large\" src=\"https:\/\/legendatours.net\/wp-content\/uploads\/2025\/07\/15-1024x683.jpg\" alt=\"Walking in Santo Ant\u00e3o Cape Verde\" width=\"1024\" height=\"683\" \/><p id=\"caption-attachment-4347\" class=\"wp-caption-text\">Vale do Pa\u00fal, Santo Ant\u00e3o<\/p><\/div>\n<p>&nbsp;<\/p>\n<div id=\"attachment_4376\" style=\"width: 1034px\" class=\"wp-caption alignnone\"><img loading=\"lazy\" decoding=\"async\" aria-describedby=\"caption-attachment-4376\" class=\"wp-image-4376 size-large\" src=\"https:\/\/legendatours.net\/wp-content\/uploads\/2025\/07\/44-1024x683.jpg\" alt=\"Walking in Santo Ant\u00e3o Cape Verde\" width=\"1024\" height=\"683\" \/><p id=\"caption-attachment-4376\" class=\"wp-caption-text\">Cultura de cana-de-a\u00e7\u00facar, Santo Ant\u00e3o Cabo Verde<\/p><\/div>\n<p>&nbsp;<\/p>\n<div id=\"attachment_4337\" style=\"width: 1034px\" class=\"wp-caption alignnone\"><img loading=\"lazy\" decoding=\"async\" aria-describedby=\"caption-attachment-4337\" class=\"wp-image-4337 size-large\" src=\"https:\/\/legendatours.net\/wp-content\/uploads\/2025\/07\/5-1024x683.jpg\" alt=\"Walking in Santo Ant\u00e3o Cape Verde\" width=\"1024\" height=\"683\" \/><p id=\"caption-attachment-4337\" class=\"wp-caption-text\">Passeio em Santo Ant\u00e3o Cabo Verde<\/p><\/div>\n<p>A proverbial cordialidade e gentileza do povo cabo-verdiano aqui \u00e9 ainda mais genu\u00edna. Sinta a <em>morabeza<\/em>!<\/p>\n<\/div>\n\n\n\n\n\t\t\t<\/div> \n\t\t<\/div>\n\t<\/div> \n<\/div><\/div>","protected":false},"excerpt":{"rendered":"<p>Nossa aventura come\u00e7a em Mindelo, o cora\u00e7\u00e3o cultural de Cabo Verde. Depois de nos encantarmos com as vistas e os sons de S\u00e3o Vicente, faremos uma viagem panor\u00e2mica de ferry at\u00e9 a deslumbrante Ilha de Santo Ant\u00e3o, um ref\u00fagio sereno que parece um para\u00edso secreto, maravilhosamente intocado pelas multid\u00f5es do turismo de massa.<\/p>","protected":false},"featured_media":10865,"comment_status":"closed","ping_status":"closed","template":"","meta":{"_acf_changed":false,"inline_featured_image":false},"product_brand":[],"product_cat":[1158],"product_tag":[],"class_list":{"0":"post-10874","1":"product","2":"type-product","3":"status-publish","4":"has-post-thumbnail","6":"product_cat-cabo-verde-walking-group-tours","8":"first","9":"instock","10":"featured","11":"virtual","12":"product-type-simple"},"acf":[],"yoast_head":"<!-- This site is optimized with the Yoast SEO Premium plugin v26.8 (Yoast SEO v27.5) - https:\/\/yoast.com\/product\/yoast-seo-premium-wordpress\/ -->\n<title>Cabo Verde Hidden Gems - Legendary Adventure DMC Portugal<\/title>\n<meta name=\"robots\" content=\"index, follow, max-snippet:-1, max-image-preview:large, max-video-preview:-1\" \/>\n<link rel=\"canonical\" href=\"https:\/\/legendatours.com\/pt\/produto\/cabo-verde-hidden-gems-cv1200g\/\" \/>\n<meta property=\"og:locale\" content=\"pt_PT\" \/>\n<meta property=\"og:type\" content=\"article\" \/>\n<meta property=\"og:title\" content=\"Cabo Verde Hidden Gems\" \/>\n<meta property=\"og:description\" content=\"Our adventure begins in Mindelo, the cultural heart of Cabo Verde. After soaking in the sights and sounds of S\u00e3o Vicente, we take a scenic ferry ride to the stunning Island of Santo Ant\u00e3o,\u00a0a serene haven that feels like a secret paradise, blissfully untouched by the crowds of mass tourism.\" \/>\n<meta property=\"og:url\" content=\"https:\/\/legendatours.com\/pt\/produto\/cabo-verde-hidden-gems-cv1200g\/\" \/>\n<meta property=\"og:site_name\" content=\"Legendary Adventure DMC Portugal\" \/>\n<meta property=\"article:publisher\" content=\"https:\/\/www.facebook.com\/legendaryadventuredmc\/\" \/>\n<meta property=\"article:modified_time\" content=\"2026-03-10T17:41:46+00:00\" \/>\n<meta property=\"og:image\" content=\"https:\/\/legendatours.com\/wp-content\/uploads\/sites\/12\/2025\/07\/24.jpg\" \/>\n\t<meta property=\"og:image:width\" content=\"1800\" \/>\n\t<meta property=\"og:image:height\" content=\"1200\" \/>\n\t<meta property=\"og:image:type\" content=\"image\/jpeg\" \/>\n<meta name=\"twitter:card\" content=\"summary_large_image\" \/>\n<meta name=\"twitter:label1\" content=\"Tempo estimado de leitura\" \/>\n\t<meta name=\"twitter:data1\" content=\"4 minutos\" \/>\n<script type=\"application\/ld+json\" class=\"yoast-schema-graph\">{\"@context\":\"https:\\\/\\\/schema.org\",\"@graph\":[{\"@type\":\"WebPage\",\"@id\":\"https:\\\/\\\/legendatours.com\\\/product\\\/cabo-verde-hidden-gems-cv1200g\\\/\",\"url\":\"https:\\\/\\\/legendatours.com\\\/product\\\/cabo-verde-hidden-gems-cv1200g\\\/\",\"name\":\"Cabo Verde Hidden Gems - Legendary Adventure DMC Portugal\",\"isPartOf\":{\"@id\":\"https:\\\/\\\/legendatours.com\\\/#website\"},\"primaryImageOfPage\":{\"@id\":\"https:\\\/\\\/legendatours.com\\\/product\\\/cabo-verde-hidden-gems-cv1200g\\\/#primaryimage\"},\"image\":{\"@id\":\"https:\\\/\\\/legendatours.com\\\/product\\\/cabo-verde-hidden-gems-cv1200g\\\/#primaryimage\"},\"thumbnailUrl\":\"https:\\\/\\\/legendatours.com\\\/wp-content\\\/uploads\\\/sites\\\/12\\\/2025\\\/07\\\/24.jpg\",\"datePublished\":\"2025-07-04T14:16:37+00:00\",\"dateModified\":\"2026-03-10T17:41:46+00:00\",\"breadcrumb\":{\"@id\":\"https:\\\/\\\/legendatours.com\\\/product\\\/cabo-verde-hidden-gems-cv1200g\\\/#breadcrumb\"},\"inLanguage\":\"pt-PT\",\"potentialAction\":[{\"@type\":\"ReadAction\",\"target\":[\"https:\\\/\\\/legendatours.com\\\/product\\\/cabo-verde-hidden-gems-cv1200g\\\/\"]}]},{\"@type\":\"ImageObject\",\"inLanguage\":\"pt-PT\",\"@id\":\"https:\\\/\\\/legendatours.com\\\/product\\\/cabo-verde-hidden-gems-cv1200g\\\/#primaryimage\",\"url\":\"https:\\\/\\\/legendatours.com\\\/wp-content\\\/uploads\\\/sites\\\/12\\\/2025\\\/07\\\/24.jpg\",\"contentUrl\":\"https:\\\/\\\/legendatours.com\\\/wp-content\\\/uploads\\\/sites\\\/12\\\/2025\\\/07\\\/24.jpg\",\"width\":1800,\"height\":1200},{\"@type\":\"BreadcrumbList\",\"@id\":\"https:\\\/\\\/legendatours.com\\\/product\\\/cabo-verde-hidden-gems-cv1200g\\\/#breadcrumb\",\"itemListElement\":[{\"@type\":\"ListItem\",\"position\":1,\"name\":\"Home\",\"item\":\"https:\\\/\\\/legendatours.com\\\/\"},{\"@type\":\"ListItem\",\"position\":2,\"name\":\"Shop\",\"item\":\"https:\\\/\\\/legendatours.com\\\/sv\\\/?page_id=4\"},{\"@type\":\"ListItem\",\"position\":3,\"name\":\"Cabo Verde Hidden Gems\"}]},{\"@type\":\"WebSite\",\"@id\":\"https:\\\/\\\/legendatours.com\\\/#website\",\"url\":\"https:\\\/\\\/legendatours.com\\\/\",\"name\":\"Legendary Adventure DMC Portugal\",\"description\":\"Responsible Walking &amp; Nature Holidays in Portugal\",\"publisher\":{\"@id\":\"https:\\\/\\\/legendatours.com\\\/#organization\"},\"alternateName\":\"Legendary Adventure Portugal\",\"potentialAction\":[{\"@type\":\"SearchAction\",\"target\":{\"@type\":\"EntryPoint\",\"urlTemplate\":\"https:\\\/\\\/legendatours.com\\\/?s={search_term_string}\"},\"query-input\":{\"@type\":\"PropertyValueSpecification\",\"valueRequired\":true,\"valueName\":\"search_term_string\"}}],\"inLanguage\":\"pt-PT\"},{\"@type\":\"Organization\",\"@id\":\"https:\\\/\\\/legendatours.com\\\/#organization\",\"name\":\"legendatours.com\",\"url\":\"https:\\\/\\\/legendatours.com\\\/\",\"logo\":{\"@type\":\"ImageObject\",\"inLanguage\":\"pt-PT\",\"@id\":\"https:\\\/\\\/legendatours.com\\\/#\\\/schema\\\/logo\\\/image\\\/\",\"url\":\"https:\\\/\\\/legendatours.com\\\/wp-content\\\/uploads\\\/sites\\\/12\\\/2021\\\/06\\\/legendary_adventure_dmc.png\",\"contentUrl\":\"https:\\\/\\\/legendatours.com\\\/wp-content\\\/uploads\\\/sites\\\/12\\\/2021\\\/06\\\/legendary_adventure_dmc.png\",\"width\":250,\"height\":74,\"caption\":\"legendatours.com\"},\"image\":{\"@id\":\"https:\\\/\\\/legendatours.com\\\/#\\\/schema\\\/logo\\\/image\\\/\"},\"sameAs\":[\"https:\\\/\\\/www.facebook.com\\\/legendaryadventuredmc\\\/\",\"https:\\\/\\\/www.linkedin.com\\\/company\\\/legendary-adventure-dmc-portugal\",\"https:\\\/\\\/www.youtube.com\\\/channel\\\/UCOIRDx_KM6ynIcacQkZjb6g\"]}]}<\/script>\n<!-- \/ Yoast SEO Premium plugin. -->","yoast_head_json":{"title":"Cabo Verde Hidden Gems - Legendary Adventure DMC Portugal","robots":{"index":"index","follow":"follow","max-snippet":"max-snippet:-1","max-image-preview":"max-image-preview:large","max-video-preview":"max-video-preview:-1"},"canonical":"https:\/\/legendatours.com\/pt\/produto\/cabo-verde-hidden-gems-cv1200g\/","og_locale":"pt_PT","og_type":"article","og_title":"Cabo Verde Hidden Gems","og_description":"Our adventure begins in Mindelo, the cultural heart of Cabo Verde. After soaking in the sights and sounds of S\u00e3o Vicente, we take a scenic ferry ride to the stunning Island of Santo Ant\u00e3o,\u00a0a serene haven that feels like a secret paradise, blissfully untouched by the crowds of mass tourism.","og_url":"https:\/\/legendatours.com\/pt\/produto\/cabo-verde-hidden-gems-cv1200g\/","og_site_name":"Legendary Adventure DMC Portugal","article_publisher":"https:\/\/www.facebook.com\/legendaryadventuredmc\/","article_modified_time":"2026-03-10T17:41:46+00:00","og_image":[{"width":1800,"height":1200,"url":"https:\/\/legendatours.com\/wp-content\/uploads\/sites\/12\/2025\/07\/24.jpg","type":"image\/jpeg"}],"twitter_card":"summary_large_image","twitter_misc":{"Tempo estimado de leitura":"4 minutos"},"schema":{"@context":"https:\/\/schema.org","@graph":[{"@type":"WebPage","@id":"https:\/\/legendatours.com\/product\/cabo-verde-hidden-gems-cv1200g\/","url":"https:\/\/legendatours.com\/product\/cabo-verde-hidden-gems-cv1200g\/","name":"Cabo Verde Hidden Gems - Legendary Adventure DMC Portugal","isPartOf":{"@id":"https:\/\/legendatours.com\/#website"},"primaryImageOfPage":{"@id":"https:\/\/legendatours.com\/product\/cabo-verde-hidden-gems-cv1200g\/#primaryimage"},"image":{"@id":"https:\/\/legendatours.com\/product\/cabo-verde-hidden-gems-cv1200g\/#primaryimage"},"thumbnailUrl":"https:\/\/legendatours.com\/wp-content\/uploads\/sites\/12\/2025\/07\/24.jpg","datePublished":"2025-07-04T14:16:37+00:00","dateModified":"2026-03-10T17:41:46+00:00","breadcrumb":{"@id":"https:\/\/legendatours.com\/product\/cabo-verde-hidden-gems-cv1200g\/#breadcrumb"},"inLanguage":"pt-PT","potentialAction":[{"@type":"ReadAction","target":["https:\/\/legendatours.com\/product\/cabo-verde-hidden-gems-cv1200g\/"]}]},{"@type":"ImageObject","inLanguage":"pt-PT","@id":"https:\/\/legendatours.com\/product\/cabo-verde-hidden-gems-cv1200g\/#primaryimage","url":"https:\/\/legendatours.com\/wp-content\/uploads\/sites\/12\/2025\/07\/24.jpg","contentUrl":"https:\/\/legendatours.com\/wp-content\/uploads\/sites\/12\/2025\/07\/24.jpg","width":1800,"height":1200},{"@type":"BreadcrumbList","@id":"https:\/\/legendatours.com\/product\/cabo-verde-hidden-gems-cv1200g\/#breadcrumb","itemListElement":[{"@type":"ListItem","position":1,"name":"Home","item":"https:\/\/legendatours.com\/"},{"@type":"ListItem","position":2,"name":"Shop","item":"https:\/\/legendatours.com\/sv\/?page_id=4"},{"@type":"ListItem","position":3,"name":"Cabo Verde Hidden Gems"}]},{"@type":"WebSite","@id":"https:\/\/legendatours.com\/#website","url":"https:\/\/legendatours.com\/","name":"Legendary Adventure DMC Portugal","description":"Caminhadas e F\u00e9rias na Natureza Respons\u00e1veis em Portugal","publisher":{"@id":"https:\/\/legendatours.com\/#organization"},"alternateName":"Legendary Adventure Portugal","potentialAction":[{"@type":"SearchAction","target":{"@type":"EntryPoint","urlTemplate":"https:\/\/legendatours.com\/?s={search_term_string}"},"query-input":{"@type":"PropertyValueSpecification","valueRequired":true,"valueName":"search_term_string"}}],"inLanguage":"pt-PT"},{"@type":"Organization","@id":"https:\/\/legendatours.com\/#organization","name":"legendatours.com","url":"https:\/\/legendatours.com\/","logo":{"@type":"ImageObject","inLanguage":"pt-PT","@id":"https:\/\/legendatours.com\/#\/schema\/logo\/image\/","url":"https:\/\/legendatours.com\/wp-content\/uploads\/sites\/12\/2021\/06\/legendary_adventure_dmc.png","contentUrl":"https:\/\/legendatours.com\/wp-content\/uploads\/sites\/12\/2021\/06\/legendary_adventure_dmc.png","width":250,"height":74,"caption":"legendatours.com"},"image":{"@id":"https:\/\/legendatours.com\/#\/schema\/logo\/image\/"},"sameAs":["https:\/\/www.facebook.com\/legendaryadventuredmc\/","https:\/\/www.linkedin.com\/company\/legendary-adventure-dmc-portugal","https:\/\/www.youtube.com\/channel\/UCOIRDx_KM6ynIcacQkZjb6g"]}]}},"_links":{"self":[{"href":"https:\/\/legendatours.com\/pt\/wp-json\/wp\/v2\/product\/10874","targetHints":{"allow":["GET"]}}],"collection":[{"href":"https:\/\/legendatours.com\/pt\/wp-json\/wp\/v2\/product"}],"about":[{"href":"https:\/\/legendatours.com\/pt\/wp-json\/wp\/v2\/types\/product"}],"replies":[{"embeddable":true,"href":"https:\/\/legendatours.com\/pt\/wp-json\/wp\/v2\/comments?post=10874"}],"wp:featuredmedia":[{"embeddable":true,"href":"https:\/\/legendatours.com\/pt\/wp-json\/wp\/v2\/media\/10865"}],"wp:attachment":[{"href":"https:\/\/legendatours.com\/pt\/wp-json\/wp\/v2\/media?parent=10874"}],"wp:term":[{"taxonomy":"product_brand","embeddable":true,"href":"https:\/\/legendatours.com\/pt\/wp-json\/wp\/v2\/product_brand?post=10874"},{"taxonomy":"product_cat","embeddable":true,"href":"https:\/\/legendatours.com\/pt\/wp-json\/wp\/v2\/product_cat?post=10874"},{"taxonomy":"product_tag","embeddable":true,"href":"https:\/\/legendatours.com\/pt\/wp-json\/wp\/v2\/product_tag?post=10874"}],"curies":[{"name":"wp","href":"https:\/\/api.w.org\/{rel}","templated":true}]}}