{"id":10928,"date":"2026-03-10T15:52:09","date_gmt":"2026-03-10T15:52:09","guid":{"rendered":"https:\/\/legendatours.com\/product\/cabo-verde-windward-islands-walking-holidays\/"},"modified":"2026-03-10T17:40:46","modified_gmt":"2026-03-10T17:40:46","slug":"cabo-verde-windward-islands-cv1100g-2","status":"publish","type":"product","link":"https:\/\/legendatours.com\/pt\/produto\/cabo-verde-windward-islands-cv1100g-2\/","title":{"rendered":"Cabo Verde Ilhas de Sotavento"},"content":{"rendered":"<div id=\"fws_69e8ddc2aa168\"  data-column-margin=\"default\" data-midnight=\"dark\"  class=\"wpb_row vc_row-fluid vc_row\"  style=\"padding-top: 0px; padding-bottom: 0px; \"><div class=\"row-bg-wrap\" data-bg-animation=\"none\" data-bg-animation-delay=\"\" data-bg-overlay=\"false\"><div class=\"inner-wrap row-bg-layer\" ><div class=\"row-bg viewport-desktop\"  style=\"\"><\/div><\/div><\/div><div class=\"row_col_wrap_12 col span_12 dark left\">\n\t<div  class=\"vc_col-sm-12 wpb_column column_container vc_column_container col no-extra-padding inherit_tablet inherit_phone flex_gap_desktop_10px\"  data-padding-pos=\"all\" data-has-bg-color=\"false\" data-bg-color=\"\" data-bg-opacity=\"1\" data-animation=\"\" data-delay=\"0\" >\n\t\t<div class=\"vc_column-inner\" >\n\t\t\t<div class=\"wpb_wrapper\">\n\t\t\t\t\n<div class=\"wpb_text_column wpb_content_element\" >\n\t<p><strong>Junte-se a n\u00f3s nesta jornada especial que come\u00e7a na capital cultural de Cabo Verde, Mindelo, antes de embarcar na travessia panor\u00e2mica de ferry rumo a Santo Ant\u00e3o para algumas caminhadas \u00e9picas.<\/strong><\/p>\n<p><strong>Este pequeno pa\u00eds situado ao largo da costa africana oferece uma interessante mistura de influ\u00eancias portuguesas, a heran\u00e7a dos escravos africanos e de outros povos que aqui viveram ao longo dos s\u00e9culos, criando uma cultura rica e vibrante com um toque africano, europeu e brasileiro.<\/strong><\/p>\n<p><strong>A maior ilha do arquip\u00e9lago, Santo Ant\u00e3o, \u00e9 um para\u00edso para caminhantes, com uma geografia impressionante e ainda um destino preservado, livre das multid\u00f5es de turistas.<\/strong><\/p>\n<p><strong>Descobriremos suas maravilhas naturais, vistas impressionantes, paisagens contrastantes e aprenderemos mais sobre a cultura e o modo de vida do povo cabo-verdiano.<\/strong><\/p>\n<p>&nbsp;<\/p>\n<p><strong>S\u00e3o Vicente e Mindelo<\/strong><\/p>\n<p>Conhecida com justi\u00e7a como a capital cultural do arquip\u00e9lago e ber\u00e7o de Ces\u00e1ria \u00c9vora, a famosa cantora de morna, Mindelo \u00e9 uma cidade cativante com edif\u00edcios coloniais coloridos e um charme decadente.<\/p>\n<p>Laginha possui uma praia urbana em uma ba\u00eda abrigada com \u00e1guas turquesa, uma \u00f3tima oportunidade para um mergulho logo na chegada!<\/p>\n<div id=\"attachment_4330\" style=\"width: 1034px\" class=\"wp-caption alignnone\"><img loading=\"lazy\" decoding=\"async\" aria-describedby=\"caption-attachment-4330\" class=\"wp-image-4330 size-large\" src=\"https:\/\/legendatours.net\/wp-content\/uploads\/2025\/07\/33-1024x683.jpg\" alt=\"Cape Verde - Mindelo and Santo Ant\u00e3o Culture and Nature Walking Tour\" width=\"1024\" height=\"683\" \/><p id=\"caption-attachment-4330\" class=\"wp-caption-text\">Mindelo e vista para Monte Cara<\/p><\/div><br \/>\n<div id=\"attachment_4363\" style=\"width: 1034px\" class=\"wp-caption alignnone\"><img loading=\"lazy\" decoding=\"async\" aria-describedby=\"caption-attachment-4363\" class=\"wp-image-4363 size-large\" src=\"https:\/\/legendatours.net\/wp-content\/uploads\/2025\/07\/31-1024x683.jpg\" alt=\"Walking in S\u00e3o Vicente Cape Verde\" width=\"1024\" height=\"683\" \/><p id=\"caption-attachment-4363\" class=\"wp-caption-text\">Mural de Ces\u00e1ria \u00c9vora no Mindelo de Vihls<\/p><\/div>\n<p>Em Mindelo, h\u00e1 m\u00fasica ao vivo diariamente, mercados de rua onde se encontram artesanato e produtos frescos, arte urbana interessante, uma atmosfera vibrante e um porto de \u00e1guas profundas que tem sido importante para a cidade ao longo dos s\u00e9culos. Ainda hoje, vemos as marcas da sua rica hist\u00f3ria e das suas diversas culturas.<\/p>\n<div id=\"attachment_4362\" style=\"width: 1034px\" class=\"wp-caption alignnone\"><img loading=\"lazy\" decoding=\"async\" aria-describedby=\"caption-attachment-4362\" class=\"wp-image-4362 size-large\" src=\"https:\/\/legendatours.net\/wp-content\/uploads\/2025\/07\/30-1024x683.jpg\" alt=\"Walking in S\u00e3o Vicente Cape Verde\" width=\"1024\" height=\"683\" \/><p id=\"caption-attachment-4362\" class=\"wp-caption-text\">Laginha, a praia da cidade do Mindelo, S\u00e3o Vicente<\/p><\/div><br \/>\n<div id=\"attachment_4367\" style=\"width: 1034px\" class=\"wp-caption alignnone\"><img loading=\"lazy\" decoding=\"async\" aria-describedby=\"caption-attachment-4367\" class=\"wp-image-4367 size-large\" src=\"https:\/\/legendatours.net\/wp-content\/uploads\/2025\/07\/35-1024x683.jpg\" alt=\"Walking in S\u00e3o Vicente Cape Verde\" width=\"1024\" height=\"683\" \/><p id=\"caption-attachment-4367\" class=\"wp-caption-text\">Centro Nacional de Artes, Of\u00edcios e Design do Mindelo<\/p><\/div>\n<p>&nbsp;<\/p>\n<div id=\"attachment_4366\" style=\"width: 1034px\" class=\"wp-caption alignnone\"><img loading=\"lazy\" decoding=\"async\" aria-describedby=\"caption-attachment-4366\" class=\"wp-image-4366 size-large\" src=\"https:\/\/legendatours.net\/wp-content\/uploads\/2025\/07\/34-1024x683.jpg\" alt=\"Walking in S\u00e3o Vicente Cape Verde\" width=\"1024\" height=\"683\" \/><p id=\"caption-attachment-4366\" class=\"wp-caption-text\">Mercado de produtos em Mindelo<\/p><\/div>\n<p>Al\u00e9m da capital, a Ilha de S\u00e3o Vicente \u00e9 conhecida pelas suas praias de areia, onde \u00e9 poss\u00edvel observar e nadar com tartarugas!<\/p>\n<p>&nbsp;<\/p>\n<h3><strong>Santo Ant\u00e3o, a Ilha da Montanha<\/strong><\/h3>\n<p>A pr\u00f3xima paragem \u00e9 Santo Ant\u00e3o. Se Cabo Verde fosse uma j\u00f3ia, Santo Ant\u00e3o seria o seu diamante mais raro e valioso.<\/p>\n<p>Com sua vegeta\u00e7\u00e3o exuberante, picos imponentes e trilhas que percorrem fal\u00e9sias \u00e0 beira-mar ou descem por encostas vulc\u00e2nicas e agr\u00edcolas, Santo Ant\u00e3o \u00e9 um para\u00edso perdido.<\/p>\n<p>\u00c9 o completo oposto de outras ilhas tur\u00edsticas de Cabo Verde, conhecidas como destinos de praia e resorts de luxo fechados.<\/p>\n<div id=\"attachment_4349\" style=\"width: 1034px\" class=\"wp-caption alignnone\"><img loading=\"lazy\" decoding=\"async\" aria-describedby=\"caption-attachment-4349\" class=\"wp-image-4349 size-large\" src=\"https:\/\/legendatours.net\/wp-content\/uploads\/2025\/07\/17-1024x683.jpg\" alt=\"Walking in Santo Ant\u00e3o Cape Verde\" width=\"1024\" height=\"683\" \/><p id=\"caption-attachment-4349\" class=\"wp-caption-text\">Passeio em Santo Ant\u00e3o Cabo Verde<\/p><\/div><br \/>\n<div id=\"attachment_4387\" style=\"width: 1034px\" class=\"wp-caption alignnone\"><img loading=\"lazy\" decoding=\"async\" aria-describedby=\"caption-attachment-4387\" class=\"wp-image-4387 size-large\" src=\"https:\/\/legendatours.net\/wp-content\/uploads\/2025\/07\/55-1024x683.jpg\" alt=\"Walking in Santo Ant\u00e3o Cape Verde\" width=\"1024\" height=\"683\" \/><p id=\"caption-attachment-4387\" class=\"wp-caption-text\">Fonta\u00ednhas \u00e9 reconhecida como Patrim\u00f3nio Cultural e Natural Nacional<\/p><\/div><br \/>\n<div id=\"attachment_4372\" style=\"width: 1034px\" class=\"wp-caption alignnone\"><img loading=\"lazy\" decoding=\"async\" aria-describedby=\"caption-attachment-4372\" class=\"wp-image-4372 size-large\" src=\"https:\/\/legendatours.net\/wp-content\/uploads\/2025\/07\/40-1024x683.jpg\" alt=\"Walking in Santo Ant\u00e3o Cape Verde\" width=\"1024\" height=\"683\" \/><p id=\"caption-attachment-4372\" class=\"wp-caption-text\">Passeio em Santo Ant\u00e3o Cabo Verde<\/p><\/div>\n<p>Aqui, voc\u00ea n\u00e3o encontrar\u00e1 uma vers\u00e3o higienizada de Cabo Verde; em vez disso, ser\u00e1 presenteado com autenticidade e um roteiro cuidadosamente selecionado de caminhadas em paisagens diversas e intocadas.<\/p>\n<div id=\"attachment_4347\" style=\"width: 1034px\" class=\"wp-caption alignnone\"><img loading=\"lazy\" decoding=\"async\" aria-describedby=\"caption-attachment-4347\" class=\"wp-image-4347 size-large\" src=\"https:\/\/legendatours.net\/wp-content\/uploads\/2025\/07\/15-1024x683.jpg\" alt=\"Walking in Santo Ant\u00e3o Cape Verde\" width=\"1024\" height=\"683\" \/><p id=\"caption-attachment-4347\" class=\"wp-caption-text\">Vale do Pa\u00fal, Santo Ant\u00e3o<\/p><\/div>\n<p><strong><img loading=\"lazy\" decoding=\"async\" class=\"alignnone wp-image-4339 size-large\" src=\"https:\/\/legendatours.net\/wp-content\/uploads\/2025\/07\/7-1024x683.jpg\" alt=\"\" width=\"1024\" height=\"683\" \/><\/strong><\/p>\n<p>A proverbial cordialidade e gentileza do povo cabo-verdiano aqui \u00e9 ainda mais genu\u00edna. Sinta a <em>morabeza<\/em>!<\/p>\n<\/div>\n\n\n\n\n\t\t\t<\/div> \n\t\t<\/div>\n\t<\/div> \n<\/div><\/div>","protected":false},"excerpt":{"rendered":"<div>\n<div>Junte-se a n\u00f3s nesta jornada especial, come\u00e7ando no cora\u00e7\u00e3o cultural de Cabo Verde, Mindelo. De l\u00e1, partiremos para caminhadas \u00e9picas em Santo Ant\u00e3o, uma ilha montanhosa intocada e tranquila.<\/div>\n<\/div>","protected":false},"featured_media":10826,"comment_status":"closed","ping_status":"closed","template":"","meta":{"_acf_changed":false,"inline_featured_image":false},"product_brand":[],"product_cat":[1158],"product_tag":[],"class_list":{"0":"post-10928","1":"product","2":"type-product","3":"status-publish","4":"has-post-thumbnail","6":"product_cat-cabo-verde-walking-group-tours","8":"first","9":"instock","10":"featured","11":"virtual","12":"product-type-simple"},"acf":[],"yoast_head":"<!-- This site is optimized with the Yoast SEO Premium plugin v26.8 (Yoast SEO v27.4) - https:\/\/yoast.com\/product\/yoast-seo-premium-wordpress\/ -->\n<title>Cabo Verde Windward Islands - Legendary Adventure DMC Portugal<\/title>\n<meta name=\"robots\" content=\"index, follow, max-snippet:-1, max-image-preview:large, max-video-preview:-1\" \/>\n<link rel=\"canonical\" href=\"https:\/\/legendatours.com\/pt\/produto\/cabo-verde-windward-islands-cv1100g-2\/\" \/>\n<meta property=\"og:locale\" content=\"pt_PT\" \/>\n<meta property=\"og:type\" content=\"article\" \/>\n<meta property=\"og:title\" content=\"Cabo Verde Windward Islands\" \/>\n<meta property=\"og:description\" content=\"Join us on this special journey, starting in the cultural heart of Cabo Verde, Mindelo. From here, we head for some epic walks in Santo Ant\u00e3o, a pristine and crowd-free mountain island.\" \/>\n<meta property=\"og:url\" content=\"https:\/\/legendatours.com\/pt\/produto\/cabo-verde-windward-islands-cv1100g-2\/\" \/>\n<meta property=\"og:site_name\" content=\"Legendary Adventure DMC Portugal\" \/>\n<meta property=\"article:publisher\" content=\"https:\/\/www.facebook.com\/legendaryadventuredmc\/\" \/>\n<meta property=\"article:modified_time\" content=\"2026-03-10T17:40:46+00:00\" \/>\n<meta property=\"og:image\" content=\"https:\/\/legendatours.com\/wp-content\/uploads\/sites\/12\/2025\/07\/41.jpg\" \/>\n\t<meta property=\"og:image:width\" content=\"1800\" \/>\n\t<meta property=\"og:image:height\" content=\"1200\" \/>\n\t<meta property=\"og:image:type\" content=\"image\/jpeg\" \/>\n<meta name=\"twitter:card\" content=\"summary_large_image\" \/>\n<meta name=\"twitter:label1\" content=\"Tempo estimado de leitura\" \/>\n\t<meta name=\"twitter:data1\" content=\"3 minutos\" \/>\n<script type=\"application\/ld+json\" class=\"yoast-schema-graph\">{\"@context\":\"https:\\\/\\\/schema.org\",\"@graph\":[{\"@type\":\"WebPage\",\"@id\":\"https:\\\/\\\/legendatours.com\\\/product\\\/cabo-verde-windward-islands-cv1100g-2\\\/\",\"url\":\"https:\\\/\\\/legendatours.com\\\/product\\\/cabo-verde-windward-islands-cv1100g-2\\\/\",\"name\":\"Cabo Verde Windward Islands - Legendary Adventure DMC Portugal\",\"isPartOf\":{\"@id\":\"https:\\\/\\\/legendatours.com\\\/#website\"},\"primaryImageOfPage\":{\"@id\":\"https:\\\/\\\/legendatours.com\\\/product\\\/cabo-verde-windward-islands-cv1100g-2\\\/#primaryimage\"},\"image\":{\"@id\":\"https:\\\/\\\/legendatours.com\\\/product\\\/cabo-verde-windward-islands-cv1100g-2\\\/#primaryimage\"},\"thumbnailUrl\":\"https:\\\/\\\/legendatours.com\\\/wp-content\\\/uploads\\\/sites\\\/12\\\/2025\\\/07\\\/41.jpg\",\"datePublished\":\"2026-03-10T15:52:09+00:00\",\"dateModified\":\"2026-03-10T17:40:46+00:00\",\"breadcrumb\":{\"@id\":\"https:\\\/\\\/legendatours.com\\\/product\\\/cabo-verde-windward-islands-cv1100g-2\\\/#breadcrumb\"},\"inLanguage\":\"pt-PT\",\"potentialAction\":[{\"@type\":\"ReadAction\",\"target\":[\"https:\\\/\\\/legendatours.com\\\/product\\\/cabo-verde-windward-islands-cv1100g-2\\\/\"]}]},{\"@type\":\"ImageObject\",\"inLanguage\":\"pt-PT\",\"@id\":\"https:\\\/\\\/legendatours.com\\\/product\\\/cabo-verde-windward-islands-cv1100g-2\\\/#primaryimage\",\"url\":\"https:\\\/\\\/legendatours.com\\\/wp-content\\\/uploads\\\/sites\\\/12\\\/2025\\\/07\\\/41.jpg\",\"contentUrl\":\"https:\\\/\\\/legendatours.com\\\/wp-content\\\/uploads\\\/sites\\\/12\\\/2025\\\/07\\\/41.jpg\",\"width\":1800,\"height\":1200,\"caption\":\"Walking in Santo Ant\u00e3o Cape Verde\"},{\"@type\":\"BreadcrumbList\",\"@id\":\"https:\\\/\\\/legendatours.com\\\/product\\\/cabo-verde-windward-islands-cv1100g-2\\\/#breadcrumb\",\"itemListElement\":[{\"@type\":\"ListItem\",\"position\":1,\"name\":\"Home\",\"item\":\"https:\\\/\\\/legendatours.com\\\/\"},{\"@type\":\"ListItem\",\"position\":2,\"name\":\"Shop\",\"item\":\"https:\\\/\\\/legendatours.com\\\/sv\\\/?page_id=4\"},{\"@type\":\"ListItem\",\"position\":3,\"name\":\"Cabo Verde Windward Islands\"}]},{\"@type\":\"WebSite\",\"@id\":\"https:\\\/\\\/legendatours.com\\\/#website\",\"url\":\"https:\\\/\\\/legendatours.com\\\/\",\"name\":\"Legendary Adventure DMC Portugal\",\"description\":\"Responsible Walking &amp; Nature Holidays in Portugal\",\"publisher\":{\"@id\":\"https:\\\/\\\/legendatours.com\\\/#organization\"},\"alternateName\":\"Legendary Adventure Portugal\",\"potentialAction\":[{\"@type\":\"SearchAction\",\"target\":{\"@type\":\"EntryPoint\",\"urlTemplate\":\"https:\\\/\\\/legendatours.com\\\/?s={search_term_string}\"},\"query-input\":{\"@type\":\"PropertyValueSpecification\",\"valueRequired\":true,\"valueName\":\"search_term_string\"}}],\"inLanguage\":\"pt-PT\"},{\"@type\":\"Organization\",\"@id\":\"https:\\\/\\\/legendatours.com\\\/#organization\",\"name\":\"legendatours.com\",\"url\":\"https:\\\/\\\/legendatours.com\\\/\",\"logo\":{\"@type\":\"ImageObject\",\"inLanguage\":\"pt-PT\",\"@id\":\"https:\\\/\\\/legendatours.com\\\/#\\\/schema\\\/logo\\\/image\\\/\",\"url\":\"https:\\\/\\\/legendatours.com\\\/wp-content\\\/uploads\\\/sites\\\/12\\\/2021\\\/06\\\/legendary_adventure_dmc.png\",\"contentUrl\":\"https:\\\/\\\/legendatours.com\\\/wp-content\\\/uploads\\\/sites\\\/12\\\/2021\\\/06\\\/legendary_adventure_dmc.png\",\"width\":250,\"height\":74,\"caption\":\"legendatours.com\"},\"image\":{\"@id\":\"https:\\\/\\\/legendatours.com\\\/#\\\/schema\\\/logo\\\/image\\\/\"},\"sameAs\":[\"https:\\\/\\\/www.facebook.com\\\/legendaryadventuredmc\\\/\",\"https:\\\/\\\/www.linkedin.com\\\/company\\\/legendary-adventure-dmc-portugal\",\"https:\\\/\\\/www.youtube.com\\\/channel\\\/UCOIRDx_KM6ynIcacQkZjb6g\"]}]}<\/script>\n<!-- \/ Yoast SEO Premium plugin. -->","yoast_head_json":{"title":"Cabo Verde Windward Islands - Legendary Adventure DMC Portugal","robots":{"index":"index","follow":"follow","max-snippet":"max-snippet:-1","max-image-preview":"max-image-preview:large","max-video-preview":"max-video-preview:-1"},"canonical":"https:\/\/legendatours.com\/pt\/produto\/cabo-verde-windward-islands-cv1100g-2\/","og_locale":"pt_PT","og_type":"article","og_title":"Cabo Verde Windward Islands","og_description":"Join us on this special journey, starting in the cultural heart of Cabo Verde, Mindelo. From here, we head for some epic walks in Santo Ant\u00e3o, a pristine and crowd-free mountain island.","og_url":"https:\/\/legendatours.com\/pt\/produto\/cabo-verde-windward-islands-cv1100g-2\/","og_site_name":"Legendary Adventure DMC Portugal","article_publisher":"https:\/\/www.facebook.com\/legendaryadventuredmc\/","article_modified_time":"2026-03-10T17:40:46+00:00","og_image":[{"width":1800,"height":1200,"url":"https:\/\/legendatours.com\/wp-content\/uploads\/sites\/12\/2025\/07\/41.jpg","type":"image\/jpeg"}],"twitter_card":"summary_large_image","twitter_misc":{"Tempo estimado de leitura":"3 minutos"},"schema":{"@context":"https:\/\/schema.org","@graph":[{"@type":"WebPage","@id":"https:\/\/legendatours.com\/product\/cabo-verde-windward-islands-cv1100g-2\/","url":"https:\/\/legendatours.com\/product\/cabo-verde-windward-islands-cv1100g-2\/","name":"Cabo Verde Windward Islands - Legendary Adventure DMC Portugal","isPartOf":{"@id":"https:\/\/legendatours.com\/#website"},"primaryImageOfPage":{"@id":"https:\/\/legendatours.com\/product\/cabo-verde-windward-islands-cv1100g-2\/#primaryimage"},"image":{"@id":"https:\/\/legendatours.com\/product\/cabo-verde-windward-islands-cv1100g-2\/#primaryimage"},"thumbnailUrl":"https:\/\/legendatours.com\/wp-content\/uploads\/sites\/12\/2025\/07\/41.jpg","datePublished":"2026-03-10T15:52:09+00:00","dateModified":"2026-03-10T17:40:46+00:00","breadcrumb":{"@id":"https:\/\/legendatours.com\/product\/cabo-verde-windward-islands-cv1100g-2\/#breadcrumb"},"inLanguage":"pt-PT","potentialAction":[{"@type":"ReadAction","target":["https:\/\/legendatours.com\/product\/cabo-verde-windward-islands-cv1100g-2\/"]}]},{"@type":"ImageObject","inLanguage":"pt-PT","@id":"https:\/\/legendatours.com\/product\/cabo-verde-windward-islands-cv1100g-2\/#primaryimage","url":"https:\/\/legendatours.com\/wp-content\/uploads\/sites\/12\/2025\/07\/41.jpg","contentUrl":"https:\/\/legendatours.com\/wp-content\/uploads\/sites\/12\/2025\/07\/41.jpg","width":1800,"height":1200,"caption":"Walking in Santo Ant\u00e3o Cape Verde"},{"@type":"BreadcrumbList","@id":"https:\/\/legendatours.com\/product\/cabo-verde-windward-islands-cv1100g-2\/#breadcrumb","itemListElement":[{"@type":"ListItem","position":1,"name":"Home","item":"https:\/\/legendatours.com\/"},{"@type":"ListItem","position":2,"name":"Shop","item":"https:\/\/legendatours.com\/sv\/?page_id=4"},{"@type":"ListItem","position":3,"name":"Cabo Verde Windward Islands"}]},{"@type":"WebSite","@id":"https:\/\/legendatours.com\/#website","url":"https:\/\/legendatours.com\/","name":"Legendary Adventure DMC Portugal","description":"Caminhadas e F\u00e9rias na Natureza Respons\u00e1veis em Portugal","publisher":{"@id":"https:\/\/legendatours.com\/#organization"},"alternateName":"Legendary Adventure Portugal","potentialAction":[{"@type":"SearchAction","target":{"@type":"EntryPoint","urlTemplate":"https:\/\/legendatours.com\/?s={search_term_string}"},"query-input":{"@type":"PropertyValueSpecification","valueRequired":true,"valueName":"search_term_string"}}],"inLanguage":"pt-PT"},{"@type":"Organization","@id":"https:\/\/legendatours.com\/#organization","name":"legendatours.com","url":"https:\/\/legendatours.com\/","logo":{"@type":"ImageObject","inLanguage":"pt-PT","@id":"https:\/\/legendatours.com\/#\/schema\/logo\/image\/","url":"https:\/\/legendatours.com\/wp-content\/uploads\/sites\/12\/2021\/06\/legendary_adventure_dmc.png","contentUrl":"https:\/\/legendatours.com\/wp-content\/uploads\/sites\/12\/2021\/06\/legendary_adventure_dmc.png","width":250,"height":74,"caption":"legendatours.com"},"image":{"@id":"https:\/\/legendatours.com\/#\/schema\/logo\/image\/"},"sameAs":["https:\/\/www.facebook.com\/legendaryadventuredmc\/","https:\/\/www.linkedin.com\/company\/legendary-adventure-dmc-portugal","https:\/\/www.youtube.com\/channel\/UCOIRDx_KM6ynIcacQkZjb6g"]}]}},"_links":{"self":[{"href":"https:\/\/legendatours.com\/pt\/wp-json\/wp\/v2\/product\/10928","targetHints":{"allow":["GET"]}}],"collection":[{"href":"https:\/\/legendatours.com\/pt\/wp-json\/wp\/v2\/product"}],"about":[{"href":"https:\/\/legendatours.com\/pt\/wp-json\/wp\/v2\/types\/product"}],"replies":[{"embeddable":true,"href":"https:\/\/legendatours.com\/pt\/wp-json\/wp\/v2\/comments?post=10928"}],"wp:featuredmedia":[{"embeddable":true,"href":"https:\/\/legendatours.com\/pt\/wp-json\/wp\/v2\/media\/10826"}],"wp:attachment":[{"href":"https:\/\/legendatours.com\/pt\/wp-json\/wp\/v2\/media?parent=10928"}],"wp:term":[{"taxonomy":"product_brand","embeddable":true,"href":"https:\/\/legendatours.com\/pt\/wp-json\/wp\/v2\/product_brand?post=10928"},{"taxonomy":"product_cat","embeddable":true,"href":"https:\/\/legendatours.com\/pt\/wp-json\/wp\/v2\/product_cat?post=10928"},{"taxonomy":"product_tag","embeddable":true,"href":"https:\/\/legendatours.com\/pt\/wp-json\/wp\/v2\/product_tag?post=10928"}],"curies":[{"name":"wp","href":"https:\/\/api.w.org\/{rel}","templated":true}]}}