{"id":1672,"date":"2020-12-07T12:54:49","date_gmt":"2020-12-07T12:54:49","guid":{"rendered":"https:\/\/legendatours.com\/product\/walking-holidays-in-the-vicentina-route\/"},"modified":"2025-07-25T11:33:01","modified_gmt":"2025-07-25T11:33:01","slug":"walking-in-the-vicentina-route-12301g","status":"publish","type":"product","link":"https:\/\/legendatours.com\/pt\/produto\/walking-in-the-vicentina-route-12301g\/","title":{"rendered":"F\u00e9rias Pedestres na Rota Vicentina"},"content":{"rendered":"<p><strong>Aceita grupos com no m\u00ednimo 6 pax.<\/strong><\/p>\n<p>&nbsp;<\/p>\n<p>O percurso da Rota Vicentina divide-se entre o Trilho dos Pescadores e o Percurso Hist\u00f3rico. O trilho dos Pescadores segue a linha de costa que d\u00e1 acesso a praias escondidas e pesqueiros secretos. Ao olharmos mais de perto, podemos vislumbrar o pescador local que arrisca a vida em p\u00e9 nas fal\u00e9sias para pegar as esp\u00e9cies de peixes selvagens e indescrit\u00edveis e as delicadas cracas de ganso.<\/p>\n<p>A Rota Hist\u00f3rica leva-nos para o interior, ao longo da paisagem pastoril e dos terrenos agr\u00edcolas que ligam os pequenos aglomerados de casas dispersos nesta vasta \u00e1rea. \u00c9 comum encontrar pastores e seus rebanhos de cabras ou ovelhas, movendo-se de campo em campo. Aqui, os moradores est\u00e3o acostumados a caminhar pelas ruas tranquilas, visitar seus pomares, conversar com seus vizinhos ou simplesmente manter a vida em movimento!<\/p>\n<p>Ambas as trilhas s\u00e3o uma forma gratificante de ver o real <a href=\"..\/..\/product-tag\/alentejo\/\">Alentejo<\/a> e <a href=\"..\/..\/product-tag\/algarve\/\">Algarve<\/a> regi\u00f5es de Portugal e percorra percursos inesquec\u00edveis e repletos de tradi\u00e7\u00e3o. Nosso &quot;sistema opt-out&quot; de design exclusivo permite que voc\u00ea caminhe toda a caminhada ou apenas algumas partes dela, para que voc\u00ea possa passar mais tempo passeando, se preferir!<\/p>\n<p>N\u00f3s come\u00e7amos nosso <a href=\"..\/..\/product-category\/guided-group-tours\/guided-walking-holidays-in-portugal\/\">andando<\/a> semana em Porto Covo, uma pequena<a href=\"..\/..\/product-tag\/fishing-village\/\"> pescaria<\/a> vila favorita dos portugueses. As \u00e1guas azuis transparentes, as casas coloridas e a agrad\u00e1vel pra\u00e7a pintam um quadro rom\u00e2ntico das can\u00e7\u00f5es do r\u00e1dio.<\/p>\n<div id=\"attachment_2859\" style=\"width: 1034px\" class=\"wp-caption alignnone\"><img loading=\"lazy\" decoding=\"async\" aria-describedby=\"caption-attachment-2859\" class=\"wp-image-2859 size-full\" title=\"Grupo Rota Vicentina a p\u00e9 na Rota Hist\u00f3rica\" src=\"https:\/\/legendatours.net\/wp-content\/uploads\/2020\/07\/Hike_countryside_vicentina.jpg\" alt=\"Rota Vicentina group walking in the Historic Route\" width=\"1024\" height=\"768\" \/><p id=\"caption-attachment-2859\" class=\"wp-caption-text\"><a href=\"\/..\/?s=Rota+Vicentina\" target=\"_blank\" rel=\"noopener\">Rota Vicentina<\/a> caminhada em grupo na Rota Hist\u00f3rica<\/p><\/div>\n<p>N\u00e3o muito longe daqui, Vila Nova de Milfontes \u00e9 a nossa casa durante alguns dias. Elevada e requintada na margem norte do Rio Mira, esta \u00e9 a regi\u00e3o de vastas praias, costas dram\u00e1ticas e paisagens rurais intocadas.<\/p>\n<p>Em Odemira, onde se encontram os vales verdes luxuriantes, os ribeiros moldam a paisagem. Os cheiros s\u00e3o diferentes, as flores t\u00eam cores vibrantes e as vistas para a serra s\u00e3o deslumbrantes.<\/p>\n<div id=\"attachment_3917\" style=\"width: 1033px\" class=\"wp-caption alignnone\"><img loading=\"lazy\" decoding=\"async\" aria-describedby=\"caption-attachment-3917\" class=\"wp-image-3917 size-full\" title=\"Arrifana - Uma das zonas costeiras mais bonitas e bem preservadas da Europa\" src=\"https:\/\/legendatours.net\/wp-content\/uploads\/2020\/12\/arrifana.jpg\" alt=\"Arrifana - One of the most beautiful and best-preserved coastal areas of Europe\" width=\"1023\" height=\"768\" \/><p id=\"caption-attachment-3917\" class=\"wp-caption-text\">Arrifana - Uma das zonas costeiras mais bonitas e bem preservadas da Europa<\/p><\/div>\n<p>Lugares \u00fanicos marcam esta semana. Em pequenas aldeias como a Carrapateira e a Arrifana, o mar Atl\u00e2ntico \u00e9 rei. Do mar v\u00eam a vida, o surf, as cracas, as mudan\u00e7as sazonais e a brisa mar\u00edtima calma.<\/p>\n<p>E quando chegamos ao final do <a href=\"..\/..\/product-tag\/costa-vicentina\/\">Vicentina<\/a> Percorremos e olhamos para al\u00e9m das arribas de S\u00e3o Vicente e da imensid\u00e3o de mar \u00e0 nossa frente, percebemos porque este \u00e9 um dos mais belos locais da costa sudoeste de Portugal.<\/p>\n<div class=\"row\">\n<div class=\"column\" style=\"flex: 45%;\">\n<p><iframe loading=\"lazy\" title=\"Dois Passos para a Liberdade - Rota Vicentina - Vers\u00e3o em Ingl\u00eas\" width=\"1080\" height=\"608\" src=\"https:\/\/www.youtube.com\/embed\/378VE1BxOrs?list=PLXuQK_E-D9ms4xzwNQLaux8GjS_169PbF\" frameborder=\"0\" allow=\"accelerometer; autoplay; clipboard-write; encrypted-media; gyroscope; picture-in-picture; web-share\" referrerpolicy=\"strict-origin-when-cross-origin\" allowfullscreen><\/iframe><\/p>\n<\/div>\n<div class=\"column\" style=\"flex: 10%;\"><\/div>\n<div class=\"column\" style=\"flex: 45%;\">\n<p><iframe loading=\"lazy\" title=\"Apaixone-se por esta Terra \/\/ Amor a esta Terra - Rota Vicentina\" width=\"1080\" height=\"608\" src=\"https:\/\/www.youtube.com\/embed\/xnabsip_w88?list=PLXuQK_E-D9ms4xzwNQLaux8GjS_169PbF\" frameborder=\"0\" allow=\"accelerometer; autoplay; clipboard-write; encrypted-media; gyroscope; picture-in-picture; web-share\" referrerpolicy=\"strict-origin-when-cross-origin\" allowfullscreen><\/iframe><\/p>\n<\/div>\n<\/div>","protected":false},"excerpt":{"rendered":"<p>A Rota da Caminhada Vicentina \u2013 Do mar \u00e0 terra ao longo da deslumbrante Costa Sudoeste de Portugal \u00e9 um passeio a p\u00e9 de 8 dias, centrado em Vila Nova de Milfontes e Aljezur, em pleno Sudoeste Alentejano e Costa Vicentina <a href=\"..\/..\/?s=Natural+Park\">Parque Natural<\/a>.<\/p>\n<p>Considerada um dos mais belos trechos do litoral europeu preservado, a regi\u00e3o abriga a famosa Rota Vicentina - um percurso de 340km que come\u00e7a em Santiago do Cac\u00e9m e termina no outrora chamado limite do mundo conhecido - o Cabo de S. Vincent.<\/p>","protected":false},"featured_media":1657,"comment_status":"closed","ping_status":"closed","template":"","meta":{"_acf_changed":false,"inline_featured_image":false},"product_brand":[],"product_cat":[32,28,29,30,31],"product_tag":[73,74,402,75,76,77,78,79,80,81,82,83,636,36,84,85,86,87,88,89,47,90,91,92,93,94,55,95,96,97,98,99,100,101,102,103,104,105,106,107,108,109,110,111,121,626,112,113],"class_list":{"0":"post-1672","1":"product","2":"type-product","3":"status-publish","4":"has-post-thumbnail","6":"product_cat-cultural-tours-and-holidays-in-portugal","7":"product_cat-guided-group-tours","8":"product_cat-portugal-guided-historical-holidays","9":"product_cat-guided-sightseeing-holidays-portugal","10":"product_cat-guided-walking-holidays-in-portugal","11":"product_tag-alentejo-walking","12":"product_tag-algarve-gr13","13":"product_tag-amazing-walking","14":"product_tag-arrifana","15":"product_tag-beaches","16":"product_tag-beautiful-beaches","17":"product_tag-beautiful-landscapes","18":"product_tag-carrapateira","19":"product_tag-coastal-scenery","20":"product_tag-coastal-walks","21":"product_tag-coastal-way","22":"product_tag-cork-trees","23":"product_tag-costa-vicentina","24":"product_tag-cultural-heritage","25":"product_tag-dramatic-beauty-of-the-atlantic-coast","26":"product_tag-dramatic-cliffs","27":"product_tag-fabulous-walks-along-the-coast","28":"product_tag-green-landscape","29":"product_tag-green-valleys","30":"product_tag-guided-group-tour","31":"product_tag-guided-holidays","32":"product_tag-guided-walking-holidays","33":"product_tag-guided-walking-tours","34":"product_tag-inland-sceneries","35":"product_tag-inland-walks","36":"product_tag-landscape","37":"product_tag-local-gastronomy","38":"product_tag-magnificent-landscape","39":"product_tag-milfontes","40":"product_tag-natural-park","41":"product_tag-natural-reserves","42":"product_tag-natural-scenery","43":"product_tag-nature-holidays","44":"product_tag-nature-tour","45":"product_tag-nature-trails","46":"product_tag-odemira","47":"product_tag-offered-flexible-walking","48":"product_tag-parque-natural-de-costa-vicentina","49":"product_tag-picturesque-landscapes","50":"product_tag-porto-covo","51":"product_tag-portugals-biggest-natural-reserve","52":"product_tag-rota-vicentina","53":"product_tag-vicentina-coast","54":"product_tag-vicentina-route","55":"product_tag-walking","56":"product_tag-walking-along-quiet-paths","57":"product_tag-walking-holidays","58":"product_tag-walking-the-coast-line","60":"first","61":"instock","62":"virtual","63":"product-type-simple"},"acf":[],"yoast_head":"<!-- This site is optimized with the Yoast SEO Premium plugin v26.8 (Yoast SEO v27.5) - https:\/\/yoast.com\/product\/yoast-seo-premium-wordpress\/ -->\n<title>Walking Holidays in the Vicentina Route - Legendary Adventure DMC Portugal<\/title>\n<meta name=\"description\" content=\"Walking in the Vincentina route \u2013 From sea to land along the stunning South West Coast of Portugal is an 8-day walking tour, in Portugal.\" \/>\n<meta name=\"robots\" content=\"index, follow, max-snippet:-1, max-image-preview:large, max-video-preview:-1\" \/>\n<link rel=\"canonical\" href=\"https:\/\/legendatours.com\/pt\/produto\/walking-in-the-vicentina-route-12301g\/\" \/>\n<meta property=\"og:locale\" content=\"pt_PT\" \/>\n<meta property=\"og:type\" content=\"article\" \/>\n<meta property=\"og:title\" content=\"Walking Holidays in the Vicentina Route\" \/>\n<meta property=\"og:description\" content=\"The Walking in the Vincentina route \u2013 From sea to land along the stunning South West Coast of Portugal is an 8-day walking tour, centred in Vila Nova de Milfontes and Aljezur, in the middle of the Southwest Alentejo and Vicentine Coast Natural Park.Considered one of the finest stretches of preserved European coastlines, the area is home to the famous Rota Vicentina \u2013 a 340km long-distance path that begins in Santiago do Cac\u00e9m and finishes at the once called the edge of the known world \u2013 the Cape of St. Vincent.\" \/>\n<meta property=\"og:url\" content=\"https:\/\/legendatours.com\/pt\/produto\/walking-in-the-vicentina-route-12301g\/\" \/>\n<meta property=\"og:site_name\" content=\"Legendary Adventure DMC Portugal\" \/>\n<meta property=\"article:publisher\" content=\"https:\/\/www.facebook.com\/legendaryadventuredmc\/\" \/>\n<meta property=\"article:modified_time\" content=\"2025-07-25T11:33:01+00:00\" \/>\n<meta property=\"og:image\" content=\"https:\/\/legendatours.com\/wp-content\/uploads\/sites\/12\/2021\/04\/costa_vicentina-e1611668588521.jpg\" \/>\n\t<meta property=\"og:image:width\" content=\"1024\" \/>\n\t<meta property=\"og:image:height\" content=\"683\" \/>\n\t<meta property=\"og:image:type\" content=\"image\/jpeg\" \/>\n<meta name=\"twitter:card\" content=\"summary_large_image\" \/>\n<meta name=\"twitter:description\" content=\"The Walking in the Vincentina route \u2013 From sea to land along the stunning South West Coast of Portugal is an 8-day walking tour, centred in Vila Nova de Milfontes and Aljezur, in the middle of the Southwest Alentejo and Vicentine Coast Natural Park.Considered one of the finest stretches of preserved European coastlines, the area is home to the famous Rota Vicentina \u2013 a 340km long-distance path that begins in Santiago do Cac\u00e9m and finishes at the once called the edge of the known world \u2013 the Cape of St. Vincent.\" \/>\n<meta name=\"twitter:label1\" content=\"Tempo estimado de leitura\" \/>\n\t<meta name=\"twitter:data1\" content=\"3 minutos\" \/>\n<script type=\"application\/ld+json\" class=\"yoast-schema-graph\">{\"@context\":\"https:\\\/\\\/schema.org\",\"@graph\":[{\"@type\":\"WebPage\",\"@id\":\"https:\\\/\\\/legendatours.com\\\/product\\\/walking-in-the-vicentina-route-12301g\\\/\",\"url\":\"https:\\\/\\\/legendatours.com\\\/product\\\/walking-in-the-vicentina-route-12301g\\\/\",\"name\":\"Walking Holidays in the Vicentina Route - Legendary Adventure DMC Portugal\",\"isPartOf\":{\"@id\":\"https:\\\/\\\/legendatours.com\\\/#website\"},\"primaryImageOfPage\":{\"@id\":\"https:\\\/\\\/legendatours.com\\\/product\\\/walking-in-the-vicentina-route-12301g\\\/#primaryimage\"},\"image\":{\"@id\":\"https:\\\/\\\/legendatours.com\\\/product\\\/walking-in-the-vicentina-route-12301g\\\/#primaryimage\"},\"thumbnailUrl\":\"https:\\\/\\\/legendatours.com\\\/wp-content\\\/uploads\\\/sites\\\/12\\\/2021\\\/04\\\/costa_vicentina-e1611668588521.jpg\",\"datePublished\":\"2020-12-07T12:54:49+00:00\",\"dateModified\":\"2025-07-25T11:33:01+00:00\",\"description\":\"Walking in the Vincentina route \u2013 From sea to land along the stunning South West Coast of Portugal is an 8-day walking tour, in Portugal.\",\"breadcrumb\":{\"@id\":\"https:\\\/\\\/legendatours.com\\\/product\\\/walking-in-the-vicentina-route-12301g\\\/#breadcrumb\"},\"inLanguage\":\"pt-PT\",\"potentialAction\":[{\"@type\":\"ReadAction\",\"target\":[\"https:\\\/\\\/legendatours.com\\\/product\\\/walking-in-the-vicentina-route-12301g\\\/\"]}]},{\"@type\":\"ImageObject\",\"inLanguage\":\"pt-PT\",\"@id\":\"https:\\\/\\\/legendatours.com\\\/product\\\/walking-in-the-vicentina-route-12301g\\\/#primaryimage\",\"url\":\"https:\\\/\\\/legendatours.com\\\/wp-content\\\/uploads\\\/sites\\\/12\\\/2021\\\/04\\\/costa_vicentina-e1611668588521.jpg\",\"contentUrl\":\"https:\\\/\\\/legendatours.com\\\/wp-content\\\/uploads\\\/sites\\\/12\\\/2021\\\/04\\\/costa_vicentina-e1611668588521.jpg\",\"width\":1024,\"height\":683,\"caption\":\"Vicentine Coast Walking\"},{\"@type\":\"BreadcrumbList\",\"@id\":\"https:\\\/\\\/legendatours.com\\\/product\\\/walking-in-the-vicentina-route-12301g\\\/#breadcrumb\",\"itemListElement\":[{\"@type\":\"ListItem\",\"position\":1,\"name\":\"Home\",\"item\":\"https:\\\/\\\/legendatours.com\\\/\"},{\"@type\":\"ListItem\",\"position\":2,\"name\":\"Shop\",\"item\":\"https:\\\/\\\/legendatours.com\\\/sv\\\/?page_id=4\"},{\"@type\":\"ListItem\",\"position\":3,\"name\":\"Walking Holidays in the Vicentina Route\"}]},{\"@type\":\"WebSite\",\"@id\":\"https:\\\/\\\/legendatours.com\\\/#website\",\"url\":\"https:\\\/\\\/legendatours.com\\\/\",\"name\":\"Legendary Adventure DMC Portugal\",\"description\":\"Responsible Walking &amp; Nature Holidays in Portugal\",\"publisher\":{\"@id\":\"https:\\\/\\\/legendatours.com\\\/#organization\"},\"alternateName\":\"Legendary Adventure Portugal\",\"potentialAction\":[{\"@type\":\"SearchAction\",\"target\":{\"@type\":\"EntryPoint\",\"urlTemplate\":\"https:\\\/\\\/legendatours.com\\\/?s={search_term_string}\"},\"query-input\":{\"@type\":\"PropertyValueSpecification\",\"valueRequired\":true,\"valueName\":\"search_term_string\"}}],\"inLanguage\":\"pt-PT\"},{\"@type\":\"Organization\",\"@id\":\"https:\\\/\\\/legendatours.com\\\/#organization\",\"name\":\"legendatours.com\",\"url\":\"https:\\\/\\\/legendatours.com\\\/\",\"logo\":{\"@type\":\"ImageObject\",\"inLanguage\":\"pt-PT\",\"@id\":\"https:\\\/\\\/legendatours.com\\\/#\\\/schema\\\/logo\\\/image\\\/\",\"url\":\"https:\\\/\\\/legendatours.com\\\/wp-content\\\/uploads\\\/sites\\\/12\\\/2021\\\/06\\\/legendary_adventure_dmc.png\",\"contentUrl\":\"https:\\\/\\\/legendatours.com\\\/wp-content\\\/uploads\\\/sites\\\/12\\\/2021\\\/06\\\/legendary_adventure_dmc.png\",\"width\":250,\"height\":74,\"caption\":\"legendatours.com\"},\"image\":{\"@id\":\"https:\\\/\\\/legendatours.com\\\/#\\\/schema\\\/logo\\\/image\\\/\"},\"sameAs\":[\"https:\\\/\\\/www.facebook.com\\\/legendaryadventuredmc\\\/\",\"https:\\\/\\\/www.linkedin.com\\\/company\\\/legendary-adventure-dmc-portugal\",\"https:\\\/\\\/www.youtube.com\\\/channel\\\/UCOIRDx_KM6ynIcacQkZjb6g\"]}]}<\/script>\n<!-- \/ Yoast SEO Premium plugin. -->","yoast_head_json":{"title":"F\u00e9rias Pedestres na Rota Vicentina - Legendary Adventure DMC Portugal","description":"Caminhar pela Rota Vicentina \u2013 Do mar \u00e0 terra ao longo da deslumbrante Costa Sudoeste de Portugal \u00e9 uma excurs\u00e3o a p\u00e9 de 8 dias em Portugal.","robots":{"index":"index","follow":"follow","max-snippet":"max-snippet:-1","max-image-preview":"max-image-preview:large","max-video-preview":"max-video-preview:-1"},"canonical":"https:\/\/legendatours.com\/pt\/produto\/walking-in-the-vicentina-route-12301g\/","og_locale":"pt_PT","og_type":"article","og_title":"Walking Holidays in the Vicentina Route","og_description":"The Walking in the Vincentina route \u2013 From sea to land along the stunning South West Coast of Portugal is an 8-day walking tour, centred in Vila Nova de Milfontes and Aljezur, in the middle of the Southwest Alentejo and Vicentine Coast Natural Park.Considered one of the finest stretches of preserved European coastlines, the area is home to the famous Rota Vicentina \u2013 a 340km long-distance path that begins in Santiago do Cac\u00e9m and finishes at the once called the edge of the known world \u2013 the Cape of St. Vincent.","og_url":"https:\/\/legendatours.com\/pt\/produto\/walking-in-the-vicentina-route-12301g\/","og_site_name":"Legendary Adventure DMC Portugal","article_publisher":"https:\/\/www.facebook.com\/legendaryadventuredmc\/","article_modified_time":"2025-07-25T11:33:01+00:00","og_image":[{"width":1024,"height":683,"url":"https:\/\/legendatours.com\/wp-content\/uploads\/sites\/12\/2021\/04\/costa_vicentina-e1611668588521.jpg","type":"image\/jpeg"}],"twitter_card":"summary_large_image","twitter_description":"The Walking in the Vincentina route \u2013 From sea to land along the stunning South West Coast of Portugal is an 8-day walking tour, centred in Vila Nova de Milfontes and Aljezur, in the middle of the Southwest Alentejo and Vicentine Coast Natural Park.Considered one of the finest stretches of preserved European coastlines, the area is home to the famous Rota Vicentina \u2013 a 340km long-distance path that begins in Santiago do Cac\u00e9m and finishes at the once called the edge of the known world \u2013 the Cape of St. Vincent.","twitter_misc":{"Tempo estimado de leitura":"3 minutos"},"schema":{"@context":"https:\/\/schema.org","@graph":[{"@type":"WebPage","@id":"https:\/\/legendatours.com\/product\/walking-in-the-vicentina-route-12301g\/","url":"https:\/\/legendatours.com\/product\/walking-in-the-vicentina-route-12301g\/","name":"F\u00e9rias Pedestres na Rota Vicentina - Legendary Adventure DMC Portugal","isPartOf":{"@id":"https:\/\/legendatours.com\/#website"},"primaryImageOfPage":{"@id":"https:\/\/legendatours.com\/product\/walking-in-the-vicentina-route-12301g\/#primaryimage"},"image":{"@id":"https:\/\/legendatours.com\/product\/walking-in-the-vicentina-route-12301g\/#primaryimage"},"thumbnailUrl":"https:\/\/legendatours.com\/wp-content\/uploads\/sites\/12\/2021\/04\/costa_vicentina-e1611668588521.jpg","datePublished":"2020-12-07T12:54:49+00:00","dateModified":"2025-07-25T11:33:01+00:00","description":"Caminhar pela Rota Vicentina \u2013 Do mar \u00e0 terra ao longo da deslumbrante Costa Sudoeste de Portugal \u00e9 uma excurs\u00e3o a p\u00e9 de 8 dias em Portugal.","breadcrumb":{"@id":"https:\/\/legendatours.com\/product\/walking-in-the-vicentina-route-12301g\/#breadcrumb"},"inLanguage":"pt-PT","potentialAction":[{"@type":"ReadAction","target":["https:\/\/legendatours.com\/product\/walking-in-the-vicentina-route-12301g\/"]}]},{"@type":"ImageObject","inLanguage":"pt-PT","@id":"https:\/\/legendatours.com\/product\/walking-in-the-vicentina-route-12301g\/#primaryimage","url":"https:\/\/legendatours.com\/wp-content\/uploads\/sites\/12\/2021\/04\/costa_vicentina-e1611668588521.jpg","contentUrl":"https:\/\/legendatours.com\/wp-content\/uploads\/sites\/12\/2021\/04\/costa_vicentina-e1611668588521.jpg","width":1024,"height":683,"caption":"Vicentine Coast Walking"},{"@type":"BreadcrumbList","@id":"https:\/\/legendatours.com\/product\/walking-in-the-vicentina-route-12301g\/#breadcrumb","itemListElement":[{"@type":"ListItem","position":1,"name":"Home","item":"https:\/\/legendatours.com\/"},{"@type":"ListItem","position":2,"name":"Shop","item":"https:\/\/legendatours.com\/sv\/?page_id=4"},{"@type":"ListItem","position":3,"name":"Walking Holidays in the Vicentina Route"}]},{"@type":"WebSite","@id":"https:\/\/legendatours.com\/#website","url":"https:\/\/legendatours.com\/","name":"Legendary Adventure DMC Portugal","description":"Caminhadas e F\u00e9rias na Natureza Respons\u00e1veis em Portugal","publisher":{"@id":"https:\/\/legendatours.com\/#organization"},"alternateName":"Legendary Adventure Portugal","potentialAction":[{"@type":"SearchAction","target":{"@type":"EntryPoint","urlTemplate":"https:\/\/legendatours.com\/?s={search_term_string}"},"query-input":{"@type":"PropertyValueSpecification","valueRequired":true,"valueName":"search_term_string"}}],"inLanguage":"pt-PT"},{"@type":"Organization","@id":"https:\/\/legendatours.com\/#organization","name":"legendatours.com","url":"https:\/\/legendatours.com\/","logo":{"@type":"ImageObject","inLanguage":"pt-PT","@id":"https:\/\/legendatours.com\/#\/schema\/logo\/image\/","url":"https:\/\/legendatours.com\/wp-content\/uploads\/sites\/12\/2021\/06\/legendary_adventure_dmc.png","contentUrl":"https:\/\/legendatours.com\/wp-content\/uploads\/sites\/12\/2021\/06\/legendary_adventure_dmc.png","width":250,"height":74,"caption":"legendatours.com"},"image":{"@id":"https:\/\/legendatours.com\/#\/schema\/logo\/image\/"},"sameAs":["https:\/\/www.facebook.com\/legendaryadventuredmc\/","https:\/\/www.linkedin.com\/company\/legendary-adventure-dmc-portugal","https:\/\/www.youtube.com\/channel\/UCOIRDx_KM6ynIcacQkZjb6g"]}]}},"_links":{"self":[{"href":"https:\/\/legendatours.com\/pt\/wp-json\/wp\/v2\/product\/1672","targetHints":{"allow":["GET"]}}],"collection":[{"href":"https:\/\/legendatours.com\/pt\/wp-json\/wp\/v2\/product"}],"about":[{"href":"https:\/\/legendatours.com\/pt\/wp-json\/wp\/v2\/types\/product"}],"replies":[{"embeddable":true,"href":"https:\/\/legendatours.com\/pt\/wp-json\/wp\/v2\/comments?post=1672"}],"wp:featuredmedia":[{"embeddable":true,"href":"https:\/\/legendatours.com\/pt\/wp-json\/wp\/v2\/media\/1657"}],"wp:attachment":[{"href":"https:\/\/legendatours.com\/pt\/wp-json\/wp\/v2\/media?parent=1672"}],"wp:term":[{"taxonomy":"product_brand","embeddable":true,"href":"https:\/\/legendatours.com\/pt\/wp-json\/wp\/v2\/product_brand?post=1672"},{"taxonomy":"product_cat","embeddable":true,"href":"https:\/\/legendatours.com\/pt\/wp-json\/wp\/v2\/product_cat?post=1672"},{"taxonomy":"product_tag","embeddable":true,"href":"https:\/\/legendatours.com\/pt\/wp-json\/wp\/v2\/product_tag?post=1672"}],"curies":[{"name":"wp","href":"https:\/\/api.w.org\/{rel}","templated":true}]}}