{"id":1737,"date":"2020-09-14T09:14:07","date_gmt":"2020-09-14T09:14:07","guid":{"rendered":"https:\/\/legendatours.com\/product\/group-walking-holidays-in-tavira-the-amazing-east-algarve\/"},"modified":"2025-07-25T11:36:38","modified_gmt":"2025-07-25T11:36:38","slug":"tavira-the-amazing-east-algarve-1300g","status":"publish","type":"product","link":"https:\/\/legendatours.com\/pt\/produto\/tavira-the-amazing-east-algarve-1300g\/","title":{"rendered":"F\u00e9rias em grupo em Tavira: O incr\u00edvel Sotavento Algarvio"},"content":{"rendered":"<p>Tavira \u00e9 uma antiga cidade mourisca que manteve o seu car\u00e1cter e heran\u00e7a \u00fanicos.<\/p>\n<p>A cidade estende-se ao longo das margens do Rio Gil\u00e3o e \u00e9 uma mistura encantadora da arquitetura tradicional portuguesa com profundas influ\u00eancias mouriscas.<\/p>\n<p>\u00c9 indiscutivelmente a cidade mais bonita do Algarve e exala um aut\u00eantico charme portugu\u00eas. Uma verdadeira alegria para explorar com sua infinidade de edif\u00edcios hist\u00f3ricos e igrejas decorativas, todos localizados em torno de pra\u00e7as charmosas e lindas ruas de paralelep\u00edpedos.<\/p>\n<div id=\"attachment_1773\" style=\"width: 1034px\" class=\"wp-caption alignnone\"><img loading=\"lazy\" decoding=\"async\" aria-describedby=\"caption-attachment-1773\" class=\"wp-image-1773 size-large\" title=\"Ponte romana em Tavira Veneza do Algarve. Tamb\u00e9m conhecida por Ponte Antiga \u00e9 um dos s\u00edmbolos de Tavira.\" src=\"https:\/\/legendatours.net\/wp-content\/uploads\/2020\/03\/Roman-bridge-in-Tavira-Venice-of-Algarve-2-1024x685.jpg\" alt=\"Roman bridge in Tavira Venice of Algarve\" width=\"1024\" height=\"685\" \/><p id=\"caption-attachment-1773\" class=\"wp-caption-text\">Ponte romana em Tavira Veneza do Algarve. Tamb\u00e9m conhecida como Ponte Antiga \u00e9 uma das <a href=\"..\/..\/?s=Tavira\" target=\"_blank\" rel=\"noopener\">Tavira<\/a> s\u00edmbolos.<\/p><\/div>\n<p>Camadas de hist\u00f3ria podem ser vistas, desde escava\u00e7\u00f5es fen\u00edcias atrav\u00e9s de portas decoradas com decora\u00e7\u00e3o isl\u00e2mica at\u00e9 floreios renascentistas e barrocos. No entanto, s\u00e3o as cores que o impressionam: paredes brancas ofuscantes, azulejos brilhantes, pantiles vermelho-fogo.<\/p>\n<p>Nossas caminhadas nos levam <a href=\"..\/..\/?s=Tavira+Island\">Ilha de tavira<\/a> no Parque Natural, abrangendo uma das praias mais bonitas do mundo, e belas vilas costeiras como Santa Luzia, Cabanas e Cacela Velha. Para o interior, serpenteamos entre colinas e vales at\u00e9 ao pico baixo do Zimbral, com amplas vistas recompensadoras.<\/p>\n<div id=\"attachment_2642\" style=\"width: 1034px\" class=\"wp-caption alignnone\"><img loading=\"lazy\" decoding=\"async\" aria-describedby=\"caption-attachment-2642\" class=\"wp-image-2642 size-large\" title=\"Caminhada em grupo na Serra do Caldeir\u00e3o do Algarve, e descobrindo mais do Algarve\" src=\"https:\/\/legendatours.net\/wp-content\/uploads\/2020\/06\/Walk_caldeirao_mountains-1024x666.jpg\" alt=\"Group Walk in Algarve Caldeir\u00e3o Mountains, Algarve\" width=\"1024\" height=\"666\" \/><p id=\"caption-attachment-2642\" class=\"wp-caption-text\"><a href=\"..\/..\/?s=Group+Walk\" target=\"_blank\" rel=\"noopener\">Grupo <\/a>Caminhe pela serra algarvia do Caldeir\u00e3o e descubra mais <a href=\"..\/..\/?s=Algarve\" target=\"_blank\" rel=\"noopener\">Algarve<\/a><\/p><\/div>\n<p>Trilhas antigas nos levam por fazendas, atrav\u00e9s de uma intrincada colcha de retalhos de pomares de laranjeiras, oliveiras e alfarrobeiras. \u00c0s vezes caminhamos ao lado de rios; outras vezes entre os pinheiros e sobreiros. Durante a maior parte de nossa temporada, somos presenteados com uma prociss\u00e3o intermin\u00e1vel e em constante mudan\u00e7a de belas flores.<\/p>\n<p>Tamb\u00e9m desfrutaremos de jantares em restaurantes locais dando a oportunidade de provar a maravilhosa cozinha portuguesa.<\/p>\n<p>&nbsp;<\/p>\n<div class=\"row\">\n<div class=\"column\" style=\"flex: 45%;\"><\/div>\n<div class=\"column\" style=\"flex: 10%;\"><\/div>\n<div class=\"column\" style=\"flex: 45%;\">\n<p><iframe loading=\"lazy\" title=\"Trilhas portuguesas\" width=\"1080\" height=\"608\" src=\"https:\/\/www.youtube.com\/embed\/pPsnchCKXGc?feature=oembed\" frameborder=\"0\" allow=\"accelerometer; autoplay; clipboard-write; encrypted-media; gyroscope; picture-in-picture; web-share\" referrerpolicy=\"strict-origin-when-cross-origin\" allowfullscreen><\/iframe><\/p>\n<\/div>\n<\/div>","protected":false},"excerpt":{"rendered":"<p>O Amazing East Algarve \u00e9 um tour a p\u00e9 sediado em Tavira, com uma espetacular mistura de passeios em Reservas Naturais e belas paisagens tanto do interior como do litoral do Sotavento Algarvio.<\/p>\n<p>Os nossos passeios levam-nos \u00e0 Ilha de Tavira no Parque Natural, passando por uma das mais belas praias do mundo, e a bonitas aldeias costeiras como Santa Luzia, Cabanas e Cacela Velha. No interior, serpenteamos entre colinas e vales at\u00e9 o baixo pico de Zimbral, com amplas vistas gratificantes.<\/p>\n<p>Tamb\u00e9m desfrutaremos de jantares em restaurantes locais dando a oportunidade de provar a maravilhosa cozinha portuguesa.<\/p>","protected":false},"featured_media":1712,"comment_status":"closed","ping_status":"closed","template":"","meta":{"_acf_changed":false,"inline_featured_image":false},"product_brand":[],"product_cat":[32,28,29,30,31],"product_tag":[146,147,74,148,149,150,402,151,152,153,84,154,155,130,48,90,91,156,157,158,159,160,394,161,915,98,162,163,164,165,609,60,166,167,168,169,961,170,171,172,173,174,175,68,69,176,177,121,630,178,112,179,600,180,122,145],"class_list":{"0":"post-1737","1":"product","2":"type-product","3":"status-publish","4":"has-post-thumbnail","6":"product_cat-cultural-tours-and-holidays-in-portugal","7":"product_cat-guided-group-tours","8":"product_cat-portugal-guided-historical-holidays","9":"product_cat-guided-sightseeing-holidays-portugal","10":"product_cat-guided-walking-holidays-in-portugal","11":"product_tag-10-best-beaches-in-the-world","12":"product_tag-algarve","13":"product_tag-algarve-gr13","14":"product_tag-algarve-east-cost","15":"product_tag-algarve-flowers","16":"product_tag-algarve-sand-islands","17":"product_tag-amazing-walking","18":"product_tag-cabanas-de-tavira","19":"product_tag-cacela-velha","20":"product_tag-countryside","21":"product_tag-dramatic-beauty-of-the-atlantic-coast","22":"product_tag-east-algarve","23":"product_tag-europe","24":"product_tag-gastronomy","25":"product_tag-guided-tours","26":"product_tag-guided-walking-holidays","27":"product_tag-guided-walking-tours","28":"product_tag-hiking","29":"product_tag-hiking-holidays","30":"product_tag-hiking-routes","31":"product_tag-hiking-trails","32":"product_tag-holidays","33":"product_tag-island-of-tavira","34":"product_tag-local-restaurants","35":"product_tag-medieval-castle-of-tavira","36":"product_tag-natural-reserves","37":"product_tag-nature-walks","38":"product_tag-orange","39":"product_tag-orange-groves","40":"product_tag-perfect-for-hiking","41":"product_tag-perfect-walking-holiday","42":"product_tag-portugal","43":"product_tag-portuguese-charm","44":"product_tag-rambling","45":"product_tag-ria-formosa","46":"product_tag-ria-formosa-natural-park","47":"product_tag-santa-catarina-da-fonte-do-bispo","48":"product_tag-santa-luzia","49":"product_tag-small-group","50":"product_tag-spectacular-hikes","51":"product_tag-sunny-winters","52":"product_tag-tavira","53":"product_tag-tavira-island","54":"product_tag-tours-in-portugal","55":"product_tag-traditional-portuguese","56":"product_tag-typical-fisherman-villages","57":"product_tag-vacations","58":"product_tag-walking","59":"product_tag-walking-and-exploring","60":"product_tag-walking-break","61":"product_tag-walking-holidays","62":"product_tag-walking-in-tavira","63":"product_tag-walking-route","64":"product_tag-walking-tour","65":"product_tag-walking-tours","66":"product_tag-wines","68":"first","69":"instock","70":"virtual","71":"product-type-simple"},"acf":[],"yoast_head":"<!-- This site is optimized with the Yoast SEO Premium plugin v26.8 (Yoast SEO v27.5) - https:\/\/yoast.com\/product\/yoast-seo-premium-wordpress\/ -->\n<title>Group Walking Holidays in Tavira: The amazing East Algarve - Legendary Adventure DMC Portugal<\/title>\n<meta name=\"description\" content=\"Amazing East Algarve is a walking tour based in Tavira, with a spectacular mix of walks in Natural Reserves and beautiful landscapes both in the interior and coastal East Algarve.Our walks take us to Tavira Island in the Natural Park, taking in one of the most beautiful beaches in the world, and to pretty coastal villages such as Santa Luzia, Cabanas, and Cacela Velha. Inland we wind our way between hills and valleys to the low peak of Zimbral, with wide rewarding views.\" \/>\n<meta name=\"robots\" content=\"index, follow, max-snippet:-1, max-image-preview:large, max-video-preview:-1\" \/>\n<link rel=\"canonical\" href=\"https:\/\/legendatours.com\/pt\/produto\/tavira-the-amazing-east-algarve-1300g\/\" \/>\n<meta property=\"og:locale\" content=\"pt_PT\" \/>\n<meta property=\"og:type\" content=\"article\" \/>\n<meta property=\"og:title\" content=\"Group Walking Holidays in Tavira: The amazing East Algarve\" \/>\n<meta property=\"og:description\" content=\"The Amazing East Algarve is a walking tour based in Tavira, with a spectacular mix of walks in Natural Reserves and beautiful landscapes both in the interior and coastal East Algarve.Our walks take us to Tavira Island in the Natural Park, taking in one of the most beautiful beaches in the world, and to pretty coastal villages such as Santa Luzia, Cabanas, and Cacela Velha. Inland we wind our way between hills and valleys to the low peak of Zimbral, with wide rewarding views.We\u2019ll also enjoy dinners at local restaurants giving the opportunity to sample the wonderful Portuguese cuisine.\" \/>\n<meta property=\"og:url\" content=\"https:\/\/legendatours.com\/pt\/produto\/tavira-the-amazing-east-algarve-1300g\/\" \/>\n<meta property=\"og:site_name\" content=\"Legendary Adventure DMC Portugal\" \/>\n<meta property=\"article:publisher\" content=\"https:\/\/www.facebook.com\/legendaryadventuredmc\/\" \/>\n<meta property=\"article:modified_time\" content=\"2025-07-25T11:36:38+00:00\" \/>\n<meta property=\"og:image\" content=\"https:\/\/legendatours.com\/wp-content\/uploads\/sites\/12\/2021\/04\/cacela-e1611677419493.jpg\" \/>\n\t<meta property=\"og:image:width\" content=\"1024\" \/>\n\t<meta property=\"og:image:height\" content=\"578\" \/>\n\t<meta property=\"og:image:type\" content=\"image\/jpeg\" \/>\n<meta name=\"twitter:card\" content=\"summary_large_image\" \/>\n<meta name=\"twitter:description\" content=\"The Amazing East Algarve is a walking tour based in Tavira, with a spectacular mix of walks in Natural Reserves and beautiful landscapes both in the interior and coastal East Algarve.Our walks take us to Tavira Island in the Natural Park, taking in one of the most beautiful beaches in the world, and to pretty coastal villages such as Santa Luzia, Cabanas, and Cacela Velha. Inland we wind our way between hills and valleys to the low peak of Zimbral, with wide rewarding views.We\u2019ll also enjoy dinners at local restaurants giving the opportunity to sample the wonderful Portuguese cuisine.\" \/>\n<meta name=\"twitter:image\" content=\"https:\/\/legendatours.com\/wp-content\/uploads\/sites\/12\/2021\/04\/Fishing-boats-Tavira.jpg\" \/>\n<meta name=\"twitter:label1\" content=\"Tempo estimado de leitura\" \/>\n\t<meta name=\"twitter:data1\" content=\"2 minutos\" \/>\n<script type=\"application\/ld+json\" class=\"yoast-schema-graph\">{\"@context\":\"https:\\\/\\\/schema.org\",\"@graph\":[{\"@type\":\"WebPage\",\"@id\":\"https:\\\/\\\/legendatours.com\\\/product\\\/tavira-the-amazing-east-algarve-1300g\\\/\",\"url\":\"https:\\\/\\\/legendatours.com\\\/product\\\/tavira-the-amazing-east-algarve-1300g\\\/\",\"name\":\"Group Walking Holidays in Tavira: The amazing East Algarve - Legendary Adventure DMC Portugal\",\"isPartOf\":{\"@id\":\"https:\\\/\\\/legendatours.com\\\/#website\"},\"primaryImageOfPage\":{\"@id\":\"https:\\\/\\\/legendatours.com\\\/product\\\/tavira-the-amazing-east-algarve-1300g\\\/#primaryimage\"},\"image\":{\"@id\":\"https:\\\/\\\/legendatours.com\\\/product\\\/tavira-the-amazing-east-algarve-1300g\\\/#primaryimage\"},\"thumbnailUrl\":\"https:\\\/\\\/legendatours.com\\\/wp-content\\\/uploads\\\/sites\\\/12\\\/2021\\\/04\\\/cacela-e1611677419493.jpg\",\"datePublished\":\"2020-09-14T09:14:07+00:00\",\"dateModified\":\"2025-07-25T11:36:38+00:00\",\"description\":\"Amazing East Algarve is a walking tour based in Tavira, with a spectacular mix of walks in Natural Reserves and beautiful landscapes both in the interior and coastal East Algarve.Our walks take us to Tavira Island in the Natural Park, taking in one of the most beautiful beaches in the world, and to pretty coastal villages such as Santa Luzia, Cabanas, and Cacela Velha. Inland we wind our way between hills and valleys to the low peak of Zimbral, with wide rewarding views.\",\"breadcrumb\":{\"@id\":\"https:\\\/\\\/legendatours.com\\\/product\\\/tavira-the-amazing-east-algarve-1300g\\\/#breadcrumb\"},\"inLanguage\":\"pt-PT\",\"potentialAction\":[{\"@type\":\"ReadAction\",\"target\":[\"https:\\\/\\\/legendatours.com\\\/product\\\/tavira-the-amazing-east-algarve-1300g\\\/\"]}]},{\"@type\":\"ImageObject\",\"inLanguage\":\"pt-PT\",\"@id\":\"https:\\\/\\\/legendatours.com\\\/product\\\/tavira-the-amazing-east-algarve-1300g\\\/#primaryimage\",\"url\":\"https:\\\/\\\/legendatours.com\\\/wp-content\\\/uploads\\\/sites\\\/12\\\/2021\\\/04\\\/cacela-e1611677419493.jpg\",\"contentUrl\":\"https:\\\/\\\/legendatours.com\\\/wp-content\\\/uploads\\\/sites\\\/12\\\/2021\\\/04\\\/cacela-e1611677419493.jpg\",\"width\":1024,\"height\":578,\"caption\":\"The Fort of Cacela Velha\"},{\"@type\":\"BreadcrumbList\",\"@id\":\"https:\\\/\\\/legendatours.com\\\/product\\\/tavira-the-amazing-east-algarve-1300g\\\/#breadcrumb\",\"itemListElement\":[{\"@type\":\"ListItem\",\"position\":1,\"name\":\"Home\",\"item\":\"https:\\\/\\\/legendatours.com\\\/\"},{\"@type\":\"ListItem\",\"position\":2,\"name\":\"Shop\",\"item\":\"https:\\\/\\\/legendatours.com\\\/sv\\\/?page_id=4\"},{\"@type\":\"ListItem\",\"position\":3,\"name\":\"Group Walking Holidays in Tavira: The amazing East Algarve\"}]},{\"@type\":\"WebSite\",\"@id\":\"https:\\\/\\\/legendatours.com\\\/#website\",\"url\":\"https:\\\/\\\/legendatours.com\\\/\",\"name\":\"Legendary Adventure DMC Portugal\",\"description\":\"Responsible Walking &amp; Nature Holidays in Portugal\",\"publisher\":{\"@id\":\"https:\\\/\\\/legendatours.com\\\/#organization\"},\"alternateName\":\"Legendary Adventure Portugal\",\"potentialAction\":[{\"@type\":\"SearchAction\",\"target\":{\"@type\":\"EntryPoint\",\"urlTemplate\":\"https:\\\/\\\/legendatours.com\\\/?s={search_term_string}\"},\"query-input\":{\"@type\":\"PropertyValueSpecification\",\"valueRequired\":true,\"valueName\":\"search_term_string\"}}],\"inLanguage\":\"pt-PT\"},{\"@type\":\"Organization\",\"@id\":\"https:\\\/\\\/legendatours.com\\\/#organization\",\"name\":\"legendatours.com\",\"url\":\"https:\\\/\\\/legendatours.com\\\/\",\"logo\":{\"@type\":\"ImageObject\",\"inLanguage\":\"pt-PT\",\"@id\":\"https:\\\/\\\/legendatours.com\\\/#\\\/schema\\\/logo\\\/image\\\/\",\"url\":\"https:\\\/\\\/legendatours.com\\\/wp-content\\\/uploads\\\/sites\\\/12\\\/2021\\\/06\\\/legendary_adventure_dmc.png\",\"contentUrl\":\"https:\\\/\\\/legendatours.com\\\/wp-content\\\/uploads\\\/sites\\\/12\\\/2021\\\/06\\\/legendary_adventure_dmc.png\",\"width\":250,\"height\":74,\"caption\":\"legendatours.com\"},\"image\":{\"@id\":\"https:\\\/\\\/legendatours.com\\\/#\\\/schema\\\/logo\\\/image\\\/\"},\"sameAs\":[\"https:\\\/\\\/www.facebook.com\\\/legendaryadventuredmc\\\/\",\"https:\\\/\\\/www.linkedin.com\\\/company\\\/legendary-adventure-dmc-portugal\",\"https:\\\/\\\/www.youtube.com\\\/channel\\\/UCOIRDx_KM6ynIcacQkZjb6g\"]}]}<\/script>\n<!-- \/ Yoast SEO Premium plugin. -->","yoast_head_json":{"title":"F\u00e9rias em grupo em Tavira: O incr\u00edvel Algarve Oriental - Legendary Adventure DMC Portugal","description":"Amazing East Algarve is a walking tour based in Tavira, with a spectacular mix of walks in Natural Reserves and beautiful landscapes both in the interior and coastal East Algarve.Our walks take us to Tavira Island in the Natural Park, taking in one of the most beautiful beaches in the world, and to pretty coastal villages such as Santa Luzia, Cabanas, and Cacela Velha. Inland we wind our way between hills and valleys to the low peak of Zimbral, with wide rewarding views.","robots":{"index":"index","follow":"follow","max-snippet":"max-snippet:-1","max-image-preview":"max-image-preview:large","max-video-preview":"max-video-preview:-1"},"canonical":"https:\/\/legendatours.com\/pt\/produto\/tavira-the-amazing-east-algarve-1300g\/","og_locale":"pt_PT","og_type":"article","og_title":"Group Walking Holidays in Tavira: The amazing East Algarve","og_description":"The Amazing East Algarve is a walking tour based in Tavira, with a spectacular mix of walks in Natural Reserves and beautiful landscapes both in the interior and coastal East Algarve.Our walks take us to Tavira Island in the Natural Park, taking in one of the most beautiful beaches in the world, and to pretty coastal villages such as Santa Luzia, Cabanas, and Cacela Velha. Inland we wind our way between hills and valleys to the low peak of Zimbral, with wide rewarding views.We\u2019ll also enjoy dinners at local restaurants giving the opportunity to sample the wonderful Portuguese cuisine.","og_url":"https:\/\/legendatours.com\/pt\/produto\/tavira-the-amazing-east-algarve-1300g\/","og_site_name":"Legendary Adventure DMC Portugal","article_publisher":"https:\/\/www.facebook.com\/legendaryadventuredmc\/","article_modified_time":"2025-07-25T11:36:38+00:00","og_image":[{"width":1024,"height":578,"url":"https:\/\/legendatours.com\/wp-content\/uploads\/sites\/12\/2021\/04\/cacela-e1611677419493.jpg","type":"image\/jpeg"}],"twitter_card":"summary_large_image","twitter_description":"The Amazing East Algarve is a walking tour based in Tavira, with a spectacular mix of walks in Natural Reserves and beautiful landscapes both in the interior and coastal East Algarve.Our walks take us to Tavira Island in the Natural Park, taking in one of the most beautiful beaches in the world, and to pretty coastal villages such as Santa Luzia, Cabanas, and Cacela Velha. Inland we wind our way between hills and valleys to the low peak of Zimbral, with wide rewarding views.We\u2019ll also enjoy dinners at local restaurants giving the opportunity to sample the wonderful Portuguese cuisine.","twitter_image":"https:\/\/legendatours.com\/wp-content\/uploads\/sites\/12\/2021\/04\/Fishing-boats-Tavira.jpg","twitter_misc":{"Tempo estimado de leitura":"2 minutos"},"schema":{"@context":"https:\/\/schema.org","@graph":[{"@type":"WebPage","@id":"https:\/\/legendatours.com\/product\/tavira-the-amazing-east-algarve-1300g\/","url":"https:\/\/legendatours.com\/product\/tavira-the-amazing-east-algarve-1300g\/","name":"F\u00e9rias em grupo em Tavira: O incr\u00edvel Algarve Oriental - Legendary Adventure DMC Portugal","isPartOf":{"@id":"https:\/\/legendatours.com\/#website"},"primaryImageOfPage":{"@id":"https:\/\/legendatours.com\/product\/tavira-the-amazing-east-algarve-1300g\/#primaryimage"},"image":{"@id":"https:\/\/legendatours.com\/product\/tavira-the-amazing-east-algarve-1300g\/#primaryimage"},"thumbnailUrl":"https:\/\/legendatours.com\/wp-content\/uploads\/sites\/12\/2021\/04\/cacela-e1611677419493.jpg","datePublished":"2020-09-14T09:14:07+00:00","dateModified":"2025-07-25T11:36:38+00:00","description":"Amazing East Algarve is a walking tour based in Tavira, with a spectacular mix of walks in Natural Reserves and beautiful landscapes both in the interior and coastal East Algarve.Our walks take us to Tavira Island in the Natural Park, taking in one of the most beautiful beaches in the world, and to pretty coastal villages such as Santa Luzia, Cabanas, and Cacela Velha. Inland we wind our way between hills and valleys to the low peak of Zimbral, with wide rewarding views.","breadcrumb":{"@id":"https:\/\/legendatours.com\/product\/tavira-the-amazing-east-algarve-1300g\/#breadcrumb"},"inLanguage":"pt-PT","potentialAction":[{"@type":"ReadAction","target":["https:\/\/legendatours.com\/product\/tavira-the-amazing-east-algarve-1300g\/"]}]},{"@type":"ImageObject","inLanguage":"pt-PT","@id":"https:\/\/legendatours.com\/product\/tavira-the-amazing-east-algarve-1300g\/#primaryimage","url":"https:\/\/legendatours.com\/wp-content\/uploads\/sites\/12\/2021\/04\/cacela-e1611677419493.jpg","contentUrl":"https:\/\/legendatours.com\/wp-content\/uploads\/sites\/12\/2021\/04\/cacela-e1611677419493.jpg","width":1024,"height":578,"caption":"The Fort of Cacela Velha"},{"@type":"BreadcrumbList","@id":"https:\/\/legendatours.com\/product\/tavira-the-amazing-east-algarve-1300g\/#breadcrumb","itemListElement":[{"@type":"ListItem","position":1,"name":"Home","item":"https:\/\/legendatours.com\/"},{"@type":"ListItem","position":2,"name":"Shop","item":"https:\/\/legendatours.com\/sv\/?page_id=4"},{"@type":"ListItem","position":3,"name":"Group Walking Holidays in Tavira: The amazing East Algarve"}]},{"@type":"WebSite","@id":"https:\/\/legendatours.com\/#website","url":"https:\/\/legendatours.com\/","name":"Legendary Adventure DMC Portugal","description":"Caminhadas e F\u00e9rias na Natureza Respons\u00e1veis em Portugal","publisher":{"@id":"https:\/\/legendatours.com\/#organization"},"alternateName":"Legendary Adventure Portugal","potentialAction":[{"@type":"SearchAction","target":{"@type":"EntryPoint","urlTemplate":"https:\/\/legendatours.com\/?s={search_term_string}"},"query-input":{"@type":"PropertyValueSpecification","valueRequired":true,"valueName":"search_term_string"}}],"inLanguage":"pt-PT"},{"@type":"Organization","@id":"https:\/\/legendatours.com\/#organization","name":"legendatours.com","url":"https:\/\/legendatours.com\/","logo":{"@type":"ImageObject","inLanguage":"pt-PT","@id":"https:\/\/legendatours.com\/#\/schema\/logo\/image\/","url":"https:\/\/legendatours.com\/wp-content\/uploads\/sites\/12\/2021\/06\/legendary_adventure_dmc.png","contentUrl":"https:\/\/legendatours.com\/wp-content\/uploads\/sites\/12\/2021\/06\/legendary_adventure_dmc.png","width":250,"height":74,"caption":"legendatours.com"},"image":{"@id":"https:\/\/legendatours.com\/#\/schema\/logo\/image\/"},"sameAs":["https:\/\/www.facebook.com\/legendaryadventuredmc\/","https:\/\/www.linkedin.com\/company\/legendary-adventure-dmc-portugal","https:\/\/www.youtube.com\/channel\/UCOIRDx_KM6ynIcacQkZjb6g"]}]}},"_links":{"self":[{"href":"https:\/\/legendatours.com\/pt\/wp-json\/wp\/v2\/product\/1737","targetHints":{"allow":["GET"]}}],"collection":[{"href":"https:\/\/legendatours.com\/pt\/wp-json\/wp\/v2\/product"}],"about":[{"href":"https:\/\/legendatours.com\/pt\/wp-json\/wp\/v2\/types\/product"}],"replies":[{"embeddable":true,"href":"https:\/\/legendatours.com\/pt\/wp-json\/wp\/v2\/comments?post=1737"}],"wp:featuredmedia":[{"embeddable":true,"href":"https:\/\/legendatours.com\/pt\/wp-json\/wp\/v2\/media\/1712"}],"wp:attachment":[{"href":"https:\/\/legendatours.com\/pt\/wp-json\/wp\/v2\/media?parent=1737"}],"wp:term":[{"taxonomy":"product_brand","embeddable":true,"href":"https:\/\/legendatours.com\/pt\/wp-json\/wp\/v2\/product_brand?post=1737"},{"taxonomy":"product_cat","embeddable":true,"href":"https:\/\/legendatours.com\/pt\/wp-json\/wp\/v2\/product_cat?post=1737"},{"taxonomy":"product_tag","embeddable":true,"href":"https:\/\/legendatours.com\/pt\/wp-json\/wp\/v2\/product_tag?post=1737"}],"curies":[{"name":"wp","href":"https:\/\/api.w.org\/{rel}","templated":true}]}}