{"id":1769,"date":"2020-08-12T09:30:03","date_gmt":"2020-08-12T09:30:03","guid":{"rendered":"https:\/\/legendatours.com\/product\/walk-and-explore-northern-portugals-culture-heritage-nature\/"},"modified":"2021-09-17T12:33:19","modified_gmt":"2021-09-17T12:33:19","slug":"explore-northern-portugals-culture-heritage-nature-10700g","status":"publish","type":"product","link":"https:\/\/legendatours.com\/pt\/produto\/explore-northern-portugals-culture-heritage-nature-10700g\/","title":{"rendered":"Caminhe e explore a cultura, o patrim\u00f4nio e a natureza do norte de Portugal"},"content":{"rendered":"<p><strong>Aceita grupos com no m\u00ednimo 6 pax.<\/strong><\/p>\n<p>&nbsp;<\/p>\n<p>O Norte de Portugal apresenta uma atraente combina\u00e7\u00e3o de encantadoras cidades hist\u00f3ricas, aldeias adormecidas, paisagens exuberantes e uma costa extensa e selvagem.<br \/>\nEste passeio guiado \u00e9 baseado em duas cidades encantadoras da regi\u00e3o do Minho: Viana do Castelo, conhecida como a \u201cP\u00e9rola do Norte\u201d, e Guimar\u00e3es, conhecida como o ber\u00e7o de Portugal.<\/p>\n<p>Viana do Castelo est\u00e1 aninhada na foz do rio Lima, na Costa Verde. \u00c9 uma cidade litor\u00e2nea com opulentas constru\u00e7\u00f5es manuelinas e barrocas, coroada pela bas\u00edlica de Santa Luzia, de onde se tem uma vista incr\u00edvel. O funicular mais longo de Portugal vai levar-nos at\u00e9 l\u00e1.<\/p>\n<div id=\"attachment_2774\" style=\"width: 1034px\" class=\"wp-caption alignnone\"><img loading=\"lazy\" decoding=\"async\" aria-describedby=\"caption-attachment-2774\" class=\"wp-image-2774 size-large\" title=\"Ponte de Lima, \u00e9 a cidade mais antiga de Portugal, situada junto \u00e0s \u00e1guas tranquilas do rio Lima\" src=\"https:\/\/legendatours.net\/wp-content\/uploads\/2020\/07\/ponte_de_lima-1024x576.jpg\" alt=\"Ponte de Lima, is the oldest town in Portugal, sited beside the tranquil waters of the river Lima\" width=\"1024\" height=\"576\" \/><p id=\"caption-attachment-2774\" class=\"wp-caption-text\"><a href=\"..\/..\/?s=Ponte+de+Lima\" target=\"_blank\" rel=\"noopener\">Ponte de Lima<\/a>\u00a0\u00e9 a cidade mais antiga de Portugal, situada junto \u00e0s \u00e1guas tranquilas do rio Lima<\/p><\/div>\n<p>O encantador centro medieval com ruas estreitas e sinuosas tem igrejas e edif\u00edcios impressionantes e antigas casas senhoriais. As tradi\u00e7\u00f5es e cultura carism\u00e1ticas da cidade est\u00e3o presentes nas artes e of\u00edcios coloridos e nas joias de filigrana de ouro.<\/p>\n<p>Daqui, rumamos a Vila Praia de \u00c2ncora, para uma paisagem de praias selvagens, com extensos areais ladeados por dunas e pinhais.<\/p>\n<p>Caminha, a um passo da costa espanhola, \u00e9 vis\u00edvel do outro lado do rio Minho com o monte de Santa Tecla a olhar para tr\u00e1s. As casas tradicionais com paredes de pedra e as pra\u00e7as decoradas com flores de Caminha ser\u00e3o um deleite!<\/p>\n<p>Braga \u00e9 uma cidade antiga \u2013 foi um reduto do imp\u00e9rio romano \u2013 com constru\u00e7\u00f5es barrocas e calor de cidade pequena. A vila tem fama de destino religioso, com as suas quase quatro dezenas de locais de culto, como a escadaria monumental e o santu\u00e1rio do Bom Jesus de Braga, que teremos oportunidade de visitar. A grande popula\u00e7\u00e3o estudantil d\u00e1 a Braga uma vibe ecl\u00e9tica, dando vida \u00e0s antigas ruas de paralelep\u00edpedos.<\/p>\n<p>Em seguida, transferimos para Guimar\u00e3es, conhecida como o ber\u00e7o de Portugal. A cidade tem um centro medieval bem preservado, tombado como Patrim\u00f4nio da Unesco. \u00c9 um emaranhado c\u00eanico de becos e pra\u00e7as, com capelas, igrejas, um pal\u00e1cio do s\u00e9culo XV e um castelo de 1000 anos.<\/p>\n<div id=\"attachment_2558\" style=\"width: 1034px\" class=\"wp-caption alignnone\"><img loading=\"lazy\" decoding=\"async\" aria-describedby=\"caption-attachment-2558\" class=\"wp-image-2558 size-large\" title=\"Capela de S\u00e3o Francisco em Guimar\u00e3es\" src=\"https:\/\/legendatours.net\/wp-content\/uploads\/2020\/06\/Chapel_Saint_Francis-1024x576.jpg\" alt=\"Chapel of Saint Francis in Guimar\u00e3es\" width=\"1024\" height=\"576\" \/><p id=\"caption-attachment-2558\" class=\"wp-caption-text\">Capela de S\u00e3o Francisco em <a href=\"..\/..\/?s=Guimar\u00e3es\" target=\"_blank\" rel=\"noopener\">Guimar\u00e3es<\/a><\/p><\/div>\n<p>Teremos a oportunidade de subir as colinas verdejantes que rodeiam a vila para visitar a Senhora da Penha, um local de peregrina\u00e7\u00e3o acess\u00edvel por trilhos estreitos, empoleirado entre grandes penedos de granito.<\/p>\n<p>Fafe ser\u00e1 outra paragem, cidade hist\u00f3rica aben\u00e7oada pela proximidade dos rios Vizela e Ferro.<\/p>\n<p>Al\u00e9m de tudo isso, teremos uma das melhores cozinhas de Portugal! A regi\u00e3o do Minho oferece pratos de dar \u00e1gua na boca, desde peixe acabado de sair do mar a pratos de carne da terra e in\u00fameras outras iguarias saborosas. Para os vinhos, experimente o refrescante e estival <a href=\"..\/..\/?s=Vinho+Verde\">Vinho Verde<\/a>!<\/p>\n<div class=\"row\" style=\"display: flex;\">\n<div class=\"column\" style=\"flex: 45%;\">\n<p><iframe loading=\"lazy\" title=\"&quot;Portugal Espera o Inesperado - Viana do Castelo&quot;\" width=\"1080\" height=\"608\" src=\"https:\/\/www.youtube.com\/embed\/zqKfGVdQ-wo?feature=oembed\" frameborder=\"0\" allow=\"accelerometer; autoplay; clipboard-write; encrypted-media; gyroscope; picture-in-picture\" allowfullscreen><\/iframe><\/p>\n<\/div>\n<div class=\"column\" style=\"flex: 10%;\"><\/div>\n<div class=\"column\" style=\"flex: 45%;\">\n<p><iframe loading=\"lazy\" title=\"Turismo do Porto e Norte de Portugal Touring Cultural e Paisag\u00edstico\" width=\"1080\" height=\"608\" src=\"https:\/\/www.youtube.com\/embed\/79Lez0GoHqI?feature=oembed\" frameborder=\"0\" allow=\"accelerometer; autoplay; clipboard-write; encrypted-media; gyroscope; picture-in-picture\" allowfullscreen><\/iframe><\/p>\n<\/div>\n<\/div>","protected":false},"excerpt":{"rendered":"<p>O Norte de Portugal apresenta uma atraente combina\u00e7\u00e3o de encantadoras cidades hist\u00f3ricas, aldeias adormecidas, paisagens exuberantes e uma costa extensa e selvagem.<\/p>\n<p>Este passeio guiado \u00e9 baseado em duas cidades encantadoras da regi\u00e3o do Minho: Viana do Castelo, conhecida como a \u201cP\u00e9rola do Norte\u201d, e Guimar\u00e3es, conhecida como o ber\u00e7o de Portugal.<\/p>","protected":false},"featured_media":1762,"comment_status":"closed","ping_status":"closed","template":"","meta":{"_acf_changed":false,"inline_featured_image":false},"product_brand":[],"product_cat":[32,28,29,30],"product_tag":[212,234,403,235,236,237,238,239,36,214,41,603,240,89,48,90,91,117,217,192,241,94,242,243,95,199,201,244,221,245,224,100,162,272,246,1127,247,106,248,407,227,249,228,66,250,171,251,71,230,252,233],"class_list":{"0":"post-1769","1":"product","2":"type-product","3":"status-publish","4":"has-post-thumbnail","6":"product_cat-cultural-tours-and-holidays-in-portugal","7":"product_cat-guided-group-tours","8":"product_cat-portugal-guided-historical-holidays","9":"product_cat-guided-sightseeing-holidays-portugal","10":"product_tag-ancient-buildings","11":"product_tag-baroque-buildings","12":"product_tag-beautiful-walk","13":"product_tag-best-of-portugal","14":"product_tag-birthplace-of-portugal","15":"product_tag-bom-jesus-de-braga","16":"product_tag-braga","17":"product_tag-caminha","18":"product_tag-cultural-heritage","19":"product_tag-culture","20":"product_tag-escorted-tour","21":"product_tag-fantastic-itinerary-of-walks","22":"product_tag-green-coast","23":"product_tag-guided-group-tour","24":"product_tag-guided-tours","25":"product_tag-guided-walking-holidays","26":"product_tag-guided-walking-tours","27":"product_tag-guimaraes","28":"product_tag-heritage","29":"product_tag-historic-buildings","30":"product_tag-historic-cities","31":"product_tag-landscape","32":"product_tag-longest-funicular-in-portugal","33":"product_tag-lush-countryside","34":"product_tag-magnificent-landscape","35":"product_tag-medieval-castle","36":"product_tag-medieval-streets","37":"product_tag-minho","38":"product_tag-minho-region-portugal","39":"product_tag-narrow-winding-streets","40":"product_tag-nature","41":"product_tag-nature-holidays","42":"product_tag-nature-walks","43":"product_tag-north-of-portugal","44":"product_tag-northern-portugal","45":"product_tag-northern-portugals","46":"product_tag-pearl-of-the-north","47":"product_tag-picturesque-landscapes","48":"product_tag-port","49":"product_tag-portugal-perfect-walking-holiday","50":"product_tag-private-groups","51":"product_tag-santa-tecla","52":"product_tag-sightseeing","53":"product_tag-sightseeing-tour","54":"product_tag-sleepy-villages","55":"product_tag-small-group","56":"product_tag-stone-walled-houses","57":"product_tag-unesco-world-heritage-site","58":"product_tag-viana-do-castelo","59":"product_tag-vila-praia-de-ancora","60":"product_tag-world-heritage","62":"first","63":"instock","64":"virtual","65":"product-type-simple"},"acf":[],"yoast_head":"<!-- This site is optimized with the Yoast SEO Premium plugin v26.8 (Yoast SEO v27.5) - https:\/\/yoast.com\/product\/yoast-seo-premium-wordpress\/ -->\n<title>Walk and Explore Northern Portugal&#039;s Culture, Heritage &amp; Nature - Legendary Adventure DMC Portugal<\/title>\n<meta name=\"robots\" content=\"index, follow, max-snippet:-1, max-image-preview:large, max-video-preview:-1\" \/>\n<link rel=\"canonical\" href=\"https:\/\/legendatours.com\/pt\/produto\/explore-northern-portugals-culture-heritage-nature-10700g\/\" \/>\n<meta property=\"og:locale\" content=\"pt_PT\" \/>\n<meta property=\"og:type\" content=\"article\" \/>\n<meta property=\"og:title\" content=\"Walk and Explore Northern Portugal&#039;s Culture, Heritage &amp; Nature\" \/>\n<meta property=\"og:description\" content=\"The North of Portugal features an appealing combination of charming historic cities, sleepy villages, lush countryside, and an extensive and wild coastline.  This escorted tour is based in two lovely cities of the Minho region: Viana do Castelo, known as the &quot;Pearl of the North&quot;, and Guimar\u00e3es, known as the birthplace of Portugal.\" \/>\n<meta property=\"og:url\" content=\"https:\/\/legendatours.com\/pt\/produto\/explore-northern-portugals-culture-heritage-nature-10700g\/\" \/>\n<meta property=\"og:site_name\" content=\"Legendary Adventure DMC Portugal\" \/>\n<meta property=\"article:publisher\" content=\"https:\/\/www.facebook.com\/legendaryadventuredmc\/\" \/>\n<meta property=\"article:modified_time\" content=\"2021-09-17T12:33:19+00:00\" \/>\n<meta property=\"og:image\" content=\"https:\/\/legendatours.com\/wp-content\/uploads\/sites\/12\/2021\/04\/guimaraes.jpg\" \/>\n\t<meta property=\"og:image:width\" content=\"1200\" \/>\n\t<meta property=\"og:image:height\" content=\"798\" \/>\n\t<meta property=\"og:image:type\" content=\"image\/jpeg\" \/>\n<meta name=\"twitter:card\" content=\"summary_large_image\" \/>\n<meta name=\"twitter:label1\" content=\"Tempo estimado de leitura\" \/>\n\t<meta name=\"twitter:data1\" content=\"2 minutos\" \/>\n<script type=\"application\/ld+json\" class=\"yoast-schema-graph\">{\"@context\":\"https:\\\/\\\/schema.org\",\"@graph\":[{\"@type\":\"WebPage\",\"@id\":\"https:\\\/\\\/legendatours.com\\\/product\\\/explore-northern-portugals-culture-heritage-nature-10700g\\\/\",\"url\":\"https:\\\/\\\/legendatours.com\\\/product\\\/explore-northern-portugals-culture-heritage-nature-10700g\\\/\",\"name\":\"Walk and Explore Northern Portugal's Culture, Heritage &amp; Nature - Legendary Adventure DMC Portugal\",\"isPartOf\":{\"@id\":\"https:\\\/\\\/legendatours.com\\\/#website\"},\"primaryImageOfPage\":{\"@id\":\"https:\\\/\\\/legendatours.com\\\/product\\\/explore-northern-portugals-culture-heritage-nature-10700g\\\/#primaryimage\"},\"image\":{\"@id\":\"https:\\\/\\\/legendatours.com\\\/product\\\/explore-northern-portugals-culture-heritage-nature-10700g\\\/#primaryimage\"},\"thumbnailUrl\":\"https:\\\/\\\/legendatours.com\\\/wp-content\\\/uploads\\\/sites\\\/12\\\/2021\\\/04\\\/guimaraes.jpg\",\"datePublished\":\"2020-08-12T09:30:03+00:00\",\"dateModified\":\"2021-09-17T12:33:19+00:00\",\"breadcrumb\":{\"@id\":\"https:\\\/\\\/legendatours.com\\\/product\\\/explore-northern-portugals-culture-heritage-nature-10700g\\\/#breadcrumb\"},\"inLanguage\":\"pt-PT\",\"potentialAction\":[{\"@type\":\"ReadAction\",\"target\":[\"https:\\\/\\\/legendatours.com\\\/product\\\/explore-northern-portugals-culture-heritage-nature-10700g\\\/\"]}]},{\"@type\":\"ImageObject\",\"inLanguage\":\"pt-PT\",\"@id\":\"https:\\\/\\\/legendatours.com\\\/product\\\/explore-northern-portugals-culture-heritage-nature-10700g\\\/#primaryimage\",\"url\":\"https:\\\/\\\/legendatours.com\\\/wp-content\\\/uploads\\\/sites\\\/12\\\/2021\\\/04\\\/guimaraes.jpg\",\"contentUrl\":\"https:\\\/\\\/legendatours.com\\\/wp-content\\\/uploads\\\/sites\\\/12\\\/2021\\\/04\\\/guimaraes.jpg\",\"width\":1200,\"height\":798,\"caption\":\"Guimar\u00e3es city center\"},{\"@type\":\"BreadcrumbList\",\"@id\":\"https:\\\/\\\/legendatours.com\\\/product\\\/explore-northern-portugals-culture-heritage-nature-10700g\\\/#breadcrumb\",\"itemListElement\":[{\"@type\":\"ListItem\",\"position\":1,\"name\":\"Home\",\"item\":\"https:\\\/\\\/legendatours.com\\\/\"},{\"@type\":\"ListItem\",\"position\":2,\"name\":\"Shop\",\"item\":\"https:\\\/\\\/legendatours.com\\\/sv\\\/?page_id=4\"},{\"@type\":\"ListItem\",\"position\":3,\"name\":\"Walk and Explore Northern Portugal&#8217;s Culture, Heritage &amp; Nature\"}]},{\"@type\":\"WebSite\",\"@id\":\"https:\\\/\\\/legendatours.com\\\/#website\",\"url\":\"https:\\\/\\\/legendatours.com\\\/\",\"name\":\"Legendary Adventure DMC Portugal\",\"description\":\"Responsible Walking &amp; Nature Holidays in Portugal\",\"publisher\":{\"@id\":\"https:\\\/\\\/legendatours.com\\\/#organization\"},\"alternateName\":\"Legendary Adventure Portugal\",\"potentialAction\":[{\"@type\":\"SearchAction\",\"target\":{\"@type\":\"EntryPoint\",\"urlTemplate\":\"https:\\\/\\\/legendatours.com\\\/?s={search_term_string}\"},\"query-input\":{\"@type\":\"PropertyValueSpecification\",\"valueRequired\":true,\"valueName\":\"search_term_string\"}}],\"inLanguage\":\"pt-PT\"},{\"@type\":\"Organization\",\"@id\":\"https:\\\/\\\/legendatours.com\\\/#organization\",\"name\":\"legendatours.com\",\"url\":\"https:\\\/\\\/legendatours.com\\\/\",\"logo\":{\"@type\":\"ImageObject\",\"inLanguage\":\"pt-PT\",\"@id\":\"https:\\\/\\\/legendatours.com\\\/#\\\/schema\\\/logo\\\/image\\\/\",\"url\":\"https:\\\/\\\/legendatours.com\\\/wp-content\\\/uploads\\\/sites\\\/12\\\/2021\\\/06\\\/legendary_adventure_dmc.png\",\"contentUrl\":\"https:\\\/\\\/legendatours.com\\\/wp-content\\\/uploads\\\/sites\\\/12\\\/2021\\\/06\\\/legendary_adventure_dmc.png\",\"width\":250,\"height\":74,\"caption\":\"legendatours.com\"},\"image\":{\"@id\":\"https:\\\/\\\/legendatours.com\\\/#\\\/schema\\\/logo\\\/image\\\/\"},\"sameAs\":[\"https:\\\/\\\/www.facebook.com\\\/legendaryadventuredmc\\\/\",\"https:\\\/\\\/www.linkedin.com\\\/company\\\/legendary-adventure-dmc-portugal\",\"https:\\\/\\\/www.youtube.com\\\/channel\\\/UCOIRDx_KM6ynIcacQkZjb6g\"]}]}<\/script>\n<!-- \/ Yoast SEO Premium plugin. -->","yoast_head_json":{"title":"Caminhe e explore a cultura, o patrim\u00f4nio e a natureza do norte de Portugal - Legendary Adventure DMC Portugal","robots":{"index":"index","follow":"follow","max-snippet":"max-snippet:-1","max-image-preview":"max-image-preview:large","max-video-preview":"max-video-preview:-1"},"canonical":"https:\/\/legendatours.com\/pt\/produto\/explore-northern-portugals-culture-heritage-nature-10700g\/","og_locale":"pt_PT","og_type":"article","og_title":"Walk and Explore Northern Portugal's Culture, Heritage &amp; Nature","og_description":"The North of Portugal features an appealing combination of charming historic cities, sleepy villages, lush countryside, and an extensive and wild coastline.  This escorted tour is based in two lovely cities of the Minho region: Viana do Castelo, known as the \"Pearl of the North\", and Guimar\u00e3es, known as the birthplace of Portugal.","og_url":"https:\/\/legendatours.com\/pt\/produto\/explore-northern-portugals-culture-heritage-nature-10700g\/","og_site_name":"Legendary Adventure DMC Portugal","article_publisher":"https:\/\/www.facebook.com\/legendaryadventuredmc\/","article_modified_time":"2021-09-17T12:33:19+00:00","og_image":[{"width":1200,"height":798,"url":"https:\/\/legendatours.com\/wp-content\/uploads\/sites\/12\/2021\/04\/guimaraes.jpg","type":"image\/jpeg"}],"twitter_card":"summary_large_image","twitter_misc":{"Tempo estimado de leitura":"2 minutos"},"schema":{"@context":"https:\/\/schema.org","@graph":[{"@type":"WebPage","@id":"https:\/\/legendatours.com\/product\/explore-northern-portugals-culture-heritage-nature-10700g\/","url":"https:\/\/legendatours.com\/product\/explore-northern-portugals-culture-heritage-nature-10700g\/","name":"Caminhe e explore a cultura, o patrim\u00f4nio e a natureza do norte de Portugal - Legendary Adventure DMC Portugal","isPartOf":{"@id":"https:\/\/legendatours.com\/#website"},"primaryImageOfPage":{"@id":"https:\/\/legendatours.com\/product\/explore-northern-portugals-culture-heritage-nature-10700g\/#primaryimage"},"image":{"@id":"https:\/\/legendatours.com\/product\/explore-northern-portugals-culture-heritage-nature-10700g\/#primaryimage"},"thumbnailUrl":"https:\/\/legendatours.com\/wp-content\/uploads\/sites\/12\/2021\/04\/guimaraes.jpg","datePublished":"2020-08-12T09:30:03+00:00","dateModified":"2021-09-17T12:33:19+00:00","breadcrumb":{"@id":"https:\/\/legendatours.com\/product\/explore-northern-portugals-culture-heritage-nature-10700g\/#breadcrumb"},"inLanguage":"pt-PT","potentialAction":[{"@type":"ReadAction","target":["https:\/\/legendatours.com\/product\/explore-northern-portugals-culture-heritage-nature-10700g\/"]}]},{"@type":"ImageObject","inLanguage":"pt-PT","@id":"https:\/\/legendatours.com\/product\/explore-northern-portugals-culture-heritage-nature-10700g\/#primaryimage","url":"https:\/\/legendatours.com\/wp-content\/uploads\/sites\/12\/2021\/04\/guimaraes.jpg","contentUrl":"https:\/\/legendatours.com\/wp-content\/uploads\/sites\/12\/2021\/04\/guimaraes.jpg","width":1200,"height":798,"caption":"Guimar\u00e3es city center"},{"@type":"BreadcrumbList","@id":"https:\/\/legendatours.com\/product\/explore-northern-portugals-culture-heritage-nature-10700g\/#breadcrumb","itemListElement":[{"@type":"ListItem","position":1,"name":"Home","item":"https:\/\/legendatours.com\/"},{"@type":"ListItem","position":2,"name":"Shop","item":"https:\/\/legendatours.com\/sv\/?page_id=4"},{"@type":"ListItem","position":3,"name":"Walk and Explore Northern Portugal&#8217;s Culture, Heritage &amp; Nature"}]},{"@type":"WebSite","@id":"https:\/\/legendatours.com\/#website","url":"https:\/\/legendatours.com\/","name":"Legendary Adventure DMC Portugal","description":"Caminhadas e F\u00e9rias na Natureza Respons\u00e1veis em Portugal","publisher":{"@id":"https:\/\/legendatours.com\/#organization"},"alternateName":"Legendary Adventure Portugal","potentialAction":[{"@type":"SearchAction","target":{"@type":"EntryPoint","urlTemplate":"https:\/\/legendatours.com\/?s={search_term_string}"},"query-input":{"@type":"PropertyValueSpecification","valueRequired":true,"valueName":"search_term_string"}}],"inLanguage":"pt-PT"},{"@type":"Organization","@id":"https:\/\/legendatours.com\/#organization","name":"legendatours.com","url":"https:\/\/legendatours.com\/","logo":{"@type":"ImageObject","inLanguage":"pt-PT","@id":"https:\/\/legendatours.com\/#\/schema\/logo\/image\/","url":"https:\/\/legendatours.com\/wp-content\/uploads\/sites\/12\/2021\/06\/legendary_adventure_dmc.png","contentUrl":"https:\/\/legendatours.com\/wp-content\/uploads\/sites\/12\/2021\/06\/legendary_adventure_dmc.png","width":250,"height":74,"caption":"legendatours.com"},"image":{"@id":"https:\/\/legendatours.com\/#\/schema\/logo\/image\/"},"sameAs":["https:\/\/www.facebook.com\/legendaryadventuredmc\/","https:\/\/www.linkedin.com\/company\/legendary-adventure-dmc-portugal","https:\/\/www.youtube.com\/channel\/UCOIRDx_KM6ynIcacQkZjb6g"]}]}},"_links":{"self":[{"href":"https:\/\/legendatours.com\/pt\/wp-json\/wp\/v2\/product\/1769","targetHints":{"allow":["GET"]}}],"collection":[{"href":"https:\/\/legendatours.com\/pt\/wp-json\/wp\/v2\/product"}],"about":[{"href":"https:\/\/legendatours.com\/pt\/wp-json\/wp\/v2\/types\/product"}],"replies":[{"embeddable":true,"href":"https:\/\/legendatours.com\/pt\/wp-json\/wp\/v2\/comments?post=1769"}],"wp:featuredmedia":[{"embeddable":true,"href":"https:\/\/legendatours.com\/pt\/wp-json\/wp\/v2\/media\/1762"}],"wp:attachment":[{"href":"https:\/\/legendatours.com\/pt\/wp-json\/wp\/v2\/media?parent=1769"}],"wp:term":[{"taxonomy":"product_brand","embeddable":true,"href":"https:\/\/legendatours.com\/pt\/wp-json\/wp\/v2\/product_brand?post=1769"},{"taxonomy":"product_cat","embeddable":true,"href":"https:\/\/legendatours.com\/pt\/wp-json\/wp\/v2\/product_cat?post=1769"},{"taxonomy":"product_tag","embeddable":true,"href":"https:\/\/legendatours.com\/pt\/wp-json\/wp\/v2\/product_tag?post=1769"}],"curies":[{"name":"wp","href":"https:\/\/api.w.org\/{rel}","templated":true}]}}