{"id":7599,"date":"2020-08-07T14:33:13","date_gmt":"2020-08-07T14:33:13","guid":{"rendered":"https:\/\/legendatours.com\/product\/the-best-of-portugal-by-coach\/"},"modified":"2021-09-17T12:53:34","modified_gmt":"2021-09-17T12:53:34","slug":"the-best-of-portugal-by-coach-6100g","status":"publish","type":"product","link":"https:\/\/legendatours.com\/pt\/produto\/the-best-of-portugal-by-coach-6100g\/","title":{"rendered":"O Melhor de Portugal de Coach"},"content":{"rendered":"<p><strong>Aceita grupos com no m\u00ednimo 6 pax.<\/strong><\/p>\n<p><em>Opcional: Tour de 15 dias \/ Tour de 8 dias<\/em><\/p>\n<p>&nbsp;<\/p>\n<p>Este passeio concebido de forma criativa \u00e9 um di\u00e1rio de viagem ao vivo pelo melhor de Portugal.<\/p>\n<p>Percorremos a hist\u00f3ria cultural deste pa\u00eds fascinante desde as praias e fal\u00e9sias dram\u00e1ticas do Algarve, aldeias antigas e altas montanhas do interior ao extremo norte onde Portugal nasceu.<\/p>\n<p>No caminho, visitaremos cidades e monumentos ic\u00f4nicos, apreciaremos as paisagens fant\u00e1sticas e desfrutaremos de boa comida e vinho.<\/p>\n<p>Nossas f\u00e9rias multic\u00eantricas dar\u00e3o a voc\u00ea a oportunidade de visitar muitos dos locais do Patrim\u00f4nio Mundial da UNESCO em Portugal e explorar sua enorme diversidade cultural, enquanto relaxa em um itiner\u00e1rio bem planejado que abrange uma vasta gama de pontos de interesse.<\/p>\n<div id=\"attachment_2451\" style=\"width: 1034px\" class=\"wp-caption alignnone\"><img loading=\"lazy\" decoding=\"async\" aria-describedby=\"caption-attachment-2451\" class=\"wp-image-2451 size-large\" title=\"Faro Old Town - Centro hist\u00f3rico e fortificado da cidade\" src=\"https:\/\/legendatours.net\/wp-content\/uploads\/2020\/06\/faro_old_town-1-1024x683.jpg\" alt=\"Faro Old Town - Historic and fortified city center\" width=\"1024\" height=\"683\" \/><p id=\"caption-attachment-2451\" class=\"wp-caption-text\"><a href=\"..\/..\/?s=faro\" target=\"_blank\" rel=\"noopener\">Faro<\/a> Cidade Velha - Centro hist\u00f3rico e fortificado da cidade. A parte mais antiga de Faro, esta zona encantadora garante um agrad\u00e1vel passeio e excelentes fotografias.<\/p><\/div>\n<p>Damos-lhe a op\u00e7\u00e3o de uma viagem de ida e volta com in\u00edcio e fim em Faro, uma estadia de 15 dias, ou um tour de 8 dias, com in\u00edcio no Porto e fim em Faro.<\/p>\n<p>Voc\u00ea vai experimentar uma variedade excepcional de paisagens diferentes a uma curta dist\u00e2ncia, muitos locais interessantes e um patrim\u00f4nio cultural \u00fanico, onde tradi\u00e7\u00e3o e modernidade se misturam em perfeita harmonia. Sem falar na gastronomia excelente, vinhos finos e gente hospitaleira que far\u00e3o deste passeio as melhores f\u00e9rias que voc\u00ea j\u00e1 teve.<\/p>\n<div id=\"attachment_2706\" style=\"width: 1034px\" class=\"wp-caption alignnone\"><img loading=\"lazy\" decoding=\"async\" aria-describedby=\"caption-attachment-2706\" class=\"size-full wp-image-2706\" src=\"https:\/\/legendatours.net\/wp-content\/uploads\/2020\/07\/evora-e1611683562286.jpg\" alt=\"\u00c9vora is one of the best tourist destinations of central Portugal\" width=\"1024\" height=\"576\" \/><p id=\"caption-attachment-2706\" class=\"wp-caption-text\">\u00c9vora \u00e9 um dos melhores destinos tur\u00edsticos do centro de Portugal<\/p><\/div>\n<p>Celtas, romanos, visigodos, mouros e crist\u00e3os deixaram a sua marca em Portugal. Neste passeio, poder\u00e1 assistir ao p\u00f4r-do-sol sobre misteriosos meg\u00e1litos fora de \u00c9vora ou perder-se nos elaborados corredores dos monumentos dos Cavaleiros Templ\u00e1rios, hoje Patrim\u00f3nio Mundial da Unesco em Tomar, Alcoba\u00e7a ou Batalha. Ir\u00e1 visitar pal\u00e1cios situados acima de florestas cobertas de n\u00e9voa e castelos escarpados no topo de fal\u00e9sias em Sintra e Bu\u00e7aco, e admirar centros de cidades medievais incrivelmente preservados, em \u00c9vora, Guimar\u00e3es e Porto. O rico patrim\u00f3nio judaico presente nas aldeias de Castelo de Vide e Belmonte ir\u00e1 surpreender a muitos.<\/p>\n<p>O nosso passeio come\u00e7a em Faro e percorremos o Algarve escondido e menos conhecido at\u00e9 \u00e0s grandes plan\u00edcies do Alentejo onde se encontra uma excelente gastronomia e vinhos superlativos.<\/p>\n<div id=\"attachment_2750\" style=\"width: 1034px\" class=\"wp-caption alignnone\"><img loading=\"lazy\" decoding=\"async\" aria-describedby=\"caption-attachment-2750\" class=\"wp-image-2750 size-large\" title=\"Tomar. Esta cidade \u00e9 frequentemente descrita como a joia de Portugal gra\u00e7as \u00e0 sua paisagem pitoresca e \u00e0s suas paredes cheias de hist\u00f3ria.\" src=\"https:\/\/legendatours.net\/wp-content\/uploads\/2020\/07\/tomar-1024x677.jpg\" alt=\"Tomar center\" width=\"1024\" height=\"677\" \/><p id=\"caption-attachment-2750\" class=\"wp-caption-text\"><a href=\"..\/..\/?s=tomar\" target=\"_blank\" rel=\"noopener\">Tomar<\/a>. Esta cidade \u00e9 frequentemente descrita como a joia de Portugal gra\u00e7as \u00e0 sua paisagem pitoresca e paredes cheias de hist\u00f3ria.<\/p><\/div>\n<p>Ficamos na gastronomia, uma cidade encantadora que exala charme portugu\u00eas e possui um vasto leque de fascinantes monumentos hist\u00f3ricos.<\/p>\n<p>Portalegre, o nosso pr\u00f3ximo centro, ser\u00e1 a porta de entrada para visitar Marv\u00e3o e Castelo de Vide, onde nos situamos nas ameias de antigos castelos de frente para Espanha.<\/p>\n<p>Na viagem para Norte, visitas a Castelo Branco, Belmonte e Lamego enriquecem o nosso percurso com o seu profundo patrim\u00f3nio cultural.<\/p>\n<p>Em seguida, abrindo-se dramaticamente diante de n\u00f3s est\u00e1 o magn\u00edfico Vale do Douro do vinho do Porto, onde vinhas em socalcos parecem desafiar a gravidade enquanto se erguem acima do rio. O vale do Douro \u00e9 a nossa porta de entrada para o norte onde Portugal nasceu.<\/p>\n<div id=\"attachment_2556\" style=\"width: 1210px\" class=\"wp-caption alignnone\"><img loading=\"lazy\" decoding=\"async\" aria-describedby=\"caption-attachment-2556\" class=\"size-full wp-image-2556\" src=\"https:\/\/legendatours.net\/wp-content\/uploads\/2020\/06\/castel_guimaraes.jpg\" alt=\"Castle of Guimaraes\" width=\"1200\" height=\"675\" \/><p id=\"caption-attachment-2556\" class=\"wp-caption-text\">Castelo de Guimar\u00e3es<\/p><\/div>\n<p>Visitamos Vila Real e Guimar\u00e3es, onde h\u00e1 s\u00e9culos Portugal foi declarado reino independente e resid\u00eancia do primeiro rei.<\/p>\n<p>Em seguida, viajamos por uma manta de retalhos de campos e vinhas de Vinho Verde at\u00e9 Viana do Castelo, a p\u00e9rola do norte.<\/p>\n<p>A nossa primeira semana termina no Porto, a cidade invenc\u00edvel. Aqui poderemos relaxar e desfrutar desta cidade ic\u00f4nica do norte.<\/p>\n<p>Do Porto viramos para o sul no lado atl\u00e2ntico de Portugal em dire\u00e7\u00e3o a Coimbra, parando para apreciar a floresta e os jardins do Bu\u00e7aco e, claro, de Conimbriga, talvez o exemplo mais luxuoso da decad\u00eancia romana.<\/p>\n<p>Temos a sorte de ficar duas noites na not\u00e1vel e bela cidade de Tomar permitindo-nos visitar o famoso Convento de Cristo dos Cavaleiros Templ\u00e1rios.<\/p>\n<p>As visitas nas proximidades incluir\u00e3o o inspirador mosteiro da Batalha e o mais \u00edntimo e encantador, embora n\u00e3o menos grandioso, o Mosteiro de Alcoba\u00e7a.<\/p>\n<div id=\"attachment_3794\" style=\"width: 1034px\" class=\"wp-caption alignnone\"><img loading=\"lazy\" decoding=\"async\" aria-describedby=\"caption-attachment-3794\" class=\"wp-image-3794 size-large\" title=\"Claustros da Abadia da Batalha. O Mosteiro Dominicano da Batalha \u00e9 uma das obras-primas absolutas da arte g\u00f3tica em Portugal\" src=\"https:\/\/legendatours.net\/wp-content\/uploads\/2020\/09\/Batalha-Abbey-cloisters-1024x692.jpg\" alt=\"Batalha Abbey cloisters\" width=\"1024\" height=\"692\" \/><p id=\"caption-attachment-3794\" class=\"wp-caption-text\">Claustros da Abadia da Batalha. O Mosteiro Dominicano da Batalha \u00e9 uma das obras-primas absolutas da arte g\u00f3tica em Portugal<\/p><\/div>\n<p>Seguindo para o sul at\u00e9 Lisboa, uma visita a \u00d3bidos, a cidade murada mais conhecida de Portugal, \u00e9 obrigat\u00f3ria.<\/p>\n<p>Mais duas noites de estadia em Lisboa permitir-nos-\u00e3o desfrutar do vibrante estilo de vida, monumentos e atrac\u00e7\u00f5es desta grande cidade.<\/p>\n<p>Lisboa, uma das cidades mais carism\u00e1ticas da Europa, \u00e9 agora merecidamente uma das cidades mais visitadas da Europa. Est\u00e1 repleta de destaques culturais e monumentos e tem uma vida nocturna variada e din\u00e2mica, desde os tradicionais bares de Fado aos modernos espa\u00e7os no Chiado, Alfama e na zona ribeirinha do Tejo.<\/p>\n<div id=\"attachment_2504\" style=\"width: 1154px\" class=\"wp-caption alignnone\"><img loading=\"lazy\" decoding=\"async\" aria-describedby=\"caption-attachment-2504\" class=\"size-full wp-image-2504\" src=\"https:\/\/legendatours.net\/wp-content\/uploads\/2020\/03\/belem_tower.jpg\" alt=\"Portugal\u2019s UNESCO World Heritage Sites\" width=\"1144\" height=\"800\" \/><p id=\"caption-attachment-2504\" class=\"wp-caption-text\">Torre de Bel\u00e9m, Lisboa<\/p><\/div>\n<p>No solarengo Sul, a rica heran\u00e7a mourisca est\u00e1 por toda a parte, e teremos oportunidade de visitar Sagres, situada num promont\u00f3rio com vista para um pitoresco porto. O Infante D. Henrique, o Navegador, iniciou aqui as Viagens de Descoberta de Portugal durante o s\u00e9culo XV.<\/p>\n<p>Continuando para sul, visitamos Alc\u00e1cer do Sal, uma antiga vila mourisca rodeada de arrozais, antes de terminarmos em Silves, a antiga capital do Algarve. Daqui podemos visitar Lagos, Sagres e Cabo de S Vincente, outrora o fim do mundo conhecido.<\/p>\n<p>Tudo isto e muito mais esperam por si nesta maravilhosa e aprofundada viagem a Portugal!<\/p>\n<div class=\"row\" style=\"display: flex;\">\n<div class=\"column\" style=\"flex: 45%;\">\n<p><iframe loading=\"lazy\" title=\"FARO - V\u00eddeo promocional 2016 (PT)\" width=\"1080\" height=\"608\" src=\"https:\/\/www.youtube.com\/embed\/HavaBNafrVc?feature=oembed\" frameborder=\"0\" allow=\"accelerometer; autoplay; clipboard-write; encrypted-media; gyroscope; picture-in-picture\" allowfullscreen><\/iframe><\/p>\n<\/div>\n<div class=\"column\" style=\"flex: 10%;\"><\/div>\n<div class=\"column\" style=\"flex: 45%;\">\n<p><iframe loading=\"lazy\" title=\"Portugal como nunca visto antes (patrim\u00f4nio)\" width=\"1080\" height=\"608\" src=\"https:\/\/www.youtube.com\/embed\/AwMagvRIWhc?list=PLuMAo-oYl9zgZ7THp1rusNGKOkYZUOfhp\" frameborder=\"0\" allow=\"accelerometer; autoplay; clipboard-write; encrypted-media; gyroscope; picture-in-picture\" allowfullscreen><\/iframe><\/p>\n<\/div>\n<\/div>","protected":false},"excerpt":{"rendered":"<p>Este passeio concebido de forma criativa \u00e9 um di\u00e1rio de viagem ao vivo pelo melhor de Portugal.<\/p>\n<p>Percorremos a hist\u00f3ria cultural deste pa\u00eds fascinante desde as praias e fal\u00e9sias dram\u00e1ticas do Algarve, aldeias antigas e altas montanhas do interior ao extremo norte onde Portugal nasceu.<\/p>\n<p>No caminho, visitaremos cidades e monumentos ic\u00f4nicos, apreciaremos as paisagens fant\u00e1sticas e desfrutaremos de boa comida e vinho.<\/p>\n<p>Nossas f\u00e9rias multic\u00eantricas dar\u00e3o a voc\u00ea a oportunidade de visitar muitos dos locais do Patrim\u00f4nio Mundial da UNESCO em Portugal e explorar sua enorme diversidade cultural, enquanto relaxa em um itiner\u00e1rio bem planejado que abrange uma vasta gama de pontos de interesse.<\/p>\n<p>Damos-lhe a op\u00e7\u00e3o de uma viagem de ida e volta com in\u00edcio e fim em Faro, uma estadia de 15 dias, ou um tour de 8 dias, com in\u00edcio no Porto e fim em Faro.<\/p>","protected":false},"featured_media":1691,"comment_status":"closed","ping_status":"closed","template":"","meta":{"_acf_changed":false,"inline_featured_image":false},"product_brand":[],"product_cat":[32,329,28,29,30],"product_tag":[330,331,332,211,147,212,333,183,334,335,336,213,267,36,214,337,40,84,85,215,268,338,130,46,339,117,217,131,53,197,138,55,340,223,56,57,60,341,64,65,342,343,278,344,207,71,345,233,346],"class_list":{"0":"post-7599","1":"product","2":"type-product","3":"status-publish","4":"has-post-thumbnail","6":"product_cat-cultural-tours-and-holidays-in-portugal","7":"product_cat-guided-coach-tours-in-portugal","8":"product_cat-guided-group-tours","9":"product_cat-portugal-guided-historical-holidays","10":"product_cat-guided-sightseeing-holidays-portugal","11":"product_tag-alcacer-do-sal","12":"product_tag-alcobaca","13":"product_tag-alenteho","14":"product_tag-alentejo-landscape","15":"product_tag-algarve","16":"product_tag-ancient-buildings","17":"product_tag-ancient-churches","18":"product_tag-ancient-villages-and-castles","19":"product_tag-batalha","20":"product_tag-bucaco-hills","21":"product_tag-bus-trip","22":"product_tag-castelo-de-vide","23":"product_tag-coimbra","24":"product_tag-cultural-heritage","25":"product_tag-culture","26":"product_tag-delicious-food","27":"product_tag-douro-valley","28":"product_tag-dramatic-beauty-of-the-atlantic-coast","29":"product_tag-dramatic-cliffs","30":"product_tag-evora","31":"product_tag-faro","32":"product_tag-food-and-wines-are-tasty","33":"product_tag-gastronomy","34":"product_tag-gastronomy-and-wines","35":"product_tag-guided-tour-by-coach","36":"product_tag-guimaraes","37":"product_tag-heritage","38":"product_tag-heritage-in-lisbon","39":"product_tag-historical-monuments-in-lisbon","40":"product_tag-knights-templar","41":"product_tag-lisbon","42":"product_tag-local-gastronomy","43":"product_tag-megalithic-monuments","44":"product_tag-monuments","45":"product_tag-oporto","46":"product_tag-porto","47":"product_tag-portugal","48":"product_tag-portugal-great-food-and-wine","49":"product_tag-roman-and-arab-vestiges","50":"product_tag-roman-vestiges","51":"product_tag-seafood","52":"product_tag-silves","53":"product_tag-sintra","54":"product_tag-templars-knights","55":"product_tag-tomar","56":"product_tag-unesco-world-heritage-site","57":"product_tag-vineyards","58":"product_tag-world-heritage","59":"product_tag-world-heritage-city","61":"first","62":"instock","63":"virtual","64":"product-type-simple"},"acf":[],"yoast_head":"<!-- This site is optimized with the Yoast SEO Premium plugin v26.8 (Yoast SEO v27.5) - https:\/\/yoast.com\/product\/yoast-seo-premium-wordpress\/ -->\n<title>The Best of Portugal by Coach - Legendary Adventure DMC Portugal<\/title>\n<meta name=\"robots\" content=\"index, follow, max-snippet:-1, max-image-preview:large, max-video-preview:-1\" \/>\n<link rel=\"canonical\" href=\"https:\/\/legendatours.com\/pt\/produto\/the-best-of-portugal-by-coach-6100g\/\" \/>\n<meta property=\"og:locale\" content=\"pt_PT\" \/>\n<meta property=\"og:type\" content=\"article\" \/>\n<meta property=\"og:title\" content=\"The Best of Portugal by Coach\" \/>\n<meta property=\"og:description\" content=\"This imaginatively designed tour is a living travelogue through the best of Portugal.  We journey through the cultural history of this fascinating country from the beaches and dramatic cliffs of the Algarve, ancient villages, and high mountains of the interior to the far north where Portugal was born.  On the way, we will visit iconic cities and monuments, appreciate the fantastic scenery, and enjoy great food and wine.  Our multi-centre holiday will give you the opportunity to visit many of Portugal\u2019s UNESCO World Heritage Sites and explore its huge cultural diversity while relaxing in a well-planned itinerary covering a vast array of points of interest.  We give you the option of a round trip starting and ending in Faro, a 15-day stay, or an 8-day tour, starting in Porto and ending in Faro.\" \/>\n<meta property=\"og:url\" content=\"https:\/\/legendatours.com\/pt\/produto\/the-best-of-portugal-by-coach-6100g\/\" \/>\n<meta property=\"og:site_name\" content=\"Legendary Adventure DMC Portugal\" \/>\n<meta property=\"article:publisher\" content=\"https:\/\/www.facebook.com\/legendaryadventuredmc\/\" \/>\n<meta property=\"article:modified_time\" content=\"2021-09-17T12:53:34+00:00\" \/>\n<meta property=\"og:image\" content=\"https:\/\/legendatours.com\/wp-content\/uploads\/sites\/12\/2021\/04\/belem_tower.jpg\" \/>\n\t<meta property=\"og:image:width\" content=\"1144\" \/>\n\t<meta property=\"og:image:height\" content=\"800\" \/>\n\t<meta property=\"og:image:type\" content=\"image\/jpeg\" \/>\n<meta name=\"twitter:card\" content=\"summary_large_image\" \/>\n<meta name=\"twitter:label1\" content=\"Tempo estimado de leitura\" \/>\n\t<meta name=\"twitter:data1\" content=\"5 minutos\" \/>\n<script type=\"application\/ld+json\" class=\"yoast-schema-graph\">{\"@context\":\"https:\\\/\\\/schema.org\",\"@graph\":[{\"@type\":\"WebPage\",\"@id\":\"https:\\\/\\\/legendatours.com\\\/product\\\/the-best-of-portugal-by-coach-6100g\\\/\",\"url\":\"https:\\\/\\\/legendatours.com\\\/product\\\/the-best-of-portugal-by-coach-6100g\\\/\",\"name\":\"The Best of Portugal by Coach - Legendary Adventure DMC Portugal\",\"isPartOf\":{\"@id\":\"https:\\\/\\\/legendatours.com\\\/#website\"},\"primaryImageOfPage\":{\"@id\":\"https:\\\/\\\/legendatours.com\\\/product\\\/the-best-of-portugal-by-coach-6100g\\\/#primaryimage\"},\"image\":{\"@id\":\"https:\\\/\\\/legendatours.com\\\/product\\\/the-best-of-portugal-by-coach-6100g\\\/#primaryimage\"},\"thumbnailUrl\":\"https:\\\/\\\/legendatours.com\\\/wp-content\\\/uploads\\\/sites\\\/12\\\/2021\\\/04\\\/belem_tower.jpg\",\"datePublished\":\"2020-08-07T14:33:13+00:00\",\"dateModified\":\"2021-09-17T12:53:34+00:00\",\"breadcrumb\":{\"@id\":\"https:\\\/\\\/legendatours.com\\\/product\\\/the-best-of-portugal-by-coach-6100g\\\/#breadcrumb\"},\"inLanguage\":\"pt-PT\",\"potentialAction\":[{\"@type\":\"ReadAction\",\"target\":[\"https:\\\/\\\/legendatours.com\\\/product\\\/the-best-of-portugal-by-coach-6100g\\\/\"]}]},{\"@type\":\"ImageObject\",\"inLanguage\":\"pt-PT\",\"@id\":\"https:\\\/\\\/legendatours.com\\\/product\\\/the-best-of-portugal-by-coach-6100g\\\/#primaryimage\",\"url\":\"https:\\\/\\\/legendatours.com\\\/wp-content\\\/uploads\\\/sites\\\/12\\\/2021\\\/04\\\/belem_tower.jpg\",\"contentUrl\":\"https:\\\/\\\/legendatours.com\\\/wp-content\\\/uploads\\\/sites\\\/12\\\/2021\\\/04\\\/belem_tower.jpg\",\"width\":1144,\"height\":800,\"caption\":\"Belem Tower, Lisbon\"},{\"@type\":\"BreadcrumbList\",\"@id\":\"https:\\\/\\\/legendatours.com\\\/product\\\/the-best-of-portugal-by-coach-6100g\\\/#breadcrumb\",\"itemListElement\":[{\"@type\":\"ListItem\",\"position\":1,\"name\":\"Home\",\"item\":\"https:\\\/\\\/legendatours.com\\\/\"},{\"@type\":\"ListItem\",\"position\":2,\"name\":\"Shop\",\"item\":\"https:\\\/\\\/legendatours.com\\\/sv\\\/?page_id=4\"},{\"@type\":\"ListItem\",\"position\":3,\"name\":\"The Best of Portugal by Coach\"}]},{\"@type\":\"WebSite\",\"@id\":\"https:\\\/\\\/legendatours.com\\\/#website\",\"url\":\"https:\\\/\\\/legendatours.com\\\/\",\"name\":\"Legendary Adventure DMC Portugal\",\"description\":\"Responsible Walking &amp; Nature Holidays in Portugal\",\"publisher\":{\"@id\":\"https:\\\/\\\/legendatours.com\\\/#organization\"},\"alternateName\":\"Legendary Adventure Portugal\",\"potentialAction\":[{\"@type\":\"SearchAction\",\"target\":{\"@type\":\"EntryPoint\",\"urlTemplate\":\"https:\\\/\\\/legendatours.com\\\/?s={search_term_string}\"},\"query-input\":{\"@type\":\"PropertyValueSpecification\",\"valueRequired\":true,\"valueName\":\"search_term_string\"}}],\"inLanguage\":\"pt-PT\"},{\"@type\":\"Organization\",\"@id\":\"https:\\\/\\\/legendatours.com\\\/#organization\",\"name\":\"legendatours.com\",\"url\":\"https:\\\/\\\/legendatours.com\\\/\",\"logo\":{\"@type\":\"ImageObject\",\"inLanguage\":\"pt-PT\",\"@id\":\"https:\\\/\\\/legendatours.com\\\/#\\\/schema\\\/logo\\\/image\\\/\",\"url\":\"https:\\\/\\\/legendatours.com\\\/wp-content\\\/uploads\\\/sites\\\/12\\\/2021\\\/06\\\/legendary_adventure_dmc.png\",\"contentUrl\":\"https:\\\/\\\/legendatours.com\\\/wp-content\\\/uploads\\\/sites\\\/12\\\/2021\\\/06\\\/legendary_adventure_dmc.png\",\"width\":250,\"height\":74,\"caption\":\"legendatours.com\"},\"image\":{\"@id\":\"https:\\\/\\\/legendatours.com\\\/#\\\/schema\\\/logo\\\/image\\\/\"},\"sameAs\":[\"https:\\\/\\\/www.facebook.com\\\/legendaryadventuredmc\\\/\",\"https:\\\/\\\/www.linkedin.com\\\/company\\\/legendary-adventure-dmc-portugal\",\"https:\\\/\\\/www.youtube.com\\\/channel\\\/UCOIRDx_KM6ynIcacQkZjb6g\"]}]}<\/script>\n<!-- \/ Yoast SEO Premium plugin. -->","yoast_head_json":{"title":"O Melhor de Portugal de Coach - Legendary Adventure DMC Portugal","robots":{"index":"index","follow":"follow","max-snippet":"max-snippet:-1","max-image-preview":"max-image-preview:large","max-video-preview":"max-video-preview:-1"},"canonical":"https:\/\/legendatours.com\/pt\/produto\/the-best-of-portugal-by-coach-6100g\/","og_locale":"pt_PT","og_type":"article","og_title":"The Best of Portugal by Coach","og_description":"This imaginatively designed tour is a living travelogue through the best of Portugal.  We journey through the cultural history of this fascinating country from the beaches and dramatic cliffs of the Algarve, ancient villages, and high mountains of the interior to the far north where Portugal was born.  On the way, we will visit iconic cities and monuments, appreciate the fantastic scenery, and enjoy great food and wine.  Our multi-centre holiday will give you the opportunity to visit many of Portugal\u2019s UNESCO World Heritage Sites and explore its huge cultural diversity while relaxing in a well-planned itinerary covering a vast array of points of interest.  We give you the option of a round trip starting and ending in Faro, a 15-day stay, or an 8-day tour, starting in Porto and ending in Faro.","og_url":"https:\/\/legendatours.com\/pt\/produto\/the-best-of-portugal-by-coach-6100g\/","og_site_name":"Legendary Adventure DMC Portugal","article_publisher":"https:\/\/www.facebook.com\/legendaryadventuredmc\/","article_modified_time":"2021-09-17T12:53:34+00:00","og_image":[{"width":1144,"height":800,"url":"https:\/\/legendatours.com\/wp-content\/uploads\/sites\/12\/2021\/04\/belem_tower.jpg","type":"image\/jpeg"}],"twitter_card":"summary_large_image","twitter_misc":{"Tempo estimado de leitura":"5 minutos"},"schema":{"@context":"https:\/\/schema.org","@graph":[{"@type":"WebPage","@id":"https:\/\/legendatours.com\/product\/the-best-of-portugal-by-coach-6100g\/","url":"https:\/\/legendatours.com\/product\/the-best-of-portugal-by-coach-6100g\/","name":"O Melhor de Portugal de Coach - Legendary Adventure DMC Portugal","isPartOf":{"@id":"https:\/\/legendatours.com\/#website"},"primaryImageOfPage":{"@id":"https:\/\/legendatours.com\/product\/the-best-of-portugal-by-coach-6100g\/#primaryimage"},"image":{"@id":"https:\/\/legendatours.com\/product\/the-best-of-portugal-by-coach-6100g\/#primaryimage"},"thumbnailUrl":"https:\/\/legendatours.com\/wp-content\/uploads\/sites\/12\/2021\/04\/belem_tower.jpg","datePublished":"2020-08-07T14:33:13+00:00","dateModified":"2021-09-17T12:53:34+00:00","breadcrumb":{"@id":"https:\/\/legendatours.com\/product\/the-best-of-portugal-by-coach-6100g\/#breadcrumb"},"inLanguage":"pt-PT","potentialAction":[{"@type":"ReadAction","target":["https:\/\/legendatours.com\/product\/the-best-of-portugal-by-coach-6100g\/"]}]},{"@type":"ImageObject","inLanguage":"pt-PT","@id":"https:\/\/legendatours.com\/product\/the-best-of-portugal-by-coach-6100g\/#primaryimage","url":"https:\/\/legendatours.com\/wp-content\/uploads\/sites\/12\/2021\/04\/belem_tower.jpg","contentUrl":"https:\/\/legendatours.com\/wp-content\/uploads\/sites\/12\/2021\/04\/belem_tower.jpg","width":1144,"height":800,"caption":"Belem Tower, Lisbon"},{"@type":"BreadcrumbList","@id":"https:\/\/legendatours.com\/product\/the-best-of-portugal-by-coach-6100g\/#breadcrumb","itemListElement":[{"@type":"ListItem","position":1,"name":"Home","item":"https:\/\/legendatours.com\/"},{"@type":"ListItem","position":2,"name":"Shop","item":"https:\/\/legendatours.com\/sv\/?page_id=4"},{"@type":"ListItem","position":3,"name":"The Best of Portugal by Coach"}]},{"@type":"WebSite","@id":"https:\/\/legendatours.com\/#website","url":"https:\/\/legendatours.com\/","name":"Legendary Adventure DMC Portugal","description":"Caminhadas e F\u00e9rias na Natureza Respons\u00e1veis em Portugal","publisher":{"@id":"https:\/\/legendatours.com\/#organization"},"alternateName":"Legendary Adventure Portugal","potentialAction":[{"@type":"SearchAction","target":{"@type":"EntryPoint","urlTemplate":"https:\/\/legendatours.com\/?s={search_term_string}"},"query-input":{"@type":"PropertyValueSpecification","valueRequired":true,"valueName":"search_term_string"}}],"inLanguage":"pt-PT"},{"@type":"Organization","@id":"https:\/\/legendatours.com\/#organization","name":"legendatours.com","url":"https:\/\/legendatours.com\/","logo":{"@type":"ImageObject","inLanguage":"pt-PT","@id":"https:\/\/legendatours.com\/#\/schema\/logo\/image\/","url":"https:\/\/legendatours.com\/wp-content\/uploads\/sites\/12\/2021\/06\/legendary_adventure_dmc.png","contentUrl":"https:\/\/legendatours.com\/wp-content\/uploads\/sites\/12\/2021\/06\/legendary_adventure_dmc.png","width":250,"height":74,"caption":"legendatours.com"},"image":{"@id":"https:\/\/legendatours.com\/#\/schema\/logo\/image\/"},"sameAs":["https:\/\/www.facebook.com\/legendaryadventuredmc\/","https:\/\/www.linkedin.com\/company\/legendary-adventure-dmc-portugal","https:\/\/www.youtube.com\/channel\/UCOIRDx_KM6ynIcacQkZjb6g"]}]}},"_links":{"self":[{"href":"https:\/\/legendatours.com\/pt\/wp-json\/wp\/v2\/product\/7599","targetHints":{"allow":["GET"]}}],"collection":[{"href":"https:\/\/legendatours.com\/pt\/wp-json\/wp\/v2\/product"}],"about":[{"href":"https:\/\/legendatours.com\/pt\/wp-json\/wp\/v2\/types\/product"}],"replies":[{"embeddable":true,"href":"https:\/\/legendatours.com\/pt\/wp-json\/wp\/v2\/comments?post=7599"}],"wp:featuredmedia":[{"embeddable":true,"href":"https:\/\/legendatours.com\/pt\/wp-json\/wp\/v2\/media\/1691"}],"wp:attachment":[{"href":"https:\/\/legendatours.com\/pt\/wp-json\/wp\/v2\/media?parent=7599"}],"wp:term":[{"taxonomy":"product_brand","embeddable":true,"href":"https:\/\/legendatours.com\/pt\/wp-json\/wp\/v2\/product_brand?post=7599"},{"taxonomy":"product_cat","embeddable":true,"href":"https:\/\/legendatours.com\/pt\/wp-json\/wp\/v2\/product_cat?post=7599"},{"taxonomy":"product_tag","embeddable":true,"href":"https:\/\/legendatours.com\/pt\/wp-json\/wp\/v2\/product_tag?post=7599"}],"curies":[{"name":"wp","href":"https:\/\/api.w.org\/{rel}","templated":true}]}}