{"id":7684,"date":"2020-07-10T14:56:32","date_gmt":"2020-07-10T14:56:32","guid":{"rendered":"https:\/\/legendatours.com\/product\/birding-holidays-in-the-algarve\/"},"modified":"2021-08-11T14:20:07","modified_gmt":"2021-08-11T14:20:07","slug":"birding-in-the-algarve-3100g","status":"publish","type":"product","link":"https:\/\/legendatours.com\/pt\/produto\/birding-in-the-algarve-3100g\/","title":{"rendered":"F\u00e9rias de observa\u00e7\u00e3o de p\u00e1ssaros no Algarve"},"content":{"rendered":"<p><strong>Aceita grupos com no m\u00ednimo 6 pax.<\/strong><\/p>\n<p>&nbsp;<\/p>\n<p>O Algarve \u00e9 famoso pelas suas praias de areia dourada, campos de golfe e um clima maravilhoso durante todo o ano, mas ainda \u00e9 um destino secreto para a observa\u00e7\u00e3o de p\u00e1ssaros. A regi\u00e3o tem uma variedade maravilhosa de p\u00e1ssaros e muitos lugares onde voc\u00ea pode ir e encontr\u00e1-los. Em quase qualquer \u00e9poca do ano, h\u00e1 algo interessante para ver.<\/p>\n<p>Este \u00e9 um passeio de observa\u00e7\u00e3o de p\u00e1ssaros baseado no Parque Natural da Ria Formosa (RFNP) e tem como objetivo ajud\u00e1-lo a ver o m\u00e1ximo poss\u00edvel da avifauna e da flora. Iremos tamb\u00e9m lev\u00e1-lo a v\u00e1rias zonas h\u00famidas a oeste do RFNP, Ludo e Quinta do Lago, e \u00e0 Reserva Natural de Castro Marim Este.<\/p>\n<div id=\"attachment_1706\" style=\"width: 1034px\" class=\"wp-caption alignnone\"><img loading=\"lazy\" decoding=\"async\" aria-describedby=\"caption-attachment-1706\" class=\"wp-image-1706 size-large\" title=\"Observa\u00e7\u00e3o de p\u00e1ssaros nos p\u00e2ntanos da Ria Formosa\" src=\"https:\/\/legendatours.net\/wp-content\/uploads\/2020\/05\/Birdwatching-Ria-Formosa-marshes-1024x683.jpg\" alt=\"Birdwatching Ria Formosa marshes\" width=\"1024\" height=\"683\" \/><p id=\"caption-attachment-1706\" class=\"wp-caption-text\">Birdwatching P\u00e2ntanos da Ria Formosa, reconhecidos pela sua biodiversidade e import\u00e2ncia ecol\u00f3gica.<\/p><\/div>\n<p>O RFNP cobre uma \u00e1rea de cerca de 16.000 hectares que se estende desde a Manta Rota, a leste, at\u00e9 \u00e0 praia do Anc\u00e3o, 60 km a oeste. A Ria consiste em lagoas costeiras, vastas \u00e1reas de plan\u00edcies de mar\u00e9, sapais e salinas que s\u00e3o cercadas por um cintur\u00e3o de ilhas e pen\u00ednsulas de dunas de areia. \u00c9 de particular import\u00e2ncia como \u00e1rea de inverno para muitas aves do norte da Europa e como local de descanso e alimenta\u00e7\u00e3o para as aves que migram entre a \u00c1frica e a Europa. Classificado como Reserva Natural nos anos 70, este estatuto de protec\u00e7\u00e3o foi elevado a Parque Natural em 1987. A Ria Formosa est\u00e1 tamb\u00e9m classificada pela Conven\u00e7\u00e3o de Ramsar como Zona H\u00famida de Import\u00e2ncia Internacional e como Zona de Protec\u00e7\u00e3o Especial ao abrigo da Directiva da UE sobre a Conserva\u00e7\u00e3o de P\u00e1ssaros selvagens.<\/p>\n<div id=\"attachment_1708\" style=\"width: 1034px\" class=\"wp-caption alignnone\"><img loading=\"lazy\" decoding=\"async\" aria-describedby=\"caption-attachment-1708\" class=\"wp-image-1708 size-large\" title=\"Tarambola de Kent para observa\u00e7\u00e3o de p\u00e1ssaros\" src=\"https:\/\/legendatours.net\/wp-content\/uploads\/2020\/05\/Birdwatching-Tavira-Kentish-Plover-1024x683.jpg\" alt=\"Birdwatching Kentish Plover\" width=\"1024\" height=\"683\" \/><p id=\"caption-attachment-1708\" class=\"wp-caption-text\">Observador de p\u00e1ssaros, Kentish Plover \u00e9 residente o ano todo, mas tamb\u00e9m h\u00e1 p\u00e1ssaros migrantes de ver\u00e3o e inverno chegando.<\/p><\/div>\n<p>Entre aqueles que ocorrem em n\u00fameros not\u00e1veis est\u00e3o os Godwits-de-cauda-preta, Tarambolas-aneladas e Pequenos Stints. H\u00e1 tamb\u00e9m uma popula\u00e7\u00e3o diversificada de aves nidificantes que inclui Little Bittern, Purple Swamp-hen, Purple Heron, Red-crested Pochard, Collared Pratincole, Kentish Tarambola, Abelharuco europeu, Nightjar de pesco\u00e7o vermelho, Woodchat e Southern Grey Shrikes, e Little Tern. Marsh Harriers s\u00e3o residentes, assim como um pequeno n\u00famero de Booted Eagles, agora uma vis\u00e3o regular no inverno. A oeste encontra-se a maior \u00e1rea de canaviais do Algarve, onde na \u00e9poca se encontram o Pato Ferruginoso, a Gar\u00e7a-roxa, o Milhafre-de-asa-preta, o Peit\u00e3o-de-p\u00eandulo e a Tecelagem-de-cabe\u00e7a-preta.<\/p>\n<p><iframe loading=\"lazy\" title=\"Castro marim\" width=\"1080\" height=\"608\" src=\"https:\/\/www.youtube.com\/embed\/sbJjXvbNWho?list=PL_6Umd8jb1qvBUfpmdNirAfZNGPDknjjw\" frameborder=\"0\" allow=\"accelerometer; autoplay; clipboard-write; encrypted-media; gyroscope; picture-in-picture\" allowfullscreen><\/iframe><\/p>\n<p>&nbsp;<\/p>","protected":false},"excerpt":{"rendered":"<p>O Algarve \u00e9 famoso pelas suas praias de areia dourada, campos de golfe e um clima maravilhoso durante todo o ano, mas ainda \u00e9 um destino secreto para a observa\u00e7\u00e3o de p\u00e1ssaros. A regi\u00e3o tem uma variedade maravilhosa de p\u00e1ssaros e muitos lugares onde voc\u00ea pode ir e encontr\u00e1-los. Em quase qualquer \u00e9poca do ano, h\u00e1 algo interessante para ver.<\/p>\n<p>Este \u00e9 um passeio de observa\u00e7\u00e3o de p\u00e1ssaros baseado no Parque Natural da Ria Formosa (RFNP) e tem como objetivo ajud\u00e1-lo a ver o m\u00e1ximo poss\u00edvel da avifauna e da flora. Iremos tamb\u00e9m lev\u00e1-lo a v\u00e1rias zonas h\u00famidas a oeste do RFNP, Ludo e Quinta do Lago, e \u00e0 Reserva Natural de Castro Marim Este.<\/p>","protected":false},"featured_media":7673,"comment_status":"closed","ping_status":"closed","template":"","meta":{"_acf_changed":false,"inline_featured_image":false},"product_brand":[],"product_cat":[423,28,30],"product_tag":[147,424,428,429,430,433,436,437,438,439,460,461,440,441,442,48,160,443,444,445,446,447,449,162,450,60,451,452,453,454,455,462,168,463,169,456,464,457,173,465,68,177,466,458,459],"class_list":{"0":"post-7684","1":"product","2":"type-product","3":"status-publish","4":"has-post-thumbnail","6":"product_cat-portugal-guided-birdwatching-holidays","7":"product_cat-guided-group-tours","8":"product_cat-guided-sightseeing-holidays-portugal","9":"product_tag-algarve","10":"product_tag-best-birding-spots","11":"product_tag-bird-watching","12":"product_tag-birding","13":"product_tag-birding-algarve","14":"product_tag-birdwatching","15":"product_tag-black-tailed-godwits","16":"product_tag-black-winged-kite","17":"product_tag-blackheaded-weaver","18":"product_tag-booted-eagles","19":"product_tag-castro-marim","20":"product_tag-castro-marim-nature-reserve","21":"product_tag-collared-pratincole","22":"product_tag-european-bee-eater","23":"product_tag-ferruginous-duck","24":"product_tag-guided-tours","25":"product_tag-holidays","26":"product_tag-kentish-plover","27":"product_tag-little-bittern","28":"product_tag-little-stints","29":"product_tag-little-tern","30":"product_tag-marsh-harriers","31":"product_tag-nature-observation","32":"product_tag-nature-walks","33":"product_tag-penduline-tits","34":"product_tag-portugal","35":"product_tag-purple-heron","36":"product_tag-purple-swamp-hen","37":"product_tag-ramsar","38":"product_tag-red-crested-pochard","39":"product_tag-red-necked-nightjar","40":"product_tag-resident-and-migrant-birds","41":"product_tag-ria-formosa","42":"product_tag-ria-formosa-birdwatching","43":"product_tag-ria-formosa-natural-park","44":"product_tag-ringed-plovers","45":"product_tag-see-migratory-birds","46":"product_tag-southern-grey-shrikes","47":"product_tag-sunny-winters","48":"product_tag-top-class-birding","49":"product_tag-tours-in-portugal","50":"product_tag-vacations","51":"product_tag-water-birds","52":"product_tag-wintering-birds","53":"product_tag-woodchat","55":"first","56":"instock","57":"virtual","58":"product-type-simple"},"acf":[],"yoast_head":"<!-- This site is optimized with the Yoast SEO Premium plugin v26.8 (Yoast SEO v27.5) - https:\/\/yoast.com\/product\/yoast-seo-premium-wordpress\/ -->\n<title>Birding Holidays in the Algarve - Legendary Adventure DMC Portugal<\/title>\n<meta name=\"robots\" content=\"index, follow, max-snippet:-1, max-image-preview:large, max-video-preview:-1\" \/>\n<link rel=\"canonical\" href=\"https:\/\/legendatours.com\/pt\/produto\/birding-in-the-algarve-3100g\/\" \/>\n<meta property=\"og:locale\" content=\"pt_PT\" \/>\n<meta property=\"og:type\" content=\"article\" \/>\n<meta property=\"og:title\" content=\"Birding Holidays in the Algarve\" \/>\n<meta property=\"og:description\" content=\"The Algarve is rightly famed for its golden sandy beaches, golf courses, and wonderful year-round climate but is still a secret destination for great birding. The region has a wonderful variety of birds and many places where you can go and find them. At almost any time of the year, there is something of interest to see.  This is a birding tour based in the Ria Formosa Natural Park (RFNP) and is designed to help you see as much of the avifauna and flora as possible. We\u2019ll also take you to several wetland areas west of the RFNP, Ludo and Quinta do Lago, and to East Castro Marim Natural Reserve.\" \/>\n<meta property=\"og:url\" content=\"https:\/\/legendatours.com\/pt\/produto\/birding-in-the-algarve-3100g\/\" \/>\n<meta property=\"og:site_name\" content=\"Legendary Adventure DMC Portugal\" \/>\n<meta property=\"article:publisher\" content=\"https:\/\/www.facebook.com\/legendaryadventuredmc\/\" \/>\n<meta property=\"article:modified_time\" content=\"2021-08-11T14:20:07+00:00\" \/>\n<meta property=\"og:image\" content=\"https:\/\/legendatours.com\/wp-content\/uploads\/sites\/12\/2021\/04\/Birdwatching_Ria_formosa-1-e1611676713487.jpg\" \/>\n\t<meta property=\"og:image:width\" content=\"1024\" \/>\n\t<meta property=\"og:image:height\" content=\"699\" \/>\n\t<meta property=\"og:image:type\" content=\"image\/jpeg\" \/>\n<meta name=\"twitter:card\" content=\"summary_large_image\" \/>\n<meta name=\"twitter:label1\" content=\"Tempo estimado de leitura\" \/>\n\t<meta name=\"twitter:data1\" content=\"2 minutos\" \/>\n<script type=\"application\/ld+json\" class=\"yoast-schema-graph\">{\"@context\":\"https:\\\/\\\/schema.org\",\"@graph\":[{\"@type\":\"WebPage\",\"@id\":\"https:\\\/\\\/legendatours.com\\\/product\\\/birding-in-the-algarve-3100g\\\/\",\"url\":\"https:\\\/\\\/legendatours.com\\\/product\\\/birding-in-the-algarve-3100g\\\/\",\"name\":\"Birding Holidays in the Algarve - Legendary Adventure DMC Portugal\",\"isPartOf\":{\"@id\":\"https:\\\/\\\/legendatours.com\\\/#website\"},\"primaryImageOfPage\":{\"@id\":\"https:\\\/\\\/legendatours.com\\\/product\\\/birding-in-the-algarve-3100g\\\/#primaryimage\"},\"image\":{\"@id\":\"https:\\\/\\\/legendatours.com\\\/product\\\/birding-in-the-algarve-3100g\\\/#primaryimage\"},\"thumbnailUrl\":\"https:\\\/\\\/legendatours.com\\\/wp-content\\\/uploads\\\/sites\\\/12\\\/2021\\\/04\\\/Birdwatching_Ria_formosa-1-e1611676713487.jpg\",\"datePublished\":\"2020-07-10T14:56:32+00:00\",\"dateModified\":\"2021-08-11T14:20:07+00:00\",\"breadcrumb\":{\"@id\":\"https:\\\/\\\/legendatours.com\\\/product\\\/birding-in-the-algarve-3100g\\\/#breadcrumb\"},\"inLanguage\":\"pt-PT\",\"potentialAction\":[{\"@type\":\"ReadAction\",\"target\":[\"https:\\\/\\\/legendatours.com\\\/product\\\/birding-in-the-algarve-3100g\\\/\"]}]},{\"@type\":\"ImageObject\",\"inLanguage\":\"pt-PT\",\"@id\":\"https:\\\/\\\/legendatours.com\\\/product\\\/birding-in-the-algarve-3100g\\\/#primaryimage\",\"url\":\"https:\\\/\\\/legendatours.com\\\/wp-content\\\/uploads\\\/sites\\\/12\\\/2021\\\/04\\\/Birdwatching_Ria_formosa-1-e1611676713487.jpg\",\"contentUrl\":\"https:\\\/\\\/legendatours.com\\\/wp-content\\\/uploads\\\/sites\\\/12\\\/2021\\\/04\\\/Birdwatching_Ria_formosa-1-e1611676713487.jpg\",\"width\":1024,\"height\":699,\"caption\":\"Birdwatching Ria Formosa\"},{\"@type\":\"BreadcrumbList\",\"@id\":\"https:\\\/\\\/legendatours.com\\\/product\\\/birding-in-the-algarve-3100g\\\/#breadcrumb\",\"itemListElement\":[{\"@type\":\"ListItem\",\"position\":1,\"name\":\"Home\",\"item\":\"https:\\\/\\\/legendatours.com\\\/\"},{\"@type\":\"ListItem\",\"position\":2,\"name\":\"Shop\",\"item\":\"https:\\\/\\\/legendatours.com\\\/sv\\\/?page_id=4\"},{\"@type\":\"ListItem\",\"position\":3,\"name\":\"Birding Holidays in the Algarve\"}]},{\"@type\":\"WebSite\",\"@id\":\"https:\\\/\\\/legendatours.com\\\/#website\",\"url\":\"https:\\\/\\\/legendatours.com\\\/\",\"name\":\"Legendary Adventure DMC Portugal\",\"description\":\"Responsible Walking &amp; Nature Holidays in Portugal\",\"publisher\":{\"@id\":\"https:\\\/\\\/legendatours.com\\\/#organization\"},\"alternateName\":\"Legendary Adventure Portugal\",\"potentialAction\":[{\"@type\":\"SearchAction\",\"target\":{\"@type\":\"EntryPoint\",\"urlTemplate\":\"https:\\\/\\\/legendatours.com\\\/?s={search_term_string}\"},\"query-input\":{\"@type\":\"PropertyValueSpecification\",\"valueRequired\":true,\"valueName\":\"search_term_string\"}}],\"inLanguage\":\"pt-PT\"},{\"@type\":\"Organization\",\"@id\":\"https:\\\/\\\/legendatours.com\\\/#organization\",\"name\":\"legendatours.com\",\"url\":\"https:\\\/\\\/legendatours.com\\\/\",\"logo\":{\"@type\":\"ImageObject\",\"inLanguage\":\"pt-PT\",\"@id\":\"https:\\\/\\\/legendatours.com\\\/#\\\/schema\\\/logo\\\/image\\\/\",\"url\":\"https:\\\/\\\/legendatours.com\\\/wp-content\\\/uploads\\\/sites\\\/12\\\/2021\\\/06\\\/legendary_adventure_dmc.png\",\"contentUrl\":\"https:\\\/\\\/legendatours.com\\\/wp-content\\\/uploads\\\/sites\\\/12\\\/2021\\\/06\\\/legendary_adventure_dmc.png\",\"width\":250,\"height\":74,\"caption\":\"legendatours.com\"},\"image\":{\"@id\":\"https:\\\/\\\/legendatours.com\\\/#\\\/schema\\\/logo\\\/image\\\/\"},\"sameAs\":[\"https:\\\/\\\/www.facebook.com\\\/legendaryadventuredmc\\\/\",\"https:\\\/\\\/www.linkedin.com\\\/company\\\/legendary-adventure-dmc-portugal\",\"https:\\\/\\\/www.youtube.com\\\/channel\\\/UCOIRDx_KM6ynIcacQkZjb6g\"]}]}<\/script>\n<!-- \/ Yoast SEO Premium plugin. -->","yoast_head_json":{"title":"F\u00e9rias de observa\u00e7\u00e3o de p\u00e1ssaros no Algarve - Legendary Adventure DMC Portugal","robots":{"index":"index","follow":"follow","max-snippet":"max-snippet:-1","max-image-preview":"max-image-preview:large","max-video-preview":"max-video-preview:-1"},"canonical":"https:\/\/legendatours.com\/pt\/produto\/birding-in-the-algarve-3100g\/","og_locale":"pt_PT","og_type":"article","og_title":"Birding Holidays in the Algarve","og_description":"The Algarve is rightly famed for its golden sandy beaches, golf courses, and wonderful year-round climate but is still a secret destination for great birding. The region has a wonderful variety of birds and many places where you can go and find them. At almost any time of the year, there is something of interest to see.  This is a birding tour based in the Ria Formosa Natural Park (RFNP) and is designed to help you see as much of the avifauna and flora as possible. We\u2019ll also take you to several wetland areas west of the RFNP, Ludo and Quinta do Lago, and to East Castro Marim Natural Reserve.","og_url":"https:\/\/legendatours.com\/pt\/produto\/birding-in-the-algarve-3100g\/","og_site_name":"Legendary Adventure DMC Portugal","article_publisher":"https:\/\/www.facebook.com\/legendaryadventuredmc\/","article_modified_time":"2021-08-11T14:20:07+00:00","og_image":[{"width":1024,"height":699,"url":"https:\/\/legendatours.com\/wp-content\/uploads\/sites\/12\/2021\/04\/Birdwatching_Ria_formosa-1-e1611676713487.jpg","type":"image\/jpeg"}],"twitter_card":"summary_large_image","twitter_misc":{"Tempo estimado de leitura":"2 minutos"},"schema":{"@context":"https:\/\/schema.org","@graph":[{"@type":"WebPage","@id":"https:\/\/legendatours.com\/product\/birding-in-the-algarve-3100g\/","url":"https:\/\/legendatours.com\/product\/birding-in-the-algarve-3100g\/","name":"F\u00e9rias de observa\u00e7\u00e3o de p\u00e1ssaros no Algarve - Legendary Adventure DMC Portugal","isPartOf":{"@id":"https:\/\/legendatours.com\/#website"},"primaryImageOfPage":{"@id":"https:\/\/legendatours.com\/product\/birding-in-the-algarve-3100g\/#primaryimage"},"image":{"@id":"https:\/\/legendatours.com\/product\/birding-in-the-algarve-3100g\/#primaryimage"},"thumbnailUrl":"https:\/\/legendatours.com\/wp-content\/uploads\/sites\/12\/2021\/04\/Birdwatching_Ria_formosa-1-e1611676713487.jpg","datePublished":"2020-07-10T14:56:32+00:00","dateModified":"2021-08-11T14:20:07+00:00","breadcrumb":{"@id":"https:\/\/legendatours.com\/product\/birding-in-the-algarve-3100g\/#breadcrumb"},"inLanguage":"pt-PT","potentialAction":[{"@type":"ReadAction","target":["https:\/\/legendatours.com\/product\/birding-in-the-algarve-3100g\/"]}]},{"@type":"ImageObject","inLanguage":"pt-PT","@id":"https:\/\/legendatours.com\/product\/birding-in-the-algarve-3100g\/#primaryimage","url":"https:\/\/legendatours.com\/wp-content\/uploads\/sites\/12\/2021\/04\/Birdwatching_Ria_formosa-1-e1611676713487.jpg","contentUrl":"https:\/\/legendatours.com\/wp-content\/uploads\/sites\/12\/2021\/04\/Birdwatching_Ria_formosa-1-e1611676713487.jpg","width":1024,"height":699,"caption":"Birdwatching Ria Formosa"},{"@type":"BreadcrumbList","@id":"https:\/\/legendatours.com\/product\/birding-in-the-algarve-3100g\/#breadcrumb","itemListElement":[{"@type":"ListItem","position":1,"name":"Home","item":"https:\/\/legendatours.com\/"},{"@type":"ListItem","position":2,"name":"Shop","item":"https:\/\/legendatours.com\/sv\/?page_id=4"},{"@type":"ListItem","position":3,"name":"Birding Holidays in the Algarve"}]},{"@type":"WebSite","@id":"https:\/\/legendatours.com\/#website","url":"https:\/\/legendatours.com\/","name":"Legendary Adventure DMC Portugal","description":"Caminhadas e F\u00e9rias na Natureza Respons\u00e1veis em Portugal","publisher":{"@id":"https:\/\/legendatours.com\/#organization"},"alternateName":"Legendary Adventure Portugal","potentialAction":[{"@type":"SearchAction","target":{"@type":"EntryPoint","urlTemplate":"https:\/\/legendatours.com\/?s={search_term_string}"},"query-input":{"@type":"PropertyValueSpecification","valueRequired":true,"valueName":"search_term_string"}}],"inLanguage":"pt-PT"},{"@type":"Organization","@id":"https:\/\/legendatours.com\/#organization","name":"legendatours.com","url":"https:\/\/legendatours.com\/","logo":{"@type":"ImageObject","inLanguage":"pt-PT","@id":"https:\/\/legendatours.com\/#\/schema\/logo\/image\/","url":"https:\/\/legendatours.com\/wp-content\/uploads\/sites\/12\/2021\/06\/legendary_adventure_dmc.png","contentUrl":"https:\/\/legendatours.com\/wp-content\/uploads\/sites\/12\/2021\/06\/legendary_adventure_dmc.png","width":250,"height":74,"caption":"legendatours.com"},"image":{"@id":"https:\/\/legendatours.com\/#\/schema\/logo\/image\/"},"sameAs":["https:\/\/www.facebook.com\/legendaryadventuredmc\/","https:\/\/www.linkedin.com\/company\/legendary-adventure-dmc-portugal","https:\/\/www.youtube.com\/channel\/UCOIRDx_KM6ynIcacQkZjb6g"]}]}},"_links":{"self":[{"href":"https:\/\/legendatours.com\/pt\/wp-json\/wp\/v2\/product\/7684","targetHints":{"allow":["GET"]}}],"collection":[{"href":"https:\/\/legendatours.com\/pt\/wp-json\/wp\/v2\/product"}],"about":[{"href":"https:\/\/legendatours.com\/pt\/wp-json\/wp\/v2\/types\/product"}],"replies":[{"embeddable":true,"href":"https:\/\/legendatours.com\/pt\/wp-json\/wp\/v2\/comments?post=7684"}],"wp:featuredmedia":[{"embeddable":true,"href":"https:\/\/legendatours.com\/pt\/wp-json\/wp\/v2\/media\/7673"}],"wp:attachment":[{"href":"https:\/\/legendatours.com\/pt\/wp-json\/wp\/v2\/media?parent=7684"}],"wp:term":[{"taxonomy":"product_brand","embeddable":true,"href":"https:\/\/legendatours.com\/pt\/wp-json\/wp\/v2\/product_brand?post=7684"},{"taxonomy":"product_cat","embeddable":true,"href":"https:\/\/legendatours.com\/pt\/wp-json\/wp\/v2\/product_cat?post=7684"},{"taxonomy":"product_tag","embeddable":true,"href":"https:\/\/legendatours.com\/pt\/wp-json\/wp\/v2\/product_tag?post=7684"}],"curies":[{"name":"wp","href":"https:\/\/api.w.org\/{rel}","templated":true}]}}