{"id":7734,"date":"2020-07-09T11:54:00","date_gmt":"2020-07-09T11:54:00","guid":{"rendered":"https:\/\/legendatours.com\/product\/evora-portalegre-golden-alentejo-walking-holidays\/"},"modified":"2021-08-11T14:33:54","modified_gmt":"2021-08-11T14:33:54","slug":"evora-and-portalegre-golden-alentejo-12400g","status":"publish","type":"product","link":"https:\/\/legendatours.com\/pt\/produto\/evora-and-portalegre-golden-alentejo-12400g\/","title":{"rendered":"\u00c9vora e Portalegre: Golden Alentejo Walking Holidays"},"content":{"rendered":"<p><strong>Aceita grupos com no m\u00ednimo 6 pax.<\/strong><\/p>\n<p>&nbsp;<\/p>\n<p>Uma das vistas mais t\u00edpicas desta regi\u00e3o \u00e9 um vasto campo com alguns sobreiros aqui e ali e os rebanhos (por vezes ovelhas, por vezes porcos, ou vacas) normalmente a desfrutar da sombra das \u00e1rvores. As aldeias com as suas casas t\u00e9rreas caiadas s\u00e3o uma paisagem pitoresca no Alentejo.<\/p>\n<p>As pessoas aqui t\u00eam muito orgulho do seu patrim\u00f3nio e preservam os edif\u00edcios antigos e tamb\u00e9m as pr\u00e1ticas antigas. Esta \u00e9 uma regi\u00e3o que tem uma tradi\u00e7\u00e3o artesanal muito rica \u2013 cer\u00e2mica, bordados, m\u00f3veis pintados \u00e0 m\u00e3o, trabalhos em ferro forjado, etc. A gastronomia local \u00e9 variada e bastante saborosa e combina na perfei\u00e7\u00e3o com os famosos vinhos locais. Este \u00e9 um passeio onde a tranquilidade e o sil\u00eancio das paisagens sem fim nos convidam a partilhar a natureza num ambiente rural e a conviver com as pessoas que ali vivem e trabalham. Este \u00e9 um passeio espetacular caracterizado por moderada dificuldade f\u00edsica e t\u00e9cnica e que nos leva aos mais antigos vest\u00edgios da nossa hist\u00f3ria e patrim\u00f3nio.<\/p>\n<p>Viajamos at\u00e9 \u00e0 cidade fortificada de \u00c9vora, no cora\u00e7\u00e3o da regi\u00e3o do Alentejo.<\/p>\n<div id=\"attachment_2819\" style=\"width: 1034px\" class=\"wp-caption alignnone\"><img loading=\"lazy\" decoding=\"async\" aria-describedby=\"caption-attachment-2819\" class=\"wp-image-2819 size-large\" title=\"\u00c9vora, uma das cidades medievais mais bem preservadas de Portugal\" src=\"https:\/\/legendatours.net\/wp-content\/uploads\/2020\/07\/evora-1-1024x683.jpg\" alt=\"\u00c9vora, one of Portugal\u2019s most beautifully preserved medieval towns\" width=\"1024\" height=\"683\" \/><p id=\"caption-attachment-2819\" class=\"wp-caption-text\">\u00c9vora, uma das cidades medievais mais bem preservadas de Portugal<\/p><\/div>\n<p>Uma das cidades medievais mais bem preservadas de Portugal, \u00c9vora \u00e9 uma maravilhosa cidade murada com muitos vest\u00edgios romanos, classificada como Patrim\u00f3nio Mundial pela UNESCO.<\/p>\n<p>Aqui existe uma mistura fascinante de arquitectura e hist\u00f3ria para desfrutar e teremos tempo para explorar a cidade e relaxar nos muitos caf\u00e9s e restaurantes atraentes que servem cozinha local alentejana. Tamb\u00e9m exploramos a encantadora paisagem circundante, as aldeias locais e os monumentos antigos situados em belas paisagens.<\/p>\n<p>Sobreiros e Oliveiras, D\u00f3lmenes e Menires com mais de 10.000 anos.<\/p>\n<div id=\"attachment_2883\" style=\"width: 1034px\" class=\"wp-caption alignnone\"><img loading=\"lazy\" decoding=\"async\" aria-describedby=\"caption-attachment-2883\" class=\"wp-image-2883 size-large\" title=\"Uma bela arcada na lustrosa Castelo de Vide\" src=\"https:\/\/legendatours.net\/wp-content\/uploads\/2020\/07\/castelo_vide-1024x683.jpg\" alt=\"Castelo de Vide Arch Alentejo\" width=\"1024\" height=\"683\" \/><p id=\"caption-attachment-2883\" class=\"wp-caption-text\">Uma bela arcada na lustrosa Castelo de Vide<\/p><\/div>\n<p>Depois seguimos para Portalegre, porta de entrada para o leste alentejano, uma regi\u00e3o absolutamente deslumbrante, de genu\u00edna beleza, de verdadeira vida buc\u00f3lica, de grandes paisagens, de gente orgulhosa e cheia de identidade portuguesa.<\/p>\n<p>Visitar Portalegre n\u00e3o \u00e9 tanto visitar uma cidade interessante, mas sim visitar todo um aglomerado de cidades do norte do Alentejo, cada uma com a sua hist\u00f3ria para contar, e com Portalegre no seu centro. A regi\u00e3o cont\u00e9m uma riqueza de monumentos hist\u00f3ricos e anedotas, vistas inspiradoras das cidades fortificadas no topo das colinas e um bom punhado de tesouros pr\u00e9-hist\u00f3ricos.<\/p>\n<p>J\u00e1 em Portalegre teremos a oportunidade de visitar a Serra de Mamede e o Parque Natural.<\/p>\n<div class=\"row\" style=\"display: flex;\">\n<div class=\"column\" style=\"flex: 45%;\">\n<p><iframe loading=\"lazy\" title=\"Cidade de Portalegre\" width=\"1080\" height=\"608\" src=\"https:\/\/www.youtube.com\/embed\/P_fqNYqiagQ?feature=oembed\" frameborder=\"0\" allow=\"accelerometer; autoplay; clipboard-write; encrypted-media; gyroscope; picture-in-picture\" allowfullscreen><\/iframe><\/p>\n<\/div>\n<div class=\"column\" style=\"flex: 10%;\"><\/div>\n<div class=\"column\" style=\"flex: 45%;\">\n<p><iframe loading=\"lazy\" title=\"Experi\u00eancia \u00c9VORA\" width=\"1080\" height=\"608\" src=\"https:\/\/www.youtube.com\/embed\/99oQN4PO94E?feature=oembed\" frameborder=\"0\" allow=\"accelerometer; autoplay; clipboard-write; encrypted-media; gyroscope; picture-in-picture\" allowfullscreen><\/iframe><\/p>\n<\/div>\n<\/div>","protected":false},"excerpt":{"rendered":"<p>O Alentejo \u00e9 uma regi\u00e3o pouco povoada e de horizontes abertos, onde o ritmo da vida acompanha o som ocioso das can\u00e7\u00f5es regionais. \u00c9 perfeito para caminhar e viver uma aventura inesquec\u00edvel. Esta \u00e9 uma terra de patrim\u00f3nio inimagin\u00e1vel.<\/p>\n<p>Este passeio ir\u00e1 lev\u00e1-lo pelos vest\u00edgios not\u00e1veis de culturas antigas: d\u00f3lmenes e cromeleques, vest\u00edgios romanos e \u00e1rabes que se misturam com os mais recentes sinais do cristianismo, dos quais os numerosos castelos medievais s\u00e3o apenas um exemplo. Caminharemos por vastos campos de trigo e vinhas onde os intensos tons verdes e dourados s\u00e3o as principais caracter\u00edsticas das plan\u00edcies alentejanas, onde na primavera belos campos com milh\u00f5es de flores silvestres encantam os olhos.<\/p>","protected":false},"featured_media":7728,"comment_status":"closed","ping_status":"closed","template":"","meta":{"_acf_changed":false,"inline_featured_image":false},"product_brand":[],"product_cat":[32,28,29,30,31],"product_tag":[210,211,73,212,333,183,548,78,83,36,565,215,216,87,89,47,90,217,195,219,95,220,199,201,566,97,98,99,558,106,225,64,71,345,409,232],"class_list":{"0":"post-7734","1":"product","2":"type-product","3":"status-publish","4":"has-post-thumbnail","6":"product_cat-cultural-tours-and-holidays-in-portugal","7":"product_cat-guided-group-tours","8":"product_cat-portugal-guided-historical-holidays","9":"product_cat-guided-sightseeing-holidays-portugal","10":"product_cat-guided-walking-holidays-in-portugal","11":"product_tag-alentejo","12":"product_tag-alentejo-landscape","13":"product_tag-alentejo-walking","14":"product_tag-ancient-buildings","15":"product_tag-ancient-churches","16":"product_tag-ancient-villages-and-castles","17":"product_tag-architectonic-heritage","18":"product_tag-beautiful-landscapes","19":"product_tag-cork-trees","20":"product_tag-cultural-heritage","21":"product_tag-estremoz-walking","22":"product_tag-evora","23":"product_tag-evora-walking","24":"product_tag-green-landscape","25":"product_tag-guided-group-tour","26":"product_tag-guided-holidays","27":"product_tag-guided-walking-holidays","28":"product_tag-heritage","29":"product_tag-history-and-heritage","30":"product_tag-inland-alentejo","31":"product_tag-magnificent-landscape","32":"product_tag-marvao","33":"product_tag-medieval-castle","34":"product_tag-medieval-streets","35":"product_tag-medieval-villages","36":"product_tag-natural-park","37":"product_tag-natural-reserves","38":"product_tag-natural-scenery","39":"product_tag-olives","40":"product_tag-picturesque-landscapes","41":"product_tag-portalegre-walking","42":"product_tag-roman-and-arab-vestiges","43":"product_tag-unesco-world-heritage-site","44":"product_tag-vineyards","45":"product_tag-vineyards-and-terraces","46":"product_tag-wild-flowers-alentejo","48":"first","49":"instock","50":"virtual","51":"product-type-simple"},"acf":[],"yoast_head":"<!-- This site is optimized with the Yoast SEO Premium plugin v26.8 (Yoast SEO v27.5) - https:\/\/yoast.com\/product\/yoast-seo-premium-wordpress\/ -->\n<title>\u00c9vora &amp; Portalegre: Golden Alentejo Walking Holidays - Legendary Adventure DMC Portugal<\/title>\n<meta name=\"description\" content=\"The villages with their whitewashed one-floor houses are a picturesque landscape in Alentejo.\" \/>\n<meta name=\"robots\" content=\"index, follow, max-snippet:-1, max-image-preview:large, max-video-preview:-1\" \/>\n<link rel=\"canonical\" href=\"https:\/\/legendatours.com\/pt\/produto\/evora-and-portalegre-golden-alentejo-12400g\/\" \/>\n<meta property=\"og:locale\" content=\"pt_PT\" \/>\n<meta property=\"og:type\" content=\"article\" \/>\n<meta property=\"og:title\" content=\"\u00c9vora &amp; Portalegre: Golden Alentejo Walking Holidays\" \/>\n<meta property=\"og:description\" content=\"The villages with their whitewashed one-floor houses are a picturesque landscape in Alentejo.\" \/>\n<meta property=\"og:url\" content=\"https:\/\/legendatours.com\/pt\/produto\/evora-and-portalegre-golden-alentejo-12400g\/\" \/>\n<meta property=\"og:site_name\" content=\"Legendary Adventure DMC Portugal\" \/>\n<meta property=\"article:publisher\" content=\"https:\/\/www.facebook.com\/legendaryadventuredmc\/\" \/>\n<meta property=\"article:modified_time\" content=\"2021-08-11T14:33:54+00:00\" \/>\n<meta property=\"og:image\" content=\"https:\/\/legendatours.com\/wp-content\/uploads\/sites\/12\/2021\/04\/castelo_vide-e1611669275485.jpg\" \/>\n\t<meta property=\"og:image:width\" content=\"1024\" \/>\n\t<meta property=\"og:image:height\" content=\"683\" \/>\n\t<meta property=\"og:image:type\" content=\"image\/jpeg\" \/>\n<meta name=\"twitter:card\" content=\"summary_large_image\" \/>\n<meta name=\"twitter:description\" content=\"The villages with their whitewashed one-floor houses are a picturesque landscape in Alentejo.\" \/>\n<meta name=\"twitter:label1\" content=\"Tempo estimado de leitura\" \/>\n\t<meta name=\"twitter:data1\" content=\"3 minutos\" \/>\n<script type=\"application\/ld+json\" class=\"yoast-schema-graph\">{\"@context\":\"https:\\\/\\\/schema.org\",\"@graph\":[{\"@type\":\"WebPage\",\"@id\":\"https:\\\/\\\/legendatours.com\\\/product\\\/evora-and-portalegre-golden-alentejo-12400g\\\/\",\"url\":\"https:\\\/\\\/legendatours.com\\\/product\\\/evora-and-portalegre-golden-alentejo-12400g\\\/\",\"name\":\"\u00c9vora &amp; Portalegre: Golden Alentejo Walking Holidays - Legendary Adventure DMC Portugal\",\"isPartOf\":{\"@id\":\"https:\\\/\\\/legendatours.com\\\/#website\"},\"primaryImageOfPage\":{\"@id\":\"https:\\\/\\\/legendatours.com\\\/product\\\/evora-and-portalegre-golden-alentejo-12400g\\\/#primaryimage\"},\"image\":{\"@id\":\"https:\\\/\\\/legendatours.com\\\/product\\\/evora-and-portalegre-golden-alentejo-12400g\\\/#primaryimage\"},\"thumbnailUrl\":\"https:\\\/\\\/legendatours.com\\\/wp-content\\\/uploads\\\/sites\\\/12\\\/2021\\\/04\\\/castelo_vide-e1611669275485.jpg\",\"datePublished\":\"2020-07-09T11:54:00+00:00\",\"dateModified\":\"2021-08-11T14:33:54+00:00\",\"description\":\"The villages with their whitewashed one-floor houses are a picturesque landscape in Alentejo.\",\"breadcrumb\":{\"@id\":\"https:\\\/\\\/legendatours.com\\\/product\\\/evora-and-portalegre-golden-alentejo-12400g\\\/#breadcrumb\"},\"inLanguage\":\"pt-PT\",\"potentialAction\":[{\"@type\":\"ReadAction\",\"target\":[\"https:\\\/\\\/legendatours.com\\\/product\\\/evora-and-portalegre-golden-alentejo-12400g\\\/\"]}]},{\"@type\":\"ImageObject\",\"inLanguage\":\"pt-PT\",\"@id\":\"https:\\\/\\\/legendatours.com\\\/product\\\/evora-and-portalegre-golden-alentejo-12400g\\\/#primaryimage\",\"url\":\"https:\\\/\\\/legendatours.com\\\/wp-content\\\/uploads\\\/sites\\\/12\\\/2021\\\/04\\\/castelo_vide-e1611669275485.jpg\",\"contentUrl\":\"https:\\\/\\\/legendatours.com\\\/wp-content\\\/uploads\\\/sites\\\/12\\\/2021\\\/04\\\/castelo_vide-e1611669275485.jpg\",\"width\":1024,\"height\":683,\"caption\":\"A beautiful archway in lustrous Castelo de Vide\"},{\"@type\":\"BreadcrumbList\",\"@id\":\"https:\\\/\\\/legendatours.com\\\/product\\\/evora-and-portalegre-golden-alentejo-12400g\\\/#breadcrumb\",\"itemListElement\":[{\"@type\":\"ListItem\",\"position\":1,\"name\":\"Home\",\"item\":\"https:\\\/\\\/legendatours.com\\\/\"},{\"@type\":\"ListItem\",\"position\":2,\"name\":\"Shop\",\"item\":\"https:\\\/\\\/legendatours.com\\\/sv\\\/?page_id=4\"},{\"@type\":\"ListItem\",\"position\":3,\"name\":\"\u00c9vora &amp; Portalegre: Golden Alentejo Walking Holidays\"}]},{\"@type\":\"WebSite\",\"@id\":\"https:\\\/\\\/legendatours.com\\\/#website\",\"url\":\"https:\\\/\\\/legendatours.com\\\/\",\"name\":\"Legendary Adventure DMC Portugal\",\"description\":\"Responsible Walking &amp; Nature Holidays in Portugal\",\"publisher\":{\"@id\":\"https:\\\/\\\/legendatours.com\\\/#organization\"},\"alternateName\":\"Legendary Adventure Portugal\",\"potentialAction\":[{\"@type\":\"SearchAction\",\"target\":{\"@type\":\"EntryPoint\",\"urlTemplate\":\"https:\\\/\\\/legendatours.com\\\/?s={search_term_string}\"},\"query-input\":{\"@type\":\"PropertyValueSpecification\",\"valueRequired\":true,\"valueName\":\"search_term_string\"}}],\"inLanguage\":\"pt-PT\"},{\"@type\":\"Organization\",\"@id\":\"https:\\\/\\\/legendatours.com\\\/#organization\",\"name\":\"legendatours.com\",\"url\":\"https:\\\/\\\/legendatours.com\\\/\",\"logo\":{\"@type\":\"ImageObject\",\"inLanguage\":\"pt-PT\",\"@id\":\"https:\\\/\\\/legendatours.com\\\/#\\\/schema\\\/logo\\\/image\\\/\",\"url\":\"https:\\\/\\\/legendatours.com\\\/wp-content\\\/uploads\\\/sites\\\/12\\\/2021\\\/06\\\/legendary_adventure_dmc.png\",\"contentUrl\":\"https:\\\/\\\/legendatours.com\\\/wp-content\\\/uploads\\\/sites\\\/12\\\/2021\\\/06\\\/legendary_adventure_dmc.png\",\"width\":250,\"height\":74,\"caption\":\"legendatours.com\"},\"image\":{\"@id\":\"https:\\\/\\\/legendatours.com\\\/#\\\/schema\\\/logo\\\/image\\\/\"},\"sameAs\":[\"https:\\\/\\\/www.facebook.com\\\/legendaryadventuredmc\\\/\",\"https:\\\/\\\/www.linkedin.com\\\/company\\\/legendary-adventure-dmc-portugal\",\"https:\\\/\\\/www.youtube.com\\\/channel\\\/UCOIRDx_KM6ynIcacQkZjb6g\"]}]}<\/script>\n<!-- \/ Yoast SEO Premium plugin. -->","yoast_head_json":{"title":"\u00c9vora e Portalegre: F\u00e9rias Pedestres no Golden Alentejo - Aventura Lend\u00e1ria DMC Portugal","description":"As aldeias com as suas casas t\u00e9rreas caiadas de branco s\u00e3o uma paisagem pitoresca no Alentejo.","robots":{"index":"index","follow":"follow","max-snippet":"max-snippet:-1","max-image-preview":"max-image-preview:large","max-video-preview":"max-video-preview:-1"},"canonical":"https:\/\/legendatours.com\/pt\/produto\/evora-and-portalegre-golden-alentejo-12400g\/","og_locale":"pt_PT","og_type":"article","og_title":"\u00c9vora &amp; Portalegre: Golden Alentejo Walking Holidays","og_description":"The villages with their whitewashed one-floor houses are a picturesque landscape in Alentejo.","og_url":"https:\/\/legendatours.com\/pt\/produto\/evora-and-portalegre-golden-alentejo-12400g\/","og_site_name":"Legendary Adventure DMC Portugal","article_publisher":"https:\/\/www.facebook.com\/legendaryadventuredmc\/","article_modified_time":"2021-08-11T14:33:54+00:00","og_image":[{"width":1024,"height":683,"url":"https:\/\/legendatours.com\/wp-content\/uploads\/sites\/12\/2021\/04\/castelo_vide-e1611669275485.jpg","type":"image\/jpeg"}],"twitter_card":"summary_large_image","twitter_description":"The villages with their whitewashed one-floor houses are a picturesque landscape in Alentejo.","twitter_misc":{"Tempo estimado de leitura":"3 minutos"},"schema":{"@context":"https:\/\/schema.org","@graph":[{"@type":"WebPage","@id":"https:\/\/legendatours.com\/product\/evora-and-portalegre-golden-alentejo-12400g\/","url":"https:\/\/legendatours.com\/product\/evora-and-portalegre-golden-alentejo-12400g\/","name":"\u00c9vora e Portalegre: F\u00e9rias Pedestres no Golden Alentejo - Aventura Lend\u00e1ria DMC Portugal","isPartOf":{"@id":"https:\/\/legendatours.com\/#website"},"primaryImageOfPage":{"@id":"https:\/\/legendatours.com\/product\/evora-and-portalegre-golden-alentejo-12400g\/#primaryimage"},"image":{"@id":"https:\/\/legendatours.com\/product\/evora-and-portalegre-golden-alentejo-12400g\/#primaryimage"},"thumbnailUrl":"https:\/\/legendatours.com\/wp-content\/uploads\/sites\/12\/2021\/04\/castelo_vide-e1611669275485.jpg","datePublished":"2020-07-09T11:54:00+00:00","dateModified":"2021-08-11T14:33:54+00:00","description":"As aldeias com as suas casas t\u00e9rreas caiadas de branco s\u00e3o uma paisagem pitoresca no Alentejo.","breadcrumb":{"@id":"https:\/\/legendatours.com\/product\/evora-and-portalegre-golden-alentejo-12400g\/#breadcrumb"},"inLanguage":"pt-PT","potentialAction":[{"@type":"ReadAction","target":["https:\/\/legendatours.com\/product\/evora-and-portalegre-golden-alentejo-12400g\/"]}]},{"@type":"ImageObject","inLanguage":"pt-PT","@id":"https:\/\/legendatours.com\/product\/evora-and-portalegre-golden-alentejo-12400g\/#primaryimage","url":"https:\/\/legendatours.com\/wp-content\/uploads\/sites\/12\/2021\/04\/castelo_vide-e1611669275485.jpg","contentUrl":"https:\/\/legendatours.com\/wp-content\/uploads\/sites\/12\/2021\/04\/castelo_vide-e1611669275485.jpg","width":1024,"height":683,"caption":"A beautiful archway in lustrous Castelo de Vide"},{"@type":"BreadcrumbList","@id":"https:\/\/legendatours.com\/product\/evora-and-portalegre-golden-alentejo-12400g\/#breadcrumb","itemListElement":[{"@type":"ListItem","position":1,"name":"Home","item":"https:\/\/legendatours.com\/"},{"@type":"ListItem","position":2,"name":"Shop","item":"https:\/\/legendatours.com\/sv\/?page_id=4"},{"@type":"ListItem","position":3,"name":"\u00c9vora &amp; Portalegre: Golden Alentejo Walking Holidays"}]},{"@type":"WebSite","@id":"https:\/\/legendatours.com\/#website","url":"https:\/\/legendatours.com\/","name":"Legendary Adventure DMC Portugal","description":"Caminhadas e F\u00e9rias na Natureza Respons\u00e1veis em Portugal","publisher":{"@id":"https:\/\/legendatours.com\/#organization"},"alternateName":"Legendary Adventure Portugal","potentialAction":[{"@type":"SearchAction","target":{"@type":"EntryPoint","urlTemplate":"https:\/\/legendatours.com\/?s={search_term_string}"},"query-input":{"@type":"PropertyValueSpecification","valueRequired":true,"valueName":"search_term_string"}}],"inLanguage":"pt-PT"},{"@type":"Organization","@id":"https:\/\/legendatours.com\/#organization","name":"legendatours.com","url":"https:\/\/legendatours.com\/","logo":{"@type":"ImageObject","inLanguage":"pt-PT","@id":"https:\/\/legendatours.com\/#\/schema\/logo\/image\/","url":"https:\/\/legendatours.com\/wp-content\/uploads\/sites\/12\/2021\/06\/legendary_adventure_dmc.png","contentUrl":"https:\/\/legendatours.com\/wp-content\/uploads\/sites\/12\/2021\/06\/legendary_adventure_dmc.png","width":250,"height":74,"caption":"legendatours.com"},"image":{"@id":"https:\/\/legendatours.com\/#\/schema\/logo\/image\/"},"sameAs":["https:\/\/www.facebook.com\/legendaryadventuredmc\/","https:\/\/www.linkedin.com\/company\/legendary-adventure-dmc-portugal","https:\/\/www.youtube.com\/channel\/UCOIRDx_KM6ynIcacQkZjb6g"]}]}},"_links":{"self":[{"href":"https:\/\/legendatours.com\/pt\/wp-json\/wp\/v2\/product\/7734","targetHints":{"allow":["GET"]}}],"collection":[{"href":"https:\/\/legendatours.com\/pt\/wp-json\/wp\/v2\/product"}],"about":[{"href":"https:\/\/legendatours.com\/pt\/wp-json\/wp\/v2\/types\/product"}],"replies":[{"embeddable":true,"href":"https:\/\/legendatours.com\/pt\/wp-json\/wp\/v2\/comments?post=7734"}],"wp:featuredmedia":[{"embeddable":true,"href":"https:\/\/legendatours.com\/pt\/wp-json\/wp\/v2\/media\/7728"}],"wp:attachment":[{"href":"https:\/\/legendatours.com\/pt\/wp-json\/wp\/v2\/media?parent=7734"}],"wp:term":[{"taxonomy":"product_brand","embeddable":true,"href":"https:\/\/legendatours.com\/pt\/wp-json\/wp\/v2\/product_brand?post=7734"},{"taxonomy":"product_cat","embeddable":true,"href":"https:\/\/legendatours.com\/pt\/wp-json\/wp\/v2\/product_cat?post=7734"},{"taxonomy":"product_tag","embeddable":true,"href":"https:\/\/legendatours.com\/pt\/wp-json\/wp\/v2\/product_tag?post=7734"}],"curies":[{"name":"wp","href":"https:\/\/api.w.org\/{rel}","templated":true}]}}