{"id":7794,"date":"2020-07-08T10:12:48","date_gmt":"2020-07-08T10:12:48","guid":{"rendered":"https:\/\/legendatours.com\/product\/gastronomy-cultural-walking-tour-in-alentejo-portugal\/"},"modified":"2021-08-11T15:38:56","modified_gmt":"2021-08-11T15:38:56","slug":"gastronomy-cultural-tour-in-alentejo-11700g","status":"publish","type":"product","link":"https:\/\/legendatours.com\/pt\/produto\/gastronomy-cultural-tour-in-alentejo-11700g\/","title":{"rendered":"Passeio Gastron\u00f3mico e Cultural a P\u00e9 no Alentejo Portugal"},"content":{"rendered":"<p><strong>Aceita grupos com no m\u00ednimo 6 pax.<\/strong><\/p>\n<p>&nbsp;<\/p>\n<p>Estas f\u00e9rias t\u00eam como base a maravilhosa regi\u00e3o do Alentejo onde a boa comida e os bons vinhos s\u00e3o reis. Umas f\u00e9rias de gastronomia e degusta\u00e7\u00e3o com um diferencial.<\/p>\n<p>O Alentejo h\u00e1 muito que \u00e9 considerado o cora\u00e7\u00e3o culin\u00e1rio de Portugal, onde alguns dos pratos tradicionais evolu\u00edram para a alta arte culin\u00e1ria com a utiliza\u00e7\u00e3o de produtos locais frescos e as ervas arom\u00e1ticas que crescem na \u00e1rea. A regi\u00e3o tamb\u00e9m \u00e9 conhecida por alguns dos melhores vinhos.<\/p>\n<p>Imagine misturar seu pr\u00f3prio vinho usando algumas das melhores variedades do pa\u00eds e, em seguida, desfrutar de sua pr\u00f3pria mistura com alguns dos melhores queijos locais.<\/p>\n<div id=\"attachment_2814\" style=\"width: 1034px\" class=\"wp-caption alignnone\"><img loading=\"lazy\" decoding=\"async\" aria-describedby=\"caption-attachment-2814\" class=\"wp-image-2814 size-large\" src=\"https:\/\/legendatours.net\/wp-content\/uploads\/2020\/07\/alentejo-1024x683.jpg\" alt=\"Alentejo landscape\" width=\"1024\" height=\"683\" \/><p id=\"caption-attachment-2814\" class=\"wp-caption-text\">Paisagem alentejana de portugal<\/p><\/div>\n<p>No final da semana, temos a oportunidade de aprender e participar na cria\u00e7\u00e3o das nossas pr\u00f3prias refei\u00e7\u00f5es com especialidades regionais sob a tutela de grandes chefs.<\/p>\n<p>Os nossos dois centros, Estremoz e \u00c9vora, est\u00e3o carregados de hist\u00f3ria, s\u00e3o ambas vilas muradas por onde serpenteiam ruas estreitas de car\u00e1cter que nos conduzem a monumentos fant\u00e1sticos, tanto que a pr\u00f3pria \u00c9vora foi reconhecida como Patrim\u00f3nio Mundial.<\/p>\n<p>A nossa estadia ir\u00e1 levar-nos a aldeias antigas ic\u00f3nicas, visitando o artesanato tradicional da regi\u00e3o, apreciando a paisagem sombria habitada e cuidada desde os tempos pr\u00e9-hist\u00f3ricos.<\/p>\n<div id=\"attachment_2821\" style=\"width: 1034px\" class=\"wp-caption alignnone\"><img loading=\"lazy\" decoding=\"async\" aria-describedby=\"caption-attachment-2821\" class=\"wp-image-2821 size-large\" title=\"Bas\u00edlica S\u00e9 de Nossa Senhora da Assun\u00e7\u00e3o \u00c9vora\" src=\"https:\/\/legendatours.net\/wp-content\/uploads\/2020\/07\/evora_cathedral-1024x598.jpg\" alt=\"Evora Cathedral, the biggest Medieval cathedral in Portugal\" width=\"1024\" height=\"598\" \/><p id=\"caption-attachment-2821\" class=\"wp-caption-text\">Bas\u00edlica S\u00e9 de Nossa Senhora da Assun\u00e7\u00e3o \u00c9vora<\/p><\/div>\n<p>Iniciamos o nosso passeio em Estremoz, vila hist\u00f3rica dominada pelo seu castelo medieval do s\u00e9culo XIII dentro das suas antigas fortifica\u00e7\u00f5es.<\/p>\n<p>Seguimos para a cidade murada de \u00c9vora, uma das vilas medievais mais bem preservadas de Portugal, classificada como Patrim\u00f3nio Mundial pela UNESCO. \u00c9vora \u00e9 uma cidade com um passado glorioso e um presente jovem e vibrante ajudado por uma grande popula\u00e7\u00e3o de estudantes que frequentam uma das universidades mais antigas do mundo.<\/p>\n<p>Os alentejanos orgulham-se do seu patrim\u00f3nio e preservam os edif\u00edcios antigos e tamb\u00e9m os costumes ancestrais.<\/p>\n<p>Venha desfrutar desta experi\u00eancia gastron\u00f3mica \u00fanica connosco.<\/p>","protected":false},"excerpt":{"rendered":"<p>Estas f\u00e9rias t\u00eam como base a maravilhosa regi\u00e3o do Alentejo onde a boa comida e os bons vinhos s\u00e3o reis. Umas f\u00e9rias de gastronomia e degusta\u00e7\u00e3o com um diferencial.<\/p>\n<p>O Alentejo h\u00e1 muito que \u00e9 considerado o cora\u00e7\u00e3o culin\u00e1rio de Portugal, onde alguns dos pratos tradicionais evolu\u00edram para a alta arte culin\u00e1ria com a utiliza\u00e7\u00e3o de produtos locais frescos e as ervas arom\u00e1ticas que crescem na \u00e1rea. A regi\u00e3o tamb\u00e9m \u00e9 conhecida por alguns dos melhores vinhos.<\/p>","protected":false},"featured_media":7783,"comment_status":"closed","ping_status":"closed","template":"","meta":{"_acf_changed":false,"inline_featured_image":false},"product_brand":[],"product_cat":[32,611,28,29,30,31],"product_tag":[210,211,73,612,402,78,36,214,41,565,215,216,338,1015,130,46,613,89,219,55,352,566,222,614,407,141,208,420,615,409,360,361,410],"class_list":{"0":"post-7794","1":"product","2":"type-product","3":"status-publish","4":"has-post-thumbnail","6":"product_cat-cultural-tours-and-holidays-in-portugal","7":"product_cat-portugal-gastronomy-and-wines-guided-holidays","8":"product_cat-guided-group-tours","9":"product_cat-portugal-guided-historical-holidays","10":"product_cat-guided-sightseeing-holidays-portugal","11":"product_cat-guided-walking-holidays-in-portugal","12":"product_tag-alentejo","13":"product_tag-alentejo-landscape","14":"product_tag-alentejo-walking","15":"product_tag-alqueva","16":"product_tag-amazing-walking","17":"product_tag-beautiful-landscapes","18":"product_tag-cultural-heritage","19":"product_tag-culture","20":"product_tag-escorted-tour","21":"product_tag-estremoz-walking","22":"product_tag-evora","23":"product_tag-evora-walking","24":"product_tag-food-and-wines-are-tasty","25":"product_tag-food-wine-tours","26":"product_tag-gastronomy","27":"product_tag-gastronomy-and-wines","28":"product_tag-gastronomy-holidays","29":"product_tag-guided-group-tour","30":"product_tag-inland-alentejo","31":"product_tag-local-gastronomy","32":"product_tag-local-wines","33":"product_tag-medieval-villages","34":"product_tag-monsaraz","35":"product_tag-pinturesque-landscape","36":"product_tag-portugal-perfect-walking-holiday","37":"product_tag-portuguese-gastronomy","38":"product_tag-traditional-villages","39":"product_tag-typical-villages","40":"product_tag-village","41":"product_tag-vineyards-and-terraces","42":"product_tag-wine-lovers","43":"product_tag-wine-tasting","44":"product_tag-worlds-best-wines","46":"first","47":"instock","48":"virtual","49":"product-type-simple"},"acf":[],"yoast_head":"<!-- This site is optimized with the Yoast SEO Premium plugin v26.8 (Yoast SEO v27.4) - https:\/\/yoast.com\/product\/yoast-seo-premium-wordpress\/ -->\n<title>Gastronomy &amp; Cultural Walking Tour in Alentejo Portugal - Legendary Adventure DMC Portugal<\/title>\n<meta name=\"robots\" content=\"index, follow, max-snippet:-1, max-image-preview:large, max-video-preview:-1\" \/>\n<link rel=\"canonical\" href=\"https:\/\/legendatours.com\/pt\/produto\/gastronomy-cultural-tour-in-alentejo-11700g\/\" \/>\n<meta property=\"og:locale\" content=\"pt_PT\" \/>\n<meta property=\"og:type\" content=\"article\" \/>\n<meta property=\"og:title\" content=\"Gastronomy &amp; Cultural Walking Tour in Alentejo Portugal\" \/>\n<meta property=\"og:description\" content=\"This holiday is based in the wonderful region of Alentejo where great food and wines are kings. A holiday of gastronomy and degustation with a difference.  The Alentejo has long been regarded as the culinary heart of Portugal where some of the traditional dishes have evolved into high culinary art with the use of fresh local produce and the fragrant herbs growing in the area. The region is also known for some of the finest wines.\" \/>\n<meta property=\"og:url\" content=\"https:\/\/legendatours.com\/pt\/produto\/gastronomy-cultural-tour-in-alentejo-11700g\/\" \/>\n<meta property=\"og:site_name\" content=\"Legendary Adventure DMC Portugal\" \/>\n<meta property=\"article:publisher\" content=\"https:\/\/www.facebook.com\/legendaryadventuredmc\/\" \/>\n<meta property=\"article:modified_time\" content=\"2021-08-11T15:38:56+00:00\" \/>\n<meta property=\"og:image\" content=\"https:\/\/legendatours.com\/wp-content\/uploads\/sites\/12\/2021\/04\/gastronomy_wines-e1611671707531.jpg\" \/>\n\t<meta property=\"og:image:width\" content=\"1024\" \/>\n\t<meta property=\"og:image:height\" content=\"709\" \/>\n\t<meta property=\"og:image:type\" content=\"image\/jpeg\" \/>\n<meta name=\"twitter:card\" content=\"summary_large_image\" \/>\n<meta name=\"twitter:label1\" content=\"Tempo estimado de leitura\" \/>\n\t<meta name=\"twitter:data1\" content=\"2 minutos\" \/>\n<script type=\"application\/ld+json\" class=\"yoast-schema-graph\">{\"@context\":\"https:\\\/\\\/schema.org\",\"@graph\":[{\"@type\":\"WebPage\",\"@id\":\"https:\\\/\\\/legendatours.com\\\/product\\\/gastronomy-cultural-tour-in-alentejo-11700g\\\/\",\"url\":\"https:\\\/\\\/legendatours.com\\\/product\\\/gastronomy-cultural-tour-in-alentejo-11700g\\\/\",\"name\":\"Gastronomy &amp; Cultural Walking Tour in Alentejo Portugal - Legendary Adventure DMC Portugal\",\"isPartOf\":{\"@id\":\"https:\\\/\\\/legendatours.com\\\/#website\"},\"primaryImageOfPage\":{\"@id\":\"https:\\\/\\\/legendatours.com\\\/product\\\/gastronomy-cultural-tour-in-alentejo-11700g\\\/#primaryimage\"},\"image\":{\"@id\":\"https:\\\/\\\/legendatours.com\\\/product\\\/gastronomy-cultural-tour-in-alentejo-11700g\\\/#primaryimage\"},\"thumbnailUrl\":\"https:\\\/\\\/legendatours.com\\\/wp-content\\\/uploads\\\/sites\\\/12\\\/2021\\\/04\\\/gastronomy_wines-e1611671707531.jpg\",\"datePublished\":\"2020-07-08T10:12:48+00:00\",\"dateModified\":\"2021-08-11T15:38:56+00:00\",\"breadcrumb\":{\"@id\":\"https:\\\/\\\/legendatours.com\\\/product\\\/gastronomy-cultural-tour-in-alentejo-11700g\\\/#breadcrumb\"},\"inLanguage\":\"pt-PT\",\"potentialAction\":[{\"@type\":\"ReadAction\",\"target\":[\"https:\\\/\\\/legendatours.com\\\/product\\\/gastronomy-cultural-tour-in-alentejo-11700g\\\/\"]}]},{\"@type\":\"ImageObject\",\"inLanguage\":\"pt-PT\",\"@id\":\"https:\\\/\\\/legendatours.com\\\/product\\\/gastronomy-cultural-tour-in-alentejo-11700g\\\/#primaryimage\",\"url\":\"https:\\\/\\\/legendatours.com\\\/wp-content\\\/uploads\\\/sites\\\/12\\\/2021\\\/04\\\/gastronomy_wines-e1611671707531.jpg\",\"contentUrl\":\"https:\\\/\\\/legendatours.com\\\/wp-content\\\/uploads\\\/sites\\\/12\\\/2021\\\/04\\\/gastronomy_wines-e1611671707531.jpg\",\"width\":1024,\"height\":709,\"caption\":\"Alentejo gastronomy\"},{\"@type\":\"BreadcrumbList\",\"@id\":\"https:\\\/\\\/legendatours.com\\\/product\\\/gastronomy-cultural-tour-in-alentejo-11700g\\\/#breadcrumb\",\"itemListElement\":[{\"@type\":\"ListItem\",\"position\":1,\"name\":\"Home\",\"item\":\"https:\\\/\\\/legendatours.com\\\/\"},{\"@type\":\"ListItem\",\"position\":2,\"name\":\"Shop\",\"item\":\"https:\\\/\\\/legendatours.com\\\/sv\\\/?page_id=4\"},{\"@type\":\"ListItem\",\"position\":3,\"name\":\"Gastronomy &amp; Cultural Walking Tour in Alentejo Portugal\"}]},{\"@type\":\"WebSite\",\"@id\":\"https:\\\/\\\/legendatours.com\\\/#website\",\"url\":\"https:\\\/\\\/legendatours.com\\\/\",\"name\":\"Legendary Adventure DMC Portugal\",\"description\":\"Responsible Walking &amp; Nature Holidays in Portugal\",\"publisher\":{\"@id\":\"https:\\\/\\\/legendatours.com\\\/#organization\"},\"alternateName\":\"Legendary Adventure Portugal\",\"potentialAction\":[{\"@type\":\"SearchAction\",\"target\":{\"@type\":\"EntryPoint\",\"urlTemplate\":\"https:\\\/\\\/legendatours.com\\\/?s={search_term_string}\"},\"query-input\":{\"@type\":\"PropertyValueSpecification\",\"valueRequired\":true,\"valueName\":\"search_term_string\"}}],\"inLanguage\":\"pt-PT\"},{\"@type\":\"Organization\",\"@id\":\"https:\\\/\\\/legendatours.com\\\/#organization\",\"name\":\"legendatours.com\",\"url\":\"https:\\\/\\\/legendatours.com\\\/\",\"logo\":{\"@type\":\"ImageObject\",\"inLanguage\":\"pt-PT\",\"@id\":\"https:\\\/\\\/legendatours.com\\\/#\\\/schema\\\/logo\\\/image\\\/\",\"url\":\"https:\\\/\\\/legendatours.com\\\/wp-content\\\/uploads\\\/sites\\\/12\\\/2021\\\/06\\\/legendary_adventure_dmc.png\",\"contentUrl\":\"https:\\\/\\\/legendatours.com\\\/wp-content\\\/uploads\\\/sites\\\/12\\\/2021\\\/06\\\/legendary_adventure_dmc.png\",\"width\":250,\"height\":74,\"caption\":\"legendatours.com\"},\"image\":{\"@id\":\"https:\\\/\\\/legendatours.com\\\/#\\\/schema\\\/logo\\\/image\\\/\"},\"sameAs\":[\"https:\\\/\\\/www.facebook.com\\\/legendaryadventuredmc\\\/\",\"https:\\\/\\\/www.linkedin.com\\\/company\\\/legendary-adventure-dmc-portugal\",\"https:\\\/\\\/www.youtube.com\\\/channel\\\/UCOIRDx_KM6ynIcacQkZjb6g\"]}]}<\/script>\n<!-- \/ Yoast SEO Premium plugin. -->","yoast_head_json":{"title":"Passeio Gastron\u00f3mico e Cultural no Alentejo Portugal - Legendary Adventure DMC Portugal","robots":{"index":"index","follow":"follow","max-snippet":"max-snippet:-1","max-image-preview":"max-image-preview:large","max-video-preview":"max-video-preview:-1"},"canonical":"https:\/\/legendatours.com\/pt\/produto\/gastronomy-cultural-tour-in-alentejo-11700g\/","og_locale":"pt_PT","og_type":"article","og_title":"Gastronomy &amp; Cultural Walking Tour in Alentejo Portugal","og_description":"This holiday is based in the wonderful region of Alentejo where great food and wines are kings. A holiday of gastronomy and degustation with a difference.  The Alentejo has long been regarded as the culinary heart of Portugal where some of the traditional dishes have evolved into high culinary art with the use of fresh local produce and the fragrant herbs growing in the area. The region is also known for some of the finest wines.","og_url":"https:\/\/legendatours.com\/pt\/produto\/gastronomy-cultural-tour-in-alentejo-11700g\/","og_site_name":"Legendary Adventure DMC Portugal","article_publisher":"https:\/\/www.facebook.com\/legendaryadventuredmc\/","article_modified_time":"2021-08-11T15:38:56+00:00","og_image":[{"width":1024,"height":709,"url":"https:\/\/legendatours.com\/wp-content\/uploads\/sites\/12\/2021\/04\/gastronomy_wines-e1611671707531.jpg","type":"image\/jpeg"}],"twitter_card":"summary_large_image","twitter_misc":{"Tempo estimado de leitura":"2 minutos"},"schema":{"@context":"https:\/\/schema.org","@graph":[{"@type":"WebPage","@id":"https:\/\/legendatours.com\/product\/gastronomy-cultural-tour-in-alentejo-11700g\/","url":"https:\/\/legendatours.com\/product\/gastronomy-cultural-tour-in-alentejo-11700g\/","name":"Passeio Gastron\u00f3mico e Cultural no Alentejo Portugal - Legendary Adventure DMC Portugal","isPartOf":{"@id":"https:\/\/legendatours.com\/#website"},"primaryImageOfPage":{"@id":"https:\/\/legendatours.com\/product\/gastronomy-cultural-tour-in-alentejo-11700g\/#primaryimage"},"image":{"@id":"https:\/\/legendatours.com\/product\/gastronomy-cultural-tour-in-alentejo-11700g\/#primaryimage"},"thumbnailUrl":"https:\/\/legendatours.com\/wp-content\/uploads\/sites\/12\/2021\/04\/gastronomy_wines-e1611671707531.jpg","datePublished":"2020-07-08T10:12:48+00:00","dateModified":"2021-08-11T15:38:56+00:00","breadcrumb":{"@id":"https:\/\/legendatours.com\/product\/gastronomy-cultural-tour-in-alentejo-11700g\/#breadcrumb"},"inLanguage":"pt-PT","potentialAction":[{"@type":"ReadAction","target":["https:\/\/legendatours.com\/product\/gastronomy-cultural-tour-in-alentejo-11700g\/"]}]},{"@type":"ImageObject","inLanguage":"pt-PT","@id":"https:\/\/legendatours.com\/product\/gastronomy-cultural-tour-in-alentejo-11700g\/#primaryimage","url":"https:\/\/legendatours.com\/wp-content\/uploads\/sites\/12\/2021\/04\/gastronomy_wines-e1611671707531.jpg","contentUrl":"https:\/\/legendatours.com\/wp-content\/uploads\/sites\/12\/2021\/04\/gastronomy_wines-e1611671707531.jpg","width":1024,"height":709,"caption":"Alentejo gastronomy"},{"@type":"BreadcrumbList","@id":"https:\/\/legendatours.com\/product\/gastronomy-cultural-tour-in-alentejo-11700g\/#breadcrumb","itemListElement":[{"@type":"ListItem","position":1,"name":"Home","item":"https:\/\/legendatours.com\/"},{"@type":"ListItem","position":2,"name":"Shop","item":"https:\/\/legendatours.com\/sv\/?page_id=4"},{"@type":"ListItem","position":3,"name":"Gastronomy &amp; Cultural Walking Tour in Alentejo Portugal"}]},{"@type":"WebSite","@id":"https:\/\/legendatours.com\/#website","url":"https:\/\/legendatours.com\/","name":"Legendary Adventure DMC Portugal","description":"Caminhadas e F\u00e9rias na Natureza Respons\u00e1veis em Portugal","publisher":{"@id":"https:\/\/legendatours.com\/#organization"},"alternateName":"Legendary Adventure Portugal","potentialAction":[{"@type":"SearchAction","target":{"@type":"EntryPoint","urlTemplate":"https:\/\/legendatours.com\/?s={search_term_string}"},"query-input":{"@type":"PropertyValueSpecification","valueRequired":true,"valueName":"search_term_string"}}],"inLanguage":"pt-PT"},{"@type":"Organization","@id":"https:\/\/legendatours.com\/#organization","name":"legendatours.com","url":"https:\/\/legendatours.com\/","logo":{"@type":"ImageObject","inLanguage":"pt-PT","@id":"https:\/\/legendatours.com\/#\/schema\/logo\/image\/","url":"https:\/\/legendatours.com\/wp-content\/uploads\/sites\/12\/2021\/06\/legendary_adventure_dmc.png","contentUrl":"https:\/\/legendatours.com\/wp-content\/uploads\/sites\/12\/2021\/06\/legendary_adventure_dmc.png","width":250,"height":74,"caption":"legendatours.com"},"image":{"@id":"https:\/\/legendatours.com\/#\/schema\/logo\/image\/"},"sameAs":["https:\/\/www.facebook.com\/legendaryadventuredmc\/","https:\/\/www.linkedin.com\/company\/legendary-adventure-dmc-portugal","https:\/\/www.youtube.com\/channel\/UCOIRDx_KM6ynIcacQkZjb6g"]}]}},"_links":{"self":[{"href":"https:\/\/legendatours.com\/pt\/wp-json\/wp\/v2\/product\/7794","targetHints":{"allow":["GET"]}}],"collection":[{"href":"https:\/\/legendatours.com\/pt\/wp-json\/wp\/v2\/product"}],"about":[{"href":"https:\/\/legendatours.com\/pt\/wp-json\/wp\/v2\/types\/product"}],"replies":[{"embeddable":true,"href":"https:\/\/legendatours.com\/pt\/wp-json\/wp\/v2\/comments?post=7794"}],"wp:featuredmedia":[{"embeddable":true,"href":"https:\/\/legendatours.com\/pt\/wp-json\/wp\/v2\/media\/7783"}],"wp:attachment":[{"href":"https:\/\/legendatours.com\/pt\/wp-json\/wp\/v2\/media?parent=7794"}],"wp:term":[{"taxonomy":"product_brand","embeddable":true,"href":"https:\/\/legendatours.com\/pt\/wp-json\/wp\/v2\/product_brand?post=7794"},{"taxonomy":"product_cat","embeddable":true,"href":"https:\/\/legendatours.com\/pt\/wp-json\/wp\/v2\/product_cat?post=7794"},{"taxonomy":"product_tag","embeddable":true,"href":"https:\/\/legendatours.com\/pt\/wp-json\/wp\/v2\/product_tag?post=7794"}],"curies":[{"name":"wp","href":"https:\/\/api.w.org\/{rel}","templated":true}]}}