{"id":7849,"date":"2020-07-06T15:13:00","date_gmt":"2020-07-06T15:13:00","guid":{"rendered":"https:\/\/legendatours.com\/product\/holidays-in-carvoeiro-discover-the-west-algarve-walking-trails\/"},"modified":"2025-08-26T13:32:31","modified_gmt":"2025-08-26T13:32:31","slug":"carvoeiro-enchanted-algarve-coast-11002g","status":"publish","type":"product","link":"https:\/\/legendatours.com\/pt\/produto\/carvoeiro-enchanted-algarve-coast-11002g\/","title":{"rendered":"F\u00e9rias no Carvoeiro: Descubra os Percursos Pedestres do Oeste do Algarve"},"content":{"rendered":"<p><strong>Aceita grupos com no m\u00ednimo 6 pax.<\/strong><\/p>\n<p>&nbsp;<\/p>\n<p>Este \u00e9 um passeio a p\u00e9 para quem gosta de explorar e se surpreender! Caminharemos por entre a vegeta\u00e7\u00e3o luxuriante de bosques do Barlavento Algarvio, no topo de magn\u00edficas fal\u00e9sias com um pano de fundo de azul oceano e sempre em locais incr\u00edveis e cheios de vida selvagem!<\/p>\n<p>Carvoeiro, o nosso centro para esta semana, foi no passado uma pequena vila piscat\u00f3ria. Hoje em dia prospera com os visitantes que procuram bons frutos do mar, \u00e1guas azuis e quentes e fotografias fabulosas de suas magn\u00edficas paisagens!<\/p>\n<div id=\"attachment_2623\" style=\"width: 1034px\" class=\"wp-caption alignnone\"><img loading=\"lazy\" decoding=\"async\" aria-describedby=\"caption-attachment-2623\" class=\"wp-image-2623 size-large\" title=\"Caminhada pelos Sete Vales Suspensos\" src=\"https:\/\/legendatours.net\/wp-content\/uploads\/2020\/06\/seven_hanging_valleys-1024x765.jpg\" alt=\"Seven Hanging Valleys Walk\" width=\"1024\" height=\"765\" \/><p id=\"caption-attachment-2623\" class=\"wp-caption-text\">Seven Hanging Valleys Walk, \u00e9 uma trilha costeira c\u00eanica no Algarve, Portugal<\/p><\/div>\n<p>Para esta semana de caminhada, selecion\u00e1mos um misto de caminhadas por paisagens costeiras, montanhosas e interiores que nos v\u00e3o apresentar diferentes facetas desta bela zona e da sua diversidade paisag\u00edstica.<\/p>\n<p>Desde as sec\u00e7\u00f5es \u201ccl\u00e1ssicas\u201d da costa algarvia com as suas praias arenosas perfeitas e promont\u00f3rios acidentados de Portim\u00e3o \u00e0s esplendorosas cidades antigas como Silves e Lagos, os passeios neste passeio levam-nos a todos os locais certos para que possamos descobrir o enorme acolhimento cora\u00e7\u00e3o do Algarve.<\/p>\n<p>A nossa oferta variada vai desde as colinas verdejantes em redor da pequena vila de Monchique, onde temos belas vistas sobre as encostas circundantes, at\u00e9 \u00e0s pequenas aldeias locais onde a vida profissional continua como h\u00e1 s\u00e9culos. Por aqui, a alfarroba e a azeitona s\u00e3o cultivadas em quintas e pequenas propriedades, juntamente com laranjas e outros citrinos, rom\u00e3s, am\u00eandoas e uma abund\u00e2ncia de outros produtos.<\/p>\n<div id=\"attachment_1861\" style=\"width: 1034px\" class=\"wp-caption alignnone\"><img loading=\"lazy\" decoding=\"async\" aria-describedby=\"caption-attachment-1861\" class=\"wp-image-1861 size-large\" title=\"Vistas dram\u00e1ticas das fal\u00e9sias do Oeste do Algarve\" src=\"https:\/\/legendatours.net\/wp-content\/uploads\/2020\/03\/Sagres_dramatic_views_cliffs-1024x686.jpg\" alt=\"Dramatic Views from West Algarve cliffs\" width=\"1024\" height=\"686\" \/><p id=\"caption-attachment-1861\" class=\"wp-caption-text\">Vistas dram\u00e1ticas das fal\u00e9sias do Oeste do Algarve<\/p><\/div>\n<p>A nossa procura pelas joias escondidas do Barlavento Algarvio continua \u00e0 medida que chegamos a Sagres na orla do Parque Natural da Costa Vicentina, o ponto mais a sudoeste da Europa onde existe a possibilidade de apreciar e certamente ver a abundante avifauna de um das rotas migrat\u00f3rias mais importantes da primavera e do outono.<\/p>\n<p>&nbsp;<\/p>\n<div class=\"row\" style=\"display: flex;\">\n<div class=\"column\" style=\"flex: 45%;\">\n<p><iframe loading=\"lazy\" title=\"Praia do Carvoeiro - Antena de Algar seco - Lagoa - Algarve - 4K Ultra HD\" width=\"1080\" height=\"608\" src=\"https:\/\/www.youtube.com\/embed\/0DDYlUwcxbM?feature=oembed\" frameborder=\"0\" allow=\"accelerometer; autoplay; clipboard-write; encrypted-media; gyroscope; picture-in-picture; web-share\" referrerpolicy=\"strict-origin-when-cross-origin\" allowfullscreen><\/iframe><\/p>\n<\/div>\n<div class=\"column\" style=\"flex: 10%;\"><\/div>\n<div class=\"column\" style=\"flex: 45%;\">\n<p><iframe loading=\"lazy\" title=\"Carvoeiro, Algarve Portugal HD\" width=\"1080\" height=\"608\" src=\"https:\/\/www.youtube.com\/embed\/hW0ngdLXx54?feature=oembed\" frameborder=\"0\" allow=\"accelerometer; autoplay; clipboard-write; encrypted-media; gyroscope; picture-in-picture; web-share\" referrerpolicy=\"strict-origin-when-cross-origin\" allowfullscreen><\/iframe><\/p>\n<\/div>\n<\/div>","protected":false},"excerpt":{"rendered":"<p>&#039;Descubra os trilhos do Barlavento Algarvio&#039; \u00e9 um passeio guiado de 8 dias, com base no Carvoeiro.<\/p>\n<p>Este \u00e9 um passeio a p\u00e9 para quem gosta de explorar e se surpreender! Caminharemos entre a vegeta\u00e7\u00e3o luxuriante do oeste algarvio, no topo de magn\u00edficas fal\u00e9sias com um pano de fundo de azul marinho e sempre em locais incr\u00edveis e cheios de vida selvagem!<\/p>","protected":false},"featured_media":7846,"comment_status":"closed","ping_status":"closed","template":"","meta":{"_acf_changed":false,"inline_featured_image":false},"product_brand":[],"product_cat":[32,28,29,30,31],"product_tag":[147,646,631,647,648,632,633,402,634,649,636,85,130,90,91,637,270,638,609,650,639,1144,640,60,641,651,642,652,643,343,644,68,111,121,630,112,122,645,145],"class_list":{"0":"post-7849","1":"product","2":"type-product","3":"status-publish","4":"has-post-thumbnail","6":"product_cat-cultural-tours-and-holidays-in-portugal","7":"product_cat-guided-group-tours","8":"product_cat-portugal-guided-historical-holidays","9":"product_cat-guided-sightseeing-holidays-portugal","10":"product_cat-guided-walking-holidays-in-portugal","11":"product_tag-algarve","12":"product_tag-algarve-coast","13":"product_tag-algarve-rock-formations","14":"product_tag-algarve-secluded-beaches","15":"product_tag-algarve-spectacular-coastline","16":"product_tag-algarve-way","17":"product_tag-alvor","18":"product_tag-amazing-walking","19":"product_tag-cabo-de-s-vicente","20":"product_tag-carvoeiro","21":"product_tag-costa-vicentina","22":"product_tag-dramatic-cliffs","23":"product_tag-gastronomy","24":"product_tag-guided-walking-holidays","25":"product_tag-guided-walking-tours","26":"product_tag-impressive-cliffs","27":"product_tag-lagos","28":"product_tag-monchique","29":"product_tag-perfect-walking-holiday","30":"product_tag-picture-card","31":"product_tag-ponta-da-piedade","32":"product_tag-porti","33":"product_tag-portimao","34":"product_tag-portugal","35":"product_tag-praia-da-rocha","36":"product_tag-rocky-coastlines","37":"product_tag-sagres","38":"product_tag-senhora-da-rocha","39":"product_tag-seven-hanging-valleys-trail","40":"product_tag-silves","41":"product_tag-spectacular-cliffs","42":"product_tag-tours-in-portugal","43":"product_tag-vicentina-route","44":"product_tag-walking","45":"product_tag-walking-and-exploring","46":"product_tag-walking-holidays","47":"product_tag-walking-tours","48":"product_tag-west-algarve","49":"product_tag-wines","51":"first","52":"instock","53":"virtual","54":"product-type-simple"},"acf":[],"yoast_head":"<!-- This site is optimized with the Yoast SEO Premium plugin v26.8 (Yoast SEO v27.4) - https:\/\/yoast.com\/product\/yoast-seo-premium-wordpress\/ -->\n<title>Holidays in Carvoeiro: Discover the West Algarve Walking Trails - Legendary Adventure DMC Portugal<\/title>\n<meta name=\"robots\" content=\"index, follow, max-snippet:-1, max-image-preview:large, max-video-preview:-1\" \/>\n<link rel=\"canonical\" href=\"https:\/\/legendatours.com\/pt\/produto\/carvoeiro-enchanted-algarve-coast-11002g\/\" \/>\n<meta property=\"og:locale\" content=\"pt_PT\" \/>\n<meta property=\"og:type\" content=\"article\" \/>\n<meta property=\"og:title\" content=\"Holidays in Carvoeiro: Discover the West Algarve Walking Trails\" \/>\n<meta property=\"og:description\" content=\"&#039;Discover the West Algarve trails&#039; is an 8 day guided walking tour, based in Carvoeiro.  This is a walking tour for those who love to explore and be surprised! We\u00b4ll walk among the west Algarve\u2019s lush greenery of woodlands, on top of magnificent cliffs against a backdrop of ocean blue and always in amazing locations full of wildlife!\" \/>\n<meta property=\"og:url\" content=\"https:\/\/legendatours.com\/pt\/produto\/carvoeiro-enchanted-algarve-coast-11002g\/\" \/>\n<meta property=\"og:site_name\" content=\"Legendary Adventure DMC Portugal\" \/>\n<meta property=\"article:publisher\" content=\"https:\/\/www.facebook.com\/legendaryadventuredmc\/\" \/>\n<meta property=\"article:modified_time\" content=\"2025-08-26T13:32:31+00:00\" \/>\n<meta property=\"og:image\" content=\"https:\/\/legendatours.com\/wp-content\/uploads\/sites\/12\/2021\/04\/Walking-Carvoeiro-e1611668603179.jpg\" \/>\n\t<meta property=\"og:image:width\" content=\"1024\" \/>\n\t<meta property=\"og:image:height\" content=\"576\" \/>\n\t<meta property=\"og:image:type\" content=\"image\/jpeg\" \/>\n<meta name=\"twitter:card\" content=\"summary_large_image\" \/>\n<meta name=\"twitter:label1\" content=\"Tempo estimado de leitura\" \/>\n\t<meta name=\"twitter:data1\" content=\"2 minutos\" \/>\n<script type=\"application\/ld+json\" class=\"yoast-schema-graph\">{\"@context\":\"https:\\\/\\\/schema.org\",\"@graph\":[{\"@type\":\"WebPage\",\"@id\":\"https:\\\/\\\/legendatours.com\\\/product\\\/carvoeiro-enchanted-algarve-coast-11002g\\\/\",\"url\":\"https:\\\/\\\/legendatours.com\\\/product\\\/carvoeiro-enchanted-algarve-coast-11002g\\\/\",\"name\":\"Holidays in Carvoeiro: Discover the West Algarve Walking Trails - Legendary Adventure DMC Portugal\",\"isPartOf\":{\"@id\":\"https:\\\/\\\/legendatours.com\\\/#website\"},\"primaryImageOfPage\":{\"@id\":\"https:\\\/\\\/legendatours.com\\\/product\\\/carvoeiro-enchanted-algarve-coast-11002g\\\/#primaryimage\"},\"image\":{\"@id\":\"https:\\\/\\\/legendatours.com\\\/product\\\/carvoeiro-enchanted-algarve-coast-11002g\\\/#primaryimage\"},\"thumbnailUrl\":\"https:\\\/\\\/legendatours.com\\\/wp-content\\\/uploads\\\/sites\\\/12\\\/2021\\\/04\\\/Walking-Carvoeiro-e1611668603179.jpg\",\"datePublished\":\"2020-07-06T15:13:00+00:00\",\"dateModified\":\"2025-08-26T13:32:31+00:00\",\"breadcrumb\":{\"@id\":\"https:\\\/\\\/legendatours.com\\\/product\\\/carvoeiro-enchanted-algarve-coast-11002g\\\/#breadcrumb\"},\"inLanguage\":\"pt-PT\",\"potentialAction\":[{\"@type\":\"ReadAction\",\"target\":[\"https:\\\/\\\/legendatours.com\\\/product\\\/carvoeiro-enchanted-algarve-coast-11002g\\\/\"]}]},{\"@type\":\"ImageObject\",\"inLanguage\":\"pt-PT\",\"@id\":\"https:\\\/\\\/legendatours.com\\\/product\\\/carvoeiro-enchanted-algarve-coast-11002g\\\/#primaryimage\",\"url\":\"https:\\\/\\\/legendatours.com\\\/wp-content\\\/uploads\\\/sites\\\/12\\\/2021\\\/04\\\/Walking-Carvoeiro-e1611668603179.jpg\",\"contentUrl\":\"https:\\\/\\\/legendatours.com\\\/wp-content\\\/uploads\\\/sites\\\/12\\\/2021\\\/04\\\/Walking-Carvoeiro-e1611668603179.jpg\",\"width\":1024,\"height\":576,\"caption\":\"Walking Carvoeiro western Algarve\"},{\"@type\":\"BreadcrumbList\",\"@id\":\"https:\\\/\\\/legendatours.com\\\/product\\\/carvoeiro-enchanted-algarve-coast-11002g\\\/#breadcrumb\",\"itemListElement\":[{\"@type\":\"ListItem\",\"position\":1,\"name\":\"Home\",\"item\":\"https:\\\/\\\/legendatours.com\\\/\"},{\"@type\":\"ListItem\",\"position\":2,\"name\":\"Shop\",\"item\":\"https:\\\/\\\/legendatours.com\\\/sv\\\/?page_id=4\"},{\"@type\":\"ListItem\",\"position\":3,\"name\":\"Holidays in Carvoeiro: Discover the West Algarve Walking Trails\"}]},{\"@type\":\"WebSite\",\"@id\":\"https:\\\/\\\/legendatours.com\\\/#website\",\"url\":\"https:\\\/\\\/legendatours.com\\\/\",\"name\":\"Legendary Adventure DMC Portugal\",\"description\":\"Responsible Walking &amp; Nature Holidays in Portugal\",\"publisher\":{\"@id\":\"https:\\\/\\\/legendatours.com\\\/#organization\"},\"alternateName\":\"Legendary Adventure Portugal\",\"potentialAction\":[{\"@type\":\"SearchAction\",\"target\":{\"@type\":\"EntryPoint\",\"urlTemplate\":\"https:\\\/\\\/legendatours.com\\\/?s={search_term_string}\"},\"query-input\":{\"@type\":\"PropertyValueSpecification\",\"valueRequired\":true,\"valueName\":\"search_term_string\"}}],\"inLanguage\":\"pt-PT\"},{\"@type\":\"Organization\",\"@id\":\"https:\\\/\\\/legendatours.com\\\/#organization\",\"name\":\"legendatours.com\",\"url\":\"https:\\\/\\\/legendatours.com\\\/\",\"logo\":{\"@type\":\"ImageObject\",\"inLanguage\":\"pt-PT\",\"@id\":\"https:\\\/\\\/legendatours.com\\\/#\\\/schema\\\/logo\\\/image\\\/\",\"url\":\"https:\\\/\\\/legendatours.com\\\/wp-content\\\/uploads\\\/sites\\\/12\\\/2021\\\/06\\\/legendary_adventure_dmc.png\",\"contentUrl\":\"https:\\\/\\\/legendatours.com\\\/wp-content\\\/uploads\\\/sites\\\/12\\\/2021\\\/06\\\/legendary_adventure_dmc.png\",\"width\":250,\"height\":74,\"caption\":\"legendatours.com\"},\"image\":{\"@id\":\"https:\\\/\\\/legendatours.com\\\/#\\\/schema\\\/logo\\\/image\\\/\"},\"sameAs\":[\"https:\\\/\\\/www.facebook.com\\\/legendaryadventuredmc\\\/\",\"https:\\\/\\\/www.linkedin.com\\\/company\\\/legendary-adventure-dmc-portugal\",\"https:\\\/\\\/www.youtube.com\\\/channel\\\/UCOIRDx_KM6ynIcacQkZjb6g\"]}]}<\/script>\n<!-- \/ Yoast SEO Premium plugin. -->","yoast_head_json":{"title":"F\u00e9rias no Carvoeiro: Descubra os trilhos pedestres do Barlavento Algarvio - Legendary Adventure DMC Portugal","robots":{"index":"index","follow":"follow","max-snippet":"max-snippet:-1","max-image-preview":"max-image-preview:large","max-video-preview":"max-video-preview:-1"},"canonical":"https:\/\/legendatours.com\/pt\/produto\/carvoeiro-enchanted-algarve-coast-11002g\/","og_locale":"pt_PT","og_type":"article","og_title":"Holidays in Carvoeiro: Discover the West Algarve Walking Trails","og_description":"'Discover the West Algarve trails' is an 8 day guided walking tour, based in Carvoeiro.  This is a walking tour for those who love to explore and be surprised! We\u00b4ll walk among the west Algarve\u2019s lush greenery of woodlands, on top of magnificent cliffs against a backdrop of ocean blue and always in amazing locations full of wildlife!","og_url":"https:\/\/legendatours.com\/pt\/produto\/carvoeiro-enchanted-algarve-coast-11002g\/","og_site_name":"Legendary Adventure DMC Portugal","article_publisher":"https:\/\/www.facebook.com\/legendaryadventuredmc\/","article_modified_time":"2025-08-26T13:32:31+00:00","og_image":[{"width":1024,"height":576,"url":"https:\/\/legendatours.com\/wp-content\/uploads\/sites\/12\/2021\/04\/Walking-Carvoeiro-e1611668603179.jpg","type":"image\/jpeg"}],"twitter_card":"summary_large_image","twitter_misc":{"Tempo estimado de leitura":"2 minutos"},"schema":{"@context":"https:\/\/schema.org","@graph":[{"@type":"WebPage","@id":"https:\/\/legendatours.com\/product\/carvoeiro-enchanted-algarve-coast-11002g\/","url":"https:\/\/legendatours.com\/product\/carvoeiro-enchanted-algarve-coast-11002g\/","name":"F\u00e9rias no Carvoeiro: Descubra os trilhos pedestres do Barlavento Algarvio - Legendary Adventure DMC Portugal","isPartOf":{"@id":"https:\/\/legendatours.com\/#website"},"primaryImageOfPage":{"@id":"https:\/\/legendatours.com\/product\/carvoeiro-enchanted-algarve-coast-11002g\/#primaryimage"},"image":{"@id":"https:\/\/legendatours.com\/product\/carvoeiro-enchanted-algarve-coast-11002g\/#primaryimage"},"thumbnailUrl":"https:\/\/legendatours.com\/wp-content\/uploads\/sites\/12\/2021\/04\/Walking-Carvoeiro-e1611668603179.jpg","datePublished":"2020-07-06T15:13:00+00:00","dateModified":"2025-08-26T13:32:31+00:00","breadcrumb":{"@id":"https:\/\/legendatours.com\/product\/carvoeiro-enchanted-algarve-coast-11002g\/#breadcrumb"},"inLanguage":"pt-PT","potentialAction":[{"@type":"ReadAction","target":["https:\/\/legendatours.com\/product\/carvoeiro-enchanted-algarve-coast-11002g\/"]}]},{"@type":"ImageObject","inLanguage":"pt-PT","@id":"https:\/\/legendatours.com\/product\/carvoeiro-enchanted-algarve-coast-11002g\/#primaryimage","url":"https:\/\/legendatours.com\/wp-content\/uploads\/sites\/12\/2021\/04\/Walking-Carvoeiro-e1611668603179.jpg","contentUrl":"https:\/\/legendatours.com\/wp-content\/uploads\/sites\/12\/2021\/04\/Walking-Carvoeiro-e1611668603179.jpg","width":1024,"height":576,"caption":"Walking Carvoeiro western Algarve"},{"@type":"BreadcrumbList","@id":"https:\/\/legendatours.com\/product\/carvoeiro-enchanted-algarve-coast-11002g\/#breadcrumb","itemListElement":[{"@type":"ListItem","position":1,"name":"Home","item":"https:\/\/legendatours.com\/"},{"@type":"ListItem","position":2,"name":"Shop","item":"https:\/\/legendatours.com\/sv\/?page_id=4"},{"@type":"ListItem","position":3,"name":"Holidays in Carvoeiro: Discover the West Algarve Walking Trails"}]},{"@type":"WebSite","@id":"https:\/\/legendatours.com\/#website","url":"https:\/\/legendatours.com\/","name":"Legendary Adventure DMC Portugal","description":"Caminhadas e F\u00e9rias na Natureza Respons\u00e1veis em Portugal","publisher":{"@id":"https:\/\/legendatours.com\/#organization"},"alternateName":"Legendary Adventure Portugal","potentialAction":[{"@type":"SearchAction","target":{"@type":"EntryPoint","urlTemplate":"https:\/\/legendatours.com\/?s={search_term_string}"},"query-input":{"@type":"PropertyValueSpecification","valueRequired":true,"valueName":"search_term_string"}}],"inLanguage":"pt-PT"},{"@type":"Organization","@id":"https:\/\/legendatours.com\/#organization","name":"legendatours.com","url":"https:\/\/legendatours.com\/","logo":{"@type":"ImageObject","inLanguage":"pt-PT","@id":"https:\/\/legendatours.com\/#\/schema\/logo\/image\/","url":"https:\/\/legendatours.com\/wp-content\/uploads\/sites\/12\/2021\/06\/legendary_adventure_dmc.png","contentUrl":"https:\/\/legendatours.com\/wp-content\/uploads\/sites\/12\/2021\/06\/legendary_adventure_dmc.png","width":250,"height":74,"caption":"legendatours.com"},"image":{"@id":"https:\/\/legendatours.com\/#\/schema\/logo\/image\/"},"sameAs":["https:\/\/www.facebook.com\/legendaryadventuredmc\/","https:\/\/www.linkedin.com\/company\/legendary-adventure-dmc-portugal","https:\/\/www.youtube.com\/channel\/UCOIRDx_KM6ynIcacQkZjb6g"]}]}},"_links":{"self":[{"href":"https:\/\/legendatours.com\/pt\/wp-json\/wp\/v2\/product\/7849","targetHints":{"allow":["GET"]}}],"collection":[{"href":"https:\/\/legendatours.com\/pt\/wp-json\/wp\/v2\/product"}],"about":[{"href":"https:\/\/legendatours.com\/pt\/wp-json\/wp\/v2\/types\/product"}],"replies":[{"embeddable":true,"href":"https:\/\/legendatours.com\/pt\/wp-json\/wp\/v2\/comments?post=7849"}],"wp:featuredmedia":[{"embeddable":true,"href":"https:\/\/legendatours.com\/pt\/wp-json\/wp\/v2\/media\/7846"}],"wp:attachment":[{"href":"https:\/\/legendatours.com\/pt\/wp-json\/wp\/v2\/media?parent=7849"}],"wp:term":[{"taxonomy":"product_brand","embeddable":true,"href":"https:\/\/legendatours.com\/pt\/wp-json\/wp\/v2\/product_brand?post=7849"},{"taxonomy":"product_cat","embeddable":true,"href":"https:\/\/legendatours.com\/pt\/wp-json\/wp\/v2\/product_cat?post=7849"},{"taxonomy":"product_tag","embeddable":true,"href":"https:\/\/legendatours.com\/pt\/wp-json\/wp\/v2\/product_tag?post=7849"}],"curies":[{"name":"wp","href":"https:\/\/api.w.org\/{rel}","templated":true}]}}