{"id":7877,"date":"2020-07-03T15:14:09","date_gmt":"2020-07-03T15:14:09","guid":{"rendered":"https:\/\/legendatours.com\/product\/walking-in-the-hidden-rivers-of-north-portugal\/"},"modified":"2021-08-11T17:45:24","modified_gmt":"2021-08-11T17:45:24","slug":"the-hidden-rivers-of-north-portugal-1600g","status":"publish","type":"product","link":"https:\/\/legendatours.com\/pt\/produto\/the-hidden-rivers-of-north-portugal-1600g\/","title":{"rendered":"Caminhando nos Rios Escondidos do Norte de Portugal"},"content":{"rendered":"<p><strong>Aceita grupos com no m\u00ednimo 6 pax.<\/strong><\/p>\n<p>&nbsp;<\/p>\n<p>Este passeio de uma semana apresenta tr\u00eas dos rios mais bonitos e remotos do Norte de Portugal \u2013 o T\u00e2mega, o Paiva e o Vouga.<\/p>\n<p>Fluem por paisagens selvagens e escondidas e \u00e1reas extremamente antigas, tanto em termos hist\u00f3ricos como geol\u00f3gicos. As \u00e1reas s\u00e3o de dif\u00edcil acesso e isso tem preservado a grande diversidade da fauna e flora local.<\/p>\n<p>O nosso passeio aproxima-nos dos segredos escondidos dos rios e da envolvente natural e hist\u00f3rico-cultural.<\/p>\n<div id=\"attachment_2754\" style=\"width: 1034px\" class=\"wp-caption alignnone\"><img loading=\"lazy\" decoding=\"async\" aria-describedby=\"caption-attachment-2754\" class=\"wp-image-2754 size-large\" title=\"Rio Vouga serpenteia at\u00e9 Sernada do Vouga rodeado de mata\" src=\"https:\/\/legendatours.net\/wp-content\/uploads\/2020\/07\/vouga_river_macinhata-1024x768.jpg\" alt=\"Vouga River it meanders to Sernada do Vouga surrounded by woodland\" width=\"1024\" height=\"768\" \/><p id=\"caption-attachment-2754\" class=\"wp-caption-text\">O Rio Vouga serpenteia at\u00e9 Sernada do Vouga rodeado de floresta<\/p><\/div>\n<p>Recorremos a trilhos antigos, caminhos ferrovi\u00e1rios hist\u00f3ricos e inova\u00e7\u00f5es mais recentes como os not\u00e1veis Passadi\u00e7os do Paiva que permitem o acesso a \u00e1reas antes inexploradas.<\/p>\n<p>Nossos dois centros, em cada extremidade do passeio, ancoram os rios e est\u00e3o intimamente ligados a eles.<\/p>\n<p>O nosso primeiro centro, Amarante, tamb\u00e9m conhecido como a princesa do T\u00e2mega, \u00e9 uma bela vila com uma incr\u00edvel combina\u00e7\u00e3o de tradi\u00e7\u00e3o, hist\u00f3ria e natureza.<\/p>\n<p>O rio T\u00e2mega atravessa esta cidade que tem uma sensa\u00e7\u00e3o m\u00e1gica de conto de fadas, com elegantes edif\u00edcios com torres e \u00e1rvores caindo no rio.<\/p>\n<p>De Amarante, viajamos para o nosso segundo centro, Aveiro. Mas, no caminho, paramos e percorremos os extraordin\u00e1rios Passadi\u00e7os do Paiva.<\/p>\n<div id=\"attachment_2753\" style=\"width: 1034px\" class=\"wp-caption alignnone\"><img loading=\"lazy\" decoding=\"async\" aria-describedby=\"caption-attachment-2753\" class=\"wp-image-2753 size-large\" title=\"Passadi\u00e7os do Paiva o glorioso rio Paiva\" src=\"https:\/\/legendatours.net\/wp-content\/uploads\/2020\/07\/passadicos_do_paiva_walk-1024x683.jpg\" alt=\"Passadi\u00e7os do Paiva the glorious Paiva river\" width=\"1024\" height=\"683\" \/><p id=\"caption-attachment-2753\" class=\"wp-caption-text\">Passadi\u00e7os do Paiva o glorioso rio Paiva<\/p><\/div>\n<p>Os Passadi\u00e7os est\u00e3o no meio de uma \u00e1rea classificada pelas Redes Europeia e Global de Geoparques, sob os ausp\u00edcios da UNESCO, uma \u00e1rea remota e selvagem de beleza agreste cortada pelo rio Paiva de \u00e1guas frescas e claras .<\/p>\n<p>Finalmente, no final, chegamos \u00e0 Ria de Aveiro onde o rio Vouga encontra o oceano no largo estu\u00e1rio que tem sido trabalhado durante s\u00e9culos para a pesca, recolha de sal e colheita de algas marinhas utilizando os coloridos \u201cBarcos moliceiros\u201d.<\/p>\n<div id=\"attachment_2575\" style=\"width: 1034px\" class=\"wp-caption alignnone\"><img loading=\"lazy\" decoding=\"async\" aria-describedby=\"caption-attachment-2575\" class=\"wp-image-2575 size-large\" title=\"Barcos moliceiros tradicionais em Aveiro\" src=\"https:\/\/legendatours.net\/wp-content\/uploads\/2020\/06\/aveiro_moliceiros-1024x683.jpeg\" alt=\"Traditional moliceiro boats in Aveiro\" width=\"1024\" height=\"683\" \/><p id=\"caption-attachment-2575\" class=\"wp-caption-text\">Barcos moliceiros tradicionais em Aveiro<\/p><\/div>\n<p>Aveiro tem sido frequentemente chamada de Veneza portuguesa devido aos seus canais e pontes encantadoras. A pr\u00f3pria cidade \u00e9 famosa por sua cer\u00e2mica, muitos exemplos dos quais s\u00e3o vis\u00edveis em todos os lugares. Este \u00e9 realmente um passeio sensacional que combina o melhor do que a natureza e a humanidade trabalhando em harmonia podem criar.<\/p>","protected":false},"excerpt":{"rendered":"<p>Este passeio de uma semana apresenta tr\u00eas dos rios mais bonitos e remotos do Norte de Portugal \u2013 o T\u00e2mega, o Paiva e o Vouga.<\/p>\n<p>Fluem por paisagens selvagens e escondidas e \u00e1reas extremamente antigas, tanto em termos hist\u00f3ricos como geol\u00f3gicos. As \u00e1reas s\u00e3o de dif\u00edcil acesso e isso tem preservado a grande diversidade da fauna e flora local.<\/p>\n<p>O nosso passeio aproxima-nos dos segredos escondidos dos rios e da envolvente natural e hist\u00f3rico-cultural.<\/p>\n<p>Recorremos a trilhos antigos, caminhos ferrovi\u00e1rios hist\u00f3ricos e inova\u00e7\u00f5es mais recentes como os not\u00e1veis Passadi\u00e7os do Paiva que permitem o acesso a \u00e1reas antes inexploradas.<\/p>","protected":false},"featured_media":7873,"comment_status":"closed","ping_status":"closed","template":"","meta":{"_acf_changed":false,"inline_featured_image":false},"product_brand":[],"product_cat":[32,28,29,30,31],"product_tag":[1138,402,265,36,663,87,49,192,52,664,55,352,95,162,246,665,666,609,106,60,372,667,68,208,70,71,668,630,112,122],"class_list":{"0":"post-7877","1":"product","2":"type-product","3":"status-publish","4":"has-post-thumbnail","6":"product_cat-cultural-tours-and-holidays-in-portugal","7":"product_cat-guided-group-tours","8":"product_cat-portugal-guided-historical-holidays","9":"product_cat-guided-sightseeing-holidays-portugal","10":"product_cat-guided-walking-holidays-in-portugal","11":"product_tag-amarante","12":"product_tag-amazing-walking","13":"product_tag-aveiro","14":"product_tag-cultural-heritage","15":"product_tag-fauna-and-flora","16":"product_tag-green-landscape","17":"product_tag-hidden-landscapes","18":"product_tag-historic-buildings","19":"product_tag-historic-town","20":"product_tag-local-fauna","21":"product_tag-local-gastronomy","22":"product_tag-local-wines","23":"product_tag-magnificent-landscape","24":"product_tag-nature-walks","25":"product_tag-northern-portugal","26":"product_tag-paiva","27":"product_tag-passadicos-do-paiva","28":"product_tag-perfect-walking-holiday","29":"product_tag-picturesque-landscapes","30":"product_tag-portugal","31":"product_tag-ria-of-aveiro","32":"product_tag-tamega","33":"product_tag-tours-in-portugal","34":"product_tag-traditional-villages","35":"product_tag-traditions","36":"product_tag-unesco-world-heritage-site","37":"product_tag-vouga","38":"product_tag-walking-and-exploring","39":"product_tag-walking-holidays","40":"product_tag-walking-tours","42":"first","43":"instock","44":"virtual","45":"product-type-simple"},"acf":[],"yoast_head":"<!-- This site is optimized with the Yoast SEO Premium plugin v26.8 (Yoast SEO v27.5) - https:\/\/yoast.com\/product\/yoast-seo-premium-wordpress\/ -->\n<title>Walking in The Hidden Rivers of North Portugal - Legendary Adventure DMC Portugal<\/title>\n<meta name=\"robots\" content=\"index, follow, max-snippet:-1, max-image-preview:large, max-video-preview:-1\" \/>\n<link rel=\"canonical\" href=\"https:\/\/legendatours.com\/pt\/produto\/the-hidden-rivers-of-north-portugal-1600g\/\" \/>\n<meta property=\"og:locale\" content=\"pt_PT\" \/>\n<meta property=\"og:type\" content=\"article\" \/>\n<meta property=\"og:title\" content=\"Walking in The Hidden Rivers of North Portugal\" \/>\n<meta property=\"og:description\" content=\"This one-week tour features three of the most beautiful and remote rivers of Northern Portugal - the Tamega, the Paiva, and the Vouga.  They flow through wild and hidden landscapes and extremely ancient areas, both in historic and geological terms. The areas are of difficult access and this has preserved the large diversity of the local fauna and flora.  Our tour brings us into closer contact with the hidden secrets of the rivers, and the natural and historical-cultural surroundings.  We use old trails, historic rail routes, and newer innovations such as the remarkable Passadi\u00e7os do Paiva which allow access to previously unexplored areas.\" \/>\n<meta property=\"og:url\" content=\"https:\/\/legendatours.com\/pt\/produto\/the-hidden-rivers-of-north-portugal-1600g\/\" \/>\n<meta property=\"og:site_name\" content=\"Legendary Adventure DMC Portugal\" \/>\n<meta property=\"article:publisher\" content=\"https:\/\/www.facebook.com\/legendaryadventuredmc\/\" \/>\n<meta property=\"article:modified_time\" content=\"2021-08-11T17:45:24+00:00\" \/>\n<meta property=\"og:image\" content=\"https:\/\/legendatours.com\/wp-content\/uploads\/sites\/12\/2021\/04\/passadicos_do_paiva-e1611683430991.jpg\" \/>\n\t<meta property=\"og:image:width\" content=\"1024\" \/>\n\t<meta property=\"og:image:height\" content=\"683\" \/>\n\t<meta property=\"og:image:type\" content=\"image\/jpeg\" \/>\n<meta name=\"twitter:card\" content=\"summary_large_image\" \/>\n<meta name=\"twitter:label1\" content=\"Tempo estimado de leitura\" \/>\n\t<meta name=\"twitter:data1\" content=\"2 minutos\" \/>\n<script type=\"application\/ld+json\" class=\"yoast-schema-graph\">{\"@context\":\"https:\\\/\\\/schema.org\",\"@graph\":[{\"@type\":\"WebPage\",\"@id\":\"https:\\\/\\\/legendatours.com\\\/product\\\/the-hidden-rivers-of-north-portugal-1600g\\\/\",\"url\":\"https:\\\/\\\/legendatours.com\\\/product\\\/the-hidden-rivers-of-north-portugal-1600g\\\/\",\"name\":\"Walking in The Hidden Rivers of North Portugal - Legendary Adventure DMC Portugal\",\"isPartOf\":{\"@id\":\"https:\\\/\\\/legendatours.com\\\/#website\"},\"primaryImageOfPage\":{\"@id\":\"https:\\\/\\\/legendatours.com\\\/product\\\/the-hidden-rivers-of-north-portugal-1600g\\\/#primaryimage\"},\"image\":{\"@id\":\"https:\\\/\\\/legendatours.com\\\/product\\\/the-hidden-rivers-of-north-portugal-1600g\\\/#primaryimage\"},\"thumbnailUrl\":\"https:\\\/\\\/legendatours.com\\\/wp-content\\\/uploads\\\/sites\\\/12\\\/2021\\\/04\\\/passadicos_do_paiva-e1611683430991.jpg\",\"datePublished\":\"2020-07-03T15:14:09+00:00\",\"dateModified\":\"2021-08-11T17:45:24+00:00\",\"breadcrumb\":{\"@id\":\"https:\\\/\\\/legendatours.com\\\/product\\\/the-hidden-rivers-of-north-portugal-1600g\\\/#breadcrumb\"},\"inLanguage\":\"pt-PT\",\"potentialAction\":[{\"@type\":\"ReadAction\",\"target\":[\"https:\\\/\\\/legendatours.com\\\/product\\\/the-hidden-rivers-of-north-portugal-1600g\\\/\"]}]},{\"@type\":\"ImageObject\",\"inLanguage\":\"pt-PT\",\"@id\":\"https:\\\/\\\/legendatours.com\\\/product\\\/the-hidden-rivers-of-north-portugal-1600g\\\/#primaryimage\",\"url\":\"https:\\\/\\\/legendatours.com\\\/wp-content\\\/uploads\\\/sites\\\/12\\\/2021\\\/04\\\/passadicos_do_paiva-e1611683430991.jpg\",\"contentUrl\":\"https:\\\/\\\/legendatours.com\\\/wp-content\\\/uploads\\\/sites\\\/12\\\/2021\\\/04\\\/passadicos_do_paiva-e1611683430991.jpg\",\"width\":1024,\"height\":683,\"caption\":\"Passadi\u00e7os do Paiva\"},{\"@type\":\"BreadcrumbList\",\"@id\":\"https:\\\/\\\/legendatours.com\\\/product\\\/the-hidden-rivers-of-north-portugal-1600g\\\/#breadcrumb\",\"itemListElement\":[{\"@type\":\"ListItem\",\"position\":1,\"name\":\"Home\",\"item\":\"https:\\\/\\\/legendatours.com\\\/\"},{\"@type\":\"ListItem\",\"position\":2,\"name\":\"Shop\",\"item\":\"https:\\\/\\\/legendatours.com\\\/sv\\\/?page_id=4\"},{\"@type\":\"ListItem\",\"position\":3,\"name\":\"Walking in The Hidden Rivers of North Portugal\"}]},{\"@type\":\"WebSite\",\"@id\":\"https:\\\/\\\/legendatours.com\\\/#website\",\"url\":\"https:\\\/\\\/legendatours.com\\\/\",\"name\":\"Legendary Adventure DMC Portugal\",\"description\":\"Responsible Walking &amp; Nature Holidays in Portugal\",\"publisher\":{\"@id\":\"https:\\\/\\\/legendatours.com\\\/#organization\"},\"alternateName\":\"Legendary Adventure Portugal\",\"potentialAction\":[{\"@type\":\"SearchAction\",\"target\":{\"@type\":\"EntryPoint\",\"urlTemplate\":\"https:\\\/\\\/legendatours.com\\\/?s={search_term_string}\"},\"query-input\":{\"@type\":\"PropertyValueSpecification\",\"valueRequired\":true,\"valueName\":\"search_term_string\"}}],\"inLanguage\":\"pt-PT\"},{\"@type\":\"Organization\",\"@id\":\"https:\\\/\\\/legendatours.com\\\/#organization\",\"name\":\"legendatours.com\",\"url\":\"https:\\\/\\\/legendatours.com\\\/\",\"logo\":{\"@type\":\"ImageObject\",\"inLanguage\":\"pt-PT\",\"@id\":\"https:\\\/\\\/legendatours.com\\\/#\\\/schema\\\/logo\\\/image\\\/\",\"url\":\"https:\\\/\\\/legendatours.com\\\/wp-content\\\/uploads\\\/sites\\\/12\\\/2021\\\/06\\\/legendary_adventure_dmc.png\",\"contentUrl\":\"https:\\\/\\\/legendatours.com\\\/wp-content\\\/uploads\\\/sites\\\/12\\\/2021\\\/06\\\/legendary_adventure_dmc.png\",\"width\":250,\"height\":74,\"caption\":\"legendatours.com\"},\"image\":{\"@id\":\"https:\\\/\\\/legendatours.com\\\/#\\\/schema\\\/logo\\\/image\\\/\"},\"sameAs\":[\"https:\\\/\\\/www.facebook.com\\\/legendaryadventuredmc\\\/\",\"https:\\\/\\\/www.linkedin.com\\\/company\\\/legendary-adventure-dmc-portugal\",\"https:\\\/\\\/www.youtube.com\\\/channel\\\/UCOIRDx_KM6ynIcacQkZjb6g\"]}]}<\/script>\n<!-- \/ Yoast SEO Premium plugin. -->","yoast_head_json":{"title":"Caminhando nos Rios Escondidos do Norte de Portugal - Legendary Adventure DMC Portugal","robots":{"index":"index","follow":"follow","max-snippet":"max-snippet:-1","max-image-preview":"max-image-preview:large","max-video-preview":"max-video-preview:-1"},"canonical":"https:\/\/legendatours.com\/pt\/produto\/the-hidden-rivers-of-north-portugal-1600g\/","og_locale":"pt_PT","og_type":"article","og_title":"Walking in The Hidden Rivers of North Portugal","og_description":"This one-week tour features three of the most beautiful and remote rivers of Northern Portugal - the Tamega, the Paiva, and the Vouga.  They flow through wild and hidden landscapes and extremely ancient areas, both in historic and geological terms. The areas are of difficult access and this has preserved the large diversity of the local fauna and flora.  Our tour brings us into closer contact with the hidden secrets of the rivers, and the natural and historical-cultural surroundings.  We use old trails, historic rail routes, and newer innovations such as the remarkable Passadi\u00e7os do Paiva which allow access to previously unexplored areas.","og_url":"https:\/\/legendatours.com\/pt\/produto\/the-hidden-rivers-of-north-portugal-1600g\/","og_site_name":"Legendary Adventure DMC Portugal","article_publisher":"https:\/\/www.facebook.com\/legendaryadventuredmc\/","article_modified_time":"2021-08-11T17:45:24+00:00","og_image":[{"width":1024,"height":683,"url":"https:\/\/legendatours.com\/wp-content\/uploads\/sites\/12\/2021\/04\/passadicos_do_paiva-e1611683430991.jpg","type":"image\/jpeg"}],"twitter_card":"summary_large_image","twitter_misc":{"Tempo estimado de leitura":"2 minutos"},"schema":{"@context":"https:\/\/schema.org","@graph":[{"@type":"WebPage","@id":"https:\/\/legendatours.com\/product\/the-hidden-rivers-of-north-portugal-1600g\/","url":"https:\/\/legendatours.com\/product\/the-hidden-rivers-of-north-portugal-1600g\/","name":"Caminhando nos Rios Escondidos do Norte de Portugal - Legendary Adventure DMC Portugal","isPartOf":{"@id":"https:\/\/legendatours.com\/#website"},"primaryImageOfPage":{"@id":"https:\/\/legendatours.com\/product\/the-hidden-rivers-of-north-portugal-1600g\/#primaryimage"},"image":{"@id":"https:\/\/legendatours.com\/product\/the-hidden-rivers-of-north-portugal-1600g\/#primaryimage"},"thumbnailUrl":"https:\/\/legendatours.com\/wp-content\/uploads\/sites\/12\/2021\/04\/passadicos_do_paiva-e1611683430991.jpg","datePublished":"2020-07-03T15:14:09+00:00","dateModified":"2021-08-11T17:45:24+00:00","breadcrumb":{"@id":"https:\/\/legendatours.com\/product\/the-hidden-rivers-of-north-portugal-1600g\/#breadcrumb"},"inLanguage":"pt-PT","potentialAction":[{"@type":"ReadAction","target":["https:\/\/legendatours.com\/product\/the-hidden-rivers-of-north-portugal-1600g\/"]}]},{"@type":"ImageObject","inLanguage":"pt-PT","@id":"https:\/\/legendatours.com\/product\/the-hidden-rivers-of-north-portugal-1600g\/#primaryimage","url":"https:\/\/legendatours.com\/wp-content\/uploads\/sites\/12\/2021\/04\/passadicos_do_paiva-e1611683430991.jpg","contentUrl":"https:\/\/legendatours.com\/wp-content\/uploads\/sites\/12\/2021\/04\/passadicos_do_paiva-e1611683430991.jpg","width":1024,"height":683,"caption":"Passadi\u00e7os do Paiva"},{"@type":"BreadcrumbList","@id":"https:\/\/legendatours.com\/product\/the-hidden-rivers-of-north-portugal-1600g\/#breadcrumb","itemListElement":[{"@type":"ListItem","position":1,"name":"Home","item":"https:\/\/legendatours.com\/"},{"@type":"ListItem","position":2,"name":"Shop","item":"https:\/\/legendatours.com\/sv\/?page_id=4"},{"@type":"ListItem","position":3,"name":"Walking in The Hidden Rivers of North Portugal"}]},{"@type":"WebSite","@id":"https:\/\/legendatours.com\/#website","url":"https:\/\/legendatours.com\/","name":"Legendary Adventure DMC Portugal","description":"Caminhadas e F\u00e9rias na Natureza Respons\u00e1veis em Portugal","publisher":{"@id":"https:\/\/legendatours.com\/#organization"},"alternateName":"Legendary Adventure Portugal","potentialAction":[{"@type":"SearchAction","target":{"@type":"EntryPoint","urlTemplate":"https:\/\/legendatours.com\/?s={search_term_string}"},"query-input":{"@type":"PropertyValueSpecification","valueRequired":true,"valueName":"search_term_string"}}],"inLanguage":"pt-PT"},{"@type":"Organization","@id":"https:\/\/legendatours.com\/#organization","name":"legendatours.com","url":"https:\/\/legendatours.com\/","logo":{"@type":"ImageObject","inLanguage":"pt-PT","@id":"https:\/\/legendatours.com\/#\/schema\/logo\/image\/","url":"https:\/\/legendatours.com\/wp-content\/uploads\/sites\/12\/2021\/06\/legendary_adventure_dmc.png","contentUrl":"https:\/\/legendatours.com\/wp-content\/uploads\/sites\/12\/2021\/06\/legendary_adventure_dmc.png","width":250,"height":74,"caption":"legendatours.com"},"image":{"@id":"https:\/\/legendatours.com\/#\/schema\/logo\/image\/"},"sameAs":["https:\/\/www.facebook.com\/legendaryadventuredmc\/","https:\/\/www.linkedin.com\/company\/legendary-adventure-dmc-portugal","https:\/\/www.youtube.com\/channel\/UCOIRDx_KM6ynIcacQkZjb6g"]}]}},"_links":{"self":[{"href":"https:\/\/legendatours.com\/pt\/wp-json\/wp\/v2\/product\/7877","targetHints":{"allow":["GET"]}}],"collection":[{"href":"https:\/\/legendatours.com\/pt\/wp-json\/wp\/v2\/product"}],"about":[{"href":"https:\/\/legendatours.com\/pt\/wp-json\/wp\/v2\/types\/product"}],"replies":[{"embeddable":true,"href":"https:\/\/legendatours.com\/pt\/wp-json\/wp\/v2\/comments?post=7877"}],"wp:featuredmedia":[{"embeddable":true,"href":"https:\/\/legendatours.com\/pt\/wp-json\/wp\/v2\/media\/7873"}],"wp:attachment":[{"href":"https:\/\/legendatours.com\/pt\/wp-json\/wp\/v2\/media?parent=7877"}],"wp:term":[{"taxonomy":"product_brand","embeddable":true,"href":"https:\/\/legendatours.com\/pt\/wp-json\/wp\/v2\/product_brand?post=7877"},{"taxonomy":"product_cat","embeddable":true,"href":"https:\/\/legendatours.com\/pt\/wp-json\/wp\/v2\/product_cat?post=7877"},{"taxonomy":"product_tag","embeddable":true,"href":"https:\/\/legendatours.com\/pt\/wp-json\/wp\/v2\/product_tag?post=7877"}],"curies":[{"name":"wp","href":"https:\/\/api.w.org\/{rel}","templated":true}]}}