{"id":7882,"date":"2020-07-03T14:24:29","date_gmt":"2020-07-03T14:24:29","guid":{"rendered":"https:\/\/legendatours.com\/product\/walking-in-the-last-reboubt-of-the-knights-templar\/"},"modified":"2023-03-27T15:33:56","modified_gmt":"2023-03-27T15:33:56","slug":"the-last-redoubt-of-the-knights-templar-1400g","status":"publish","type":"product","link":"https:\/\/legendatours.com\/pt\/produto\/the-last-redoubt-of-the-knights-templar-1400g\/","title":{"rendered":"Caminhando no \u00daltimo Reduto dos Cavaleiros Templ\u00e1rios"},"content":{"rendered":"<p><strong>Aceita grupos com no m\u00ednimo 6 pax.<\/strong><\/p>\n<p>&nbsp;<\/p>\n<p>Tomar, a nossa casa esta semana, foi eleita Patrim\u00f3nio Mundial da UNESCO, e com raz\u00e3o. Situada nas margens do tranquilo rio Nab\u00e3o, Tomar, bem como arredores, apresenta alguns dos mais significativos e magn\u00edficos monumentos de todo o pa\u00eds. Um verdadeiro banquete para os sentidos ...<\/p>\n<p>Hoje em dia, a regi\u00e3o vibra hist\u00f3ria, jardins luxuosos, mosteiros maravilhosos, castelos e outros locais que ligam diretamente aos Cavaleiros Templ\u00e1rios, as sociedades medievais mais importantes da Europa.<\/p>\n<div id=\"attachment_2750\" style=\"width: 1034px\" class=\"wp-caption alignnone\"><img loading=\"lazy\" decoding=\"async\" aria-describedby=\"caption-attachment-2750\" class=\"wp-image-2750 size-large\" title=\"Centro tomar\" src=\"https:\/\/legendatours.net\/wp-content\/uploads\/2020\/07\/tomar-1024x677.jpg\" alt=\"Tomar center\" width=\"1024\" height=\"677\" \/><p id=\"caption-attachment-2750\" class=\"wp-caption-text\">Tomar desempenha um papel importante numa etapa muito importante da hist\u00f3ria portuguesa.<\/p><\/div>\n<p>No topo da colina que se ergue sozinho sobre a cidade desde o s\u00e9culo XII, o dram\u00e1tico Convento de Cristo ou \u201cConvento de Cristo\u201d, foi durante 900 anos a Sede dos Cavaleiros Templ\u00e1rios de Portugal - os monges guerreiros medievais. A partir daqui, sua influ\u00eancia se espalhou pela Europa.<\/p>\n<p>Fundada em Jerusal\u00e9m em 1118, a hist\u00f3ria da ordem religiosa confunde-se com a funda\u00e7\u00e3o de Portugal e as cruzadas contra os mouros. O seu apoio militar garantiu-lhes locais privilegiados de castelos e terrenos, principalmente localizados na regi\u00e3o de Tomar.<\/p>\n<p>Apesar de sua reputa\u00e7\u00e3o tem\u00edvel e endurecida pela batalha, os Cavaleiros Templ\u00e1rios aprenderam homens, dedicados a proteger viajantes e peregrinos de todas as religi\u00f5es, n\u00e3o apenas os crist\u00e3os. Eles eram grandes estadistas, politicamente aptos, comerciantes econ\u00f4micos e aparentemente eram aliados da grande fraternidade de marinheiros que havia criado um imp\u00e9rio comercial mundial na \u00e9poca dos fen\u00edcios.<\/p>\n<div id=\"attachment_2746\" style=\"width: 1034px\" class=\"wp-caption alignnone\"><img loading=\"lazy\" decoding=\"async\" aria-describedby=\"caption-attachment-2746\" class=\"wp-image-2746 size-large\" title=\"Castelo almourol de barco\" src=\"https:\/\/legendatours.net\/wp-content\/uploads\/2020\/07\/castelo_almourol-1024x681.jpg\" alt=\"Castelo almourol by boat\" width=\"1024\" height=\"681\" \/><p id=\"caption-attachment-2746\" class=\"wp-caption-text\">Castelo almourol de barco, o enigm\u00e1tico\u00a0<em>Almourol<\/em>\u00a0 Castelo \u00e9 um dos monumentos mais emblem\u00e1ticos da reconquista crist\u00e3.<\/p><\/div>\n<p>Deve-se notar que muitos exploradores portugueses e da realeza eram Cavaleiros Templ\u00e1rios e, posteriormente, Ma\u00e7ons. Muitos acreditam que os Cavaleiros Templ\u00e1rios portugueses foram fundamentais para que Portugal adquirisse sua col\u00f4nia transatl\u00e2ntica, o Brasil.<\/p>\n<p>Logo ap\u00f3s 1492, com a expuls\u00e3o dos judeus da Espanha, a cidade de Tomar expandiu-se ainda mais com o afluxo de artes\u00e3os e comerciantes judeus refugiados. A grande minoria judaica dinamizou a cidade com novos of\u00edcios e habilidades. Sua experi\u00eancia foi vital para o sucesso das novas rotas comerciais com a \u00c1frica. A sinagoga original (a mais antiga de Portugal), cuja constru\u00e7\u00e3o foi encomendada pelo infante Dom Henrique (Henrique o Navegador), ainda existe.<\/p>\n<p>Este passeio foi planejado para amantes da hist\u00f3ria, cultura e tradi\u00e7\u00e3o. Voc\u00ea visitar\u00e1 alguns dos locais hist\u00f3ricos mais importantes dos Cavaleiros Templ\u00e1rios do mundo.<\/p>\n<p>Mas ser\u00e1 muito mais do que visitar castelos e abadias. Tamb\u00e9m iremos mostrar-lhe a paisagem maravilhosa e desfrutar de boa comida e vinho!<\/p>\n<p>H\u00e1 muito para ver, mas tamb\u00e9m haver\u00e1 muito tempo para relaxar! Nossa inten\u00e7\u00e3o \u00e9 que voc\u00ea tenha a experi\u00eancia de sua vida.<\/p>\n<p>E como se costuma dizer: \u201cUma vez visto, nunca esquecido ...\u201d<\/p>\n<div class=\"row\" style=\"display: flex;\">\n<div class=\"column\" style=\"flex: 45%;\">\n<p><iframe loading=\"lazy\" title=\"Tomar Tour 1 Portugal\" width=\"1080\" height=\"608\" src=\"https:\/\/www.youtube.com\/embed\/Vpbb-1EBy44?feature=oembed\" frameborder=\"0\" allow=\"accelerometer; autoplay; clipboard-write; encrypted-media; gyroscope; picture-in-picture; web-share\" allowfullscreen><\/iframe><\/p>\n<\/div>\n<div class=\"column\" style=\"flex: 10%;\"><\/div>\n<div class=\"column\" style=\"flex: 45%;\">\n<p><iframe loading=\"lazy\" title=\"Algarve Visto do Ar - Concelho de Olh\u00e3o\" width=\"1080\" height=\"608\" src=\"https:\/\/www.youtube.com\/embed\/MP6BCGjhkwQ?feature=oembed\" frameborder=\"0\" allow=\"accelerometer; autoplay; clipboard-write; encrypted-media; gyroscope; picture-in-picture; web-share\" allowfullscreen><\/iframe><\/p>\n<\/div>\n<\/div>","protected":false},"excerpt":{"rendered":"<p>Este passeio foi planejado para amantes da hist\u00f3ria, cultura e tradi\u00e7\u00e3o. Voc\u00ea visitar\u00e1 alguns dos locais hist\u00f3ricos mais importantes dos Cavaleiros Templ\u00e1rios do mundo. Mas ser\u00e1 muito mais do que visitar castelos e abadias. Tamb\u00e9m iremos mostrar-lhe a paisagem maravilhosa e desfrutar de boa comida e vinho!<\/p>\n<p>H\u00e1 muito para ver, mas tamb\u00e9m haver\u00e1 muito tempo para relaxar! Nossa inten\u00e7\u00e3o \u00e9 que voc\u00ea tenha a experi\u00eancia de sua vida. E como se costuma dizer: \u201cUma vez visto, nunca esquecido ...\u201d<\/p>","protected":false},"featured_media":7878,"comment_status":"closed","ping_status":"closed","template":"","meta":{"_acf_changed":false,"inline_featured_image":false},"product_brand":[],"product_cat":[32,28,29,30,31],"product_tag":[183,334,184,186,36,48,90,190,156,157,158,191,159,50,194,195,160,197,200,202,162,203,204,206,344,207,68,208,70,1146,610,112,122],"class_list":{"0":"post-7882","1":"product","2":"type-product","3":"status-publish","4":"has-post-thumbnail","6":"product_cat-cultural-tours-and-holidays-in-portugal","7":"product_cat-guided-group-tours","8":"product_cat-portugal-guided-historical-holidays","9":"product_cat-guided-sightseeing-holidays-portugal","10":"product_cat-guided-walking-holidays-in-portugal","11":"product_tag-ancient-villages-and-castles","12":"product_tag-batalha","13":"product_tag-castle","14":"product_tag-charming-historical-towns","15":"product_tag-cultural-heritage","16":"product_tag-guided-tours","17":"product_tag-guided-walking-holidays","18":"product_tag-headquarters-of-the-knights-templar","19":"product_tag-hiking","20":"product_tag-hiking-holidays","21":"product_tag-hiking-routes","22":"product_tag-hiking-tour","23":"product_tag-hiking-trails","24":"product_tag-historic","25":"product_tag-historical-templar-locations","26":"product_tag-history-and-heritage","27":"product_tag-holidays","28":"product_tag-knights-templar","29":"product_tag-medieval-castles","30":"product_tag-medieval-times","31":"product_tag-nature-walks","32":"product_tag-order-of-the-knights-templar","33":"product_tag-ribatejo","34":"product_tag-templar-castle","35":"product_tag-templars-knights","36":"product_tag-tomar","37":"product_tag-tours-in-portugal","38":"product_tag-traditional-villages","39":"product_tag-traditions","40":"product_tag-walking-sightseeing-tour","41":"product_tag-walking-experiences","42":"product_tag-walking-holidays","43":"product_tag-walking-tours","45":"first","46":"instock","47":"virtual","48":"product-type-simple"},"acf":[],"yoast_head":"<!-- This site is optimized with the Yoast SEO Premium plugin v26.8 (Yoast SEO v27.4) - https:\/\/yoast.com\/product\/yoast-seo-premium-wordpress\/ -->\n<title>Walking in The Last Redoubt of the Knights Templar - Legendary Adventure DMC Portugal<\/title>\n<meta name=\"robots\" content=\"index, follow, max-snippet:-1, max-image-preview:large, max-video-preview:-1\" \/>\n<link rel=\"canonical\" href=\"https:\/\/legendatours.com\/pt\/produto\/the-last-redoubt-of-the-knights-templar-1400g\/\" \/>\n<meta property=\"og:locale\" content=\"pt_PT\" \/>\n<meta property=\"og:type\" content=\"article\" \/>\n<meta property=\"og:title\" content=\"Walking in The Last Redoubt of the Knights Templar\" \/>\n<meta property=\"og:description\" content=\"This tour was designed for lovers of history, culture, and tradition. You will visit some of the most important historical Knights Templar locations in the world. But it will be much more than just visiting castles and abbeys. We will also show you the marvelous countryside and enjoy great food and wine!  There is much to see, but there will be plenty of time to relax as well! Our intention is that you will have the experience of a lifetime. And as they say: \u201cOnce seen, never forgotten\u2026\u201d\" \/>\n<meta property=\"og:url\" content=\"https:\/\/legendatours.com\/pt\/produto\/the-last-redoubt-of-the-knights-templar-1400g\/\" \/>\n<meta property=\"og:site_name\" content=\"Legendary Adventure DMC Portugal\" \/>\n<meta property=\"article:publisher\" content=\"https:\/\/www.facebook.com\/legendaryadventuredmc\/\" \/>\n<meta property=\"article:modified_time\" content=\"2023-03-27T15:33:56+00:00\" \/>\n<meta property=\"og:image\" content=\"https:\/\/legendatours.com\/wp-content\/uploads\/sites\/12\/2021\/04\/castle_almourol-e1611683530253.jpg\" \/>\n\t<meta property=\"og:image:width\" content=\"1024\" \/>\n\t<meta property=\"og:image:height\" content=\"719\" \/>\n\t<meta property=\"og:image:type\" content=\"image\/jpeg\" \/>\n<meta name=\"twitter:card\" content=\"summary_large_image\" \/>\n<meta name=\"twitter:label1\" content=\"Tempo estimado de leitura\" \/>\n\t<meta name=\"twitter:data1\" content=\"2 minutos\" \/>\n<script type=\"application\/ld+json\" class=\"yoast-schema-graph\">{\"@context\":\"https:\\\/\\\/schema.org\",\"@graph\":[{\"@type\":\"WebPage\",\"@id\":\"https:\\\/\\\/legendatours.com\\\/product\\\/the-last-redoubt-of-the-knights-templar-1400g\\\/\",\"url\":\"https:\\\/\\\/legendatours.com\\\/product\\\/the-last-redoubt-of-the-knights-templar-1400g\\\/\",\"name\":\"Walking in The Last Redoubt of the Knights Templar - Legendary Adventure DMC Portugal\",\"isPartOf\":{\"@id\":\"https:\\\/\\\/legendatours.com\\\/#website\"},\"primaryImageOfPage\":{\"@id\":\"https:\\\/\\\/legendatours.com\\\/product\\\/the-last-redoubt-of-the-knights-templar-1400g\\\/#primaryimage\"},\"image\":{\"@id\":\"https:\\\/\\\/legendatours.com\\\/product\\\/the-last-redoubt-of-the-knights-templar-1400g\\\/#primaryimage\"},\"thumbnailUrl\":\"https:\\\/\\\/legendatours.com\\\/wp-content\\\/uploads\\\/sites\\\/12\\\/2021\\\/04\\\/castle_almourol-e1611683530253.jpg\",\"datePublished\":\"2020-07-03T14:24:29+00:00\",\"dateModified\":\"2023-03-27T15:33:56+00:00\",\"breadcrumb\":{\"@id\":\"https:\\\/\\\/legendatours.com\\\/product\\\/the-last-redoubt-of-the-knights-templar-1400g\\\/#breadcrumb\"},\"inLanguage\":\"pt-PT\",\"potentialAction\":[{\"@type\":\"ReadAction\",\"target\":[\"https:\\\/\\\/legendatours.com\\\/product\\\/the-last-redoubt-of-the-knights-templar-1400g\\\/\"]}]},{\"@type\":\"ImageObject\",\"inLanguage\":\"pt-PT\",\"@id\":\"https:\\\/\\\/legendatours.com\\\/product\\\/the-last-redoubt-of-the-knights-templar-1400g\\\/#primaryimage\",\"url\":\"https:\\\/\\\/legendatours.com\\\/wp-content\\\/uploads\\\/sites\\\/12\\\/2021\\\/04\\\/castle_almourol-e1611683530253.jpg\",\"contentUrl\":\"https:\\\/\\\/legendatours.com\\\/wp-content\\\/uploads\\\/sites\\\/12\\\/2021\\\/04\\\/castle_almourol-e1611683530253.jpg\",\"width\":1024,\"height\":719,\"caption\":\"Castelo almourol\"},{\"@type\":\"BreadcrumbList\",\"@id\":\"https:\\\/\\\/legendatours.com\\\/product\\\/the-last-redoubt-of-the-knights-templar-1400g\\\/#breadcrumb\",\"itemListElement\":[{\"@type\":\"ListItem\",\"position\":1,\"name\":\"Home\",\"item\":\"https:\\\/\\\/legendatours.com\\\/\"},{\"@type\":\"ListItem\",\"position\":2,\"name\":\"Shop\",\"item\":\"https:\\\/\\\/legendatours.com\\\/sv\\\/?page_id=4\"},{\"@type\":\"ListItem\",\"position\":3,\"name\":\"Walking in The Last Redoubt of the Knights Templar\"}]},{\"@type\":\"WebSite\",\"@id\":\"https:\\\/\\\/legendatours.com\\\/#website\",\"url\":\"https:\\\/\\\/legendatours.com\\\/\",\"name\":\"Legendary Adventure DMC Portugal\",\"description\":\"Responsible Walking &amp; Nature Holidays in Portugal\",\"publisher\":{\"@id\":\"https:\\\/\\\/legendatours.com\\\/#organization\"},\"alternateName\":\"Legendary Adventure Portugal\",\"potentialAction\":[{\"@type\":\"SearchAction\",\"target\":{\"@type\":\"EntryPoint\",\"urlTemplate\":\"https:\\\/\\\/legendatours.com\\\/?s={search_term_string}\"},\"query-input\":{\"@type\":\"PropertyValueSpecification\",\"valueRequired\":true,\"valueName\":\"search_term_string\"}}],\"inLanguage\":\"pt-PT\"},{\"@type\":\"Organization\",\"@id\":\"https:\\\/\\\/legendatours.com\\\/#organization\",\"name\":\"legendatours.com\",\"url\":\"https:\\\/\\\/legendatours.com\\\/\",\"logo\":{\"@type\":\"ImageObject\",\"inLanguage\":\"pt-PT\",\"@id\":\"https:\\\/\\\/legendatours.com\\\/#\\\/schema\\\/logo\\\/image\\\/\",\"url\":\"https:\\\/\\\/legendatours.com\\\/wp-content\\\/uploads\\\/sites\\\/12\\\/2021\\\/06\\\/legendary_adventure_dmc.png\",\"contentUrl\":\"https:\\\/\\\/legendatours.com\\\/wp-content\\\/uploads\\\/sites\\\/12\\\/2021\\\/06\\\/legendary_adventure_dmc.png\",\"width\":250,\"height\":74,\"caption\":\"legendatours.com\"},\"image\":{\"@id\":\"https:\\\/\\\/legendatours.com\\\/#\\\/schema\\\/logo\\\/image\\\/\"},\"sameAs\":[\"https:\\\/\\\/www.facebook.com\\\/legendaryadventuredmc\\\/\",\"https:\\\/\\\/www.linkedin.com\\\/company\\\/legendary-adventure-dmc-portugal\",\"https:\\\/\\\/www.youtube.com\\\/channel\\\/UCOIRDx_KM6ynIcacQkZjb6g\"]}]}<\/script>\n<!-- \/ Yoast SEO Premium plugin. -->","yoast_head_json":{"title":"Caminhando no \u00daltimo Reduto dos Cavaleiros Templ\u00e1rios - Legendary Adventure DMC Portugal","robots":{"index":"index","follow":"follow","max-snippet":"max-snippet:-1","max-image-preview":"max-image-preview:large","max-video-preview":"max-video-preview:-1"},"canonical":"https:\/\/legendatours.com\/pt\/produto\/the-last-redoubt-of-the-knights-templar-1400g\/","og_locale":"pt_PT","og_type":"article","og_title":"Walking in The Last Redoubt of the Knights Templar","og_description":"This tour was designed for lovers of history, culture, and tradition. You will visit some of the most important historical Knights Templar locations in the world. But it will be much more than just visiting castles and abbeys. We will also show you the marvelous countryside and enjoy great food and wine!  There is much to see, but there will be plenty of time to relax as well! Our intention is that you will have the experience of a lifetime. And as they say: \u201cOnce seen, never forgotten\u2026\u201d","og_url":"https:\/\/legendatours.com\/pt\/produto\/the-last-redoubt-of-the-knights-templar-1400g\/","og_site_name":"Legendary Adventure DMC Portugal","article_publisher":"https:\/\/www.facebook.com\/legendaryadventuredmc\/","article_modified_time":"2023-03-27T15:33:56+00:00","og_image":[{"width":1024,"height":719,"url":"https:\/\/legendatours.com\/wp-content\/uploads\/sites\/12\/2021\/04\/castle_almourol-e1611683530253.jpg","type":"image\/jpeg"}],"twitter_card":"summary_large_image","twitter_misc":{"Tempo estimado de leitura":"2 minutos"},"schema":{"@context":"https:\/\/schema.org","@graph":[{"@type":"WebPage","@id":"https:\/\/legendatours.com\/product\/the-last-redoubt-of-the-knights-templar-1400g\/","url":"https:\/\/legendatours.com\/product\/the-last-redoubt-of-the-knights-templar-1400g\/","name":"Caminhando no \u00daltimo Reduto dos Cavaleiros Templ\u00e1rios - Legendary Adventure DMC Portugal","isPartOf":{"@id":"https:\/\/legendatours.com\/#website"},"primaryImageOfPage":{"@id":"https:\/\/legendatours.com\/product\/the-last-redoubt-of-the-knights-templar-1400g\/#primaryimage"},"image":{"@id":"https:\/\/legendatours.com\/product\/the-last-redoubt-of-the-knights-templar-1400g\/#primaryimage"},"thumbnailUrl":"https:\/\/legendatours.com\/wp-content\/uploads\/sites\/12\/2021\/04\/castle_almourol-e1611683530253.jpg","datePublished":"2020-07-03T14:24:29+00:00","dateModified":"2023-03-27T15:33:56+00:00","breadcrumb":{"@id":"https:\/\/legendatours.com\/product\/the-last-redoubt-of-the-knights-templar-1400g\/#breadcrumb"},"inLanguage":"pt-PT","potentialAction":[{"@type":"ReadAction","target":["https:\/\/legendatours.com\/product\/the-last-redoubt-of-the-knights-templar-1400g\/"]}]},{"@type":"ImageObject","inLanguage":"pt-PT","@id":"https:\/\/legendatours.com\/product\/the-last-redoubt-of-the-knights-templar-1400g\/#primaryimage","url":"https:\/\/legendatours.com\/wp-content\/uploads\/sites\/12\/2021\/04\/castle_almourol-e1611683530253.jpg","contentUrl":"https:\/\/legendatours.com\/wp-content\/uploads\/sites\/12\/2021\/04\/castle_almourol-e1611683530253.jpg","width":1024,"height":719,"caption":"Castelo almourol"},{"@type":"BreadcrumbList","@id":"https:\/\/legendatours.com\/product\/the-last-redoubt-of-the-knights-templar-1400g\/#breadcrumb","itemListElement":[{"@type":"ListItem","position":1,"name":"Home","item":"https:\/\/legendatours.com\/"},{"@type":"ListItem","position":2,"name":"Shop","item":"https:\/\/legendatours.com\/sv\/?page_id=4"},{"@type":"ListItem","position":3,"name":"Walking in The Last Redoubt of the Knights Templar"}]},{"@type":"WebSite","@id":"https:\/\/legendatours.com\/#website","url":"https:\/\/legendatours.com\/","name":"Legendary Adventure DMC Portugal","description":"Caminhadas e F\u00e9rias na Natureza Respons\u00e1veis em Portugal","publisher":{"@id":"https:\/\/legendatours.com\/#organization"},"alternateName":"Legendary Adventure Portugal","potentialAction":[{"@type":"SearchAction","target":{"@type":"EntryPoint","urlTemplate":"https:\/\/legendatours.com\/?s={search_term_string}"},"query-input":{"@type":"PropertyValueSpecification","valueRequired":true,"valueName":"search_term_string"}}],"inLanguage":"pt-PT"},{"@type":"Organization","@id":"https:\/\/legendatours.com\/#organization","name":"legendatours.com","url":"https:\/\/legendatours.com\/","logo":{"@type":"ImageObject","inLanguage":"pt-PT","@id":"https:\/\/legendatours.com\/#\/schema\/logo\/image\/","url":"https:\/\/legendatours.com\/wp-content\/uploads\/sites\/12\/2021\/06\/legendary_adventure_dmc.png","contentUrl":"https:\/\/legendatours.com\/wp-content\/uploads\/sites\/12\/2021\/06\/legendary_adventure_dmc.png","width":250,"height":74,"caption":"legendatours.com"},"image":{"@id":"https:\/\/legendatours.com\/#\/schema\/logo\/image\/"},"sameAs":["https:\/\/www.facebook.com\/legendaryadventuredmc\/","https:\/\/www.linkedin.com\/company\/legendary-adventure-dmc-portugal","https:\/\/www.youtube.com\/channel\/UCOIRDx_KM6ynIcacQkZjb6g"]}]}},"_links":{"self":[{"href":"https:\/\/legendatours.com\/pt\/wp-json\/wp\/v2\/product\/7882","targetHints":{"allow":["GET"]}}],"collection":[{"href":"https:\/\/legendatours.com\/pt\/wp-json\/wp\/v2\/product"}],"about":[{"href":"https:\/\/legendatours.com\/pt\/wp-json\/wp\/v2\/types\/product"}],"replies":[{"embeddable":true,"href":"https:\/\/legendatours.com\/pt\/wp-json\/wp\/v2\/comments?post=7882"}],"wp:featuredmedia":[{"embeddable":true,"href":"https:\/\/legendatours.com\/pt\/wp-json\/wp\/v2\/media\/7878"}],"wp:attachment":[{"href":"https:\/\/legendatours.com\/pt\/wp-json\/wp\/v2\/media?parent=7882"}],"wp:term":[{"taxonomy":"product_brand","embeddable":true,"href":"https:\/\/legendatours.com\/pt\/wp-json\/wp\/v2\/product_brand?post=7882"},{"taxonomy":"product_cat","embeddable":true,"href":"https:\/\/legendatours.com\/pt\/wp-json\/wp\/v2\/product_cat?post=7882"},{"taxonomy":"product_tag","embeddable":true,"href":"https:\/\/legendatours.com\/pt\/wp-json\/wp\/v2\/product_tag?post=7882"}],"curies":[{"name":"wp","href":"https:\/\/api.w.org\/{rel}","templated":true}]}}