{"id":7885,"date":"2020-07-02T15:15:46","date_gmt":"2020-07-02T15:15:46","guid":{"rendered":"https:\/\/legendatours.com\/product\/walking-in-peneda-geres-national-park\/"},"modified":"2021-08-11T17:51:41","modified_gmt":"2021-08-11T17:51:41","slug":"peneda-geres-national-park-1200g","status":"publish","type":"product","link":"https:\/\/legendatours.com\/pt\/produto\/peneda-geres-national-park-1200g\/","title":{"rendered":"Passeio no Parque Nacional da Peneda Ger\u00eas"},"content":{"rendered":"<p><strong>Aceita grupos com no m\u00ednimo 6 pax.<\/strong><\/p>\n<p>&nbsp;<\/p>\n<p>No norte de Portugal, talvez a mais magn\u00edfica de todas as cadeias montanhosas seja a Serra do Ger\u00eas.<\/p>\n<p>Compreende metade da maior Reserva Natural de Portugal e varia de luxuriantes lagos e rios de plan\u00edcie a impressionantes cumes de granito de alta montanha que separam Portugal da Espanha.<\/p>\n<div id=\"attachment_2777\" style=\"width: 1034px\" class=\"wp-caption alignnone\"><img loading=\"lazy\" decoding=\"async\" aria-describedby=\"caption-attachment-2777\" class=\"wp-image-2777 size-large\" src=\"https:\/\/legendatours.net\/wp-content\/uploads\/2020\/07\/geres_moorland-1024x731.jpg\" alt=\"Walking in Peneda National Park Portugal\" width=\"1024\" height=\"731\" \/><p id=\"caption-attachment-2777\" class=\"wp-caption-text\">Passeio em grupo pelo Ger\u00eas, explore o aut\u00eantico Portugal, longe das multid\u00f5es, e passeie por paisagens deslumbrantes.<\/p><\/div>\n<p>O Parque Nacional da Peneda Ger\u00eas \u00e9 uma das maiores atrac\u00e7\u00f5es naturais de Portugal pela rara e impressionante beleza da sua paisagem, pelo seu valor ecol\u00f3gico e pela variedade da sua fauna e flora.<\/p>\n<p>Passeie silenciosamente ao longo das intrincadas linhas costeiras de lagos rodeados por campos antigos repletos de flores silvestres e repletos de vinhas e azeitonas. Nas colinas mais baixas, exploramos aldeias antigas que parecem ainda existir em uma \u00e9poca muito passada e cujas pessoas ainda vivem em harmonia com a natureza e seus arredores.<\/p>\n<p>Existem vales arborizados esculpidos por rios que descem em cascatas em maravilhosas piscinas de \u00e1gua limpa e fresca. Em seguida, trilhas de granito antigas nos levam pelas montanhas para altos vales escondidos onde ainda se encontram rebanhos de cabras em seu circuito di\u00e1rio e vaqueiros protegendo seu gado enquanto eles se movem lentamente de um pasto para o outro, nas profundezas das montanhas, at\u00e9 que estejam prontos para descer no outono.<\/p>\n<div id=\"attachment_2803\" style=\"width: 1034px\" class=\"wp-caption alignnone\"><img loading=\"lazy\" decoding=\"async\" aria-describedby=\"caption-attachment-2803\" class=\"wp-image-2803 size-large\" src=\"https:\/\/legendatours.net\/wp-content\/uploads\/2020\/07\/geres-2-1024x671.jpg\" alt=\"GER\u00caS NATIONAL PARK crystal clear waters\" width=\"1024\" height=\"671\" \/><p id=\"caption-attachment-2803\" class=\"wp-caption-text\">PARQUE NACIONAL DO GER\u00caS \u00c1guas cristalinas. Explore os mais populares\u00a0<em>andando<\/em>\u00a0trilhas no Parque Nacional da Peneda-<em>Ger\u00eas<\/em><\/p><\/div>\n<p>Aqui, cavalos selvagens Garrano, cujos ancestrais habitaram essas colinas antes mesmo da chegada dos celtas, ainda vagam livres.<\/p>\n<p>Lobos e javalis percorrem as partes mais remotas dessas montanhas, enquanto \u00e1guias e outras aves de rapina voam l\u00e1 em cima.<\/p>\n<p>Esta \u00e9 realmente uma das \u00faltimas regi\u00f5es selvagens da Europa.<\/p>\n<p>No final do dia, no vale protegido, o nosso hotel oferece um ref\u00fagio de conforto com o seu bar e esplanada e o seu restaurante de renome local.<\/p>\n<p>Este feriado foi desenhado pelos nossos especialistas portugueses que vivem perto do parque; voc\u00ea n\u00e3o pode obter uma recomenda\u00e7\u00e3o maior do que isso.<\/p>","protected":false},"excerpt":{"rendered":"<p>No norte de Portugal, talvez a mais magn\u00edfica de todas as cadeias montanhosas seja a Serra do Ger\u00eas.<\/p>\n<p>Compreende metade da maior Reserva Natural de Portugal e varia de luxuriantes lagos e rios de plan\u00edcie a impressionantes cumes de granito de alta montanha que separam Portugal da Espanha.<\/p>\n<p>O Parque Nacional da Peneda Ger\u00eas \u00e9 uma das maiores atrac\u00e7\u00f5es naturais de Portugal pela rara e impressionante beleza da sua paisagem, pelo seu valor ecol\u00f3gico e pela variedade da sua fauna e flora.<\/p>","protected":false},"featured_media":7883,"comment_status":"closed","ping_status":"closed","template":"","meta":{"_acf_changed":false,"inline_featured_image":false},"product_brand":[],"product_cat":[28,30,31],"product_tag":[212,78,669,670,663,87,671,415,95,97,98,162,272,624,417,418,419,106,60,68,208,420,121,112,122,527,422,672,546],"class_list":{"0":"post-7885","1":"product","2":"type-product","3":"status-publish","4":"has-post-thumbnail","6":"product_cat-guided-group-tours","7":"product_cat-guided-sightseeing-holidays-portugal","8":"product_cat-guided-walking-holidays-in-portugal","9":"product_tag-ancient-buildings","10":"product_tag-beautiful-landscapes","11":"product_tag-cascata-do-arado","12":"product_tag-ecological-value","13":"product_tag-fauna-and-flora","14":"product_tag-green-landscape","15":"product_tag-harmony-with-nature","16":"product_tag-hidden-valleys","17":"product_tag-magnificent-landscape","18":"product_tag-natural-park","19":"product_tag-natural-reserves","20":"product_tag-nature-walks","21":"product_tag-north-of-portugal","22":"product_tag-peneda","23":"product_tag-peneda-geres","24":"product_tag-peneda-geres-national-park","25":"product_tag-peneda-geres-walking","26":"product_tag-picturesque-landscapes","27":"product_tag-portugal","28":"product_tag-tours-in-portugal","29":"product_tag-traditional-villages","30":"product_tag-typical-villages","31":"product_tag-walking","32":"product_tag-walking-holidays","33":"product_tag-walking-tours","34":"product_tag-waterfalls","35":"product_tag-wild-flowers","36":"product_tag-wildernesses","37":"product_tag-wildlife","39":"first","40":"instock","41":"virtual","42":"product-type-simple"},"acf":[],"yoast_head":"<!-- This site is optimized with the Yoast SEO Premium plugin v26.8 (Yoast SEO v27.5) - https:\/\/yoast.com\/product\/yoast-seo-premium-wordpress\/ -->\n<title>Walking in Peneda Ger\u00eas National Park - Legendary Adventure DMC Portugal<\/title>\n<meta name=\"robots\" content=\"index, follow, max-snippet:-1, max-image-preview:large, max-video-preview:-1\" \/>\n<link rel=\"canonical\" href=\"https:\/\/legendatours.com\/pt\/produto\/peneda-geres-national-park-1200g\/\" \/>\n<meta property=\"og:locale\" content=\"pt_PT\" \/>\n<meta property=\"og:type\" content=\"article\" \/>\n<meta property=\"og:title\" content=\"Walking in Peneda Ger\u00eas National Park\" \/>\n<meta property=\"og:description\" content=\"In northern Portugal, perhaps the most magnificent of all the mountain ranges is the Serra do Ger\u00eas.  It comprises half of Portugal\u2019s biggest Natural Reserve and varies from lush lowland lakes and rivers to dramatic high mountain granite ridges separating Portugal from Spain.  The Peneda Ger\u00eas National Park is one of the greatest natural attractions in Portugal due to the rare and impressive beauty of its landscape, its ecological value, and the variety of its fauna and flora.\" \/>\n<meta property=\"og:url\" content=\"https:\/\/legendatours.com\/pt\/produto\/peneda-geres-national-park-1200g\/\" \/>\n<meta property=\"og:site_name\" content=\"Legendary Adventure DMC Portugal\" \/>\n<meta property=\"article:publisher\" content=\"https:\/\/www.facebook.com\/legendaryadventuredmc\/\" \/>\n<meta property=\"article:modified_time\" content=\"2021-08-11T17:51:41+00:00\" \/>\n<meta property=\"og:image\" content=\"https:\/\/legendatours.com\/wp-content\/uploads\/sites\/12\/2021\/04\/geres-e1611683616962.jpg\" \/>\n\t<meta property=\"og:image:width\" content=\"1024\" \/>\n\t<meta property=\"og:image:height\" content=\"697\" \/>\n\t<meta property=\"og:image:type\" content=\"image\/jpeg\" \/>\n<meta name=\"twitter:card\" content=\"summary_large_image\" \/>\n<meta name=\"twitter:label1\" content=\"Tempo estimado de leitura\" \/>\n\t<meta name=\"twitter:data1\" content=\"2 minutos\" \/>\n<script type=\"application\/ld+json\" class=\"yoast-schema-graph\">{\"@context\":\"https:\\\/\\\/schema.org\",\"@graph\":[{\"@type\":\"WebPage\",\"@id\":\"https:\\\/\\\/legendatours.com\\\/product\\\/peneda-geres-national-park-1200g\\\/\",\"url\":\"https:\\\/\\\/legendatours.com\\\/product\\\/peneda-geres-national-park-1200g\\\/\",\"name\":\"Walking in Peneda Ger\u00eas National Park - Legendary Adventure DMC Portugal\",\"isPartOf\":{\"@id\":\"https:\\\/\\\/legendatours.com\\\/#website\"},\"primaryImageOfPage\":{\"@id\":\"https:\\\/\\\/legendatours.com\\\/product\\\/peneda-geres-national-park-1200g\\\/#primaryimage\"},\"image\":{\"@id\":\"https:\\\/\\\/legendatours.com\\\/product\\\/peneda-geres-national-park-1200g\\\/#primaryimage\"},\"thumbnailUrl\":\"https:\\\/\\\/legendatours.com\\\/wp-content\\\/uploads\\\/sites\\\/12\\\/2021\\\/04\\\/geres-e1611683616962.jpg\",\"datePublished\":\"2020-07-02T15:15:46+00:00\",\"dateModified\":\"2021-08-11T17:51:41+00:00\",\"breadcrumb\":{\"@id\":\"https:\\\/\\\/legendatours.com\\\/product\\\/peneda-geres-national-park-1200g\\\/#breadcrumb\"},\"inLanguage\":\"pt-PT\",\"potentialAction\":[{\"@type\":\"ReadAction\",\"target\":[\"https:\\\/\\\/legendatours.com\\\/product\\\/peneda-geres-national-park-1200g\\\/\"]}]},{\"@type\":\"ImageObject\",\"inLanguage\":\"pt-PT\",\"@id\":\"https:\\\/\\\/legendatours.com\\\/product\\\/peneda-geres-national-park-1200g\\\/#primaryimage\",\"url\":\"https:\\\/\\\/legendatours.com\\\/wp-content\\\/uploads\\\/sites\\\/12\\\/2021\\\/04\\\/geres-e1611683616962.jpg\",\"contentUrl\":\"https:\\\/\\\/legendatours.com\\\/wp-content\\\/uploads\\\/sites\\\/12\\\/2021\\\/04\\\/geres-e1611683616962.jpg\",\"width\":1024,\"height\":697,\"caption\":\"Geres walking group\"},{\"@type\":\"BreadcrumbList\",\"@id\":\"https:\\\/\\\/legendatours.com\\\/product\\\/peneda-geres-national-park-1200g\\\/#breadcrumb\",\"itemListElement\":[{\"@type\":\"ListItem\",\"position\":1,\"name\":\"Home\",\"item\":\"https:\\\/\\\/legendatours.com\\\/\"},{\"@type\":\"ListItem\",\"position\":2,\"name\":\"Shop\",\"item\":\"https:\\\/\\\/legendatours.com\\\/sv\\\/?page_id=4\"},{\"@type\":\"ListItem\",\"position\":3,\"name\":\"Walking in Peneda Ger\u00eas National Park\"}]},{\"@type\":\"WebSite\",\"@id\":\"https:\\\/\\\/legendatours.com\\\/#website\",\"url\":\"https:\\\/\\\/legendatours.com\\\/\",\"name\":\"Legendary Adventure DMC Portugal\",\"description\":\"Responsible Walking &amp; Nature Holidays in Portugal\",\"publisher\":{\"@id\":\"https:\\\/\\\/legendatours.com\\\/#organization\"},\"alternateName\":\"Legendary Adventure Portugal\",\"potentialAction\":[{\"@type\":\"SearchAction\",\"target\":{\"@type\":\"EntryPoint\",\"urlTemplate\":\"https:\\\/\\\/legendatours.com\\\/?s={search_term_string}\"},\"query-input\":{\"@type\":\"PropertyValueSpecification\",\"valueRequired\":true,\"valueName\":\"search_term_string\"}}],\"inLanguage\":\"pt-PT\"},{\"@type\":\"Organization\",\"@id\":\"https:\\\/\\\/legendatours.com\\\/#organization\",\"name\":\"legendatours.com\",\"url\":\"https:\\\/\\\/legendatours.com\\\/\",\"logo\":{\"@type\":\"ImageObject\",\"inLanguage\":\"pt-PT\",\"@id\":\"https:\\\/\\\/legendatours.com\\\/#\\\/schema\\\/logo\\\/image\\\/\",\"url\":\"https:\\\/\\\/legendatours.com\\\/wp-content\\\/uploads\\\/sites\\\/12\\\/2021\\\/06\\\/legendary_adventure_dmc.png\",\"contentUrl\":\"https:\\\/\\\/legendatours.com\\\/wp-content\\\/uploads\\\/sites\\\/12\\\/2021\\\/06\\\/legendary_adventure_dmc.png\",\"width\":250,\"height\":74,\"caption\":\"legendatours.com\"},\"image\":{\"@id\":\"https:\\\/\\\/legendatours.com\\\/#\\\/schema\\\/logo\\\/image\\\/\"},\"sameAs\":[\"https:\\\/\\\/www.facebook.com\\\/legendaryadventuredmc\\\/\",\"https:\\\/\\\/www.linkedin.com\\\/company\\\/legendary-adventure-dmc-portugal\",\"https:\\\/\\\/www.youtube.com\\\/channel\\\/UCOIRDx_KM6ynIcacQkZjb6g\"]}]}<\/script>\n<!-- \/ Yoast SEO Premium plugin. -->","yoast_head_json":{"title":"Passeios no Parque Nacional da Peneda Ger\u00eas - Legendary Adventure DMC Portugal","robots":{"index":"index","follow":"follow","max-snippet":"max-snippet:-1","max-image-preview":"max-image-preview:large","max-video-preview":"max-video-preview:-1"},"canonical":"https:\/\/legendatours.com\/pt\/produto\/peneda-geres-national-park-1200g\/","og_locale":"pt_PT","og_type":"article","og_title":"Walking in Peneda Ger\u00eas National Park","og_description":"In northern Portugal, perhaps the most magnificent of all the mountain ranges is the Serra do Ger\u00eas.  It comprises half of Portugal\u2019s biggest Natural Reserve and varies from lush lowland lakes and rivers to dramatic high mountain granite ridges separating Portugal from Spain.  The Peneda Ger\u00eas National Park is one of the greatest natural attractions in Portugal due to the rare and impressive beauty of its landscape, its ecological value, and the variety of its fauna and flora.","og_url":"https:\/\/legendatours.com\/pt\/produto\/peneda-geres-national-park-1200g\/","og_site_name":"Legendary Adventure DMC Portugal","article_publisher":"https:\/\/www.facebook.com\/legendaryadventuredmc\/","article_modified_time":"2021-08-11T17:51:41+00:00","og_image":[{"width":1024,"height":697,"url":"https:\/\/legendatours.com\/wp-content\/uploads\/sites\/12\/2021\/04\/geres-e1611683616962.jpg","type":"image\/jpeg"}],"twitter_card":"summary_large_image","twitter_misc":{"Tempo estimado de leitura":"2 minutos"},"schema":{"@context":"https:\/\/schema.org","@graph":[{"@type":"WebPage","@id":"https:\/\/legendatours.com\/product\/peneda-geres-national-park-1200g\/","url":"https:\/\/legendatours.com\/product\/peneda-geres-national-park-1200g\/","name":"Passeios no Parque Nacional da Peneda Ger\u00eas - Legendary Adventure DMC Portugal","isPartOf":{"@id":"https:\/\/legendatours.com\/#website"},"primaryImageOfPage":{"@id":"https:\/\/legendatours.com\/product\/peneda-geres-national-park-1200g\/#primaryimage"},"image":{"@id":"https:\/\/legendatours.com\/product\/peneda-geres-national-park-1200g\/#primaryimage"},"thumbnailUrl":"https:\/\/legendatours.com\/wp-content\/uploads\/sites\/12\/2021\/04\/geres-e1611683616962.jpg","datePublished":"2020-07-02T15:15:46+00:00","dateModified":"2021-08-11T17:51:41+00:00","breadcrumb":{"@id":"https:\/\/legendatours.com\/product\/peneda-geres-national-park-1200g\/#breadcrumb"},"inLanguage":"pt-PT","potentialAction":[{"@type":"ReadAction","target":["https:\/\/legendatours.com\/product\/peneda-geres-national-park-1200g\/"]}]},{"@type":"ImageObject","inLanguage":"pt-PT","@id":"https:\/\/legendatours.com\/product\/peneda-geres-national-park-1200g\/#primaryimage","url":"https:\/\/legendatours.com\/wp-content\/uploads\/sites\/12\/2021\/04\/geres-e1611683616962.jpg","contentUrl":"https:\/\/legendatours.com\/wp-content\/uploads\/sites\/12\/2021\/04\/geres-e1611683616962.jpg","width":1024,"height":697,"caption":"Geres walking group"},{"@type":"BreadcrumbList","@id":"https:\/\/legendatours.com\/product\/peneda-geres-national-park-1200g\/#breadcrumb","itemListElement":[{"@type":"ListItem","position":1,"name":"Home","item":"https:\/\/legendatours.com\/"},{"@type":"ListItem","position":2,"name":"Shop","item":"https:\/\/legendatours.com\/sv\/?page_id=4"},{"@type":"ListItem","position":3,"name":"Walking in Peneda Ger\u00eas National Park"}]},{"@type":"WebSite","@id":"https:\/\/legendatours.com\/#website","url":"https:\/\/legendatours.com\/","name":"Legendary Adventure DMC Portugal","description":"Caminhadas e F\u00e9rias na Natureza Respons\u00e1veis em Portugal","publisher":{"@id":"https:\/\/legendatours.com\/#organization"},"alternateName":"Legendary Adventure Portugal","potentialAction":[{"@type":"SearchAction","target":{"@type":"EntryPoint","urlTemplate":"https:\/\/legendatours.com\/?s={search_term_string}"},"query-input":{"@type":"PropertyValueSpecification","valueRequired":true,"valueName":"search_term_string"}}],"inLanguage":"pt-PT"},{"@type":"Organization","@id":"https:\/\/legendatours.com\/#organization","name":"legendatours.com","url":"https:\/\/legendatours.com\/","logo":{"@type":"ImageObject","inLanguage":"pt-PT","@id":"https:\/\/legendatours.com\/#\/schema\/logo\/image\/","url":"https:\/\/legendatours.com\/wp-content\/uploads\/sites\/12\/2021\/06\/legendary_adventure_dmc.png","contentUrl":"https:\/\/legendatours.com\/wp-content\/uploads\/sites\/12\/2021\/06\/legendary_adventure_dmc.png","width":250,"height":74,"caption":"legendatours.com"},"image":{"@id":"https:\/\/legendatours.com\/#\/schema\/logo\/image\/"},"sameAs":["https:\/\/www.facebook.com\/legendaryadventuredmc\/","https:\/\/www.linkedin.com\/company\/legendary-adventure-dmc-portugal","https:\/\/www.youtube.com\/channel\/UCOIRDx_KM6ynIcacQkZjb6g"]}]}},"_links":{"self":[{"href":"https:\/\/legendatours.com\/pt\/wp-json\/wp\/v2\/product\/7885","targetHints":{"allow":["GET"]}}],"collection":[{"href":"https:\/\/legendatours.com\/pt\/wp-json\/wp\/v2\/product"}],"about":[{"href":"https:\/\/legendatours.com\/pt\/wp-json\/wp\/v2\/types\/product"}],"replies":[{"embeddable":true,"href":"https:\/\/legendatours.com\/pt\/wp-json\/wp\/v2\/comments?post=7885"}],"wp:featuredmedia":[{"embeddable":true,"href":"https:\/\/legendatours.com\/pt\/wp-json\/wp\/v2\/media\/7883"}],"wp:attachment":[{"href":"https:\/\/legendatours.com\/pt\/wp-json\/wp\/v2\/media?parent=7885"}],"wp:term":[{"taxonomy":"product_brand","embeddable":true,"href":"https:\/\/legendatours.com\/pt\/wp-json\/wp\/v2\/product_brand?post=7885"},{"taxonomy":"product_cat","embeddable":true,"href":"https:\/\/legendatours.com\/pt\/wp-json\/wp\/v2\/product_cat?post=7885"},{"taxonomy":"product_tag","embeddable":true,"href":"https:\/\/legendatours.com\/pt\/wp-json\/wp\/v2\/product_tag?post=7885"}],"curies":[{"name":"wp","href":"https:\/\/api.w.org\/{rel}","templated":true}]}}