{"id":7936,"date":"2020-06-29T13:48:16","date_gmt":"2020-06-29T13:48:16","guid":{"rendered":"https:\/\/legendatours.com\/product\/enjoy-monte-gordo\/"},"modified":"2021-08-11T18:02:25","modified_gmt":"2021-08-11T18:02:25","slug":"enjoy-monte-gordo-6500pk","status":"publish","type":"product","link":"https:\/\/legendatours.com\/pt\/produto\/enjoy-monte-gordo-6500pk\/","title":{"rendered":"Desfrute de Monte Gordo"},"content":{"rendered":"<p>Monte Gordo \u00e9 uma popular est\u00e2ncia de f\u00e9rias localizada numa das melhores praias do Sotavento Algarvio.<\/p>\n<p>A deslumbrante faixa de quil\u00f4metros de extens\u00e3o, de \u00e1guas mornas e suaves azul-turquesa, \u00e9 uma das mais seguras do Algarve, sem correntes fortes e ondas pequenas.<\/p>\n<p>Monte Gordo \u00e9 uma excelente op\u00e7\u00e3o de f\u00e9rias para fam\u00edlias com filhos, visitantes maduros que procuram dias relaxantes e para aqueles que adoram experi\u00eancias de praia fant\u00e1sticas!<\/p>\n<p>O grande cal\u00e7ad\u00e3o de frente para o mar \u00e9 repleto de restaurantes para todos os gostos, bares, artistas, vendedores ambulantes e um Cassino. \u00c0 noite, as pessoas se aglomeram para um passeio noturno de lazer, e o ambiente familiar atrai visitantes de v\u00e1rias nacionalidades e idades.<\/p>\n<div id=\"attachment_2680\" style=\"width: 1034px\" class=\"wp-caption alignnone\"><img loading=\"lazy\" decoding=\"async\" aria-describedby=\"caption-attachment-2680\" class=\"wp-image-2680 size-large\" src=\"https:\/\/legendatours.net\/wp-content\/uploads\/2020\/06\/montegordo_fishing_boats-1024x683.jpg\" alt=\"Montegordo fishing boats\" width=\"1024\" height=\"683\" \/><p id=\"caption-attachment-2680\" class=\"wp-caption-text\">Barcos de pesca de Monte Gordo<\/p><\/div>\n<p>A vida nocturna \u00e9 sobretudo descontra\u00edda e social, sem a cultura de beber pesado de outras populares est\u00e2ncias algarvias.<\/p>\n<p>Poderia facilmente passar os seus dias a descansar na gloriosa praia de Monte Gordo, mas se estiver interessado em mais, h\u00e1 muito para ver e fazer no Sotavento Algarvio.<\/p>\n<p>Nas proximidades, pode visitar as cidades hist\u00f3ricas de Tavira, Castro Marim e Vila Real de Santo Ant\u00f3nio.<\/p>\n<p>A partir de Tavira, tamb\u00e9m pode desfrutar de um divertido passeio de barco no Parque Natural da Ria Formosa, um sistema de lagoas de uma beleza natural surpreendente.<\/p>\n<div id=\"attachment_2144\" style=\"width: 1034px\" class=\"wp-caption alignnone\"><img loading=\"lazy\" decoding=\"async\" aria-describedby=\"caption-attachment-2144\" class=\"wp-image-2144 size-large\" src=\"https:\/\/legendatours.net\/wp-content\/uploads\/2020\/05\/montegordo_beach-1024x768.jpg\" alt=\"Beach Montegordo\" width=\"1024\" height=\"768\" \/><p id=\"caption-attachment-2144\" class=\"wp-caption-text\">Praia Montegordo<\/p><\/div>\n<p>A Espanha fica a apenas uma viagem de balsa, na outra margem do ador\u00e1vel rio Guadiana.<br \/>\nUmas f\u00e9rias nesta maravilhosa regi\u00e3o, com a praia rodeada de pinhais, \u00e9 tamb\u00e9m uma oportunidade para actividades desportivas e de lazer, utilizando os trilhos de avi\u00e3o para andar de bicicleta, fazer caminhadas ou desfrutar das v\u00e1rias actividades do seu hotel.<\/p>\n<p>Monte Gordo pode n\u00e3o ser o resort mais famoso, mas voc\u00ea vai lutar para encontrar uma praia melhor do que esta na Europa Ocidental, e voc\u00ea obter\u00e1 um excelente valor pelo seu dinheiro!<\/p>","protected":false},"excerpt":{"rendered":"<p>Monte Gordo \u00e9 uma popular est\u00e2ncia de f\u00e9rias localizada numa das melhores praias do Sotavento Algarvio.<\/p>\n<p>A deslumbrante faixa de quil\u00f4metros de extens\u00e3o, de \u00e1guas mornas e suaves azul-turquesa, \u00e9 uma das mais seguras do Algarve, sem correntes fortes e ondas pequenas.<\/p>\n<p>Monte Gordo \u00e9 uma excelente op\u00e7\u00e3o de f\u00e9rias para fam\u00edlias com filhos, visitantes maduros que procuram dias relaxantes e para aqueles que adoram experi\u00eancias de praia fant\u00e1sticas!<\/p>","protected":false},"featured_media":7922,"comment_status":"closed","ping_status":"closed","template":"","meta":{"_acf_changed":false,"inline_featured_image":false},"product_brand":[],"product_cat":[697,686],"product_tag":[147,698,460,36,154,46,195,160,699,313,700,55,701,702,478,690,691,60,169,692,228,677,693,694,695,703,704,368,626,705],"class_list":{"0":"post-7936","1":"product","2":"type-product","3":"status-publish","4":"has-post-thumbnail","6":"product_cat-enjoy-6-days-tour-portugal","7":"product_cat-holiday-packs-tours-portugal","8":"product_tag-algarve","9":"product_tag-casino","10":"product_tag-castro-marim","11":"product_tag-cultural-heritage","12":"product_tag-east-algarve","13":"product_tag-gastronomy-and-wines","14":"product_tag-history-and-heritage","15":"product_tag-holidays","16":"product_tag-ideal-for-families-with-children","17":"product_tag-individuelle-touren","18":"product_tag-large-promenade","19":"product_tag-local-gastronomy","20":"product_tag-magnificent-beach","21":"product_tag-mature-visitors","22":"product_tag-monte-gordo","23":"product_tag-monte-gordos-glorious-beach","24":"product_tag-old-town","25":"product_tag-portugal","26":"product_tag-ria-formosa-natural-park","27":"product_tag-sandy-beach","28":"product_tag-sightseeing","29":"product_tag-spring","30":"product_tag-summer","31":"product_tag-sun-beach","32":"product_tag-sunny-days","33":"product_tag-the-safest-of-the-algarve","34":"product_tag-vast-beach","35":"product_tag-vila-real-sto-antonio","36":"product_tag-walking-along-quiet-paths","37":"product_tag-walking-range","39":"first","40":"instock","41":"virtual","42":"product-type-simple"},"acf":[],"yoast_head":"<!-- This site is optimized with the Yoast SEO Premium plugin v26.8 (Yoast SEO v27.5) - https:\/\/yoast.com\/product\/yoast-seo-premium-wordpress\/ -->\n<title>Enjoy Monte Gordo - Legendary Adventure DMC Portugal<\/title>\n<meta name=\"description\" content=\"The Island of Tavira has a long sandy beach and salinas that attract flamingos, spoonbills and other wading birds. In the centre, the medieval castle of Tavira offers views of the city. The Church of Santa Maria do Castelo houses the tombs of 7 knights killed by the Moors.\" \/>\n<meta name=\"robots\" content=\"index, follow, max-snippet:-1, max-image-preview:large, max-video-preview:-1\" \/>\n<link rel=\"canonical\" href=\"https:\/\/legendatours.com\/pt\/produto\/enjoy-monte-gordo-6500pk\/\" \/>\n<meta property=\"og:locale\" content=\"pt_PT\" \/>\n<meta property=\"og:type\" content=\"article\" \/>\n<meta property=\"og:title\" content=\"Enjoy Monte Gordo\" \/>\n<meta property=\"og:description\" content=\"The Island of Tavira has a long sandy beach and salinas that attract flamingos, spoonbills and other wading birds. In the centre, the medieval castle of Tavira offers views of the city. The Church of Santa Maria do Castelo houses the tombs of 7 knights killed by the Moors.\" \/>\n<meta property=\"og:url\" content=\"https:\/\/legendatours.com\/pt\/produto\/enjoy-monte-gordo-6500pk\/\" \/>\n<meta property=\"og:site_name\" content=\"Legendary Adventure DMC Portugal\" \/>\n<meta property=\"article:publisher\" content=\"https:\/\/www.facebook.com\/legendaryadventuredmc\/\" \/>\n<meta property=\"article:modified_time\" content=\"2021-08-11T18:02:25+00:00\" \/>\n<meta property=\"og:image\" content=\"https:\/\/legendatours.com\/wp-content\/uploads\/sites\/12\/2021\/04\/montegordo_beach.jpg\" \/>\n\t<meta property=\"og:image:width\" content=\"1067\" \/>\n\t<meta property=\"og:image:height\" content=\"800\" \/>\n\t<meta property=\"og:image:type\" content=\"image\/jpeg\" \/>\n<meta name=\"twitter:card\" content=\"summary_large_image\" \/>\n<meta name=\"twitter:label1\" content=\"Tempo estimado de leitura\" \/>\n\t<meta name=\"twitter:data1\" content=\"2 minutos\" \/>\n<script type=\"application\/ld+json\" class=\"yoast-schema-graph\">{\"@context\":\"https:\\\/\\\/schema.org\",\"@graph\":[{\"@type\":\"WebPage\",\"@id\":\"https:\\\/\\\/legendatours.com\\\/product\\\/enjoy-monte-gordo-6500pk\\\/\",\"url\":\"https:\\\/\\\/legendatours.com\\\/product\\\/enjoy-monte-gordo-6500pk\\\/\",\"name\":\"Enjoy Monte Gordo - Legendary Adventure DMC Portugal\",\"isPartOf\":{\"@id\":\"https:\\\/\\\/legendatours.com\\\/#website\"},\"primaryImageOfPage\":{\"@id\":\"https:\\\/\\\/legendatours.com\\\/product\\\/enjoy-monte-gordo-6500pk\\\/#primaryimage\"},\"image\":{\"@id\":\"https:\\\/\\\/legendatours.com\\\/product\\\/enjoy-monte-gordo-6500pk\\\/#primaryimage\"},\"thumbnailUrl\":\"https:\\\/\\\/legendatours.com\\\/wp-content\\\/uploads\\\/sites\\\/12\\\/2021\\\/04\\\/montegordo_beach.jpg\",\"datePublished\":\"2020-06-29T13:48:16+00:00\",\"dateModified\":\"2021-08-11T18:02:25+00:00\",\"description\":\"The Island of Tavira has a long sandy beach and salinas that attract flamingos, spoonbills and other wading birds. In the centre, the medieval castle of Tavira offers views of the city. The Church of Santa Maria do Castelo houses the tombs of 7 knights killed by the Moors.\",\"breadcrumb\":{\"@id\":\"https:\\\/\\\/legendatours.com\\\/product\\\/enjoy-monte-gordo-6500pk\\\/#breadcrumb\"},\"inLanguage\":\"pt-PT\",\"potentialAction\":[{\"@type\":\"ReadAction\",\"target\":[\"https:\\\/\\\/legendatours.com\\\/product\\\/enjoy-monte-gordo-6500pk\\\/\"]}]},{\"@type\":\"ImageObject\",\"inLanguage\":\"pt-PT\",\"@id\":\"https:\\\/\\\/legendatours.com\\\/product\\\/enjoy-monte-gordo-6500pk\\\/#primaryimage\",\"url\":\"https:\\\/\\\/legendatours.com\\\/wp-content\\\/uploads\\\/sites\\\/12\\\/2021\\\/04\\\/montegordo_beach.jpg\",\"contentUrl\":\"https:\\\/\\\/legendatours.com\\\/wp-content\\\/uploads\\\/sites\\\/12\\\/2021\\\/04\\\/montegordo_beach.jpg\",\"width\":1067,\"height\":800,\"caption\":\"Beach Montegordo\"},{\"@type\":\"BreadcrumbList\",\"@id\":\"https:\\\/\\\/legendatours.com\\\/product\\\/enjoy-monte-gordo-6500pk\\\/#breadcrumb\",\"itemListElement\":[{\"@type\":\"ListItem\",\"position\":1,\"name\":\"Home\",\"item\":\"https:\\\/\\\/legendatours.com\\\/\"},{\"@type\":\"ListItem\",\"position\":2,\"name\":\"Shop\",\"item\":\"https:\\\/\\\/legendatours.com\\\/sv\\\/?page_id=4\"},{\"@type\":\"ListItem\",\"position\":3,\"name\":\"The Island of Tavira has a long sandy beach and salinas that attract flamingos, spoonbills and other wading birds. In the centre, the medieval castle of Tavira offers views of the city. The Church of Santa Maria do Castelo houses the tombs of 7 knights killed by the Moors.\"}]},{\"@type\":\"WebSite\",\"@id\":\"https:\\\/\\\/legendatours.com\\\/#website\",\"url\":\"https:\\\/\\\/legendatours.com\\\/\",\"name\":\"Legendary Adventure DMC Portugal\",\"description\":\"Responsible Walking &amp; Nature Holidays in Portugal\",\"publisher\":{\"@id\":\"https:\\\/\\\/legendatours.com\\\/#organization\"},\"alternateName\":\"Legendary Adventure Portugal\",\"potentialAction\":[{\"@type\":\"SearchAction\",\"target\":{\"@type\":\"EntryPoint\",\"urlTemplate\":\"https:\\\/\\\/legendatours.com\\\/?s={search_term_string}\"},\"query-input\":{\"@type\":\"PropertyValueSpecification\",\"valueRequired\":true,\"valueName\":\"search_term_string\"}}],\"inLanguage\":\"pt-PT\"},{\"@type\":\"Organization\",\"@id\":\"https:\\\/\\\/legendatours.com\\\/#organization\",\"name\":\"legendatours.com\",\"url\":\"https:\\\/\\\/legendatours.com\\\/\",\"logo\":{\"@type\":\"ImageObject\",\"inLanguage\":\"pt-PT\",\"@id\":\"https:\\\/\\\/legendatours.com\\\/#\\\/schema\\\/logo\\\/image\\\/\",\"url\":\"https:\\\/\\\/legendatours.com\\\/wp-content\\\/uploads\\\/sites\\\/12\\\/2021\\\/06\\\/legendary_adventure_dmc.png\",\"contentUrl\":\"https:\\\/\\\/legendatours.com\\\/wp-content\\\/uploads\\\/sites\\\/12\\\/2021\\\/06\\\/legendary_adventure_dmc.png\",\"width\":250,\"height\":74,\"caption\":\"legendatours.com\"},\"image\":{\"@id\":\"https:\\\/\\\/legendatours.com\\\/#\\\/schema\\\/logo\\\/image\\\/\"},\"sameAs\":[\"https:\\\/\\\/www.facebook.com\\\/legendaryadventuredmc\\\/\",\"https:\\\/\\\/www.linkedin.com\\\/company\\\/legendary-adventure-dmc-portugal\",\"https:\\\/\\\/www.youtube.com\\\/channel\\\/UCOIRDx_KM6ynIcacQkZjb6g\"]}]}<\/script>\n<!-- \/ Yoast SEO Premium plugin. -->","yoast_head_json":{"title":"Desfrute de Monte Gordo - Legendary Adventure DMC Portugal","description":"A Ilha de Tavira tem um extenso areal e salinas que atraem flamingos, colhereiros e outras aves pernaltas. No centro, o castelo medieval de Tavira oferece vistas sobre a cidade. A Igreja de Santa Maria do Castelo abriga os t\u00famulos de 7 cavaleiros mortos pelos mouros.","robots":{"index":"index","follow":"follow","max-snippet":"max-snippet:-1","max-image-preview":"max-image-preview:large","max-video-preview":"max-video-preview:-1"},"canonical":"https:\/\/legendatours.com\/pt\/produto\/enjoy-monte-gordo-6500pk\/","og_locale":"pt_PT","og_type":"article","og_title":"Enjoy Monte Gordo","og_description":"The Island of Tavira has a long sandy beach and salinas that attract flamingos, spoonbills and other wading birds. In the centre, the medieval castle of Tavira offers views of the city. The Church of Santa Maria do Castelo houses the tombs of 7 knights killed by the Moors.","og_url":"https:\/\/legendatours.com\/pt\/produto\/enjoy-monte-gordo-6500pk\/","og_site_name":"Legendary Adventure DMC Portugal","article_publisher":"https:\/\/www.facebook.com\/legendaryadventuredmc\/","article_modified_time":"2021-08-11T18:02:25+00:00","og_image":[{"width":1067,"height":800,"url":"https:\/\/legendatours.com\/wp-content\/uploads\/sites\/12\/2021\/04\/montegordo_beach.jpg","type":"image\/jpeg"}],"twitter_card":"summary_large_image","twitter_misc":{"Tempo estimado de leitura":"2 minutos"},"schema":{"@context":"https:\/\/schema.org","@graph":[{"@type":"WebPage","@id":"https:\/\/legendatours.com\/product\/enjoy-monte-gordo-6500pk\/","url":"https:\/\/legendatours.com\/product\/enjoy-monte-gordo-6500pk\/","name":"Desfrute de Monte Gordo - Legendary Adventure DMC Portugal","isPartOf":{"@id":"https:\/\/legendatours.com\/#website"},"primaryImageOfPage":{"@id":"https:\/\/legendatours.com\/product\/enjoy-monte-gordo-6500pk\/#primaryimage"},"image":{"@id":"https:\/\/legendatours.com\/product\/enjoy-monte-gordo-6500pk\/#primaryimage"},"thumbnailUrl":"https:\/\/legendatours.com\/wp-content\/uploads\/sites\/12\/2021\/04\/montegordo_beach.jpg","datePublished":"2020-06-29T13:48:16+00:00","dateModified":"2021-08-11T18:02:25+00:00","description":"A Ilha de Tavira tem um extenso areal e salinas que atraem flamingos, colhereiros e outras aves pernaltas. No centro, o castelo medieval de Tavira oferece vistas sobre a cidade. A Igreja de Santa Maria do Castelo abriga os t\u00famulos de 7 cavaleiros mortos pelos mouros.","breadcrumb":{"@id":"https:\/\/legendatours.com\/product\/enjoy-monte-gordo-6500pk\/#breadcrumb"},"inLanguage":"pt-PT","potentialAction":[{"@type":"ReadAction","target":["https:\/\/legendatours.com\/product\/enjoy-monte-gordo-6500pk\/"]}]},{"@type":"ImageObject","inLanguage":"pt-PT","@id":"https:\/\/legendatours.com\/product\/enjoy-monte-gordo-6500pk\/#primaryimage","url":"https:\/\/legendatours.com\/wp-content\/uploads\/sites\/12\/2021\/04\/montegordo_beach.jpg","contentUrl":"https:\/\/legendatours.com\/wp-content\/uploads\/sites\/12\/2021\/04\/montegordo_beach.jpg","width":1067,"height":800,"caption":"Beach Montegordo"},{"@type":"BreadcrumbList","@id":"https:\/\/legendatours.com\/product\/enjoy-monte-gordo-6500pk\/#breadcrumb","itemListElement":[{"@type":"ListItem","position":1,"name":"Home","item":"https:\/\/legendatours.com\/"},{"@type":"ListItem","position":2,"name":"Shop","item":"https:\/\/legendatours.com\/sv\/?page_id=4"},{"@type":"ListItem","position":3,"name":"The Island of Tavira has a long sandy beach and salinas that attract flamingos, spoonbills and other wading birds. In the centre, the medieval castle of Tavira offers views of the city. The Church of Santa Maria do Castelo houses the tombs of 7 knights killed by the Moors."}]},{"@type":"WebSite","@id":"https:\/\/legendatours.com\/#website","url":"https:\/\/legendatours.com\/","name":"Legendary Adventure DMC Portugal","description":"Caminhadas e F\u00e9rias na Natureza Respons\u00e1veis em Portugal","publisher":{"@id":"https:\/\/legendatours.com\/#organization"},"alternateName":"Legendary Adventure Portugal","potentialAction":[{"@type":"SearchAction","target":{"@type":"EntryPoint","urlTemplate":"https:\/\/legendatours.com\/?s={search_term_string}"},"query-input":{"@type":"PropertyValueSpecification","valueRequired":true,"valueName":"search_term_string"}}],"inLanguage":"pt-PT"},{"@type":"Organization","@id":"https:\/\/legendatours.com\/#organization","name":"legendatours.com","url":"https:\/\/legendatours.com\/","logo":{"@type":"ImageObject","inLanguage":"pt-PT","@id":"https:\/\/legendatours.com\/#\/schema\/logo\/image\/","url":"https:\/\/legendatours.com\/wp-content\/uploads\/sites\/12\/2021\/06\/legendary_adventure_dmc.png","contentUrl":"https:\/\/legendatours.com\/wp-content\/uploads\/sites\/12\/2021\/06\/legendary_adventure_dmc.png","width":250,"height":74,"caption":"legendatours.com"},"image":{"@id":"https:\/\/legendatours.com\/#\/schema\/logo\/image\/"},"sameAs":["https:\/\/www.facebook.com\/legendaryadventuredmc\/","https:\/\/www.linkedin.com\/company\/legendary-adventure-dmc-portugal","https:\/\/www.youtube.com\/channel\/UCOIRDx_KM6ynIcacQkZjb6g"]}]}},"_links":{"self":[{"href":"https:\/\/legendatours.com\/pt\/wp-json\/wp\/v2\/product\/7936","targetHints":{"allow":["GET"]}}],"collection":[{"href":"https:\/\/legendatours.com\/pt\/wp-json\/wp\/v2\/product"}],"about":[{"href":"https:\/\/legendatours.com\/pt\/wp-json\/wp\/v2\/types\/product"}],"replies":[{"embeddable":true,"href":"https:\/\/legendatours.com\/pt\/wp-json\/wp\/v2\/comments?post=7936"}],"wp:featuredmedia":[{"embeddable":true,"href":"https:\/\/legendatours.com\/pt\/wp-json\/wp\/v2\/media\/7922"}],"wp:attachment":[{"href":"https:\/\/legendatours.com\/pt\/wp-json\/wp\/v2\/media?parent=7936"}],"wp:term":[{"taxonomy":"product_brand","embeddable":true,"href":"https:\/\/legendatours.com\/pt\/wp-json\/wp\/v2\/product_brand?post=7936"},{"taxonomy":"product_cat","embeddable":true,"href":"https:\/\/legendatours.com\/pt\/wp-json\/wp\/v2\/product_cat?post=7936"},{"taxonomy":"product_tag","embeddable":true,"href":"https:\/\/legendatours.com\/pt\/wp-json\/wp\/v2\/product_tag?post=7936"}],"curies":[{"name":"wp","href":"https:\/\/api.w.org\/{rel}","templated":true}]}}