{"id":8050,"date":"2020-06-12T14:18:42","date_gmt":"2020-06-12T14:18:42","guid":{"rendered":"https:\/\/legendatours.com\/product\/explore-vilamoura\/"},"modified":"2021-08-13T09:25:54","modified_gmt":"2021-08-13T09:25:54","slug":"explore-vilamoura-11700pk","status":"publish","type":"product","link":"https:\/\/legendatours.com\/pt\/produto\/explore-vilamoura-11700pk\/","title":{"rendered":"Explore Vilamoura"},"content":{"rendered":"<p>Vilamoura \u00e9 uma est\u00e2ncia balnear glamorosa constru\u00edda de raiz com uma coisa em mente: f\u00e9rias!<\/p>\n<p>A vida em Vilamoura gira em torno da marina de luxo, repleta de elegantes iates e, claro, das praias, onde ser\u00e1 mimado com mais comodidades de lazer e relaxamento que poderia pedir!<\/p>\n<p>Nas proximidades existem atra\u00e7\u00f5es culturais, hist\u00f3ricas e naturais para experimentar.<\/p>\n<div id=\"attachment_2461\" style=\"width: 1034px\" class=\"wp-caption alignnone\"><img loading=\"lazy\" decoding=\"async\" aria-describedby=\"caption-attachment-2461\" class=\"wp-image-2461 size-large\" title=\"Barcos da marina de Vilamoura\" src=\"https:\/\/legendatours.net\/wp-content\/uploads\/2020\/06\/vilamoura_marina_boats-1024x683.jpg\" alt=\"Vilamoura marina boats\" width=\"1024\" height=\"683\" \/><p id=\"caption-attachment-2461\" class=\"wp-caption-text\">Barcos da marina de Vilamoura<\/p><\/div>\n<p>Repleta de bares chiques, lojas e restaurantes para todos os gostos, a Marina de Vilamoura \u00e9 o centro da animada vida social do resort.<\/p>\n<p>Em rela\u00e7\u00e3o \u00e0s praias, em qualquer dire\u00e7\u00e3o que voc\u00ea vire, h\u00e1 enormes extens\u00f5es de areia dourada com \u00e1guas mornas para escolher, oferecendo muitas atividades, dentro e fora da \u00e1gua.<\/p>\n<p>Todas de f\u00e1cil acesso, o que significa uma boa op\u00e7\u00e3o para quem tem dificuldade de locomo\u00e7\u00e3o, as praias contam com os habituais bares com sunset parties, caf\u00e9s para refei\u00e7\u00f5es e refrescos, e aluguer de espregui\u00e7adeiras e chap\u00e9us-de-sol.<\/p>\n<p>Como esperado, durante o ver\u00e3o as praias a uma curta dist\u00e2ncia ficam muito ocupadas. Mas voc\u00ea s\u00f3 precisa andar um pouco mais para encontrar um local confort\u00e1vel!<\/p>\n<p>N\u00e3o ficar\u00e1 desiludido por estender a sua toalha em Quarteira, Vale do Lobo, Fal\u00e9sia, ou outra praia animada nas proximidades, todas galardoadas com bandeira azul.<\/p>\n<p>Nas imedia\u00e7\u00f5es, encontram-se as ru\u00ednas romanas de uma vila piscat\u00f3ria, com murais e um complexo balnear.<\/p>\n<div id=\"attachment_2457\" style=\"width: 1034px\" class=\"wp-caption alignnone\"><img loading=\"lazy\" decoding=\"async\" aria-describedby=\"caption-attachment-2457\" class=\"wp-image-2457 size-large\" title=\"Praia de vilamoura\" src=\"https:\/\/legendatours.net\/wp-content\/uploads\/2020\/06\/vilamoura_beach-1024x592.jpg\" alt=\"Vilamoura beach\" width=\"1024\" height=\"592\" \/><p id=\"caption-attachment-2457\" class=\"wp-caption-text\">Praia de vilamoura<\/p><\/div>\n<p>A norte, encontra-se uma zona h\u00famida protegida, ideal para atividades de natureza e observa\u00e7\u00e3o de aves.<\/p>\n<p>Vilamoura \u00e9 um resort bem equipado com todo o tipo de atividades desportivas, desde famosos campos de golfe a campos de t\u00e9nis ao ar livre.<\/p>\n<p>Uma viagem de meia hora leva-o at\u00e9 Faro, a capital do Algarve, onde encontrar\u00e1 uma pequena mas bonita cidade velha, com ninhos de cegonhas nos telhados pontiagudos. Da torre da catedral, tem-se uma vista fant\u00e1stica da cidade e da Ria Formosa.<\/p>\n<p>Quase ao mesmo tempo leva-o a Loul\u00e9, na serra, para uma perspetiva completamente diferente do Algarve. Visite o castelo do s\u00e9culo XIII e o animado mercado de agricultores.<\/p>\n<p>Seja qual for a \u00e9poca do ano que escolheu para visitar Vilamoura, encontrar\u00e1 uma experi\u00eancia agrad\u00e1vel e interessante, com praias de classe mundial e muita divers\u00e3o!<\/p>","protected":false},"excerpt":{"rendered":"<p>Vilamoura \u00e9 uma est\u00e2ncia balnear glamorosa constru\u00edda de raiz com uma coisa em mente: f\u00e9rias!<\/p>\n<p>A vida em Vilamoura gira em torno da marina de luxo, repleta de elegantes iates e, claro, das praias, onde ser\u00e1 mimado com mais comodidades de lazer e relaxamento que poderia pedir!<\/p>\n<p>Nas proximidades existem atra\u00e7\u00f5es culturais, hist\u00f3ricas e naturais para experimentar.<\/p>","protected":false},"featured_media":8034,"comment_status":"closed","ping_status":"closed","template":"","meta":{"_acf_changed":false,"inline_featured_image":false},"product_brand":[],"product_cat":[687,686],"product_tag":[147,367,36,130,46,50,195,160,270,782,783,692,228,677,693,694,695,784,546,785],"class_list":{"0":"post-8050","1":"product","2":"type-product","3":"status-publish","4":"has-post-thumbnail","6":"product_cat-explore-11-days-tour-portugal","7":"product_cat-holiday-packs-tours-portugal","8":"product_tag-algarve","9":"product_tag-algarve-city","10":"product_tag-cultural-heritage","11":"product_tag-gastronomy","12":"product_tag-gastronomy-and-wines","13":"product_tag-historic","14":"product_tag-history-and-heritage","15":"product_tag-holidays","16":"product_tag-lagos","17":"product_tag-night","18":"product_tag-praia-da-falesia","19":"product_tag-sandy-beach","20":"product_tag-sightseeing","21":"product_tag-spring","22":"product_tag-summer","23":"product_tag-sun-beach","24":"product_tag-sunny-days","25":"product_tag-vilamoura","26":"product_tag-wildlife","27":"product_tag-wildlife-algarve","29":"first","30":"instock","31":"virtual","32":"product-type-simple"},"acf":[],"yoast_head":"<!-- This site is optimized with the Yoast SEO Premium plugin v26.8 (Yoast SEO v27.3) - https:\/\/yoast.com\/product\/yoast-seo-premium-wordpress\/ -->\n<title>Explore Vilamoura - Legendary Adventure DMC Portugal<\/title>\n<meta name=\"description\" content=\"The Island of Tavira has a long sandy beach and salinas that attract flamingos, spoonbills and other wading birds. In the centre, the medieval castle of Tavira offers views of the city. The Church of Santa Maria do Castelo houses the tombs of 7 knights killed by the Moors.\" \/>\n<meta name=\"robots\" content=\"index, follow, max-snippet:-1, max-image-preview:large, max-video-preview:-1\" \/>\n<link rel=\"canonical\" href=\"https:\/\/legendatours.com\/pt\/produto\/explore-vilamoura-11700pk\/\" \/>\n<meta property=\"og:locale\" content=\"pt_PT\" \/>\n<meta property=\"og:type\" content=\"article\" \/>\n<meta property=\"og:title\" content=\"Explore Vilamoura\" \/>\n<meta property=\"og:description\" content=\"The Island of Tavira has a long sandy beach and salinas that attract flamingos, spoonbills and other wading birds. In the centre, the medieval castle of Tavira offers views of the city. The Church of Santa Maria do Castelo houses the tombs of 7 knights killed by the Moors.\" \/>\n<meta property=\"og:url\" content=\"https:\/\/legendatours.com\/pt\/produto\/explore-vilamoura-11700pk\/\" \/>\n<meta property=\"og:site_name\" content=\"Legendary Adventure DMC Portugal\" \/>\n<meta property=\"article:publisher\" content=\"https:\/\/www.facebook.com\/legendaryadventuredmc\/\" \/>\n<meta property=\"article:modified_time\" content=\"2021-08-13T09:25:54+00:00\" \/>\n<meta property=\"og:image\" content=\"https:\/\/legendatours.com\/wp-content\/uploads\/sites\/12\/2021\/04\/vilamoura_marina_boats.jpg\" \/>\n\t<meta property=\"og:image:width\" content=\"1200\" \/>\n\t<meta property=\"og:image:height\" content=\"800\" \/>\n\t<meta property=\"og:image:type\" content=\"image\/jpeg\" \/>\n<meta name=\"twitter:card\" content=\"summary_large_image\" \/>\n<meta name=\"twitter:label1\" content=\"Tempo estimado de leitura\" \/>\n\t<meta name=\"twitter:data1\" content=\"2 minutos\" \/>\n<script type=\"application\/ld+json\" class=\"yoast-schema-graph\">{\"@context\":\"https:\\\/\\\/schema.org\",\"@graph\":[{\"@type\":\"WebPage\",\"@id\":\"https:\\\/\\\/legendatours.com\\\/product\\\/explore-vilamoura-11700pk\\\/\",\"url\":\"https:\\\/\\\/legendatours.com\\\/product\\\/explore-vilamoura-11700pk\\\/\",\"name\":\"Explore Vilamoura - Legendary Adventure DMC Portugal\",\"isPartOf\":{\"@id\":\"https:\\\/\\\/legendatours.com\\\/#website\"},\"primaryImageOfPage\":{\"@id\":\"https:\\\/\\\/legendatours.com\\\/product\\\/explore-vilamoura-11700pk\\\/#primaryimage\"},\"image\":{\"@id\":\"https:\\\/\\\/legendatours.com\\\/product\\\/explore-vilamoura-11700pk\\\/#primaryimage\"},\"thumbnailUrl\":\"https:\\\/\\\/legendatours.com\\\/wp-content\\\/uploads\\\/sites\\\/12\\\/2021\\\/04\\\/vilamoura_marina_boats.jpg\",\"datePublished\":\"2020-06-12T14:18:42+00:00\",\"dateModified\":\"2021-08-13T09:25:54+00:00\",\"description\":\"The Island of Tavira has a long sandy beach and salinas that attract flamingos, spoonbills and other wading birds. In the centre, the medieval castle of Tavira offers views of the city. The Church of Santa Maria do Castelo houses the tombs of 7 knights killed by the Moors.\",\"breadcrumb\":{\"@id\":\"https:\\\/\\\/legendatours.com\\\/product\\\/explore-vilamoura-11700pk\\\/#breadcrumb\"},\"inLanguage\":\"pt-PT\",\"potentialAction\":[{\"@type\":\"ReadAction\",\"target\":[\"https:\\\/\\\/legendatours.com\\\/product\\\/explore-vilamoura-11700pk\\\/\"]}]},{\"@type\":\"ImageObject\",\"inLanguage\":\"pt-PT\",\"@id\":\"https:\\\/\\\/legendatours.com\\\/product\\\/explore-vilamoura-11700pk\\\/#primaryimage\",\"url\":\"https:\\\/\\\/legendatours.com\\\/wp-content\\\/uploads\\\/sites\\\/12\\\/2021\\\/04\\\/vilamoura_marina_boats.jpg\",\"contentUrl\":\"https:\\\/\\\/legendatours.com\\\/wp-content\\\/uploads\\\/sites\\\/12\\\/2021\\\/04\\\/vilamoura_marina_boats.jpg\",\"width\":1200,\"height\":800,\"caption\":\"Vilamoura marina boats\"},{\"@type\":\"BreadcrumbList\",\"@id\":\"https:\\\/\\\/legendatours.com\\\/product\\\/explore-vilamoura-11700pk\\\/#breadcrumb\",\"itemListElement\":[{\"@type\":\"ListItem\",\"position\":1,\"name\":\"Home\",\"item\":\"https:\\\/\\\/legendatours.com\\\/\"},{\"@type\":\"ListItem\",\"position\":2,\"name\":\"Shop\",\"item\":\"https:\\\/\\\/legendatours.com\\\/sv\\\/?page_id=4\"},{\"@type\":\"ListItem\",\"position\":3,\"name\":\"The Island of Tavira has a long sandy beach and salinas that attract flamingos, spoonbills and other wading birds. In the centre, the medieval castle of Tavira offers views of the city. The Church of Santa Maria do Castelo houses the tombs of 7 knights killed by the Moors.\"}]},{\"@type\":\"WebSite\",\"@id\":\"https:\\\/\\\/legendatours.com\\\/#website\",\"url\":\"https:\\\/\\\/legendatours.com\\\/\",\"name\":\"Legendary Adventure DMC Portugal\",\"description\":\"Responsible Walking &amp; Nature Holidays in Portugal\",\"publisher\":{\"@id\":\"https:\\\/\\\/legendatours.com\\\/#organization\"},\"alternateName\":\"Legendary Adventure Portugal\",\"potentialAction\":[{\"@type\":\"SearchAction\",\"target\":{\"@type\":\"EntryPoint\",\"urlTemplate\":\"https:\\\/\\\/legendatours.com\\\/?s={search_term_string}\"},\"query-input\":{\"@type\":\"PropertyValueSpecification\",\"valueRequired\":true,\"valueName\":\"search_term_string\"}}],\"inLanguage\":\"pt-PT\"},{\"@type\":\"Organization\",\"@id\":\"https:\\\/\\\/legendatours.com\\\/#organization\",\"name\":\"legendatours.com\",\"url\":\"https:\\\/\\\/legendatours.com\\\/\",\"logo\":{\"@type\":\"ImageObject\",\"inLanguage\":\"pt-PT\",\"@id\":\"https:\\\/\\\/legendatours.com\\\/#\\\/schema\\\/logo\\\/image\\\/\",\"url\":\"https:\\\/\\\/legendatours.com\\\/wp-content\\\/uploads\\\/sites\\\/12\\\/2021\\\/06\\\/legendary_adventure_dmc.png\",\"contentUrl\":\"https:\\\/\\\/legendatours.com\\\/wp-content\\\/uploads\\\/sites\\\/12\\\/2021\\\/06\\\/legendary_adventure_dmc.png\",\"width\":250,\"height\":74,\"caption\":\"legendatours.com\"},\"image\":{\"@id\":\"https:\\\/\\\/legendatours.com\\\/#\\\/schema\\\/logo\\\/image\\\/\"},\"sameAs\":[\"https:\\\/\\\/www.facebook.com\\\/legendaryadventuredmc\\\/\",\"https:\\\/\\\/www.linkedin.com\\\/company\\\/legendary-adventure-dmc-portugal\",\"https:\\\/\\\/www.youtube.com\\\/channel\\\/UCOIRDx_KM6ynIcacQkZjb6g\"]}]}<\/script>\n<!-- \/ Yoast SEO Premium plugin. -->","yoast_head_json":{"title":"Explore Vilamoura - Legendary Adventure DMC Portugal","description":"A Ilha de Tavira tem um extenso areal e salinas que atraem flamingos, colhereiros e outras aves pernaltas. No centro, o castelo medieval de Tavira oferece vistas sobre a cidade. A Igreja de Santa Maria do Castelo abriga os t\u00famulos de 7 cavaleiros mortos pelos mouros.","robots":{"index":"index","follow":"follow","max-snippet":"max-snippet:-1","max-image-preview":"max-image-preview:large","max-video-preview":"max-video-preview:-1"},"canonical":"https:\/\/legendatours.com\/pt\/produto\/explore-vilamoura-11700pk\/","og_locale":"pt_PT","og_type":"article","og_title":"Explore Vilamoura","og_description":"The Island of Tavira has a long sandy beach and salinas that attract flamingos, spoonbills and other wading birds. In the centre, the medieval castle of Tavira offers views of the city. The Church of Santa Maria do Castelo houses the tombs of 7 knights killed by the Moors.","og_url":"https:\/\/legendatours.com\/pt\/produto\/explore-vilamoura-11700pk\/","og_site_name":"Legendary Adventure DMC Portugal","article_publisher":"https:\/\/www.facebook.com\/legendaryadventuredmc\/","article_modified_time":"2021-08-13T09:25:54+00:00","og_image":[{"width":1200,"height":800,"url":"https:\/\/legendatours.com\/wp-content\/uploads\/sites\/12\/2021\/04\/vilamoura_marina_boats.jpg","type":"image\/jpeg"}],"twitter_card":"summary_large_image","twitter_misc":{"Tempo estimado de leitura":"2 minutos"},"schema":{"@context":"https:\/\/schema.org","@graph":[{"@type":"WebPage","@id":"https:\/\/legendatours.com\/product\/explore-vilamoura-11700pk\/","url":"https:\/\/legendatours.com\/product\/explore-vilamoura-11700pk\/","name":"Explore Vilamoura - Legendary Adventure DMC Portugal","isPartOf":{"@id":"https:\/\/legendatours.com\/#website"},"primaryImageOfPage":{"@id":"https:\/\/legendatours.com\/product\/explore-vilamoura-11700pk\/#primaryimage"},"image":{"@id":"https:\/\/legendatours.com\/product\/explore-vilamoura-11700pk\/#primaryimage"},"thumbnailUrl":"https:\/\/legendatours.com\/wp-content\/uploads\/sites\/12\/2021\/04\/vilamoura_marina_boats.jpg","datePublished":"2020-06-12T14:18:42+00:00","dateModified":"2021-08-13T09:25:54+00:00","description":"A Ilha de Tavira tem um extenso areal e salinas que atraem flamingos, colhereiros e outras aves pernaltas. No centro, o castelo medieval de Tavira oferece vistas sobre a cidade. A Igreja de Santa Maria do Castelo abriga os t\u00famulos de 7 cavaleiros mortos pelos mouros.","breadcrumb":{"@id":"https:\/\/legendatours.com\/product\/explore-vilamoura-11700pk\/#breadcrumb"},"inLanguage":"pt-PT","potentialAction":[{"@type":"ReadAction","target":["https:\/\/legendatours.com\/product\/explore-vilamoura-11700pk\/"]}]},{"@type":"ImageObject","inLanguage":"pt-PT","@id":"https:\/\/legendatours.com\/product\/explore-vilamoura-11700pk\/#primaryimage","url":"https:\/\/legendatours.com\/wp-content\/uploads\/sites\/12\/2021\/04\/vilamoura_marina_boats.jpg","contentUrl":"https:\/\/legendatours.com\/wp-content\/uploads\/sites\/12\/2021\/04\/vilamoura_marina_boats.jpg","width":1200,"height":800,"caption":"Vilamoura marina boats"},{"@type":"BreadcrumbList","@id":"https:\/\/legendatours.com\/product\/explore-vilamoura-11700pk\/#breadcrumb","itemListElement":[{"@type":"ListItem","position":1,"name":"Home","item":"https:\/\/legendatours.com\/"},{"@type":"ListItem","position":2,"name":"Shop","item":"https:\/\/legendatours.com\/sv\/?page_id=4"},{"@type":"ListItem","position":3,"name":"The Island of Tavira has a long sandy beach and salinas that attract flamingos, spoonbills and other wading birds. In the centre, the medieval castle of Tavira offers views of the city. The Church of Santa Maria do Castelo houses the tombs of 7 knights killed by the Moors."}]},{"@type":"WebSite","@id":"https:\/\/legendatours.com\/#website","url":"https:\/\/legendatours.com\/","name":"Legendary Adventure DMC Portugal","description":"Caminhadas e F\u00e9rias na Natureza Respons\u00e1veis em Portugal","publisher":{"@id":"https:\/\/legendatours.com\/#organization"},"alternateName":"Legendary Adventure Portugal","potentialAction":[{"@type":"SearchAction","target":{"@type":"EntryPoint","urlTemplate":"https:\/\/legendatours.com\/?s={search_term_string}"},"query-input":{"@type":"PropertyValueSpecification","valueRequired":true,"valueName":"search_term_string"}}],"inLanguage":"pt-PT"},{"@type":"Organization","@id":"https:\/\/legendatours.com\/#organization","name":"legendatours.com","url":"https:\/\/legendatours.com\/","logo":{"@type":"ImageObject","inLanguage":"pt-PT","@id":"https:\/\/legendatours.com\/#\/schema\/logo\/image\/","url":"https:\/\/legendatours.com\/wp-content\/uploads\/sites\/12\/2021\/06\/legendary_adventure_dmc.png","contentUrl":"https:\/\/legendatours.com\/wp-content\/uploads\/sites\/12\/2021\/06\/legendary_adventure_dmc.png","width":250,"height":74,"caption":"legendatours.com"},"image":{"@id":"https:\/\/legendatours.com\/#\/schema\/logo\/image\/"},"sameAs":["https:\/\/www.facebook.com\/legendaryadventuredmc\/","https:\/\/www.linkedin.com\/company\/legendary-adventure-dmc-portugal","https:\/\/www.youtube.com\/channel\/UCOIRDx_KM6ynIcacQkZjb6g"]}]}},"_links":{"self":[{"href":"https:\/\/legendatours.com\/pt\/wp-json\/wp\/v2\/product\/8050","targetHints":{"allow":["GET"]}}],"collection":[{"href":"https:\/\/legendatours.com\/pt\/wp-json\/wp\/v2\/product"}],"about":[{"href":"https:\/\/legendatours.com\/pt\/wp-json\/wp\/v2\/types\/product"}],"replies":[{"embeddable":true,"href":"https:\/\/legendatours.com\/pt\/wp-json\/wp\/v2\/comments?post=8050"}],"wp:featuredmedia":[{"embeddable":true,"href":"https:\/\/legendatours.com\/pt\/wp-json\/wp\/v2\/media\/8034"}],"wp:attachment":[{"href":"https:\/\/legendatours.com\/pt\/wp-json\/wp\/v2\/media?parent=8050"}],"wp:term":[{"taxonomy":"product_brand","embeddable":true,"href":"https:\/\/legendatours.com\/pt\/wp-json\/wp\/v2\/product_brand?post=8050"},{"taxonomy":"product_cat","embeddable":true,"href":"https:\/\/legendatours.com\/pt\/wp-json\/wp\/v2\/product_cat?post=8050"},{"taxonomy":"product_tag","embeddable":true,"href":"https:\/\/legendatours.com\/pt\/wp-json\/wp\/v2\/product_tag?post=8050"}],"curies":[{"name":"wp","href":"https:\/\/api.w.org\/{rel}","templated":true}]}}