{"id":8070,"date":"2020-06-09T16:28:04","date_gmt":"2020-06-09T16:28:04","guid":{"rendered":"https:\/\/legendatours.com\/product\/relax-in-praia-da-rocha\/"},"modified":"2021-08-22T19:03:57","modified_gmt":"2021-08-22T19:03:57","slug":"relax-in-praia-da-rocha-8600pk","status":"publish","type":"product","link":"https:\/\/legendatours.com\/pt\/produto\/relax-in-praia-da-rocha-8600pk\/","title":{"rendered":"Relaxe na Praia da Rocha"},"content":{"rendered":"<p>A vasta faixa de areia da Praia da Rocha, rodeada por fal\u00e9sias ocres e siennas queimadas, \u00e9 um dos pontos tur\u00edsticos mais emblem\u00e1ticos do Algarve.<\/p>\n<p>\u00c9 um lugar ideal para relaxar na praia durante o dia, desfrutar de boa comida e vinho e depois abra\u00e7ar a noite!<\/p>\n<p>Reserve a sua estadia para desfrutar de umas f\u00e9rias relaxantes neste encantador destino de praia, perto de v\u00e1rios locais de interesse.<\/p>\n<div id=\"attachment_2433\" style=\"width: 1034px\" class=\"wp-caption alignnone\"><img loading=\"lazy\" decoding=\"async\" aria-describedby=\"caption-attachment-2433\" class=\"wp-image-2433 size-large\" src=\"https:\/\/legendatours.net\/wp-content\/uploads\/2020\/06\/Portimao_marina-1024x641.jpg\" alt=\"Portimao Marina\" width=\"1024\" height=\"641\" \/><p id=\"caption-attachment-2433\" class=\"wp-caption-text\">Marina de Portim\u00e3o junto ao hotspot de f\u00e9rias da Praia da Rocha<\/p><\/div>\n<p>A Praia da Rocha est\u00e1 situada no Barlavento Algarvio, perto de Portim\u00e3o. \u00c9 uma est\u00e2ncia de f\u00e9rias cl\u00e1ssica com uma praia excepcional e uma atmosfera animada. Dependendo da \u00e9poca, a cidade atrai visitantes diferentes.<\/p>\n<p>Durante o ver\u00e3o, a Praia da Rocha \u00e9 essencialmente um destino de f\u00e9rias em fam\u00edlia, com crian\u00e7as sendo bem-vindas em quase todos os lugares, e uma vibra\u00e7\u00e3o geral de anima\u00e7\u00e3o, \u00f3tima tamb\u00e9m para jovens casais.<\/p>\n<p>Fora do auge da \u00e9poca tur\u00edstica, encontrar\u00e1 um ambiente mais calmo, apelativo para os h\u00f3spedes mais maduros, que procuram umas f\u00e9rias relaxantes.<\/p>\n<div id=\"attachment_2431\" style=\"width: 1034px\" class=\"wp-caption alignnone\"><img loading=\"lazy\" decoding=\"async\" aria-describedby=\"caption-attachment-2431\" class=\"wp-image-2431 size-large\" src=\"https:\/\/legendatours.net\/wp-content\/uploads\/2020\/06\/gastronomy_algarve-1-1024x683.jpg\" alt=\"Gastronomy in Algarve\" width=\"1024\" height=\"683\" \/><p id=\"caption-attachment-2431\" class=\"wp-caption-text\">Gastronomia no Algarve, Os peixes e mariscos mais frescos v\u00eam do mar e s\u00e3o os principais ingredientes da cozinha algarvia.<\/p><\/div>\n<p>Todos os tipos de entretenimento est\u00e3o dispon\u00edveis na Praia da Rocha, com algo para todos, incluindo passeios de barco, excurs\u00f5es de um dia, parques aqu\u00e1ticos, parques tem\u00e1ticos e esportes na praia.<\/p>\n<p>H\u00e1 restaurantes e bares para todos os gostos, e a vida noturna \u00e9 variada e interessante. Enquanto a avenida principal est\u00e1 repleta de bares tem\u00e1ticos agitados, esplanadas e um casino, perto da marina encontrar\u00e1 um ambiente mais exclusivo e elegante.<\/p>\n<p>E embora a Praia da Rocha seja principalmente uma est\u00e2ncia de ver\u00e3o, constru\u00edda com equipamentos e atra\u00e7\u00f5es tur\u00edsticas, h\u00e1 patrim\u00f3nio e cultura nas proximidades!<\/p>\n<p>Pode visitar encantadoras cidades hist\u00f3ricas do Barlavento Algarvio, como Lagos, a cidade de onde come\u00e7aram os Descobrimentos, ou Silves, a outrora capital \u00e1rabe do Algarve, no interior.<\/p>\n<div id=\"attachment_1851\" style=\"width: 1034px\" class=\"wp-caption alignnone\"><img loading=\"lazy\" decoding=\"async\" aria-describedby=\"caption-attachment-1851\" class=\"wp-image-1851 size-large\" src=\"https:\/\/legendatours.net\/wp-content\/uploads\/2020\/03\/silves-1024x768.jpg\" alt=\"Silves Castle\" width=\"1024\" height=\"768\" \/><p id=\"caption-attachment-1851\" class=\"wp-caption-text\">O Castelo de Silves, um castelo de arenito vermelho, domina a vila, constru\u00eddo pelos mouros que detinham o Al-Gharb (Algarve).<\/p><\/div>\n<p>Um pouco mais longe, n\u00e3o perca a Serra de Monchique, para uma paisagem mais calma e verde.<br \/>\nSe pretende explorar a costa, uma sugest\u00e3o \u00e9 a capela da Senhora da Rocha, varrida pelo vento, num promont\u00f3rio com vista para uma bonita praia, a 30 minutos de carro.<\/p>\n<p>Outro destaque \u00e9 a bela Ria de Alvor, no estu\u00e1rio do rio Arade. Voc\u00ea pode ter um dia tranquilo, longe do barulho, neste rico ref\u00fagio natural!<\/p>\n<p><iframe loading=\"lazy\" title=\"Algarve Visto do Ar - Concelho de Portim\u00e3o\" width=\"1080\" height=\"608\" src=\"https:\/\/www.youtube.com\/embed\/3oQNarcw8qo?feature=oembed\" frameborder=\"0\" allow=\"accelerometer; autoplay; clipboard-write; encrypted-media; gyroscope; picture-in-picture\" allowfullscreen><\/iframe><\/p>","protected":false},"excerpt":{"rendered":"<p>A vasta faixa de areia da Praia da Rocha, rodeada por fal\u00e9sias ocres e siennas queimadas, \u00e9 um dos pontos tur\u00edsticos mais emblem\u00e1ticos do Algarve.<\/p>\n<p>\u00c9 um lugar ideal para relaxar na praia durante o dia, desfrutar de boa comida e vinho e depois abra\u00e7ar a noite!<\/p>\n<p>Reserve a sua estadia para desfrutar de umas f\u00e9rias relaxantes neste encantador destino de praia, perto de v\u00e1rios locais de interesse.<\/p>","protected":false},"featured_media":8056,"comment_status":"closed","ping_status":"closed","template":"","meta":{"_acf_changed":false,"inline_featured_image":false},"product_brand":[],"product_cat":[686,696],"product_tag":[147,305,648,633,1141,36,391,130,46,50,195,160,255,270,638,782,640,407,641,894,788,692,320,228,343,677,693,694,695,173,892,1148],"class_list":{"0":"post-8070","1":"product","2":"type-product","3":"status-publish","4":"has-post-thumbnail","6":"product_cat-holiday-packs-tours-portugal","7":"product_cat-relax-8-days-holidays-portugal","8":"product_tag-algarve","9":"product_tag-algarve-coastline","10":"product_tag-algarve-spectacular-coastline","11":"product_tag-alvor","12":"product_tag-alvor-estuary","13":"product_tag-cultural-heritage","14":"product_tag-family-holidays","15":"product_tag-gastronomy","16":"product_tag-gastronomy-and-wines","17":"product_tag-historic","18":"product_tag-history-and-heritage","19":"product_tag-holidays","20":"product_tag-holidays-in-portugal","21":"product_tag-lagos","22":"product_tag-monchique","23":"product_tag-night","24":"product_tag-portimao","25":"product_tag-portugal-perfect-walking-holiday","26":"product_tag-praia-da-rocha","27":"product_tag-relax","28":"product_tag-ria-de-alvor","29":"product_tag-sandy-beach","30":"product_tag-self-guide-tour","31":"product_tag-sightseeing","32":"product_tag-silves","33":"product_tag-spring","34":"product_tag-summer","35":"product_tag-sun-beach","36":"product_tag-sunny-days","37":"product_tag-sunny-winters","38":"product_tag-winter","39":"product_tag-winter-break","41":"first","42":"instock","43":"virtual","44":"product-type-simple"},"acf":[],"yoast_head":"<!-- This site is optimized with the Yoast SEO Premium plugin v26.8 (Yoast SEO v27.5) - https:\/\/yoast.com\/product\/yoast-seo-premium-wordpress\/ -->\n<title>Relax in Praia Da Rocha - Legendary Adventure DMC Portugal<\/title>\n<meta name=\"description\" content=\"The Island of Tavira has a long sandy beach and salinas that attract flamingos, spoonbills and other wading birds. In the centre, the medieval castle of Tavira offers views of the city. The Church of Santa Maria do Castelo houses the tombs of 7 knights killed by the Moors.\" \/>\n<meta name=\"robots\" content=\"index, follow, max-snippet:-1, max-image-preview:large, max-video-preview:-1\" \/>\n<link rel=\"canonical\" href=\"https:\/\/legendatours.com\/pt\/produto\/relax-in-praia-da-rocha-8600pk\/\" \/>\n<meta property=\"og:locale\" content=\"pt_PT\" \/>\n<meta property=\"og:type\" content=\"article\" \/>\n<meta property=\"og:title\" content=\"Relax in Praia Da Rocha\" \/>\n<meta property=\"og:description\" content=\"The Island of Tavira has a long sandy beach and salinas that attract flamingos, spoonbills and other wading birds. In the centre, the medieval castle of Tavira offers views of the city. The Church of Santa Maria do Castelo houses the tombs of 7 knights killed by the Moors.\" \/>\n<meta property=\"og:url\" content=\"https:\/\/legendatours.com\/pt\/produto\/relax-in-praia-da-rocha-8600pk\/\" \/>\n<meta property=\"og:site_name\" content=\"Legendary Adventure DMC Portugal\" \/>\n<meta property=\"article:publisher\" content=\"https:\/\/www.facebook.com\/legendaryadventuredmc\/\" \/>\n<meta property=\"article:modified_time\" content=\"2021-08-22T19:03:57+00:00\" \/>\n<meta property=\"og:image\" content=\"https:\/\/legendatours.com\/wp-content\/uploads\/sites\/12\/2021\/04\/Praia_-da_Rocha.jpg\" \/>\n\t<meta property=\"og:image:width\" content=\"1200\" \/>\n\t<meta property=\"og:image:height\" content=\"757\" \/>\n\t<meta property=\"og:image:type\" content=\"image\/jpeg\" \/>\n<meta name=\"twitter:card\" content=\"summary_large_image\" \/>\n<meta name=\"twitter:label1\" content=\"Tempo estimado de leitura\" \/>\n\t<meta name=\"twitter:data1\" content=\"2 minutos\" \/>\n<script type=\"application\/ld+json\" class=\"yoast-schema-graph\">{\"@context\":\"https:\\\/\\\/schema.org\",\"@graph\":[{\"@type\":\"WebPage\",\"@id\":\"https:\\\/\\\/legendatours.com\\\/product\\\/relax-in-praia-da-rocha-8600pk\\\/\",\"url\":\"https:\\\/\\\/legendatours.com\\\/product\\\/relax-in-praia-da-rocha-8600pk\\\/\",\"name\":\"Relax in Praia Da Rocha - Legendary Adventure DMC Portugal\",\"isPartOf\":{\"@id\":\"https:\\\/\\\/legendatours.com\\\/#website\"},\"primaryImageOfPage\":{\"@id\":\"https:\\\/\\\/legendatours.com\\\/product\\\/relax-in-praia-da-rocha-8600pk\\\/#primaryimage\"},\"image\":{\"@id\":\"https:\\\/\\\/legendatours.com\\\/product\\\/relax-in-praia-da-rocha-8600pk\\\/#primaryimage\"},\"thumbnailUrl\":\"https:\\\/\\\/legendatours.com\\\/wp-content\\\/uploads\\\/sites\\\/12\\\/2021\\\/04\\\/Praia_-da_Rocha.jpg\",\"datePublished\":\"2020-06-09T16:28:04+00:00\",\"dateModified\":\"2021-08-22T19:03:57+00:00\",\"description\":\"The Island of Tavira has a long sandy beach and salinas that attract flamingos, spoonbills and other wading birds. In the centre, the medieval castle of Tavira offers views of the city. The Church of Santa Maria do Castelo houses the tombs of 7 knights killed by the Moors.\",\"breadcrumb\":{\"@id\":\"https:\\\/\\\/legendatours.com\\\/product\\\/relax-in-praia-da-rocha-8600pk\\\/#breadcrumb\"},\"inLanguage\":\"pt-PT\",\"potentialAction\":[{\"@type\":\"ReadAction\",\"target\":[\"https:\\\/\\\/legendatours.com\\\/product\\\/relax-in-praia-da-rocha-8600pk\\\/\"]}]},{\"@type\":\"ImageObject\",\"inLanguage\":\"pt-PT\",\"@id\":\"https:\\\/\\\/legendatours.com\\\/product\\\/relax-in-praia-da-rocha-8600pk\\\/#primaryimage\",\"url\":\"https:\\\/\\\/legendatours.com\\\/wp-content\\\/uploads\\\/sites\\\/12\\\/2021\\\/04\\\/Praia_-da_Rocha.jpg\",\"contentUrl\":\"https:\\\/\\\/legendatours.com\\\/wp-content\\\/uploads\\\/sites\\\/12\\\/2021\\\/04\\\/Praia_-da_Rocha.jpg\",\"width\":1200,\"height\":757,\"caption\":\"Praia da Rocha\"},{\"@type\":\"BreadcrumbList\",\"@id\":\"https:\\\/\\\/legendatours.com\\\/product\\\/relax-in-praia-da-rocha-8600pk\\\/#breadcrumb\",\"itemListElement\":[{\"@type\":\"ListItem\",\"position\":1,\"name\":\"Home\",\"item\":\"https:\\\/\\\/legendatours.com\\\/\"},{\"@type\":\"ListItem\",\"position\":2,\"name\":\"Shop\",\"item\":\"https:\\\/\\\/legendatours.com\\\/sv\\\/?page_id=4\"},{\"@type\":\"ListItem\",\"position\":3,\"name\":\"The Island of Tavira has a long sandy beach and salinas that attract flamingos, spoonbills and other wading birds. In the centre, the medieval castle of Tavira offers views of the city. The Church of Santa Maria do Castelo houses the tombs of 7 knights killed by the Moors.\"}]},{\"@type\":\"WebSite\",\"@id\":\"https:\\\/\\\/legendatours.com\\\/#website\",\"url\":\"https:\\\/\\\/legendatours.com\\\/\",\"name\":\"Legendary Adventure DMC Portugal\",\"description\":\"Responsible Walking &amp; Nature Holidays in Portugal\",\"publisher\":{\"@id\":\"https:\\\/\\\/legendatours.com\\\/#organization\"},\"alternateName\":\"Legendary Adventure Portugal\",\"potentialAction\":[{\"@type\":\"SearchAction\",\"target\":{\"@type\":\"EntryPoint\",\"urlTemplate\":\"https:\\\/\\\/legendatours.com\\\/?s={search_term_string}\"},\"query-input\":{\"@type\":\"PropertyValueSpecification\",\"valueRequired\":true,\"valueName\":\"search_term_string\"}}],\"inLanguage\":\"pt-PT\"},{\"@type\":\"Organization\",\"@id\":\"https:\\\/\\\/legendatours.com\\\/#organization\",\"name\":\"legendatours.com\",\"url\":\"https:\\\/\\\/legendatours.com\\\/\",\"logo\":{\"@type\":\"ImageObject\",\"inLanguage\":\"pt-PT\",\"@id\":\"https:\\\/\\\/legendatours.com\\\/#\\\/schema\\\/logo\\\/image\\\/\",\"url\":\"https:\\\/\\\/legendatours.com\\\/wp-content\\\/uploads\\\/sites\\\/12\\\/2021\\\/06\\\/legendary_adventure_dmc.png\",\"contentUrl\":\"https:\\\/\\\/legendatours.com\\\/wp-content\\\/uploads\\\/sites\\\/12\\\/2021\\\/06\\\/legendary_adventure_dmc.png\",\"width\":250,\"height\":74,\"caption\":\"legendatours.com\"},\"image\":{\"@id\":\"https:\\\/\\\/legendatours.com\\\/#\\\/schema\\\/logo\\\/image\\\/\"},\"sameAs\":[\"https:\\\/\\\/www.facebook.com\\\/legendaryadventuredmc\\\/\",\"https:\\\/\\\/www.linkedin.com\\\/company\\\/legendary-adventure-dmc-portugal\",\"https:\\\/\\\/www.youtube.com\\\/channel\\\/UCOIRDx_KM6ynIcacQkZjb6g\"]}]}<\/script>\n<!-- \/ Yoast SEO Premium plugin. -->","yoast_head_json":{"title":"Relaxe na Praia da Rocha - Legendary Adventure DMC Portugal","description":"A Ilha de Tavira tem um extenso areal e salinas que atraem flamingos, colhereiros e outras aves pernaltas. No centro, o castelo medieval de Tavira oferece vistas sobre a cidade. A Igreja de Santa Maria do Castelo abriga os t\u00famulos de 7 cavaleiros mortos pelos mouros.","robots":{"index":"index","follow":"follow","max-snippet":"max-snippet:-1","max-image-preview":"max-image-preview:large","max-video-preview":"max-video-preview:-1"},"canonical":"https:\/\/legendatours.com\/pt\/produto\/relax-in-praia-da-rocha-8600pk\/","og_locale":"pt_PT","og_type":"article","og_title":"Relax in Praia Da Rocha","og_description":"The Island of Tavira has a long sandy beach and salinas that attract flamingos, spoonbills and other wading birds. In the centre, the medieval castle of Tavira offers views of the city. The Church of Santa Maria do Castelo houses the tombs of 7 knights killed by the Moors.","og_url":"https:\/\/legendatours.com\/pt\/produto\/relax-in-praia-da-rocha-8600pk\/","og_site_name":"Legendary Adventure DMC Portugal","article_publisher":"https:\/\/www.facebook.com\/legendaryadventuredmc\/","article_modified_time":"2021-08-22T19:03:57+00:00","og_image":[{"width":1200,"height":757,"url":"https:\/\/legendatours.com\/wp-content\/uploads\/sites\/12\/2021\/04\/Praia_-da_Rocha.jpg","type":"image\/jpeg"}],"twitter_card":"summary_large_image","twitter_misc":{"Tempo estimado de leitura":"2 minutos"},"schema":{"@context":"https:\/\/schema.org","@graph":[{"@type":"WebPage","@id":"https:\/\/legendatours.com\/product\/relax-in-praia-da-rocha-8600pk\/","url":"https:\/\/legendatours.com\/product\/relax-in-praia-da-rocha-8600pk\/","name":"Relaxe na Praia da Rocha - Legendary Adventure DMC Portugal","isPartOf":{"@id":"https:\/\/legendatours.com\/#website"},"primaryImageOfPage":{"@id":"https:\/\/legendatours.com\/product\/relax-in-praia-da-rocha-8600pk\/#primaryimage"},"image":{"@id":"https:\/\/legendatours.com\/product\/relax-in-praia-da-rocha-8600pk\/#primaryimage"},"thumbnailUrl":"https:\/\/legendatours.com\/wp-content\/uploads\/sites\/12\/2021\/04\/Praia_-da_Rocha.jpg","datePublished":"2020-06-09T16:28:04+00:00","dateModified":"2021-08-22T19:03:57+00:00","description":"A Ilha de Tavira tem um extenso areal e salinas que atraem flamingos, colhereiros e outras aves pernaltas. No centro, o castelo medieval de Tavira oferece vistas sobre a cidade. A Igreja de Santa Maria do Castelo abriga os t\u00famulos de 7 cavaleiros mortos pelos mouros.","breadcrumb":{"@id":"https:\/\/legendatours.com\/product\/relax-in-praia-da-rocha-8600pk\/#breadcrumb"},"inLanguage":"pt-PT","potentialAction":[{"@type":"ReadAction","target":["https:\/\/legendatours.com\/product\/relax-in-praia-da-rocha-8600pk\/"]}]},{"@type":"ImageObject","inLanguage":"pt-PT","@id":"https:\/\/legendatours.com\/product\/relax-in-praia-da-rocha-8600pk\/#primaryimage","url":"https:\/\/legendatours.com\/wp-content\/uploads\/sites\/12\/2021\/04\/Praia_-da_Rocha.jpg","contentUrl":"https:\/\/legendatours.com\/wp-content\/uploads\/sites\/12\/2021\/04\/Praia_-da_Rocha.jpg","width":1200,"height":757,"caption":"Praia da Rocha"},{"@type":"BreadcrumbList","@id":"https:\/\/legendatours.com\/product\/relax-in-praia-da-rocha-8600pk\/#breadcrumb","itemListElement":[{"@type":"ListItem","position":1,"name":"Home","item":"https:\/\/legendatours.com\/"},{"@type":"ListItem","position":2,"name":"Shop","item":"https:\/\/legendatours.com\/sv\/?page_id=4"},{"@type":"ListItem","position":3,"name":"The Island of Tavira has a long sandy beach and salinas that attract flamingos, spoonbills and other wading birds. In the centre, the medieval castle of Tavira offers views of the city. The Church of Santa Maria do Castelo houses the tombs of 7 knights killed by the Moors."}]},{"@type":"WebSite","@id":"https:\/\/legendatours.com\/#website","url":"https:\/\/legendatours.com\/","name":"Legendary Adventure DMC Portugal","description":"Caminhadas e F\u00e9rias na Natureza Respons\u00e1veis em Portugal","publisher":{"@id":"https:\/\/legendatours.com\/#organization"},"alternateName":"Legendary Adventure Portugal","potentialAction":[{"@type":"SearchAction","target":{"@type":"EntryPoint","urlTemplate":"https:\/\/legendatours.com\/?s={search_term_string}"},"query-input":{"@type":"PropertyValueSpecification","valueRequired":true,"valueName":"search_term_string"}}],"inLanguage":"pt-PT"},{"@type":"Organization","@id":"https:\/\/legendatours.com\/#organization","name":"legendatours.com","url":"https:\/\/legendatours.com\/","logo":{"@type":"ImageObject","inLanguage":"pt-PT","@id":"https:\/\/legendatours.com\/#\/schema\/logo\/image\/","url":"https:\/\/legendatours.com\/wp-content\/uploads\/sites\/12\/2021\/06\/legendary_adventure_dmc.png","contentUrl":"https:\/\/legendatours.com\/wp-content\/uploads\/sites\/12\/2021\/06\/legendary_adventure_dmc.png","width":250,"height":74,"caption":"legendatours.com"},"image":{"@id":"https:\/\/legendatours.com\/#\/schema\/logo\/image\/"},"sameAs":["https:\/\/www.facebook.com\/legendaryadventuredmc\/","https:\/\/www.linkedin.com\/company\/legendary-adventure-dmc-portugal","https:\/\/www.youtube.com\/channel\/UCOIRDx_KM6ynIcacQkZjb6g"]}]}},"_links":{"self":[{"href":"https:\/\/legendatours.com\/pt\/wp-json\/wp\/v2\/product\/8070","targetHints":{"allow":["GET"]}}],"collection":[{"href":"https:\/\/legendatours.com\/pt\/wp-json\/wp\/v2\/product"}],"about":[{"href":"https:\/\/legendatours.com\/pt\/wp-json\/wp\/v2\/types\/product"}],"replies":[{"embeddable":true,"href":"https:\/\/legendatours.com\/pt\/wp-json\/wp\/v2\/comments?post=8070"}],"wp:featuredmedia":[{"embeddable":true,"href":"https:\/\/legendatours.com\/pt\/wp-json\/wp\/v2\/media\/8056"}],"wp:attachment":[{"href":"https:\/\/legendatours.com\/pt\/wp-json\/wp\/v2\/media?parent=8070"}],"wp:term":[{"taxonomy":"product_brand","embeddable":true,"href":"https:\/\/legendatours.com\/pt\/wp-json\/wp\/v2\/product_brand?post=8070"},{"taxonomy":"product_cat","embeddable":true,"href":"https:\/\/legendatours.com\/pt\/wp-json\/wp\/v2\/product_cat?post=8070"},{"taxonomy":"product_tag","embeddable":true,"href":"https:\/\/legendatours.com\/pt\/wp-json\/wp\/v2\/product_tag?post=8070"}],"curies":[{"name":"wp","href":"https:\/\/api.w.org\/{rel}","templated":true}]}}