{"id":8082,"date":"2020-06-03T11:18:04","date_gmt":"2020-06-03T11:18:04","guid":{"rendered":"https:\/\/legendatours.com\/product\/lagos-self-drive-on-the-road-in-the-west-algarve\/"},"modified":"2022-01-02T22:58:19","modified_gmt":"2022-01-02T22:58:19","slug":"lagos-on-the-road-in-the-west-algarve-56001sc","status":"publish","type":"product","link":"https:\/\/legendatours.com\/pt\/produto\/lagos-on-the-road-in-the-west-algarve-56001sc\/","title":{"rendered":"Lagos Self-Drive: On the Road in West Algarve"},"content":{"rendered":"<p>Pegue a estrada com este tour self-drive pelo Oeste do Algarve! Um roteiro desenhado por cariocas, para mostrar o que h\u00e1 de melhor na regi\u00e3o.<\/p>\n<p>Contemple o horizonte desde as dram\u00e1ticas fal\u00e9sias da Costa Vicentina; visite as verdes serras de Monchique; verifique lugares imperd\u00edveis, como Ponta da Piedade; desfrute da natureza na Ria de Alvor; Delicie-se com o marisco fresco e os bons vinhos portugueses!<\/p>\n<p>O tour \u00e9 baseado em Lagos, uma cidade costeira hist\u00f3rica e cosmopolita.<\/p>\n<p>&nbsp;<\/p>\n<div id=\"attachment_1856\" style=\"width: 1034px\" class=\"wp-caption alignnone\"><img loading=\"lazy\" decoding=\"async\" aria-describedby=\"caption-attachment-1856\" class=\"wp-image-1856 size-large\" title=\"Caminhando no centro de Lagos\" src=\"https:\/\/legendatours.net\/wp-content\/uploads\/2020\/03\/Lagos_city_centre-1024x776.jpg\" alt=\"Walking in Lagos centre\" width=\"1024\" height=\"776\" \/><p id=\"caption-attachment-1856\" class=\"wp-caption-text\"><a href=\"..\/..\/?s=Walking+in+Lagos\" target=\"_blank\" rel=\"noopener\">Caminhando em Lagos<\/a> Centro. O centro hist\u00f3rico de Lagos com vista para o porto e a ria.<\/p><\/div>\n<p>A cidade velha est\u00e1 repleta de pequenas boutiques, restaurantes e uma grande variedade de locais hist\u00f3ricos e culturais. Uma bela muralha e um forte margeiam a orla, voltado para uma grande ba\u00eda e o delicado areal da Meia Praia.<\/p>\n<p>De Lagos, poder\u00e1 visitar a Costa Vicentina, Sagres e as arribas do Cabo S. Vicent, o ponto mais sudoeste de Portugal e da Europa. As fal\u00e9sias t\u00eam vertiginosos 60 metros de altura, caindo na furiosa rajada das ondas.<\/p>\n<p>No seu caminho, destaque para a paisagem \u00fanica da Ponta da Piedade, um verdadeiro cart\u00e3o-postal das suas f\u00e9rias inesquec\u00edveis.<\/p>\n<div id=\"attachment_1858\" style=\"width: 1034px\" class=\"wp-caption alignnone\"><img loading=\"lazy\" decoding=\"async\" aria-describedby=\"caption-attachment-1858\" class=\"wp-image-1858 size-large\" title=\"Vista deslumbrante do topo da fal\u00e9sia de Lagos\" src=\"https:\/\/legendatours.net\/wp-content\/uploads\/2020\/03\/Lagos_pontaPiedade-1024x700.jpg\" alt=\"Stunning view from top of the cliff Lagos\" width=\"1024\" height=\"700\" \/><p id=\"caption-attachment-1858\" class=\"wp-caption-text\">Vista deslumbrante do topo da fal\u00e9sia de Lagos. <a href=\"..\/..\/?s=Ponta+da+Piedade\" target=\"_blank\" rel=\"noopener\">Ponta da Piedade<\/a>, belos mares e fal\u00e9sias douradas.<\/p><\/div>\n<p>As praias da Arrifana e Odeceixe escondem dunas intermin\u00e1veis, rodeadas de pequeninas flores silvestres, de onde os \u00fanicos sons v\u00eam das ondas, das gaivotas e do canto dos ventos salgados.<\/p>\n<p>Visite Monchique, aninhada nas dobras da serra. Perto est\u00e1 o pico mais alto do Algarve, a F\u00f3ia, de onde se avista o Alentejo.<\/p>\n<p>Para completar a sua experi\u00eancia, n\u00e3o perca os requintados pratos regionais, do mar e da terra, acompanhados por excelentes vinhos portugueses.<\/p>\n<p>Deixe-nos mostrar-lhe o Oeste algarvio, vai trazer para casa um lado diferente desta regi\u00e3o acolhedora, com uma cultura generosa e uma beleza natural impressionante!<\/p>\n<div class=\"row\" style=\"display: flex;\">\n<div class=\"column\" style=\"flex: 45%;\"><\/div>\n<div class=\"column\" style=\"flex: 10%;\"><\/div>\n<div class=\"column\" style=\"flex: 45%;\">\n<p><iframe loading=\"lazy\" title=\"Algarve como nunca visto antes\" width=\"1080\" height=\"608\" src=\"https:\/\/www.youtube.com\/embed\/9dQqiVTNTj4?feature=oembed\" frameborder=\"0\" allow=\"accelerometer; autoplay; clipboard-write; encrypted-media; gyroscope; picture-in-picture\" allowfullscreen><\/iframe><\/p>\n<\/div>\n<\/div>","protected":false},"excerpt":{"rendered":"<p>Pegue a estrada com este tour self-drive pelo Oeste do Algarve! Um roteiro desenhado por cariocas, para mostrar o que h\u00e1 de melhor na regi\u00e3o.<\/p>\n<p>Contemple o horizonte desde as dram\u00e1ticas fal\u00e9sias da Costa Vicentina; visite as verdes serras de Monchique; verifique lugares imperd\u00edveis, como Ponta da Piedade; desfrute da natureza na Ria de Alvor; Delicie-se com o marisco fresco e os bons vinhos portugueses!<\/p>\n<p>O tour \u00e9 baseado em Lagos, uma cidade costeira hist\u00f3rica e cosmopolita.<\/p>","protected":false},"featured_media":7737,"comment_status":"closed","ping_status":"closed","template":"","meta":{"_acf_changed":false,"inline_featured_image":false},"product_brand":[],"product_cat":[327,734,301],"product_tag":[367,646,648,306,506,790,184,791,792,153,214,337,779,793,535,218,313,762,270,94,271,794,795,638,97,796,797,106,639,640,798,749,799,642,800,801,802,319,803,804,320,328,805,777,1023,728,1087,228,343,653,322,324,70,806,807,615,325,326,808,809,145],"class_list":{"0":"post-8082","1":"product","2":"type-product","3":"status-publish","4":"has-post-thumbnail","6":"product_cat-self-drive-holidays-portugal","7":"product_cat-self-guided-sightseeing-holidays-in-portugal","8":"product_cat-self-guided-tours-portugal","9":"product_tag-algarve-city","10":"product_tag-algarve-coast","11":"product_tag-algarve-spectacular-coastline","12":"product_tag-alleine-reisen","13":"product_tag-atlantic-ocean","14":"product_tag-carapateira","15":"product_tag-castle","16":"product_tag-coastal","17":"product_tag-colours","18":"product_tag-countryside","19":"product_tag-culture","20":"product_tag-delicious-food","21":"product_tag-fly-drive","22":"product_tag-hills","23":"product_tag-historic-centre","24":"product_tag-history","25":"product_tag-individuelle-touren","26":"product_tag-individuelle-wandertouren","27":"product_tag-lagos","28":"product_tag-landscape","29":"product_tag-lush-green-hills","30":"product_tag-market","31":"product_tag-martim-longo","32":"product_tag-monchique","33":"product_tag-natural-park","34":"product_tag-odeceixe","35":"product_tag-parapets","36":"product_tag-picturesque-landscapes","37":"product_tag-ponta-da-piedade","38":"product_tag-portimao","39":"product_tag-praia-da-luz","40":"product_tag-protected-area","41":"product_tag-querenca","42":"product_tag-sagres","43":"product_tag-salema","44":"product_tag-sao-bartolomeu-de-messines","45":"product_tag-secluded-beaches","46":"product_tag-sejour-en-liberte","47":"product_tag-sel","48":"product_tag-self-drive-holiday","49":"product_tag-self-guide-tour","50":"product_tag-self-guided","51":"product_tag-self-guided-holiday","52":"product_tag-self-guided-holidays","53":"product_tag-self-guided-walking","54":"product_tag-self-guided-walking-holiday","55":"product_tag-self-guided-walks","56":"product_tag-sightseeing","57":"product_tag-silves","58":"product_tag-slave-market-lagos","59":"product_tag-solo-reisen","60":"product_tag-tours-autoguidees","61":"product_tag-traditions","62":"product_tag-undulating-plains","63":"product_tag-valleys","64":"product_tag-village","65":"product_tag-voyage-en-liberte","66":"product_tag-voyages-en-autonomie","67":"product_tag-western-algarve","68":"product_tag-white-washed-houses","69":"product_tag-wines","71":"first","72":"instock","73":"virtual","74":"product-type-simple"},"acf":[],"yoast_head":"<!-- This site is optimized with the Yoast SEO Premium plugin v26.8 (Yoast SEO v27.5) - https:\/\/yoast.com\/product\/yoast-seo-premium-wordpress\/ -->\n<title>Lagos Self-Drive : On the Road in the West Algarve - Legendary Adventure DMC Portugal<\/title>\n<meta name=\"description\" content=\"Self-guided Walking Tour based in Tavira, East Algarve, designed to explore the natural wonders of the Ria Formosa Nature Park and the peaceful countryside.\" \/>\n<meta name=\"robots\" content=\"index, follow, max-snippet:-1, max-image-preview:large, max-video-preview:-1\" \/>\n<link rel=\"canonical\" href=\"https:\/\/legendatours.com\/pt\/produto\/lagos-on-the-road-in-the-west-algarve-56001sc\/\" \/>\n<meta property=\"og:locale\" content=\"pt_PT\" \/>\n<meta property=\"og:type\" content=\"article\" \/>\n<meta property=\"og:title\" content=\"Lagos Self-Drive : On the Road in the West Algarve\" \/>\n<meta property=\"og:description\" content=\"Self-guided Walking Tour based in Tavira, East Algarve, designed to explore the natural wonders of the Ria Formosa Nature Park and the peaceful countryside.\" \/>\n<meta property=\"og:url\" content=\"https:\/\/legendatours.com\/pt\/produto\/lagos-on-the-road-in-the-west-algarve-56001sc\/\" \/>\n<meta property=\"og:site_name\" content=\"Legendary Adventure DMC Portugal\" \/>\n<meta property=\"article:publisher\" content=\"https:\/\/www.facebook.com\/legendaryadventuredmc\/\" \/>\n<meta property=\"article:modified_time\" content=\"2022-01-02T22:58:19+00:00\" \/>\n<meta property=\"og:image\" content=\"https:\/\/legendatours.com\/wp-content\/uploads\/sites\/12\/2021\/04\/Odemira_Coast.jpg\" \/>\n\t<meta property=\"og:image:width\" content=\"1200\" \/>\n\t<meta property=\"og:image:height\" content=\"797\" \/>\n\t<meta property=\"og:image:type\" content=\"image\/jpeg\" \/>\n<meta name=\"twitter:card\" content=\"summary_large_image\" \/>\n<meta name=\"twitter:label1\" content=\"Tempo estimado de leitura\" \/>\n\t<meta name=\"twitter:data1\" content=\"2 minutos\" \/>\n<script type=\"application\/ld+json\" class=\"yoast-schema-graph\">{\"@context\":\"https:\\\/\\\/schema.org\",\"@graph\":[{\"@type\":\"WebPage\",\"@id\":\"https:\\\/\\\/legendatours.com\\\/product\\\/lagos-on-the-road-in-the-west-algarve-56001sc\\\/\",\"url\":\"https:\\\/\\\/legendatours.com\\\/product\\\/lagos-on-the-road-in-the-west-algarve-56001sc\\\/\",\"name\":\"Lagos Self-Drive : On the Road in the West Algarve - Legendary Adventure DMC Portugal\",\"isPartOf\":{\"@id\":\"https:\\\/\\\/legendatours.com\\\/#website\"},\"primaryImageOfPage\":{\"@id\":\"https:\\\/\\\/legendatours.com\\\/product\\\/lagos-on-the-road-in-the-west-algarve-56001sc\\\/#primaryimage\"},\"image\":{\"@id\":\"https:\\\/\\\/legendatours.com\\\/product\\\/lagos-on-the-road-in-the-west-algarve-56001sc\\\/#primaryimage\"},\"thumbnailUrl\":\"https:\\\/\\\/legendatours.com\\\/wp-content\\\/uploads\\\/sites\\\/12\\\/2021\\\/04\\\/Odemira_Coast.jpg\",\"datePublished\":\"2020-06-03T11:18:04+00:00\",\"dateModified\":\"2022-01-02T22:58:19+00:00\",\"description\":\"Self-guided Walking Tour based in Tavira, East Algarve, designed to explore the natural wonders of the Ria Formosa Nature Park and the peaceful countryside.\",\"breadcrumb\":{\"@id\":\"https:\\\/\\\/legendatours.com\\\/product\\\/lagos-on-the-road-in-the-west-algarve-56001sc\\\/#breadcrumb\"},\"inLanguage\":\"pt-PT\",\"potentialAction\":[{\"@type\":\"ReadAction\",\"target\":[\"https:\\\/\\\/legendatours.com\\\/product\\\/lagos-on-the-road-in-the-west-algarve-56001sc\\\/\"]}]},{\"@type\":\"ImageObject\",\"inLanguage\":\"pt-PT\",\"@id\":\"https:\\\/\\\/legendatours.com\\\/product\\\/lagos-on-the-road-in-the-west-algarve-56001sc\\\/#primaryimage\",\"url\":\"https:\\\/\\\/legendatours.com\\\/wp-content\\\/uploads\\\/sites\\\/12\\\/2021\\\/04\\\/Odemira_Coast.jpg\",\"contentUrl\":\"https:\\\/\\\/legendatours.com\\\/wp-content\\\/uploads\\\/sites\\\/12\\\/2021\\\/04\\\/Odemira_Coast.jpg\",\"width\":1200,\"height\":797,\"caption\":\"Vicentina Coast\"},{\"@type\":\"BreadcrumbList\",\"@id\":\"https:\\\/\\\/legendatours.com\\\/product\\\/lagos-on-the-road-in-the-west-algarve-56001sc\\\/#breadcrumb\",\"itemListElement\":[{\"@type\":\"ListItem\",\"position\":1,\"name\":\"Home\",\"item\":\"https:\\\/\\\/legendatours.com\\\/\"},{\"@type\":\"ListItem\",\"position\":2,\"name\":\"Shop\",\"item\":\"https:\\\/\\\/legendatours.com\\\/sv\\\/?page_id=4\"},{\"@type\":\"ListItem\",\"position\":3,\"name\":\"The Algarve is so much more than sun and sea. In the little-visited East Algarve, it looks like time has stood still, and you\u2019ll feel how good it is to slow down and live the good life with this carefully crafted Self-Guided Walking Tour. Each day\u2019s walk highlights the contrasting landscape and wildlife of the region. This tour was put together for the enjoyment of those who have a special interest in rambling and nature.\"}]},{\"@type\":\"WebSite\",\"@id\":\"https:\\\/\\\/legendatours.com\\\/#website\",\"url\":\"https:\\\/\\\/legendatours.com\\\/\",\"name\":\"Legendary Adventure DMC Portugal\",\"description\":\"Responsible Walking &amp; Nature Holidays in Portugal\",\"publisher\":{\"@id\":\"https:\\\/\\\/legendatours.com\\\/#organization\"},\"alternateName\":\"Legendary Adventure Portugal\",\"potentialAction\":[{\"@type\":\"SearchAction\",\"target\":{\"@type\":\"EntryPoint\",\"urlTemplate\":\"https:\\\/\\\/legendatours.com\\\/?s={search_term_string}\"},\"query-input\":{\"@type\":\"PropertyValueSpecification\",\"valueRequired\":true,\"valueName\":\"search_term_string\"}}],\"inLanguage\":\"pt-PT\"},{\"@type\":\"Organization\",\"@id\":\"https:\\\/\\\/legendatours.com\\\/#organization\",\"name\":\"legendatours.com\",\"url\":\"https:\\\/\\\/legendatours.com\\\/\",\"logo\":{\"@type\":\"ImageObject\",\"inLanguage\":\"pt-PT\",\"@id\":\"https:\\\/\\\/legendatours.com\\\/#\\\/schema\\\/logo\\\/image\\\/\",\"url\":\"https:\\\/\\\/legendatours.com\\\/wp-content\\\/uploads\\\/sites\\\/12\\\/2021\\\/06\\\/legendary_adventure_dmc.png\",\"contentUrl\":\"https:\\\/\\\/legendatours.com\\\/wp-content\\\/uploads\\\/sites\\\/12\\\/2021\\\/06\\\/legendary_adventure_dmc.png\",\"width\":250,\"height\":74,\"caption\":\"legendatours.com\"},\"image\":{\"@id\":\"https:\\\/\\\/legendatours.com\\\/#\\\/schema\\\/logo\\\/image\\\/\"},\"sameAs\":[\"https:\\\/\\\/www.facebook.com\\\/legendaryadventuredmc\\\/\",\"https:\\\/\\\/www.linkedin.com\\\/company\\\/legendary-adventure-dmc-portugal\",\"https:\\\/\\\/www.youtube.com\\\/channel\\\/UCOIRDx_KM6ynIcacQkZjb6g\"]}]}<\/script>\n<!-- \/ Yoast SEO Premium plugin. -->","yoast_head_json":{"title":"Lagos Self-Drive: On the Road in the West Algarve - Legendary Adventure DMC Portugal","description":"Passeio a p\u00e9 autoguiado com base em Tavira, no Sotavento Algarvio, concebido para explorar as maravilhas naturais do Parque Natural da Ria Formosa e a tranquilidade do campo.","robots":{"index":"index","follow":"follow","max-snippet":"max-snippet:-1","max-image-preview":"max-image-preview:large","max-video-preview":"max-video-preview:-1"},"canonical":"https:\/\/legendatours.com\/pt\/produto\/lagos-on-the-road-in-the-west-algarve-56001sc\/","og_locale":"pt_PT","og_type":"article","og_title":"Lagos Self-Drive : On the Road in the West Algarve","og_description":"Self-guided Walking Tour based in Tavira, East Algarve, designed to explore the natural wonders of the Ria Formosa Nature Park and the peaceful countryside.","og_url":"https:\/\/legendatours.com\/pt\/produto\/lagos-on-the-road-in-the-west-algarve-56001sc\/","og_site_name":"Legendary Adventure DMC Portugal","article_publisher":"https:\/\/www.facebook.com\/legendaryadventuredmc\/","article_modified_time":"2022-01-02T22:58:19+00:00","og_image":[{"width":1200,"height":797,"url":"https:\/\/legendatours.com\/wp-content\/uploads\/sites\/12\/2021\/04\/Odemira_Coast.jpg","type":"image\/jpeg"}],"twitter_card":"summary_large_image","twitter_misc":{"Tempo estimado de leitura":"2 minutos"},"schema":{"@context":"https:\/\/schema.org","@graph":[{"@type":"WebPage","@id":"https:\/\/legendatours.com\/product\/lagos-on-the-road-in-the-west-algarve-56001sc\/","url":"https:\/\/legendatours.com\/product\/lagos-on-the-road-in-the-west-algarve-56001sc\/","name":"Lagos Self-Drive: On the Road in the West Algarve - Legendary Adventure DMC Portugal","isPartOf":{"@id":"https:\/\/legendatours.com\/#website"},"primaryImageOfPage":{"@id":"https:\/\/legendatours.com\/product\/lagos-on-the-road-in-the-west-algarve-56001sc\/#primaryimage"},"image":{"@id":"https:\/\/legendatours.com\/product\/lagos-on-the-road-in-the-west-algarve-56001sc\/#primaryimage"},"thumbnailUrl":"https:\/\/legendatours.com\/wp-content\/uploads\/sites\/12\/2021\/04\/Odemira_Coast.jpg","datePublished":"2020-06-03T11:18:04+00:00","dateModified":"2022-01-02T22:58:19+00:00","description":"Passeio a p\u00e9 autoguiado com base em Tavira, no Sotavento Algarvio, concebido para explorar as maravilhas naturais do Parque Natural da Ria Formosa e a tranquilidade do campo.","breadcrumb":{"@id":"https:\/\/legendatours.com\/product\/lagos-on-the-road-in-the-west-algarve-56001sc\/#breadcrumb"},"inLanguage":"pt-PT","potentialAction":[{"@type":"ReadAction","target":["https:\/\/legendatours.com\/product\/lagos-on-the-road-in-the-west-algarve-56001sc\/"]}]},{"@type":"ImageObject","inLanguage":"pt-PT","@id":"https:\/\/legendatours.com\/product\/lagos-on-the-road-in-the-west-algarve-56001sc\/#primaryimage","url":"https:\/\/legendatours.com\/wp-content\/uploads\/sites\/12\/2021\/04\/Odemira_Coast.jpg","contentUrl":"https:\/\/legendatours.com\/wp-content\/uploads\/sites\/12\/2021\/04\/Odemira_Coast.jpg","width":1200,"height":797,"caption":"Vicentina Coast"},{"@type":"BreadcrumbList","@id":"https:\/\/legendatours.com\/product\/lagos-on-the-road-in-the-west-algarve-56001sc\/#breadcrumb","itemListElement":[{"@type":"ListItem","position":1,"name":"Home","item":"https:\/\/legendatours.com\/"},{"@type":"ListItem","position":2,"name":"Shop","item":"https:\/\/legendatours.com\/sv\/?page_id=4"},{"@type":"ListItem","position":3,"name":"The Algarve is so much more than sun and sea. In the little-visited East Algarve, it looks like time has stood still, and you\u2019ll feel how good it is to slow down and live the good life with this carefully crafted Self-Guided Walking Tour. Each day\u2019s walk highlights the contrasting landscape and wildlife of the region. This tour was put together for the enjoyment of those who have a special interest in rambling and nature."}]},{"@type":"WebSite","@id":"https:\/\/legendatours.com\/#website","url":"https:\/\/legendatours.com\/","name":"Legendary Adventure DMC Portugal","description":"Caminhadas e F\u00e9rias na Natureza Respons\u00e1veis em Portugal","publisher":{"@id":"https:\/\/legendatours.com\/#organization"},"alternateName":"Legendary Adventure Portugal","potentialAction":[{"@type":"SearchAction","target":{"@type":"EntryPoint","urlTemplate":"https:\/\/legendatours.com\/?s={search_term_string}"},"query-input":{"@type":"PropertyValueSpecification","valueRequired":true,"valueName":"search_term_string"}}],"inLanguage":"pt-PT"},{"@type":"Organization","@id":"https:\/\/legendatours.com\/#organization","name":"legendatours.com","url":"https:\/\/legendatours.com\/","logo":{"@type":"ImageObject","inLanguage":"pt-PT","@id":"https:\/\/legendatours.com\/#\/schema\/logo\/image\/","url":"https:\/\/legendatours.com\/wp-content\/uploads\/sites\/12\/2021\/06\/legendary_adventure_dmc.png","contentUrl":"https:\/\/legendatours.com\/wp-content\/uploads\/sites\/12\/2021\/06\/legendary_adventure_dmc.png","width":250,"height":74,"caption":"legendatours.com"},"image":{"@id":"https:\/\/legendatours.com\/#\/schema\/logo\/image\/"},"sameAs":["https:\/\/www.facebook.com\/legendaryadventuredmc\/","https:\/\/www.linkedin.com\/company\/legendary-adventure-dmc-portugal","https:\/\/www.youtube.com\/channel\/UCOIRDx_KM6ynIcacQkZjb6g"]}]}},"_links":{"self":[{"href":"https:\/\/legendatours.com\/pt\/wp-json\/wp\/v2\/product\/8082","targetHints":{"allow":["GET"]}}],"collection":[{"href":"https:\/\/legendatours.com\/pt\/wp-json\/wp\/v2\/product"}],"about":[{"href":"https:\/\/legendatours.com\/pt\/wp-json\/wp\/v2\/types\/product"}],"replies":[{"embeddable":true,"href":"https:\/\/legendatours.com\/pt\/wp-json\/wp\/v2\/comments?post=8082"}],"wp:featuredmedia":[{"embeddable":true,"href":"https:\/\/legendatours.com\/pt\/wp-json\/wp\/v2\/media\/7737"}],"wp:attachment":[{"href":"https:\/\/legendatours.com\/pt\/wp-json\/wp\/v2\/media?parent=8082"}],"wp:term":[{"taxonomy":"product_brand","embeddable":true,"href":"https:\/\/legendatours.com\/pt\/wp-json\/wp\/v2\/product_brand?post=8082"},{"taxonomy":"product_cat","embeddable":true,"href":"https:\/\/legendatours.com\/pt\/wp-json\/wp\/v2\/product_cat?post=8082"},{"taxonomy":"product_tag","embeddable":true,"href":"https:\/\/legendatours.com\/pt\/wp-json\/wp\/v2\/product_tag?post=8082"}],"curies":[{"name":"wp","href":"https:\/\/api.w.org\/{rel}","templated":true}]}}