{"id":8084,"date":"2020-06-03T10:26:39","date_gmt":"2020-06-03T10:26:39","guid":{"rendered":"https:\/\/legendatours.com\/product\/self-drive-holidays-in-lagos-the-surprising-west-algarve\/"},"modified":"2022-01-02T22:59:32","modified_gmt":"2022-01-02T22:59:32","slug":"lagos-the-surprising-west-algarve-56000sc","status":"publish","type":"product","link":"https:\/\/legendatours.com\/pt\/produto\/lagos-the-surprising-west-algarve-56000sc\/","title":{"rendered":"F\u00e9rias em auto-carro em Lagos Oeste do Algarve"},"content":{"rendered":"<p>Esta road trip \u00e9 uma forma emocionante de descobrir as surpresas do Oeste Algarve! Um roteiro self-drive desenhado por habitantes locais, para aqueles lugares especiais que deixam lembran\u00e7as duradouras de um feriado feliz.<\/p>\n<p>Desde a espetacular costa oeste do Algarve, com dram\u00e1ticas fal\u00e9sias batidas pelas ondas do Atl\u00e2ntico e praias isoladas, ao interior buc\u00f3lico e \u00e0s cidades hist\u00f3ricas, voc\u00ea estar\u00e1 pronto para um verdadeiro deleite!<\/p>\n<div id=\"attachment_1856\" style=\"width: 1034px\" class=\"wp-caption alignnone\"><img loading=\"lazy\" decoding=\"async\" aria-describedby=\"caption-attachment-1856\" class=\"wp-image-1856 size-large\" src=\"https:\/\/legendatours.net\/wp-content\/uploads\/2020\/03\/Lagos_city_centre-1024x776.jpg\" alt=\"Walking in Lagos centre\" width=\"1024\" height=\"776\" \/><p id=\"caption-attachment-1856\" class=\"wp-caption-text\">Centro de Lagos. Legos \u00e9 uma orgulhosa cidade portuguesa, com ruas de paralelep\u00edpedos, restaurantes aut\u00eanticos e um ambiente descontra\u00eddo e acolhedor.<\/p><\/div>\n<p>O tour \u00e9 baseado em Lagos, uma cidade hist\u00f3rica e cosmopolita.<\/p>\n<p>Diante de uma grande ba\u00eda e das areias finas da Meia Praia, Lagos foi ponto de partida dos gale\u00f5es dos Descobrimentos e tamb\u00e9m ref\u00fagio de cors\u00e1rios como Sir Francis Drake.<\/p>\n<p>Uma bela parede faz fronteira com a orla, e a cidade velha est\u00e1 repleta de pequenas boutiques, restaurantes e uma riqueza de patrim\u00f4nios e locais culturais.<\/p>\n<p>Destaque para a paisagem \u00fanica da Ponta da Piedade, um verdadeiro cart\u00e3o postal das suas f\u00e9rias memor\u00e1veis.<\/p>\n<p>Daqui poder\u00e1 visitar a Costa Vicentina, Sagres e as arribas do Cabo S. Vicent, o ponto mais sudoeste de Portugal e da Europa. As fal\u00e9sias t\u00eam vertiginosos 60 metros de altura, caindo na furiosa rajada das ondas.<\/p>\n<div id=\"attachment_1861\" style=\"width: 1034px\" class=\"wp-caption alignnone\"><img loading=\"lazy\" decoding=\"async\" aria-describedby=\"caption-attachment-1861\" class=\"wp-image-1861 size-large\" src=\"https:\/\/legendatours.net\/wp-content\/uploads\/2020\/03\/Sagres_dramatic_views_cliffs-1024x686.jpg\" alt=\"Dramatic Views from West Algarve cliffs\" width=\"1024\" height=\"686\" \/><p id=\"caption-attachment-1861\" class=\"wp-caption-text\">Vistas dram\u00e1ticas das fal\u00e9sias do Oeste do Algarve em Sagres, explorando um Algarve longe dos resorts de praia e campos de golfe mais a leste.<\/p><\/div>\n<p>As praias da Carrapateira e Odeceixe escondem dunas intermin\u00e1veis, rodeadas de pequeninas flores silvestres, de onde s\u00f3 se ouvem as ondas, as gaivotas e o canto dos ventos salgados.<\/p>\n<p>Visite cidades como Monchique, aninhadas nas dobras da serra. Perto est\u00e1 o pico mais alto do Algarve, a F\u00f3ia, de onde se avista o Alentejo.<\/p>\n<p>Silves, a antiga capital mourisca do Algarve, ergue-se numa colina \u00e0 volta das paredes de pedra vermelha do bem preservado castelo. Domina as plan\u00edcies dos laranjais e as margens do Rio Arade.<\/p>\n<p>Em Portim\u00e3o e na vizinha Praia da Rocha, encontrar\u00e1 uma das est\u00e2ncias balneares mais pitorescas e famosas do Algarve.<\/p>\n<p>Para completar a sua experi\u00eancia, e mostrar-lhe os contrastes desta regi\u00e3o, tem roteiros por locais onde o tempo passa devagar e quase se esquece que est\u00e1 no movimentado Algarve.<\/p>\n<div id=\"attachment_1869\" style=\"width: 1034px\" class=\"wp-caption alignnone\"><img loading=\"lazy\" decoding=\"async\" aria-describedby=\"caption-attachment-1869\" class=\"wp-image-1869 size-large\" src=\"https:\/\/legendatours.net\/wp-content\/uploads\/2020\/03\/alcoutim-1024x680.jpg\" alt=\"Alcoutim and the River Guadiana\" width=\"1024\" height=\"680\" \/><p id=\"caption-attachment-1869\" class=\"wp-caption-text\">Alcoutim e o <a href=\"..\/..\/?s=Guadiana\" target=\"_blank\" rel=\"noopener\">Rio Guadiana<\/a>, conduza ao longo do rio Guadiana terminando no castelo de Alcoutim.<\/p><\/div>\n<p>Dirigindo para o leste, por estradas interiores, voc\u00ea experimentar\u00e1 S\u00e3o Bartolomeu de Messines e Queren\u00e7a. A caminho do rio Guadiana, na fronteira com Espanha, encontrar\u00e1 joias escondidas como Martim Longo, Alcoutim e Vila Real de Sto Ant\u00f3nio.<\/p>\n<p>E n\u00e3o perca os requintados pratos regionais, do mar e da terra, acompanhados por excelentes vinhos portugueses.<\/p>\n<p>Deixe-nos mostrar o que h\u00e1 de melhor no Oeste Algarve e levar para casa um lado diferente desta regi\u00e3o acolhedora!<\/p>\n<div class=\"row\" style=\"display: flex;\">\n<div class=\"column\" style=\"flex: 45%;\"><\/div>\n<div class=\"column\" style=\"flex: 10%;\"><\/div>\n<div class=\"column\" style=\"flex: 45%;\"><\/div>\n<\/div>","protected":false},"excerpt":{"rendered":"<p>Esta road trip \u00e9 uma forma emocionante de descobrir as surpresas do Oeste Algarve! Um roteiro self-drive desenhado por habitantes locais, para aqueles lugares especiais que deixam lembran\u00e7as duradouras de um feriado feliz.<\/p>\n<p>Desde a espetacular costa oeste do Algarve, com dram\u00e1ticas fal\u00e9sias batidas pelas ondas do Atl\u00e2ntico e praias isoladas, ao interior buc\u00f3lico e \u00e0s cidades hist\u00f3ricas, voc\u00ea estar\u00e1 pronto para um verdadeiro deleite!<\/p>\n<p>O tour \u00e9 baseado em Lagos, uma cidade hist\u00f3rica e cosmopolita.<\/p>","protected":false},"featured_media":8074,"comment_status":"closed","ping_status":"closed","template":"","meta":{"_acf_changed":false,"inline_featured_image":false},"product_brand":[],"product_cat":[327,734,301],"product_tag":[646,647,810,306,506,849,790,184,791,792,153,811,214,337,46,793,535,218,313,270,94,271,794,795,638,97,796,797,106,639,640,798,749,799,642,800,801,802,319,804,328,805,773,228,343,653,322,324,70,806,807,615,325,326,808,809,145],"class_list":{"0":"post-8084","1":"product","2":"type-product","3":"status-publish","4":"has-post-thumbnail","6":"product_cat-self-drive-holidays-portugal","7":"product_cat-self-guided-sightseeing-holidays-in-portugal","8":"product_cat-self-guided-tours-portugal","9":"product_tag-algarve-coast","10":"product_tag-algarve-secluded-beaches","11":"product_tag-algarves-west-coast","12":"product_tag-alleine-reisen","13":"product_tag-atlantic-ocean","14":"product_tag-cabo-de-sao-vicente","15":"product_tag-carapateira","16":"product_tag-castle","17":"product_tag-coastal","18":"product_tag-colours","19":"product_tag-countryside","20":"product_tag-crafted-self-guided-tour","21":"product_tag-culture","22":"product_tag-delicious-food","23":"product_tag-gastronomy-and-wines","24":"product_tag-hills","25":"product_tag-historic-centre","26":"product_tag-history","27":"product_tag-individuelle-touren","28":"product_tag-lagos","29":"product_tag-landscape","30":"product_tag-lush-green-hills","31":"product_tag-market","32":"product_tag-martim-longo","33":"product_tag-monchique","34":"product_tag-natural-park","35":"product_tag-odeceixe","36":"product_tag-parapets","37":"product_tag-picturesque-landscapes","38":"product_tag-ponta-da-piedade","39":"product_tag-portimao","40":"product_tag-praia-da-luz","41":"product_tag-protected-area","42":"product_tag-querenca","43":"product_tag-sagres","44":"product_tag-salema","45":"product_tag-sao-bartolomeu-de-messines","46":"product_tag-secluded-beaches","47":"product_tag-sejour-en-liberte","48":"product_tag-self-drive-holiday","49":"product_tag-self-guided","50":"product_tag-self-guided-holiday","51":"product_tag-self-guided-sightseeing","52":"product_tag-sightseeing","53":"product_tag-silves","54":"product_tag-slave-market-lagos","55":"product_tag-solo-reisen","56":"product_tag-tours-autoguidees","57":"product_tag-traditions","58":"product_tag-undulating-plains","59":"product_tag-valleys","60":"product_tag-village","61":"product_tag-voyage-en-liberte","62":"product_tag-voyages-en-autonomie","63":"product_tag-western-algarve","64":"product_tag-white-washed-houses","65":"product_tag-wines","67":"first","68":"instock","69":"virtual","70":"product-type-simple"},"acf":[],"yoast_head":"<!-- This site is optimized with the Yoast SEO Premium plugin v26.8 (Yoast SEO v27.4) - https:\/\/yoast.com\/product\/yoast-seo-premium-wordpress\/ -->\n<title>Self-Drive Holidays in Lagos West Algarve - Legendary Adventure DMC Portugal<\/title>\n<meta name=\"description\" content=\"Self-guided Walking Tour based in Tavira, East Algarve, designed to explore the natural wonders of the Ria Formosa Nature Park and the peaceful countryside.\" \/>\n<meta name=\"robots\" content=\"index, follow, max-snippet:-1, max-image-preview:large, max-video-preview:-1\" \/>\n<link rel=\"canonical\" href=\"https:\/\/legendatours.com\/pt\/produto\/lagos-the-surprising-west-algarve-56000sc\/\" \/>\n<meta property=\"og:locale\" content=\"pt_PT\" \/>\n<meta property=\"og:type\" content=\"article\" \/>\n<meta property=\"og:title\" content=\"Self-Drive Holidays in Lagos West Algarve\" \/>\n<meta property=\"og:description\" content=\"Self-guided Walking Tour based in Tavira, East Algarve, designed to explore the natural wonders of the Ria Formosa Nature Park and the peaceful countryside.\" \/>\n<meta property=\"og:url\" content=\"https:\/\/legendatours.com\/pt\/produto\/lagos-the-surprising-west-algarve-56000sc\/\" \/>\n<meta property=\"og:site_name\" content=\"Legendary Adventure DMC Portugal\" \/>\n<meta property=\"article:publisher\" content=\"https:\/\/www.facebook.com\/legendaryadventuredmc\/\" \/>\n<meta property=\"article:modified_time\" content=\"2022-01-02T22:59:32+00:00\" \/>\n<meta property=\"og:image\" content=\"https:\/\/legendatours.com\/wp-content\/uploads\/sites\/12\/2021\/04\/West_Algarve_tour.jpg\" \/>\n\t<meta property=\"og:image:width\" content=\"1195\" \/>\n\t<meta property=\"og:image:height\" content=\"800\" \/>\n\t<meta property=\"og:image:type\" content=\"image\/jpeg\" \/>\n<meta name=\"twitter:card\" content=\"summary_large_image\" \/>\n<meta name=\"twitter:label1\" content=\"Tempo estimado de leitura\" \/>\n\t<meta name=\"twitter:data1\" content=\"3 minutos\" \/>\n<script type=\"application\/ld+json\" class=\"yoast-schema-graph\">{\"@context\":\"https:\\\/\\\/schema.org\",\"@graph\":[{\"@type\":\"WebPage\",\"@id\":\"https:\\\/\\\/legendatours.com\\\/product\\\/lagos-the-surprising-west-algarve-56000sc\\\/\",\"url\":\"https:\\\/\\\/legendatours.com\\\/product\\\/lagos-the-surprising-west-algarve-56000sc\\\/\",\"name\":\"Self-Drive Holidays in Lagos West Algarve - Legendary Adventure DMC Portugal\",\"isPartOf\":{\"@id\":\"https:\\\/\\\/legendatours.com\\\/#website\"},\"primaryImageOfPage\":{\"@id\":\"https:\\\/\\\/legendatours.com\\\/product\\\/lagos-the-surprising-west-algarve-56000sc\\\/#primaryimage\"},\"image\":{\"@id\":\"https:\\\/\\\/legendatours.com\\\/product\\\/lagos-the-surprising-west-algarve-56000sc\\\/#primaryimage\"},\"thumbnailUrl\":\"https:\\\/\\\/legendatours.com\\\/wp-content\\\/uploads\\\/sites\\\/12\\\/2021\\\/04\\\/West_Algarve_tour.jpg\",\"datePublished\":\"2020-06-03T10:26:39+00:00\",\"dateModified\":\"2022-01-02T22:59:32+00:00\",\"description\":\"Self-guided Walking Tour based in Tavira, East Algarve, designed to explore the natural wonders of the Ria Formosa Nature Park and the peaceful countryside.\",\"breadcrumb\":{\"@id\":\"https:\\\/\\\/legendatours.com\\\/product\\\/lagos-the-surprising-west-algarve-56000sc\\\/#breadcrumb\"},\"inLanguage\":\"pt-PT\",\"potentialAction\":[{\"@type\":\"ReadAction\",\"target\":[\"https:\\\/\\\/legendatours.com\\\/product\\\/lagos-the-surprising-west-algarve-56000sc\\\/\"]}]},{\"@type\":\"ImageObject\",\"inLanguage\":\"pt-PT\",\"@id\":\"https:\\\/\\\/legendatours.com\\\/product\\\/lagos-the-surprising-west-algarve-56000sc\\\/#primaryimage\",\"url\":\"https:\\\/\\\/legendatours.com\\\/wp-content\\\/uploads\\\/sites\\\/12\\\/2021\\\/04\\\/West_Algarve_tour.jpg\",\"contentUrl\":\"https:\\\/\\\/legendatours.com\\\/wp-content\\\/uploads\\\/sites\\\/12\\\/2021\\\/04\\\/West_Algarve_tour.jpg\",\"width\":1195,\"height\":800,\"caption\":\"West Algarve tour\"},{\"@type\":\"BreadcrumbList\",\"@id\":\"https:\\\/\\\/legendatours.com\\\/product\\\/lagos-the-surprising-west-algarve-56000sc\\\/#breadcrumb\",\"itemListElement\":[{\"@type\":\"ListItem\",\"position\":1,\"name\":\"Home\",\"item\":\"https:\\\/\\\/legendatours.com\\\/\"},{\"@type\":\"ListItem\",\"position\":2,\"name\":\"Shop\",\"item\":\"https:\\\/\\\/legendatours.com\\\/sv\\\/?page_id=4\"},{\"@type\":\"ListItem\",\"position\":3,\"name\":\"The Algarve is so much more than sun and sea. In the little-visited East Algarve, it looks like time has stood still, and you\u2019ll feel how good it is to slow down and live the good life with this carefully crafted Self-Guided Walking Tour. Each day\u2019s walk highlights the contrasting landscape and wildlife of the region. This tour was put together for the enjoyment of those who have a special interest in rambling and nature.\"}]},{\"@type\":\"WebSite\",\"@id\":\"https:\\\/\\\/legendatours.com\\\/#website\",\"url\":\"https:\\\/\\\/legendatours.com\\\/\",\"name\":\"Legendary Adventure DMC Portugal\",\"description\":\"Responsible Walking &amp; Nature Holidays in Portugal\",\"publisher\":{\"@id\":\"https:\\\/\\\/legendatours.com\\\/#organization\"},\"alternateName\":\"Legendary Adventure Portugal\",\"potentialAction\":[{\"@type\":\"SearchAction\",\"target\":{\"@type\":\"EntryPoint\",\"urlTemplate\":\"https:\\\/\\\/legendatours.com\\\/?s={search_term_string}\"},\"query-input\":{\"@type\":\"PropertyValueSpecification\",\"valueRequired\":true,\"valueName\":\"search_term_string\"}}],\"inLanguage\":\"pt-PT\"},{\"@type\":\"Organization\",\"@id\":\"https:\\\/\\\/legendatours.com\\\/#organization\",\"name\":\"legendatours.com\",\"url\":\"https:\\\/\\\/legendatours.com\\\/\",\"logo\":{\"@type\":\"ImageObject\",\"inLanguage\":\"pt-PT\",\"@id\":\"https:\\\/\\\/legendatours.com\\\/#\\\/schema\\\/logo\\\/image\\\/\",\"url\":\"https:\\\/\\\/legendatours.com\\\/wp-content\\\/uploads\\\/sites\\\/12\\\/2021\\\/06\\\/legendary_adventure_dmc.png\",\"contentUrl\":\"https:\\\/\\\/legendatours.com\\\/wp-content\\\/uploads\\\/sites\\\/12\\\/2021\\\/06\\\/legendary_adventure_dmc.png\",\"width\":250,\"height\":74,\"caption\":\"legendatours.com\"},\"image\":{\"@id\":\"https:\\\/\\\/legendatours.com\\\/#\\\/schema\\\/logo\\\/image\\\/\"},\"sameAs\":[\"https:\\\/\\\/www.facebook.com\\\/legendaryadventuredmc\\\/\",\"https:\\\/\\\/www.linkedin.com\\\/company\\\/legendary-adventure-dmc-portugal\",\"https:\\\/\\\/www.youtube.com\\\/channel\\\/UCOIRDx_KM6ynIcacQkZjb6g\"]}]}<\/script>\n<!-- \/ Yoast SEO Premium plugin. -->","yoast_head_json":{"title":"F\u00e9rias em carro em Lagos Oeste Algarve - Legendary Adventure DMC Portugal","description":"Passeio a p\u00e9 autoguiado com base em Tavira, no Sotavento Algarvio, concebido para explorar as maravilhas naturais do Parque Natural da Ria Formosa e a tranquilidade do campo.","robots":{"index":"index","follow":"follow","max-snippet":"max-snippet:-1","max-image-preview":"max-image-preview:large","max-video-preview":"max-video-preview:-1"},"canonical":"https:\/\/legendatours.com\/pt\/produto\/lagos-the-surprising-west-algarve-56000sc\/","og_locale":"pt_PT","og_type":"article","og_title":"Self-Drive Holidays in Lagos West Algarve","og_description":"Self-guided Walking Tour based in Tavira, East Algarve, designed to explore the natural wonders of the Ria Formosa Nature Park and the peaceful countryside.","og_url":"https:\/\/legendatours.com\/pt\/produto\/lagos-the-surprising-west-algarve-56000sc\/","og_site_name":"Legendary Adventure DMC Portugal","article_publisher":"https:\/\/www.facebook.com\/legendaryadventuredmc\/","article_modified_time":"2022-01-02T22:59:32+00:00","og_image":[{"width":1195,"height":800,"url":"https:\/\/legendatours.com\/wp-content\/uploads\/sites\/12\/2021\/04\/West_Algarve_tour.jpg","type":"image\/jpeg"}],"twitter_card":"summary_large_image","twitter_misc":{"Tempo estimado de leitura":"3 minutos"},"schema":{"@context":"https:\/\/schema.org","@graph":[{"@type":"WebPage","@id":"https:\/\/legendatours.com\/product\/lagos-the-surprising-west-algarve-56000sc\/","url":"https:\/\/legendatours.com\/product\/lagos-the-surprising-west-algarve-56000sc\/","name":"F\u00e9rias em carro em Lagos Oeste Algarve - Legendary Adventure DMC Portugal","isPartOf":{"@id":"https:\/\/legendatours.com\/#website"},"primaryImageOfPage":{"@id":"https:\/\/legendatours.com\/product\/lagos-the-surprising-west-algarve-56000sc\/#primaryimage"},"image":{"@id":"https:\/\/legendatours.com\/product\/lagos-the-surprising-west-algarve-56000sc\/#primaryimage"},"thumbnailUrl":"https:\/\/legendatours.com\/wp-content\/uploads\/sites\/12\/2021\/04\/West_Algarve_tour.jpg","datePublished":"2020-06-03T10:26:39+00:00","dateModified":"2022-01-02T22:59:32+00:00","description":"Passeio a p\u00e9 autoguiado com base em Tavira, no Sotavento Algarvio, concebido para explorar as maravilhas naturais do Parque Natural da Ria Formosa e a tranquilidade do campo.","breadcrumb":{"@id":"https:\/\/legendatours.com\/product\/lagos-the-surprising-west-algarve-56000sc\/#breadcrumb"},"inLanguage":"pt-PT","potentialAction":[{"@type":"ReadAction","target":["https:\/\/legendatours.com\/product\/lagos-the-surprising-west-algarve-56000sc\/"]}]},{"@type":"ImageObject","inLanguage":"pt-PT","@id":"https:\/\/legendatours.com\/product\/lagos-the-surprising-west-algarve-56000sc\/#primaryimage","url":"https:\/\/legendatours.com\/wp-content\/uploads\/sites\/12\/2021\/04\/West_Algarve_tour.jpg","contentUrl":"https:\/\/legendatours.com\/wp-content\/uploads\/sites\/12\/2021\/04\/West_Algarve_tour.jpg","width":1195,"height":800,"caption":"West Algarve tour"},{"@type":"BreadcrumbList","@id":"https:\/\/legendatours.com\/product\/lagos-the-surprising-west-algarve-56000sc\/#breadcrumb","itemListElement":[{"@type":"ListItem","position":1,"name":"Home","item":"https:\/\/legendatours.com\/"},{"@type":"ListItem","position":2,"name":"Shop","item":"https:\/\/legendatours.com\/sv\/?page_id=4"},{"@type":"ListItem","position":3,"name":"The Algarve is so much more than sun and sea. In the little-visited East Algarve, it looks like time has stood still, and you\u2019ll feel how good it is to slow down and live the good life with this carefully crafted Self-Guided Walking Tour. Each day\u2019s walk highlights the contrasting landscape and wildlife of the region. This tour was put together for the enjoyment of those who have a special interest in rambling and nature."}]},{"@type":"WebSite","@id":"https:\/\/legendatours.com\/#website","url":"https:\/\/legendatours.com\/","name":"Legendary Adventure DMC Portugal","description":"Caminhadas e F\u00e9rias na Natureza Respons\u00e1veis em Portugal","publisher":{"@id":"https:\/\/legendatours.com\/#organization"},"alternateName":"Legendary Adventure Portugal","potentialAction":[{"@type":"SearchAction","target":{"@type":"EntryPoint","urlTemplate":"https:\/\/legendatours.com\/?s={search_term_string}"},"query-input":{"@type":"PropertyValueSpecification","valueRequired":true,"valueName":"search_term_string"}}],"inLanguage":"pt-PT"},{"@type":"Organization","@id":"https:\/\/legendatours.com\/#organization","name":"legendatours.com","url":"https:\/\/legendatours.com\/","logo":{"@type":"ImageObject","inLanguage":"pt-PT","@id":"https:\/\/legendatours.com\/#\/schema\/logo\/image\/","url":"https:\/\/legendatours.com\/wp-content\/uploads\/sites\/12\/2021\/06\/legendary_adventure_dmc.png","contentUrl":"https:\/\/legendatours.com\/wp-content\/uploads\/sites\/12\/2021\/06\/legendary_adventure_dmc.png","width":250,"height":74,"caption":"legendatours.com"},"image":{"@id":"https:\/\/legendatours.com\/#\/schema\/logo\/image\/"},"sameAs":["https:\/\/www.facebook.com\/legendaryadventuredmc\/","https:\/\/www.linkedin.com\/company\/legendary-adventure-dmc-portugal","https:\/\/www.youtube.com\/channel\/UCOIRDx_KM6ynIcacQkZjb6g"]}]}},"_links":{"self":[{"href":"https:\/\/legendatours.com\/pt\/wp-json\/wp\/v2\/product\/8084","targetHints":{"allow":["GET"]}}],"collection":[{"href":"https:\/\/legendatours.com\/pt\/wp-json\/wp\/v2\/product"}],"about":[{"href":"https:\/\/legendatours.com\/pt\/wp-json\/wp\/v2\/types\/product"}],"replies":[{"embeddable":true,"href":"https:\/\/legendatours.com\/pt\/wp-json\/wp\/v2\/comments?post=8084"}],"wp:featuredmedia":[{"embeddable":true,"href":"https:\/\/legendatours.com\/pt\/wp-json\/wp\/v2\/media\/8074"}],"wp:attachment":[{"href":"https:\/\/legendatours.com\/pt\/wp-json\/wp\/v2\/media?parent=8084"}],"wp:term":[{"taxonomy":"product_brand","embeddable":true,"href":"https:\/\/legendatours.com\/pt\/wp-json\/wp\/v2\/product_brand?post=8084"},{"taxonomy":"product_cat","embeddable":true,"href":"https:\/\/legendatours.com\/pt\/wp-json\/wp\/v2\/product_cat?post=8084"},{"taxonomy":"product_tag","embeddable":true,"href":"https:\/\/legendatours.com\/pt\/wp-json\/wp\/v2\/product_tag?post=8084"}],"curies":[{"name":"wp","href":"https:\/\/api.w.org\/{rel}","templated":true}]}}