{"id":8102,"date":"2020-06-02T14:30:26","date_gmt":"2020-06-02T14:30:26","guid":{"rendered":"https:\/\/legendatours.com\/product\/tavira-self-drive-road-trip-experience-the-east-algarve\/"},"modified":"2022-01-02T23:03:53","modified_gmt":"2022-01-02T23:03:53","slug":"tavira-experience-the-east-algarve-54001sc","status":"publish","type":"product","link":"https:\/\/legendatours.com\/pt\/produto\/tavira-experience-the-east-algarve-54001sc\/","title":{"rendered":"Tavira Self-Drive Road Trip: Experimente o Sotavento Algarvio"},"content":{"rendered":"<p>Tavira, a base para esta viagem autoguiada, \u00e9 uma pacata cidade costeira no Sotavento Algarvio.<\/p>\n<p>A partir daqui, voc\u00ea descobrir\u00e1 paisagens costeiras magn\u00edficas, paisagens e modos de vida inesperados do interior e cidades hist\u00f3ricas encantadoras.<\/p>\n<p>Projetado por residentes locais, este passeio sob medida oferece uma experi\u00eancia \u00fanica do patrim\u00f4nio natural, humano e cultural desta regi\u00e3o.<\/p>\n<div id=\"attachment_1776\" style=\"width: 1034px\" class=\"wp-caption alignnone\"><img loading=\"lazy\" decoding=\"async\" aria-describedby=\"caption-attachment-1776\" class=\"wp-image-1776 size-large\" src=\"https:\/\/legendatours.net\/wp-content\/uploads\/2020\/03\/Anchor-cemetery-in-Barril-Beach-1024x687.jpg\" alt=\"Anchor cemetery in Barril Beach Tavira\" width=\"1024\" height=\"687\" \/><p id=\"caption-attachment-1776\" class=\"wp-caption-text\">Cemit\u00e9rio de \u00e2ncoras na Praia do Barril Tavira. Este estranho arranjo de \u00e2ncoras \u00e9, na verdade, uma esp\u00e9cie de memorial para a ind\u00fastria de pesca de atum perdida que outrora prosperou aqui.<\/p><\/div>\n<p>As \u00e1guas azuis do Atl\u00e2ntico, as praias de areia dourada, a Ria Formosa, a gastronomia requintada, as gentes simp\u00e1ticas, todas estas caracter\u00edsticas do Algarve s\u00e3o amplamente conhecidas.<\/p>\n<p>Mas ainda existem recantos secretos, paisagens por desvendar e caminhos e tradi\u00e7\u00f5es que muitos desconhecem.<\/p>\n<p>Tavira, na encosta sul da Serra do Caldeir\u00e3o, \u00e9 uma vila pitoresca e pitoresca, rodeada por uma paisagem salpicada de oliveiras, amendoeiras, figueiras, alfarrobeiras e palmeiras.<\/p>\n<p>Moldada pelo seu passado hist\u00f3rico, Tavira tem uma atractiva frente ribeirinha e um ambiente tranquilo. O Rio Gil\u00e3o abre-se para a Ria Formosa, um sistema de lagoas de grande beleza natural.<\/p>\n<p>Este passeio independente dar\u00e1 a voc\u00ea uma vis\u00e3o geral da import\u00e2ncia da pesca tradicional na Ria Formosa, e a oportunidade de saborear iguarias do mar preparadas com maestria e simplicidade.<\/p>\n<p>N\u00e3o esquecer\u00e1 as ostras frescas, os ensopados de polvo, as navalhas, os pratos de atum, com varia\u00e7\u00f5es exclusivas desta regi\u00e3o, onde apanhar e cozinhar os frutos do mar \u00e9 uma verdadeira arte.<\/p>\n<div id=\"attachment_928\" style=\"width: 1034px\" class=\"wp-caption alignnone\"><img loading=\"lazy\" decoding=\"async\" aria-describedby=\"caption-attachment-928\" class=\"wp-image-928 size-large\" src=\"https:\/\/legendatours.net\/wp-content\/uploads\/2020\/03\/Azure-lagoons-of-the-Ria-Formosa-Natural-Park-1-1024x685.jpg\" alt=\"Walking Ria Formosa Natural Park\" width=\"1024\" height=\"685\" \/><p id=\"caption-attachment-928\" class=\"wp-caption-text\">Lagoas azuis do Parque Natural da Ria Formosa. Esta \u00e9 uma lagoa costeira \u00fanica que est\u00e1 em constante mudan\u00e7a devido ao movimento cont\u00ednuo de ventos, correntes e mar\u00e9s.<\/p><\/div>\n<p>Seguindo para leste, voc\u00ea visitar\u00e1 Cacela Velha, uma encantadora vila costeira branca e azul, com a \u00fanica fal\u00e9sia do Sotavento Algarvio e sem d\u00favida a vista mais espl\u00eandida que voc\u00ea ver\u00e1 neste passeio.<\/p>\n<p>Voc\u00ea conhecer\u00e1 mais de perto Vila Real de Santo Ant\u00f3nio, cidade fundada em 1774, sob os princ\u00edpios iluministas. Foi constru\u00eddo como uma r\u00e9plica do arruamento do centro de Lisboa ap\u00f3s o devastador terramoto de 1755.<\/p>\n<p>As excurs\u00f5es para o interior, at\u00e9 \u00e0s colinas acima de Tavira, v\u00e3o desvendar o encanto de aldeias adormecidas como Cachopo, com casas caiadas de branco com parapeitos distintamente decorados nas fachadas. Alguns terra\u00e7os de couro (a\u00e7oteias) usados para secar figos e outros produtos, com t\u00e9cnicas ancestrais de conserva\u00e7\u00e3o. Outros s\u00e3o puramente decorativos e um sinal de riqueza e prest\u00edgio do dono da casa.<\/p>\n<p>S. Br\u00e1s de Alportel, outra paragem do nosso roteiro, \u00e9 famosa pela produ\u00e7\u00e3o de corti\u00e7a, onde a casca da \u00e1rvore \u00e9 transformada num produto sustent\u00e1vel e ecol\u00f3gico. A qualidade da corti\u00e7a desta regi\u00e3o \u00e9 mundialmente conhecida com in\u00fameras utiliza\u00e7\u00f5es.<\/p>\n<div id=\"attachment_1872\" style=\"width: 1034px\" class=\"wp-caption alignnone\"><img loading=\"lazy\" decoding=\"async\" aria-describedby=\"caption-attachment-1872\" class=\"wp-image-1872 size-large\" src=\"https:\/\/legendatours.net\/wp-content\/uploads\/2020\/03\/Alcoutim_Smuggler_statue-1024x768.jpg\" alt=\"Alcoutim Smuggler Statue\" width=\"1024\" height=\"768\" \/><p id=\"caption-attachment-1872\" class=\"wp-caption-text\">Est\u00e1tua do Contrabandista de Alcoutim, que evoca a mem\u00f3ria coletiva da hist\u00f3ria desta terra e deste rio: o pescador, o fiscal e o contrabandista.<\/p><\/div>\n<p>Voc\u00ea seguir\u00e1 as colinas verdejantes que margeiam o rio Guadiana at\u00e9 chegar a Alcoutim. San Lucar del Guadiana \u00e9 a cidade espanhola na margem oposta.<br \/>\nO Castelo de Alcoutim foi constru\u00eddo no s\u00e9culo XVI, e dos jardins, perfeitamente cuidados, ter\u00e1 um excelente miradouro. Existe uma mir\u00edade de lendas envolvendo o castelo, contando sobre bravos cavaleiros e belas princesas mouras, frustradas em seu amor, que se encantaram.<\/p>\n<p>Este \u00e9 um passeio self-drive cuidadosamente elaborado, onde o passado se funde com o presente, tornando cada momento uma mem\u00f3ria duradoura: chegue como visitante, mas saia como local!<\/p>\n<div class=\"row\" style=\"display: flex;\">\n<div class=\"column\" style=\"flex: 45%;\"><\/div>\n<div class=\"column\" style=\"flex: 10%;\"><\/div>\n<div class=\"column\" style=\"flex: 45%;\"><\/div>\n<\/div>","protected":false},"excerpt":{"rendered":"<p>Tavira, a base para esta viagem autoguiada, \u00e9 uma pacata cidade costeira no Sotavento Algarvio.<\/p>\n<p>A partir daqui, voc\u00ea descobrir\u00e1 paisagens costeiras magn\u00edficas, paisagens e modos de vida inesperados do interior e cidades hist\u00f3ricas encantadoras.<\/p>\n<p>Projetado por residentes locais, este passeio sob medida oferece uma experi\u00eancia \u00fanica do patrim\u00f4nio natural, humano e cultural desta regi\u00e3o.<\/p>","protected":false},"featured_media":1717,"comment_status":"closed","ping_status":"closed","template":"","meta":{"_acf_changed":false,"inline_featured_image":false},"product_brand":[],"product_cat":[327,734,301],"product_tag":[547,367,306,827,828,727,829,152,830,831,460,738,83,153,214,337,389,832,833,834,835,836,837,554,838,218,313,271,478,97,558,839,106,749,819,169,480,1021,642,840,841,319,804,328,805,842,228,322,174,324,806,807,843,286,325,326,179,145],"class_list":{"0":"post-8102","1":"product","2":"type-product","3":"status-publish","4":"has-post-thumbnail","6":"product_cat-self-drive-holidays-portugal","7":"product_cat-self-guided-sightseeing-holidays-in-portugal","8":"product_cat-self-guided-tours-portugal","9":"product_tag-alcoutim","10":"product_tag-algarve-city","11":"product_tag-alleine-reisen","12":"product_tag-almonds","13":"product_tag-barranco-do-velho","14":"product_tag-barril-beach","15":"product_tag-blue-waters","16":"product_tag-cacela-velha","17":"product_tag-cachopo","18":"product_tag-carob-trees","19":"product_tag-castro-marim","20":"product_tag-central-portugal","21":"product_tag-cork-trees","22":"product_tag-countryside","23":"product_tag-culture","24":"product_tag-delicious-food","25":"product_tag-eastern-algarve","26":"product_tag-ferragudo","27":"product_tag-figs","28":"product_tag-fishing-heritage","29":"product_tag-foz-de-odeleite","30":"product_tag-golden-sandy-beaches","31":"product_tag-gorges","32":"product_tag-guadiana-river","33":"product_tag-guerreiros-do-rio","34":"product_tag-history","35":"product_tag-individuelle-touren","36":"product_tag-lush-green-hills","37":"product_tag-monte-gordo","38":"product_tag-natural-park","39":"product_tag-olives","40":"product_tag-palm-trees","41":"product_tag-picturesque-landscapes","42":"product_tag-protected-area","43":"product_tag-quartzite-elevations","44":"product_tag-ria-formosa-natural-park","45":"product_tag-ria-formosa-natural-reserve","46":"product_tag-ria-formosa-nature-reserve","47":"product_tag-sagres","48":"product_tag-santa-rita","49":"product_tag-sao-bras-de-alportel","50":"product_tag-sejour-en-liberte","51":"product_tag-self-drive-holiday","52":"product_tag-self-guided","53":"product_tag-self-guided-holiday","54":"product_tag-serra-do-caldeirao","55":"product_tag-sightseeing","56":"product_tag-solo-reisen","57":"product_tag-tavira","58":"product_tag-tours-autoguidees","59":"product_tag-undulating-plains","60":"product_tag-valleys","61":"product_tag-vila-do-vispo","62":"product_tag-vila-real-de-santo-antonio","63":"product_tag-voyage-en-liberte","64":"product_tag-voyages-en-autonomie","65":"product_tag-walking-in-tavira","66":"product_tag-wines","68":"first","69":"instock","70":"virtual","71":"product-type-simple"},"acf":[],"yoast_head":"<!-- This site is optimized with the Yoast SEO Premium plugin v26.8 (Yoast SEO v27.4) - https:\/\/yoast.com\/product\/yoast-seo-premium-wordpress\/ -->\n<title>Tavira Self-Drive Road Trip: Experience the East Algarve - Legendary Adventure DMC Portugal<\/title>\n<meta name=\"description\" content=\"Self-guided Walking Tour based in Tavira, East Algarve, designed to explore the natural wonders of the Ria Formosa Nature Park and the peaceful countryside.\" \/>\n<meta name=\"robots\" content=\"index, follow, max-snippet:-1, max-image-preview:large, max-video-preview:-1\" \/>\n<link rel=\"canonical\" href=\"https:\/\/legendatours.com\/pt\/produto\/tavira-experience-the-east-algarve-54001sc\/\" \/>\n<meta property=\"og:locale\" content=\"pt_PT\" \/>\n<meta property=\"og:type\" content=\"article\" \/>\n<meta property=\"og:title\" content=\"Tavira Self-Drive Road Trip: Experience the East Algarve\" \/>\n<meta property=\"og:description\" content=\"Self-guided Walking Tour based in Tavira, East Algarve, designed to explore the natural wonders of the Ria Formosa Nature Park and the peaceful countryside.\" \/>\n<meta property=\"og:url\" content=\"https:\/\/legendatours.com\/pt\/produto\/tavira-experience-the-east-algarve-54001sc\/\" \/>\n<meta property=\"og:site_name\" content=\"Legendary Adventure DMC Portugal\" \/>\n<meta property=\"article:publisher\" content=\"https:\/\/www.facebook.com\/legendaryadventuredmc\/\" \/>\n<meta property=\"article:modified_time\" content=\"2022-01-02T23:03:53+00:00\" \/>\n<meta property=\"og:image\" content=\"https:\/\/legendatours.com\/wp-content\/uploads\/sites\/12\/2021\/04\/Roman-bridge-in-Tavira-Venice-of-Algarve-2-e1611676865827.jpg\" \/>\n\t<meta property=\"og:image:width\" content=\"1024\" \/>\n\t<meta property=\"og:image:height\" content=\"685\" \/>\n\t<meta property=\"og:image:type\" content=\"image\/jpeg\" \/>\n<meta name=\"twitter:card\" content=\"summary_large_image\" \/>\n<meta name=\"twitter:label1\" content=\"Tempo estimado de leitura\" \/>\n\t<meta name=\"twitter:data1\" content=\"3 minutos\" \/>\n<script type=\"application\/ld+json\" class=\"yoast-schema-graph\">{\"@context\":\"https:\\\/\\\/schema.org\",\"@graph\":[{\"@type\":\"WebPage\",\"@id\":\"https:\\\/\\\/legendatours.com\\\/product\\\/tavira-experience-the-east-algarve-54001sc\\\/\",\"url\":\"https:\\\/\\\/legendatours.com\\\/product\\\/tavira-experience-the-east-algarve-54001sc\\\/\",\"name\":\"Tavira Self-Drive Road Trip: Experience the East Algarve - Legendary Adventure DMC Portugal\",\"isPartOf\":{\"@id\":\"https:\\\/\\\/legendatours.com\\\/#website\"},\"primaryImageOfPage\":{\"@id\":\"https:\\\/\\\/legendatours.com\\\/product\\\/tavira-experience-the-east-algarve-54001sc\\\/#primaryimage\"},\"image\":{\"@id\":\"https:\\\/\\\/legendatours.com\\\/product\\\/tavira-experience-the-east-algarve-54001sc\\\/#primaryimage\"},\"thumbnailUrl\":\"https:\\\/\\\/legendatours.com\\\/wp-content\\\/uploads\\\/sites\\\/12\\\/2021\\\/04\\\/Roman-bridge-in-Tavira-Venice-of-Algarve-2-e1611676865827.jpg\",\"datePublished\":\"2020-06-02T14:30:26+00:00\",\"dateModified\":\"2022-01-02T23:03:53+00:00\",\"description\":\"Self-guided Walking Tour based in Tavira, East Algarve, designed to explore the natural wonders of the Ria Formosa Nature Park and the peaceful countryside.\",\"breadcrumb\":{\"@id\":\"https:\\\/\\\/legendatours.com\\\/product\\\/tavira-experience-the-east-algarve-54001sc\\\/#breadcrumb\"},\"inLanguage\":\"pt-PT\",\"potentialAction\":[{\"@type\":\"ReadAction\",\"target\":[\"https:\\\/\\\/legendatours.com\\\/product\\\/tavira-experience-the-east-algarve-54001sc\\\/\"]}]},{\"@type\":\"ImageObject\",\"inLanguage\":\"pt-PT\",\"@id\":\"https:\\\/\\\/legendatours.com\\\/product\\\/tavira-experience-the-east-algarve-54001sc\\\/#primaryimage\",\"url\":\"https:\\\/\\\/legendatours.com\\\/wp-content\\\/uploads\\\/sites\\\/12\\\/2021\\\/04\\\/Roman-bridge-in-Tavira-Venice-of-Algarve-2-e1611676865827.jpg\",\"contentUrl\":\"https:\\\/\\\/legendatours.com\\\/wp-content\\\/uploads\\\/sites\\\/12\\\/2021\\\/04\\\/Roman-bridge-in-Tavira-Venice-of-Algarve-2-e1611676865827.jpg\",\"width\":1024,\"height\":685,\"caption\":\"Roman bridge in Tavira Venice of Algarve\"},{\"@type\":\"BreadcrumbList\",\"@id\":\"https:\\\/\\\/legendatours.com\\\/product\\\/tavira-experience-the-east-algarve-54001sc\\\/#breadcrumb\",\"itemListElement\":[{\"@type\":\"ListItem\",\"position\":1,\"name\":\"Home\",\"item\":\"https:\\\/\\\/legendatours.com\\\/\"},{\"@type\":\"ListItem\",\"position\":2,\"name\":\"Shop\",\"item\":\"https:\\\/\\\/legendatours.com\\\/sv\\\/?page_id=4\"},{\"@type\":\"ListItem\",\"position\":3,\"name\":\"The Algarve is so much more than sun and sea. In the little-visited East Algarve, it looks like time has stood still, and you\u2019ll feel how good it is to slow down and live the good life with this carefully crafted Self-Guided Walking Tour. Each day\u2019s walk highlights the contrasting landscape and wildlife of the region. This tour was put together for the enjoyment of those who have a special interest in rambling and nature.\"}]},{\"@type\":\"WebSite\",\"@id\":\"https:\\\/\\\/legendatours.com\\\/#website\",\"url\":\"https:\\\/\\\/legendatours.com\\\/\",\"name\":\"Legendary Adventure DMC Portugal\",\"description\":\"Responsible Walking &amp; Nature Holidays in Portugal\",\"publisher\":{\"@id\":\"https:\\\/\\\/legendatours.com\\\/#organization\"},\"alternateName\":\"Legendary Adventure Portugal\",\"potentialAction\":[{\"@type\":\"SearchAction\",\"target\":{\"@type\":\"EntryPoint\",\"urlTemplate\":\"https:\\\/\\\/legendatours.com\\\/?s={search_term_string}\"},\"query-input\":{\"@type\":\"PropertyValueSpecification\",\"valueRequired\":true,\"valueName\":\"search_term_string\"}}],\"inLanguage\":\"pt-PT\"},{\"@type\":\"Organization\",\"@id\":\"https:\\\/\\\/legendatours.com\\\/#organization\",\"name\":\"legendatours.com\",\"url\":\"https:\\\/\\\/legendatours.com\\\/\",\"logo\":{\"@type\":\"ImageObject\",\"inLanguage\":\"pt-PT\",\"@id\":\"https:\\\/\\\/legendatours.com\\\/#\\\/schema\\\/logo\\\/image\\\/\",\"url\":\"https:\\\/\\\/legendatours.com\\\/wp-content\\\/uploads\\\/sites\\\/12\\\/2021\\\/06\\\/legendary_adventure_dmc.png\",\"contentUrl\":\"https:\\\/\\\/legendatours.com\\\/wp-content\\\/uploads\\\/sites\\\/12\\\/2021\\\/06\\\/legendary_adventure_dmc.png\",\"width\":250,\"height\":74,\"caption\":\"legendatours.com\"},\"image\":{\"@id\":\"https:\\\/\\\/legendatours.com\\\/#\\\/schema\\\/logo\\\/image\\\/\"},\"sameAs\":[\"https:\\\/\\\/www.facebook.com\\\/legendaryadventuredmc\\\/\",\"https:\\\/\\\/www.linkedin.com\\\/company\\\/legendary-adventure-dmc-portugal\",\"https:\\\/\\\/www.youtube.com\\\/channel\\\/UCOIRDx_KM6ynIcacQkZjb6g\"]}]}<\/script>\n<!-- \/ Yoast SEO Premium plugin. -->","yoast_head_json":{"title":"Viagem de carro por Tavira: Experimente o Sotavento Algarvio - Legendary Adventure DMC Portugal","description":"Passeio a p\u00e9 autoguiado com base em Tavira, no Sotavento Algarvio, concebido para explorar as maravilhas naturais do Parque Natural da Ria Formosa e a tranquilidade do campo.","robots":{"index":"index","follow":"follow","max-snippet":"max-snippet:-1","max-image-preview":"max-image-preview:large","max-video-preview":"max-video-preview:-1"},"canonical":"https:\/\/legendatours.com\/pt\/produto\/tavira-experience-the-east-algarve-54001sc\/","og_locale":"pt_PT","og_type":"article","og_title":"Tavira Self-Drive Road Trip: Experience the East Algarve","og_description":"Self-guided Walking Tour based in Tavira, East Algarve, designed to explore the natural wonders of the Ria Formosa Nature Park and the peaceful countryside.","og_url":"https:\/\/legendatours.com\/pt\/produto\/tavira-experience-the-east-algarve-54001sc\/","og_site_name":"Legendary Adventure DMC Portugal","article_publisher":"https:\/\/www.facebook.com\/legendaryadventuredmc\/","article_modified_time":"2022-01-02T23:03:53+00:00","og_image":[{"width":1024,"height":685,"url":"https:\/\/legendatours.com\/wp-content\/uploads\/sites\/12\/2021\/04\/Roman-bridge-in-Tavira-Venice-of-Algarve-2-e1611676865827.jpg","type":"image\/jpeg"}],"twitter_card":"summary_large_image","twitter_misc":{"Tempo estimado de leitura":"3 minutos"},"schema":{"@context":"https:\/\/schema.org","@graph":[{"@type":"WebPage","@id":"https:\/\/legendatours.com\/product\/tavira-experience-the-east-algarve-54001sc\/","url":"https:\/\/legendatours.com\/product\/tavira-experience-the-east-algarve-54001sc\/","name":"Viagem de carro por Tavira: Experimente o Sotavento Algarvio - Legendary Adventure DMC Portugal","isPartOf":{"@id":"https:\/\/legendatours.com\/#website"},"primaryImageOfPage":{"@id":"https:\/\/legendatours.com\/product\/tavira-experience-the-east-algarve-54001sc\/#primaryimage"},"image":{"@id":"https:\/\/legendatours.com\/product\/tavira-experience-the-east-algarve-54001sc\/#primaryimage"},"thumbnailUrl":"https:\/\/legendatours.com\/wp-content\/uploads\/sites\/12\/2021\/04\/Roman-bridge-in-Tavira-Venice-of-Algarve-2-e1611676865827.jpg","datePublished":"2020-06-02T14:30:26+00:00","dateModified":"2022-01-02T23:03:53+00:00","description":"Passeio a p\u00e9 autoguiado com base em Tavira, no Sotavento Algarvio, concebido para explorar as maravilhas naturais do Parque Natural da Ria Formosa e a tranquilidade do campo.","breadcrumb":{"@id":"https:\/\/legendatours.com\/product\/tavira-experience-the-east-algarve-54001sc\/#breadcrumb"},"inLanguage":"pt-PT","potentialAction":[{"@type":"ReadAction","target":["https:\/\/legendatours.com\/product\/tavira-experience-the-east-algarve-54001sc\/"]}]},{"@type":"ImageObject","inLanguage":"pt-PT","@id":"https:\/\/legendatours.com\/product\/tavira-experience-the-east-algarve-54001sc\/#primaryimage","url":"https:\/\/legendatours.com\/wp-content\/uploads\/sites\/12\/2021\/04\/Roman-bridge-in-Tavira-Venice-of-Algarve-2-e1611676865827.jpg","contentUrl":"https:\/\/legendatours.com\/wp-content\/uploads\/sites\/12\/2021\/04\/Roman-bridge-in-Tavira-Venice-of-Algarve-2-e1611676865827.jpg","width":1024,"height":685,"caption":"Roman bridge in Tavira Venice of Algarve"},{"@type":"BreadcrumbList","@id":"https:\/\/legendatours.com\/product\/tavira-experience-the-east-algarve-54001sc\/#breadcrumb","itemListElement":[{"@type":"ListItem","position":1,"name":"Home","item":"https:\/\/legendatours.com\/"},{"@type":"ListItem","position":2,"name":"Shop","item":"https:\/\/legendatours.com\/sv\/?page_id=4"},{"@type":"ListItem","position":3,"name":"The Algarve is so much more than sun and sea. In the little-visited East Algarve, it looks like time has stood still, and you\u2019ll feel how good it is to slow down and live the good life with this carefully crafted Self-Guided Walking Tour. Each day\u2019s walk highlights the contrasting landscape and wildlife of the region. This tour was put together for the enjoyment of those who have a special interest in rambling and nature."}]},{"@type":"WebSite","@id":"https:\/\/legendatours.com\/#website","url":"https:\/\/legendatours.com\/","name":"Legendary Adventure DMC Portugal","description":"Caminhadas e F\u00e9rias na Natureza Respons\u00e1veis em Portugal","publisher":{"@id":"https:\/\/legendatours.com\/#organization"},"alternateName":"Legendary Adventure Portugal","potentialAction":[{"@type":"SearchAction","target":{"@type":"EntryPoint","urlTemplate":"https:\/\/legendatours.com\/?s={search_term_string}"},"query-input":{"@type":"PropertyValueSpecification","valueRequired":true,"valueName":"search_term_string"}}],"inLanguage":"pt-PT"},{"@type":"Organization","@id":"https:\/\/legendatours.com\/#organization","name":"legendatours.com","url":"https:\/\/legendatours.com\/","logo":{"@type":"ImageObject","inLanguage":"pt-PT","@id":"https:\/\/legendatours.com\/#\/schema\/logo\/image\/","url":"https:\/\/legendatours.com\/wp-content\/uploads\/sites\/12\/2021\/06\/legendary_adventure_dmc.png","contentUrl":"https:\/\/legendatours.com\/wp-content\/uploads\/sites\/12\/2021\/06\/legendary_adventure_dmc.png","width":250,"height":74,"caption":"legendatours.com"},"image":{"@id":"https:\/\/legendatours.com\/#\/schema\/logo\/image\/"},"sameAs":["https:\/\/www.facebook.com\/legendaryadventuredmc\/","https:\/\/www.linkedin.com\/company\/legendary-adventure-dmc-portugal","https:\/\/www.youtube.com\/channel\/UCOIRDx_KM6ynIcacQkZjb6g"]}]}},"_links":{"self":[{"href":"https:\/\/legendatours.com\/pt\/wp-json\/wp\/v2\/product\/8102","targetHints":{"allow":["GET"]}}],"collection":[{"href":"https:\/\/legendatours.com\/pt\/wp-json\/wp\/v2\/product"}],"about":[{"href":"https:\/\/legendatours.com\/pt\/wp-json\/wp\/v2\/types\/product"}],"replies":[{"embeddable":true,"href":"https:\/\/legendatours.com\/pt\/wp-json\/wp\/v2\/comments?post=8102"}],"wp:featuredmedia":[{"embeddable":true,"href":"https:\/\/legendatours.com\/pt\/wp-json\/wp\/v2\/media\/1717"}],"wp:attachment":[{"href":"https:\/\/legendatours.com\/pt\/wp-json\/wp\/v2\/media?parent=8102"}],"wp:term":[{"taxonomy":"product_brand","embeddable":true,"href":"https:\/\/legendatours.com\/pt\/wp-json\/wp\/v2\/product_brand?post=8102"},{"taxonomy":"product_cat","embeddable":true,"href":"https:\/\/legendatours.com\/pt\/wp-json\/wp\/v2\/product_cat?post=8102"},{"taxonomy":"product_tag","embeddable":true,"href":"https:\/\/legendatours.com\/pt\/wp-json\/wp\/v2\/product_tag?post=8102"}],"curies":[{"name":"wp","href":"https:\/\/api.w.org\/{rel}","templated":true}]}}