{"id":8242,"date":"2020-05-23T13:12:24","date_gmt":"2020-05-23T13:12:24","guid":{"rendered":"https:\/\/legendatours.com\/product\/long-stay-albufeira-portugal-at-aparthotel-cheerfulway-balaia-plaza\/"},"modified":"2021-08-13T10:53:03","modified_gmt":"2021-08-13T10:53:03","slug":"long-stay-in-albufeira-with-with-rental-car-ls102pk","status":"publish","type":"product","link":"https:\/\/legendatours.com\/pt\/produto\/long-stay-in-albufeira-with-with-rental-car-ls102pk\/","title":{"rendered":"Estadia Longa em Albufeira Portugal, no Aparthotel Cheerfulway Balaia Plaza"},"content":{"rendered":"<p>Albufeira \u00e9 internacionalmente conhecida pelas suas praias de areia dourada e \u00e1guas azul turquesa, protegidas por fal\u00e9sias ocre rochosas.<\/p>\n<p>Fuja dos dias h\u00famidos e frios e desfrute dos mais de 300 dias de sol do Algarve por ano!<\/p>\n<p>F\u00e9rias de longa dura\u00e7\u00e3o significa que voc\u00ea tem a oportunidade de passar um tempo realmente conectado com um lugar, como um local, experimentando a comida incr\u00edvel, a cultura, os pontos tur\u00edsticos e as pessoas.<\/p>\n<div id=\"attachment_1984\" style=\"width: 1032px\" class=\"wp-caption alignnone\"><img loading=\"lazy\" decoding=\"async\" aria-describedby=\"caption-attachment-1984\" class=\"wp-image-1984 size-full\" src=\"https:\/\/legendatours.net\/wp-content\/uploads\/2020\/03\/Albufeira_beach.jpg\" alt=\"Holidays in Albufeira\" width=\"1022\" height=\"800\" \/><p id=\"caption-attachment-1984\" class=\"wp-caption-text\">F\u00e9rias em Albufeira<\/p><\/div>\n<p>Fa\u00e7a uma pausa e aproveite sua aposentadoria ou licen\u00e7a tempor\u00e1ria sem se sentir apressado. E aproveite as tarifas da baixa temporada - voc\u00ea obt\u00e9m mais com menos dinheiro!<\/p>\n<p>A orla costeira de Albufeira \u00e9 muito convidativa \u00e0 pr\u00e1tica de desportos n\u00e1uticos, desde o windsurf, mergulho ou vela. Um passeio de barco pelas grutas \u00e9 uma oportunidade maravilhosa para um dia diferente, com visitas a praias isoladas acess\u00edveis apenas por mar.<\/p>\n<p>Albufeira \u00e9 perfeita n\u00e3o s\u00f3 para quem procura sol e descanso. Muitos campos de golfe se estendem quase at\u00e9 o mar, e todos os tipos de atividades divertidas est\u00e3o dispon\u00edveis, como passeios a cavalo \u00e0 sombra de pinheiros.<\/p>\n<p>Por ser um resort popular, Albufeira est\u00e1 repleta de boutiques urbanas e lojas de artesanato, onde ainda se pode encontrar autenticidade no trabalho dos artes\u00e3os locais. Esses objetos feitos de barro, folhas de palmeira, cobre e rendas seguem tradi\u00e7\u00f5es centen\u00e1rias.<\/p>\n<div id=\"attachment_1987\" style=\"width: 1034px\" class=\"wp-caption alignnone\"><img loading=\"lazy\" decoding=\"async\" aria-describedby=\"caption-attachment-1987\" class=\"wp-image-1987 size-large\" src=\"https:\/\/legendatours.net\/wp-content\/uploads\/2020\/03\/albufeira_boattours-1024x683.jpg\" alt=\"Holidays in Albufeira\" width=\"1024\" height=\"683\" \/><p id=\"caption-attachment-1987\" class=\"wp-caption-text\">F\u00e9rias em Albufeira<\/p><\/div>\n<p>O encanto de Albufeira n\u00e3o acaba aqui. No campo verde f\u00e9rtil encontra-se uma paisagem perfumada pontilhada por amendoeiras, figueiras, laranjeiras e pinheiros.<\/p>\n<p>As t\u00edpicas chamin\u00e9s rendadas, heran\u00e7a da arquitectura mourisca, destacam-se no vermelho das telhas e no azul do c\u00e9u.<\/p>\n<p>Vilarejos sonolentos e caiados de branco convidam-no a viver um estilo de vida ligado \u00e0 natureza, acrescentando outra dimens\u00e3o \u00e0s suas f\u00e9rias no Algarve.<\/p>\n<p>Por \u00faltimo, mas n\u00e3o menos importante, entregue-se \u00e0 excelente comida e vinhos portugueses. Desde o peixe fresco e marisco at\u00e9 as doces iguarias locais de am\u00eandoas, mel e figos, ter\u00e1 muito por onde escolher!<\/p>","protected":false},"excerpt":{"rendered":"<p>Albufeira \u00e9 internacionalmente conhecida pelas suas praias de areia dourada e \u00e1guas azul turquesa, protegidas por fal\u00e9sias ocre rochosas.<\/p>\n<p>Fuja dos dias h\u00famidos e frios e desfrute dos mais de 300 dias de sol do Algarve por ano!<\/p>\n<p>F\u00e9rias de longa dura\u00e7\u00e3o significa que voc\u00ea tem a oportunidade de passar um tempo realmente conectado com um lugar, como um local, experimentando a comida incr\u00edvel, a cultura, os pontos tur\u00edsticos e as pessoas.<\/p>\n<p>Fa\u00e7a uma pausa e aproveite sua aposentadoria ou licen\u00e7a tempor\u00e1ria sem se sentir apressado. E aproveite as tarifas da baixa temporada - voc\u00ea obt\u00e9m mais com menos dinheiro!<\/p>","protected":false},"featured_media":8234,"comment_status":"closed","ping_status":"closed","template":"","meta":{"_acf_changed":false,"inline_featured_image":false},"product_brand":[],"product_cat":[686,844],"product_tag":[812,147,76,814,845,46,160,689,846,847,848,694,173,208,177],"class_list":{"0":"post-8242","1":"product","2":"type-product","3":"status-publish","4":"has-post-thumbnail","6":"product_cat-holiday-packs-tours-portugal","7":"product_cat-long-stays-portugal","8":"product_tag-albufeira","9":"product_tag-algarve","10":"product_tag-beaches","11":"product_tag-beaches-of-albufeira","12":"product_tag-beautiful-beaches-algarve","13":"product_tag-gastronomy-and-wines","14":"product_tag-holidays","15":"product_tag-longstay","16":"product_tag-packages","17":"product_tag-retirement","18":"product_tag-seniors","19":"product_tag-sun-beach","20":"product_tag-sunny-winters","21":"product_tag-traditional-villages","22":"product_tag-vacations","24":"first","25":"instock","26":"virtual","27":"product-type-simple"},"acf":[],"yoast_head":"<!-- This site is optimized with the Yoast SEO Premium plugin v26.8 (Yoast SEO v27.5) - https:\/\/yoast.com\/product\/yoast-seo-premium-wordpress\/ -->\n<title>Long-Stay Albufeira Portugal, at Aparthotel Cheerfulway Balaia Plaza - Legendary Adventure DMC Portugal<\/title>\n<meta name=\"robots\" content=\"index, follow, max-snippet:-1, max-image-preview:large, max-video-preview:-1\" \/>\n<link rel=\"canonical\" href=\"https:\/\/legendatours.com\/pt\/produto\/long-stay-in-albufeira-with-with-rental-car-ls102pk\/\" \/>\n<meta property=\"og:locale\" content=\"pt_PT\" \/>\n<meta property=\"og:type\" content=\"article\" \/>\n<meta property=\"og:title\" content=\"Long-Stay Albufeira Portugal, at Aparthotel Cheerfulway Balaia Plaza\" \/>\n<meta property=\"og:description\" content=\"Albufeira is internationally renowned for its gold sandy beaches and turquoise blue waters, sheltered by rocky ochre cliffs.  Escape from damp, cold days, and enjoy Algarve&#039;s over 300 days of sun per year!  A Long-Stay Holiday means that you have the opportunity to spend time really connecting with a place, like a local, experiencing the amazing food, the culture, the sights, and the people.  Take a breather, and enjoy your retirement or temporary leave without feeling rushed. And take advantage of the low season&#039;s rates - you get more for less money!\" \/>\n<meta property=\"og:url\" content=\"https:\/\/legendatours.com\/pt\/produto\/long-stay-in-albufeira-with-with-rental-car-ls102pk\/\" \/>\n<meta property=\"og:site_name\" content=\"Legendary Adventure DMC Portugal\" \/>\n<meta property=\"article:publisher\" content=\"https:\/\/www.facebook.com\/legendaryadventuredmc\/\" \/>\n<meta property=\"article:modified_time\" content=\"2021-08-13T10:53:03+00:00\" \/>\n<meta property=\"og:image\" content=\"https:\/\/legendatours.com\/wp-content\/uploads\/sites\/12\/2021\/04\/Long-stay-algarve.jpg\" \/>\n\t<meta property=\"og:image:width\" content=\"1200\" \/>\n\t<meta property=\"og:image:height\" content=\"800\" \/>\n\t<meta property=\"og:image:type\" content=\"image\/jpeg\" \/>\n<meta name=\"twitter:card\" content=\"summary_large_image\" \/>\n<meta name=\"twitter:label1\" content=\"Tempo estimado de leitura\" \/>\n\t<meta name=\"twitter:data1\" content=\"2 minutos\" \/>\n<script type=\"application\/ld+json\" class=\"yoast-schema-graph\">{\"@context\":\"https:\\\/\\\/schema.org\",\"@graph\":[{\"@type\":\"WebPage\",\"@id\":\"https:\\\/\\\/legendatours.com\\\/product\\\/long-stay-in-albufeira-with-with-rental-car-ls102pk\\\/\",\"url\":\"https:\\\/\\\/legendatours.com\\\/product\\\/long-stay-in-albufeira-with-with-rental-car-ls102pk\\\/\",\"name\":\"Long-Stay Albufeira Portugal, at Aparthotel Cheerfulway Balaia Plaza - Legendary Adventure DMC Portugal\",\"isPartOf\":{\"@id\":\"https:\\\/\\\/legendatours.com\\\/#website\"},\"primaryImageOfPage\":{\"@id\":\"https:\\\/\\\/legendatours.com\\\/product\\\/long-stay-in-albufeira-with-with-rental-car-ls102pk\\\/#primaryimage\"},\"image\":{\"@id\":\"https:\\\/\\\/legendatours.com\\\/product\\\/long-stay-in-albufeira-with-with-rental-car-ls102pk\\\/#primaryimage\"},\"thumbnailUrl\":\"https:\\\/\\\/legendatours.com\\\/wp-content\\\/uploads\\\/sites\\\/12\\\/2021\\\/04\\\/Long-stay-algarve.jpg\",\"datePublished\":\"2020-05-23T13:12:24+00:00\",\"dateModified\":\"2021-08-13T10:53:03+00:00\",\"breadcrumb\":{\"@id\":\"https:\\\/\\\/legendatours.com\\\/product\\\/long-stay-in-albufeira-with-with-rental-car-ls102pk\\\/#breadcrumb\"},\"inLanguage\":\"pt-PT\",\"potentialAction\":[{\"@type\":\"ReadAction\",\"target\":[\"https:\\\/\\\/legendatours.com\\\/product\\\/long-stay-in-albufeira-with-with-rental-car-ls102pk\\\/\"]}]},{\"@type\":\"ImageObject\",\"inLanguage\":\"pt-PT\",\"@id\":\"https:\\\/\\\/legendatours.com\\\/product\\\/long-stay-in-albufeira-with-with-rental-car-ls102pk\\\/#primaryimage\",\"url\":\"https:\\\/\\\/legendatours.com\\\/wp-content\\\/uploads\\\/sites\\\/12\\\/2021\\\/04\\\/Long-stay-algarve.jpg\",\"contentUrl\":\"https:\\\/\\\/legendatours.com\\\/wp-content\\\/uploads\\\/sites\\\/12\\\/2021\\\/04\\\/Long-stay-algarve.jpg\",\"width\":1200,\"height\":800,\"caption\":\"Long-Stay Algarve\"},{\"@type\":\"BreadcrumbList\",\"@id\":\"https:\\\/\\\/legendatours.com\\\/product\\\/long-stay-in-albufeira-with-with-rental-car-ls102pk\\\/#breadcrumb\",\"itemListElement\":[{\"@type\":\"ListItem\",\"position\":1,\"name\":\"Home\",\"item\":\"https:\\\/\\\/legendatours.com\\\/\"},{\"@type\":\"ListItem\",\"position\":2,\"name\":\"Shop\",\"item\":\"https:\\\/\\\/legendatours.com\\\/sv\\\/?page_id=4\"},{\"@type\":\"ListItem\",\"position\":3,\"name\":\"Long-Stay Albufeira Portugal, at Aparthotel Cheerfulway Balaia Plaza\"}]},{\"@type\":\"WebSite\",\"@id\":\"https:\\\/\\\/legendatours.com\\\/#website\",\"url\":\"https:\\\/\\\/legendatours.com\\\/\",\"name\":\"Legendary Adventure DMC Portugal\",\"description\":\"Responsible Walking &amp; Nature Holidays in Portugal\",\"publisher\":{\"@id\":\"https:\\\/\\\/legendatours.com\\\/#organization\"},\"alternateName\":\"Legendary Adventure Portugal\",\"potentialAction\":[{\"@type\":\"SearchAction\",\"target\":{\"@type\":\"EntryPoint\",\"urlTemplate\":\"https:\\\/\\\/legendatours.com\\\/?s={search_term_string}\"},\"query-input\":{\"@type\":\"PropertyValueSpecification\",\"valueRequired\":true,\"valueName\":\"search_term_string\"}}],\"inLanguage\":\"pt-PT\"},{\"@type\":\"Organization\",\"@id\":\"https:\\\/\\\/legendatours.com\\\/#organization\",\"name\":\"legendatours.com\",\"url\":\"https:\\\/\\\/legendatours.com\\\/\",\"logo\":{\"@type\":\"ImageObject\",\"inLanguage\":\"pt-PT\",\"@id\":\"https:\\\/\\\/legendatours.com\\\/#\\\/schema\\\/logo\\\/image\\\/\",\"url\":\"https:\\\/\\\/legendatours.com\\\/wp-content\\\/uploads\\\/sites\\\/12\\\/2021\\\/06\\\/legendary_adventure_dmc.png\",\"contentUrl\":\"https:\\\/\\\/legendatours.com\\\/wp-content\\\/uploads\\\/sites\\\/12\\\/2021\\\/06\\\/legendary_adventure_dmc.png\",\"width\":250,\"height\":74,\"caption\":\"legendatours.com\"},\"image\":{\"@id\":\"https:\\\/\\\/legendatours.com\\\/#\\\/schema\\\/logo\\\/image\\\/\"},\"sameAs\":[\"https:\\\/\\\/www.facebook.com\\\/legendaryadventuredmc\\\/\",\"https:\\\/\\\/www.linkedin.com\\\/company\\\/legendary-adventure-dmc-portugal\",\"https:\\\/\\\/www.youtube.com\\\/channel\\\/UCOIRDx_KM6ynIcacQkZjb6g\"]}]}<\/script>\n<!-- \/ Yoast SEO Premium plugin. -->","yoast_head_json":{"title":"Estadia de longa dura\u00e7\u00e3o em Albufeira Portugal, no Aparthotel Cheerfulway Balaia Plaza - Legendary Adventure DMC Portugal","robots":{"index":"index","follow":"follow","max-snippet":"max-snippet:-1","max-image-preview":"max-image-preview:large","max-video-preview":"max-video-preview:-1"},"canonical":"https:\/\/legendatours.com\/pt\/produto\/long-stay-in-albufeira-with-with-rental-car-ls102pk\/","og_locale":"pt_PT","og_type":"article","og_title":"Long-Stay Albufeira Portugal, at Aparthotel Cheerfulway Balaia Plaza","og_description":"Albufeira is internationally renowned for its gold sandy beaches and turquoise blue waters, sheltered by rocky ochre cliffs.  Escape from damp, cold days, and enjoy Algarve's over 300 days of sun per year!  A Long-Stay Holiday means that you have the opportunity to spend time really connecting with a place, like a local, experiencing the amazing food, the culture, the sights, and the people.  Take a breather, and enjoy your retirement or temporary leave without feeling rushed. And take advantage of the low season's rates - you get more for less money!","og_url":"https:\/\/legendatours.com\/pt\/produto\/long-stay-in-albufeira-with-with-rental-car-ls102pk\/","og_site_name":"Legendary Adventure DMC Portugal","article_publisher":"https:\/\/www.facebook.com\/legendaryadventuredmc\/","article_modified_time":"2021-08-13T10:53:03+00:00","og_image":[{"width":1200,"height":800,"url":"https:\/\/legendatours.com\/wp-content\/uploads\/sites\/12\/2021\/04\/Long-stay-algarve.jpg","type":"image\/jpeg"}],"twitter_card":"summary_large_image","twitter_misc":{"Tempo estimado de leitura":"2 minutos"},"schema":{"@context":"https:\/\/schema.org","@graph":[{"@type":"WebPage","@id":"https:\/\/legendatours.com\/product\/long-stay-in-albufeira-with-with-rental-car-ls102pk\/","url":"https:\/\/legendatours.com\/product\/long-stay-in-albufeira-with-with-rental-car-ls102pk\/","name":"Estadia de longa dura\u00e7\u00e3o em Albufeira Portugal, no Aparthotel Cheerfulway Balaia Plaza - Legendary Adventure DMC Portugal","isPartOf":{"@id":"https:\/\/legendatours.com\/#website"},"primaryImageOfPage":{"@id":"https:\/\/legendatours.com\/product\/long-stay-in-albufeira-with-with-rental-car-ls102pk\/#primaryimage"},"image":{"@id":"https:\/\/legendatours.com\/product\/long-stay-in-albufeira-with-with-rental-car-ls102pk\/#primaryimage"},"thumbnailUrl":"https:\/\/legendatours.com\/wp-content\/uploads\/sites\/12\/2021\/04\/Long-stay-algarve.jpg","datePublished":"2020-05-23T13:12:24+00:00","dateModified":"2021-08-13T10:53:03+00:00","breadcrumb":{"@id":"https:\/\/legendatours.com\/product\/long-stay-in-albufeira-with-with-rental-car-ls102pk\/#breadcrumb"},"inLanguage":"pt-PT","potentialAction":[{"@type":"ReadAction","target":["https:\/\/legendatours.com\/product\/long-stay-in-albufeira-with-with-rental-car-ls102pk\/"]}]},{"@type":"ImageObject","inLanguage":"pt-PT","@id":"https:\/\/legendatours.com\/product\/long-stay-in-albufeira-with-with-rental-car-ls102pk\/#primaryimage","url":"https:\/\/legendatours.com\/wp-content\/uploads\/sites\/12\/2021\/04\/Long-stay-algarve.jpg","contentUrl":"https:\/\/legendatours.com\/wp-content\/uploads\/sites\/12\/2021\/04\/Long-stay-algarve.jpg","width":1200,"height":800,"caption":"Long-Stay Algarve"},{"@type":"BreadcrumbList","@id":"https:\/\/legendatours.com\/product\/long-stay-in-albufeira-with-with-rental-car-ls102pk\/#breadcrumb","itemListElement":[{"@type":"ListItem","position":1,"name":"Home","item":"https:\/\/legendatours.com\/"},{"@type":"ListItem","position":2,"name":"Shop","item":"https:\/\/legendatours.com\/sv\/?page_id=4"},{"@type":"ListItem","position":3,"name":"Long-Stay Albufeira Portugal, at Aparthotel Cheerfulway Balaia Plaza"}]},{"@type":"WebSite","@id":"https:\/\/legendatours.com\/#website","url":"https:\/\/legendatours.com\/","name":"Legendary Adventure DMC Portugal","description":"Caminhadas e F\u00e9rias na Natureza Respons\u00e1veis em Portugal","publisher":{"@id":"https:\/\/legendatours.com\/#organization"},"alternateName":"Legendary Adventure Portugal","potentialAction":[{"@type":"SearchAction","target":{"@type":"EntryPoint","urlTemplate":"https:\/\/legendatours.com\/?s={search_term_string}"},"query-input":{"@type":"PropertyValueSpecification","valueRequired":true,"valueName":"search_term_string"}}],"inLanguage":"pt-PT"},{"@type":"Organization","@id":"https:\/\/legendatours.com\/#organization","name":"legendatours.com","url":"https:\/\/legendatours.com\/","logo":{"@type":"ImageObject","inLanguage":"pt-PT","@id":"https:\/\/legendatours.com\/#\/schema\/logo\/image\/","url":"https:\/\/legendatours.com\/wp-content\/uploads\/sites\/12\/2021\/06\/legendary_adventure_dmc.png","contentUrl":"https:\/\/legendatours.com\/wp-content\/uploads\/sites\/12\/2021\/06\/legendary_adventure_dmc.png","width":250,"height":74,"caption":"legendatours.com"},"image":{"@id":"https:\/\/legendatours.com\/#\/schema\/logo\/image\/"},"sameAs":["https:\/\/www.facebook.com\/legendaryadventuredmc\/","https:\/\/www.linkedin.com\/company\/legendary-adventure-dmc-portugal","https:\/\/www.youtube.com\/channel\/UCOIRDx_KM6ynIcacQkZjb6g"]}]}},"_links":{"self":[{"href":"https:\/\/legendatours.com\/pt\/wp-json\/wp\/v2\/product\/8242","targetHints":{"allow":["GET"]}}],"collection":[{"href":"https:\/\/legendatours.com\/pt\/wp-json\/wp\/v2\/product"}],"about":[{"href":"https:\/\/legendatours.com\/pt\/wp-json\/wp\/v2\/types\/product"}],"replies":[{"embeddable":true,"href":"https:\/\/legendatours.com\/pt\/wp-json\/wp\/v2\/comments?post=8242"}],"wp:featuredmedia":[{"embeddable":true,"href":"https:\/\/legendatours.com\/pt\/wp-json\/wp\/v2\/media\/8234"}],"wp:attachment":[{"href":"https:\/\/legendatours.com\/pt\/wp-json\/wp\/v2\/media?parent=8242"}],"wp:term":[{"taxonomy":"product_brand","embeddable":true,"href":"https:\/\/legendatours.com\/pt\/wp-json\/wp\/v2\/product_brand?post=8242"},{"taxonomy":"product_cat","embeddable":true,"href":"https:\/\/legendatours.com\/pt\/wp-json\/wp\/v2\/product_cat?post=8242"},{"taxonomy":"product_tag","embeddable":true,"href":"https:\/\/legendatours.com\/pt\/wp-json\/wp\/v2\/product_tag?post=8242"}],"curies":[{"name":"wp","href":"https:\/\/api.w.org\/{rel}","templated":true}]}}