{"id":8250,"date":"2020-05-21T10:28:33","date_gmt":"2020-05-21T10:28:33","guid":{"rendered":"https:\/\/legendatours.com\/product\/relax-in-albufeira\/"},"modified":"2021-08-22T19:19:01","modified_gmt":"2021-08-22T19:19:01","slug":"relax-in-albufeira-8102pk","status":"publish","type":"product","link":"https:\/\/legendatours.com\/pt\/produto\/relax-in-albufeira-8102pk\/","title":{"rendered":"Relaxe em albufeira"},"content":{"rendered":"<p>Albufeira \u00e9 internacionalmente conhecida pelas suas praias de areia dourada e \u00e1guas azul turquesa, protegidas por fal\u00e9sias ocre rochosas.<\/p>\n<p>A paisagem atrai muitos visitantes que adoram tomar sol durante o dia. Quando o sol se p\u00f5e, a festa come\u00e7a com gente bonita reunindo-se para curtir os restaurantes, bares, esplanadas e a \u00e9pica vida noturna de Albufeira.<\/p>\n<p>Complete os seus dias de lazer e relaxamento num terra\u00e7o com vista para o mar, com uma bebida fresca na m\u00e3o, para celebrar a boa vida.<\/p>\n<div id=\"attachment_1989\" style=\"width: 1034px\" class=\"wp-caption alignnone\"><img loading=\"lazy\" decoding=\"async\" aria-describedby=\"caption-attachment-1989\" class=\"wp-image-1989 size-large\" src=\"https:\/\/legendatours.net\/wp-content\/uploads\/2020\/03\/Albufeira_downtown-1024x683.jpg\" alt=\"Holidays in Albufeira\" width=\"1024\" height=\"683\" \/><p id=\"caption-attachment-1989\" class=\"wp-caption-text\">F\u00e9rias em Albufeira, divers\u00e3o para o manter a sorrir durante as f\u00e9rias.<\/p><\/div>\n<p>A orla costeira de Albufeira \u00e9 muito convidativa \u00e0 pr\u00e1tica de desportos n\u00e1uticos, desde o windsurf, mergulho ou vela. Um passeio de barco pelas grutas \u00e9 uma oportunidade maravilhosa para um dia diferente, com visitas a praias isoladas acess\u00edveis apenas por mar.<\/p>\n<p>Albufeira \u00e9 perfeita n\u00e3o s\u00f3 para quem procura sol e descanso. Muitos campos de golfe se estendem quase at\u00e9 o mar, e todos os tipos de atividades divertidas est\u00e3o dispon\u00edveis, como passeios a cavalo \u00e0 sombra de pinheiros.<br \/>\nPor ser um resort popular, Albufeira est\u00e1 repleta de boutiques urbanas e lojas de artesanato, onde ainda se pode encontrar autenticidade no trabalho dos artes\u00e3os locais. Esses objetos feitos de barro, folhas de palmeira, cobre e rendas seguem tradi\u00e7\u00f5es centen\u00e1rias.<\/p>\n<p>O encanto de Albufeira n\u00e3o acaba aqui. No campo verde f\u00e9rtil encontra-se uma paisagem perfumada pontilhada por amendoeiras, figueiras, laranjeiras e pinheiros.<\/p>\n<p>As t\u00edpicas chamin\u00e9s rendadas, heran\u00e7a da arquitectura mourisca, destacam-se no vermelho das telhas e no azul do c\u00e9u.<\/p>\n<div id=\"attachment_1991\" style=\"width: 1034px\" class=\"wp-caption alignnone\"><img loading=\"lazy\" decoding=\"async\" aria-describedby=\"caption-attachment-1991\" class=\"wp-image-1991 size-large\" src=\"https:\/\/legendatours.net\/wp-content\/uploads\/2020\/03\/Albufeira_heritage-1024x686.jpg\" alt=\"Holidays in Albufeira\" width=\"1024\" height=\"686\" \/><p id=\"caption-attachment-1991\" class=\"wp-caption-text\">F\u00e9rias em Albufeira, uma antiga vila piscat\u00f3ria, agora um dos resorts mais populares do Algarve<\/p><\/div>\n<p>Vilarejos sonolentos e caiados de branco convidam-no a viver um estilo de vida ligado \u00e0 natureza, acrescentando outra dimens\u00e3o \u00e0s suas f\u00e9rias no Algarve.<\/p>\n<p>Por \u00faltimo, mas n\u00e3o menos importante, entregue-se \u00e0 excelente comida e vinhos portugueses. Desde o peixe fresco e marisco at\u00e9 as doces iguarias locais de am\u00eandoas, mel e figos, ter\u00e1 muito por onde escolher!<\/p>","protected":false},"excerpt":{"rendered":"<p>Albufeira \u00e9 internacionalmente conhecida pelas suas praias de areia dourada e \u00e1guas azul turquesa, protegidas por fal\u00e9sias ocre rochosas.<\/p>\n<p>A paisagem atrai muitos visitantes que adoram tomar sol durante o dia. Quando o sol se p\u00f5e, a festa come\u00e7a com gente bonita reunindo-se para curtir os restaurantes, bares, esplanadas e a \u00e9pica vida noturna de Albufeira.<\/p>\n<p>Re\u00fana os seus dias de lazer e relaxamento num terra\u00e7o com vista para o mar, com uma bebida fresca na m\u00e3o, para celebrar a boa vida!<\/p>","protected":false},"featured_media":8168,"comment_status":"closed","ping_status":"closed","template":"","meta":{"_acf_changed":false,"inline_featured_image":false},"product_brand":[],"product_cat":[686,696],"product_tag":[812,147,76,77,876,877,130,163,164,60,341,894,821,878,320,879,695,173,880,881,123,892,1148],"class_list":{"0":"post-8250","1":"product","2":"type-product","3":"status-publish","4":"has-post-thumbnail","6":"product_cat-holiday-packs-tours-portugal","7":"product_cat-relax-8-days-holidays-portugal","8":"product_tag-albufeira","9":"product_tag-algarve","10":"product_tag-beaches","11":"product_tag-beautiful-beaches","12":"product_tag-coastal-algarve","13":"product_tag-flamingos","14":"product_tag-gastronomy","15":"product_tag-orange","16":"product_tag-orange-groves","17":"product_tag-portugal","18":"product_tag-portugal-great-food-and-wine","19":"product_tag-relax","20":"product_tag-relaxation-albufeira","21":"product_tag-self-catering-hotel-albufeira","22":"product_tag-self-guide-tour","23":"product_tag-sun-and-beach","24":"product_tag-sunny-days","25":"product_tag-sunny-winters","26":"product_tag-tastes-of-algarve","27":"product_tag-victoria-sports-beach-hotel","28":"product_tag-western-europe","29":"product_tag-winter","30":"product_tag-winter-break","32":"first","33":"instock","34":"virtual","35":"product-type-simple"},"acf":[],"yoast_head":"<!-- This site is optimized with the Yoast SEO Premium plugin v26.8 (Yoast SEO v27.4) - https:\/\/yoast.com\/product\/yoast-seo-premium-wordpress\/ -->\n<title>Relax in Albufeira - Legendary Adventure DMC Portugal<\/title>\n<meta name=\"description\" content=\"The beaches of Albufeira are the number one tourist destination in the Algarve. This is a developed city with a beautiful historic centre of narrow streets, surrounded by apartments and white houses, next to the beautiful local beaches. Nearby is the marina of Albufeira, heavily frequented by hundreds of recreational craft.\" \/>\n<meta name=\"robots\" content=\"index, follow, max-snippet:-1, max-image-preview:large, max-video-preview:-1\" \/>\n<link rel=\"canonical\" href=\"https:\/\/legendatours.com\/pt\/produto\/relax-in-albufeira-8102pk\/\" \/>\n<meta property=\"og:locale\" content=\"pt_PT\" \/>\n<meta property=\"og:type\" content=\"article\" \/>\n<meta property=\"og:title\" content=\"Relax in Albufeira\" \/>\n<meta property=\"og:description\" content=\"The beaches of Albufeira are the number one tourist destination in the Algarve. This is a developed city with a beautiful historic centre of narrow streets, surrounded by apartments and white houses, next to the beautiful local beaches. Nearby is the marina of Albufeira, heavily frequented by hundreds of recreational craft.\" \/>\n<meta property=\"og:url\" content=\"https:\/\/legendatours.com\/pt\/produto\/relax-in-albufeira-8102pk\/\" \/>\n<meta property=\"og:site_name\" content=\"Legendary Adventure DMC Portugal\" \/>\n<meta property=\"article:publisher\" content=\"https:\/\/www.facebook.com\/legendaryadventuredmc\/\" \/>\n<meta property=\"article:modified_time\" content=\"2021-08-22T19:19:01+00:00\" \/>\n<meta property=\"og:image\" content=\"https:\/\/legendatours.com\/wp-content\/uploads\/sites\/12\/2021\/04\/Olhos_Agua_Albufeira.jpg\" \/>\n\t<meta property=\"og:image:width\" content=\"1200\" \/>\n\t<meta property=\"og:image:height\" content=\"800\" \/>\n\t<meta property=\"og:image:type\" content=\"image\/jpeg\" \/>\n<meta name=\"twitter:card\" content=\"summary_large_image\" \/>\n<meta name=\"twitter:label1\" content=\"Tempo estimado de leitura\" \/>\n\t<meta name=\"twitter:data1\" content=\"2 minutos\" \/>\n<script type=\"application\/ld+json\" class=\"yoast-schema-graph\">{\"@context\":\"https:\\\/\\\/schema.org\",\"@graph\":[{\"@type\":\"WebPage\",\"@id\":\"https:\\\/\\\/legendatours.com\\\/product\\\/relax-in-albufeira-8102pk\\\/\",\"url\":\"https:\\\/\\\/legendatours.com\\\/product\\\/relax-in-albufeira-8102pk\\\/\",\"name\":\"Relax in Albufeira - Legendary Adventure DMC Portugal\",\"isPartOf\":{\"@id\":\"https:\\\/\\\/legendatours.com\\\/#website\"},\"primaryImageOfPage\":{\"@id\":\"https:\\\/\\\/legendatours.com\\\/product\\\/relax-in-albufeira-8102pk\\\/#primaryimage\"},\"image\":{\"@id\":\"https:\\\/\\\/legendatours.com\\\/product\\\/relax-in-albufeira-8102pk\\\/#primaryimage\"},\"thumbnailUrl\":\"https:\\\/\\\/legendatours.com\\\/wp-content\\\/uploads\\\/sites\\\/12\\\/2021\\\/04\\\/Olhos_Agua_Albufeira.jpg\",\"datePublished\":\"2020-05-21T10:28:33+00:00\",\"dateModified\":\"2021-08-22T19:19:01+00:00\",\"description\":\"The beaches of Albufeira are the number one tourist destination in the Algarve. This is a developed city with a beautiful historic centre of narrow streets, surrounded by apartments and white houses, next to the beautiful local beaches. Nearby is the marina of Albufeira, heavily frequented by hundreds of recreational craft.\",\"breadcrumb\":{\"@id\":\"https:\\\/\\\/legendatours.com\\\/product\\\/relax-in-albufeira-8102pk\\\/#breadcrumb\"},\"inLanguage\":\"pt-PT\",\"potentialAction\":[{\"@type\":\"ReadAction\",\"target\":[\"https:\\\/\\\/legendatours.com\\\/product\\\/relax-in-albufeira-8102pk\\\/\"]}]},{\"@type\":\"ImageObject\",\"inLanguage\":\"pt-PT\",\"@id\":\"https:\\\/\\\/legendatours.com\\\/product\\\/relax-in-albufeira-8102pk\\\/#primaryimage\",\"url\":\"https:\\\/\\\/legendatours.com\\\/wp-content\\\/uploads\\\/sites\\\/12\\\/2021\\\/04\\\/Olhos_Agua_Albufeira.jpg\",\"contentUrl\":\"https:\\\/\\\/legendatours.com\\\/wp-content\\\/uploads\\\/sites\\\/12\\\/2021\\\/04\\\/Olhos_Agua_Albufeira.jpg\",\"width\":1200,\"height\":800,\"caption\":\"Holidays in Albufeira\"},{\"@type\":\"BreadcrumbList\",\"@id\":\"https:\\\/\\\/legendatours.com\\\/product\\\/relax-in-albufeira-8102pk\\\/#breadcrumb\",\"itemListElement\":[{\"@type\":\"ListItem\",\"position\":1,\"name\":\"Home\",\"item\":\"https:\\\/\\\/legendatours.com\\\/\"},{\"@type\":\"ListItem\",\"position\":2,\"name\":\"Shop\",\"item\":\"https:\\\/\\\/legendatours.com\\\/sv\\\/?page_id=4\"},{\"@type\":\"ListItem\",\"position\":3,\"name\":\"The beaches of Albufeira are the number one tourist destination in the Algarve. This is a developed city with a beautiful historic centre of narrow streets, surrounded by apartments and white houses, next to the beautiful local beaches. Nearby is the marina of Albufeira, heavily frequented by hundreds of recreational craft.\"}]},{\"@type\":\"WebSite\",\"@id\":\"https:\\\/\\\/legendatours.com\\\/#website\",\"url\":\"https:\\\/\\\/legendatours.com\\\/\",\"name\":\"Legendary Adventure DMC Portugal\",\"description\":\"Responsible Walking &amp; Nature Holidays in Portugal\",\"publisher\":{\"@id\":\"https:\\\/\\\/legendatours.com\\\/#organization\"},\"alternateName\":\"Legendary Adventure Portugal\",\"potentialAction\":[{\"@type\":\"SearchAction\",\"target\":{\"@type\":\"EntryPoint\",\"urlTemplate\":\"https:\\\/\\\/legendatours.com\\\/?s={search_term_string}\"},\"query-input\":{\"@type\":\"PropertyValueSpecification\",\"valueRequired\":true,\"valueName\":\"search_term_string\"}}],\"inLanguage\":\"pt-PT\"},{\"@type\":\"Organization\",\"@id\":\"https:\\\/\\\/legendatours.com\\\/#organization\",\"name\":\"legendatours.com\",\"url\":\"https:\\\/\\\/legendatours.com\\\/\",\"logo\":{\"@type\":\"ImageObject\",\"inLanguage\":\"pt-PT\",\"@id\":\"https:\\\/\\\/legendatours.com\\\/#\\\/schema\\\/logo\\\/image\\\/\",\"url\":\"https:\\\/\\\/legendatours.com\\\/wp-content\\\/uploads\\\/sites\\\/12\\\/2021\\\/06\\\/legendary_adventure_dmc.png\",\"contentUrl\":\"https:\\\/\\\/legendatours.com\\\/wp-content\\\/uploads\\\/sites\\\/12\\\/2021\\\/06\\\/legendary_adventure_dmc.png\",\"width\":250,\"height\":74,\"caption\":\"legendatours.com\"},\"image\":{\"@id\":\"https:\\\/\\\/legendatours.com\\\/#\\\/schema\\\/logo\\\/image\\\/\"},\"sameAs\":[\"https:\\\/\\\/www.facebook.com\\\/legendaryadventuredmc\\\/\",\"https:\\\/\\\/www.linkedin.com\\\/company\\\/legendary-adventure-dmc-portugal\",\"https:\\\/\\\/www.youtube.com\\\/channel\\\/UCOIRDx_KM6ynIcacQkZjb6g\"]}]}<\/script>\n<!-- \/ Yoast SEO Premium plugin. -->","yoast_head_json":{"title":"Relaxe em Albufeira - Legendary Adventure DMC Portugal","description":"As praias de Albufeira s\u00e3o o destino tur\u00edstico n\u00famero um do Algarve. Esta \u00e9 uma cidade desenvolvida com um belo centro hist\u00f3rico de ruas estreitas, rodeada de apartamentos e casas brancas, junto \u00e0s belas praias locais. Perto fica a marina de Albufeira, muito frequentada por centenas de embarca\u00e7\u00f5es de recreio.","robots":{"index":"index","follow":"follow","max-snippet":"max-snippet:-1","max-image-preview":"max-image-preview:large","max-video-preview":"max-video-preview:-1"},"canonical":"https:\/\/legendatours.com\/pt\/produto\/relax-in-albufeira-8102pk\/","og_locale":"pt_PT","og_type":"article","og_title":"Relax in Albufeira","og_description":"The beaches of Albufeira are the number one tourist destination in the Algarve. This is a developed city with a beautiful historic centre of narrow streets, surrounded by apartments and white houses, next to the beautiful local beaches. Nearby is the marina of Albufeira, heavily frequented by hundreds of recreational craft.","og_url":"https:\/\/legendatours.com\/pt\/produto\/relax-in-albufeira-8102pk\/","og_site_name":"Legendary Adventure DMC Portugal","article_publisher":"https:\/\/www.facebook.com\/legendaryadventuredmc\/","article_modified_time":"2021-08-22T19:19:01+00:00","og_image":[{"width":1200,"height":800,"url":"https:\/\/legendatours.com\/wp-content\/uploads\/sites\/12\/2021\/04\/Olhos_Agua_Albufeira.jpg","type":"image\/jpeg"}],"twitter_card":"summary_large_image","twitter_misc":{"Tempo estimado de leitura":"2 minutos"},"schema":{"@context":"https:\/\/schema.org","@graph":[{"@type":"WebPage","@id":"https:\/\/legendatours.com\/product\/relax-in-albufeira-8102pk\/","url":"https:\/\/legendatours.com\/product\/relax-in-albufeira-8102pk\/","name":"Relaxe em Albufeira - Legendary Adventure DMC Portugal","isPartOf":{"@id":"https:\/\/legendatours.com\/#website"},"primaryImageOfPage":{"@id":"https:\/\/legendatours.com\/product\/relax-in-albufeira-8102pk\/#primaryimage"},"image":{"@id":"https:\/\/legendatours.com\/product\/relax-in-albufeira-8102pk\/#primaryimage"},"thumbnailUrl":"https:\/\/legendatours.com\/wp-content\/uploads\/sites\/12\/2021\/04\/Olhos_Agua_Albufeira.jpg","datePublished":"2020-05-21T10:28:33+00:00","dateModified":"2021-08-22T19:19:01+00:00","description":"As praias de Albufeira s\u00e3o o destino tur\u00edstico n\u00famero um do Algarve. Esta \u00e9 uma cidade desenvolvida com um belo centro hist\u00f3rico de ruas estreitas, rodeada de apartamentos e casas brancas, junto \u00e0s belas praias locais. Perto fica a marina de Albufeira, muito frequentada por centenas de embarca\u00e7\u00f5es de recreio.","breadcrumb":{"@id":"https:\/\/legendatours.com\/product\/relax-in-albufeira-8102pk\/#breadcrumb"},"inLanguage":"pt-PT","potentialAction":[{"@type":"ReadAction","target":["https:\/\/legendatours.com\/product\/relax-in-albufeira-8102pk\/"]}]},{"@type":"ImageObject","inLanguage":"pt-PT","@id":"https:\/\/legendatours.com\/product\/relax-in-albufeira-8102pk\/#primaryimage","url":"https:\/\/legendatours.com\/wp-content\/uploads\/sites\/12\/2021\/04\/Olhos_Agua_Albufeira.jpg","contentUrl":"https:\/\/legendatours.com\/wp-content\/uploads\/sites\/12\/2021\/04\/Olhos_Agua_Albufeira.jpg","width":1200,"height":800,"caption":"Holidays in Albufeira"},{"@type":"BreadcrumbList","@id":"https:\/\/legendatours.com\/product\/relax-in-albufeira-8102pk\/#breadcrumb","itemListElement":[{"@type":"ListItem","position":1,"name":"Home","item":"https:\/\/legendatours.com\/"},{"@type":"ListItem","position":2,"name":"Shop","item":"https:\/\/legendatours.com\/sv\/?page_id=4"},{"@type":"ListItem","position":3,"name":"The beaches of Albufeira are the number one tourist destination in the Algarve. This is a developed city with a beautiful historic centre of narrow streets, surrounded by apartments and white houses, next to the beautiful local beaches. Nearby is the marina of Albufeira, heavily frequented by hundreds of recreational craft."}]},{"@type":"WebSite","@id":"https:\/\/legendatours.com\/#website","url":"https:\/\/legendatours.com\/","name":"Legendary Adventure DMC Portugal","description":"Caminhadas e F\u00e9rias na Natureza Respons\u00e1veis em Portugal","publisher":{"@id":"https:\/\/legendatours.com\/#organization"},"alternateName":"Legendary Adventure Portugal","potentialAction":[{"@type":"SearchAction","target":{"@type":"EntryPoint","urlTemplate":"https:\/\/legendatours.com\/?s={search_term_string}"},"query-input":{"@type":"PropertyValueSpecification","valueRequired":true,"valueName":"search_term_string"}}],"inLanguage":"pt-PT"},{"@type":"Organization","@id":"https:\/\/legendatours.com\/#organization","name":"legendatours.com","url":"https:\/\/legendatours.com\/","logo":{"@type":"ImageObject","inLanguage":"pt-PT","@id":"https:\/\/legendatours.com\/#\/schema\/logo\/image\/","url":"https:\/\/legendatours.com\/wp-content\/uploads\/sites\/12\/2021\/06\/legendary_adventure_dmc.png","contentUrl":"https:\/\/legendatours.com\/wp-content\/uploads\/sites\/12\/2021\/06\/legendary_adventure_dmc.png","width":250,"height":74,"caption":"legendatours.com"},"image":{"@id":"https:\/\/legendatours.com\/#\/schema\/logo\/image\/"},"sameAs":["https:\/\/www.facebook.com\/legendaryadventuredmc\/","https:\/\/www.linkedin.com\/company\/legendary-adventure-dmc-portugal","https:\/\/www.youtube.com\/channel\/UCOIRDx_KM6ynIcacQkZjb6g"]}]}},"_links":{"self":[{"href":"https:\/\/legendatours.com\/pt\/wp-json\/wp\/v2\/product\/8250","targetHints":{"allow":["GET"]}}],"collection":[{"href":"https:\/\/legendatours.com\/pt\/wp-json\/wp\/v2\/product"}],"about":[{"href":"https:\/\/legendatours.com\/pt\/wp-json\/wp\/v2\/types\/product"}],"replies":[{"embeddable":true,"href":"https:\/\/legendatours.com\/pt\/wp-json\/wp\/v2\/comments?post=8250"}],"wp:featuredmedia":[{"embeddable":true,"href":"https:\/\/legendatours.com\/pt\/wp-json\/wp\/v2\/media\/8168"}],"wp:attachment":[{"href":"https:\/\/legendatours.com\/pt\/wp-json\/wp\/v2\/media?parent=8250"}],"wp:term":[{"taxonomy":"product_brand","embeddable":true,"href":"https:\/\/legendatours.com\/pt\/wp-json\/wp\/v2\/product_brand?post=8250"},{"taxonomy":"product_cat","embeddable":true,"href":"https:\/\/legendatours.com\/pt\/wp-json\/wp\/v2\/product_cat?post=8250"},{"taxonomy":"product_tag","embeddable":true,"href":"https:\/\/legendatours.com\/pt\/wp-json\/wp\/v2\/product_tag?post=8250"}],"curies":[{"name":"wp","href":"https:\/\/api.w.org\/{rel}","templated":true}]}}