{"id":8252,"date":"2020-05-20T16:04:52","date_gmt":"2020-05-20T16:04:52","guid":{"rendered":"https:\/\/legendatours.com\/product\/enjoy-albufeira\/"},"modified":"2021-08-13T11:04:39","modified_gmt":"2021-08-13T11:04:39","slug":"enjoy-albufeira-6102pk","status":"publish","type":"product","link":"https:\/\/legendatours.com\/pt\/produto\/enjoy-albufeira-6102pk\/","title":{"rendered":"Aproveite albufeira"},"content":{"rendered":"<p>Albufeira \u00e9 internacionalmente conhecida pelas suas praias de areia dourada e \u00e1guas azul turquesa, protegidas por fal\u00e9sias ocre rochosas.<\/p>\n<p>A paisagem atrai muitos visitantes que adoram tomar sol durante o dia. Quando o sol se p\u00f5e, a festa come\u00e7a com gente bonita reunindo-se para curtir os restaurantes, bares, esplanadas e a \u00e9pica vida noturna de Albufeira.<\/p>\n<div id=\"attachment_1992\" style=\"width: 1034px\" class=\"wp-caption alignnone\"><img loading=\"lazy\" decoding=\"async\" aria-describedby=\"caption-attachment-1992\" class=\"wp-image-1992 size-large\" src=\"https:\/\/legendatours.net\/wp-content\/uploads\/2020\/03\/Albufeira_Night-1024x768.jpg\" alt=\"Holidays in Albufeira\" width=\"1024\" height=\"768\" \/><p id=\"caption-attachment-1992\" class=\"wp-caption-text\">F\u00e9rias em Albufeira<\/p><\/div>\n<p>Re\u00fana os seus dias de lazer e relaxamento num terra\u00e7o com vista para o mar, com uma bebida fresca na m\u00e3o, para celebrar a boa vida!<\/p>\n<p>A orla costeira de Albufeira \u00e9 muito convidativa \u00e0 pr\u00e1tica de desportos n\u00e1uticos, desde o windsurf, mergulho ou vela. Um passeio de barco pelas grutas \u00e9 uma oportunidade maravilhosa para um dia diferente, com visitas a praias isoladas acess\u00edveis apenas por mar.<\/p>\n<p>Albufeira \u00e9 perfeita n\u00e3o s\u00f3 para quem procura sol e descanso. Muitos campos de golfe se estendem quase at\u00e9 o mar, e todos os tipos de atividades divertidas est\u00e3o dispon\u00edveis, como passeios a cavalo \u00e0 sombra de pinheiros.<\/p>\n<div id=\"attachment_1989\" style=\"width: 1034px\" class=\"wp-caption alignnone\"><img loading=\"lazy\" decoding=\"async\" aria-describedby=\"caption-attachment-1989\" class=\"wp-image-1989 size-large\" src=\"https:\/\/legendatours.net\/wp-content\/uploads\/2020\/03\/Albufeira_downtown-1024x683.jpg\" alt=\"Holidays in Albufeira\" width=\"1024\" height=\"683\" \/><p id=\"caption-attachment-1989\" class=\"wp-caption-text\">F\u00e9rias em Albufeira<\/p><\/div>\n<p>Por ser um resort popular, Albufeira est\u00e1 repleta de boutiques urbanas e lojas de artesanato, onde ainda se pode encontrar autenticidade no trabalho dos artes\u00e3os locais. Esses objetos feitos de barro, folhas de palmeira, cobre e rendas seguem tradi\u00e7\u00f5es centen\u00e1rias.<\/p>\n<p>O encanto de Albufeira n\u00e3o acaba aqui. No campo verde f\u00e9rtil encontra-se uma paisagem perfumada pontilhada por amendoeiras, figueiras, laranjeiras e pinheiros.<\/p>\n<p>As t\u00edpicas chamin\u00e9s rendadas, heran\u00e7a da arquitectura mourisca, destacam-se no vermelho das telhas e no azul do c\u00e9u.<\/p>\n<div id=\"attachment_1991\" style=\"width: 1034px\" class=\"wp-caption alignnone\"><img loading=\"lazy\" decoding=\"async\" aria-describedby=\"caption-attachment-1991\" class=\"wp-image-1991 size-large\" src=\"https:\/\/legendatours.net\/wp-content\/uploads\/2020\/03\/Albufeira_heritage-1024x686.jpg\" alt=\"Holidays in Albufeira\" width=\"1024\" height=\"686\" \/><p id=\"caption-attachment-1991\" class=\"wp-caption-text\">F\u00e9rias em Albufeira<\/p><\/div>\n<p>Vilarejos sonolentos e caiados de branco convidam-no a viver um estilo de vida ligado \u00e0 natureza, acrescentando outra dimens\u00e3o \u00e0s suas f\u00e9rias no Algarve.<\/p>\n<p>Por \u00faltimo, mas n\u00e3o menos importante, entregue-se \u00e0 excelente comida e vinhos portugueses. Desde o peixe fresco e marisco at\u00e9 as doces iguarias locais de am\u00eandoas, mel e figos, ter\u00e1 muito por onde escolher!<\/p>","protected":false},"excerpt":{"rendered":"<p>Albufeira \u00e9 internacionalmente conhecida pelas suas praias de areia dourada e \u00e1guas azul turquesa, protegidas por fal\u00e9sias ocre rochosas.<\/p>\n<p>A paisagem atrai muitos visitantes que adoram tomar sol durante o dia. Quando o sol se p\u00f5e, a festa come\u00e7a com gente bonita reunindo-se para curtir os restaurantes, bares, esplanadas e a \u00e9pica vida noturna de Albufeira.<\/p>\n<p>Re\u00fana os seus dias de lazer e relaxamento num terra\u00e7o com vista para o mar, com uma bebida fresca na m\u00e3o, para celebrar a boa vida!<\/p>","protected":false},"featured_media":8088,"comment_status":"closed","ping_status":"closed","template":"","meta":{"_acf_changed":false,"inline_featured_image":false},"product_brand":[],"product_cat":[697,686],"product_tag":[812,813,76,814,883,391,789,255,312,782,821,777],"class_list":{"0":"post-8252","1":"product","2":"type-product","3":"status-publish","4":"has-post-thumbnail","6":"product_cat-enjoy-6-days-tour-portugal","7":"product_cat-holiday-packs-tours-portugal","8":"product_tag-albufeira","9":"product_tag-albufeira-beautiful-historic-centre","10":"product_tag-beaches","11":"product_tag-beaches-of-albufeira","12":"product_tag-beautiful-landscapes-albufeira","13":"product_tag-family-holidays","14":"product_tag-holiday","15":"product_tag-holidays-in-portugal","16":"product_tag-holidays-in-the-algarve","17":"product_tag-night","18":"product_tag-relaxation-albufeira","19":"product_tag-self-guided-holidays","21":"first","22":"instock","23":"shipping-taxable","24":"product-type-simple"},"acf":[],"yoast_head":"<!-- This site is optimized with the Yoast SEO Premium plugin v26.8 (Yoast SEO v27.5) - https:\/\/yoast.com\/product\/yoast-seo-premium-wordpress\/ -->\n<title>Enjoy Albufeira - Legendary Adventure DMC Portugal<\/title>\n<meta name=\"robots\" content=\"index, follow, max-snippet:-1, max-image-preview:large, max-video-preview:-1\" \/>\n<link rel=\"canonical\" href=\"https:\/\/legendatours.com\/pt\/produto\/enjoy-albufeira-6102pk\/\" \/>\n<meta property=\"og:locale\" content=\"pt_PT\" \/>\n<meta property=\"og:type\" content=\"article\" \/>\n<meta property=\"og:title\" content=\"Enjoy Albufeira\" \/>\n<meta property=\"og:description\" content=\"Albufeira is internationally renowned for its gold sandy beaches and turquoise blue waters, sheltered by rocky ochre cliffs.  The scenery attracts a wealth of visitors that love to sunbathe during the day. When the sun sets, the party begins with beautiful people flocking to enjoy the restaurants, bars, terraces, and the epic Albufeira&#039;s nightlife.  Round up your days of leisure and relaxation on a terrace overlooking the ocean, with a fresh drink on your hand, to celebrate the good life!\" \/>\n<meta property=\"og:url\" content=\"https:\/\/legendatours.com\/pt\/produto\/enjoy-albufeira-6102pk\/\" \/>\n<meta property=\"og:site_name\" content=\"Legendary Adventure DMC Portugal\" \/>\n<meta property=\"article:publisher\" content=\"https:\/\/www.facebook.com\/legendaryadventuredmc\/\" \/>\n<meta property=\"article:modified_time\" content=\"2021-08-13T11:04:39+00:00\" \/>\n<meta property=\"og:image\" content=\"https:\/\/legendatours.com\/wp-content\/uploads\/sites\/12\/2021\/04\/Albufeira_bluocean-e1611681102452.jpg\" \/>\n\t<meta property=\"og:image:width\" content=\"1024\" \/>\n\t<meta property=\"og:image:height\" content=\"576\" \/>\n\t<meta property=\"og:image:type\" content=\"image\/jpeg\" \/>\n<meta name=\"twitter:card\" content=\"summary_large_image\" \/>\n<meta name=\"twitter:label1\" content=\"Tempo estimado de leitura\" \/>\n\t<meta name=\"twitter:data1\" content=\"2 minutos\" \/>\n<script type=\"application\/ld+json\" class=\"yoast-schema-graph\">{\"@context\":\"https:\\\/\\\/schema.org\",\"@graph\":[{\"@type\":\"WebPage\",\"@id\":\"https:\\\/\\\/legendatours.com\\\/product\\\/enjoy-albufeira-6102pk\\\/\",\"url\":\"https:\\\/\\\/legendatours.com\\\/product\\\/enjoy-albufeira-6102pk\\\/\",\"name\":\"Enjoy Albufeira - Legendary Adventure DMC Portugal\",\"isPartOf\":{\"@id\":\"https:\\\/\\\/legendatours.com\\\/#website\"},\"primaryImageOfPage\":{\"@id\":\"https:\\\/\\\/legendatours.com\\\/product\\\/enjoy-albufeira-6102pk\\\/#primaryimage\"},\"image\":{\"@id\":\"https:\\\/\\\/legendatours.com\\\/product\\\/enjoy-albufeira-6102pk\\\/#primaryimage\"},\"thumbnailUrl\":\"https:\\\/\\\/legendatours.com\\\/wp-content\\\/uploads\\\/sites\\\/12\\\/2021\\\/04\\\/Albufeira_bluocean-e1611681102452.jpg\",\"datePublished\":\"2020-05-20T16:04:52+00:00\",\"dateModified\":\"2021-08-13T11:04:39+00:00\",\"breadcrumb\":{\"@id\":\"https:\\\/\\\/legendatours.com\\\/product\\\/enjoy-albufeira-6102pk\\\/#breadcrumb\"},\"inLanguage\":\"pt-PT\",\"potentialAction\":[{\"@type\":\"ReadAction\",\"target\":[\"https:\\\/\\\/legendatours.com\\\/product\\\/enjoy-albufeira-6102pk\\\/\"]}]},{\"@type\":\"ImageObject\",\"inLanguage\":\"pt-PT\",\"@id\":\"https:\\\/\\\/legendatours.com\\\/product\\\/enjoy-albufeira-6102pk\\\/#primaryimage\",\"url\":\"https:\\\/\\\/legendatours.com\\\/wp-content\\\/uploads\\\/sites\\\/12\\\/2021\\\/04\\\/Albufeira_bluocean-e1611681102452.jpg\",\"contentUrl\":\"https:\\\/\\\/legendatours.com\\\/wp-content\\\/uploads\\\/sites\\\/12\\\/2021\\\/04\\\/Albufeira_bluocean-e1611681102452.jpg\",\"width\":1024,\"height\":576,\"caption\":\"Holidays in Albufeira\"},{\"@type\":\"BreadcrumbList\",\"@id\":\"https:\\\/\\\/legendatours.com\\\/product\\\/enjoy-albufeira-6102pk\\\/#breadcrumb\",\"itemListElement\":[{\"@type\":\"ListItem\",\"position\":1,\"name\":\"Home\",\"item\":\"https:\\\/\\\/legendatours.com\\\/\"},{\"@type\":\"ListItem\",\"position\":2,\"name\":\"Shop\",\"item\":\"https:\\\/\\\/legendatours.com\\\/sv\\\/?page_id=4\"},{\"@type\":\"ListItem\",\"position\":3,\"name\":\"Enjoy Albufeira\"}]},{\"@type\":\"WebSite\",\"@id\":\"https:\\\/\\\/legendatours.com\\\/#website\",\"url\":\"https:\\\/\\\/legendatours.com\\\/\",\"name\":\"Legendary Adventure DMC Portugal\",\"description\":\"Responsible Walking &amp; Nature Holidays in Portugal\",\"publisher\":{\"@id\":\"https:\\\/\\\/legendatours.com\\\/#organization\"},\"alternateName\":\"Legendary Adventure Portugal\",\"potentialAction\":[{\"@type\":\"SearchAction\",\"target\":{\"@type\":\"EntryPoint\",\"urlTemplate\":\"https:\\\/\\\/legendatours.com\\\/?s={search_term_string}\"},\"query-input\":{\"@type\":\"PropertyValueSpecification\",\"valueRequired\":true,\"valueName\":\"search_term_string\"}}],\"inLanguage\":\"pt-PT\"},{\"@type\":\"Organization\",\"@id\":\"https:\\\/\\\/legendatours.com\\\/#organization\",\"name\":\"legendatours.com\",\"url\":\"https:\\\/\\\/legendatours.com\\\/\",\"logo\":{\"@type\":\"ImageObject\",\"inLanguage\":\"pt-PT\",\"@id\":\"https:\\\/\\\/legendatours.com\\\/#\\\/schema\\\/logo\\\/image\\\/\",\"url\":\"https:\\\/\\\/legendatours.com\\\/wp-content\\\/uploads\\\/sites\\\/12\\\/2021\\\/06\\\/legendary_adventure_dmc.png\",\"contentUrl\":\"https:\\\/\\\/legendatours.com\\\/wp-content\\\/uploads\\\/sites\\\/12\\\/2021\\\/06\\\/legendary_adventure_dmc.png\",\"width\":250,\"height\":74,\"caption\":\"legendatours.com\"},\"image\":{\"@id\":\"https:\\\/\\\/legendatours.com\\\/#\\\/schema\\\/logo\\\/image\\\/\"},\"sameAs\":[\"https:\\\/\\\/www.facebook.com\\\/legendaryadventuredmc\\\/\",\"https:\\\/\\\/www.linkedin.com\\\/company\\\/legendary-adventure-dmc-portugal\",\"https:\\\/\\\/www.youtube.com\\\/channel\\\/UCOIRDx_KM6ynIcacQkZjb6g\"]}]}<\/script>\n<!-- \/ Yoast SEO Premium plugin. -->","yoast_head_json":{"title":"Desfrute de Albufeira - Aventura Lend\u00e1ria DMC Portugal","robots":{"index":"index","follow":"follow","max-snippet":"max-snippet:-1","max-image-preview":"max-image-preview:large","max-video-preview":"max-video-preview:-1"},"canonical":"https:\/\/legendatours.com\/pt\/produto\/enjoy-albufeira-6102pk\/","og_locale":"pt_PT","og_type":"article","og_title":"Enjoy Albufeira","og_description":"Albufeira is internationally renowned for its gold sandy beaches and turquoise blue waters, sheltered by rocky ochre cliffs.  The scenery attracts a wealth of visitors that love to sunbathe during the day. When the sun sets, the party begins with beautiful people flocking to enjoy the restaurants, bars, terraces, and the epic Albufeira's nightlife.  Round up your days of leisure and relaxation on a terrace overlooking the ocean, with a fresh drink on your hand, to celebrate the good life!","og_url":"https:\/\/legendatours.com\/pt\/produto\/enjoy-albufeira-6102pk\/","og_site_name":"Legendary Adventure DMC Portugal","article_publisher":"https:\/\/www.facebook.com\/legendaryadventuredmc\/","article_modified_time":"2021-08-13T11:04:39+00:00","og_image":[{"width":1024,"height":576,"url":"https:\/\/legendatours.com\/wp-content\/uploads\/sites\/12\/2021\/04\/Albufeira_bluocean-e1611681102452.jpg","type":"image\/jpeg"}],"twitter_card":"summary_large_image","twitter_misc":{"Tempo estimado de leitura":"2 minutos"},"schema":{"@context":"https:\/\/schema.org","@graph":[{"@type":"WebPage","@id":"https:\/\/legendatours.com\/product\/enjoy-albufeira-6102pk\/","url":"https:\/\/legendatours.com\/product\/enjoy-albufeira-6102pk\/","name":"Desfrute de Albufeira - Aventura Lend\u00e1ria DMC Portugal","isPartOf":{"@id":"https:\/\/legendatours.com\/#website"},"primaryImageOfPage":{"@id":"https:\/\/legendatours.com\/product\/enjoy-albufeira-6102pk\/#primaryimage"},"image":{"@id":"https:\/\/legendatours.com\/product\/enjoy-albufeira-6102pk\/#primaryimage"},"thumbnailUrl":"https:\/\/legendatours.com\/wp-content\/uploads\/sites\/12\/2021\/04\/Albufeira_bluocean-e1611681102452.jpg","datePublished":"2020-05-20T16:04:52+00:00","dateModified":"2021-08-13T11:04:39+00:00","breadcrumb":{"@id":"https:\/\/legendatours.com\/product\/enjoy-albufeira-6102pk\/#breadcrumb"},"inLanguage":"pt-PT","potentialAction":[{"@type":"ReadAction","target":["https:\/\/legendatours.com\/product\/enjoy-albufeira-6102pk\/"]}]},{"@type":"ImageObject","inLanguage":"pt-PT","@id":"https:\/\/legendatours.com\/product\/enjoy-albufeira-6102pk\/#primaryimage","url":"https:\/\/legendatours.com\/wp-content\/uploads\/sites\/12\/2021\/04\/Albufeira_bluocean-e1611681102452.jpg","contentUrl":"https:\/\/legendatours.com\/wp-content\/uploads\/sites\/12\/2021\/04\/Albufeira_bluocean-e1611681102452.jpg","width":1024,"height":576,"caption":"Holidays in Albufeira"},{"@type":"BreadcrumbList","@id":"https:\/\/legendatours.com\/product\/enjoy-albufeira-6102pk\/#breadcrumb","itemListElement":[{"@type":"ListItem","position":1,"name":"Home","item":"https:\/\/legendatours.com\/"},{"@type":"ListItem","position":2,"name":"Shop","item":"https:\/\/legendatours.com\/sv\/?page_id=4"},{"@type":"ListItem","position":3,"name":"Enjoy Albufeira"}]},{"@type":"WebSite","@id":"https:\/\/legendatours.com\/#website","url":"https:\/\/legendatours.com\/","name":"Legendary Adventure DMC Portugal","description":"Caminhadas e F\u00e9rias na Natureza Respons\u00e1veis em Portugal","publisher":{"@id":"https:\/\/legendatours.com\/#organization"},"alternateName":"Legendary Adventure Portugal","potentialAction":[{"@type":"SearchAction","target":{"@type":"EntryPoint","urlTemplate":"https:\/\/legendatours.com\/?s={search_term_string}"},"query-input":{"@type":"PropertyValueSpecification","valueRequired":true,"valueName":"search_term_string"}}],"inLanguage":"pt-PT"},{"@type":"Organization","@id":"https:\/\/legendatours.com\/#organization","name":"legendatours.com","url":"https:\/\/legendatours.com\/","logo":{"@type":"ImageObject","inLanguage":"pt-PT","@id":"https:\/\/legendatours.com\/#\/schema\/logo\/image\/","url":"https:\/\/legendatours.com\/wp-content\/uploads\/sites\/12\/2021\/06\/legendary_adventure_dmc.png","contentUrl":"https:\/\/legendatours.com\/wp-content\/uploads\/sites\/12\/2021\/06\/legendary_adventure_dmc.png","width":250,"height":74,"caption":"legendatours.com"},"image":{"@id":"https:\/\/legendatours.com\/#\/schema\/logo\/image\/"},"sameAs":["https:\/\/www.facebook.com\/legendaryadventuredmc\/","https:\/\/www.linkedin.com\/company\/legendary-adventure-dmc-portugal","https:\/\/www.youtube.com\/channel\/UCOIRDx_KM6ynIcacQkZjb6g"]}]}},"_links":{"self":[{"href":"https:\/\/legendatours.com\/pt\/wp-json\/wp\/v2\/product\/8252","targetHints":{"allow":["GET"]}}],"collection":[{"href":"https:\/\/legendatours.com\/pt\/wp-json\/wp\/v2\/product"}],"about":[{"href":"https:\/\/legendatours.com\/pt\/wp-json\/wp\/v2\/types\/product"}],"replies":[{"embeddable":true,"href":"https:\/\/legendatours.com\/pt\/wp-json\/wp\/v2\/comments?post=8252"}],"wp:featuredmedia":[{"embeddable":true,"href":"https:\/\/legendatours.com\/pt\/wp-json\/wp\/v2\/media\/8088"}],"wp:attachment":[{"href":"https:\/\/legendatours.com\/pt\/wp-json\/wp\/v2\/media?parent=8252"}],"wp:term":[{"taxonomy":"product_brand","embeddable":true,"href":"https:\/\/legendatours.com\/pt\/wp-json\/wp\/v2\/product_brand?post=8252"},{"taxonomy":"product_cat","embeddable":true,"href":"https:\/\/legendatours.com\/pt\/wp-json\/wp\/v2\/product_cat?post=8252"},{"taxonomy":"product_tag","embeddable":true,"href":"https:\/\/legendatours.com\/pt\/wp-json\/wp\/v2\/product_tag?post=8252"}],"curies":[{"name":"wp","href":"https:\/\/api.w.org\/{rel}","templated":true}]}}