{"id":8255,"date":"2020-04-24T11:22:26","date_gmt":"2020-04-24T11:22:26","guid":{"rendered":"https:\/\/legendatours.com\/product\/explore-albufeira-11101pk\/"},"modified":"2021-08-13T11:21:38","modified_gmt":"2021-08-13T11:21:38","slug":"explore-albufeira-sun-beach-11-days-11101pk","status":"publish","type":"product","link":"https:\/\/legendatours.com\/pt\/produto\/explore-albufeira-sun-beach-11-days-11101pk\/","title":{"rendered":"Explore Albufeira"},"content":{"rendered":"<p>Albufeira \u00e9 internacionalmente conhecida pelas suas praias de areia dourada e \u00e1guas azul turquesa, protegidas por fal\u00e9sias ocre rochosas.<\/p>\n<p>A paisagem atrai muitos visitantes que adoram tomar sol durante o dia. Quando o sol se p\u00f5e, a festa come\u00e7a com gente bonita reunindo-se para curtir os restaurantes, bares, esplanadas e a \u00e9pica vida noturna de Albufeira.<\/p>\n<p>Re\u00fana os seus dias de lazer e relaxamento num terra\u00e7o com vista para o mar, com uma bebida fresca na m\u00e3o, para celebrar a boa vida!<\/p>\n<p>A orla costeira de Albufeira \u00e9 muito convidativa \u00e0 pr\u00e1tica de desportos n\u00e1uticos, desde o windsurf, mergulho ou vela. Um passeio de barco pelas grutas \u00e9 uma oportunidade maravilhosa para um dia diferente, com visitas a praias isoladas acess\u00edveis apenas por mar.<\/p>\n<p>Albufeira \u00e9 perfeita n\u00e3o s\u00f3 para quem procura sol e descanso. Muitos campos de golfe se estendem quase at\u00e9 o mar, e todos os tipos de atividades divertidas est\u00e3o dispon\u00edveis, como passeios a cavalo \u00e0 sombra de pinheiros.<\/p>\n<p>Por ser um resort popular, Albufeira est\u00e1 repleta de boutiques urbanas e lojas de artesanato, onde ainda se pode encontrar autenticidade no trabalho dos artes\u00e3os locais. Esses objetos feitos de barro, folhas de palmeira, cobre e rendas seguem tradi\u00e7\u00f5es centen\u00e1rias.<\/p>\n<p>O encanto de Albufeira n\u00e3o acaba aqui. No campo verde f\u00e9rtil encontra-se uma paisagem perfumada pontilhada por amendoeiras, figueiras, laranjeiras e pinheiros.<\/p>\n<p>As t\u00edpicas chamin\u00e9s rendadas, heran\u00e7a da arquitectura mourisca, destacam-se no vermelho das telhas e no azul do c\u00e9u.<\/p>\n<p>Vilarejos sonolentos e caiados de branco convidam-no a viver um estilo de vida ligado \u00e0 natureza, acrescentando outra dimens\u00e3o \u00e0s suas f\u00e9rias no Algarve.<\/p>\n<p>Por \u00faltimo, mas n\u00e3o menos importante, entregue-se \u00e0 excelente comida e vinhos portugueses. Desde o peixe fresco e marisco at\u00e9 as doces iguarias locais de am\u00eandoas, mel e figos, ter\u00e1 muito por onde escolher!<\/p>","protected":false},"excerpt":{"rendered":"<p>Albufeira \u00e9 internacionalmente conhecida pelas suas praias de areia dourada e \u00e1guas azul turquesa, protegidas por fal\u00e9sias ocre rochosas.<\/p>\n<p>A paisagem atrai muitos visitantes que adoram tomar sol durante o dia. Quando o sol se p\u00f5e, a festa come\u00e7a com gente bonita reunindo-se para curtir os restaurantes, bares, esplanadas e a \u00e9pica vida noturna de Albufeira.<\/p>\n<p>Re\u00fana os seus dias de lazer e relaxamento num terra\u00e7o com vista para o mar, com uma bebida fresca na m\u00e3o, para celebrar a boa vida!<\/p>","protected":false},"featured_media":8086,"comment_status":"closed","ping_status":"closed","template":"","meta":{"_acf_changed":false,"inline_featured_image":false},"product_brand":[],"product_cat":[687,686],"product_tag":[812,813,147,883,878],"class_list":{"0":"post-8255","1":"product","2":"type-product","3":"status-publish","4":"has-post-thumbnail","6":"product_cat-explore-11-days-tour-portugal","7":"product_cat-holiday-packs-tours-portugal","8":"product_tag-albufeira","9":"product_tag-albufeira-beautiful-historic-centre","10":"product_tag-algarve","11":"product_tag-beautiful-landscapes-albufeira","12":"product_tag-self-catering-hotel-albufeira","14":"first","15":"instock","16":"shipping-taxable","17":"product-type-simple"},"acf":[],"yoast_head":"<!-- This site is optimized with the Yoast SEO Premium plugin v26.8 (Yoast SEO v27.4) - https:\/\/yoast.com\/product\/yoast-seo-premium-wordpress\/ -->\n<title>Explore Albufeira - Legendary Adventure DMC Portugal<\/title>\n<meta name=\"description\" content=\"Albufeira is known for its turquoise blue beaches and beautiful landscapes where the rocks stand out. They are beaches with a lot of charm and personality. The town centre is a pedestrian-only square adorned with tropical trees. There are numerous companies that offer boat trips all over the coast, organize fishing and all kinds of amusements.\" \/>\n<meta name=\"robots\" content=\"index, follow, max-snippet:-1, max-image-preview:large, max-video-preview:-1\" \/>\n<link rel=\"canonical\" href=\"https:\/\/legendatours.com\/pt\/produto\/explore-albufeira-sun-beach-11-days-11101pk\/\" \/>\n<meta property=\"og:locale\" content=\"pt_PT\" \/>\n<meta property=\"og:type\" content=\"article\" \/>\n<meta property=\"og:title\" content=\"Explore Albufeira\" \/>\n<meta property=\"og:description\" content=\"Albufeira is known for its turquoise blue beaches and beautiful landscapes where the rocks stand out. They are beaches with a lot of charm and personality. The town centre is a pedestrian-only square adorned with tropical trees. There are numerous companies that offer boat trips all over the coast, organize fishing and all kinds of amusements.\" \/>\n<meta property=\"og:url\" content=\"https:\/\/legendatours.com\/pt\/produto\/explore-albufeira-sun-beach-11-days-11101pk\/\" \/>\n<meta property=\"og:site_name\" content=\"Legendary Adventure DMC Portugal\" \/>\n<meta property=\"article:publisher\" content=\"https:\/\/www.facebook.com\/legendaryadventuredmc\/\" \/>\n<meta property=\"article:modified_time\" content=\"2021-08-13T11:21:38+00:00\" \/>\n<meta property=\"og:image\" content=\"https:\/\/legendatours.com\/wp-content\/uploads\/sites\/12\/2021\/04\/FalesiaBeachBoardwalk.jpg\" \/>\n\t<meta property=\"og:image:width\" content=\"1200\" \/>\n\t<meta property=\"og:image:height\" content=\"800\" \/>\n\t<meta property=\"og:image:type\" content=\"image\/jpeg\" \/>\n<meta name=\"twitter:card\" content=\"summary_large_image\" \/>\n<meta name=\"twitter:label1\" content=\"Tempo estimado de leitura\" \/>\n\t<meta name=\"twitter:data1\" content=\"1 minuto\" \/>\n<script type=\"application\/ld+json\" class=\"yoast-schema-graph\">{\"@context\":\"https:\\\/\\\/schema.org\",\"@graph\":[{\"@type\":\"WebPage\",\"@id\":\"https:\\\/\\\/legendatours.com\\\/product\\\/explore-albufeira-sun-beach-11-days-11101pk\\\/\",\"url\":\"https:\\\/\\\/legendatours.com\\\/product\\\/explore-albufeira-sun-beach-11-days-11101pk\\\/\",\"name\":\"Explore Albufeira - Legendary Adventure DMC Portugal\",\"isPartOf\":{\"@id\":\"https:\\\/\\\/legendatours.com\\\/#website\"},\"primaryImageOfPage\":{\"@id\":\"https:\\\/\\\/legendatours.com\\\/product\\\/explore-albufeira-sun-beach-11-days-11101pk\\\/#primaryimage\"},\"image\":{\"@id\":\"https:\\\/\\\/legendatours.com\\\/product\\\/explore-albufeira-sun-beach-11-days-11101pk\\\/#primaryimage\"},\"thumbnailUrl\":\"https:\\\/\\\/legendatours.com\\\/wp-content\\\/uploads\\\/sites\\\/12\\\/2021\\\/04\\\/FalesiaBeachBoardwalk.jpg\",\"datePublished\":\"2020-04-24T11:22:26+00:00\",\"dateModified\":\"2021-08-13T11:21:38+00:00\",\"description\":\"Albufeira is known for its turquoise blue beaches and beautiful landscapes where the rocks stand out. They are beaches with a lot of charm and personality. The town centre is a pedestrian-only square adorned with tropical trees. There are numerous companies that offer boat trips all over the coast, organize fishing and all kinds of amusements.\",\"breadcrumb\":{\"@id\":\"https:\\\/\\\/legendatours.com\\\/product\\\/explore-albufeira-sun-beach-11-days-11101pk\\\/#breadcrumb\"},\"inLanguage\":\"pt-PT\",\"potentialAction\":[{\"@type\":\"ReadAction\",\"target\":[\"https:\\\/\\\/legendatours.com\\\/product\\\/explore-albufeira-sun-beach-11-days-11101pk\\\/\"]}]},{\"@type\":\"ImageObject\",\"inLanguage\":\"pt-PT\",\"@id\":\"https:\\\/\\\/legendatours.com\\\/product\\\/explore-albufeira-sun-beach-11-days-11101pk\\\/#primaryimage\",\"url\":\"https:\\\/\\\/legendatours.com\\\/wp-content\\\/uploads\\\/sites\\\/12\\\/2021\\\/04\\\/FalesiaBeachBoardwalk.jpg\",\"contentUrl\":\"https:\\\/\\\/legendatours.com\\\/wp-content\\\/uploads\\\/sites\\\/12\\\/2021\\\/04\\\/FalesiaBeachBoardwalk.jpg\",\"width\":1200,\"height\":800,\"caption\":\"Holidays in Albufeira\"},{\"@type\":\"BreadcrumbList\",\"@id\":\"https:\\\/\\\/legendatours.com\\\/product\\\/explore-albufeira-sun-beach-11-days-11101pk\\\/#breadcrumb\",\"itemListElement\":[{\"@type\":\"ListItem\",\"position\":1,\"name\":\"Home\",\"item\":\"https:\\\/\\\/legendatours.com\\\/\"},{\"@type\":\"ListItem\",\"position\":2,\"name\":\"Shop\",\"item\":\"https:\\\/\\\/legendatours.com\\\/sv\\\/?page_id=4\"},{\"@type\":\"ListItem\",\"position\":3,\"name\":\"Albufeira is known for its turquoise blue beaches and beautiful landscapes where the rocks stand out. They are beaches with a lot of charm and personality. The town centre is a pedestrian-only square adorned with tropical trees. There are numerous companies that offer boat trips all over the coast, organize fishing and all kinds of amusements.\"}]},{\"@type\":\"WebSite\",\"@id\":\"https:\\\/\\\/legendatours.com\\\/#website\",\"url\":\"https:\\\/\\\/legendatours.com\\\/\",\"name\":\"Legendary Adventure DMC Portugal\",\"description\":\"Responsible Walking &amp; Nature Holidays in Portugal\",\"publisher\":{\"@id\":\"https:\\\/\\\/legendatours.com\\\/#organization\"},\"alternateName\":\"Legendary Adventure Portugal\",\"potentialAction\":[{\"@type\":\"SearchAction\",\"target\":{\"@type\":\"EntryPoint\",\"urlTemplate\":\"https:\\\/\\\/legendatours.com\\\/?s={search_term_string}\"},\"query-input\":{\"@type\":\"PropertyValueSpecification\",\"valueRequired\":true,\"valueName\":\"search_term_string\"}}],\"inLanguage\":\"pt-PT\"},{\"@type\":\"Organization\",\"@id\":\"https:\\\/\\\/legendatours.com\\\/#organization\",\"name\":\"legendatours.com\",\"url\":\"https:\\\/\\\/legendatours.com\\\/\",\"logo\":{\"@type\":\"ImageObject\",\"inLanguage\":\"pt-PT\",\"@id\":\"https:\\\/\\\/legendatours.com\\\/#\\\/schema\\\/logo\\\/image\\\/\",\"url\":\"https:\\\/\\\/legendatours.com\\\/wp-content\\\/uploads\\\/sites\\\/12\\\/2021\\\/06\\\/legendary_adventure_dmc.png\",\"contentUrl\":\"https:\\\/\\\/legendatours.com\\\/wp-content\\\/uploads\\\/sites\\\/12\\\/2021\\\/06\\\/legendary_adventure_dmc.png\",\"width\":250,\"height\":74,\"caption\":\"legendatours.com\"},\"image\":{\"@id\":\"https:\\\/\\\/legendatours.com\\\/#\\\/schema\\\/logo\\\/image\\\/\"},\"sameAs\":[\"https:\\\/\\\/www.facebook.com\\\/legendaryadventuredmc\\\/\",\"https:\\\/\\\/www.linkedin.com\\\/company\\\/legendary-adventure-dmc-portugal\",\"https:\\\/\\\/www.youtube.com\\\/channel\\\/UCOIRDx_KM6ynIcacQkZjb6g\"]}]}<\/script>\n<!-- \/ Yoast SEO Premium plugin. -->","yoast_head_json":{"title":"Explore Albufeira - Aventura Lend\u00e1ria DMC Portugal","description":"Albufeira \u00e9 conhecida pelas suas praias azul-turquesa e pelas suas belas paisagens onde as rochas se destacam. S\u00e3o praias com muito charme e personalidade. O centro da cidade \u00e9 uma pra\u00e7a exclusiva para pedestres, adornada com \u00e1rvores tropicais. Existem in\u00fameras empresas que oferecem passeios de barco por toda a costa, organizam pescarias e todo o tipo de divers\u00f5es.","robots":{"index":"index","follow":"follow","max-snippet":"max-snippet:-1","max-image-preview":"max-image-preview:large","max-video-preview":"max-video-preview:-1"},"canonical":"https:\/\/legendatours.com\/pt\/produto\/explore-albufeira-sun-beach-11-days-11101pk\/","og_locale":"pt_PT","og_type":"article","og_title":"Explore Albufeira","og_description":"Albufeira is known for its turquoise blue beaches and beautiful landscapes where the rocks stand out. They are beaches with a lot of charm and personality. The town centre is a pedestrian-only square adorned with tropical trees. There are numerous companies that offer boat trips all over the coast, organize fishing and all kinds of amusements.","og_url":"https:\/\/legendatours.com\/pt\/produto\/explore-albufeira-sun-beach-11-days-11101pk\/","og_site_name":"Legendary Adventure DMC Portugal","article_publisher":"https:\/\/www.facebook.com\/legendaryadventuredmc\/","article_modified_time":"2021-08-13T11:21:38+00:00","og_image":[{"width":1200,"height":800,"url":"https:\/\/legendatours.com\/wp-content\/uploads\/sites\/12\/2021\/04\/FalesiaBeachBoardwalk.jpg","type":"image\/jpeg"}],"twitter_card":"summary_large_image","twitter_misc":{"Tempo estimado de leitura":"1 minuto"},"schema":{"@context":"https:\/\/schema.org","@graph":[{"@type":"WebPage","@id":"https:\/\/legendatours.com\/product\/explore-albufeira-sun-beach-11-days-11101pk\/","url":"https:\/\/legendatours.com\/product\/explore-albufeira-sun-beach-11-days-11101pk\/","name":"Explore Albufeira - Aventura Lend\u00e1ria DMC Portugal","isPartOf":{"@id":"https:\/\/legendatours.com\/#website"},"primaryImageOfPage":{"@id":"https:\/\/legendatours.com\/product\/explore-albufeira-sun-beach-11-days-11101pk\/#primaryimage"},"image":{"@id":"https:\/\/legendatours.com\/product\/explore-albufeira-sun-beach-11-days-11101pk\/#primaryimage"},"thumbnailUrl":"https:\/\/legendatours.com\/wp-content\/uploads\/sites\/12\/2021\/04\/FalesiaBeachBoardwalk.jpg","datePublished":"2020-04-24T11:22:26+00:00","dateModified":"2021-08-13T11:21:38+00:00","description":"Albufeira \u00e9 conhecida pelas suas praias azul-turquesa e pelas suas belas paisagens onde as rochas se destacam. S\u00e3o praias com muito charme e personalidade. O centro da cidade \u00e9 uma pra\u00e7a exclusiva para pedestres, adornada com \u00e1rvores tropicais. Existem in\u00fameras empresas que oferecem passeios de barco por toda a costa, organizam pescarias e todo o tipo de divers\u00f5es.","breadcrumb":{"@id":"https:\/\/legendatours.com\/product\/explore-albufeira-sun-beach-11-days-11101pk\/#breadcrumb"},"inLanguage":"pt-PT","potentialAction":[{"@type":"ReadAction","target":["https:\/\/legendatours.com\/product\/explore-albufeira-sun-beach-11-days-11101pk\/"]}]},{"@type":"ImageObject","inLanguage":"pt-PT","@id":"https:\/\/legendatours.com\/product\/explore-albufeira-sun-beach-11-days-11101pk\/#primaryimage","url":"https:\/\/legendatours.com\/wp-content\/uploads\/sites\/12\/2021\/04\/FalesiaBeachBoardwalk.jpg","contentUrl":"https:\/\/legendatours.com\/wp-content\/uploads\/sites\/12\/2021\/04\/FalesiaBeachBoardwalk.jpg","width":1200,"height":800,"caption":"Holidays in Albufeira"},{"@type":"BreadcrumbList","@id":"https:\/\/legendatours.com\/product\/explore-albufeira-sun-beach-11-days-11101pk\/#breadcrumb","itemListElement":[{"@type":"ListItem","position":1,"name":"Home","item":"https:\/\/legendatours.com\/"},{"@type":"ListItem","position":2,"name":"Shop","item":"https:\/\/legendatours.com\/sv\/?page_id=4"},{"@type":"ListItem","position":3,"name":"Albufeira is known for its turquoise blue beaches and beautiful landscapes where the rocks stand out. They are beaches with a lot of charm and personality. The town centre is a pedestrian-only square adorned with tropical trees. There are numerous companies that offer boat trips all over the coast, organize fishing and all kinds of amusements."}]},{"@type":"WebSite","@id":"https:\/\/legendatours.com\/#website","url":"https:\/\/legendatours.com\/","name":"Legendary Adventure DMC Portugal","description":"Caminhadas e F\u00e9rias na Natureza Respons\u00e1veis em Portugal","publisher":{"@id":"https:\/\/legendatours.com\/#organization"},"alternateName":"Legendary Adventure Portugal","potentialAction":[{"@type":"SearchAction","target":{"@type":"EntryPoint","urlTemplate":"https:\/\/legendatours.com\/?s={search_term_string}"},"query-input":{"@type":"PropertyValueSpecification","valueRequired":true,"valueName":"search_term_string"}}],"inLanguage":"pt-PT"},{"@type":"Organization","@id":"https:\/\/legendatours.com\/#organization","name":"legendatours.com","url":"https:\/\/legendatours.com\/","logo":{"@type":"ImageObject","inLanguage":"pt-PT","@id":"https:\/\/legendatours.com\/#\/schema\/logo\/image\/","url":"https:\/\/legendatours.com\/wp-content\/uploads\/sites\/12\/2021\/06\/legendary_adventure_dmc.png","contentUrl":"https:\/\/legendatours.com\/wp-content\/uploads\/sites\/12\/2021\/06\/legendary_adventure_dmc.png","width":250,"height":74,"caption":"legendatours.com"},"image":{"@id":"https:\/\/legendatours.com\/#\/schema\/logo\/image\/"},"sameAs":["https:\/\/www.facebook.com\/legendaryadventuredmc\/","https:\/\/www.linkedin.com\/company\/legendary-adventure-dmc-portugal","https:\/\/www.youtube.com\/channel\/UCOIRDx_KM6ynIcacQkZjb6g"]}]}},"_links":{"self":[{"href":"https:\/\/legendatours.com\/pt\/wp-json\/wp\/v2\/product\/8255","targetHints":{"allow":["GET"]}}],"collection":[{"href":"https:\/\/legendatours.com\/pt\/wp-json\/wp\/v2\/product"}],"about":[{"href":"https:\/\/legendatours.com\/pt\/wp-json\/wp\/v2\/types\/product"}],"replies":[{"embeddable":true,"href":"https:\/\/legendatours.com\/pt\/wp-json\/wp\/v2\/comments?post=8255"}],"wp:featuredmedia":[{"embeddable":true,"href":"https:\/\/legendatours.com\/pt\/wp-json\/wp\/v2\/media\/8086"}],"wp:attachment":[{"href":"https:\/\/legendatours.com\/pt\/wp-json\/wp\/v2\/media?parent=8255"}],"wp:term":[{"taxonomy":"product_brand","embeddable":true,"href":"https:\/\/legendatours.com\/pt\/wp-json\/wp\/v2\/product_brand?post=8255"},{"taxonomy":"product_cat","embeddable":true,"href":"https:\/\/legendatours.com\/pt\/wp-json\/wp\/v2\/product_cat?post=8255"},{"taxonomy":"product_tag","embeddable":true,"href":"https:\/\/legendatours.com\/pt\/wp-json\/wp\/v2\/product_tag?post=8255"}],"curies":[{"name":"wp","href":"https:\/\/api.w.org\/{rel}","templated":true}]}}