{"id":8264,"date":"2020-03-24T16:59:01","date_gmt":"2020-03-24T16:59:01","guid":{"rendered":"https:\/\/legendatours.com\/product\/monte-gordo-independent-cycle-holidays-in-the-east-algarve-south-of-spain\/"},"modified":"2025-03-03T16:20:10","modified_gmt":"2025-03-03T16:20:10","slug":"cycling-in-the-east-algarve-2100s","status":"publish","type":"product","link":"https:\/\/legendatours.com\/pt\/produto\/cycling-in-the-east-algarve-2100s\/","title":{"rendered":"Monte Gordo: F\u00e9rias de Ciclo Independentes no Sotavento Algarvio e Sul de Espanha"},"content":{"rendered":"<p>Estas f\u00e9rias de bicicleta s\u00e3o como um banquete para os seus sentidos enquanto experimenta as paisagens deslumbrantes do Sotavento Algarvio.<\/p>\n<p>No interior, \u00e9 poss\u00edvel serpentear por quil\u00f4metros por vales encantados, ouvir o canto dos p\u00e1ssaros, ver poucas pessoas e encontrar a paz.<\/p>\n<p>A faixa costeira \u00e9 onde o oceano \u00e9 dominado pelas ilhas de areia, salinas e lagoas azuis do Parque Natural da Ria Formosa, onde abundam flamingos e aves aqu\u00e1ticas.<\/p>\n<div id=\"attachment_2493\" style=\"width: 1034px\" class=\"wp-caption alignnone\"><img loading=\"lazy\" decoding=\"async\" aria-describedby=\"caption-attachment-2493\" class=\"wp-image-2493 size-large\" src=\"https:\/\/legendatours.net\/wp-content\/uploads\/2020\/03\/monte_gordo_cycle-path-1024x502.jpg\" alt=\"Cycle path - Monte Gordo\" width=\"1024\" height=\"502\" \/><p id=\"caption-attachment-2493\" class=\"wp-caption-text\">Ciclovia - Monte Gordo<\/p><\/div>\n<p>Uma semana de divers\u00e3o e aventura, com ciclovias pavimentadas e pistas tranquilas. Existe uma mistura de terreno plano e suavemente ondulado adequado para todos.<\/p>\n<p>Voc\u00ea ficar\u00e1 baseado em Monte Gordo, uma popular cidade tur\u00edstica situada em uma das melhores praias de Portugal, que se estende por quil\u00f4metros em ambas as dire\u00e7\u00f5es, com areias finas e \u00e1guas cristalinas. A cidade tem excelentes instala\u00e7\u00f5es tur\u00edsticas, incluindo \u00f3timos bares e caf\u00e9s e muitos restaurantes variados.<\/p>\n<p>O nosso programa inclui 6 passeios maravilhosos pelo Parque Natural da Ria Formosa, Reserva Natural de Castro Marim, pelos Marismas de Isla Cristina e pelo exuberante interior algarvio.<\/p>\n<div class=\"row\">\n<div class=\"column\" style=\"flex: 45%\"><\/div>\n<div class=\"column\" style=\"flex: 10%\"><\/div>\n<div class=\"column\" style=\"flex: 45%\"><\/div>\n<\/div>","protected":false},"excerpt":{"rendered":"<p>Estas f\u00e9rias de bicicleta s\u00e3o como um banquete para os seus sentidos enquanto experimenta as paisagens deslumbrantes do Sotavento Algarvio.<\/p>\n<p>No interior, \u00e9 poss\u00edvel serpentear por quil\u00f4metros por vales encantados, ouvir o canto dos p\u00e1ssaros, ver poucas pessoas e encontrar a paz.<\/p>\n<p>A faixa costeira \u00e9 onde o oceano \u00e9 dominado pelas ilhas de areia, salinas e lagoas azuis do Parque Natural da Ria Formosa, onde abundam flamingos e aves aqu\u00e1ticas.<\/p>","protected":false},"featured_media":8258,"comment_status":"closed","ping_status":"closed","template":"","meta":{"_acf_changed":false,"inline_featured_image":false},"product_brand":[],"product_cat":[896,301],"product_tag":[383,469,470,471,150,306,472,897,876,475,898,154,899,877,900,901,313,477,478,99,902,60,341,169,903,561,904,319,322,174,324,368,325,326,466,123,422,905],"class_list":{"0":"post-8264","1":"product","2":"type-product","3":"status-publish","4":"has-post-thumbnail","6":"product_cat-self-guided-cycling-holidays-portugal","7":"product_cat-self-guided-tours-portugal","8":"product_tag-algarve-coastal-strip","9":"product_tag-algarve-cycle-tracks","10":"product_tag-algarve-cycling-holiday","11":"product_tag-algarve-glorious-countryside","12":"product_tag-algarve-sand-islands","13":"product_tag-alleine-reisen","14":"product_tag-ayamonte","15":"product_tag-clear-crystal-waters","16":"product_tag-coastal-algarve","17":"product_tag-cycle","18":"product_tag-cycle-tracks","19":"product_tag-east-algarve","20":"product_tag-electrical-bike","21":"product_tag-flamingos","22":"product_tag-green-countryside","23":"product_tag-hybrid-bicycle","24":"product_tag-individuelle-touren","25":"product_tag-marismas-da-isla-cristina","26":"product_tag-monte-gordo","27":"product_tag-natural-scenery","28":"product_tag-nature-reserve-of-castro-marim","29":"product_tag-portugal","30":"product_tag-portugal-great-food-and-wine","31":"product_tag-ria-formosa-natural-park","32":"product_tag-river-gilao","33":"product_tag-river-guadiana","34":"product_tag-salt-pans","35":"product_tag-sejour-en-liberte","36":"product_tag-solo-reisen","37":"product_tag-tavira","38":"product_tag-tours-autoguidees","39":"product_tag-vila-real-sto-antonio","40":"product_tag-voyage-en-liberte","41":"product_tag-voyages-en-autonomie","42":"product_tag-water-birds","43":"product_tag-western-europe","44":"product_tag-wild-flowers","45":"product_tag-wonderful-rides","47":"first","48":"instock","49":"virtual","50":"product-type-simple"},"acf":[],"yoast_head":"<!-- This site is optimized with the Yoast SEO Premium plugin v26.8 (Yoast SEO v27.3) - https:\/\/yoast.com\/product\/yoast-seo-premium-wordpress\/ -->\n<title>Monte Gordo: Independent Cycle Holidays in the East Algarve &amp; South of Spain - Legendary Adventure DMC Portugal<\/title>\n<meta name=\"description\" content=\"This cycling holiday is like a banquet for your senses as you experience the breathtaking landscapes of East Algarve. Inland, it is possible to meander for miles through enchanted valleys, hear birdsong, see few people and find peace. A week of fun and adventure, with both surfaced cycle tracks and quiet lanes. There is a mixture of flat and gently undulating terrain suitable for everyone.\" \/>\n<meta name=\"robots\" content=\"index, follow, max-snippet:-1, max-image-preview:large, max-video-preview:-1\" \/>\n<link rel=\"canonical\" href=\"https:\/\/legendatours.com\/pt\/produto\/cycling-in-the-east-algarve-2100s\/\" \/>\n<meta property=\"og:locale\" content=\"pt_PT\" \/>\n<meta property=\"og:type\" content=\"article\" \/>\n<meta property=\"og:title\" content=\"Monte Gordo: Independent Cycle Holidays in the East Algarve &amp; South of Spain\" \/>\n<meta property=\"og:description\" content=\"This cycling holiday is like a banquet for your senses as you experience the breathtaking landscapes of East Algarve. Inland, it is possible to meander for miles through enchanted valleys, hear birdsong, see few people and find peace. A week of fun and adventure, with both surfaced cycle tracks and quiet lanes. There is a mixture of flat and gently undulating terrain suitable for everyone.\" \/>\n<meta property=\"og:url\" content=\"https:\/\/legendatours.com\/pt\/produto\/cycling-in-the-east-algarve-2100s\/\" \/>\n<meta property=\"og:site_name\" content=\"Legendary Adventure DMC Portugal\" \/>\n<meta property=\"article:publisher\" content=\"https:\/\/www.facebook.com\/legendaryadventuredmc\/\" \/>\n<meta property=\"article:modified_time\" content=\"2025-03-03T16:20:10+00:00\" \/>\n<meta property=\"og:image\" content=\"https:\/\/legendatours.com\/wp-content\/uploads\/sites\/12\/2021\/04\/Cycling_tour_east_algarve.jpg\" \/>\n\t<meta property=\"og:image:width\" content=\"1067\" \/>\n\t<meta property=\"og:image:height\" content=\"800\" \/>\n\t<meta property=\"og:image:type\" content=\"image\/jpeg\" \/>\n<meta name=\"twitter:card\" content=\"summary_large_image\" \/>\n<meta name=\"twitter:label1\" content=\"Tempo estimado de leitura\" \/>\n\t<meta name=\"twitter:data1\" content=\"1 minuto\" \/>\n<script type=\"application\/ld+json\" class=\"yoast-schema-graph\">{\"@context\":\"https:\\\/\\\/schema.org\",\"@graph\":[{\"@type\":\"WebPage\",\"@id\":\"https:\\\/\\\/legendatours.com\\\/product\\\/cycling-in-the-east-algarve-2100s\\\/\",\"url\":\"https:\\\/\\\/legendatours.com\\\/product\\\/cycling-in-the-east-algarve-2100s\\\/\",\"name\":\"Monte Gordo: Independent Cycle Holidays in the East Algarve &amp; South of Spain - Legendary Adventure DMC Portugal\",\"isPartOf\":{\"@id\":\"https:\\\/\\\/legendatours.com\\\/#website\"},\"primaryImageOfPage\":{\"@id\":\"https:\\\/\\\/legendatours.com\\\/product\\\/cycling-in-the-east-algarve-2100s\\\/#primaryimage\"},\"image\":{\"@id\":\"https:\\\/\\\/legendatours.com\\\/product\\\/cycling-in-the-east-algarve-2100s\\\/#primaryimage\"},\"thumbnailUrl\":\"https:\\\/\\\/legendatours.com\\\/wp-content\\\/uploads\\\/sites\\\/12\\\/2021\\\/04\\\/Cycling_tour_east_algarve.jpg\",\"datePublished\":\"2020-03-24T16:59:01+00:00\",\"dateModified\":\"2025-03-03T16:20:10+00:00\",\"description\":\"This cycling holiday is like a banquet for your senses as you experience the breathtaking landscapes of East Algarve. Inland, it is possible to meander for miles through enchanted valleys, hear birdsong, see few people and find peace. A week of fun and adventure, with both surfaced cycle tracks and quiet lanes. There is a mixture of flat and gently undulating terrain suitable for everyone.\",\"breadcrumb\":{\"@id\":\"https:\\\/\\\/legendatours.com\\\/product\\\/cycling-in-the-east-algarve-2100s\\\/#breadcrumb\"},\"inLanguage\":\"pt-PT\",\"potentialAction\":[{\"@type\":\"ReadAction\",\"target\":[\"https:\\\/\\\/legendatours.com\\\/product\\\/cycling-in-the-east-algarve-2100s\\\/\"]}]},{\"@type\":\"ImageObject\",\"inLanguage\":\"pt-PT\",\"@id\":\"https:\\\/\\\/legendatours.com\\\/product\\\/cycling-in-the-east-algarve-2100s\\\/#primaryimage\",\"url\":\"https:\\\/\\\/legendatours.com\\\/wp-content\\\/uploads\\\/sites\\\/12\\\/2021\\\/04\\\/Cycling_tour_east_algarve.jpg\",\"contentUrl\":\"https:\\\/\\\/legendatours.com\\\/wp-content\\\/uploads\\\/sites\\\/12\\\/2021\\\/04\\\/Cycling_tour_east_algarve.jpg\",\"width\":1067,\"height\":800,\"caption\":\"Cycling Tour East Algarve\"},{\"@type\":\"BreadcrumbList\",\"@id\":\"https:\\\/\\\/legendatours.com\\\/product\\\/cycling-in-the-east-algarve-2100s\\\/#breadcrumb\",\"itemListElement\":[{\"@type\":\"ListItem\",\"position\":1,\"name\":\"Home\",\"item\":\"https:\\\/\\\/legendatours.com\\\/\"},{\"@type\":\"ListItem\",\"position\":2,\"name\":\"Shop\",\"item\":\"https:\\\/\\\/legendatours.com\\\/sv\\\/?page_id=4\"},{\"@type\":\"ListItem\",\"position\":3,\"name\":\"Monte Gordo, a popular resort town situated on one of the finest beaches of Portugal\"}]},{\"@type\":\"WebSite\",\"@id\":\"https:\\\/\\\/legendatours.com\\\/#website\",\"url\":\"https:\\\/\\\/legendatours.com\\\/\",\"name\":\"Legendary Adventure DMC Portugal\",\"description\":\"Responsible Walking &amp; Nature Holidays in Portugal\",\"publisher\":{\"@id\":\"https:\\\/\\\/legendatours.com\\\/#organization\"},\"alternateName\":\"Legendary Adventure Portugal\",\"potentialAction\":[{\"@type\":\"SearchAction\",\"target\":{\"@type\":\"EntryPoint\",\"urlTemplate\":\"https:\\\/\\\/legendatours.com\\\/?s={search_term_string}\"},\"query-input\":{\"@type\":\"PropertyValueSpecification\",\"valueRequired\":true,\"valueName\":\"search_term_string\"}}],\"inLanguage\":\"pt-PT\"},{\"@type\":\"Organization\",\"@id\":\"https:\\\/\\\/legendatours.com\\\/#organization\",\"name\":\"legendatours.com\",\"url\":\"https:\\\/\\\/legendatours.com\\\/\",\"logo\":{\"@type\":\"ImageObject\",\"inLanguage\":\"pt-PT\",\"@id\":\"https:\\\/\\\/legendatours.com\\\/#\\\/schema\\\/logo\\\/image\\\/\",\"url\":\"https:\\\/\\\/legendatours.com\\\/wp-content\\\/uploads\\\/sites\\\/12\\\/2021\\\/06\\\/legendary_adventure_dmc.png\",\"contentUrl\":\"https:\\\/\\\/legendatours.com\\\/wp-content\\\/uploads\\\/sites\\\/12\\\/2021\\\/06\\\/legendary_adventure_dmc.png\",\"width\":250,\"height\":74,\"caption\":\"legendatours.com\"},\"image\":{\"@id\":\"https:\\\/\\\/legendatours.com\\\/#\\\/schema\\\/logo\\\/image\\\/\"},\"sameAs\":[\"https:\\\/\\\/www.facebook.com\\\/legendaryadventuredmc\\\/\",\"https:\\\/\\\/www.linkedin.com\\\/company\\\/legendary-adventure-dmc-portugal\",\"https:\\\/\\\/www.youtube.com\\\/channel\\\/UCOIRDx_KM6ynIcacQkZjb6g\"]}]}<\/script>\n<!-- \/ Yoast SEO Premium plugin. -->","yoast_head_json":{"title":"Monte Gordo: F\u00e9rias de Ciclismo Independentes no Sotavento Algarvio e Sul de Espanha - Legendary Adventure DMC Portugal","description":"Estas f\u00e9rias de bicicleta s\u00e3o como um banquete para os seus sentidos enquanto experimenta as paisagens deslumbrantes do Sotavento Algarvio. No interior, \u00e9 poss\u00edvel vagar por quil\u00f4metros por vales encantados, ouvir o canto dos p\u00e1ssaros, ver poucas pessoas e encontrar a paz. Uma semana de divers\u00e3o e aventura, com ciclovias pavimentadas e pistas tranquilas. Existe uma mistura de terreno plano e suavemente ondulado adequado para todos.","robots":{"index":"index","follow":"follow","max-snippet":"max-snippet:-1","max-image-preview":"max-image-preview:large","max-video-preview":"max-video-preview:-1"},"canonical":"https:\/\/legendatours.com\/pt\/produto\/cycling-in-the-east-algarve-2100s\/","og_locale":"pt_PT","og_type":"article","og_title":"Monte Gordo: Independent Cycle Holidays in the East Algarve &amp; South of Spain","og_description":"This cycling holiday is like a banquet for your senses as you experience the breathtaking landscapes of East Algarve. Inland, it is possible to meander for miles through enchanted valleys, hear birdsong, see few people and find peace. A week of fun and adventure, with both surfaced cycle tracks and quiet lanes. There is a mixture of flat and gently undulating terrain suitable for everyone.","og_url":"https:\/\/legendatours.com\/pt\/produto\/cycling-in-the-east-algarve-2100s\/","og_site_name":"Legendary Adventure DMC Portugal","article_publisher":"https:\/\/www.facebook.com\/legendaryadventuredmc\/","article_modified_time":"2025-03-03T16:20:10+00:00","og_image":[{"width":1067,"height":800,"url":"https:\/\/legendatours.com\/wp-content\/uploads\/sites\/12\/2021\/04\/Cycling_tour_east_algarve.jpg","type":"image\/jpeg"}],"twitter_card":"summary_large_image","twitter_misc":{"Tempo estimado de leitura":"1 minuto"},"schema":{"@context":"https:\/\/schema.org","@graph":[{"@type":"WebPage","@id":"https:\/\/legendatours.com\/product\/cycling-in-the-east-algarve-2100s\/","url":"https:\/\/legendatours.com\/product\/cycling-in-the-east-algarve-2100s\/","name":"Monte Gordo: F\u00e9rias de Ciclismo Independentes no Sotavento Algarvio e Sul de Espanha - Legendary Adventure DMC Portugal","isPartOf":{"@id":"https:\/\/legendatours.com\/#website"},"primaryImageOfPage":{"@id":"https:\/\/legendatours.com\/product\/cycling-in-the-east-algarve-2100s\/#primaryimage"},"image":{"@id":"https:\/\/legendatours.com\/product\/cycling-in-the-east-algarve-2100s\/#primaryimage"},"thumbnailUrl":"https:\/\/legendatours.com\/wp-content\/uploads\/sites\/12\/2021\/04\/Cycling_tour_east_algarve.jpg","datePublished":"2020-03-24T16:59:01+00:00","dateModified":"2025-03-03T16:20:10+00:00","description":"Estas f\u00e9rias de bicicleta s\u00e3o como um banquete para os seus sentidos enquanto experimenta as paisagens deslumbrantes do Sotavento Algarvio. No interior, \u00e9 poss\u00edvel vagar por quil\u00f4metros por vales encantados, ouvir o canto dos p\u00e1ssaros, ver poucas pessoas e encontrar a paz. Uma semana de divers\u00e3o e aventura, com ciclovias pavimentadas e pistas tranquilas. Existe uma mistura de terreno plano e suavemente ondulado adequado para todos.","breadcrumb":{"@id":"https:\/\/legendatours.com\/product\/cycling-in-the-east-algarve-2100s\/#breadcrumb"},"inLanguage":"pt-PT","potentialAction":[{"@type":"ReadAction","target":["https:\/\/legendatours.com\/product\/cycling-in-the-east-algarve-2100s\/"]}]},{"@type":"ImageObject","inLanguage":"pt-PT","@id":"https:\/\/legendatours.com\/product\/cycling-in-the-east-algarve-2100s\/#primaryimage","url":"https:\/\/legendatours.com\/wp-content\/uploads\/sites\/12\/2021\/04\/Cycling_tour_east_algarve.jpg","contentUrl":"https:\/\/legendatours.com\/wp-content\/uploads\/sites\/12\/2021\/04\/Cycling_tour_east_algarve.jpg","width":1067,"height":800,"caption":"Cycling Tour East Algarve"},{"@type":"BreadcrumbList","@id":"https:\/\/legendatours.com\/product\/cycling-in-the-east-algarve-2100s\/#breadcrumb","itemListElement":[{"@type":"ListItem","position":1,"name":"Home","item":"https:\/\/legendatours.com\/"},{"@type":"ListItem","position":2,"name":"Shop","item":"https:\/\/legendatours.com\/sv\/?page_id=4"},{"@type":"ListItem","position":3,"name":"Monte Gordo, a popular resort town situated on one of the finest beaches of Portugal"}]},{"@type":"WebSite","@id":"https:\/\/legendatours.com\/#website","url":"https:\/\/legendatours.com\/","name":"Legendary Adventure DMC Portugal","description":"Caminhadas e F\u00e9rias na Natureza Respons\u00e1veis em Portugal","publisher":{"@id":"https:\/\/legendatours.com\/#organization"},"alternateName":"Legendary Adventure Portugal","potentialAction":[{"@type":"SearchAction","target":{"@type":"EntryPoint","urlTemplate":"https:\/\/legendatours.com\/?s={search_term_string}"},"query-input":{"@type":"PropertyValueSpecification","valueRequired":true,"valueName":"search_term_string"}}],"inLanguage":"pt-PT"},{"@type":"Organization","@id":"https:\/\/legendatours.com\/#organization","name":"legendatours.com","url":"https:\/\/legendatours.com\/","logo":{"@type":"ImageObject","inLanguage":"pt-PT","@id":"https:\/\/legendatours.com\/#\/schema\/logo\/image\/","url":"https:\/\/legendatours.com\/wp-content\/uploads\/sites\/12\/2021\/06\/legendary_adventure_dmc.png","contentUrl":"https:\/\/legendatours.com\/wp-content\/uploads\/sites\/12\/2021\/06\/legendary_adventure_dmc.png","width":250,"height":74,"caption":"legendatours.com"},"image":{"@id":"https:\/\/legendatours.com\/#\/schema\/logo\/image\/"},"sameAs":["https:\/\/www.facebook.com\/legendaryadventuredmc\/","https:\/\/www.linkedin.com\/company\/legendary-adventure-dmc-portugal","https:\/\/www.youtube.com\/channel\/UCOIRDx_KM6ynIcacQkZjb6g"]}]}},"_links":{"self":[{"href":"https:\/\/legendatours.com\/pt\/wp-json\/wp\/v2\/product\/8264","targetHints":{"allow":["GET"]}}],"collection":[{"href":"https:\/\/legendatours.com\/pt\/wp-json\/wp\/v2\/product"}],"about":[{"href":"https:\/\/legendatours.com\/pt\/wp-json\/wp\/v2\/types\/product"}],"replies":[{"embeddable":true,"href":"https:\/\/legendatours.com\/pt\/wp-json\/wp\/v2\/comments?post=8264"}],"wp:featuredmedia":[{"embeddable":true,"href":"https:\/\/legendatours.com\/pt\/wp-json\/wp\/v2\/media\/8258"}],"wp:attachment":[{"href":"https:\/\/legendatours.com\/pt\/wp-json\/wp\/v2\/media?parent=8264"}],"wp:term":[{"taxonomy":"product_brand","embeddable":true,"href":"https:\/\/legendatours.com\/pt\/wp-json\/wp\/v2\/product_brand?post=8264"},{"taxonomy":"product_cat","embeddable":true,"href":"https:\/\/legendatours.com\/pt\/wp-json\/wp\/v2\/product_cat?post=8264"},{"taxonomy":"product_tag","embeddable":true,"href":"https:\/\/legendatours.com\/pt\/wp-json\/wp\/v2\/product_tag?post=8264"}],"curies":[{"name":"wp","href":"https:\/\/api.w.org\/{rel}","templated":true}]}}