{"id":8279,"date":"2020-03-09T12:20:15","date_gmt":"2020-03-09T12:20:15","guid":{"rendered":"https:\/\/legendatours.com\/product\/explore-tavira\/"},"modified":"2022-04-20T11:16:12","modified_gmt":"2022-04-20T11:16:12","slug":"explore-tavira-11-days-11300pk","status":"publish","type":"product","link":"https:\/\/legendatours.com\/pt\/produto\/explore-tavira-11-days-11300pk\/","title":{"rendered":"Explore Tavira"},"content":{"rendered":"<p>Tavira \u00e9 uma cidade encantadora no Sotavento Algarvio, n\u00e3o muito longe da fronteira com Espanha.<\/p>\n<p>Situada nas margens do Rio Gil\u00e3o, junto \u00e0 Ria Formosa e a uma praia de 13 quil\u00f3metros, Tavira \u00e9 um retiro relaxante!<\/p>\n<p>A cidade mostra um atraente apelo portugu\u00eas, com paredes brancas, azulejos finos e ondas de telhados triangulares.<\/p>\n<div id=\"attachment_1787\" style=\"width: 810px\" class=\"wp-caption alignnone\"><img loading=\"lazy\" decoding=\"async\" aria-describedby=\"caption-attachment-1787\" class=\"size-full wp-image-1787\" src=\"https:\/\/legendatours.net\/wp-content\/uploads\/2020\/03\/Gilao-river-in-Tavira.jpg\" alt=\"Gilao river in Tavira\" width=\"800\" height=\"1196\" \/><p id=\"caption-attachment-1787\" class=\"wp-caption-text\">Rio Gil\u00e3o em Tavira<\/p><\/div>\n<p>Ao longo das ruas tranquilas, camadas de hist\u00f3ria podem ser testemunhadas, desde portas decoradas com motivos isl\u00e2micos at\u00e9 floreios barrocos.<\/p>\n<p>Das ru\u00ednas do Castelo, rodeado de loendros, jacarand\u00e1s e buganv\u00edlias, tem-se uma vista privilegiada dos telhados t\u00edpicos da cidade e das suas mais de 30 igrejas.<\/p>\n<p>Apanhando um barco no movimentado porto de pesca, sai do rio para atravessar o canal principal da Ria Formosa, uma rica reserva natural de excepcional beleza, perfeita para observa\u00e7\u00e3o de aves e observa\u00e7\u00e3o da natureza.<\/p>\n<p>O ferry termina a sua curta viagem numa das melhores praias do mundo, a Ilha de Tavira. Esteja preparado para quil\u00f4metros de areia dourada e \u00e1guas azul-turquesa, premiados com uma bandeira azul.<\/p>\n<div id=\"attachment_2496\" style=\"width: 1034px\" class=\"wp-caption alignnone\"><img loading=\"lazy\" decoding=\"async\" aria-describedby=\"caption-attachment-2496\" class=\"wp-image-2496 size-large\" src=\"https:\/\/legendatours.net\/wp-content\/uploads\/2020\/03\/Tavira_river_Gilao-1024x683.jpg\" alt=\"Tavira, river Gilao\" width=\"1024\" height=\"683\" \/><p id=\"caption-attachment-2496\" class=\"wp-caption-text\">Tavira, rio Gilao<\/p><\/div>\n<p>Com poucos restaurantes e bares, \u00e9 uma praia tranquila e segura.<\/p>\n<p>Nos arredores, a curta dist\u00e2ncia, pode desfrutar de uma paisagem e modos de vida completamente diferentes, marcados por campos de laranjeiras, carregados de perfume de flores.<\/p>\n<p>Casas brancas espalhadas com chamin\u00e9s rendadas mostram um Algarve exc\u00eantrico, onde as \u00e1guias voam.<\/p>\n<p>E estando em Portugal, sabe que ser\u00e1 brindado com excelente comida e vinho.<\/p>\n<div id=\"attachment_2024\" style=\"width: 1034px\" class=\"wp-caption alignnone\"><img loading=\"lazy\" decoding=\"async\" aria-describedby=\"caption-attachment-2024\" class=\"wp-image-2024 size-large\" src=\"https:\/\/legendatours.net\/wp-content\/uploads\/2020\/03\/Fishing-boats-Tavira-1024x720.jpg\" alt=\"Fishing boats in Tavira\" width=\"1024\" height=\"720\" \/><p id=\"caption-attachment-2024\" class=\"wp-caption-text\">. S\u00e3o os barcos de pesca em Tavira<\/p><\/div>\n<p>Em Tavira, h\u00e1 uma combina\u00e7\u00e3o de ingredientes do litoral e do campo. Do mar, v\u00eam os peixes e mariscos mais frescos, cozinhados com simplicidade e respeito, acompanhados de saladas temperadas com um dos melhores azeites do mundo.<\/p>\n<p>Se voc\u00ea \u00e9 um amante de carne, n\u00e3o ficar\u00e1 desapontado, com ensopados e grelhados.<\/p>\n<p>E os doces s\u00e3o uma mistura requintada de am\u00eandoas, figos, mel e alfarrobas, abundantes na regi\u00e3o.<\/p>\n<p>Em Tavira, certamente ter\u00e1 momentos relaxantes, com patrim\u00f3nio, natureza, praias deslumbrantes e atividades divertidas!<\/p>","protected":false},"excerpt":{"rendered":"<p>Tavira \u00e9 uma cidade encantadora no Sotavento Algarvio, n\u00e3o muito longe da fronteira com Espanha.<\/p>\n<p>Situada nas margens do Rio Gil\u00e3o, junto \u00e0 Ria Formosa e a uma praia de 13 quil\u00f3metros, Tavira \u00e9 um retiro relaxante!<\/p>\n<p>A cidade mostra um atraente apelo portugu\u00eas, com paredes brancas, azulejos finos e ondas de telhados triangulares.<\/p>","protected":false},"featured_media":7639,"comment_status":"closed","ping_status":"closed","template":"","meta":{"_acf_changed":false,"inline_featured_image":false},"product_brand":[],"product_cat":[687,686],"product_tag":[906,907,147,727,76,428,385,908,876,534,877,199,97,60,341,168,398,909,692,170,910,174,399,175,911],"class_list":{"0":"post-8279","1":"product","2":"type-product","3":"status-publish","4":"has-post-thumbnail","6":"product_cat-explore-11-days-tour-portugal","7":"product_cat-holiday-packs-tours-portugal","8":"product_tag-transfers-from-faro-airport","9":"product_tag-4-aguas","10":"product_tag-algarve","11":"product_tag-barril-beach","12":"product_tag-beaches","13":"product_tag-bird-watching","14":"product_tag-boat-in-tavira","15":"product_tag-boat-in-tavira-docks","16":"product_tag-coastal-algarve","17":"product_tag-fishing-village","18":"product_tag-flamingos","19":"product_tag-medieval-castle","20":"product_tag-natural-park","21":"product_tag-portugal","22":"product_tag-portugal-great-food-and-wine","23":"product_tag-ria-formosa","24":"product_tag-ria-formosa-boat-tour","25":"product_tag-salt-from-the-reservoirs","26":"product_tag-sandy-beach","27":"product_tag-santa-luzia","28":"product_tag-spoonbills","29":"product_tag-tavira","30":"product_tag-tavira-castle","31":"product_tag-tavira-island","32":"product_tag-wading-birds","34":"first","35":"instock","36":"virtual","37":"product-type-simple"},"acf":[],"yoast_head":"<!-- This site is optimized with the Yoast SEO Premium plugin v26.8 (Yoast SEO v27.5) - https:\/\/yoast.com\/product\/yoast-seo-premium-wordpress\/ -->\n<title>Explore Tavira - Legendary Adventure DMC Portugal<\/title>\n<meta name=\"description\" content=\"This 10 days tour will give you the opportunity to meet the small town of Tavira, an ancient Moorish town that has retained its unique character and heritage. Layers of history can be seen, from Phoenician excavations through Islamic-decorated doorways to Renaissance and Baroque flourishes. However, it is the colours that hit you: blinding-white walls, brilliant azulejo tiles, fiery-red pantiles.\" \/>\n<meta name=\"robots\" content=\"index, follow, max-snippet:-1, max-image-preview:large, max-video-preview:-1\" \/>\n<link rel=\"canonical\" href=\"https:\/\/legendatours.com\/pt\/produto\/explore-tavira-11-days-11300pk\/\" \/>\n<meta property=\"og:locale\" content=\"pt_PT\" \/>\n<meta property=\"og:type\" content=\"article\" \/>\n<meta property=\"og:title\" content=\"Explore Tavira\" \/>\n<meta property=\"og:description\" content=\"This 10 days tour will give you the opportunity to meet the small town of Tavira, an ancient Moorish town that has retained its unique character and heritage. Layers of history can be seen, from Phoenician excavations through Islamic-decorated doorways to Renaissance and Baroque flourishes. However, it is the colours that hit you: blinding-white walls, brilliant azulejo tiles, fiery-red pantiles.\" \/>\n<meta property=\"og:url\" content=\"https:\/\/legendatours.com\/pt\/produto\/explore-tavira-11-days-11300pk\/\" \/>\n<meta property=\"og:site_name\" content=\"Legendary Adventure DMC Portugal\" \/>\n<meta property=\"article:publisher\" content=\"https:\/\/www.facebook.com\/legendaryadventuredmc\/\" \/>\n<meta property=\"article:modified_time\" content=\"2022-04-20T11:16:12+00:00\" \/>\n<meta property=\"og:image\" content=\"https:\/\/legendatours.com\/wp-content\/uploads\/sites\/12\/2021\/04\/Amazing-and-relax-island-Tavira-beach-e1611676874502.jpg\" \/>\n\t<meta property=\"og:image:width\" content=\"1024\" \/>\n\t<meta property=\"og:image:height\" content=\"769\" \/>\n\t<meta property=\"og:image:type\" content=\"image\/jpeg\" \/>\n<meta name=\"twitter:card\" content=\"summary_large_image\" \/>\n<meta name=\"twitter:label1\" content=\"Tempo estimado de leitura\" \/>\n\t<meta name=\"twitter:data1\" content=\"2 minutos\" \/>\n<script type=\"application\/ld+json\" class=\"yoast-schema-graph\">{\"@context\":\"https:\\\/\\\/schema.org\",\"@graph\":[{\"@type\":\"WebPage\",\"@id\":\"https:\\\/\\\/legendatours.com\\\/product\\\/explore-tavira-11-days-11300pk\\\/\",\"url\":\"https:\\\/\\\/legendatours.com\\\/product\\\/explore-tavira-11-days-11300pk\\\/\",\"name\":\"Explore Tavira - Legendary Adventure DMC Portugal\",\"isPartOf\":{\"@id\":\"https:\\\/\\\/legendatours.com\\\/#website\"},\"primaryImageOfPage\":{\"@id\":\"https:\\\/\\\/legendatours.com\\\/product\\\/explore-tavira-11-days-11300pk\\\/#primaryimage\"},\"image\":{\"@id\":\"https:\\\/\\\/legendatours.com\\\/product\\\/explore-tavira-11-days-11300pk\\\/#primaryimage\"},\"thumbnailUrl\":\"https:\\\/\\\/legendatours.com\\\/wp-content\\\/uploads\\\/sites\\\/12\\\/2021\\\/04\\\/Amazing-and-relax-island-Tavira-beach-e1611676874502.jpg\",\"datePublished\":\"2020-03-09T12:20:15+00:00\",\"dateModified\":\"2022-04-20T11:16:12+00:00\",\"description\":\"This 10 days tour will give you the opportunity to meet the small town of Tavira, an ancient Moorish town that has retained its unique character and heritage. Layers of history can be seen, from Phoenician excavations through Islamic-decorated doorways to Renaissance and Baroque flourishes. However, it is the colours that hit you: blinding-white walls, brilliant azulejo tiles, fiery-red pantiles.\",\"breadcrumb\":{\"@id\":\"https:\\\/\\\/legendatours.com\\\/product\\\/explore-tavira-11-days-11300pk\\\/#breadcrumb\"},\"inLanguage\":\"pt-PT\",\"potentialAction\":[{\"@type\":\"ReadAction\",\"target\":[\"https:\\\/\\\/legendatours.com\\\/product\\\/explore-tavira-11-days-11300pk\\\/\"]}]},{\"@type\":\"ImageObject\",\"inLanguage\":\"pt-PT\",\"@id\":\"https:\\\/\\\/legendatours.com\\\/product\\\/explore-tavira-11-days-11300pk\\\/#primaryimage\",\"url\":\"https:\\\/\\\/legendatours.com\\\/wp-content\\\/uploads\\\/sites\\\/12\\\/2021\\\/04\\\/Amazing-and-relax-island-Tavira-beach-e1611676874502.jpg\",\"contentUrl\":\"https:\\\/\\\/legendatours.com\\\/wp-content\\\/uploads\\\/sites\\\/12\\\/2021\\\/04\\\/Amazing-and-relax-island-Tavira-beach-e1611676874502.jpg\",\"width\":1024,\"height\":769,\"caption\":\"Tavira Island\"},{\"@type\":\"BreadcrumbList\",\"@id\":\"https:\\\/\\\/legendatours.com\\\/product\\\/explore-tavira-11-days-11300pk\\\/#breadcrumb\",\"itemListElement\":[{\"@type\":\"ListItem\",\"position\":1,\"name\":\"Home\",\"item\":\"https:\\\/\\\/legendatours.com\\\/\"},{\"@type\":\"ListItem\",\"position\":2,\"name\":\"Shop\",\"item\":\"https:\\\/\\\/legendatours.com\\\/sv\\\/?page_id=4\"},{\"@type\":\"ListItem\",\"position\":3,\"name\":\"This 10 days tour will give you the opportunity to meet the small town of Tavira, an ancient Moorish town that has retained its unique character and heritage. Layers of history can be seen, from Phoenician excavations through Islamic-decorated doorways to Renaissance and Baroque flourishes. However, it is the colours that hit you: blinding-white walls, brilliant azulejo tiles, fiery-red pantiles.\"}]},{\"@type\":\"WebSite\",\"@id\":\"https:\\\/\\\/legendatours.com\\\/#website\",\"url\":\"https:\\\/\\\/legendatours.com\\\/\",\"name\":\"Legendary Adventure DMC Portugal\",\"description\":\"Responsible Walking &amp; Nature Holidays in Portugal\",\"publisher\":{\"@id\":\"https:\\\/\\\/legendatours.com\\\/#organization\"},\"alternateName\":\"Legendary Adventure Portugal\",\"potentialAction\":[{\"@type\":\"SearchAction\",\"target\":{\"@type\":\"EntryPoint\",\"urlTemplate\":\"https:\\\/\\\/legendatours.com\\\/?s={search_term_string}\"},\"query-input\":{\"@type\":\"PropertyValueSpecification\",\"valueRequired\":true,\"valueName\":\"search_term_string\"}}],\"inLanguage\":\"pt-PT\"},{\"@type\":\"Organization\",\"@id\":\"https:\\\/\\\/legendatours.com\\\/#organization\",\"name\":\"legendatours.com\",\"url\":\"https:\\\/\\\/legendatours.com\\\/\",\"logo\":{\"@type\":\"ImageObject\",\"inLanguage\":\"pt-PT\",\"@id\":\"https:\\\/\\\/legendatours.com\\\/#\\\/schema\\\/logo\\\/image\\\/\",\"url\":\"https:\\\/\\\/legendatours.com\\\/wp-content\\\/uploads\\\/sites\\\/12\\\/2021\\\/06\\\/legendary_adventure_dmc.png\",\"contentUrl\":\"https:\\\/\\\/legendatours.com\\\/wp-content\\\/uploads\\\/sites\\\/12\\\/2021\\\/06\\\/legendary_adventure_dmc.png\",\"width\":250,\"height\":74,\"caption\":\"legendatours.com\"},\"image\":{\"@id\":\"https:\\\/\\\/legendatours.com\\\/#\\\/schema\\\/logo\\\/image\\\/\"},\"sameAs\":[\"https:\\\/\\\/www.facebook.com\\\/legendaryadventuredmc\\\/\",\"https:\\\/\\\/www.linkedin.com\\\/company\\\/legendary-adventure-dmc-portugal\",\"https:\\\/\\\/www.youtube.com\\\/channel\\\/UCOIRDx_KM6ynIcacQkZjb6g\"]}]}<\/script>\n<!-- \/ Yoast SEO Premium plugin. -->","yoast_head_json":{"title":"Explore Tavira - Legendary Adventure DMC Portugal","description":"This 10 days tour will give you the opportunity to meet the small town of Tavira, an ancient Moorish town that has retained its unique character and heritage. Layers of history can be seen, from Phoenician excavations through Islamic-decorated doorways to Renaissance and Baroque flourishes. However, it is the colours that hit you: blinding-white walls, brilliant azulejo tiles, fiery-red pantiles.","robots":{"index":"index","follow":"follow","max-snippet":"max-snippet:-1","max-image-preview":"max-image-preview:large","max-video-preview":"max-video-preview:-1"},"canonical":"https:\/\/legendatours.com\/pt\/produto\/explore-tavira-11-days-11300pk\/","og_locale":"pt_PT","og_type":"article","og_title":"Explore Tavira","og_description":"This 10 days tour will give you the opportunity to meet the small town of Tavira, an ancient Moorish town that has retained its unique character and heritage. Layers of history can be seen, from Phoenician excavations through Islamic-decorated doorways to Renaissance and Baroque flourishes. However, it is the colours that hit you: blinding-white walls, brilliant azulejo tiles, fiery-red pantiles.","og_url":"https:\/\/legendatours.com\/pt\/produto\/explore-tavira-11-days-11300pk\/","og_site_name":"Legendary Adventure DMC Portugal","article_publisher":"https:\/\/www.facebook.com\/legendaryadventuredmc\/","article_modified_time":"2022-04-20T11:16:12+00:00","og_image":[{"width":1024,"height":769,"url":"https:\/\/legendatours.com\/wp-content\/uploads\/sites\/12\/2021\/04\/Amazing-and-relax-island-Tavira-beach-e1611676874502.jpg","type":"image\/jpeg"}],"twitter_card":"summary_large_image","twitter_misc":{"Tempo estimado de leitura":"2 minutos"},"schema":{"@context":"https:\/\/schema.org","@graph":[{"@type":"WebPage","@id":"https:\/\/legendatours.com\/product\/explore-tavira-11-days-11300pk\/","url":"https:\/\/legendatours.com\/product\/explore-tavira-11-days-11300pk\/","name":"Explore Tavira - Legendary Adventure DMC Portugal","isPartOf":{"@id":"https:\/\/legendatours.com\/#website"},"primaryImageOfPage":{"@id":"https:\/\/legendatours.com\/product\/explore-tavira-11-days-11300pk\/#primaryimage"},"image":{"@id":"https:\/\/legendatours.com\/product\/explore-tavira-11-days-11300pk\/#primaryimage"},"thumbnailUrl":"https:\/\/legendatours.com\/wp-content\/uploads\/sites\/12\/2021\/04\/Amazing-and-relax-island-Tavira-beach-e1611676874502.jpg","datePublished":"2020-03-09T12:20:15+00:00","dateModified":"2022-04-20T11:16:12+00:00","description":"This 10 days tour will give you the opportunity to meet the small town of Tavira, an ancient Moorish town that has retained its unique character and heritage. Layers of history can be seen, from Phoenician excavations through Islamic-decorated doorways to Renaissance and Baroque flourishes. However, it is the colours that hit you: blinding-white walls, brilliant azulejo tiles, fiery-red pantiles.","breadcrumb":{"@id":"https:\/\/legendatours.com\/product\/explore-tavira-11-days-11300pk\/#breadcrumb"},"inLanguage":"pt-PT","potentialAction":[{"@type":"ReadAction","target":["https:\/\/legendatours.com\/product\/explore-tavira-11-days-11300pk\/"]}]},{"@type":"ImageObject","inLanguage":"pt-PT","@id":"https:\/\/legendatours.com\/product\/explore-tavira-11-days-11300pk\/#primaryimage","url":"https:\/\/legendatours.com\/wp-content\/uploads\/sites\/12\/2021\/04\/Amazing-and-relax-island-Tavira-beach-e1611676874502.jpg","contentUrl":"https:\/\/legendatours.com\/wp-content\/uploads\/sites\/12\/2021\/04\/Amazing-and-relax-island-Tavira-beach-e1611676874502.jpg","width":1024,"height":769,"caption":"Tavira Island"},{"@type":"BreadcrumbList","@id":"https:\/\/legendatours.com\/product\/explore-tavira-11-days-11300pk\/#breadcrumb","itemListElement":[{"@type":"ListItem","position":1,"name":"Home","item":"https:\/\/legendatours.com\/"},{"@type":"ListItem","position":2,"name":"Shop","item":"https:\/\/legendatours.com\/sv\/?page_id=4"},{"@type":"ListItem","position":3,"name":"This 10 days tour will give you the opportunity to meet the small town of Tavira, an ancient Moorish town that has retained its unique character and heritage. Layers of history can be seen, from Phoenician excavations through Islamic-decorated doorways to Renaissance and Baroque flourishes. However, it is the colours that hit you: blinding-white walls, brilliant azulejo tiles, fiery-red pantiles."}]},{"@type":"WebSite","@id":"https:\/\/legendatours.com\/#website","url":"https:\/\/legendatours.com\/","name":"Legendary Adventure DMC Portugal","description":"Caminhadas e F\u00e9rias na Natureza Respons\u00e1veis em Portugal","publisher":{"@id":"https:\/\/legendatours.com\/#organization"},"alternateName":"Legendary Adventure Portugal","potentialAction":[{"@type":"SearchAction","target":{"@type":"EntryPoint","urlTemplate":"https:\/\/legendatours.com\/?s={search_term_string}"},"query-input":{"@type":"PropertyValueSpecification","valueRequired":true,"valueName":"search_term_string"}}],"inLanguage":"pt-PT"},{"@type":"Organization","@id":"https:\/\/legendatours.com\/#organization","name":"legendatours.com","url":"https:\/\/legendatours.com\/","logo":{"@type":"ImageObject","inLanguage":"pt-PT","@id":"https:\/\/legendatours.com\/#\/schema\/logo\/image\/","url":"https:\/\/legendatours.com\/wp-content\/uploads\/sites\/12\/2021\/06\/legendary_adventure_dmc.png","contentUrl":"https:\/\/legendatours.com\/wp-content\/uploads\/sites\/12\/2021\/06\/legendary_adventure_dmc.png","width":250,"height":74,"caption":"legendatours.com"},"image":{"@id":"https:\/\/legendatours.com\/#\/schema\/logo\/image\/"},"sameAs":["https:\/\/www.facebook.com\/legendaryadventuredmc\/","https:\/\/www.linkedin.com\/company\/legendary-adventure-dmc-portugal","https:\/\/www.youtube.com\/channel\/UCOIRDx_KM6ynIcacQkZjb6g"]}]}},"_links":{"self":[{"href":"https:\/\/legendatours.com\/pt\/wp-json\/wp\/v2\/product\/8279","targetHints":{"allow":["GET"]}}],"collection":[{"href":"https:\/\/legendatours.com\/pt\/wp-json\/wp\/v2\/product"}],"about":[{"href":"https:\/\/legendatours.com\/pt\/wp-json\/wp\/v2\/types\/product"}],"replies":[{"embeddable":true,"href":"https:\/\/legendatours.com\/pt\/wp-json\/wp\/v2\/comments?post=8279"}],"wp:featuredmedia":[{"embeddable":true,"href":"https:\/\/legendatours.com\/pt\/wp-json\/wp\/v2\/media\/7639"}],"wp:attachment":[{"href":"https:\/\/legendatours.com\/pt\/wp-json\/wp\/v2\/media?parent=8279"}],"wp:term":[{"taxonomy":"product_brand","embeddable":true,"href":"https:\/\/legendatours.com\/pt\/wp-json\/wp\/v2\/product_brand?post=8279"},{"taxonomy":"product_cat","embeddable":true,"href":"https:\/\/legendatours.com\/pt\/wp-json\/wp\/v2\/product_cat?post=8279"},{"taxonomy":"product_tag","embeddable":true,"href":"https:\/\/legendatours.com\/pt\/wp-json\/wp\/v2\/product_tag?post=8279"}],"curies":[{"name":"wp","href":"https:\/\/api.w.org\/{rel}","templated":true}]}}