{"id":8292,"date":"2020-03-06T18:47:48","date_gmt":"2020-03-06T18:47:48","guid":{"rendered":"https:\/\/legendatours.com\/product\/escape-to-tavira\/"},"modified":"2022-04-20T11:43:42","modified_gmt":"2022-04-20T11:43:42","slug":"escape-to-tavira-4-days-4300pk","status":"publish","type":"product","link":"https:\/\/legendatours.com\/pt\/produto\/escape-to-tavira-4-days-4300pk\/","title":{"rendered":"Fuga para Tavira"},"content":{"rendered":"<p>Tavira \u00e9 uma cidade encantadora no Sotavento Algarvio, n\u00e3o muito longe da fronteira com Espanha.<\/p>\n<p>Situada nas margens do Rio Gil\u00e3o, junto \u00e0 Ria Formosa e a uma praia de 13 quil\u00f3metros, Tavira \u00e9 um retiro relaxante!<\/p>\n<p>A cidade mostra um atraente apelo portugu\u00eas, com paredes brancas, azulejos finos e ondas de telhados triangulares.<\/p>\n<div id=\"attachment_1782\" style=\"width: 810px\" class=\"wp-caption alignnone\"><img loading=\"lazy\" decoding=\"async\" aria-describedby=\"caption-attachment-1782\" class=\"wp-image-1782 size-full\" src=\"https:\/\/legendatours.net\/wp-content\/uploads\/2020\/03\/Details-of-a-church-in-tavira.jpg\" alt=\"Details of a church in Tavira\" width=\"800\" height=\"1152\" \/><p id=\"caption-attachment-1782\" class=\"wp-caption-text\">Detalhes de uma igreja em Tavira<\/p><\/div>\n<p>Ao longo das ruas tranquilas, camadas de hist\u00f3ria podem ser testemunhadas, desde portas decoradas com motivos isl\u00e2micos at\u00e9 floreios barrocos.<\/p>\n<p>Das ru\u00ednas do Castelo, rodeado de loendros, jacarand\u00e1s e buganv\u00edlias, tem-se uma vista privilegiada dos telhados t\u00edpicos da cidade e das suas mais de 30 igrejas.<\/p>\n<p>Apanhando um barco no movimentado porto de pesca, sai do rio para atravessar o canal principal da Ria Formosa, uma rica reserva natural de excepcional beleza, perfeita para observa\u00e7\u00e3o de aves e observa\u00e7\u00e3o da natureza.<\/p>\n<div id=\"attachment_2024\" style=\"width: 1034px\" class=\"wp-caption alignnone\"><img loading=\"lazy\" decoding=\"async\" aria-describedby=\"caption-attachment-2024\" class=\"wp-image-2024 size-large\" src=\"https:\/\/legendatours.net\/wp-content\/uploads\/2020\/03\/Fishing-boats-Tavira-1024x720.jpg\" alt=\"Fishing boats in Tavira\" width=\"1024\" height=\"720\" \/><p id=\"caption-attachment-2024\" class=\"wp-caption-text\">Barcos de pesca em Tavira<\/p><\/div>\n<p>O ferry termina a sua curta viagem numa das melhores praias do mundo, a Ilha de Tavira. Esteja preparado para quil\u00f4metros de areia dourada e \u00e1guas azul-turquesa, premiados com uma bandeira azul.<\/p>\n<p>Com poucos restaurantes e bares, \u00e9 uma praia tranquila e segura.<\/p>\n<p>Nos arredores, a curta dist\u00e2ncia, pode desfrutar de uma paisagem e modos de vida completamente diferentes, marcados por campos de laranjeiras, carregados de perfume de flores.<\/p>\n<p>Casas brancas espalhadas com chamin\u00e9s rendadas mostram um Algarve exc\u00eantrico, onde as \u00e1guias voam.<\/p>\n<p>E estando em Portugal, sabe que ser\u00e1 brindado com excelente comida e vinho.<\/p>\n<div id=\"attachment_1776\" style=\"width: 1034px\" class=\"wp-caption alignnone\"><img loading=\"lazy\" decoding=\"async\" aria-describedby=\"caption-attachment-1776\" class=\"wp-image-1776 size-large\" src=\"https:\/\/legendatours.net\/wp-content\/uploads\/2020\/03\/Anchor-cemetery-in-Barril-Beach-1024x687.jpg\" alt=\"Anchor cemetery in Barril Beach Tavira\" width=\"1024\" height=\"687\" \/><p id=\"caption-attachment-1776\" class=\"wp-caption-text\">Cemit\u00e9rio \u00e2ncora na Praia do Barril Tavira<\/p><\/div>\n<p>Em Tavira, h\u00e1 uma combina\u00e7\u00e3o de ingredientes do litoral e do campo. Do mar, v\u00eam os peixes e mariscos mais frescos, cozinhados com simplicidade e respeito, acompanhados de saladas temperadas com um dos melhores azeites do mundo.<\/p>\n<p>Se voc\u00ea \u00e9 um amante de carne, n\u00e3o ficar\u00e1 desapontado, com ensopados e grelhados.<\/p>\n<p>E os doces s\u00e3o uma mistura requintada de am\u00eandoas, figos, mel e alfarrobas, abundantes na regi\u00e3o.<\/p>\n<p>Em Tavira, certamente ter\u00e1 momentos relaxantes, com patrim\u00f3nio, natureza, praias deslumbrantes e atividades divertidas!<\/p>","protected":false},"excerpt":{"rendered":"<p>Tavira \u00e9 uma cidade encantadora no Sotavento Algarvio, n\u00e3o muito longe da fronteira com Espanha.<\/p>\n<p>Situada nas margens do Rio Gil\u00e3o, junto \u00e0 Ria Formosa e a uma praia de 13 quil\u00f3metros, Tavira \u00e9 um retiro relaxante!<\/p>\n<p>A cidade mostra um atraente apelo portugu\u00eas, com paredes brancas, azulejos finos e ondas de telhados triangulares.<\/p>","protected":false},"featured_media":1717,"comment_status":"closed","ping_status":"closed","template":"","meta":{"_acf_changed":false,"inline_featured_image":false},"product_brand":[],"product_cat":[706,686],"product_tag":[707,147,433,154,160,394,915,691,169,692,228,910,677,693,694,695,174,175],"class_list":{"0":"post-8292","1":"product","2":"type-product","3":"status-publish","4":"has-post-thumbnail","6":"product_cat-escape-4-days-tour-portugal","7":"product_cat-holiday-packs-tours-portugal","8":"product_tag-4-days-tour","9":"product_tag-algarve","10":"product_tag-birdwatching","11":"product_tag-east-algarve","12":"product_tag-holidays","13":"product_tag-island-of-tavira","14":"product_tag-medieval-castle-of-tavira","15":"product_tag-old-town","16":"product_tag-ria-formosa-natural-park","17":"product_tag-sandy-beach","18":"product_tag-sightseeing","19":"product_tag-spoonbills","20":"product_tag-spring","21":"product_tag-summer","22":"product_tag-sun-beach","23":"product_tag-sunny-days","24":"product_tag-tavira","25":"product_tag-tavira-island","27":"first","28":"instock","29":"virtual","30":"product-type-simple"},"acf":[],"yoast_head":"<!-- This site is optimized with the Yoast SEO Premium plugin v26.8 (Yoast SEO v27.5) - https:\/\/yoast.com\/product\/yoast-seo-premium-wordpress\/ -->\n<title>Escape to Tavira - Legendary Adventure DMC Portugal<\/title>\n<meta name=\"description\" content=\"The Island of Tavira has a long sandy beach and salinas that attract flamingos, spoonbills and other wading birds. In the centre, the medieval castle of Tavira offers views of the city. The Church of Santa Maria do Castelo houses the tombs of 7 knights killed by the Moors.\" \/>\n<meta name=\"robots\" content=\"index, follow, max-snippet:-1, max-image-preview:large, max-video-preview:-1\" \/>\n<link rel=\"canonical\" href=\"https:\/\/legendatours.com\/pt\/produto\/escape-to-tavira-4-days-4300pk\/\" \/>\n<meta property=\"og:locale\" content=\"pt_PT\" \/>\n<meta property=\"og:type\" content=\"article\" \/>\n<meta property=\"og:title\" content=\"Escape to Tavira\" \/>\n<meta property=\"og:description\" content=\"The Island of Tavira has a long sandy beach and salinas that attract flamingos, spoonbills and other wading birds. In the centre, the medieval castle of Tavira offers views of the city. The Church of Santa Maria do Castelo houses the tombs of 7 knights killed by the Moors.\" \/>\n<meta property=\"og:url\" content=\"https:\/\/legendatours.com\/pt\/produto\/escape-to-tavira-4-days-4300pk\/\" \/>\n<meta property=\"og:site_name\" content=\"Legendary Adventure DMC Portugal\" \/>\n<meta property=\"article:publisher\" content=\"https:\/\/www.facebook.com\/legendaryadventuredmc\/\" \/>\n<meta property=\"article:modified_time\" content=\"2022-04-20T11:43:42+00:00\" \/>\n<meta property=\"og:image\" content=\"https:\/\/legendatours.com\/wp-content\/uploads\/sites\/12\/2021\/04\/Roman-bridge-in-Tavira-Venice-of-Algarve-2-e1611676865827.jpg\" \/>\n\t<meta property=\"og:image:width\" content=\"1024\" \/>\n\t<meta property=\"og:image:height\" content=\"685\" \/>\n\t<meta property=\"og:image:type\" content=\"image\/jpeg\" \/>\n<meta name=\"twitter:card\" content=\"summary_large_image\" \/>\n<meta name=\"twitter:label1\" content=\"Tempo estimado de leitura\" \/>\n\t<meta name=\"twitter:data1\" content=\"2 minutos\" \/>\n<script type=\"application\/ld+json\" class=\"yoast-schema-graph\">{\"@context\":\"https:\\\/\\\/schema.org\",\"@graph\":[{\"@type\":\"WebPage\",\"@id\":\"https:\\\/\\\/legendatours.com\\\/product\\\/escape-to-tavira-4-days-4300pk\\\/\",\"url\":\"https:\\\/\\\/legendatours.com\\\/product\\\/escape-to-tavira-4-days-4300pk\\\/\",\"name\":\"Escape to Tavira - Legendary Adventure DMC Portugal\",\"isPartOf\":{\"@id\":\"https:\\\/\\\/legendatours.com\\\/#website\"},\"primaryImageOfPage\":{\"@id\":\"https:\\\/\\\/legendatours.com\\\/product\\\/escape-to-tavira-4-days-4300pk\\\/#primaryimage\"},\"image\":{\"@id\":\"https:\\\/\\\/legendatours.com\\\/product\\\/escape-to-tavira-4-days-4300pk\\\/#primaryimage\"},\"thumbnailUrl\":\"https:\\\/\\\/legendatours.com\\\/wp-content\\\/uploads\\\/sites\\\/12\\\/2021\\\/04\\\/Roman-bridge-in-Tavira-Venice-of-Algarve-2-e1611676865827.jpg\",\"datePublished\":\"2020-03-06T18:47:48+00:00\",\"dateModified\":\"2022-04-20T11:43:42+00:00\",\"description\":\"The Island of Tavira has a long sandy beach and salinas that attract flamingos, spoonbills and other wading birds. In the centre, the medieval castle of Tavira offers views of the city. The Church of Santa Maria do Castelo houses the tombs of 7 knights killed by the Moors.\",\"breadcrumb\":{\"@id\":\"https:\\\/\\\/legendatours.com\\\/product\\\/escape-to-tavira-4-days-4300pk\\\/#breadcrumb\"},\"inLanguage\":\"pt-PT\",\"potentialAction\":[{\"@type\":\"ReadAction\",\"target\":[\"https:\\\/\\\/legendatours.com\\\/product\\\/escape-to-tavira-4-days-4300pk\\\/\"]}]},{\"@type\":\"ImageObject\",\"inLanguage\":\"pt-PT\",\"@id\":\"https:\\\/\\\/legendatours.com\\\/product\\\/escape-to-tavira-4-days-4300pk\\\/#primaryimage\",\"url\":\"https:\\\/\\\/legendatours.com\\\/wp-content\\\/uploads\\\/sites\\\/12\\\/2021\\\/04\\\/Roman-bridge-in-Tavira-Venice-of-Algarve-2-e1611676865827.jpg\",\"contentUrl\":\"https:\\\/\\\/legendatours.com\\\/wp-content\\\/uploads\\\/sites\\\/12\\\/2021\\\/04\\\/Roman-bridge-in-Tavira-Venice-of-Algarve-2-e1611676865827.jpg\",\"width\":1024,\"height\":685,\"caption\":\"Roman bridge in Tavira Venice of Algarve\"},{\"@type\":\"BreadcrumbList\",\"@id\":\"https:\\\/\\\/legendatours.com\\\/product\\\/escape-to-tavira-4-days-4300pk\\\/#breadcrumb\",\"itemListElement\":[{\"@type\":\"ListItem\",\"position\":1,\"name\":\"Home\",\"item\":\"https:\\\/\\\/legendatours.com\\\/\"},{\"@type\":\"ListItem\",\"position\":2,\"name\":\"Shop\",\"item\":\"https:\\\/\\\/legendatours.com\\\/sv\\\/?page_id=4\"},{\"@type\":\"ListItem\",\"position\":3,\"name\":\"The Island of Tavira has a long sandy beach and salinas that attract flamingos, spoonbills and other wading birds. In the centre, the medieval castle of Tavira offers views of the city. The Church of Santa Maria do Castelo houses the tombs of 7 knights killed by the Moors.\"}]},{\"@type\":\"WebSite\",\"@id\":\"https:\\\/\\\/legendatours.com\\\/#website\",\"url\":\"https:\\\/\\\/legendatours.com\\\/\",\"name\":\"Legendary Adventure DMC Portugal\",\"description\":\"Responsible Walking &amp; Nature Holidays in Portugal\",\"publisher\":{\"@id\":\"https:\\\/\\\/legendatours.com\\\/#organization\"},\"alternateName\":\"Legendary Adventure Portugal\",\"potentialAction\":[{\"@type\":\"SearchAction\",\"target\":{\"@type\":\"EntryPoint\",\"urlTemplate\":\"https:\\\/\\\/legendatours.com\\\/?s={search_term_string}\"},\"query-input\":{\"@type\":\"PropertyValueSpecification\",\"valueRequired\":true,\"valueName\":\"search_term_string\"}}],\"inLanguage\":\"pt-PT\"},{\"@type\":\"Organization\",\"@id\":\"https:\\\/\\\/legendatours.com\\\/#organization\",\"name\":\"legendatours.com\",\"url\":\"https:\\\/\\\/legendatours.com\\\/\",\"logo\":{\"@type\":\"ImageObject\",\"inLanguage\":\"pt-PT\",\"@id\":\"https:\\\/\\\/legendatours.com\\\/#\\\/schema\\\/logo\\\/image\\\/\",\"url\":\"https:\\\/\\\/legendatours.com\\\/wp-content\\\/uploads\\\/sites\\\/12\\\/2021\\\/06\\\/legendary_adventure_dmc.png\",\"contentUrl\":\"https:\\\/\\\/legendatours.com\\\/wp-content\\\/uploads\\\/sites\\\/12\\\/2021\\\/06\\\/legendary_adventure_dmc.png\",\"width\":250,\"height\":74,\"caption\":\"legendatours.com\"},\"image\":{\"@id\":\"https:\\\/\\\/legendatours.com\\\/#\\\/schema\\\/logo\\\/image\\\/\"},\"sameAs\":[\"https:\\\/\\\/www.facebook.com\\\/legendaryadventuredmc\\\/\",\"https:\\\/\\\/www.linkedin.com\\\/company\\\/legendary-adventure-dmc-portugal\",\"https:\\\/\\\/www.youtube.com\\\/channel\\\/UCOIRDx_KM6ynIcacQkZjb6g\"]}]}<\/script>\n<!-- \/ Yoast SEO Premium plugin. -->","yoast_head_json":{"title":"Escape to Tavira - Legendary Adventure DMC Portugal","description":"A Ilha de Tavira tem um extenso areal e salinas que atraem flamingos, colhereiros e outras aves pernaltas. No centro, o castelo medieval de Tavira oferece vistas sobre a cidade. A Igreja de Santa Maria do Castelo abriga os t\u00famulos de 7 cavaleiros mortos pelos mouros.","robots":{"index":"index","follow":"follow","max-snippet":"max-snippet:-1","max-image-preview":"max-image-preview:large","max-video-preview":"max-video-preview:-1"},"canonical":"https:\/\/legendatours.com\/pt\/produto\/escape-to-tavira-4-days-4300pk\/","og_locale":"pt_PT","og_type":"article","og_title":"Escape to Tavira","og_description":"The Island of Tavira has a long sandy beach and salinas that attract flamingos, spoonbills and other wading birds. In the centre, the medieval castle of Tavira offers views of the city. The Church of Santa Maria do Castelo houses the tombs of 7 knights killed by the Moors.","og_url":"https:\/\/legendatours.com\/pt\/produto\/escape-to-tavira-4-days-4300pk\/","og_site_name":"Legendary Adventure DMC Portugal","article_publisher":"https:\/\/www.facebook.com\/legendaryadventuredmc\/","article_modified_time":"2022-04-20T11:43:42+00:00","og_image":[{"width":1024,"height":685,"url":"https:\/\/legendatours.com\/wp-content\/uploads\/sites\/12\/2021\/04\/Roman-bridge-in-Tavira-Venice-of-Algarve-2-e1611676865827.jpg","type":"image\/jpeg"}],"twitter_card":"summary_large_image","twitter_misc":{"Tempo estimado de leitura":"2 minutos"},"schema":{"@context":"https:\/\/schema.org","@graph":[{"@type":"WebPage","@id":"https:\/\/legendatours.com\/product\/escape-to-tavira-4-days-4300pk\/","url":"https:\/\/legendatours.com\/product\/escape-to-tavira-4-days-4300pk\/","name":"Escape to Tavira - Legendary Adventure DMC Portugal","isPartOf":{"@id":"https:\/\/legendatours.com\/#website"},"primaryImageOfPage":{"@id":"https:\/\/legendatours.com\/product\/escape-to-tavira-4-days-4300pk\/#primaryimage"},"image":{"@id":"https:\/\/legendatours.com\/product\/escape-to-tavira-4-days-4300pk\/#primaryimage"},"thumbnailUrl":"https:\/\/legendatours.com\/wp-content\/uploads\/sites\/12\/2021\/04\/Roman-bridge-in-Tavira-Venice-of-Algarve-2-e1611676865827.jpg","datePublished":"2020-03-06T18:47:48+00:00","dateModified":"2022-04-20T11:43:42+00:00","description":"A Ilha de Tavira tem um extenso areal e salinas que atraem flamingos, colhereiros e outras aves pernaltas. No centro, o castelo medieval de Tavira oferece vistas sobre a cidade. A Igreja de Santa Maria do Castelo abriga os t\u00famulos de 7 cavaleiros mortos pelos mouros.","breadcrumb":{"@id":"https:\/\/legendatours.com\/product\/escape-to-tavira-4-days-4300pk\/#breadcrumb"},"inLanguage":"pt-PT","potentialAction":[{"@type":"ReadAction","target":["https:\/\/legendatours.com\/product\/escape-to-tavira-4-days-4300pk\/"]}]},{"@type":"ImageObject","inLanguage":"pt-PT","@id":"https:\/\/legendatours.com\/product\/escape-to-tavira-4-days-4300pk\/#primaryimage","url":"https:\/\/legendatours.com\/wp-content\/uploads\/sites\/12\/2021\/04\/Roman-bridge-in-Tavira-Venice-of-Algarve-2-e1611676865827.jpg","contentUrl":"https:\/\/legendatours.com\/wp-content\/uploads\/sites\/12\/2021\/04\/Roman-bridge-in-Tavira-Venice-of-Algarve-2-e1611676865827.jpg","width":1024,"height":685,"caption":"Roman bridge in Tavira Venice of Algarve"},{"@type":"BreadcrumbList","@id":"https:\/\/legendatours.com\/product\/escape-to-tavira-4-days-4300pk\/#breadcrumb","itemListElement":[{"@type":"ListItem","position":1,"name":"Home","item":"https:\/\/legendatours.com\/"},{"@type":"ListItem","position":2,"name":"Shop","item":"https:\/\/legendatours.com\/sv\/?page_id=4"},{"@type":"ListItem","position":3,"name":"The Island of Tavira has a long sandy beach and salinas that attract flamingos, spoonbills and other wading birds. In the centre, the medieval castle of Tavira offers views of the city. The Church of Santa Maria do Castelo houses the tombs of 7 knights killed by the Moors."}]},{"@type":"WebSite","@id":"https:\/\/legendatours.com\/#website","url":"https:\/\/legendatours.com\/","name":"Legendary Adventure DMC Portugal","description":"Caminhadas e F\u00e9rias na Natureza Respons\u00e1veis em Portugal","publisher":{"@id":"https:\/\/legendatours.com\/#organization"},"alternateName":"Legendary Adventure Portugal","potentialAction":[{"@type":"SearchAction","target":{"@type":"EntryPoint","urlTemplate":"https:\/\/legendatours.com\/?s={search_term_string}"},"query-input":{"@type":"PropertyValueSpecification","valueRequired":true,"valueName":"search_term_string"}}],"inLanguage":"pt-PT"},{"@type":"Organization","@id":"https:\/\/legendatours.com\/#organization","name":"legendatours.com","url":"https:\/\/legendatours.com\/","logo":{"@type":"ImageObject","inLanguage":"pt-PT","@id":"https:\/\/legendatours.com\/#\/schema\/logo\/image\/","url":"https:\/\/legendatours.com\/wp-content\/uploads\/sites\/12\/2021\/06\/legendary_adventure_dmc.png","contentUrl":"https:\/\/legendatours.com\/wp-content\/uploads\/sites\/12\/2021\/06\/legendary_adventure_dmc.png","width":250,"height":74,"caption":"legendatours.com"},"image":{"@id":"https:\/\/legendatours.com\/#\/schema\/logo\/image\/"},"sameAs":["https:\/\/www.facebook.com\/legendaryadventuredmc\/","https:\/\/www.linkedin.com\/company\/legendary-adventure-dmc-portugal","https:\/\/www.youtube.com\/channel\/UCOIRDx_KM6ynIcacQkZjb6g"]}]}},"_links":{"self":[{"href":"https:\/\/legendatours.com\/pt\/wp-json\/wp\/v2\/product\/8292","targetHints":{"allow":["GET"]}}],"collection":[{"href":"https:\/\/legendatours.com\/pt\/wp-json\/wp\/v2\/product"}],"about":[{"href":"https:\/\/legendatours.com\/pt\/wp-json\/wp\/v2\/types\/product"}],"replies":[{"embeddable":true,"href":"https:\/\/legendatours.com\/pt\/wp-json\/wp\/v2\/comments?post=8292"}],"wp:featuredmedia":[{"embeddable":true,"href":"https:\/\/legendatours.com\/pt\/wp-json\/wp\/v2\/media\/1717"}],"wp:attachment":[{"href":"https:\/\/legendatours.com\/pt\/wp-json\/wp\/v2\/media?parent=8292"}],"wp:term":[{"taxonomy":"product_brand","embeddable":true,"href":"https:\/\/legendatours.com\/pt\/wp-json\/wp\/v2\/product_brand?post=8292"},{"taxonomy":"product_cat","embeddable":true,"href":"https:\/\/legendatours.com\/pt\/wp-json\/wp\/v2\/product_cat?post=8292"},{"taxonomy":"product_tag","embeddable":true,"href":"https:\/\/legendatours.com\/pt\/wp-json\/wp\/v2\/product_tag?post=8292"}],"curies":[{"name":"wp","href":"https:\/\/api.w.org\/{rel}","templated":true}]}}