{"id":8362,"date":"2020-03-06T15:03:11","date_gmt":"2020-03-06T15:03:11","guid":{"rendered":"https:\/\/legendatours.com\/product\/birding-holidays-under-blue-skyes-the-great-bustard-adventure\/"},"modified":"2025-03-03T17:18:22","modified_gmt":"2025-03-03T17:18:22","slug":"birding-under-blue-skyes-the-great-bustard-adventure-fly-drive-3201s","status":"publish","type":"product","link":"https:\/\/legendatours.com\/pt\/produto\/birding-under-blue-skyes-the-great-bustard-adventure-fly-drive-3201s\/","title":{"rendered":"F\u00e9rias de observa\u00e7\u00e3o de p\u00e1ssaros sob o c\u00e9u azul: a grande aventura do abetarda"},"content":{"rendered":"<p>Observa\u00e7\u00e3o de p\u00e1ssaros sob o c\u00e9u azul: A Aventura da Abetarda \u00e9 uma excurs\u00e3o aut\u00f4noma de observa\u00e7\u00e3o de p\u00e1ssaros, projetada por observadores de p\u00e1ssaros profissionais locais para ajud\u00e1-lo a ver o m\u00e1ximo poss\u00edvel da avifauna e da flora, incluindo a enigm\u00e1tica Abetarda! Para desfrutar plenamente deste passeio personalizado, ficar\u00e1 alojado no cora\u00e7\u00e3o de Monte Gordo, com f\u00e1cil acesso a uma riqueza de cen\u00e1rios de observa\u00e7\u00e3o de aves, para al\u00e9m da lista de vida de qualquer observador de p\u00e1ssaros!<\/p>\n<p>Entre as praias arenosas da costa leste e o rio Guadiana, ergue-se uma pequena vila de pescadores. Monte Gordo com o seu clima quente, estradas e lojas tradicionais, dunas de areia, pinhais e famosos mariscos frescos \u00e9 uma excelente base para as nossas f\u00e9rias de birdwatching.<\/p>\n<div id=\"attachment_1748\" style=\"width: 1034px\" class=\"wp-caption alignnone\"><img loading=\"lazy\" decoding=\"async\" aria-describedby=\"caption-attachment-1748\" class=\"wp-image-1748 size-large\" title=\"Abetardas\" src=\"https:\/\/legendatours.net\/wp-content\/uploads\/2020\/03\/Great_Bustards-1024x683.jpg\" alt=\"Great Bustards\" width=\"1024\" height=\"683\" \/><p id=\"caption-attachment-1748\" class=\"wp-caption-text\">Abetardas, uma das aves voadoras mais pesadas do mundo, habita uma vasta \u00e1rea de uniformidade rural do Baixo Alentejo - Foto Peter Dedicoat<\/p><\/div>\n<p>A sua localiza\u00e7\u00e3o privilegiada junto ao estu\u00e1rio do Guadiana \u00e9 dotada de ecossistemas naturais especiais e diversos, onde vivem centenas de esp\u00e9cies de aves, algumas delas end\u00e9micas e t\u00edpicas do habitat mediterr\u00e2nico.<\/p>\n<p>Com base em algumas zonas h\u00famidas importantes do Algarve, incluindo o Parque Natural da Ria Formosa, o Estu\u00e1rio do Guadiana e a Reserva Natural de Castro Marim, este passeio de observa\u00e7\u00e3o de p\u00e1ssaros conta com uma excurs\u00e3o ao Alentejo, para observar a evasiva Abetarda, uma das esp\u00e9cies mundiais p\u00e1ssaros mais pesados, e tamb\u00e9m um dia livre, para lhe dar a oportunidade de explorar.<\/p>\n<p>O Parque Natural da Ria Formosa assume particular import\u00e2ncia como local de invernada para muitas aves do norte da Europa e como local de repouso e alimenta\u00e7\u00e3o para as aves que migram entre a \u00c1frica e a Europa. A \u00e1rea \u00e9 classificada pela Conven\u00e7\u00e3o de Ramsar como Zona \u00damida de Import\u00e2ncia Internacional e como \u00c1rea de Prote\u00e7\u00e3o Especial de acordo com a Diretiva da UE sobre Conserva\u00e7\u00e3o de Aves Selvagens.<\/p>\n<div id=\"attachment_1723\" style=\"width: 1034px\" class=\"wp-caption alignnone\"><img loading=\"lazy\" decoding=\"async\" aria-describedby=\"caption-attachment-1723\" class=\"wp-image-1723 size-large\" title=\"\u00cdbis brilhantes\" src=\"https:\/\/legendatours.net\/wp-content\/uploads\/2020\/03\/Glossy-Ibis-1024x683.jpg\" alt=\"Glossy Ibis\" width=\"1024\" height=\"683\" \/><p id=\"caption-attachment-1723\" class=\"wp-caption-text\">Glossy Ibis - Foto Peter Dedicoat<\/p><\/div>\n<p>Entre outras esp\u00e9cies, voc\u00ea pode encontrar Godwits-de-cauda-preta, Tarambola-anelada, Little Stints, Little Bittern, P\u00e2ntano-galinha-roxa, Gar\u00e7a-real-roxa, Pochard-de-crista-vermelha, Pratincole-coleira, Tarambola-de-Kent, Abelharuco-comum, Nightjar-de-pesco\u00e7o-ruivo, Woodchat, e Southern Grey Shrikes e Little Tern. Marsh Harriers s\u00e3o residentes, assim como um pequeno n\u00famero de Booted Eagles, agora uma vis\u00e3o regular no inverno. Onde, na temporada, podem ser encontrados o pato ferruginoso, a gar\u00e7a-roxa, o papagaio-de-asa-preta, os seios pendulinos e a tecel\u00e3-de-cabe\u00e7a-preta.<\/p>\n<p>Nascido na serra espanhola, o rio Guadiana marca a fronteira entre Portugal e Espanha e serpenteia por montes recobertos de esteva, oliveira, alfarroba, amendoeira e pelas tradicionais casas de xisto. A \u00e1rea abriga in\u00fameras esp\u00e9cies da fauna e da flora.<\/p>\n<div id=\"attachment_1695\" style=\"width: 1034px\" class=\"wp-caption alignnone\"><img loading=\"lazy\" decoding=\"async\" aria-describedby=\"caption-attachment-1695\" class=\"wp-image-1695 size-large\" title=\"Abelharuco europeu com observa\u00e7\u00e3o de p\u00e1ssaros\" src=\"https:\/\/legendatours.net\/wp-content\/uploads\/2020\/05\/Birdwatching-Algarve-European-Bee-eater-1024x683.jpg\" alt=\"Birdwatching Algarve European Bee-eater\" width=\"1024\" height=\"683\" \/><p id=\"caption-attachment-1695\" class=\"wp-caption-text\">Abelharuco europeu de observa\u00e7\u00e3o de p\u00e1ssaros - Foto Peter Dedicoat<\/p><\/div>\n<p>A leste de Monte Gordo, a Reserva Natural de Castro Marim oferece aos visitantes a oportunidade de avistar pintassilgos europeus, trepadeiras e toutinegras da Sardenha, s\u00f3 para citar alguns. Nas salinas \u00e9 poss\u00edvel observar v\u00e1rias esp\u00e9cies de aves aqu\u00e1ticas, incluindo a Gaivota-de-Audouin, a Andorinha-do-mar, a Pratincole-coleira e a Alv\u00e9ola-amarela (primavera \/ ver\u00e3o); Shelduck, Shoveler, Mergulh\u00e3o-de-pesco\u00e7o-preto e Andorinha-do-mar C\u00e1spio.<\/p>\n<p>Durante todo o ano \u00e9 poss\u00edvel encontrar Flamingos, Palafitas de Asas Negras, Colhereiros, Pernas-verdes e Alfinetes. Kingfisher \u00e9 regular neste local e, durante os tempos de migra\u00e7\u00e3o, Black Tern freq\u00fcentemente aparece.<\/p>\n<p>Este passeio autoguiado de observa\u00e7\u00e3o de aves permitir\u00e1 que voc\u00ea aproveite o seu tempo e se dedique \u00e0s atividades de sua prefer\u00eancia, desde o simples prazer de observar as aves em seus habitats naturais; fotografia de natureza em geral e fotografia de p\u00e1ssaros em particular; pintura e ilustra\u00e7\u00e3o; pesquisa cient\u00edfica; a busca de raridades (espasmos), etc.<\/p>\n<div id=\"attachment_1961\" style=\"width: 1034px\" class=\"wp-caption alignnone\"><img loading=\"lazy\" decoding=\"async\" aria-describedby=\"caption-attachment-1961\" class=\"wp-image-1961 size-large\" title=\"Redshank comum\" src=\"https:\/\/legendatours.net\/wp-content\/uploads\/2020\/03\/Common-Redshank-1024x683.jpg\" alt=\"Common Redshank\" width=\"1024\" height=\"683\" \/><p id=\"caption-attachment-1961\" class=\"wp-caption-text\">Redshank Comum - Foto Peter Dedicoat<\/p><\/div>\n<p>A observa\u00e7\u00e3o e o contacto com a natureza s\u00e3o um verdadeiro b\u00e1lsamo com in\u00fameros benef\u00edcios!<\/p>\n<p>As notas do percurso foram elaboradas para ser um guia de campo simples e f\u00e1cil de usar para todos que gostam de observar p\u00e1ssaros em seu habitat natural. Cada percurso \u00e9 acompanhado por um mapa e uma descri\u00e7\u00e3o de como l\u00e1 chegar, das esp\u00e9cies mais interessantes que a\u00ed podem ser encontradas e v\u00e1rias dicas sobre a melhor forma de visitar.<\/p>\n<p>Garantiremos que voc\u00ea tenha uma experi\u00eancia inesquec\u00edvel, sem busca demorada por lugares para se hospedar, sem pesquisa sobre os melhores locais para observa\u00e7\u00e3o de p\u00e1ssaros - nossos passeios s\u00e3o completos e, acima de tudo, perfeitamente planejados e organizados! O passeio foi projetado para ser apreciado independentemente do seu n\u00edvel de habilidade e especializa\u00e7\u00e3o em observa\u00e7\u00e3o de p\u00e1ssaros.<\/p>\n<div class=\"row\">\n<div class=\"column\" style=\"flex: 45%\">\n<p><iframe loading=\"lazy\" title=\"Castro marim\" width=\"1080\" height=\"608\" src=\"https:\/\/www.youtube.com\/embed\/sbJjXvbNWho?list=PL_6Umd8jb1qvBUfpmdNirAfZNGPDknjjw\" frameborder=\"0\" allow=\"accelerometer; autoplay; clipboard-write; encrypted-media; gyroscope; picture-in-picture\" allowfullscreen><\/iframe><\/p>\n<\/div>\n<div class=\"column\" style=\"flex: 10%\"><\/div>\n<div class=\"column\" style=\"flex: 45%\">\n<p><iframe loading=\"lazy\" title=\"LPN | Centro de Educa\u00e7\u00e3o Ambiental do Vale Gon\u00e7alinho e a estepe cereal\u00edfera de Castro Verde\" width=\"1080\" height=\"608\" src=\"https:\/\/www.youtube.com\/embed\/FW0VbEbC0cw?feature=oembed\" frameborder=\"0\" allow=\"accelerometer; autoplay; clipboard-write; encrypted-media; gyroscope; picture-in-picture\" allowfullscreen><\/iframe><\/p>\n<\/div>\n<\/div>\n<p><iframe loading=\"lazy\" title=\"LPN | CEAVG - Centro de Educa\u00e7\u00e3o Ambiental do Vale Gon\u00e7alinho_Video Institucional PT\" width=\"1080\" height=\"608\" src=\"https:\/\/www.youtube.com\/embed\/EkOB_oYZ5wQ?feature=oembed\" frameborder=\"0\" allow=\"accelerometer; autoplay; clipboard-write; encrypted-media; gyroscope; picture-in-picture\" allowfullscreen><\/iframe><\/p>","protected":false},"excerpt":{"rendered":"<p>Observa\u00e7\u00e3o de p\u00e1ssaros sob o c\u00e9u azul: A Aventura da Abetarda \u00e9 uma excurs\u00e3o aut\u00f4noma de observa\u00e7\u00e3o de p\u00e1ssaros, projetada por observadores de p\u00e1ssaros profissionais locais para ajud\u00e1-lo a ver o m\u00e1ximo poss\u00edvel da avifauna e da flora, incluindo a enigm\u00e1tica Abetarda! Para poder usufruir ao m\u00e1ximo deste passeio personalizado, ficar\u00e1 alojado no cora\u00e7\u00e3o de Monte Gordo, com f\u00e1cil acesso a uma riqueza de cen\u00e1rios de observa\u00e7\u00e3o de aves, para al\u00e9m da lista de vida de qualquer observador de p\u00e1ssaros!<\/p>","protected":false},"featured_media":7661,"comment_status":"closed","ping_status":"closed","template":"","meta":{"_acf_changed":false,"inline_featured_image":false},"product_brand":[],"product_cat":[327,778,301],"product_tag":[147,306,424,425,427,428,429,433,434,436,437,438,439,440,441,442,779,1000,160,313,443,444,445,446,447,449,162,397,450,60,451,452,453,454,455,168,169,456,319,328,780,777,781,322,457,173,465,324,68,177,325,326,458,459],"class_list":{"0":"post-8362","1":"product","2":"type-product","3":"status-publish","4":"has-post-thumbnail","6":"product_cat-self-drive-holidays-portugal","7":"product_cat-portugal-self-guided-birdwatching-holidays","8":"product_cat-self-guided-tours-portugal","9":"product_tag-algarve","10":"product_tag-alleine-reisen","11":"product_tag-best-birding-spots","12":"product_tag-best-of-the-algarvian-bird-life","13":"product_tag-bird-watching-tours","14":"product_tag-bird-watching","15":"product_tag-birding","16":"product_tag-birdwatching","17":"product_tag-birdwatching-algarve","18":"product_tag-black-tailed-godwits","19":"product_tag-black-winged-kite","20":"product_tag-blackheaded-weaver","21":"product_tag-booted-eagles","22":"product_tag-collared-pratincole","23":"product_tag-european-bee-eater","24":"product_tag-ferruginous-duck","25":"product_tag-fly-drive","26":"product_tag-great-bustard","27":"product_tag-holidays","28":"product_tag-individuelle-touren","29":"product_tag-kentish-plover","30":"product_tag-little-bittern","31":"product_tag-little-stints","32":"product_tag-little-tern","33":"product_tag-marsh-harriers","34":"product_tag-nature-observation","35":"product_tag-nature-walks","36":"product_tag-observe-birds","37":"product_tag-penduline-tits","38":"product_tag-portugal","39":"product_tag-purple-heron","40":"product_tag-purple-swamp-hen","41":"product_tag-ramsar","42":"product_tag-red-crested-pochard","43":"product_tag-red-necked-nightjar","44":"product_tag-ria-formosa","45":"product_tag-ria-formosa-natural-park","46":"product_tag-ringed-plovers","47":"product_tag-sejour-en-liberte","48":"product_tag-self-guided","49":"product_tag-self-guided-birdwatching","50":"product_tag-self-guided-holidays","51":"product_tag-self-guided-tours","52":"product_tag-solo-reisen","53":"product_tag-southern-grey-shrikes","54":"product_tag-sunny-winters","55":"product_tag-top-class-birding","56":"product_tag-tours-autoguidees","57":"product_tag-tours-in-portugal","58":"product_tag-vacations","59":"product_tag-voyage-en-liberte","60":"product_tag-voyages-en-autonomie","61":"product_tag-wintering-birds","62":"product_tag-woodchat","64":"first","65":"instock","66":"virtual","67":"product-type-simple"},"acf":[],"yoast_head":"<!-- This site is optimized with the Yoast SEO Premium plugin v26.8 (Yoast SEO v27.5) - https:\/\/yoast.com\/product\/yoast-seo-premium-wordpress\/ -->\n<title>Birding Holidays Under Blue Skyes: The Great Bustard Adventure - Legendary Adventure DMC Portugal<\/title>\n<meta name=\"description\" content=\"A personalised Self-Drive Birdwatching tour with easy access to the region&#039;s best birding spots. Includes a trip to see the enigmatic Great Bustard!\" \/>\n<meta name=\"robots\" content=\"index, follow, max-snippet:-1, max-image-preview:large, max-video-preview:-1\" \/>\n<link rel=\"canonical\" href=\"https:\/\/legendatours.com\/pt\/produto\/birding-under-blue-skyes-the-great-bustard-adventure-fly-drive-3201s\/\" \/>\n<meta property=\"og:locale\" content=\"pt_PT\" \/>\n<meta property=\"og:type\" content=\"article\" \/>\n<meta property=\"og:title\" content=\"Birding Holidays Under Blue Skyes: The Great Bustard Adventure\" \/>\n<meta property=\"og:description\" content=\"A personalised Self-Drive Birdwatching tour with easy access to the region&#039;s best birding spots. Includes a trip to see the enigmatic Great Bustard!\" \/>\n<meta property=\"og:url\" content=\"https:\/\/legendatours.com\/pt\/produto\/birding-under-blue-skyes-the-great-bustard-adventure-fly-drive-3201s\/\" \/>\n<meta property=\"og:site_name\" content=\"Legendary Adventure DMC Portugal\" \/>\n<meta property=\"article:publisher\" content=\"https:\/\/www.facebook.com\/legendaryadventuredmc\/\" \/>\n<meta property=\"article:modified_time\" content=\"2025-03-03T17:18:22+00:00\" \/>\n<meta property=\"og:image\" content=\"https:\/\/legendatours.com\/wp-content\/uploads\/sites\/12\/2021\/04\/Great_bustard_birdwatching-e1611676653444.jpg\" \/>\n\t<meta property=\"og:image:width\" content=\"1024\" \/>\n\t<meta property=\"og:image:height\" content=\"672\" \/>\n\t<meta property=\"og:image:type\" content=\"image\/jpeg\" \/>\n<meta name=\"twitter:card\" content=\"summary_large_image\" \/>\n<meta name=\"twitter:label1\" content=\"Tempo estimado de leitura\" \/>\n\t<meta name=\"twitter:data1\" content=\"4 minutos\" \/>\n<script type=\"application\/ld+json\" class=\"yoast-schema-graph\">{\"@context\":\"https:\\\/\\\/schema.org\",\"@graph\":[{\"@type\":\"WebPage\",\"@id\":\"https:\\\/\\\/legendatours.com\\\/product\\\/birding-under-blue-skyes-the-great-bustard-adventure-fly-drive-3201s\\\/\",\"url\":\"https:\\\/\\\/legendatours.com\\\/product\\\/birding-under-blue-skyes-the-great-bustard-adventure-fly-drive-3201s\\\/\",\"name\":\"Birding Holidays Under Blue Skyes: The Great Bustard Adventure - Legendary Adventure DMC Portugal\",\"isPartOf\":{\"@id\":\"https:\\\/\\\/legendatours.com\\\/#website\"},\"primaryImageOfPage\":{\"@id\":\"https:\\\/\\\/legendatours.com\\\/product\\\/birding-under-blue-skyes-the-great-bustard-adventure-fly-drive-3201s\\\/#primaryimage\"},\"image\":{\"@id\":\"https:\\\/\\\/legendatours.com\\\/product\\\/birding-under-blue-skyes-the-great-bustard-adventure-fly-drive-3201s\\\/#primaryimage\"},\"thumbnailUrl\":\"https:\\\/\\\/legendatours.com\\\/wp-content\\\/uploads\\\/sites\\\/12\\\/2021\\\/04\\\/Great_bustard_birdwatching-e1611676653444.jpg\",\"datePublished\":\"2020-03-06T15:03:11+00:00\",\"dateModified\":\"2025-03-03T17:18:22+00:00\",\"description\":\"A personalised Self-Drive Birdwatching tour with easy access to the region's best birding spots. Includes a trip to see the enigmatic Great Bustard!\",\"breadcrumb\":{\"@id\":\"https:\\\/\\\/legendatours.com\\\/product\\\/birding-under-blue-skyes-the-great-bustard-adventure-fly-drive-3201s\\\/#breadcrumb\"},\"inLanguage\":\"pt-PT\",\"potentialAction\":[{\"@type\":\"ReadAction\",\"target\":[\"https:\\\/\\\/legendatours.com\\\/product\\\/birding-under-blue-skyes-the-great-bustard-adventure-fly-drive-3201s\\\/\"]}]},{\"@type\":\"ImageObject\",\"inLanguage\":\"pt-PT\",\"@id\":\"https:\\\/\\\/legendatours.com\\\/product\\\/birding-under-blue-skyes-the-great-bustard-adventure-fly-drive-3201s\\\/#primaryimage\",\"url\":\"https:\\\/\\\/legendatours.com\\\/wp-content\\\/uploads\\\/sites\\\/12\\\/2021\\\/04\\\/Great_bustard_birdwatching-e1611676653444.jpg\",\"contentUrl\":\"https:\\\/\\\/legendatours.com\\\/wp-content\\\/uploads\\\/sites\\\/12\\\/2021\\\/04\\\/Great_bustard_birdwatching-e1611676653444.jpg\",\"width\":1024,\"height\":672,\"caption\":\"Birdwatching - looking for the Great Bustard\"},{\"@type\":\"BreadcrumbList\",\"@id\":\"https:\\\/\\\/legendatours.com\\\/product\\\/birding-under-blue-skyes-the-great-bustard-adventure-fly-drive-3201s\\\/#breadcrumb\",\"itemListElement\":[{\"@type\":\"ListItem\",\"position\":1,\"name\":\"Home\",\"item\":\"https:\\\/\\\/legendatours.com\\\/\"},{\"@type\":\"ListItem\",\"position\":2,\"name\":\"Shop\",\"item\":\"https:\\\/\\\/legendatours.com\\\/sv\\\/?page_id=4\"},{\"@type\":\"ListItem\",\"position\":3,\"name\":\"Birding Under Blue Skies: The Great Bustard Adventure is a Self-Guided Tour with Car, designed by professional local birders to help you see as much of the avifauna and flora as possible, including the enigmatic Great Bustard! In order to fully enjoy this personalised tour, you\u2019ll be lodged in the heart of Monte Gordo, with easy access to a wealth of bird observation settings, beyond any birder\u2019s life list!\"}]},{\"@type\":\"WebSite\",\"@id\":\"https:\\\/\\\/legendatours.com\\\/#website\",\"url\":\"https:\\\/\\\/legendatours.com\\\/\",\"name\":\"Legendary Adventure DMC Portugal\",\"description\":\"Responsible Walking &amp; Nature Holidays in Portugal\",\"publisher\":{\"@id\":\"https:\\\/\\\/legendatours.com\\\/#organization\"},\"alternateName\":\"Legendary Adventure Portugal\",\"potentialAction\":[{\"@type\":\"SearchAction\",\"target\":{\"@type\":\"EntryPoint\",\"urlTemplate\":\"https:\\\/\\\/legendatours.com\\\/?s={search_term_string}\"},\"query-input\":{\"@type\":\"PropertyValueSpecification\",\"valueRequired\":true,\"valueName\":\"search_term_string\"}}],\"inLanguage\":\"pt-PT\"},{\"@type\":\"Organization\",\"@id\":\"https:\\\/\\\/legendatours.com\\\/#organization\",\"name\":\"legendatours.com\",\"url\":\"https:\\\/\\\/legendatours.com\\\/\",\"logo\":{\"@type\":\"ImageObject\",\"inLanguage\":\"pt-PT\",\"@id\":\"https:\\\/\\\/legendatours.com\\\/#\\\/schema\\\/logo\\\/image\\\/\",\"url\":\"https:\\\/\\\/legendatours.com\\\/wp-content\\\/uploads\\\/sites\\\/12\\\/2021\\\/06\\\/legendary_adventure_dmc.png\",\"contentUrl\":\"https:\\\/\\\/legendatours.com\\\/wp-content\\\/uploads\\\/sites\\\/12\\\/2021\\\/06\\\/legendary_adventure_dmc.png\",\"width\":250,\"height\":74,\"caption\":\"legendatours.com\"},\"image\":{\"@id\":\"https:\\\/\\\/legendatours.com\\\/#\\\/schema\\\/logo\\\/image\\\/\"},\"sameAs\":[\"https:\\\/\\\/www.facebook.com\\\/legendaryadventuredmc\\\/\",\"https:\\\/\\\/www.linkedin.com\\\/company\\\/legendary-adventure-dmc-portugal\",\"https:\\\/\\\/www.youtube.com\\\/channel\\\/UCOIRDx_KM6ynIcacQkZjb6g\"]}]}<\/script>\n<!-- \/ Yoast SEO Premium plugin. -->","yoast_head_json":{"title":"Birding Holidays Under Blue Skyes: The Great Bustard Adventure - Legendary Adventure DMC Portugal","description":"Um passeio personalizado de Self-Drive Birdwatching com f\u00e1cil acesso aos melhores pontos de observa\u00e7\u00e3o de p\u00e1ssaros da regi\u00e3o. Inclui uma viagem para ver a enigm\u00e1tica Abetarda!","robots":{"index":"index","follow":"follow","max-snippet":"max-snippet:-1","max-image-preview":"max-image-preview:large","max-video-preview":"max-video-preview:-1"},"canonical":"https:\/\/legendatours.com\/pt\/produto\/birding-under-blue-skyes-the-great-bustard-adventure-fly-drive-3201s\/","og_locale":"pt_PT","og_type":"article","og_title":"Birding Holidays Under Blue Skyes: The Great Bustard Adventure","og_description":"A personalised Self-Drive Birdwatching tour with easy access to the region's best birding spots. Includes a trip to see the enigmatic Great Bustard!","og_url":"https:\/\/legendatours.com\/pt\/produto\/birding-under-blue-skyes-the-great-bustard-adventure-fly-drive-3201s\/","og_site_name":"Legendary Adventure DMC Portugal","article_publisher":"https:\/\/www.facebook.com\/legendaryadventuredmc\/","article_modified_time":"2025-03-03T17:18:22+00:00","og_image":[{"width":1024,"height":672,"url":"https:\/\/legendatours.com\/wp-content\/uploads\/sites\/12\/2021\/04\/Great_bustard_birdwatching-e1611676653444.jpg","type":"image\/jpeg"}],"twitter_card":"summary_large_image","twitter_misc":{"Tempo estimado de leitura":"4 minutos"},"schema":{"@context":"https:\/\/schema.org","@graph":[{"@type":"WebPage","@id":"https:\/\/legendatours.com\/product\/birding-under-blue-skyes-the-great-bustard-adventure-fly-drive-3201s\/","url":"https:\/\/legendatours.com\/product\/birding-under-blue-skyes-the-great-bustard-adventure-fly-drive-3201s\/","name":"Birding Holidays Under Blue Skyes: The Great Bustard Adventure - Legendary Adventure DMC Portugal","isPartOf":{"@id":"https:\/\/legendatours.com\/#website"},"primaryImageOfPage":{"@id":"https:\/\/legendatours.com\/product\/birding-under-blue-skyes-the-great-bustard-adventure-fly-drive-3201s\/#primaryimage"},"image":{"@id":"https:\/\/legendatours.com\/product\/birding-under-blue-skyes-the-great-bustard-adventure-fly-drive-3201s\/#primaryimage"},"thumbnailUrl":"https:\/\/legendatours.com\/wp-content\/uploads\/sites\/12\/2021\/04\/Great_bustard_birdwatching-e1611676653444.jpg","datePublished":"2020-03-06T15:03:11+00:00","dateModified":"2025-03-03T17:18:22+00:00","description":"Um passeio personalizado de Self-Drive Birdwatching com f\u00e1cil acesso aos melhores pontos de observa\u00e7\u00e3o de p\u00e1ssaros da regi\u00e3o. Inclui uma viagem para ver a enigm\u00e1tica Abetarda!","breadcrumb":{"@id":"https:\/\/legendatours.com\/product\/birding-under-blue-skyes-the-great-bustard-adventure-fly-drive-3201s\/#breadcrumb"},"inLanguage":"pt-PT","potentialAction":[{"@type":"ReadAction","target":["https:\/\/legendatours.com\/product\/birding-under-blue-skyes-the-great-bustard-adventure-fly-drive-3201s\/"]}]},{"@type":"ImageObject","inLanguage":"pt-PT","@id":"https:\/\/legendatours.com\/product\/birding-under-blue-skyes-the-great-bustard-adventure-fly-drive-3201s\/#primaryimage","url":"https:\/\/legendatours.com\/wp-content\/uploads\/sites\/12\/2021\/04\/Great_bustard_birdwatching-e1611676653444.jpg","contentUrl":"https:\/\/legendatours.com\/wp-content\/uploads\/sites\/12\/2021\/04\/Great_bustard_birdwatching-e1611676653444.jpg","width":1024,"height":672,"caption":"Birdwatching - looking for the Great Bustard"},{"@type":"BreadcrumbList","@id":"https:\/\/legendatours.com\/product\/birding-under-blue-skyes-the-great-bustard-adventure-fly-drive-3201s\/#breadcrumb","itemListElement":[{"@type":"ListItem","position":1,"name":"Home","item":"https:\/\/legendatours.com\/"},{"@type":"ListItem","position":2,"name":"Shop","item":"https:\/\/legendatours.com\/sv\/?page_id=4"},{"@type":"ListItem","position":3,"name":"Birding Under Blue Skies: The Great Bustard Adventure is a Self-Guided Tour with Car, designed by professional local birders to help you see as much of the avifauna and flora as possible, including the enigmatic Great Bustard! In order to fully enjoy this personalised tour, you\u2019ll be lodged in the heart of Monte Gordo, with easy access to a wealth of bird observation settings, beyond any birder\u2019s life list!"}]},{"@type":"WebSite","@id":"https:\/\/legendatours.com\/#website","url":"https:\/\/legendatours.com\/","name":"Legendary Adventure DMC Portugal","description":"Caminhadas e F\u00e9rias na Natureza Respons\u00e1veis em Portugal","publisher":{"@id":"https:\/\/legendatours.com\/#organization"},"alternateName":"Legendary Adventure Portugal","potentialAction":[{"@type":"SearchAction","target":{"@type":"EntryPoint","urlTemplate":"https:\/\/legendatours.com\/?s={search_term_string}"},"query-input":{"@type":"PropertyValueSpecification","valueRequired":true,"valueName":"search_term_string"}}],"inLanguage":"pt-PT"},{"@type":"Organization","@id":"https:\/\/legendatours.com\/#organization","name":"legendatours.com","url":"https:\/\/legendatours.com\/","logo":{"@type":"ImageObject","inLanguage":"pt-PT","@id":"https:\/\/legendatours.com\/#\/schema\/logo\/image\/","url":"https:\/\/legendatours.com\/wp-content\/uploads\/sites\/12\/2021\/06\/legendary_adventure_dmc.png","contentUrl":"https:\/\/legendatours.com\/wp-content\/uploads\/sites\/12\/2021\/06\/legendary_adventure_dmc.png","width":250,"height":74,"caption":"legendatours.com"},"image":{"@id":"https:\/\/legendatours.com\/#\/schema\/logo\/image\/"},"sameAs":["https:\/\/www.facebook.com\/legendaryadventuredmc\/","https:\/\/www.linkedin.com\/company\/legendary-adventure-dmc-portugal","https:\/\/www.youtube.com\/channel\/UCOIRDx_KM6ynIcacQkZjb6g"]}]}},"_links":{"self":[{"href":"https:\/\/legendatours.com\/pt\/wp-json\/wp\/v2\/product\/8362","targetHints":{"allow":["GET"]}}],"collection":[{"href":"https:\/\/legendatours.com\/pt\/wp-json\/wp\/v2\/product"}],"about":[{"href":"https:\/\/legendatours.com\/pt\/wp-json\/wp\/v2\/types\/product"}],"replies":[{"embeddable":true,"href":"https:\/\/legendatours.com\/pt\/wp-json\/wp\/v2\/comments?post=8362"}],"wp:featuredmedia":[{"embeddable":true,"href":"https:\/\/legendatours.com\/pt\/wp-json\/wp\/v2\/media\/7661"}],"wp:attachment":[{"href":"https:\/\/legendatours.com\/pt\/wp-json\/wp\/v2\/media?parent=8362"}],"wp:term":[{"taxonomy":"product_brand","embeddable":true,"href":"https:\/\/legendatours.com\/pt\/wp-json\/wp\/v2\/product_brand?post=8362"},{"taxonomy":"product_cat","embeddable":true,"href":"https:\/\/legendatours.com\/pt\/wp-json\/wp\/v2\/product_cat?post=8362"},{"taxonomy":"product_tag","embeddable":true,"href":"https:\/\/legendatours.com\/pt\/wp-json\/wp\/v2\/product_tag?post=8362"}],"curies":[{"name":"wp","href":"https:\/\/api.w.org\/{rel}","templated":true}]}}