{"id":8368,"date":"2020-03-06T15:02:14","date_gmt":"2020-03-06T15:02:14","guid":{"rendered":"https:\/\/legendatours.com\/product\/watching-the-blue-skies-of-monte-gordo-birdwatching-holiday\/"},"modified":"2025-03-03T17:18:50","modified_gmt":"2025-03-03T17:18:50","slug":"watching-the-blue-skies-of-monte-gordo-fly-drive-3200s","status":"publish","type":"product","link":"https:\/\/legendatours.com\/pt\/produto\/watching-the-blue-skies-of-monte-gordo-fly-drive-3200s\/","title":{"rendered":"F\u00e9rias de observa\u00e7\u00e3o de p\u00e1ssaros no c\u00e9u azul de Monte Gordo"},"content":{"rendered":"<p>Watching The Blue Skies Of Monte Gordo \u00e9 um passeio aut\u00f4nomo de observa\u00e7\u00e3o de p\u00e1ssaros de 5 dias, projetado por observadores de p\u00e1ssaros profissionais locais. O Algarve \u00e9 muito mais do que milhas de praias douradas, campos de golfe e um clima maravilhoso durante todo o ano! Ainda \u00e9 um destino desconhecido para a observa\u00e7\u00e3o de grandes p\u00e1ssaros e, em quase qualquer \u00e9poca do ano, h\u00e1 algo interessante para ver!<\/p>\n<p>Este \u00e9 um passeio de observa\u00e7\u00e3o de p\u00e1ssaros com base em algumas zonas h\u00famidas importantes do Algarve, incluindo o Parque Natural da Ria Formosa, o Estu\u00e1rio do Guadiana e a Reserva Natural de Castro Marim, e conta com uma excurs\u00e3o ao Alentejo, para observa\u00e7\u00e3o da evasiva Abetarda, uma dos p\u00e1ssaros mais pesados do mundo.<\/p>\n<div id=\"attachment_1961\" style=\"width: 1034px\" class=\"wp-caption alignnone\"><img loading=\"lazy\" decoding=\"async\" aria-describedby=\"caption-attachment-1961\" class=\"wp-image-1961 size-large\" title=\"Redshank comum\" src=\"https:\/\/legendatours.net\/wp-content\/uploads\/2020\/03\/Common-Redshank-1024x683.jpg\" alt=\"Common Redshank\" width=\"1024\" height=\"683\" \/><p id=\"caption-attachment-1961\" class=\"wp-caption-text\">Redshank Comum - Foto Peter Dedicoat<\/p><\/div>\n<p>O passeio foi planejado para ajud\u00e1-lo a ver o m\u00e1ximo poss\u00edvel da avifauna e da flora, com instru\u00e7\u00f5es e notas de rota cuidadosamente detalhadas.<\/p>\n<p>O Parque Natural da Ria Formosa assume particular import\u00e2ncia como local de invernada para muitas aves do norte da Europa e como local de repouso e alimenta\u00e7\u00e3o para as aves que migram entre a \u00c1frica e a Europa. A Ria consiste em lagoas costeiras, vastas \u00e1reas de plan\u00edcies de mar\u00e9, sapais e salinas que s\u00e3o cercadas por um cintur\u00e3o de ilhas e pen\u00ednsulas de dunas de areia.<\/p>\n<div id=\"attachment_1708\" style=\"width: 1034px\" class=\"wp-caption alignnone\"><img loading=\"lazy\" decoding=\"async\" aria-describedby=\"caption-attachment-1708\" class=\"wp-image-1708 size-large\" title=\"Tarambola de Kent para observa\u00e7\u00e3o de p\u00e1ssaros\" src=\"https:\/\/legendatours.net\/wp-content\/uploads\/2020\/05\/Birdwatching-Tavira-Kentish-Plover-1024x683.jpg\" alt=\"Birdwatching Kentish Plover\" width=\"1024\" height=\"683\" \/><p id=\"caption-attachment-1708\" class=\"wp-caption-text\">Tarambola de Kentish para observa\u00e7\u00e3o de p\u00e1ssaros - Foto Peter Dedicoat<\/p><\/div>\n<p>A \u00e1rea tamb\u00e9m est\u00e1 classificada pela Conven\u00e7\u00e3o de Ramsar como Zona \u00damida de Import\u00e2ncia Internacional e como \u00c1rea de Prote\u00e7\u00e3o Especial de acordo com a Diretiva da UE sobre Conserva\u00e7\u00e3o de Aves Selvagens.<\/p>\n<p>Entre outras esp\u00e9cies, voc\u00ea pode encontrar Godwits-de-cauda-preta, Tarambola-anelada, Little Stints, Little Bittern, P\u00e2ntano-galinha-roxa, Gar\u00e7a-real-roxa, Pochard-de-crista-vermelha, Pratincole-coleira, Tarambola-de-Kent, Abelharuco-comum, Nightjar-de-pesco\u00e7o-ruivo, Woodchat, e Southern Grey Shrikes e Little Tern. Marsh Harriers s\u00e3o residentes, assim como um pequeno n\u00famero de Booted Eagles, agora uma vis\u00e3o regular no inverno. Onde, na temporada, podem ser encontrados o pato ferruginoso, a gar\u00e7a-roxa, o papagaio-de-asa-preta, os seios pendulinos e a tecel\u00e3-de-cabe\u00e7a-preta.<\/p>\n<p>Nascido na serra espanhola, o rio Guadiana marca a fronteira entre Portugal e Espanha e serpenteia por montes recobertos de esteva, oliveira, alfarroba e amendoeira, e pelas tradicionais casas de xisto. A \u00e1rea abriga in\u00fameras esp\u00e9cies da fauna e da flora.<\/p>\n<div id=\"attachment_1730\" style=\"width: 1034px\" class=\"wp-caption alignnone\"><img loading=\"lazy\" decoding=\"async\" aria-describedby=\"caption-attachment-1730\" class=\"wp-image-1730 size-large\" title=\"Colhereiro\" src=\"https:\/\/legendatours.net\/wp-content\/uploads\/2020\/03\/Spoonbill-1-1024x683.jpg\" alt=\"Spoonbill\" width=\"1024\" height=\"683\" \/><p id=\"caption-attachment-1730\" class=\"wp-caption-text\">Colhereiro - Foto Peter Dedicoat<\/p><\/div>\n<p>A leste de Monte Gordo, a Reserva Natural de Castro Marim oferece aos visitantes a oportunidade de avistar pintassilgos europeus, trepadeiras e toutinegras da Sardenha, s\u00f3 para citar alguns.<\/p>\n<p>Nas salinas \u00e9 poss\u00edvel observar v\u00e1rias esp\u00e9cies de aves aqu\u00e1ticas, incluindo a Gaivota-de-Audouin, a Andorinha-do-mar, a Pratincole-coleira e a Alv\u00e9ola-amarela (primavera \/ ver\u00e3o); Shelduck, Shoveler, Mergulh\u00e3o-de-pesco\u00e7o-preto e Andorinha-do-mar C\u00e1spio.<\/p>\n<p>Durante todo o ano \u00e9 poss\u00edvel encontrar Flamingos, Palafitas de Asas Negras, Colhereiros, Pernas-verdes e Alfinetes. Kingfisher \u00e9 regular neste local e, durante os tempos de migra\u00e7\u00e3o, Black Tern freq\u00fcentemente aparece.<\/p>\n<div id=\"attachment_1731\" style=\"width: 1034px\" class=\"wp-caption alignnone\"><img loading=\"lazy\" decoding=\"async\" aria-describedby=\"caption-attachment-1731\" class=\"wp-image-1731 size-large\" title=\"Patos tufados\" src=\"https:\/\/legendatours.net\/wp-content\/uploads\/2020\/03\/Tufted-Ducks-1024x683.jpg\" alt=\"Tufted Ducks\" width=\"1024\" height=\"683\" \/><p id=\"caption-attachment-1731\" class=\"wp-caption-text\">Tufted Ducks - Foto Peter Dedicoat<\/p><\/div>\n<p>Este passeio autoguiado de observa\u00e7\u00e3o de aves permitir\u00e1 que voc\u00ea aproveite o seu tempo e se dedique \u00e0s atividades de sua prefer\u00eancia, desde o simples prazer de observar as aves em seus habitats naturais; fotografia de natureza em geral e fotografia de p\u00e1ssaros em particular; pintura e ilustra\u00e7\u00e3o; pesquisa cient\u00edfica; a busca de raridades (espasmos), etc.<\/p>\n<p>A observa\u00e7\u00e3o e o contacto com a natureza s\u00e3o um verdadeiro b\u00e1lsamo com in\u00fameros benef\u00edcios!<\/p>\n<p>As notas do percurso foram elaboradas para ser um guia de campo simples e f\u00e1cil de usar para todos que gostam de observar p\u00e1ssaros em seu habitat natural. Cada roteiro \u00e9 acompanhado por um mapa e uma descri\u00e7\u00e3o de como chegar l\u00e1, das esp\u00e9cies mais interessantes que podem ser encontradas por l\u00e1 e v\u00e1rias dicas sobre a melhor forma de visitar.<\/p>\n<p>Garantiremos que voc\u00ea tenha uma experi\u00eancia inesquec\u00edvel, sem busca demorada por lugares para se hospedar, sem pesquisa sobre os melhores locais para observa\u00e7\u00e3o de p\u00e1ssaros - nossos passeios s\u00e3o completos e, acima de tudo, perfeitamente planejados e organizados! O passeio foi projetado para ser apreciado independentemente do seu n\u00edvel de habilidade e especializa\u00e7\u00e3o em observa\u00e7\u00e3o de p\u00e1ssaros.<\/p>\n<div class=\"row\">\n<div class=\"column\" style=\"flex: 45%\"><\/div>\n<div class=\"column\" style=\"flex: 10%\"><\/div>\n<div class=\"column\" style=\"flex: 45%\">\n<p><iframe loading=\"lazy\" title=\"Castro marim\" width=\"1080\" height=\"608\" src=\"https:\/\/www.youtube.com\/embed\/sbJjXvbNWho?list=PL_6Umd8jb1qvBUfpmdNirAfZNGPDknjjw\" frameborder=\"0\" allow=\"accelerometer; autoplay; clipboard-write; encrypted-media; gyroscope; picture-in-picture\" allowfullscreen><\/iframe><\/p>\n<\/div>\n<\/div>","protected":false},"excerpt":{"rendered":"<p>Watching The Blue Skies Of Monte Gordo \u00e9 um passeio aut\u00f4nomo de observa\u00e7\u00e3o de p\u00e1ssaros de 5 dias, projetado por observadores de p\u00e1ssaros profissionais locais. O Algarve \u00e9 muito mais do que milhas de praias douradas, campos de golfe e um clima maravilhoso durante todo o ano! Ainda \u00e9 um destino desconhecido para a observa\u00e7\u00e3o de grandes p\u00e1ssaros e, em quase qualquer \u00e9poca do ano, h\u00e1 algo interessante para ver!<\/p>","protected":false},"featured_media":7679,"comment_status":"closed","ping_status":"closed","template":"","meta":{"_acf_changed":false,"inline_featured_image":false},"product_brand":[],"product_cat":[327,778,301],"product_tag":[147,306,1001,424,428,429,431,432,433,1002,1003,436,437,1004,438,439,461,1005,440,441,442,877,779,1000,1006,160,313,443,1007,1008,444,445,446,447,1009,449,162,925,450,60,451,452,453,454,455,168,169,480,456,904,1010,170,319,804,328,780,777,781,322,457,910,173,174,324,68,177,325,326,458,459],"class_list":{"0":"post-8368","1":"product","2":"type-product","3":"status-publish","4":"has-post-thumbnail","6":"product_cat-self-drive-holidays-portugal","7":"product_cat-portugal-self-guided-birdwatching-holidays","8":"product_cat-self-guided-tours-portugal","9":"product_tag-algarve","10":"product_tag-alleine-reisen","11":"product_tag-avocets","12":"product_tag-best-birding-spots","13":"product_tag-bird-watching","14":"product_tag-birding","15":"product_tag-birds","16":"product_tag-birdwatchers-paradise","17":"product_tag-birdwatching","18":"product_tag-black-kite","19":"product_tag-black-tern","20":"product_tag-black-tailed-godwits","21":"product_tag-black-winged-kite","22":"product_tag-black-winged-stilts","23":"product_tag-blackheaded-weaver","24":"product_tag-booted-eagles","25":"product_tag-castro-marim-nature-reserve","26":"product_tag-castro-verde","27":"product_tag-collared-pratincole","28":"product_tag-european-bee-eater","29":"product_tag-ferruginous-duck","30":"product_tag-flamingos","31":"product_tag-fly-drive","32":"product_tag-great-bustard","33":"product_tag-greenshanks","34":"product_tag-holidays","35":"product_tag-individuelle-touren","36":"product_tag-kentish-plover","37":"product_tag-kingfisher","38":"product_tag-lesser-black-backs","39":"product_tag-little-bittern","40":"product_tag-little-stints","41":"product_tag-little-tern","42":"product_tag-marsh-harriers","43":"product_tag-migration-times","44":"product_tag-nature-observation","45":"product_tag-nature-walks","46":"product_tag-olhao","47":"product_tag-penduline-tits","48":"product_tag-portugal","49":"product_tag-purple-heron","50":"product_tag-purple-swamp-hen","51":"product_tag-ramsar","52":"product_tag-red-crested-pochard","53":"product_tag-red-necked-nightjar","54":"product_tag-ria-formosa","55":"product_tag-ria-formosa-natural-park","56":"product_tag-ria-formosa-natural-reserve","57":"product_tag-ringed-plovers","58":"product_tag-salt-pans","59":"product_tag-saltmarsh","60":"product_tag-santa-luzia","61":"product_tag-sejour-en-liberte","62":"product_tag-self-drive-holiday","63":"product_tag-self-guided","64":"product_tag-self-guided-birdwatching","65":"product_tag-self-guided-holidays","66":"product_tag-self-guided-tours","67":"product_tag-solo-reisen","68":"product_tag-southern-grey-shrikes","69":"product_tag-spoonbills","70":"product_tag-sunny-winters","71":"product_tag-tavira","72":"product_tag-tours-autoguidees","73":"product_tag-tours-in-portugal","74":"product_tag-vacations","75":"product_tag-voyage-en-liberte","76":"product_tag-voyages-en-autonomie","77":"product_tag-wintering-birds","78":"product_tag-woodchat","80":"first","81":"instock","82":"virtual","83":"product-type-simple"},"acf":[],"yoast_head":"<!-- This site is optimized with the Yoast SEO Premium plugin v26.8 (Yoast SEO v27.4) - https:\/\/yoast.com\/product\/yoast-seo-premium-wordpress\/ -->\n<title>Watching The Blue Skies Of Monte Gordo Birdwatching Holiday - Legendary Adventure DMC Portugal<\/title>\n<meta name=\"description\" content=\"A self-drive birdwtaching adventure in important wetlands areas of the Algarve, like the Ria Formosa. Includes a trip to observe the elusive Great Bustard.\" \/>\n<meta name=\"robots\" content=\"index, follow, max-snippet:-1, max-image-preview:large, max-video-preview:-1\" \/>\n<link rel=\"canonical\" href=\"https:\/\/legendatours.com\/pt\/produto\/watching-the-blue-skies-of-monte-gordo-fly-drive-3200s\/\" \/>\n<meta property=\"og:locale\" content=\"pt_PT\" \/>\n<meta property=\"og:type\" content=\"article\" \/>\n<meta property=\"og:title\" content=\"Watching The Blue Skies Of Monte Gordo Birdwatching Holiday\" \/>\n<meta property=\"og:description\" content=\"A self-drive birdwtaching adventure in important wetlands areas of the Algarve, like the Ria Formosa. Includes a trip to observe the elusive Great Bustard.\" \/>\n<meta property=\"og:url\" content=\"https:\/\/legendatours.com\/pt\/produto\/watching-the-blue-skies-of-monte-gordo-fly-drive-3200s\/\" \/>\n<meta property=\"og:site_name\" content=\"Legendary Adventure DMC Portugal\" \/>\n<meta property=\"article:publisher\" content=\"https:\/\/www.facebook.com\/legendaryadventuredmc\/\" \/>\n<meta property=\"article:modified_time\" content=\"2025-03-03T17:18:50+00:00\" \/>\n<meta property=\"og:image\" content=\"https:\/\/legendatours.com\/wp-content\/uploads\/sites\/12\/2021\/04\/Birdwatching-Ria-Formosa-marshes-e1611672346399.jpg\" \/>\n\t<meta property=\"og:image:width\" content=\"1024\" \/>\n\t<meta property=\"og:image:height\" content=\"683\" \/>\n\t<meta property=\"og:image:type\" content=\"image\/jpeg\" \/>\n<meta name=\"twitter:card\" content=\"summary_large_image\" \/>\n<meta name=\"twitter:label1\" content=\"Tempo estimado de leitura\" \/>\n\t<meta name=\"twitter:data1\" content=\"3 minutos\" \/>\n<script type=\"application\/ld+json\" class=\"yoast-schema-graph\">{\"@context\":\"https:\\\/\\\/schema.org\",\"@graph\":[{\"@type\":\"WebPage\",\"@id\":\"https:\\\/\\\/legendatours.com\\\/product\\\/watching-the-blue-skies-of-monte-gordo-fly-drive-3200s\\\/\",\"url\":\"https:\\\/\\\/legendatours.com\\\/product\\\/watching-the-blue-skies-of-monte-gordo-fly-drive-3200s\\\/\",\"name\":\"Watching The Blue Skies Of Monte Gordo Birdwatching Holiday - Legendary Adventure DMC Portugal\",\"isPartOf\":{\"@id\":\"https:\\\/\\\/legendatours.com\\\/#website\"},\"primaryImageOfPage\":{\"@id\":\"https:\\\/\\\/legendatours.com\\\/product\\\/watching-the-blue-skies-of-monte-gordo-fly-drive-3200s\\\/#primaryimage\"},\"image\":{\"@id\":\"https:\\\/\\\/legendatours.com\\\/product\\\/watching-the-blue-skies-of-monte-gordo-fly-drive-3200s\\\/#primaryimage\"},\"thumbnailUrl\":\"https:\\\/\\\/legendatours.com\\\/wp-content\\\/uploads\\\/sites\\\/12\\\/2021\\\/04\\\/Birdwatching-Ria-Formosa-marshes-e1611672346399.jpg\",\"datePublished\":\"2020-03-06T15:02:14+00:00\",\"dateModified\":\"2025-03-03T17:18:50+00:00\",\"description\":\"A self-drive birdwtaching adventure in important wetlands areas of the Algarve, like the Ria Formosa. Includes a trip to observe the elusive Great Bustard.\",\"breadcrumb\":{\"@id\":\"https:\\\/\\\/legendatours.com\\\/product\\\/watching-the-blue-skies-of-monte-gordo-fly-drive-3200s\\\/#breadcrumb\"},\"inLanguage\":\"pt-PT\",\"potentialAction\":[{\"@type\":\"ReadAction\",\"target\":[\"https:\\\/\\\/legendatours.com\\\/product\\\/watching-the-blue-skies-of-monte-gordo-fly-drive-3200s\\\/\"]}]},{\"@type\":\"ImageObject\",\"inLanguage\":\"pt-PT\",\"@id\":\"https:\\\/\\\/legendatours.com\\\/product\\\/watching-the-blue-skies-of-monte-gordo-fly-drive-3200s\\\/#primaryimage\",\"url\":\"https:\\\/\\\/legendatours.com\\\/wp-content\\\/uploads\\\/sites\\\/12\\\/2021\\\/04\\\/Birdwatching-Ria-Formosa-marshes-e1611672346399.jpg\",\"contentUrl\":\"https:\\\/\\\/legendatours.com\\\/wp-content\\\/uploads\\\/sites\\\/12\\\/2021\\\/04\\\/Birdwatching-Ria-Formosa-marshes-e1611672346399.jpg\",\"width\":1024,\"height\":683,\"caption\":\"Birdwatching Ria Formosa marshes\"},{\"@type\":\"BreadcrumbList\",\"@id\":\"https:\\\/\\\/legendatours.com\\\/product\\\/watching-the-blue-skies-of-monte-gordo-fly-drive-3200s\\\/#breadcrumb\",\"itemListElement\":[{\"@type\":\"ListItem\",\"position\":1,\"name\":\"Home\",\"item\":\"https:\\\/\\\/legendatours.com\\\/\"},{\"@type\":\"ListItem\",\"position\":2,\"name\":\"Shop\",\"item\":\"https:\\\/\\\/legendatours.com\\\/sv\\\/?page_id=4\"},{\"@type\":\"ListItem\",\"position\":3,\"name\":\"Amongst these areas, the richness of bird observations is beyond any birder\u2019s life list\u00b4s dream and prepare your checklist to tick off the enigmatic Great Bustard, a Nemesis Bird for most birders! From Oystercatchers, Avocets, Dunlins, Little Stint and Black-winged Stilts, to Curlew Sandpiper, Red Knot or Ruff, our ponds and pools are shared by common species like Wigeon, Sholever, Pintail and Pochard or Greater Flamingo, Glossy\"}]},{\"@type\":\"WebSite\",\"@id\":\"https:\\\/\\\/legendatours.com\\\/#website\",\"url\":\"https:\\\/\\\/legendatours.com\\\/\",\"name\":\"Legendary Adventure DMC Portugal\",\"description\":\"Responsible Walking &amp; Nature Holidays in Portugal\",\"publisher\":{\"@id\":\"https:\\\/\\\/legendatours.com\\\/#organization\"},\"alternateName\":\"Legendary Adventure Portugal\",\"potentialAction\":[{\"@type\":\"SearchAction\",\"target\":{\"@type\":\"EntryPoint\",\"urlTemplate\":\"https:\\\/\\\/legendatours.com\\\/?s={search_term_string}\"},\"query-input\":{\"@type\":\"PropertyValueSpecification\",\"valueRequired\":true,\"valueName\":\"search_term_string\"}}],\"inLanguage\":\"pt-PT\"},{\"@type\":\"Organization\",\"@id\":\"https:\\\/\\\/legendatours.com\\\/#organization\",\"name\":\"legendatours.com\",\"url\":\"https:\\\/\\\/legendatours.com\\\/\",\"logo\":{\"@type\":\"ImageObject\",\"inLanguage\":\"pt-PT\",\"@id\":\"https:\\\/\\\/legendatours.com\\\/#\\\/schema\\\/logo\\\/image\\\/\",\"url\":\"https:\\\/\\\/legendatours.com\\\/wp-content\\\/uploads\\\/sites\\\/12\\\/2021\\\/06\\\/legendary_adventure_dmc.png\",\"contentUrl\":\"https:\\\/\\\/legendatours.com\\\/wp-content\\\/uploads\\\/sites\\\/12\\\/2021\\\/06\\\/legendary_adventure_dmc.png\",\"width\":250,\"height\":74,\"caption\":\"legendatours.com\"},\"image\":{\"@id\":\"https:\\\/\\\/legendatours.com\\\/#\\\/schema\\\/logo\\\/image\\\/\"},\"sameAs\":[\"https:\\\/\\\/www.facebook.com\\\/legendaryadventuredmc\\\/\",\"https:\\\/\\\/www.linkedin.com\\\/company\\\/legendary-adventure-dmc-portugal\",\"https:\\\/\\\/www.youtube.com\\\/channel\\\/UCOIRDx_KM6ynIcacQkZjb6g\"]}]}<\/script>\n<!-- \/ Yoast SEO Premium plugin. -->","yoast_head_json":{"title":"F\u00e9rias de observa\u00e7\u00e3o de p\u00e1ssaros no c\u00e9u azul de Monte Gordo - Legendary Adventure DMC Portugal","description":"Uma aventura self-drive de birdwtaching em importantes zonas h\u00famidas do Algarve, como a Ria Formosa. Inclui uma viagem para observar a evasiva Abetarda.","robots":{"index":"index","follow":"follow","max-snippet":"max-snippet:-1","max-image-preview":"max-image-preview:large","max-video-preview":"max-video-preview:-1"},"canonical":"https:\/\/legendatours.com\/pt\/produto\/watching-the-blue-skies-of-monte-gordo-fly-drive-3200s\/","og_locale":"pt_PT","og_type":"article","og_title":"Watching The Blue Skies Of Monte Gordo Birdwatching Holiday","og_description":"A self-drive birdwtaching adventure in important wetlands areas of the Algarve, like the Ria Formosa. Includes a trip to observe the elusive Great Bustard.","og_url":"https:\/\/legendatours.com\/pt\/produto\/watching-the-blue-skies-of-monte-gordo-fly-drive-3200s\/","og_site_name":"Legendary Adventure DMC Portugal","article_publisher":"https:\/\/www.facebook.com\/legendaryadventuredmc\/","article_modified_time":"2025-03-03T17:18:50+00:00","og_image":[{"width":1024,"height":683,"url":"https:\/\/legendatours.com\/wp-content\/uploads\/sites\/12\/2021\/04\/Birdwatching-Ria-Formosa-marshes-e1611672346399.jpg","type":"image\/jpeg"}],"twitter_card":"summary_large_image","twitter_misc":{"Tempo estimado de leitura":"3 minutos"},"schema":{"@context":"https:\/\/schema.org","@graph":[{"@type":"WebPage","@id":"https:\/\/legendatours.com\/product\/watching-the-blue-skies-of-monte-gordo-fly-drive-3200s\/","url":"https:\/\/legendatours.com\/product\/watching-the-blue-skies-of-monte-gordo-fly-drive-3200s\/","name":"F\u00e9rias de observa\u00e7\u00e3o de p\u00e1ssaros no c\u00e9u azul de Monte Gordo - Legendary Adventure DMC Portugal","isPartOf":{"@id":"https:\/\/legendatours.com\/#website"},"primaryImageOfPage":{"@id":"https:\/\/legendatours.com\/product\/watching-the-blue-skies-of-monte-gordo-fly-drive-3200s\/#primaryimage"},"image":{"@id":"https:\/\/legendatours.com\/product\/watching-the-blue-skies-of-monte-gordo-fly-drive-3200s\/#primaryimage"},"thumbnailUrl":"https:\/\/legendatours.com\/wp-content\/uploads\/sites\/12\/2021\/04\/Birdwatching-Ria-Formosa-marshes-e1611672346399.jpg","datePublished":"2020-03-06T15:02:14+00:00","dateModified":"2025-03-03T17:18:50+00:00","description":"Uma aventura self-drive de birdwtaching em importantes zonas h\u00famidas do Algarve, como a Ria Formosa. Inclui uma viagem para observar a evasiva Abetarda.","breadcrumb":{"@id":"https:\/\/legendatours.com\/product\/watching-the-blue-skies-of-monte-gordo-fly-drive-3200s\/#breadcrumb"},"inLanguage":"pt-PT","potentialAction":[{"@type":"ReadAction","target":["https:\/\/legendatours.com\/product\/watching-the-blue-skies-of-monte-gordo-fly-drive-3200s\/"]}]},{"@type":"ImageObject","inLanguage":"pt-PT","@id":"https:\/\/legendatours.com\/product\/watching-the-blue-skies-of-monte-gordo-fly-drive-3200s\/#primaryimage","url":"https:\/\/legendatours.com\/wp-content\/uploads\/sites\/12\/2021\/04\/Birdwatching-Ria-Formosa-marshes-e1611672346399.jpg","contentUrl":"https:\/\/legendatours.com\/wp-content\/uploads\/sites\/12\/2021\/04\/Birdwatching-Ria-Formosa-marshes-e1611672346399.jpg","width":1024,"height":683,"caption":"Birdwatching Ria Formosa marshes"},{"@type":"BreadcrumbList","@id":"https:\/\/legendatours.com\/product\/watching-the-blue-skies-of-monte-gordo-fly-drive-3200s\/#breadcrumb","itemListElement":[{"@type":"ListItem","position":1,"name":"Home","item":"https:\/\/legendatours.com\/"},{"@type":"ListItem","position":2,"name":"Shop","item":"https:\/\/legendatours.com\/sv\/?page_id=4"},{"@type":"ListItem","position":3,"name":"Amongst these areas, the richness of bird observations is beyond any birder\u2019s life list\u00b4s dream and prepare your checklist to tick off the enigmatic Great Bustard, a Nemesis Bird for most birders! From Oystercatchers, Avocets, Dunlins, Little Stint and Black-winged Stilts, to Curlew Sandpiper, Red Knot or Ruff, our ponds and pools are shared by common species like Wigeon, Sholever, Pintail and Pochard or Greater Flamingo, Glossy"}]},{"@type":"WebSite","@id":"https:\/\/legendatours.com\/#website","url":"https:\/\/legendatours.com\/","name":"Legendary Adventure DMC Portugal","description":"Caminhadas e F\u00e9rias na Natureza Respons\u00e1veis em Portugal","publisher":{"@id":"https:\/\/legendatours.com\/#organization"},"alternateName":"Legendary Adventure Portugal","potentialAction":[{"@type":"SearchAction","target":{"@type":"EntryPoint","urlTemplate":"https:\/\/legendatours.com\/?s={search_term_string}"},"query-input":{"@type":"PropertyValueSpecification","valueRequired":true,"valueName":"search_term_string"}}],"inLanguage":"pt-PT"},{"@type":"Organization","@id":"https:\/\/legendatours.com\/#organization","name":"legendatours.com","url":"https:\/\/legendatours.com\/","logo":{"@type":"ImageObject","inLanguage":"pt-PT","@id":"https:\/\/legendatours.com\/#\/schema\/logo\/image\/","url":"https:\/\/legendatours.com\/wp-content\/uploads\/sites\/12\/2021\/06\/legendary_adventure_dmc.png","contentUrl":"https:\/\/legendatours.com\/wp-content\/uploads\/sites\/12\/2021\/06\/legendary_adventure_dmc.png","width":250,"height":74,"caption":"legendatours.com"},"image":{"@id":"https:\/\/legendatours.com\/#\/schema\/logo\/image\/"},"sameAs":["https:\/\/www.facebook.com\/legendaryadventuredmc\/","https:\/\/www.linkedin.com\/company\/legendary-adventure-dmc-portugal","https:\/\/www.youtube.com\/channel\/UCOIRDx_KM6ynIcacQkZjb6g"]}]}},"_links":{"self":[{"href":"https:\/\/legendatours.com\/pt\/wp-json\/wp\/v2\/product\/8368","targetHints":{"allow":["GET"]}}],"collection":[{"href":"https:\/\/legendatours.com\/pt\/wp-json\/wp\/v2\/product"}],"about":[{"href":"https:\/\/legendatours.com\/pt\/wp-json\/wp\/v2\/types\/product"}],"replies":[{"embeddable":true,"href":"https:\/\/legendatours.com\/pt\/wp-json\/wp\/v2\/comments?post=8368"}],"wp:featuredmedia":[{"embeddable":true,"href":"https:\/\/legendatours.com\/pt\/wp-json\/wp\/v2\/media\/7679"}],"wp:attachment":[{"href":"https:\/\/legendatours.com\/pt\/wp-json\/wp\/v2\/media?parent=8368"}],"wp:term":[{"taxonomy":"product_brand","embeddable":true,"href":"https:\/\/legendatours.com\/pt\/wp-json\/wp\/v2\/product_brand?post=8368"},{"taxonomy":"product_cat","embeddable":true,"href":"https:\/\/legendatours.com\/pt\/wp-json\/wp\/v2\/product_cat?post=8368"},{"taxonomy":"product_tag","embeddable":true,"href":"https:\/\/legendatours.com\/pt\/wp-json\/wp\/v2\/product_tag?post=8368"}],"curies":[{"name":"wp","href":"https:\/\/api.w.org\/{rel}","templated":true}]}}