{"id":8374,"date":"2020-03-06T15:01:29","date_gmt":"2020-03-06T15:01:29","guid":{"rendered":"https:\/\/legendatours.com\/product\/birdwatching-and-wildlife-holidays-in-the-ria-formosa\/"},"modified":"2025-03-03T17:18:40","modified_gmt":"2025-03-03T17:18:40","slug":"birdwatching-and-wildlife-tour-in-the-ria-formosa-fly-drive-3100s","status":"publish","type":"product","link":"https:\/\/legendatours.com\/pt\/produto\/birdwatching-and-wildlife-tour-in-the-ria-formosa-fly-drive-3100s\/","title":{"rendered":"Observa\u00e7\u00e3o de Aves e F\u00e9rias na Vida Selvagem na Ria Formosa"},"content":{"rendered":"<p>O Passeio de Observa\u00e7\u00e3o de Aves e Vida Selvagem na Ria Formosa \u00e9 um Passeio de Observa\u00e7\u00e3o de Aves Auto-Dirigido concebido por observadores de p\u00e1ssaros locais.<\/p>\n<p>Justamente famoso pelas suas praias douradas, campos de golfe e clima maravilhoso durante todo o ano, o Algarve \u00e9 tamb\u00e9m um destino secreto para a observa\u00e7\u00e3o de aves. Em quase qualquer \u00e9poca do ano, h\u00e1 algo interessante para ver!<\/p>\n<div id=\"attachment_1692\" style=\"width: 1034px\" class=\"wp-caption alignnone\"><img loading=\"lazy\" decoding=\"async\" aria-describedby=\"caption-attachment-1692\" class=\"wp-image-1692 size-large\" title=\"Tecel\u00e3o da Cabe\u00e7a Negra no Algarve Observa\u00e7\u00e3o de P\u00e1ssaros\" src=\"https:\/\/legendatours.net\/wp-content\/uploads\/2020\/05\/Birdwatching-Algarve-Black-headed-Weaver-1024x683.jpg\" alt=\"Birdwatching Algarve Black-headed Weaver\" width=\"1024\" height=\"683\" \/><p id=\"caption-attachment-1692\" class=\"wp-caption-text\">Observa\u00e7\u00e3o de aves Tecel\u00e3o-de-cabe\u00e7a-preta do Algarve \u2013 Foto Peter Dedicoat<\/p><\/div>\n<p>Seja voc\u00ea um observador de p\u00e1ssaros experiente ou um novato, observar p\u00e1ssaros \u00e9 sempre um prazer. Eles s\u00e3o criaturas t\u00e3o fascinantes, e sempre h\u00e1 algo novo para descobrir ou para sorrir! Este passeio foi projetado para ser agrad\u00e1vel, independentemente do seu n\u00edvel de habilidade e experi\u00eancia em observa\u00e7\u00e3o de p\u00e1ssaros.<\/p>\n<p>Centrado no Parque Natural da Ria Formosa, um complexo de lagoas de \u00e1gua salgada e ilhas barreira, com loda\u00e7ais, restingas, sistemas dunares e sapais, o percurso estende-se a outra zona h\u00famida, na Reserva Natural de Castro Marim.<\/p>\n<p>A Ria \u00e9 uma \u00c1rea de Protec\u00e7\u00e3o Especial ao abrigo da Conven\u00e7\u00e3o de Ramsar, sendo de grande import\u00e2ncia para in\u00fameras esp\u00e9cies de aves aqu\u00e1ticas de reprodu\u00e7\u00e3o, invernada e paragem.<\/p>\n<div id=\"attachment_1694\" style=\"width: 1034px\" class=\"wp-caption alignnone\"><img loading=\"lazy\" decoding=\"async\" aria-describedby=\"caption-attachment-1694\" class=\"wp-image-1694 size-large\" title=\"Birdwatching Algarve Collared Pratincole\" src=\"https:\/\/legendatours.net\/wp-content\/uploads\/2020\/05\/Birdwatching-Algarve-Collared-Pratincole-1024x683.jpg\" alt=\"Birdwatching Algarve Collared Pratincole\" width=\"1024\" height=\"683\" \/><p id=\"caption-attachment-1694\" class=\"wp-caption-text\"><a href=\"..\/..\/?s=Collared+Pratincole\" target=\"_blank\" rel=\"noopener noreferrer\">Birdwatching Algarve Collared Pratincole<\/a> - Foto Peter Dedicoat<\/p><\/div>\n<p>\u00c9 um lugar de beleza e interesse natural surpreendentes, onde n\u00e3o \u00e9 incomum avistar 40 ou mais esp\u00e9cies de aves em apenas algumas horas. Na \u00e9poca certa do ano, voc\u00ea consegue ver centenas deles! Os nossos observadores locais sabem onde nidificam e se alimentam, dando-lhe dicas valiosas para tirar o melhor partido das suas f\u00e9rias de observa\u00e7\u00e3o de p\u00e1ssaros.<\/p>\n<p>Entre os residentes durante todo o ano e as esp\u00e9cies invernantes, podemos encontrar ma\u00e7aricos-de-cauda-preta, tarambolas-de-bico-preto, tarambolas, gar\u00e7as, galinha-do-p\u00e2ntano, gar\u00e7a-roxa, larro-de-bico-vermelho, pratincole de colarinho, tarambola-do-mato, abelharuco-europeu, Noitib\u00f3-de-pesco\u00e7o-vermelho, Woodchat, pican\u00e7o-cinzento-do-sul, Little Tern e Marsh Harriers. Booted Eagles s\u00e3o uma vis\u00e3o regular durante o inverno.<\/p>\n<div id=\"attachment_1698\" style=\"width: 1034px\" class=\"wp-caption alignnone\"><img loading=\"lazy\" decoding=\"async\" aria-describedby=\"caption-attachment-1698\" class=\"wp-image-1698 size-large\" title=\"Birdwatching Algarve Ria Formosa Grande Flamingo\" src=\"https:\/\/legendatours.net\/wp-content\/uploads\/2020\/05\/Birdwatching-Algarve-Ria-Formosa-Greater-Flamingo-1024x683.jpg\" alt=\"Birdwatching Algarve Ria Formosa Greater Flamingo\" width=\"1024\" height=\"683\" \/><p id=\"caption-attachment-1698\" class=\"wp-caption-text\">Observa\u00e7\u00e3o de aves no Algarve Ria Formosa Grande Flamingo - Foto Peter Dedicoat<\/p><\/div>\n<p>Na maior \u00e1rea de cani\u00e7ais do Algarve, \u00e9 poss\u00edvel avistar Patos Ferruginosos, Gar\u00e7as Roxas, Papagaios-de-asa-preta, Chapinos Pendulinos e Tecel\u00f5es-de-cabe\u00e7a-preta, quando na \u00e9poca.<\/p>\n<p>Este passeio autoguiado inclui notas de rota simples e f\u00e1ceis de usar, e voc\u00ea pode carreg\u00e1-lo no seu pr\u00f3prio ritmo e vontade. Cada roteiro tem mapas, descri\u00e7\u00f5es e dicas sobre as esp\u00e9cies mais interessantes que podem ser encontradas, com dicas valiosas.<\/p>\n<p>Garantimos que voc\u00ea tenha uma experi\u00eancia inesquec\u00edvel: n\u00e3o perca tempo procurando lugares para ficar, organizando transportes ou pesquisando os melhores pontos de observa\u00e7\u00e3o de p\u00e1ssaros!<\/p>\n<p>Nosso tour \u00e9 completo, inclui todos os servi\u00e7os que voc\u00ea precisa e, acima de tudo, \u00e9 perfeitamente pensado e organizado!<\/p>\n<div class=\"row\">\n<div class=\"column\" style=\"flex: 45%\">\n<p><iframe loading=\"lazy\" title=\"Aves do Sul de Portugal\" width=\"1080\" height=\"608\" src=\"https:\/\/www.youtube.com\/embed\/q4ezd_AIbYM?feature=oembed\" frameborder=\"0\" allow=\"accelerometer; autoplay; clipboard-write; encrypted-media; gyroscope; picture-in-picture\" allowfullscreen><\/iframe><\/p>\n<\/div>\n<div class=\"column\" style=\"flex: 10%\"><\/div>\n<div class=\"column\" style=\"flex: 45%\">\n<p><iframe loading=\"lazy\" title=\"Castro marim\" width=\"1080\" height=\"608\" src=\"https:\/\/www.youtube.com\/embed\/sbJjXvbNWho?list=PL_6Umd8jb1qvBUfpmdNirAfZNGPDknjjw\" frameborder=\"0\" allow=\"accelerometer; autoplay; clipboard-write; encrypted-media; gyroscope; picture-in-picture\" allowfullscreen><\/iframe><\/p>\n<\/div>\n<\/div>","protected":false},"excerpt":{"rendered":"<p>O Passeio de Observa\u00e7\u00e3o de Aves e Vida Selvagem na Ria Formosa \u00e9 um Passeio de Observa\u00e7\u00e3o de Aves Auto-Dirigido concebido por observadores de p\u00e1ssaros locais. Justamente famoso pelas suas praias douradas, campos de golfe e clima maravilhoso durante todo o ano, o Algarve \u00e9 tamb\u00e9m um destino secreto para a observa\u00e7\u00e3o de aves. Em quase qualquer \u00e9poca do ano, h\u00e1 algo interessante para ver!<\/p>","protected":false},"featured_media":8365,"comment_status":"closed","ping_status":"closed","template":"","meta":{"_acf_changed":false,"inline_featured_image":false},"product_brand":[],"product_cat":[327,778,301],"product_tag":[147,306,424,425,428,429,430,432,433,436,437,438,439,440,441,442,779,160,313,443,444,445,446,447,449,162,450,60,451,452,453,454,455,462,168,169,456,319,328,780,777,781,322,457,173,465,324,68,177,325,326,458,459],"class_list":{"0":"post-8374","1":"product","2":"type-product","3":"status-publish","4":"has-post-thumbnail","6":"product_cat-self-drive-holidays-portugal","7":"product_cat-portugal-self-guided-birdwatching-holidays","8":"product_cat-self-guided-tours-portugal","9":"product_tag-algarve","10":"product_tag-alleine-reisen","11":"product_tag-best-birding-spots","12":"product_tag-best-of-the-algarvian-bird-life","13":"product_tag-bird-watching","14":"product_tag-birding","15":"product_tag-birding-algarve","16":"product_tag-birdwatchers-paradise","17":"product_tag-birdwatching","18":"product_tag-black-tailed-godwits","19":"product_tag-black-winged-kite","20":"product_tag-blackheaded-weaver","21":"product_tag-booted-eagles","22":"product_tag-collared-pratincole","23":"product_tag-european-bee-eater","24":"product_tag-ferruginous-duck","25":"product_tag-fly-drive","26":"product_tag-holidays","27":"product_tag-individuelle-touren","28":"product_tag-kentish-plover","29":"product_tag-little-bittern","30":"product_tag-little-stints","31":"product_tag-little-tern","32":"product_tag-marsh-harriers","33":"product_tag-nature-observation","34":"product_tag-nature-walks","35":"product_tag-penduline-tits","36":"product_tag-portugal","37":"product_tag-purple-heron","38":"product_tag-purple-swamp-hen","39":"product_tag-ramsar","40":"product_tag-red-crested-pochard","41":"product_tag-red-necked-nightjar","42":"product_tag-resident-and-migrant-birds","43":"product_tag-ria-formosa","44":"product_tag-ria-formosa-natural-park","45":"product_tag-ringed-plovers","46":"product_tag-sejour-en-liberte","47":"product_tag-self-guided","48":"product_tag-self-guided-birdwatching","49":"product_tag-self-guided-holidays","50":"product_tag-self-guided-tours","51":"product_tag-solo-reisen","52":"product_tag-southern-grey-shrikes","53":"product_tag-sunny-winters","54":"product_tag-top-class-birding","55":"product_tag-tours-autoguidees","56":"product_tag-tours-in-portugal","57":"product_tag-vacations","58":"product_tag-voyage-en-liberte","59":"product_tag-voyages-en-autonomie","60":"product_tag-wintering-birds","61":"product_tag-woodchat","63":"first","64":"instock","65":"virtual","66":"product-type-simple"},"acf":[],"yoast_head":"<!-- This site is optimized with the Yoast SEO Premium plugin v26.8 (Yoast SEO v27.5) - https:\/\/yoast.com\/product\/yoast-seo-premium-wordpress\/ -->\n<title>Birdwatching and Wildlife Holidays in the Ria Formosa - Legendary Adventure DMC Portugal<\/title>\n<meta name=\"description\" content=\"An enjoyable Birdwatching Tour, no matter your level of birding ability and expertise. Focus on the Ria Formosa Park and in the Castro Marim Nature Reserve.\" \/>\n<meta name=\"robots\" content=\"index, follow, max-snippet:-1, max-image-preview:large, max-video-preview:-1\" \/>\n<link rel=\"canonical\" href=\"https:\/\/legendatours.com\/pt\/produto\/birdwatching-and-wildlife-tour-in-the-ria-formosa-fly-drive-3100s\/\" \/>\n<meta property=\"og:locale\" content=\"pt_PT\" \/>\n<meta property=\"og:type\" content=\"article\" \/>\n<meta property=\"og:title\" content=\"Birdwatching and Wildlife Holidays in the Ria Formosa\" \/>\n<meta property=\"og:description\" content=\"An enjoyable Birdwatching Tour, no matter your level of birding ability and expertise. Focus on the Ria Formosa Park and in the Castro Marim Nature Reserve.\" \/>\n<meta property=\"og:url\" content=\"https:\/\/legendatours.com\/pt\/produto\/birdwatching-and-wildlife-tour-in-the-ria-formosa-fly-drive-3100s\/\" \/>\n<meta property=\"og:site_name\" content=\"Legendary Adventure DMC Portugal\" \/>\n<meta property=\"article:publisher\" content=\"https:\/\/www.facebook.com\/legendaryadventuredmc\/\" \/>\n<meta property=\"article:modified_time\" content=\"2025-03-03T17:18:40+00:00\" \/>\n<meta property=\"og:image\" content=\"https:\/\/legendatours.com\/wp-content\/uploads\/sites\/12\/2021\/04\/Birdwatching-Ria-Formosa-e1611672355742.jpg\" \/>\n\t<meta property=\"og:image:width\" content=\"1024\" \/>\n\t<meta property=\"og:image:height\" content=\"683\" \/>\n\t<meta property=\"og:image:type\" content=\"image\/jpeg\" \/>\n<meta name=\"twitter:card\" content=\"summary_large_image\" \/>\n<meta name=\"twitter:label1\" content=\"Tempo estimado de leitura\" \/>\n\t<meta name=\"twitter:data1\" content=\"2 minutos\" \/>\n<script type=\"application\/ld+json\" class=\"yoast-schema-graph\">{\"@context\":\"https:\\\/\\\/schema.org\",\"@graph\":[{\"@type\":\"WebPage\",\"@id\":\"https:\\\/\\\/legendatours.com\\\/product\\\/birdwatching-and-wildlife-tour-in-the-ria-formosa-fly-drive-3100s\\\/\",\"url\":\"https:\\\/\\\/legendatours.com\\\/product\\\/birdwatching-and-wildlife-tour-in-the-ria-formosa-fly-drive-3100s\\\/\",\"name\":\"Birdwatching and Wildlife Holidays in the Ria Formosa - Legendary Adventure DMC Portugal\",\"isPartOf\":{\"@id\":\"https:\\\/\\\/legendatours.com\\\/#website\"},\"primaryImageOfPage\":{\"@id\":\"https:\\\/\\\/legendatours.com\\\/product\\\/birdwatching-and-wildlife-tour-in-the-ria-formosa-fly-drive-3100s\\\/#primaryimage\"},\"image\":{\"@id\":\"https:\\\/\\\/legendatours.com\\\/product\\\/birdwatching-and-wildlife-tour-in-the-ria-formosa-fly-drive-3100s\\\/#primaryimage\"},\"thumbnailUrl\":\"https:\\\/\\\/legendatours.com\\\/wp-content\\\/uploads\\\/sites\\\/12\\\/2021\\\/04\\\/Birdwatching-Ria-Formosa-e1611672355742.jpg\",\"datePublished\":\"2020-03-06T15:01:29+00:00\",\"dateModified\":\"2025-03-03T17:18:40+00:00\",\"description\":\"An enjoyable Birdwatching Tour, no matter your level of birding ability and expertise. Focus on the Ria Formosa Park and in the Castro Marim Nature Reserve.\",\"breadcrumb\":{\"@id\":\"https:\\\/\\\/legendatours.com\\\/product\\\/birdwatching-and-wildlife-tour-in-the-ria-formosa-fly-drive-3100s\\\/#breadcrumb\"},\"inLanguage\":\"pt-PT\",\"potentialAction\":[{\"@type\":\"ReadAction\",\"target\":[\"https:\\\/\\\/legendatours.com\\\/product\\\/birdwatching-and-wildlife-tour-in-the-ria-formosa-fly-drive-3100s\\\/\"]}]},{\"@type\":\"ImageObject\",\"inLanguage\":\"pt-PT\",\"@id\":\"https:\\\/\\\/legendatours.com\\\/product\\\/birdwatching-and-wildlife-tour-in-the-ria-formosa-fly-drive-3100s\\\/#primaryimage\",\"url\":\"https:\\\/\\\/legendatours.com\\\/wp-content\\\/uploads\\\/sites\\\/12\\\/2021\\\/04\\\/Birdwatching-Ria-Formosa-e1611672355742.jpg\",\"contentUrl\":\"https:\\\/\\\/legendatours.com\\\/wp-content\\\/uploads\\\/sites\\\/12\\\/2021\\\/04\\\/Birdwatching-Ria-Formosa-e1611672355742.jpg\",\"width\":1024,\"height\":683,\"caption\":\"Birdwatching Ria Formosa\"},{\"@type\":\"BreadcrumbList\",\"@id\":\"https:\\\/\\\/legendatours.com\\\/product\\\/birdwatching-and-wildlife-tour-in-the-ria-formosa-fly-drive-3100s\\\/#breadcrumb\",\"itemListElement\":[{\"@type\":\"ListItem\",\"position\":1,\"name\":\"Home\",\"item\":\"https:\\\/\\\/legendatours.com\\\/\"},{\"@type\":\"ListItem\",\"position\":2,\"name\":\"Shop\",\"item\":\"https:\\\/\\\/legendatours.com\\\/sv\\\/?page_id=4\"},{\"@type\":\"ListItem\",\"position\":3,\"name\":\"Birdwatching and Wildlife Tour in the Ria Formosa is a Self-Guided Tour with Car designed by keen local birders. Rightly famed for its golden beaches, golf courses, and wonderful year-round climate, the Algarve is also a secret destination for great birding. At almost any time of the year, there is something of interest to see!\"}]},{\"@type\":\"WebSite\",\"@id\":\"https:\\\/\\\/legendatours.com\\\/#website\",\"url\":\"https:\\\/\\\/legendatours.com\\\/\",\"name\":\"Legendary Adventure DMC Portugal\",\"description\":\"Responsible Walking &amp; Nature Holidays in Portugal\",\"publisher\":{\"@id\":\"https:\\\/\\\/legendatours.com\\\/#organization\"},\"alternateName\":\"Legendary Adventure Portugal\",\"potentialAction\":[{\"@type\":\"SearchAction\",\"target\":{\"@type\":\"EntryPoint\",\"urlTemplate\":\"https:\\\/\\\/legendatours.com\\\/?s={search_term_string}\"},\"query-input\":{\"@type\":\"PropertyValueSpecification\",\"valueRequired\":true,\"valueName\":\"search_term_string\"}}],\"inLanguage\":\"pt-PT\"},{\"@type\":\"Organization\",\"@id\":\"https:\\\/\\\/legendatours.com\\\/#organization\",\"name\":\"legendatours.com\",\"url\":\"https:\\\/\\\/legendatours.com\\\/\",\"logo\":{\"@type\":\"ImageObject\",\"inLanguage\":\"pt-PT\",\"@id\":\"https:\\\/\\\/legendatours.com\\\/#\\\/schema\\\/logo\\\/image\\\/\",\"url\":\"https:\\\/\\\/legendatours.com\\\/wp-content\\\/uploads\\\/sites\\\/12\\\/2021\\\/06\\\/legendary_adventure_dmc.png\",\"contentUrl\":\"https:\\\/\\\/legendatours.com\\\/wp-content\\\/uploads\\\/sites\\\/12\\\/2021\\\/06\\\/legendary_adventure_dmc.png\",\"width\":250,\"height\":74,\"caption\":\"legendatours.com\"},\"image\":{\"@id\":\"https:\\\/\\\/legendatours.com\\\/#\\\/schema\\\/logo\\\/image\\\/\"},\"sameAs\":[\"https:\\\/\\\/www.facebook.com\\\/legendaryadventuredmc\\\/\",\"https:\\\/\\\/www.linkedin.com\\\/company\\\/legendary-adventure-dmc-portugal\",\"https:\\\/\\\/www.youtube.com\\\/channel\\\/UCOIRDx_KM6ynIcacQkZjb6g\"]}]}<\/script>\n<!-- \/ Yoast SEO Premium plugin. -->","yoast_head_json":{"title":"F\u00e9rias de Observa\u00e7\u00e3o de Aves e Vida Selvagem na Ria Formosa - Legendary Adventure DMC Portugal","description":"Um agrad\u00e1vel passeio de observa\u00e7\u00e3o de p\u00e1ssaros, independentemente do seu n\u00edvel de habilidade e experi\u00eancia em observa\u00e7\u00e3o de p\u00e1ssaros. Destaque para o Parque da Ria Formosa e a Reserva Natural de Castro Marim.","robots":{"index":"index","follow":"follow","max-snippet":"max-snippet:-1","max-image-preview":"max-image-preview:large","max-video-preview":"max-video-preview:-1"},"canonical":"https:\/\/legendatours.com\/pt\/produto\/birdwatching-and-wildlife-tour-in-the-ria-formosa-fly-drive-3100s\/","og_locale":"pt_PT","og_type":"article","og_title":"Birdwatching and Wildlife Holidays in the Ria Formosa","og_description":"An enjoyable Birdwatching Tour, no matter your level of birding ability and expertise. Focus on the Ria Formosa Park and in the Castro Marim Nature Reserve.","og_url":"https:\/\/legendatours.com\/pt\/produto\/birdwatching-and-wildlife-tour-in-the-ria-formosa-fly-drive-3100s\/","og_site_name":"Legendary Adventure DMC Portugal","article_publisher":"https:\/\/www.facebook.com\/legendaryadventuredmc\/","article_modified_time":"2025-03-03T17:18:40+00:00","og_image":[{"width":1024,"height":683,"url":"https:\/\/legendatours.com\/wp-content\/uploads\/sites\/12\/2021\/04\/Birdwatching-Ria-Formosa-e1611672355742.jpg","type":"image\/jpeg"}],"twitter_card":"summary_large_image","twitter_misc":{"Tempo estimado de leitura":"2 minutos"},"schema":{"@context":"https:\/\/schema.org","@graph":[{"@type":"WebPage","@id":"https:\/\/legendatours.com\/product\/birdwatching-and-wildlife-tour-in-the-ria-formosa-fly-drive-3100s\/","url":"https:\/\/legendatours.com\/product\/birdwatching-and-wildlife-tour-in-the-ria-formosa-fly-drive-3100s\/","name":"F\u00e9rias de Observa\u00e7\u00e3o de Aves e Vida Selvagem na Ria Formosa - Legendary Adventure DMC Portugal","isPartOf":{"@id":"https:\/\/legendatours.com\/#website"},"primaryImageOfPage":{"@id":"https:\/\/legendatours.com\/product\/birdwatching-and-wildlife-tour-in-the-ria-formosa-fly-drive-3100s\/#primaryimage"},"image":{"@id":"https:\/\/legendatours.com\/product\/birdwatching-and-wildlife-tour-in-the-ria-formosa-fly-drive-3100s\/#primaryimage"},"thumbnailUrl":"https:\/\/legendatours.com\/wp-content\/uploads\/sites\/12\/2021\/04\/Birdwatching-Ria-Formosa-e1611672355742.jpg","datePublished":"2020-03-06T15:01:29+00:00","dateModified":"2025-03-03T17:18:40+00:00","description":"Um agrad\u00e1vel passeio de observa\u00e7\u00e3o de p\u00e1ssaros, independentemente do seu n\u00edvel de habilidade e experi\u00eancia em observa\u00e7\u00e3o de p\u00e1ssaros. Destaque para o Parque da Ria Formosa e a Reserva Natural de Castro Marim.","breadcrumb":{"@id":"https:\/\/legendatours.com\/product\/birdwatching-and-wildlife-tour-in-the-ria-formosa-fly-drive-3100s\/#breadcrumb"},"inLanguage":"pt-PT","potentialAction":[{"@type":"ReadAction","target":["https:\/\/legendatours.com\/product\/birdwatching-and-wildlife-tour-in-the-ria-formosa-fly-drive-3100s\/"]}]},{"@type":"ImageObject","inLanguage":"pt-PT","@id":"https:\/\/legendatours.com\/product\/birdwatching-and-wildlife-tour-in-the-ria-formosa-fly-drive-3100s\/#primaryimage","url":"https:\/\/legendatours.com\/wp-content\/uploads\/sites\/12\/2021\/04\/Birdwatching-Ria-Formosa-e1611672355742.jpg","contentUrl":"https:\/\/legendatours.com\/wp-content\/uploads\/sites\/12\/2021\/04\/Birdwatching-Ria-Formosa-e1611672355742.jpg","width":1024,"height":683,"caption":"Birdwatching Ria Formosa"},{"@type":"BreadcrumbList","@id":"https:\/\/legendatours.com\/product\/birdwatching-and-wildlife-tour-in-the-ria-formosa-fly-drive-3100s\/#breadcrumb","itemListElement":[{"@type":"ListItem","position":1,"name":"Home","item":"https:\/\/legendatours.com\/"},{"@type":"ListItem","position":2,"name":"Shop","item":"https:\/\/legendatours.com\/sv\/?page_id=4"},{"@type":"ListItem","position":3,"name":"Birdwatching and Wildlife Tour in the Ria Formosa is a Self-Guided Tour with Car designed by keen local birders. Rightly famed for its golden beaches, golf courses, and wonderful year-round climate, the Algarve is also a secret destination for great birding. At almost any time of the year, there is something of interest to see!"}]},{"@type":"WebSite","@id":"https:\/\/legendatours.com\/#website","url":"https:\/\/legendatours.com\/","name":"Legendary Adventure DMC Portugal","description":"Caminhadas e F\u00e9rias na Natureza Respons\u00e1veis em Portugal","publisher":{"@id":"https:\/\/legendatours.com\/#organization"},"alternateName":"Legendary Adventure Portugal","potentialAction":[{"@type":"SearchAction","target":{"@type":"EntryPoint","urlTemplate":"https:\/\/legendatours.com\/?s={search_term_string}"},"query-input":{"@type":"PropertyValueSpecification","valueRequired":true,"valueName":"search_term_string"}}],"inLanguage":"pt-PT"},{"@type":"Organization","@id":"https:\/\/legendatours.com\/#organization","name":"legendatours.com","url":"https:\/\/legendatours.com\/","logo":{"@type":"ImageObject","inLanguage":"pt-PT","@id":"https:\/\/legendatours.com\/#\/schema\/logo\/image\/","url":"https:\/\/legendatours.com\/wp-content\/uploads\/sites\/12\/2021\/06\/legendary_adventure_dmc.png","contentUrl":"https:\/\/legendatours.com\/wp-content\/uploads\/sites\/12\/2021\/06\/legendary_adventure_dmc.png","width":250,"height":74,"caption":"legendatours.com"},"image":{"@id":"https:\/\/legendatours.com\/#\/schema\/logo\/image\/"},"sameAs":["https:\/\/www.facebook.com\/legendaryadventuredmc\/","https:\/\/www.linkedin.com\/company\/legendary-adventure-dmc-portugal","https:\/\/www.youtube.com\/channel\/UCOIRDx_KM6ynIcacQkZjb6g"]}]}},"_links":{"self":[{"href":"https:\/\/legendatours.com\/pt\/wp-json\/wp\/v2\/product\/8374","targetHints":{"allow":["GET"]}}],"collection":[{"href":"https:\/\/legendatours.com\/pt\/wp-json\/wp\/v2\/product"}],"about":[{"href":"https:\/\/legendatours.com\/pt\/wp-json\/wp\/v2\/types\/product"}],"replies":[{"embeddable":true,"href":"https:\/\/legendatours.com\/pt\/wp-json\/wp\/v2\/comments?post=8374"}],"wp:featuredmedia":[{"embeddable":true,"href":"https:\/\/legendatours.com\/pt\/wp-json\/wp\/v2\/media\/8365"}],"wp:attachment":[{"href":"https:\/\/legendatours.com\/pt\/wp-json\/wp\/v2\/media?parent=8374"}],"wp:term":[{"taxonomy":"product_brand","embeddable":true,"href":"https:\/\/legendatours.com\/pt\/wp-json\/wp\/v2\/product_brand?post=8374"},{"taxonomy":"product_cat","embeddable":true,"href":"https:\/\/legendatours.com\/pt\/wp-json\/wp\/v2\/product_cat?post=8374"},{"taxonomy":"product_tag","embeddable":true,"href":"https:\/\/legendatours.com\/pt\/wp-json\/wp\/v2\/product_tag?post=8374"}],"curies":[{"name":"wp","href":"https:\/\/api.w.org\/{rel}","templated":true}]}}