{"id":8381,"date":"2020-03-06T14:22:11","date_gmt":"2020-03-06T14:22:11","guid":{"rendered":"https:\/\/legendatours.com\/product\/walking-holidays-in-guadiana-grand-route-gr-15-portugal\/"},"modified":"2022-01-02T22:43:19","modified_gmt":"2022-01-02T22:43:19","slug":"guadiana-grand-route-1700s","status":"publish","type":"product","link":"https:\/\/legendatours.com\/pt\/produto\/guadiana-grand-route-1700s\/","title":{"rendered":"F\u00e9rias Pedestres na Grande Rota do Guadiana (GR 15) Portugal"},"content":{"rendered":"<p>A Grande Rota do Guadiana (GR15) acompanha o Rio Guadiana no seu percurso por serras e baixadas, a caminho do mar.<\/p>\n<p>Nesta excurs\u00e3o autoguiada a p\u00e9, voc\u00ea encontrar\u00e1 paisagens silenciosas e impressionantes em belos passeios pela natureza, os vest\u00edgios de quem aqui viveu durante s\u00e9culos e de pouqu\u00edssimas pessoas ao longo do caminho.<\/p>\n<p>As aldeias hist\u00f3ricas de M\u00e9rtola e Alcoutim v\u00e3o ser a nossa base.<\/p>\n<div id=\"attachment_2165\" style=\"width: 1034px\" class=\"wp-caption alignnone\"><img loading=\"lazy\" decoding=\"async\" aria-describedby=\"caption-attachment-2165\" class=\"wp-image-2165 size-large\" title=\"Mertola, Vila Museu\" src=\"https:\/\/legendatours.net\/wp-content\/uploads\/2020\/05\/Mertola_Guadiana-1024x768.jpg\" alt=\"Mertola, Museum Village. Immersed in the Natural Park of the Guadiana Valley\" width=\"1024\" height=\"768\" \/><p id=\"caption-attachment-2165\" class=\"wp-caption-text\">Mertola, Vila Museu. Imerso no Parque Natural do Vale do Guadiana<\/p><\/div>\n<p>O passeio come\u00e7a em M\u00e9rtola, uma vila encantadora no cimo de uma colina sobre o rio Guadiana, no Alentejo.<\/p>\n<p>Outrora capital do ent\u00e3o poderoso imp\u00e9rio mouro, hoje M\u00e9rtola \u00e9 uma \u201cvila-museu\u201d, onde se podem desvendar camadas de hist\u00f3ria.<\/p>\n<p>Voc\u00ea explorar\u00e1 as ruas estreitas da vila, caminhar\u00e1 ao longo das colinas para contemplar as plan\u00edcies ondulantes, as eleva\u00e7\u00f5es de quartzito e os vales. Na beira do rio, voc\u00ea encontra uma praia, um al\u00edvio muito bem-vindo nos dias mais quentes.<\/p>\n<p>Seguindo o rio para sul, chega-se \u00e0 outra base do nosso passeio, Alcoutim, no Sotavento Algarvio interior.<\/p>\n<div id=\"attachment_2160\" style=\"width: 1034px\" class=\"wp-caption alignnone\"><img loading=\"lazy\" decoding=\"async\" aria-describedby=\"caption-attachment-2160\" class=\"wp-image-2160 size-large\" title=\"Caminhando no Guadiana Alcoutim\" src=\"https:\/\/legendatours.net\/wp-content\/uploads\/2020\/05\/Guadiana_Alcoutim-1024x686.jpg\" alt=\"Walking in the Guadiana Alcoutim. River Guadiana forming the centrepiece of the walk and passing through orchards of almond, fig and olive trees.\" width=\"1024\" height=\"686\" \/><p id=\"caption-attachment-2160\" class=\"wp-caption-text\">Caminhando no Guadiana Alcoutim. O rio Guadiana formando o centro do passeio e passando por pomares de amendoeiras, figueiras e oliveiras.<\/p><\/div>\n<p>Embora menor que M\u00e9rtola, esta pitoresca vila foi um importante porto fen\u00edcio na \u00e9poca.<\/p>\n<p>Do outro lado da margem, podemos ver a vizinha vila espanhola de San Lucar, com quem Alcoutim compartilha uma longa hist\u00f3ria de com\u00e9rcio e contrabando. Essas mem\u00f3rias s\u00e3o homenageadas pela est\u00e1tua do contrabandista, que pode ser vista no cais de Alcoutim.<\/p>\n<p>O Parque Natural do Vale do Guadiana \u00e9 um ecossistema rico. Habitat de in\u00fameras aves de rapina e v\u00e1rias esp\u00e9cies de passeriformes, \u00e9 abundante em sobreiros, alguns sobreiros, extensas \u00e1reas de esteva e planta\u00e7\u00f5es de sequeiro. O rio tamb\u00e9m abriga mais de vinte esp\u00e9cies de peixes de \u00e1gua doce.<\/p>\n<p>Ao longo dos dias, ir\u00e1 descobrir interessantes paisagens humanas com pequenas terras agr\u00edcolas e moinhos de vento, em harmonia com o ambiente natural.<\/p>\n<p>A vida selvagem aqui \u00e9 exuberante, mas h\u00e1 uma sensa\u00e7\u00e3o de tranquilidade nesta parte intocada do territ\u00f3rio, rica em patrim\u00f4nio, hist\u00f3ria e belezas naturais.<\/p>\n<div id=\"attachment_1882\" style=\"width: 1034px\" class=\"wp-caption alignnone\"><img loading=\"lazy\" decoding=\"async\" aria-describedby=\"caption-attachment-1882\" class=\"wp-image-1882 size-large\" title=\"O rio Guadiana separa Portugal da Espanha\" src=\"https:\/\/legendatours.net\/wp-content\/uploads\/2020\/03\/Guadiana_River-1-1024x666.jpg\" alt=\"The Guadiana River separates Portugal from Spain\" width=\"1024\" height=\"666\" \/><p id=\"caption-attachment-1882\" class=\"wp-caption-text\">O rio Guadiana separa Portugal da Espanha<\/p><\/div>\n<p>Para aproveitar ao m\u00e1ximo as suas f\u00e9rias de caminhada autoguiada na ador\u00e1vel Grande Rota do Guadiana, experimente a deliciosa comida local, baseada em ingredientes simples e humildes.<\/p>\n<p>P\u00e3o assado no forno a lenha, azeite fino, ervas arom\u00e1ticas e produtos do rio e da terra, como os espargos selvagens, os cogumelos e as \u201ct\u00faberas\u201d (trufas).<\/p>\n<p>Os vinhos tamb\u00e9m s\u00e3o excelentes. As encostas do rio Guadiana foram durante s\u00e9culos terroir de excel\u00eancia para a produ\u00e7\u00e3o vin\u00edcola local.<\/p>\n<p>Por todas estas raz\u00f5es, este \u00e9 um passeio imperd\u00edvel para os amantes dos passeios na natureza e da autenticidade.<\/p>\n<div class=\"row\" style=\"display: flex;\">\n<div class=\"column\" style=\"flex: 45%;\">\n<p><iframe loading=\"lazy\" title=\"Parque Natural do Vale do Guadiana\" width=\"1080\" height=\"608\" src=\"https:\/\/www.youtube.com\/embed\/ePbU5JdzIpI?feature=oembed\" frameborder=\"0\" allow=\"accelerometer; autoplay; clipboard-write; encrypted-media; gyroscope; picture-in-picture\" allowfullscreen><\/iframe><\/p>\n<\/div>\n<div class=\"column\" style=\"flex: 10%;\"><\/div>\n<div class=\"column\" style=\"flex: 45%;\"><\/div>\n<\/div>","protected":false},"excerpt":{"rendered":"<p>A Grande Rota do Guadiana (GR15) acompanha o Rio Guadiana no seu percurso por serras e baixadas, a caminho do mar.<\/p>\n<p>Nesta excurs\u00e3o autoguiada a p\u00e9, voc\u00ea encontrar\u00e1 paisagens silenciosas e impressionantes em belos passeios pela natureza, os vest\u00edgios de quem aqui viveu durante s\u00e9culos e de pouqu\u00edssimas pessoas ao longo do caminho.<\/p>\n<p>As aldeias hist\u00f3ricas de M\u00e9rtola e Alcoutim v\u00e3o ser a nossa base.<\/p>","protected":false},"featured_media":8380,"comment_status":"closed","ping_status":"closed","template":"","meta":{"_acf_changed":false,"inline_featured_image":false},"product_brand":[],"product_cat":[301,856],"product_tag":[547,211,306,827,433,867,153,214,337,552,946,553,554,555,156,50,218,1040,758,313,759,760,761,762,868,271,556,97,495,558,860,861,747,749,819,764,765,766,767,768,875,561,319,1023,728,228,322,770,324,864,771,684,685,807,325,772,326,112,658,180,421,757,145],"class_list":{"0":"post-8381","1":"product","2":"type-product","3":"status-publish","4":"has-post-thumbnail","6":"product_cat-self-guided-tours-portugal","7":"product_cat-self-guided-walking-holidays","8":"product_tag-alcoutim","9":"product_tag-alentejo-landscape","10":"product_tag-alleine-reisen","11":"product_tag-almonds","12":"product_tag-birdwatching","13":"product_tag-carobs","14":"product_tag-countryside","15":"product_tag-culture","16":"product_tag-delicious-food","17":"product_tag-guadiana","18":"product_tag-guadiana-estuary","19":"product_tag-guadiana-grand-route","20":"product_tag-guadiana-river","21":"product_tag-guadiana-valley","22":"product_tag-hiking","23":"product_tag-historic","24":"product_tag-history","25":"product_tag-hotel-museum","26":"product_tag-individual-hiking","27":"product_tag-individuelle-touren","28":"product_tag-individuelle-trekkingreisen","29":"product_tag-individuelle-wandern","30":"product_tag-individuelle-wanderreisen","31":"product_tag-individuelle-wandertouren","32":"product_tag-inland-algarve","33":"product_tag-lush-green-hills","34":"product_tag-mertola","35":"product_tag-natural-park","36":"product_tag-nature-paradise","37":"product_tag-olives","38":"product_tag-oranges","39":"product_tag-orchards","40":"product_tag-paths","41":"product_tag-protected-area","42":"product_tag-quartzite-elevations","43":"product_tag-rando-autoguidee","44":"product_tag-rando-liberte","45":"product_tag-randonnee-autoguidee","46":"product_tag-randonnee-en-liberte","47":"product_tag-randonnee-liberte","48":"product_tag-river-beach","49":"product_tag-river-guadiana","50":"product_tag-sejour-en-liberte","51":"product_tag-self-guided-walking","52":"product_tag-self-guided-walking-holiday","53":"product_tag-sightseeing","54":"product_tag-solo-reisen","55":"product_tag-solo-wandern","56":"product_tag-tours-autoguidees","57":"product_tag-trails","58":"product_tag-trek-en-liberte","59":"product_tag-trek-solo","60":"product_tag-trekking-solo","61":"product_tag-valleys","62":"product_tag-voyage-en-liberte","63":"product_tag-voyages-a-pied-en-liberte","64":"product_tag-voyages-en-autonomie","65":"product_tag-walking-holidays","66":"product_tag-walking-program","67":"product_tag-walking-tour","68":"product_tag-walking-trails","69":"product_tag-walks","70":"product_tag-wines","72":"first","73":"instock","74":"virtual","75":"product-type-simple"},"acf":[],"yoast_head":"<!-- This site is optimized with the Yoast SEO Premium plugin v26.8 (Yoast SEO v27.5) - https:\/\/yoast.com\/product\/yoast-seo-premium-wordpress\/ -->\n<title>Walking Holidays in Guadiana Grand Route (GR 15) Portugal - Legendary Adventure DMC Portugal<\/title>\n<meta name=\"robots\" content=\"index, follow, max-snippet:-1, max-image-preview:large, max-video-preview:-1\" \/>\n<link rel=\"canonical\" href=\"https:\/\/legendatours.com\/pt\/produto\/guadiana-grand-route-1700s\/\" \/>\n<meta property=\"og:locale\" content=\"pt_PT\" \/>\n<meta property=\"og:type\" content=\"article\" \/>\n<meta property=\"og:title\" content=\"Walking Holidays in Guadiana Grand Route (GR 15) Portugal\" \/>\n<meta property=\"og:description\" content=\"The Guadiana Grand Route (GR15) follows the River Guadiana as it winds through the hills and lowlands, on its way to the sea.  In this Self-Guided Walking Tour, you&#039;ll find silent and impressive landscapes in lovely nature walks, the traces of those who lived here for centuries, and very few people along the way.  The historic villages of M\u00e9rtola and Alcoutim will be our base.\" \/>\n<meta property=\"og:url\" content=\"https:\/\/legendatours.com\/pt\/produto\/guadiana-grand-route-1700s\/\" \/>\n<meta property=\"og:site_name\" content=\"Legendary Adventure DMC Portugal\" \/>\n<meta property=\"article:publisher\" content=\"https:\/\/www.facebook.com\/legendaryadventuredmc\/\" \/>\n<meta property=\"article:modified_time\" content=\"2022-01-02T22:43:19+00:00\" \/>\n<meta property=\"og:image\" content=\"https:\/\/legendatours.com\/wp-content\/uploads\/sites\/12\/2021\/04\/self-guided-holidays-e1611677109925.jpg\" \/>\n\t<meta property=\"og:image:width\" content=\"1024\" \/>\n\t<meta property=\"og:image:height\" content=\"686\" \/>\n\t<meta property=\"og:image:type\" content=\"image\/jpeg\" \/>\n<meta name=\"twitter:card\" content=\"summary_large_image\" \/>\n<meta name=\"twitter:label1\" content=\"Tempo estimado de leitura\" \/>\n\t<meta name=\"twitter:data1\" content=\"2 minutos\" \/>\n<script type=\"application\/ld+json\" class=\"yoast-schema-graph\">{\"@context\":\"https:\\\/\\\/schema.org\",\"@graph\":[{\"@type\":\"WebPage\",\"@id\":\"https:\\\/\\\/legendatours.com\\\/product\\\/guadiana-grand-route-1700s\\\/\",\"url\":\"https:\\\/\\\/legendatours.com\\\/product\\\/guadiana-grand-route-1700s\\\/\",\"name\":\"Walking Holidays in Guadiana Grand Route (GR 15) Portugal - Legendary Adventure DMC Portugal\",\"isPartOf\":{\"@id\":\"https:\\\/\\\/legendatours.com\\\/#website\"},\"primaryImageOfPage\":{\"@id\":\"https:\\\/\\\/legendatours.com\\\/product\\\/guadiana-grand-route-1700s\\\/#primaryimage\"},\"image\":{\"@id\":\"https:\\\/\\\/legendatours.com\\\/product\\\/guadiana-grand-route-1700s\\\/#primaryimage\"},\"thumbnailUrl\":\"https:\\\/\\\/legendatours.com\\\/wp-content\\\/uploads\\\/sites\\\/12\\\/2021\\\/04\\\/self-guided-holidays-e1611677109925.jpg\",\"datePublished\":\"2020-03-06T14:22:11+00:00\",\"dateModified\":\"2022-01-02T22:43:19+00:00\",\"breadcrumb\":{\"@id\":\"https:\\\/\\\/legendatours.com\\\/product\\\/guadiana-grand-route-1700s\\\/#breadcrumb\"},\"inLanguage\":\"pt-PT\",\"potentialAction\":[{\"@type\":\"ReadAction\",\"target\":[\"https:\\\/\\\/legendatours.com\\\/product\\\/guadiana-grand-route-1700s\\\/\"]}]},{\"@type\":\"ImageObject\",\"inLanguage\":\"pt-PT\",\"@id\":\"https:\\\/\\\/legendatours.com\\\/product\\\/guadiana-grand-route-1700s\\\/#primaryimage\",\"url\":\"https:\\\/\\\/legendatours.com\\\/wp-content\\\/uploads\\\/sites\\\/12\\\/2021\\\/04\\\/self-guided-holidays-e1611677109925.jpg\",\"contentUrl\":\"https:\\\/\\\/legendatours.com\\\/wp-content\\\/uploads\\\/sites\\\/12\\\/2021\\\/04\\\/self-guided-holidays-e1611677109925.jpg\",\"width\":1024,\"height\":686,\"caption\":\"self-guided holidays algarve\"},{\"@type\":\"BreadcrumbList\",\"@id\":\"https:\\\/\\\/legendatours.com\\\/product\\\/guadiana-grand-route-1700s\\\/#breadcrumb\",\"itemListElement\":[{\"@type\":\"ListItem\",\"position\":1,\"name\":\"Home\",\"item\":\"https:\\\/\\\/legendatours.com\\\/\"},{\"@type\":\"ListItem\",\"position\":2,\"name\":\"Shop\",\"item\":\"https:\\\/\\\/legendatours.com\\\/sv\\\/?page_id=4\"},{\"@type\":\"ListItem\",\"position\":3,\"name\":\"Walking Holidays in Guadiana Grand Route (GR 15) Portugal\"}]},{\"@type\":\"WebSite\",\"@id\":\"https:\\\/\\\/legendatours.com\\\/#website\",\"url\":\"https:\\\/\\\/legendatours.com\\\/\",\"name\":\"Legendary Adventure DMC Portugal\",\"description\":\"Responsible Walking &amp; Nature Holidays in Portugal\",\"publisher\":{\"@id\":\"https:\\\/\\\/legendatours.com\\\/#organization\"},\"alternateName\":\"Legendary Adventure Portugal\",\"potentialAction\":[{\"@type\":\"SearchAction\",\"target\":{\"@type\":\"EntryPoint\",\"urlTemplate\":\"https:\\\/\\\/legendatours.com\\\/?s={search_term_string}\"},\"query-input\":{\"@type\":\"PropertyValueSpecification\",\"valueRequired\":true,\"valueName\":\"search_term_string\"}}],\"inLanguage\":\"pt-PT\"},{\"@type\":\"Organization\",\"@id\":\"https:\\\/\\\/legendatours.com\\\/#organization\",\"name\":\"legendatours.com\",\"url\":\"https:\\\/\\\/legendatours.com\\\/\",\"logo\":{\"@type\":\"ImageObject\",\"inLanguage\":\"pt-PT\",\"@id\":\"https:\\\/\\\/legendatours.com\\\/#\\\/schema\\\/logo\\\/image\\\/\",\"url\":\"https:\\\/\\\/legendatours.com\\\/wp-content\\\/uploads\\\/sites\\\/12\\\/2021\\\/06\\\/legendary_adventure_dmc.png\",\"contentUrl\":\"https:\\\/\\\/legendatours.com\\\/wp-content\\\/uploads\\\/sites\\\/12\\\/2021\\\/06\\\/legendary_adventure_dmc.png\",\"width\":250,\"height\":74,\"caption\":\"legendatours.com\"},\"image\":{\"@id\":\"https:\\\/\\\/legendatours.com\\\/#\\\/schema\\\/logo\\\/image\\\/\"},\"sameAs\":[\"https:\\\/\\\/www.facebook.com\\\/legendaryadventuredmc\\\/\",\"https:\\\/\\\/www.linkedin.com\\\/company\\\/legendary-adventure-dmc-portugal\",\"https:\\\/\\\/www.youtube.com\\\/channel\\\/UCOIRDx_KM6ynIcacQkZjb6g\"]}]}<\/script>\n<!-- \/ Yoast SEO Premium plugin. -->","yoast_head_json":{"title":"F\u00e9rias Pedestres na Grande Rota do Guadiana (GR 15) Portugal - Legendary Adventure DMC Portugal","robots":{"index":"index","follow":"follow","max-snippet":"max-snippet:-1","max-image-preview":"max-image-preview:large","max-video-preview":"max-video-preview:-1"},"canonical":"https:\/\/legendatours.com\/pt\/produto\/guadiana-grand-route-1700s\/","og_locale":"pt_PT","og_type":"article","og_title":"Walking Holidays in Guadiana Grand Route (GR 15) Portugal","og_description":"The Guadiana Grand Route (GR15) follows the River Guadiana as it winds through the hills and lowlands, on its way to the sea.  In this Self-Guided Walking Tour, you'll find silent and impressive landscapes in lovely nature walks, the traces of those who lived here for centuries, and very few people along the way.  The historic villages of M\u00e9rtola and Alcoutim will be our base.","og_url":"https:\/\/legendatours.com\/pt\/produto\/guadiana-grand-route-1700s\/","og_site_name":"Legendary Adventure DMC Portugal","article_publisher":"https:\/\/www.facebook.com\/legendaryadventuredmc\/","article_modified_time":"2022-01-02T22:43:19+00:00","og_image":[{"width":1024,"height":686,"url":"https:\/\/legendatours.com\/wp-content\/uploads\/sites\/12\/2021\/04\/self-guided-holidays-e1611677109925.jpg","type":"image\/jpeg"}],"twitter_card":"summary_large_image","twitter_misc":{"Tempo estimado de leitura":"2 minutos"},"schema":{"@context":"https:\/\/schema.org","@graph":[{"@type":"WebPage","@id":"https:\/\/legendatours.com\/product\/guadiana-grand-route-1700s\/","url":"https:\/\/legendatours.com\/product\/guadiana-grand-route-1700s\/","name":"F\u00e9rias Pedestres na Grande Rota do Guadiana (GR 15) Portugal - Legendary Adventure DMC Portugal","isPartOf":{"@id":"https:\/\/legendatours.com\/#website"},"primaryImageOfPage":{"@id":"https:\/\/legendatours.com\/product\/guadiana-grand-route-1700s\/#primaryimage"},"image":{"@id":"https:\/\/legendatours.com\/product\/guadiana-grand-route-1700s\/#primaryimage"},"thumbnailUrl":"https:\/\/legendatours.com\/wp-content\/uploads\/sites\/12\/2021\/04\/self-guided-holidays-e1611677109925.jpg","datePublished":"2020-03-06T14:22:11+00:00","dateModified":"2022-01-02T22:43:19+00:00","breadcrumb":{"@id":"https:\/\/legendatours.com\/product\/guadiana-grand-route-1700s\/#breadcrumb"},"inLanguage":"pt-PT","potentialAction":[{"@type":"ReadAction","target":["https:\/\/legendatours.com\/product\/guadiana-grand-route-1700s\/"]}]},{"@type":"ImageObject","inLanguage":"pt-PT","@id":"https:\/\/legendatours.com\/product\/guadiana-grand-route-1700s\/#primaryimage","url":"https:\/\/legendatours.com\/wp-content\/uploads\/sites\/12\/2021\/04\/self-guided-holidays-e1611677109925.jpg","contentUrl":"https:\/\/legendatours.com\/wp-content\/uploads\/sites\/12\/2021\/04\/self-guided-holidays-e1611677109925.jpg","width":1024,"height":686,"caption":"self-guided holidays algarve"},{"@type":"BreadcrumbList","@id":"https:\/\/legendatours.com\/product\/guadiana-grand-route-1700s\/#breadcrumb","itemListElement":[{"@type":"ListItem","position":1,"name":"Home","item":"https:\/\/legendatours.com\/"},{"@type":"ListItem","position":2,"name":"Shop","item":"https:\/\/legendatours.com\/sv\/?page_id=4"},{"@type":"ListItem","position":3,"name":"Walking Holidays in Guadiana Grand Route (GR 15) Portugal"}]},{"@type":"WebSite","@id":"https:\/\/legendatours.com\/#website","url":"https:\/\/legendatours.com\/","name":"Legendary Adventure DMC Portugal","description":"Caminhadas e F\u00e9rias na Natureza Respons\u00e1veis em Portugal","publisher":{"@id":"https:\/\/legendatours.com\/#organization"},"alternateName":"Legendary Adventure Portugal","potentialAction":[{"@type":"SearchAction","target":{"@type":"EntryPoint","urlTemplate":"https:\/\/legendatours.com\/?s={search_term_string}"},"query-input":{"@type":"PropertyValueSpecification","valueRequired":true,"valueName":"search_term_string"}}],"inLanguage":"pt-PT"},{"@type":"Organization","@id":"https:\/\/legendatours.com\/#organization","name":"legendatours.com","url":"https:\/\/legendatours.com\/","logo":{"@type":"ImageObject","inLanguage":"pt-PT","@id":"https:\/\/legendatours.com\/#\/schema\/logo\/image\/","url":"https:\/\/legendatours.com\/wp-content\/uploads\/sites\/12\/2021\/06\/legendary_adventure_dmc.png","contentUrl":"https:\/\/legendatours.com\/wp-content\/uploads\/sites\/12\/2021\/06\/legendary_adventure_dmc.png","width":250,"height":74,"caption":"legendatours.com"},"image":{"@id":"https:\/\/legendatours.com\/#\/schema\/logo\/image\/"},"sameAs":["https:\/\/www.facebook.com\/legendaryadventuredmc\/","https:\/\/www.linkedin.com\/company\/legendary-adventure-dmc-portugal","https:\/\/www.youtube.com\/channel\/UCOIRDx_KM6ynIcacQkZjb6g"]}]}},"_links":{"self":[{"href":"https:\/\/legendatours.com\/pt\/wp-json\/wp\/v2\/product\/8381","targetHints":{"allow":["GET"]}}],"collection":[{"href":"https:\/\/legendatours.com\/pt\/wp-json\/wp\/v2\/product"}],"about":[{"href":"https:\/\/legendatours.com\/pt\/wp-json\/wp\/v2\/types\/product"}],"replies":[{"embeddable":true,"href":"https:\/\/legendatours.com\/pt\/wp-json\/wp\/v2\/comments?post=8381"}],"wp:featuredmedia":[{"embeddable":true,"href":"https:\/\/legendatours.com\/pt\/wp-json\/wp\/v2\/media\/8380"}],"wp:attachment":[{"href":"https:\/\/legendatours.com\/pt\/wp-json\/wp\/v2\/media?parent=8381"}],"wp:term":[{"taxonomy":"product_brand","embeddable":true,"href":"https:\/\/legendatours.com\/pt\/wp-json\/wp\/v2\/product_brand?post=8381"},{"taxonomy":"product_cat","embeddable":true,"href":"https:\/\/legendatours.com\/pt\/wp-json\/wp\/v2\/product_cat?post=8381"},{"taxonomy":"product_tag","embeddable":true,"href":"https:\/\/legendatours.com\/pt\/wp-json\/wp\/v2\/product_tag?post=8381"}],"curies":[{"name":"wp","href":"https:\/\/api.w.org\/{rel}","templated":true}]}}