{"id":8400,"date":"2020-03-06T13:15:51","date_gmt":"2020-03-06T13:15:51","guid":{"rendered":"https:\/\/legendatours.com\/product\/holidays-in-portimao-rambling-in-the-west-algarve\/"},"modified":"2025-03-10T12:18:02","modified_gmt":"2025-03-10T12:18:02","slug":"rambling-in-the-west-algarve-portimao-1600s","status":"publish","type":"product","link":"https:\/\/legendatours.com\/pt\/produto\/rambling-in-the-west-algarve-portimao-1600s\/","title":{"rendered":"F\u00e9rias em Portim\u00e3o: Passeios no Oeste Algarve"},"content":{"rendered":"<p>Rambling no Barlavento Algarvio \u00e9 um excitante passeio a p\u00e9 autoguiado num destino paradis\u00edaco para caminhantes. O clima \u00e9 perfeito para caminhadas durante a maior parte do ano, e o campo est\u00e1 repleto de vida selvagem, flores coloridas e aldeias pitorescas. O litoral possui impressionantes forma\u00e7\u00f5es rochosas, fal\u00e9sias, praias isoladas e incr\u00edveis paisagens marinhas azuis. A base do nosso passeio \u00e9 Portim\u00e3o, nas margens do Rio Arade, uma cidade com um ambiente discreto e descontra\u00eddo. A adjacente Praia da Rocha \u00e9 uma das est\u00e2ncias balneares mais c\u00e9nicas e famosas do Algarve.<\/p>\n<div id=\"attachment_1923\" style=\"width: 1034px\" class=\"wp-caption alignnone\"><img loading=\"lazy\" decoding=\"async\" aria-describedby=\"caption-attachment-1923\" class=\"wp-image-1923 size-large\" title=\"F\u00e9rias a p\u00e9 com amigos no Oeste do Algarve\" src=\"https:\/\/legendatours.net\/wp-content\/uploads\/2020\/03\/Walking-with-friends-in-the-West-Algarve-1024x685.jpg\" alt=\"Walking holidays with friends in the West Algarve\" width=\"1024\" height=\"685\" \/><p id=\"caption-attachment-1923\" class=\"wp-caption-text\">As melhores f\u00e9rias a p\u00e9 com amigos no Barlavento Algarvio<\/p><\/div>\n<p>Os passeios nesta visita autoguiada cuidadosamente elaborada v\u00e3o permitir-lhe descobrir o Barlavento Algarvio de uma forma muito \u00fanica. Fabulosas caminhadas ao longo da costa com forma\u00e7\u00f5es rochosas espetaculares, cavernas, belas praias tranquilas, fal\u00e9sias escarpadas com paisagens marinhas inesquec\u00edveis e pitorescas vilas de pescadores.<\/p>\n<p>Inesperadas caminhadas pelo interior em locais onde a vida gira em torno das esta\u00e7\u00f5es do ano, principalmente em caminhos n\u00e3o tur\u00edsticos, fora dos roteiros mais conhecidos, dando-nos uma vis\u00e3o do modo de vida tradicional algarvio enquanto caminhamos por antigas terras agr\u00edcolas, pequenas quintas e pomares perfumados.<\/p>\n<p>O belo Rio Arade e as suas f\u00e9rteis margens, levam a Silves a antiga capital moura do Algarve.<\/p>\n<div id=\"attachment_1898\" style=\"width: 1034px\" class=\"wp-caption alignnone\"><img loading=\"lazy\" decoding=\"async\" aria-describedby=\"caption-attachment-1898\" class=\"wp-image-1898 size-large\" title=\"Encantadoras casas azuis no Barlavento Algarvio\" src=\"https:\/\/legendatours.net\/wp-content\/uploads\/2020\/03\/Charming-blue-houses-in-the-West-Algarve-1024x685.jpg\" alt=\"Walking in the West Algarve Ferragudo\" width=\"1024\" height=\"685\" \/><p id=\"caption-attachment-1898\" class=\"wp-caption-text\">Encantadoras casas azuis no Barlavento Algarvio, uma parte do mundo de tirar o f\u00f4lego para passear.<\/p><\/div>\n<p>O abrigado estu\u00e1rio de Alvor \u00e9 um para\u00edso natural com uma grande variedade de habitats e rica biodiversidade. As caminhadas usam caminhos e becos tranquilos para nos levar por uma variedade de paisagens de sapais, terras agr\u00edcolas, pastagens e pomares. \u00c9 \u00f3timo para observa\u00e7\u00e3o de p\u00e1ssaros, ent\u00e3o leve seus bin\u00f3culos!<\/p>\n<p>L\u00e1 podemos apreciar os azuis e verdes em constante mudan\u00e7a das lagoas interiores, bem como a bela Rocha Delicada (&#039;Rocha Delicada&#039; ou &#039;Rocha Elegante&#039;), uma forma\u00e7\u00e3o rochosa ocre.<\/p>\n<p>A pitoresca vila de Ferragudo, um excelente exemplo de uma t\u00edpica vila piscat\u00f3ria, com uma variedade de barcos de pesca coloridos e casas caiadas de branco forradas de azul fresco.<\/p>\n<p>Este passeio a p\u00e9 autoguiado no oeste do Algarve realmente tem algo para todos, e voc\u00ea ser\u00e1 mimado pela variedade e beleza dos locais de caminhada.<\/p>\n<p>A luz e o clima do Barlavento Algarvio s\u00e3o fant\u00e1sticos, mesmo durante os meses de inverno, tornando-a uma regi\u00e3o encantadora para caminhadas e atividades na natureza. Nas pequenas ruas de paralelep\u00edpedos de aldeias pitorescas, voc\u00ea encontrar\u00e1 casas caiadas de branco, caf\u00e9s e um modo de vida tranquilo.<\/p>\n<div id=\"attachment_1899\" style=\"width: 1034px\" class=\"wp-caption alignnone\"><img loading=\"lazy\" decoding=\"async\" aria-describedby=\"caption-attachment-1899\" class=\"wp-image-1899 size-large\" title=\"passeio litoral algarvio\" src=\"https:\/\/legendatours.net\/wp-content\/uploads\/2020\/03\/coastal_walk-1024x685.jpg\" alt=\"Algarve coastal walk\" width=\"1024\" height=\"685\" \/><p id=\"caption-attachment-1899\" class=\"wp-caption-text\">Passeio costeiro algarvio. Um fant\u00e1stico roteiro de caminhadas, desenhado por l\u00edderes residentes locais.<\/p><\/div>\n<p>Em qualquer parte do Barlavento Algarvio que os seus trilhos de caminhada o levem, encontrar\u00e1 pessoas acolhedoras e simp\u00e1ticas, excelentes vinhos locais e comida deliciosa, desde o peixe mais fresco aos pratos regionais cheios de sabor.<\/p>\n<p>Para ficar sob a pele do Barlavento Algarvio e v\u00ea-lo no seu melhor, aproveite os nossos passeios criteriosos, pois combinam todos os ingredientes para umas f\u00e9rias a p\u00e9 perfeitas, ao mesmo tempo que d\u00e3o uma verdadeira sensa\u00e7\u00e3o de lugar.<\/p>\n<p>Certamente \u00e9 para isso que oferecemos este passeio a p\u00e9: Rambling no Barlavento Algarvio, com sede em Portim\u00e3o!<\/p>\n<p>Nossos passeios a p\u00e9 autoguiados s\u00e3o cuidadosamente planejados e incluem todas as informa\u00e7\u00f5es que voc\u00ea precisa, desde mapas detalhados e notas de rota at\u00e9 uma linha direta 24 horas. O alojamento, os transfers para o aeroporto e os transportes est\u00e3o inclu\u00eddos no programa de caminhada.<\/p>\n<p>&nbsp;<\/p>\n<p>&nbsp;<\/p>\n<div class=\"row\">\n<div class=\"column\" style=\"flex: 45%\"><\/div>\n<div class=\"column\" style=\"flex: 10%\"><\/div>\n<div class=\"column\" style=\"flex: 45%\">\n<p><iframe loading=\"lazy\" title=\"Alvor Tour - Algarve - Portugal HD\" width=\"1080\" height=\"608\" src=\"https:\/\/www.youtube.com\/embed\/VJnXsd5Apt8?feature=oembed\" frameborder=\"0\" allow=\"accelerometer; autoplay; clipboard-write; encrypted-media; gyroscope; picture-in-picture\" allowfullscreen><\/iframe><\/p>\n<\/div>\n<\/div>","protected":false},"excerpt":{"rendered":"<p>Rambling no Barlavento Algarvio \u00e9 um excitante passeio a p\u00e9 autoguiado num destino paradis\u00edaco para caminhantes. O clima \u00e9 perfeito para caminhadas durante a maior parte do ano, e o campo est\u00e1 repleto de vida selvagem, flores coloridas e aldeias pitorescas. O litoral possui impressionantes forma\u00e7\u00f5es rochosas, fal\u00e9sias, praias isoladas e incr\u00edveis paisagens marinhas azuis. A base do nosso passeio \u00e9 Portim\u00e3o, nas margens do Rio Arade, uma cidade com um ambiente discreto e descontra\u00eddo. A adjacente Praia da Rocha \u00e9 uma das est\u00e2ncias balneares mais c\u00e9nicas e famosas do Algarve.<\/p>","protected":false},"featured_media":8218,"comment_status":"closed","ping_status":"closed","template":"","meta":{"_acf_changed":false,"inline_featured_image":false},"product_brand":[],"product_cat":[301,856],"product_tag":[147,149,631,647,852,306,827,633,1053,428,1054,867,34,850,681,153,811,214,337,730,154,155,86,1055,732,900,682,156,218,1056,758,313,759,760,761,762,868,93,683,271,99,745,162,1057,1058,558,860,861,747,165,106,640,60,341,641,1059,167,764,765,766,767,768,788,973,1041,319,328,1023,728,753,228,343,322,770,1060,324,1061,864,771,684,685,933,1042,325,772,326,1049,121,756,180,421,757,645,422,785,145],"class_list":{"0":"post-8400","1":"product","2":"type-product","3":"status-publish","4":"has-post-thumbnail","6":"product_cat-self-guided-tours-portugal","7":"product_cat-self-guided-walking-holidays","8":"product_tag-algarve","9":"product_tag-algarve-flowers","10":"product_tag-algarve-rock-formations","11":"product_tag-algarve-secluded-beaches","12":"product_tag-algarve-villages","13":"product_tag-alleine-reisen","14":"product_tag-almonds","15":"product_tag-alvor","16":"product_tag-beautiful-quiet-beaches","17":"product_tag-bird-watching","18":"product_tag-blue-seascapes","19":"product_tag-carobs","20":"product_tag-caves","21":"product_tag-cliff-top","22":"product_tag-cliffs","23":"product_tag-countryside","24":"product_tag-crafted-self-guided-tour","25":"product_tag-culture","26":"product_tag-delicious-food","27":"product_tag-discover-the-west-algarve","28":"product_tag-east-algarve","29":"product_tag-europe","30":"product_tag-fabulous-walks-along-the-coast","31":"product_tag-famous-beach-resorts-in-the-algarve","32":"product_tag-golden-beaches","33":"product_tag-green-countryside","34":"product_tag-grottoes","35":"product_tag-hiking","36":"product_tag-history","37":"product_tag-impressive-rock-formations","38":"product_tag-individual-hiking","39":"product_tag-individuelle-touren","40":"product_tag-individuelle-trekkingreisen","41":"product_tag-individuelle-wandern","42":"product_tag-individuelle-wanderreisen","43":"product_tag-individuelle-wandertouren","44":"product_tag-inland-algarve","45":"product_tag-inland-walks","46":"product_tag-limestone-rocks","47":"product_tag-lush-green-hills","48":"product_tag-natural-scenery","49":"product_tag-nature-hikes","50":"product_tag-nature-walks","51":"product_tag-non-touristic-paths","52":"product_tag-off-the-beaten-track","53":"product_tag-olives","54":"product_tag-oranges","55":"product_tag-orchards","56":"product_tag-paths","57":"product_tag-perfect-for-hiking","58":"product_tag-picturesque-landscapes","59":"product_tag-portimao","60":"product_tag-portugal","61":"product_tag-portugal-great-food-and-wine","62":"product_tag-praia-da-rocha","63":"product_tag-quaint-fishing-villages","64":"product_tag-rambling","65":"product_tag-rando-autoguidee","66":"product_tag-rando-liberte","67":"product_tag-randonnee-autoguidee","68":"product_tag-randonnee-en-liberte","69":"product_tag-randonnee-liberte","70":"product_tag-ria-de-alvor","71":"product_tag-river-arade","72":"product_tag-rocha-delicada","73":"product_tag-sejour-en-liberte","74":"product_tag-self-guided","75":"product_tag-self-guided-walking","76":"product_tag-self-guided-walking-holiday","77":"product_tag-self-guided-walking-tour","78":"product_tag-sightseeing","79":"product_tag-silves","80":"product_tag-solo-reisen","81":"product_tag-solo-wandern","82":"product_tag-spectacular-rock-formations","83":"product_tag-tours-autoguidees","84":"product_tag-traditional-algarvian-way-of-life","85":"product_tag-trails","86":"product_tag-trek-en-liberte","87":"product_tag-trek-solo","88":"product_tag-trekking-solo","89":"product_tag-undisturbed-places-in-portugal","90":"product_tag-vale-da-lama","91":"product_tag-voyage-en-liberte","92":"product_tag-voyages-a-pied-en-liberte","93":"product_tag-voyages-en-autonomie","94":"product_tag-walkers-paradise","95":"product_tag-walking","96":"product_tag-walking-holiday","97":"product_tag-walking-tour","98":"product_tag-walking-trails","99":"product_tag-walks","100":"product_tag-west-algarve","101":"product_tag-wild-flowers","102":"product_tag-wildlife-algarve","103":"product_tag-wines","105":"first","106":"instock","107":"virtual","108":"product-type-simple"},"acf":[],"yoast_head":"<!-- This site is optimized with the Yoast SEO Premium plugin v26.8 (Yoast SEO v27.5) - https:\/\/yoast.com\/product\/yoast-seo-premium-wordpress\/ -->\n<title>Holidays in Portim\u00e3o: Rambling in the West Algarve - Legendary Adventure DMC Portugal<\/title>\n<meta name=\"description\" content=\"An exciting Self-Guided tour in the West Algarve, a true walker\u2019s paradise destination, where the climate is perfect for hiking for most of the year.\" \/>\n<meta name=\"robots\" content=\"index, follow, max-snippet:-1, max-image-preview:large, max-video-preview:-1\" \/>\n<link rel=\"canonical\" href=\"https:\/\/legendatours.com\/pt\/produto\/rambling-in-the-west-algarve-portimao-1600s\/\" \/>\n<meta property=\"og:locale\" content=\"pt_PT\" \/>\n<meta property=\"og:type\" content=\"article\" \/>\n<meta property=\"og:title\" content=\"Holidays in Portim\u00e3o: Rambling in the West Algarve\" \/>\n<meta property=\"og:description\" content=\"An exciting Self-Guided tour in the West Algarve, a true walker\u2019s paradise destination, where the climate is perfect for hiking for most of the year.\" \/>\n<meta property=\"og:url\" content=\"https:\/\/legendatours.com\/pt\/produto\/rambling-in-the-west-algarve-portimao-1600s\/\" \/>\n<meta property=\"og:site_name\" content=\"Legendary Adventure DMC Portugal\" \/>\n<meta property=\"article:publisher\" content=\"https:\/\/www.facebook.com\/legendaryadventuredmc\/\" \/>\n<meta property=\"article:modified_time\" content=\"2025-03-10T12:18:02+00:00\" \/>\n<meta property=\"og:image\" content=\"https:\/\/legendatours.com\/wp-content\/uploads\/sites\/12\/2021\/04\/Self_Guided_Walking_West_Algarve-e1611678020577.jpg\" \/>\n\t<meta property=\"og:image:width\" content=\"1024\" \/>\n\t<meta property=\"og:image:height\" content=\"685\" \/>\n\t<meta property=\"og:image:type\" content=\"image\/jpeg\" \/>\n<meta name=\"twitter:card\" content=\"summary_large_image\" \/>\n<meta name=\"twitter:label1\" content=\"Tempo estimado de leitura\" \/>\n\t<meta name=\"twitter:data1\" content=\"3 minutos\" \/>\n<script type=\"application\/ld+json\" class=\"yoast-schema-graph\">{\"@context\":\"https:\\\/\\\/schema.org\",\"@graph\":[{\"@type\":\"WebPage\",\"@id\":\"https:\\\/\\\/legendatours.com\\\/product\\\/rambling-in-the-west-algarve-portimao-1600s\\\/\",\"url\":\"https:\\\/\\\/legendatours.com\\\/product\\\/rambling-in-the-west-algarve-portimao-1600s\\\/\",\"name\":\"Holidays in Portim\u00e3o: Rambling in the West Algarve - Legendary Adventure DMC Portugal\",\"isPartOf\":{\"@id\":\"https:\\\/\\\/legendatours.com\\\/#website\"},\"primaryImageOfPage\":{\"@id\":\"https:\\\/\\\/legendatours.com\\\/product\\\/rambling-in-the-west-algarve-portimao-1600s\\\/#primaryimage\"},\"image\":{\"@id\":\"https:\\\/\\\/legendatours.com\\\/product\\\/rambling-in-the-west-algarve-portimao-1600s\\\/#primaryimage\"},\"thumbnailUrl\":\"https:\\\/\\\/legendatours.com\\\/wp-content\\\/uploads\\\/sites\\\/12\\\/2021\\\/04\\\/Self_Guided_Walking_West_Algarve-e1611678020577.jpg\",\"datePublished\":\"2020-03-06T13:15:51+00:00\",\"dateModified\":\"2025-03-10T12:18:02+00:00\",\"description\":\"An exciting Self-Guided tour in the West Algarve, a true walker\u2019s paradise destination, where the climate is perfect for hiking for most of the year.\",\"breadcrumb\":{\"@id\":\"https:\\\/\\\/legendatours.com\\\/product\\\/rambling-in-the-west-algarve-portimao-1600s\\\/#breadcrumb\"},\"inLanguage\":\"pt-PT\",\"potentialAction\":[{\"@type\":\"ReadAction\",\"target\":[\"https:\\\/\\\/legendatours.com\\\/product\\\/rambling-in-the-west-algarve-portimao-1600s\\\/\"]}]},{\"@type\":\"ImageObject\",\"inLanguage\":\"pt-PT\",\"@id\":\"https:\\\/\\\/legendatours.com\\\/product\\\/rambling-in-the-west-algarve-portimao-1600s\\\/#primaryimage\",\"url\":\"https:\\\/\\\/legendatours.com\\\/wp-content\\\/uploads\\\/sites\\\/12\\\/2021\\\/04\\\/Self_Guided_Walking_West_Algarve-e1611678020577.jpg\",\"contentUrl\":\"https:\\\/\\\/legendatours.com\\\/wp-content\\\/uploads\\\/sites\\\/12\\\/2021\\\/04\\\/Self_Guided_Walking_West_Algarve-e1611678020577.jpg\",\"width\":1024,\"height\":685,\"caption\":\"Self Guided Walking West Algarve\"},{\"@type\":\"BreadcrumbList\",\"@id\":\"https:\\\/\\\/legendatours.com\\\/product\\\/rambling-in-the-west-algarve-portimao-1600s\\\/#breadcrumb\",\"itemListElement\":[{\"@type\":\"ListItem\",\"position\":1,\"name\":\"Home\",\"item\":\"https:\\\/\\\/legendatours.com\\\/\"},{\"@type\":\"ListItem\",\"position\":2,\"name\":\"Shop\",\"item\":\"https:\\\/\\\/legendatours.com\\\/sv\\\/?page_id=4\"},{\"@type\":\"ListItem\",\"position\":3,\"name\":\"Rambling in the West Algarve (Portimao) Rambling in the West Algarve is an exciting Self-Guided walking tour in a walker\u2019s paradise destination. The climate is perfect for hiking for most of the year, and the countryside teems with wildlife, bright coloured flowers, and picturesque villages. The coastline boasts impressive rock formations, cliffs, secluded beaches and amazing blue seascapes. The base of our tour is Portim\u00e3o, on the banks of the River Arade, a town with a low-key and relaxed ambience. The adjoining Praia da Rocha is one of the most scenic and famous beach resorts in the Algarve.\"}]},{\"@type\":\"WebSite\",\"@id\":\"https:\\\/\\\/legendatours.com\\\/#website\",\"url\":\"https:\\\/\\\/legendatours.com\\\/\",\"name\":\"Legendary Adventure DMC Portugal\",\"description\":\"Responsible Walking &amp; Nature Holidays in Portugal\",\"publisher\":{\"@id\":\"https:\\\/\\\/legendatours.com\\\/#organization\"},\"alternateName\":\"Legendary Adventure Portugal\",\"potentialAction\":[{\"@type\":\"SearchAction\",\"target\":{\"@type\":\"EntryPoint\",\"urlTemplate\":\"https:\\\/\\\/legendatours.com\\\/?s={search_term_string}\"},\"query-input\":{\"@type\":\"PropertyValueSpecification\",\"valueRequired\":true,\"valueName\":\"search_term_string\"}}],\"inLanguage\":\"pt-PT\"},{\"@type\":\"Organization\",\"@id\":\"https:\\\/\\\/legendatours.com\\\/#organization\",\"name\":\"legendatours.com\",\"url\":\"https:\\\/\\\/legendatours.com\\\/\",\"logo\":{\"@type\":\"ImageObject\",\"inLanguage\":\"pt-PT\",\"@id\":\"https:\\\/\\\/legendatours.com\\\/#\\\/schema\\\/logo\\\/image\\\/\",\"url\":\"https:\\\/\\\/legendatours.com\\\/wp-content\\\/uploads\\\/sites\\\/12\\\/2021\\\/06\\\/legendary_adventure_dmc.png\",\"contentUrl\":\"https:\\\/\\\/legendatours.com\\\/wp-content\\\/uploads\\\/sites\\\/12\\\/2021\\\/06\\\/legendary_adventure_dmc.png\",\"width\":250,\"height\":74,\"caption\":\"legendatours.com\"},\"image\":{\"@id\":\"https:\\\/\\\/legendatours.com\\\/#\\\/schema\\\/logo\\\/image\\\/\"},\"sameAs\":[\"https:\\\/\\\/www.facebook.com\\\/legendaryadventuredmc\\\/\",\"https:\\\/\\\/www.linkedin.com\\\/company\\\/legendary-adventure-dmc-portugal\",\"https:\\\/\\\/www.youtube.com\\\/channel\\\/UCOIRDx_KM6ynIcacQkZjb6g\"]}]}<\/script>\n<!-- \/ Yoast SEO Premium plugin. -->","yoast_head_json":{"title":"F\u00e9rias em Portim\u00e3o: Passeios pelo Barlavento Algarvio - Aventura Lend\u00e1ria DMC Portugal","description":"Um emocionante passeio autoguiado no Algarve Ocidental, um verdadeiro para\u00edso para os caminhantes, onde o clima \u00e9 perfeito para caminhadas durante a maior parte do ano.","robots":{"index":"index","follow":"follow","max-snippet":"max-snippet:-1","max-image-preview":"max-image-preview:large","max-video-preview":"max-video-preview:-1"},"canonical":"https:\/\/legendatours.com\/pt\/produto\/rambling-in-the-west-algarve-portimao-1600s\/","og_locale":"pt_PT","og_type":"article","og_title":"Holidays in Portim\u00e3o: Rambling in the West Algarve","og_description":"An exciting Self-Guided tour in the West Algarve, a true walker\u2019s paradise destination, where the climate is perfect for hiking for most of the year.","og_url":"https:\/\/legendatours.com\/pt\/produto\/rambling-in-the-west-algarve-portimao-1600s\/","og_site_name":"Legendary Adventure DMC Portugal","article_publisher":"https:\/\/www.facebook.com\/legendaryadventuredmc\/","article_modified_time":"2025-03-10T12:18:02+00:00","og_image":[{"width":1024,"height":685,"url":"https:\/\/legendatours.com\/wp-content\/uploads\/sites\/12\/2021\/04\/Self_Guided_Walking_West_Algarve-e1611678020577.jpg","type":"image\/jpeg"}],"twitter_card":"summary_large_image","twitter_misc":{"Tempo estimado de leitura":"3 minutos"},"schema":{"@context":"https:\/\/schema.org","@graph":[{"@type":"WebPage","@id":"https:\/\/legendatours.com\/product\/rambling-in-the-west-algarve-portimao-1600s\/","url":"https:\/\/legendatours.com\/product\/rambling-in-the-west-algarve-portimao-1600s\/","name":"F\u00e9rias em Portim\u00e3o: Passeios pelo Barlavento Algarvio - Aventura Lend\u00e1ria DMC Portugal","isPartOf":{"@id":"https:\/\/legendatours.com\/#website"},"primaryImageOfPage":{"@id":"https:\/\/legendatours.com\/product\/rambling-in-the-west-algarve-portimao-1600s\/#primaryimage"},"image":{"@id":"https:\/\/legendatours.com\/product\/rambling-in-the-west-algarve-portimao-1600s\/#primaryimage"},"thumbnailUrl":"https:\/\/legendatours.com\/wp-content\/uploads\/sites\/12\/2021\/04\/Self_Guided_Walking_West_Algarve-e1611678020577.jpg","datePublished":"2020-03-06T13:15:51+00:00","dateModified":"2025-03-10T12:18:02+00:00","description":"Um emocionante passeio autoguiado no Algarve Ocidental, um verdadeiro para\u00edso para os caminhantes, onde o clima \u00e9 perfeito para caminhadas durante a maior parte do ano.","breadcrumb":{"@id":"https:\/\/legendatours.com\/product\/rambling-in-the-west-algarve-portimao-1600s\/#breadcrumb"},"inLanguage":"pt-PT","potentialAction":[{"@type":"ReadAction","target":["https:\/\/legendatours.com\/product\/rambling-in-the-west-algarve-portimao-1600s\/"]}]},{"@type":"ImageObject","inLanguage":"pt-PT","@id":"https:\/\/legendatours.com\/product\/rambling-in-the-west-algarve-portimao-1600s\/#primaryimage","url":"https:\/\/legendatours.com\/wp-content\/uploads\/sites\/12\/2021\/04\/Self_Guided_Walking_West_Algarve-e1611678020577.jpg","contentUrl":"https:\/\/legendatours.com\/wp-content\/uploads\/sites\/12\/2021\/04\/Self_Guided_Walking_West_Algarve-e1611678020577.jpg","width":1024,"height":685,"caption":"Self Guided Walking West Algarve"},{"@type":"BreadcrumbList","@id":"https:\/\/legendatours.com\/product\/rambling-in-the-west-algarve-portimao-1600s\/#breadcrumb","itemListElement":[{"@type":"ListItem","position":1,"name":"Home","item":"https:\/\/legendatours.com\/"},{"@type":"ListItem","position":2,"name":"Shop","item":"https:\/\/legendatours.com\/sv\/?page_id=4"},{"@type":"ListItem","position":3,"name":"Rambling in the West Algarve (Portimao) Rambling in the West Algarve is an exciting Self-Guided walking tour in a walker\u2019s paradise destination. The climate is perfect for hiking for most of the year, and the countryside teems with wildlife, bright coloured flowers, and picturesque villages. The coastline boasts impressive rock formations, cliffs, secluded beaches and amazing blue seascapes. The base of our tour is Portim\u00e3o, on the banks of the River Arade, a town with a low-key and relaxed ambience. The adjoining Praia da Rocha is one of the most scenic and famous beach resorts in the Algarve."}]},{"@type":"WebSite","@id":"https:\/\/legendatours.com\/#website","url":"https:\/\/legendatours.com\/","name":"Legendary Adventure DMC Portugal","description":"Caminhadas e F\u00e9rias na Natureza Respons\u00e1veis em Portugal","publisher":{"@id":"https:\/\/legendatours.com\/#organization"},"alternateName":"Legendary Adventure Portugal","potentialAction":[{"@type":"SearchAction","target":{"@type":"EntryPoint","urlTemplate":"https:\/\/legendatours.com\/?s={search_term_string}"},"query-input":{"@type":"PropertyValueSpecification","valueRequired":true,"valueName":"search_term_string"}}],"inLanguage":"pt-PT"},{"@type":"Organization","@id":"https:\/\/legendatours.com\/#organization","name":"legendatours.com","url":"https:\/\/legendatours.com\/","logo":{"@type":"ImageObject","inLanguage":"pt-PT","@id":"https:\/\/legendatours.com\/#\/schema\/logo\/image\/","url":"https:\/\/legendatours.com\/wp-content\/uploads\/sites\/12\/2021\/06\/legendary_adventure_dmc.png","contentUrl":"https:\/\/legendatours.com\/wp-content\/uploads\/sites\/12\/2021\/06\/legendary_adventure_dmc.png","width":250,"height":74,"caption":"legendatours.com"},"image":{"@id":"https:\/\/legendatours.com\/#\/schema\/logo\/image\/"},"sameAs":["https:\/\/www.facebook.com\/legendaryadventuredmc\/","https:\/\/www.linkedin.com\/company\/legendary-adventure-dmc-portugal","https:\/\/www.youtube.com\/channel\/UCOIRDx_KM6ynIcacQkZjb6g"]}]}},"_links":{"self":[{"href":"https:\/\/legendatours.com\/pt\/wp-json\/wp\/v2\/product\/8400","targetHints":{"allow":["GET"]}}],"collection":[{"href":"https:\/\/legendatours.com\/pt\/wp-json\/wp\/v2\/product"}],"about":[{"href":"https:\/\/legendatours.com\/pt\/wp-json\/wp\/v2\/types\/product"}],"replies":[{"embeddable":true,"href":"https:\/\/legendatours.com\/pt\/wp-json\/wp\/v2\/comments?post=8400"}],"wp:featuredmedia":[{"embeddable":true,"href":"https:\/\/legendatours.com\/pt\/wp-json\/wp\/v2\/media\/8218"}],"wp:attachment":[{"href":"https:\/\/legendatours.com\/pt\/wp-json\/wp\/v2\/media?parent=8400"}],"wp:term":[{"taxonomy":"product_brand","embeddable":true,"href":"https:\/\/legendatours.com\/pt\/wp-json\/wp\/v2\/product_brand?post=8400"},{"taxonomy":"product_cat","embeddable":true,"href":"https:\/\/legendatours.com\/pt\/wp-json\/wp\/v2\/product_cat?post=8400"},{"taxonomy":"product_tag","embeddable":true,"href":"https:\/\/legendatours.com\/pt\/wp-json\/wp\/v2\/product_tag?post=8400"}],"curies":[{"name":"wp","href":"https:\/\/api.w.org\/{rel}","templated":true}]}}