{"id":8415,"date":"2020-03-06T13:14:13","date_gmt":"2020-03-06T13:14:13","guid":{"rendered":"https:\/\/legendatours.com\/product\/walking-holidays-in-geres-and-castro-laboreiro-the-wild-portugal\/"},"modified":"2022-01-02T22:50:26","modified_gmt":"2022-01-02T22:50:26","slug":"geres-the-wild-portugal-castro-laboreiro-1401s","status":"publish","type":"product","link":"https:\/\/legendatours.com\/pt\/produto\/geres-the-wild-portugal-castro-laboreiro-1401s\/","title":{"rendered":"F\u00e9rias Pedestres no Ger\u00eas e Castro Laboreiro: O Portugal Selvagem"},"content":{"rendered":"<p>Este \u00e9 um passeio para caminhantes aventureiros e amantes da vida selvagem, seguindo trilhas que cortam cachoeiras estrondosas, bosques de carvalhos verdes, charnecas atapetadas com flores silvestres, caminhos rochosos desafiadores e piscinas naturais refrescantes.<\/p>\n<div id=\"attachment_2780\" style=\"width: 1034px\" class=\"wp-caption alignnone\"><img loading=\"lazy\" decoding=\"async\" aria-describedby=\"caption-attachment-2780\" class=\"wp-image-2780 size-large\" title=\"Parque Nacional da Peneda Portugal\" src=\"https:\/\/legendatours.net\/wp-content\/uploads\/2020\/07\/Castro_laboreiro_roman-bridge-1024x655.jpg\" alt=\"Peneda National Park Portugal\" width=\"1024\" height=\"655\" \/><p id=\"caption-attachment-2780\" class=\"wp-caption-text\">Ponte de Castro Laboreiro. O Parque Nacional da Peneda-Ger\u00eas \u00e9 um ambiente requintado e de rara beleza.<\/p><\/div>\n<p>Criada em 1971 para preservar as belezas naturais da regi\u00e3o, as suas pr\u00e1ticas tradicionais locais e estilos de vida, a Peneda-Ger\u00eas \u00e9 o \u00fanico Parque Nacional de Portugal. Uma mistura atraente de natureza selvagem e civiliza\u00e7\u00e3o, o parque tem uma topografia dram\u00e1tica e de cair o queixo. O terreno \u00e9 rochoso, acidentado e montanhoso, a biodiversidade \u00e9 incr\u00edvel, reunindo esp\u00e9cies end\u00eamicas como o p\u00f4nei selvagem (garranos), o veado (estampado no logotipo do parque) e o amea\u00e7ado lobo ib\u00e9rico.<\/p>\n<p>A regi\u00e3o possui um rico patrim\u00f3nio hist\u00f3rico e cultural com vest\u00edgios megal\u00edticos e romanos (castelos, pontes, moinhos, represas, fornos, etc.). Pequenas igrejas antigas e outras estruturas religiosas pontilham a paisagem. No Vale da Peneda, um dos nossos passeios desce ao longo do Rio Peneda at\u00e9 um centro de peregrina\u00e7\u00e3o emblem\u00e1tico com um santu\u00e1rio not\u00e1vel e uma grande escadaria.<\/p>\n<p>Voc\u00ea encontrar\u00e1 aglomerados de celeiros pitorescos constru\u00eddos de granito que ainda s\u00e3o usados pelos fazendeiros locais para armazenar milho. Essas casas de pedra em miniatura s\u00e3o elevadas e cobertas por uma cruz para aben\u00e7oar as planta\u00e7\u00f5es e manter o diabo e as pragas longe.<\/p>\n<div id=\"attachment_2781\" style=\"width: 1034px\" class=\"wp-caption alignnone\"><img loading=\"lazy\" decoding=\"async\" aria-describedby=\"caption-attachment-2781\" class=\"wp-image-2781 size-large\" src=\"https:\/\/legendatours.net\/wp-content\/uploads\/2020\/07\/Geres-1-1024x604.jpg\" alt=\"Outstanding beauty Peneda National Park: Portugal\" width=\"1024\" height=\"604\" \/><p id=\"caption-attachment-2781\" class=\"wp-caption-text\">Geres. Este parque nacional cont\u00e9m algumas das mais belas e variadas paisagens de todo o pa\u00eds.<\/p><\/div>\n<p>Pequenas aldeias tradicionais de montanha, que permaneceram inalteradas durante s\u00e9culos, s\u00e3o tamb\u00e9m constru\u00eddas com granito, fundindo-se na perfei\u00e7\u00e3o com as majestosas montanhas acinzentadas do Parque Natural da Peneda-Ger\u00eas, emergindo das paisagens mais verdes. O l\u00edrio do Ger\u00eas, flor azul-violeta end\u00e9mica do parque, salpica a paisagem na primavera, oferecendo um espet\u00e1culo natural.<\/p>\n<p>Aqui, o tempo parece ter parado, mas as montanhas est\u00e3o bem vivas. Os habitantes locais ainda vivem da terra, da colheita de cereais e da cria\u00e7\u00e3o do espl\u00eandido gado de chifre longo (voc\u00ea os encontrar\u00e1 vagando livremente pelas ruas). A coexist\u00eancia harmoniosa do homem e da natureza \u00e9 a chave do charme do parque.<\/p>\n<p>A comida da montanha \u00e9 despretensiosa, substancial e deliciosa. Combine-o com um copo (ou ta\u00e7a, tradicional nesta regi\u00e3o!) De Vinho Verde, um vinho ligeiramente espumante ap\u00f3s um dia a explorar e tem de tudo!<\/p>\n<div class=\"row\" style=\"display: flex;\">\n<div class=\"column\" style=\"flex: 45%;\">\n<p><iframe loading=\"lazy\" title=\"Parque Nacional da Peneda-Ger\u00eas\" width=\"1080\" height=\"608\" src=\"https:\/\/www.youtube.com\/embed\/secPw1_xhEw?feature=oembed\" frameborder=\"0\" allow=\"accelerometer; autoplay; clipboard-write; encrypted-media; gyroscope; picture-in-picture\" allowfullscreen><\/iframe><\/p>\n<\/div>\n<div class=\"column\" style=\"flex: 10%;\"><\/div>\n<div class=\"column\" style=\"flex: 45%;\">\n<p><iframe loading=\"lazy\" title=\"Altominho Vias Verdes\" width=\"1080\" height=\"608\" src=\"https:\/\/www.youtube.com\/embed\/xgW_2cJGXT8?feature=oembed\" frameborder=\"0\" allow=\"accelerometer; autoplay; clipboard-write; encrypted-media; gyroscope; picture-in-picture\" allowfullscreen><\/iframe><\/p>\n<\/div>\n<\/div>","protected":false},"excerpt":{"rendered":"<p>Este \u00e9 um passeio para caminhantes aventureiros e amantes da vida selvagem, seguindo trilhas que cortam cachoeiras estrondosas, bosques de carvalhos verdes, charnecas atapetadas com flores silvestres, caminhos rochosos desafiadores e piscinas naturais refrescantes.<\/p>","protected":false},"featured_media":8405,"comment_status":"closed","ping_status":"closed","template":"","meta":{"_acf_changed":false,"inline_featured_image":false},"product_brand":[],"product_cat":[301,856],"product_tag":[1062,306,212,333,183,78,1063,1064,184,621,1065,36,214,1066,87,217,758,313,759,760,761,762,1067,95,340,1068,1069,1070,99,224,272,246,623,624,418,419,106,927,764,765,766,767,768,65,319,320,328,1023,728,753,1087,322,770,324,70,771,684,685,807,325,772,326,180,527,1071,546],"class_list":{"0":"post-8415","1":"product","2":"type-product","3":"status-publish","4":"has-post-thumbnail","6":"product_cat-self-guided-tours-portugal","7":"product_cat-self-guided-walking-holidays","8":"product_tag-adventure","9":"product_tag-alleine-reisen","10":"product_tag-ancient-buildings","11":"product_tag-ancient-churches","12":"product_tag-ancient-villages-and-castles","13":"product_tag-beautiful-landscapes","14":"product_tag-biodiversity","15":"product_tag-bridges","16":"product_tag-castle","17":"product_tag-castro-laboreiro","18":"product_tag-countryside-villages","19":"product_tag-cultural-heritage","20":"product_tag-culture","21":"product_tag-farmers","22":"product_tag-green-landscape","23":"product_tag-heritage","24":"product_tag-individual-hiking","25":"product_tag-individuelle-touren","26":"product_tag-individuelle-trekkingreisen","27":"product_tag-individuelle-wandern","28":"product_tag-individuelle-wanderreisen","29":"product_tag-individuelle-wandertouren","30":"product_tag-lifestyle","31":"product_tag-magnificent-landscape","32":"product_tag-megalithic-monuments","33":"product_tag-mountain","34":"product_tag-natural","35":"product_tag-natural-pools","36":"product_tag-natural-scenery","37":"product_tag-nature","38":"product_tag-north-of-portugal","39":"product_tag-northern-portugal","40":"product_tag-panoramic-views-in-portugal","41":"product_tag-peneda","42":"product_tag-peneda-geres-national-park","43":"product_tag-peneda-geres-walking","44":"product_tag-picturesque-landscapes","45":"product_tag-private-tour","46":"product_tag-rando-autoguidee","47":"product_tag-rando-liberte","48":"product_tag-randonnee-autoguidee","49":"product_tag-randonnee-en-liberte","50":"product_tag-randonnee-liberte","51":"product_tag-roman-vestiges","52":"product_tag-sejour-en-liberte","53":"product_tag-self-guide-tour","54":"product_tag-self-guided","55":"product_tag-self-guided-walking","56":"product_tag-self-guided-walking-holiday","57":"product_tag-self-guided-walking-tour","58":"product_tag-self-guided-walks","59":"product_tag-solo-reisen","60":"product_tag-solo-wandern","61":"product_tag-tours-autoguidees","62":"product_tag-traditions","63":"product_tag-trek-en-liberte","64":"product_tag-trek-solo","65":"product_tag-trekking-solo","66":"product_tag-valleys","67":"product_tag-voyage-en-liberte","68":"product_tag-voyages-a-pied-en-liberte","69":"product_tag-voyages-en-autonomie","70":"product_tag-walking-tour","71":"product_tag-waterfalls","72":"product_tag-wild-portugal","73":"product_tag-wildlife","75":"first","76":"instock","77":"virtual","78":"product-type-simple"},"acf":[],"yoast_head":"<!-- This site is optimized with the Yoast SEO Premium plugin v26.8 (Yoast SEO v27.4) - https:\/\/yoast.com\/product\/yoast-seo-premium-wordpress\/ -->\n<title>Walking Holidays in Geres and Castro Laboreiro: The Wild Portugal - Legendary Adventure DMC Portugal<\/title>\n<meta name=\"description\" content=\"This a tour for adventurous hikers and wildlife lovers, following trails that cut through roaring waterfalls, green oak woods, moorlands carpeted with wild flowers, challenging rocky paths, and cooling natural pools. Created in 1971 to preserve the region\u2019s natural wonders, its traditional local practices and lifestyles, Peneda-Ger\u00eas is Portugal\u2019s only National Park. An enticing blend of wilderness and civilisation, the park has a dramatic and jaw dropping topography. The terrain is rocky, rugged and mountainous, the biodiversity is incredible, joining endemic species such as the wild pony (garranos), roe deer\u2019s (emblazoned on the park\u2019s logo) and the endangered Iberian wolf\" \/>\n<meta name=\"robots\" content=\"index, follow, max-snippet:-1, max-image-preview:large, max-video-preview:-1\" \/>\n<link rel=\"canonical\" href=\"https:\/\/legendatours.com\/pt\/produto\/geres-the-wild-portugal-castro-laboreiro-1401s\/\" \/>\n<meta property=\"og:locale\" content=\"pt_PT\" \/>\n<meta property=\"og:type\" content=\"article\" \/>\n<meta property=\"og:title\" content=\"Walking Holidays in Geres and Castro Laboreiro: The Wild Portugal\" \/>\n<meta property=\"og:description\" content=\"This a tour for adventurous hikers and wildlife lovers, following trails that cut through roaring waterfalls, green oak woods, moorlands carpeted with wild flowers, challenging rocky paths, and cooling natural pools. Created in 1971 to preserve the region\u2019s natural wonders, its traditional local practices and lifestyles, Peneda-Ger\u00eas is Portugal\u2019s only National Park. An enticing blend of wilderness and civilisation, the park has a dramatic and jaw dropping topography. The terrain is rocky, rugged and mountainous, the biodiversity is incredible, joining endemic species such as the wild pony (garranos), roe deer\u2019s (emblazoned on the park\u2019s logo) and the endangered Iberian wolf\" \/>\n<meta property=\"og:url\" content=\"https:\/\/legendatours.com\/pt\/produto\/geres-the-wild-portugal-castro-laboreiro-1401s\/\" \/>\n<meta property=\"og:site_name\" content=\"Legendary Adventure DMC Portugal\" \/>\n<meta property=\"article:publisher\" content=\"https:\/\/www.facebook.com\/legendaryadventuredmc\/\" \/>\n<meta property=\"article:modified_time\" content=\"2022-01-02T22:50:26+00:00\" \/>\n<meta property=\"og:image\" content=\"https:\/\/legendatours.com\/wp-content\/uploads\/sites\/12\/2021\/04\/Geres-2.jpg\" \/>\n\t<meta property=\"og:image:width\" content=\"1024\" \/>\n\t<meta property=\"og:image:height\" content=\"768\" \/>\n\t<meta property=\"og:image:type\" content=\"image\/jpeg\" \/>\n<meta name=\"twitter:card\" content=\"summary_large_image\" \/>\n<meta name=\"twitter:label1\" content=\"Tempo estimado de leitura\" \/>\n\t<meta name=\"twitter:data1\" content=\"2 minutos\" \/>\n<script type=\"application\/ld+json\" class=\"yoast-schema-graph\">{\"@context\":\"https:\\\/\\\/schema.org\",\"@graph\":[{\"@type\":\"WebPage\",\"@id\":\"https:\\\/\\\/legendatours.com\\\/product\\\/geres-the-wild-portugal-castro-laboreiro-1401s\\\/\",\"url\":\"https:\\\/\\\/legendatours.com\\\/product\\\/geres-the-wild-portugal-castro-laboreiro-1401s\\\/\",\"name\":\"Walking Holidays in Geres and Castro Laboreiro: The Wild Portugal - Legendary Adventure DMC Portugal\",\"isPartOf\":{\"@id\":\"https:\\\/\\\/legendatours.com\\\/#website\"},\"primaryImageOfPage\":{\"@id\":\"https:\\\/\\\/legendatours.com\\\/product\\\/geres-the-wild-portugal-castro-laboreiro-1401s\\\/#primaryimage\"},\"image\":{\"@id\":\"https:\\\/\\\/legendatours.com\\\/product\\\/geres-the-wild-portugal-castro-laboreiro-1401s\\\/#primaryimage\"},\"thumbnailUrl\":\"https:\\\/\\\/legendatours.com\\\/wp-content\\\/uploads\\\/sites\\\/12\\\/2021\\\/04\\\/Geres-2.jpg\",\"datePublished\":\"2020-03-06T13:14:13+00:00\",\"dateModified\":\"2022-01-02T22:50:26+00:00\",\"description\":\"This a tour for adventurous hikers and wildlife lovers, following trails that cut through roaring waterfalls, green oak woods, moorlands carpeted with wild flowers, challenging rocky paths, and cooling natural pools. Created in 1971 to preserve the region\u2019s natural wonders, its traditional local practices and lifestyles, Peneda-Ger\u00eas is Portugal\u2019s only National Park. An enticing blend of wilderness and civilisation, the park has a dramatic and jaw dropping topography. The terrain is rocky, rugged and mountainous, the biodiversity is incredible, joining endemic species such as the wild pony (garranos), roe deer\u2019s (emblazoned on the park\u2019s logo) and the endangered Iberian wolf\",\"breadcrumb\":{\"@id\":\"https:\\\/\\\/legendatours.com\\\/product\\\/geres-the-wild-portugal-castro-laboreiro-1401s\\\/#breadcrumb\"},\"inLanguage\":\"pt-PT\",\"potentialAction\":[{\"@type\":\"ReadAction\",\"target\":[\"https:\\\/\\\/legendatours.com\\\/product\\\/geres-the-wild-portugal-castro-laboreiro-1401s\\\/\"]}]},{\"@type\":\"ImageObject\",\"inLanguage\":\"pt-PT\",\"@id\":\"https:\\\/\\\/legendatours.com\\\/product\\\/geres-the-wild-portugal-castro-laboreiro-1401s\\\/#primaryimage\",\"url\":\"https:\\\/\\\/legendatours.com\\\/wp-content\\\/uploads\\\/sites\\\/12\\\/2021\\\/04\\\/Geres-2.jpg\",\"contentUrl\":\"https:\\\/\\\/legendatours.com\\\/wp-content\\\/uploads\\\/sites\\\/12\\\/2021\\\/04\\\/Geres-2.jpg\",\"width\":1024,\"height\":768,\"caption\":\"Geres\"},{\"@type\":\"BreadcrumbList\",\"@id\":\"https:\\\/\\\/legendatours.com\\\/product\\\/geres-the-wild-portugal-castro-laboreiro-1401s\\\/#breadcrumb\",\"itemListElement\":[{\"@type\":\"ListItem\",\"position\":1,\"name\":\"Home\",\"item\":\"https:\\\/\\\/legendatours.com\\\/\"},{\"@type\":\"ListItem\",\"position\":2,\"name\":\"Shop\",\"item\":\"https:\\\/\\\/legendatours.com\\\/sv\\\/?page_id=4\"},{\"@type\":\"ListItem\",\"position\":3,\"name\":\"This a tour for adventurous hikers and wildlife lovers, following trails that cut through roaring waterfalls, green oak woods, moorlands carpeted with wild flowers, challenging rocky paths, and cooling natural pools. Created in 1971 to preserve the region\u2019s natural wonders, its traditional local practices and lifestyles, Peneda-Ger\u00eas is Portugal\u2019s only National Park. An enticing blend of wilderness and civilisation, the park has a dramatic and jaw dropping topography. The terrain is rocky, rugged and mountainous, the biodiversity is incredible, joining endemic species such as the wild pony (garranos), roe deer\u2019s (emblazoned on the park\u2019s logo) and the endangered Iberian wolf\"}]},{\"@type\":\"WebSite\",\"@id\":\"https:\\\/\\\/legendatours.com\\\/#website\",\"url\":\"https:\\\/\\\/legendatours.com\\\/\",\"name\":\"Legendary Adventure DMC Portugal\",\"description\":\"Responsible Walking &amp; Nature Holidays in Portugal\",\"publisher\":{\"@id\":\"https:\\\/\\\/legendatours.com\\\/#organization\"},\"alternateName\":\"Legendary Adventure Portugal\",\"potentialAction\":[{\"@type\":\"SearchAction\",\"target\":{\"@type\":\"EntryPoint\",\"urlTemplate\":\"https:\\\/\\\/legendatours.com\\\/?s={search_term_string}\"},\"query-input\":{\"@type\":\"PropertyValueSpecification\",\"valueRequired\":true,\"valueName\":\"search_term_string\"}}],\"inLanguage\":\"pt-PT\"},{\"@type\":\"Organization\",\"@id\":\"https:\\\/\\\/legendatours.com\\\/#organization\",\"name\":\"legendatours.com\",\"url\":\"https:\\\/\\\/legendatours.com\\\/\",\"logo\":{\"@type\":\"ImageObject\",\"inLanguage\":\"pt-PT\",\"@id\":\"https:\\\/\\\/legendatours.com\\\/#\\\/schema\\\/logo\\\/image\\\/\",\"url\":\"https:\\\/\\\/legendatours.com\\\/wp-content\\\/uploads\\\/sites\\\/12\\\/2021\\\/06\\\/legendary_adventure_dmc.png\",\"contentUrl\":\"https:\\\/\\\/legendatours.com\\\/wp-content\\\/uploads\\\/sites\\\/12\\\/2021\\\/06\\\/legendary_adventure_dmc.png\",\"width\":250,\"height\":74,\"caption\":\"legendatours.com\"},\"image\":{\"@id\":\"https:\\\/\\\/legendatours.com\\\/#\\\/schema\\\/logo\\\/image\\\/\"},\"sameAs\":[\"https:\\\/\\\/www.facebook.com\\\/legendaryadventuredmc\\\/\",\"https:\\\/\\\/www.linkedin.com\\\/company\\\/legendary-adventure-dmc-portugal\",\"https:\\\/\\\/www.youtube.com\\\/channel\\\/UCOIRDx_KM6ynIcacQkZjb6g\"]}]}<\/script>\n<!-- \/ Yoast SEO Premium plugin. -->","yoast_head_json":{"title":"F\u00e9rias Pedestres no Ger\u00eas e em Castro Laboreiro: The Wild Portugal - Legendary Adventure DMC Portugal","description":"Este \u00e9 um passeio para caminhantes aventureiros e amantes da vida selvagem, seguindo trilhas que cortam cachoeiras, bosques de carvalhos verdes, charnecas atapetadas com flores silvestres, caminhos rochosos desafiadores e piscinas naturais refrescantes. Criado em 1971 para preservar as maravilhas naturais da regi\u00e3o, as suas pr\u00e1ticas e estilos de vida locais tradicionais, a Peneda-Ger\u00eas \u00e9 o \u00fanico Parque Nacional de Portugal. Uma mistura sedutora de natureza selvagem e civiliza\u00e7\u00e3o, o parque tem uma topografia dram\u00e1tica e de cair o queixo. O terreno \u00e9 rochoso, acidentado e montanhoso, a biodiversidade \u00e9 incr\u00edvel, juntando esp\u00e9cies end\u00e9micas como o p\u00f3nei selvagem (garranos), o cor\u00e7o (brasonado no log\u00f3tipo do parque) e o amea\u00e7ado lobo ib\u00e9rico","robots":{"index":"index","follow":"follow","max-snippet":"max-snippet:-1","max-image-preview":"max-image-preview:large","max-video-preview":"max-video-preview:-1"},"canonical":"https:\/\/legendatours.com\/pt\/produto\/geres-the-wild-portugal-castro-laboreiro-1401s\/","og_locale":"pt_PT","og_type":"article","og_title":"Walking Holidays in Geres and Castro Laboreiro: The Wild Portugal","og_description":"This a tour for adventurous hikers and wildlife lovers, following trails that cut through roaring waterfalls, green oak woods, moorlands carpeted with wild flowers, challenging rocky paths, and cooling natural pools. Created in 1971 to preserve the region\u2019s natural wonders, its traditional local practices and lifestyles, Peneda-Ger\u00eas is Portugal\u2019s only National Park. An enticing blend of wilderness and civilisation, the park has a dramatic and jaw dropping topography. The terrain is rocky, rugged and mountainous, the biodiversity is incredible, joining endemic species such as the wild pony (garranos), roe deer\u2019s (emblazoned on the park\u2019s logo) and the endangered Iberian wolf","og_url":"https:\/\/legendatours.com\/pt\/produto\/geres-the-wild-portugal-castro-laboreiro-1401s\/","og_site_name":"Legendary Adventure DMC Portugal","article_publisher":"https:\/\/www.facebook.com\/legendaryadventuredmc\/","article_modified_time":"2022-01-02T22:50:26+00:00","og_image":[{"width":1024,"height":768,"url":"https:\/\/legendatours.com\/wp-content\/uploads\/sites\/12\/2021\/04\/Geres-2.jpg","type":"image\/jpeg"}],"twitter_card":"summary_large_image","twitter_misc":{"Tempo estimado de leitura":"2 minutos"},"schema":{"@context":"https:\/\/schema.org","@graph":[{"@type":"WebPage","@id":"https:\/\/legendatours.com\/product\/geres-the-wild-portugal-castro-laboreiro-1401s\/","url":"https:\/\/legendatours.com\/product\/geres-the-wild-portugal-castro-laboreiro-1401s\/","name":"F\u00e9rias Pedestres no Ger\u00eas e em Castro Laboreiro: The Wild Portugal - Legendary Adventure DMC Portugal","isPartOf":{"@id":"https:\/\/legendatours.com\/#website"},"primaryImageOfPage":{"@id":"https:\/\/legendatours.com\/product\/geres-the-wild-portugal-castro-laboreiro-1401s\/#primaryimage"},"image":{"@id":"https:\/\/legendatours.com\/product\/geres-the-wild-portugal-castro-laboreiro-1401s\/#primaryimage"},"thumbnailUrl":"https:\/\/legendatours.com\/wp-content\/uploads\/sites\/12\/2021\/04\/Geres-2.jpg","datePublished":"2020-03-06T13:14:13+00:00","dateModified":"2022-01-02T22:50:26+00:00","description":"Este \u00e9 um passeio para caminhantes aventureiros e amantes da vida selvagem, seguindo trilhas que cortam cachoeiras, bosques de carvalhos verdes, charnecas atapetadas com flores silvestres, caminhos rochosos desafiadores e piscinas naturais refrescantes. Criado em 1971 para preservar as maravilhas naturais da regi\u00e3o, as suas pr\u00e1ticas e estilos de vida locais tradicionais, a Peneda-Ger\u00eas \u00e9 o \u00fanico Parque Nacional de Portugal. Uma mistura sedutora de natureza selvagem e civiliza\u00e7\u00e3o, o parque tem uma topografia dram\u00e1tica e de cair o queixo. O terreno \u00e9 rochoso, acidentado e montanhoso, a biodiversidade \u00e9 incr\u00edvel, juntando esp\u00e9cies end\u00e9micas como o p\u00f3nei selvagem (garranos), o cor\u00e7o (brasonado no log\u00f3tipo do parque) e o amea\u00e7ado lobo ib\u00e9rico","breadcrumb":{"@id":"https:\/\/legendatours.com\/product\/geres-the-wild-portugal-castro-laboreiro-1401s\/#breadcrumb"},"inLanguage":"pt-PT","potentialAction":[{"@type":"ReadAction","target":["https:\/\/legendatours.com\/product\/geres-the-wild-portugal-castro-laboreiro-1401s\/"]}]},{"@type":"ImageObject","inLanguage":"pt-PT","@id":"https:\/\/legendatours.com\/product\/geres-the-wild-portugal-castro-laboreiro-1401s\/#primaryimage","url":"https:\/\/legendatours.com\/wp-content\/uploads\/sites\/12\/2021\/04\/Geres-2.jpg","contentUrl":"https:\/\/legendatours.com\/wp-content\/uploads\/sites\/12\/2021\/04\/Geres-2.jpg","width":1024,"height":768,"caption":"Geres"},{"@type":"BreadcrumbList","@id":"https:\/\/legendatours.com\/product\/geres-the-wild-portugal-castro-laboreiro-1401s\/#breadcrumb","itemListElement":[{"@type":"ListItem","position":1,"name":"Home","item":"https:\/\/legendatours.com\/"},{"@type":"ListItem","position":2,"name":"Shop","item":"https:\/\/legendatours.com\/sv\/?page_id=4"},{"@type":"ListItem","position":3,"name":"This a tour for adventurous hikers and wildlife lovers, following trails that cut through roaring waterfalls, green oak woods, moorlands carpeted with wild flowers, challenging rocky paths, and cooling natural pools. Created in 1971 to preserve the region\u2019s natural wonders, its traditional local practices and lifestyles, Peneda-Ger\u00eas is Portugal\u2019s only National Park. An enticing blend of wilderness and civilisation, the park has a dramatic and jaw dropping topography. The terrain is rocky, rugged and mountainous, the biodiversity is incredible, joining endemic species such as the wild pony (garranos), roe deer\u2019s (emblazoned on the park\u2019s logo) and the endangered Iberian wolf"}]},{"@type":"WebSite","@id":"https:\/\/legendatours.com\/#website","url":"https:\/\/legendatours.com\/","name":"Legendary Adventure DMC Portugal","description":"Caminhadas e F\u00e9rias na Natureza Respons\u00e1veis em Portugal","publisher":{"@id":"https:\/\/legendatours.com\/#organization"},"alternateName":"Legendary Adventure Portugal","potentialAction":[{"@type":"SearchAction","target":{"@type":"EntryPoint","urlTemplate":"https:\/\/legendatours.com\/?s={search_term_string}"},"query-input":{"@type":"PropertyValueSpecification","valueRequired":true,"valueName":"search_term_string"}}],"inLanguage":"pt-PT"},{"@type":"Organization","@id":"https:\/\/legendatours.com\/#organization","name":"legendatours.com","url":"https:\/\/legendatours.com\/","logo":{"@type":"ImageObject","inLanguage":"pt-PT","@id":"https:\/\/legendatours.com\/#\/schema\/logo\/image\/","url":"https:\/\/legendatours.com\/wp-content\/uploads\/sites\/12\/2021\/06\/legendary_adventure_dmc.png","contentUrl":"https:\/\/legendatours.com\/wp-content\/uploads\/sites\/12\/2021\/06\/legendary_adventure_dmc.png","width":250,"height":74,"caption":"legendatours.com"},"image":{"@id":"https:\/\/legendatours.com\/#\/schema\/logo\/image\/"},"sameAs":["https:\/\/www.facebook.com\/legendaryadventuredmc\/","https:\/\/www.linkedin.com\/company\/legendary-adventure-dmc-portugal","https:\/\/www.youtube.com\/channel\/UCOIRDx_KM6ynIcacQkZjb6g"]}]}},"_links":{"self":[{"href":"https:\/\/legendatours.com\/pt\/wp-json\/wp\/v2\/product\/8415","targetHints":{"allow":["GET"]}}],"collection":[{"href":"https:\/\/legendatours.com\/pt\/wp-json\/wp\/v2\/product"}],"about":[{"href":"https:\/\/legendatours.com\/pt\/wp-json\/wp\/v2\/types\/product"}],"replies":[{"embeddable":true,"href":"https:\/\/legendatours.com\/pt\/wp-json\/wp\/v2\/comments?post=8415"}],"wp:featuredmedia":[{"embeddable":true,"href":"https:\/\/legendatours.com\/pt\/wp-json\/wp\/v2\/media\/8405"}],"wp:attachment":[{"href":"https:\/\/legendatours.com\/pt\/wp-json\/wp\/v2\/media?parent=8415"}],"wp:term":[{"taxonomy":"product_brand","embeddable":true,"href":"https:\/\/legendatours.com\/pt\/wp-json\/wp\/v2\/product_brand?post=8415"},{"taxonomy":"product_cat","embeddable":true,"href":"https:\/\/legendatours.com\/pt\/wp-json\/wp\/v2\/product_cat?post=8415"},{"taxonomy":"product_tag","embeddable":true,"href":"https:\/\/legendatours.com\/pt\/wp-json\/wp\/v2\/product_tag?post=8415"}],"curies":[{"name":"wp","href":"https:\/\/api.w.org\/{rel}","templated":true}]}}