{"id":8428,"date":"2020-03-06T13:12:09","date_gmt":"2020-03-06T13:12:09","guid":{"rendered":"https:\/\/legendatours.com\/product\/self-guided-walking-holiday-in-porto-city-heritage-nature\/"},"modified":"2022-01-02T22:52:40","modified_gmt":"2022-01-02T22:52:40","slug":"porto-city-nature-1100s","status":"publish","type":"product","link":"https:\/\/legendatours.com\/pt\/produto\/porto-city-nature-1100s\/","title":{"rendered":"F\u00e9rias pedestres autoguiadas no Porto: cidade, patrim\u00f3nio e natureza"},"content":{"rendered":"<p>Um passeio a p\u00e9 autoguiado no Porto criado para explorar a intrigante cidade que deu nome ao vinho do Porto. Grandes edif\u00edcios hist\u00f3ricos e igrejas magn\u00edficas convivem com pitorescos bairros antigos e uma vibrante atmosfera contempor\u00e2nea.<\/p>\n<p>O passeio inclui tamb\u00e9m belas caminhadas costeiras \u00e0 beira-mar, visitas a cidades pr\u00f3ximas e Guimar\u00e3es, o ber\u00e7o de Portugal.<\/p>\n<div id=\"attachment_1936\" style=\"width: 1034px\" class=\"wp-caption alignnone\"><img loading=\"lazy\" decoding=\"async\" aria-describedby=\"caption-attachment-1936\" class=\"wp-image-1936 size-large\" title=\"Torre dos Cl\u00e9rigos no Porto. A cidade velha \u00e9 um Patrim\u00f4nio Mundial da UNESCO cheio de edif\u00edcios hist\u00f3ricos\" src=\"https:\/\/legendatours.net\/wp-content\/uploads\/2020\/03\/Clerigos-Tower-1024x683.jpg\" alt=\"Clerigos Tower in Porto\" width=\"1024\" height=\"683\" \/><p id=\"caption-attachment-1936\" class=\"wp-caption-text\">Torre dos Cl\u00e9rigos no Porto. A cidade velha \u00e9 um Patrim\u00f4nio Mundial da UNESCO cheio de edif\u00edcios hist\u00f3ricos<\/p><\/div>\n<p>Porto, situada no rio Douro, \u00e9 a capital do norte e a segunda maior cidade de Portugal. \u00c9 Patrim\u00f3nio da Humanidade e tem sido o centro do com\u00e9rcio do vinho do Porto durante anos.<\/p>\n<p>A melhor forma de apreciar plenamente esta cidade, e arredores, \u00e9 sempre a p\u00e9, e o conjunto de caminhadas deste percurso autoguiado permite uma boa perspetiva da regi\u00e3o.<\/p>\n<p>Siga o passeio imaginativo criado ao longo da margem do rio Douro, ao longo da costa sul, e explore a tradicional vila piscat\u00f3ria da Afurada.<\/p>\n<p>Na cidade, fa\u00e7a belos passeios a p\u00e9 por alguns belos parques e jardins, ao longo de ruas arborizadas e tranquilas, mostrando a parte mais calma da cidade, por alguns bairros pitorescos e antigos.<\/p>\n<p>Haver\u00e1 tempo para visitar alguns dos monumentos e s\u00edtios mais emblem\u00e1ticos do Porto, como a Pra\u00e7a da Ribeira e os Port Lodges, espalhados ao longo do rio Douro. A paragem para provar um c\u00e1lice de Vinho do Porto \u00e9 obrigat\u00f3ria.<\/p>\n<div id=\"attachment_1939\" style=\"width: 1034px\" class=\"wp-caption alignnone\"><img loading=\"lazy\" decoding=\"async\" aria-describedby=\"caption-attachment-1939\" class=\"wp-image-1939 size-large\" title=\"Esta\u00e7\u00e3o do Porto S\u00e3o Bento onde os azulejos retratam cenas de tert\u00falias reais e da tradicional vida rural.\" src=\"https:\/\/legendatours.net\/wp-content\/uploads\/2020\/03\/Estacao-Sao-Bento-tiles-1024x683.jpg\" alt=\"Porto S\u00e3o Bento station where the tiles depict scenes of royal gatherings and traditional rural life.\" width=\"1024\" height=\"683\" \/><p id=\"caption-attachment-1939\" class=\"wp-caption-text\">Esta\u00e7\u00e3o do Porto S\u00e3o Bento onde os azulejos retratam cenas de tert\u00falias reais e da tradicional vida rural.<\/p><\/div>\n<p>Visite tamb\u00e9m a S\u00e9 Catedral, a Bolsa de Valores, a Esta\u00e7\u00e3o de S. Bento, o Museu Rom\u00e2ntico, a Casa Tait, o Pal\u00e1cio de Cristal e o espl\u00eandido Parque da Cidade.<\/p>\n<p>Da Ponte D. Lu\u00eds I (desenhada por Te\u00f3filo Seyrig, disc\u00edpulo de Gustave Eiffel, autor do s\u00edmbolo de Paris) contemplaremos magn\u00edficas vistas que se estendem at\u00e9 \u00e0 Serra do Pilar.<\/p>\n<p>Guimar\u00e3es \u00e9 uma encantadora cidade medieval e ber\u00e7o de Portugal.<\/p>\n<p>O centro \u00e9 um labirinto de vielas estreitas e pra\u00e7as pitorescas, enquadradas por edif\u00edcios do s\u00e9culo XIV, enquanto numa colina ergue-se o castelo milenar e o maci\u00e7o pal\u00e1cio constru\u00eddo pelo primeiro Duque de Bragan\u00e7a, no s\u00e9culo XV. O centro antigo de Guimar\u00e3es foi declarado em 2001 Patrim\u00f3nio da Humanidade pela Unesco.<\/p>\n<div id=\"attachment_2532\" style=\"width: 1031px\" class=\"wp-caption alignnone\"><img loading=\"lazy\" decoding=\"async\" aria-describedby=\"caption-attachment-2532\" class=\"wp-image-2532 size-full\" title=\"Porto, situada no rio Douro, \u00e9 a capital do norte e a segunda maior cidade de Portugal. \" src=\"https:\/\/legendatours.net\/wp-content\/uploads\/2020\/06\/Porto_night.jpg\" alt=\"Porto, situated on the Douro River, is the capital of the north and the second largest city in Portugal. \" width=\"1021\" height=\"800\" \/><p id=\"caption-attachment-2532\" class=\"wp-caption-text\">Porto, situada no rio Douro, \u00e9 a capital do norte e a segunda maior cidade de Portugal.<\/p><\/div>\n<p>Historicamente um porto de pesca e centro de constru\u00e7\u00e3o naval durante a Era dos Descobrimentos, a P\u00f3voa de Varzim \u00e9 agora uma est\u00e2ncia popular com 12 km de praias deslumbrantes. As pessoas v\u00eam aqui para se banhar nas \u00e1guas ricas em iodo (das algas locais) desde o final do s\u00e9culo XIX. Este ser\u00e1 o destino de uma das caminhadas ao longo da costa.<\/p>\n<p>Tamb\u00e9m no litoral fica Vila do Conde, uma linda cidade litor\u00e2nea localizada na foz do rio Ave. A regi\u00e3o \u00e9 famosa pela constru\u00e7\u00e3o de barcos tradicionais e requintadas rendas. A zona velha mant\u00e9m o seu pequeno porto piscat\u00f3rio e h\u00e1 v\u00e1rios edif\u00edcios hist\u00f3ricos para apreciar, incluindo o Convento de Santa Clara, famoso pelos seus \u201cdoces conventuais\u201d \u2013 deliciosos doces originalmente produzidos apenas em conventos, que agora podem ser comprados nos caf\u00e9s da cidade.<\/p>\n<p>No Norte de Portugal, as pessoas s\u00e3o proverbialmente generosas e acolhedoras. O rio Douro e os quil\u00f3metros de areais s\u00e3o um para\u00edso, indiferente ao bul\u00edcio da cidade.<\/p>\n<p>A cidade do Porto tem para oferecer s\u00e9culos de camadas de hist\u00f3ria, com edif\u00edcios medievais sombrios, pontes arquitet\u00f3nicas e caf\u00e9s Art Nouveau que convivem alegremente com um ambiente muito contempor\u00e2neo e ecl\u00e9tico, onde h\u00e1 algo para todos.<\/p>\n<p>Sem contar que a gastronomia e os vinhos s\u00e3o \u00e9picos e um verdadeiro modo de vida, fazendo parte da identidade da cidade e da regi\u00e3o.<\/p>\n<div id=\"attachment_1940\" style=\"width: 1034px\" class=\"wp-caption alignnone\"><img loading=\"lazy\" decoding=\"async\" aria-describedby=\"caption-attachment-1940\" class=\"wp-image-1940 size-large\" title=\"Aldeia piscat\u00f3ria perto do Porto, explore a costa desconhecida a sul do Porto e as belas praias ao longo do Atl\u00e2ntico.\" src=\"https:\/\/legendatours.net\/wp-content\/uploads\/2020\/03\/Fishing-village-near-Porto-1024x678.jpg\" alt=\"Fishing village near Porto, explore the unknown coast south of Porto and the beautiful beaches along the Atlantic.\" width=\"1024\" height=\"678\" \/><p id=\"caption-attachment-1940\" class=\"wp-caption-text\">Aldeia piscat\u00f3ria perto do Porto, explore a costa desconhecida a sul do Porto e as belas praias ao longo do Atl\u00e2ntico.<\/p><\/div>\n<p>Por todas estas raz\u00f5es, este passeio pedestre autoguiado no Porto \u00e9 imperd\u00edvel!<\/p>\n<p>Nossos passeios a p\u00e9 autoguiados s\u00e3o cuidadosamente planejados e incluem todas as informa\u00e7\u00f5es que voc\u00ea precisa, desde mapas detalhados e notas de rota at\u00e9 uma linha direta 24 horas. O alojamento, os transfers para o aeroporto e os transportes est\u00e3o inclu\u00eddos no programa de caminhada.<\/p>\n<div class=\"row\" style=\"display: flex;\">\n<div class=\"column\" style=\"flex: 45%;\">\n<p><iframe loading=\"lazy\" title=\"Turismo do Porto e Norte de Portugal City &amp; Short Breaks\" width=\"1080\" height=\"608\" src=\"https:\/\/www.youtube.com\/embed\/pZV6Ve8PQHM?feature=oembed\" frameborder=\"0\" allow=\"accelerometer; autoplay; clipboard-write; encrypted-media; gyroscope; picture-in-picture\" allowfullscreen><\/iframe><\/p>\n<\/div>\n<div class=\"column\" style=\"flex: 10%;\"><\/div>\n<div class=\"column\" style=\"flex: 45%;\">\n<p><iframe loading=\"lazy\" title=\"Passeio a p\u00e9 pelo Turismo do Porto e Norte de Portugal\" width=\"1080\" height=\"608\" src=\"https:\/\/www.youtube.com\/embed\/KO4kd3cx9wQ?feature=oembed\" frameborder=\"0\" allow=\"accelerometer; autoplay; clipboard-write; encrypted-media; gyroscope; picture-in-picture\" allowfullscreen><\/iframe><\/p>\n<\/div>\n<\/div>","protected":false},"excerpt":{"rendered":"<p>Um passeio a p\u00e9 autoguiado no Porto criado para explorar a intrigante cidade que deu nome ao vinho do Porto. Grandes edif\u00edcios hist\u00f3ricos e igrejas magn\u00edficas convivem com pitorescos bairros antigos e uma vibrante atmosfera contempor\u00e2nea. O passeio inclui tamb\u00e9m belas caminhadas costeiras \u00e0 beira-mar, visitas a cidades pr\u00f3ximas e Guimar\u00e3es, o ber\u00e7o de Portugal.<\/p>","protected":false},"featured_media":1774,"comment_status":"closed","ping_status":"closed","template":"","meta":{"_acf_changed":false,"inline_featured_image":false},"product_brand":[],"product_cat":[301,856],"product_tag":[306,33,333,985,1092,1140,128,81,35,37,38,39,40,1094,1013,1015,613,117,1095,217,191,159,192,404,758,313,759,760,761,762,221,745,162,272,56,1096,353,354,57,58,618,60,341,1017,1097,1098,1018,1019,1020,764,765,766,767,768,63,277,1099,319,328,753,228,951,322,770,1026,1100,1028,1101,1029,1030,1031,1032,1033,1034,324,1035,1036,481,285,771,684,685,71,721,230,1037,409,1038,325,772,326,180,359,123,360,346,410],"class_list":{"0":"post-8428","1":"product","2":"type-product","3":"status-publish","4":"has-post-thumbnail","6":"product_cat-self-guided-tours-portugal","7":"product_cat-self-guided-walking-holidays","8":"product_tag-alleine-reisen","9":"product_tag-alto-douro-wine-region","10":"product_tag-ancient-churches","11":"product_tag-architecture","12":"product_tag-art-nouveau-cafes-day-tours","13":"product_tag-casa-tait","14":"product_tag-city-walks","15":"product_tag-coastal-walks","16":"product_tag-crystal-palace","17":"product_tag-d-luis-i-bridge","18":"product_tag-douro","19":"product_tag-douro-river","20":"product_tag-douro-valley","21":"product_tag-duke-of-braganca","22":"product_tag-excursions","23":"product_tag-food-wine-tours","24":"product_tag-gastronomy-holidays","25":"product_tag-guimaraes","26":"product_tag-gustave-eiffel","27":"product_tag-heritage","28":"product_tag-hiking-tour","29":"product_tag-hiking-trails","30":"product_tag-historic-buildings","31":"product_tag-holiday-activities-walking-guides","32":"product_tag-individual-hiking","33":"product_tag-individuelle-touren","34":"product_tag-individuelle-trekkingreisen","35":"product_tag-individuelle-wandern","36":"product_tag-individuelle-wanderreisen","37":"product_tag-individuelle-wandertouren","38":"product_tag-minho-region-portugal","39":"product_tag-nature-hikes","40":"product_tag-nature-walks","41":"product_tag-north-of-portugal","42":"product_tag-oporto","43":"product_tag-parque-da-cidade","44":"product_tag-port-lodges","45":"product_tag-port-wine","46":"product_tag-porto","47":"product_tag-porto-bridges","48":"product_tag-porto-cathedral","49":"product_tag-portugal","50":"product_tag-portugal-great-food-and-wine","51":"product_tag-portugal-tours","52":"product_tag-povoa-de-varzim","53":"product_tag-praca-da-ribeira","54":"product_tag-private-excursions","55":"product_tag-private-tours","56":"product_tag-private-tours-algarve","57":"product_tag-rando-autoguidee","58":"product_tag-rando-liberte","59":"product_tag-randonnee-autoguidee","60":"product_tag-randonnee-en-liberte","61":"product_tag-randonnee-liberte","62":"product_tag-river-cruise-douro","63":"product_tag-river-douro","64":"product_tag-s-bento-station","65":"product_tag-sejour-en-liberte","66":"product_tag-self-guided","67":"product_tag-self-guided-walking-tour","68":"product_tag-sightseeing","69":"product_tag-sightseeing-tours","70":"product_tag-solo-reisen","71":"product_tag-solo-wandern","72":"product_tag-special-interest","73":"product_tag-stock-exchange","74":"product_tag-summer-breaks","75":"product_tag-teofilo-seyrig","76":"product_tag-tour","77":"product_tag-tour-algarve","78":"product_tag-tour-of-algarve","79":"product_tag-tour-of-the-algarve","80":"product_tag-tours","81":"product_tag-tours-algarve","82":"product_tag-tours-autoguidees","83":"product_tag-tours-portugal","84":"product_tag-tours-town","85":"product_tag-travel-algarve","86":"product_tag-travel-train-tour-in-portugal","87":"product_tag-trek-en-liberte","88":"product_tag-trek-solo","89":"product_tag-trekking-solo","90":"product_tag-unesco-world-heritage-site","91":"product_tag-via-algarviana","92":"product_tag-viana-do-castelo","93":"product_tag-vicentina","94":"product_tag-vineyards-and-terraces","95":"product_tag-visit-algarve","96":"product_tag-voyage-en-liberte","97":"product_tag-voyages-a-pied-en-liberte","98":"product_tag-voyages-en-autonomie","99":"product_tag-walking-tour","100":"product_tag-walks-porto","101":"product_tag-western-europe","102":"product_tag-wine-lovers","103":"product_tag-world-heritage-city","104":"product_tag-worlds-best-wines","106":"first","107":"instock","108":"virtual","109":"product-type-simple"},"acf":[],"yoast_head":"<!-- This site is optimized with the Yoast SEO Premium plugin v26.8 (Yoast SEO v27.5) - https:\/\/yoast.com\/product\/yoast-seo-premium-wordpress\/ -->\n<title>Self-guided Walking Holiday in Porto: City, Heritage &amp; Nature - Legendary Adventure DMC Portugal<\/title>\n<meta name=\"description\" content=\"A Self-guided Walking Holiday in Porto to explore the city that gave its name to Port wine. Includes beautiful coastal walks and visits to nearby cities.\" \/>\n<meta name=\"robots\" content=\"index, follow, max-snippet:-1, max-image-preview:large, max-video-preview:-1\" \/>\n<link rel=\"canonical\" href=\"https:\/\/legendatours.com\/pt\/produto\/porto-city-nature-1100s\/\" \/>\n<meta property=\"og:locale\" content=\"pt_PT\" \/>\n<meta property=\"og:type\" content=\"article\" \/>\n<meta property=\"og:title\" content=\"Self-guided Walking Holiday in Porto: City, Heritage &amp; Nature\" \/>\n<meta property=\"og:description\" content=\"A Self-guided Walking Holiday in Porto to explore the city that gave its name to Port wine. Includes beautiful coastal walks and visits to nearby cities.\" \/>\n<meta property=\"og:url\" content=\"https:\/\/legendatours.com\/pt\/produto\/porto-city-nature-1100s\/\" \/>\n<meta property=\"og:site_name\" content=\"Legendary Adventure DMC Portugal\" \/>\n<meta property=\"article:publisher\" content=\"https:\/\/www.facebook.com\/legendaryadventuredmc\/\" \/>\n<meta property=\"article:modified_time\" content=\"2022-01-02T22:52:40+00:00\" \/>\n<meta property=\"og:image\" content=\"https:\/\/legendatours.com\/wp-content\/uploads\/sites\/12\/2021\/04\/Porto-self-guided-walking-e1611680357605.jpg\" \/>\n\t<meta property=\"og:image:width\" content=\"1024\" \/>\n\t<meta property=\"og:image:height\" content=\"683\" \/>\n\t<meta property=\"og:image:type\" content=\"image\/jpeg\" \/>\n<meta name=\"twitter:card\" content=\"summary_large_image\" \/>\n<meta name=\"twitter:label1\" content=\"Tempo estimado de leitura\" \/>\n\t<meta name=\"twitter:data1\" content=\"4 minutos\" \/>\n<script type=\"application\/ld+json\" class=\"yoast-schema-graph\">{\"@context\":\"https:\\\/\\\/schema.org\",\"@graph\":[{\"@type\":\"WebPage\",\"@id\":\"https:\\\/\\\/legendatours.com\\\/product\\\/porto-city-nature-1100s\\\/\",\"url\":\"https:\\\/\\\/legendatours.com\\\/product\\\/porto-city-nature-1100s\\\/\",\"name\":\"Self-guided Walking Holiday in Porto: City, Heritage &amp; Nature - Legendary Adventure DMC Portugal\",\"isPartOf\":{\"@id\":\"https:\\\/\\\/legendatours.com\\\/#website\"},\"primaryImageOfPage\":{\"@id\":\"https:\\\/\\\/legendatours.com\\\/product\\\/porto-city-nature-1100s\\\/#primaryimage\"},\"image\":{\"@id\":\"https:\\\/\\\/legendatours.com\\\/product\\\/porto-city-nature-1100s\\\/#primaryimage\"},\"thumbnailUrl\":\"https:\\\/\\\/legendatours.com\\\/wp-content\\\/uploads\\\/sites\\\/12\\\/2021\\\/04\\\/Porto-self-guided-walking-e1611680357605.jpg\",\"datePublished\":\"2020-03-06T13:12:09+00:00\",\"dateModified\":\"2022-01-02T22:52:40+00:00\",\"description\":\"A Self-guided Walking Holiday in Porto to explore the city that gave its name to Port wine. Includes beautiful coastal walks and visits to nearby cities.\",\"breadcrumb\":{\"@id\":\"https:\\\/\\\/legendatours.com\\\/product\\\/porto-city-nature-1100s\\\/#breadcrumb\"},\"inLanguage\":\"pt-PT\",\"potentialAction\":[{\"@type\":\"ReadAction\",\"target\":[\"https:\\\/\\\/legendatours.com\\\/product\\\/porto-city-nature-1100s\\\/\"]}]},{\"@type\":\"ImageObject\",\"inLanguage\":\"pt-PT\",\"@id\":\"https:\\\/\\\/legendatours.com\\\/product\\\/porto-city-nature-1100s\\\/#primaryimage\",\"url\":\"https:\\\/\\\/legendatours.com\\\/wp-content\\\/uploads\\\/sites\\\/12\\\/2021\\\/04\\\/Porto-self-guided-walking-e1611680357605.jpg\",\"contentUrl\":\"https:\\\/\\\/legendatours.com\\\/wp-content\\\/uploads\\\/sites\\\/12\\\/2021\\\/04\\\/Porto-self-guided-walking-e1611680357605.jpg\",\"width\":1024,\"height\":683,\"caption\":\"Porto, old town skyline from across the Douro River\"},{\"@type\":\"BreadcrumbList\",\"@id\":\"https:\\\/\\\/legendatours.com\\\/product\\\/porto-city-nature-1100s\\\/#breadcrumb\",\"itemListElement\":[{\"@type\":\"ListItem\",\"position\":1,\"name\":\"Home\",\"item\":\"https:\\\/\\\/legendatours.com\\\/\"},{\"@type\":\"ListItem\",\"position\":2,\"name\":\"Shop\",\"item\":\"https:\\\/\\\/legendatours.com\\\/sv\\\/?page_id=4\"},{\"@type\":\"ListItem\",\"position\":3,\"name\":\"A Self-guided Walking Holiday in Porto crafted to explore the intriguing city that gave its name to Port wine. Grand historic buildings and magnificent churches rub shoulders with picturesque old quarters and a vibrant contemporary atmosphere.\"}]},{\"@type\":\"WebSite\",\"@id\":\"https:\\\/\\\/legendatours.com\\\/#website\",\"url\":\"https:\\\/\\\/legendatours.com\\\/\",\"name\":\"Legendary Adventure DMC Portugal\",\"description\":\"Responsible Walking &amp; Nature Holidays in Portugal\",\"publisher\":{\"@id\":\"https:\\\/\\\/legendatours.com\\\/#organization\"},\"alternateName\":\"Legendary Adventure Portugal\",\"potentialAction\":[{\"@type\":\"SearchAction\",\"target\":{\"@type\":\"EntryPoint\",\"urlTemplate\":\"https:\\\/\\\/legendatours.com\\\/?s={search_term_string}\"},\"query-input\":{\"@type\":\"PropertyValueSpecification\",\"valueRequired\":true,\"valueName\":\"search_term_string\"}}],\"inLanguage\":\"pt-PT\"},{\"@type\":\"Organization\",\"@id\":\"https:\\\/\\\/legendatours.com\\\/#organization\",\"name\":\"legendatours.com\",\"url\":\"https:\\\/\\\/legendatours.com\\\/\",\"logo\":{\"@type\":\"ImageObject\",\"inLanguage\":\"pt-PT\",\"@id\":\"https:\\\/\\\/legendatours.com\\\/#\\\/schema\\\/logo\\\/image\\\/\",\"url\":\"https:\\\/\\\/legendatours.com\\\/wp-content\\\/uploads\\\/sites\\\/12\\\/2021\\\/06\\\/legendary_adventure_dmc.png\",\"contentUrl\":\"https:\\\/\\\/legendatours.com\\\/wp-content\\\/uploads\\\/sites\\\/12\\\/2021\\\/06\\\/legendary_adventure_dmc.png\",\"width\":250,\"height\":74,\"caption\":\"legendatours.com\"},\"image\":{\"@id\":\"https:\\\/\\\/legendatours.com\\\/#\\\/schema\\\/logo\\\/image\\\/\"},\"sameAs\":[\"https:\\\/\\\/www.facebook.com\\\/legendaryadventuredmc\\\/\",\"https:\\\/\\\/www.linkedin.com\\\/company\\\/legendary-adventure-dmc-portugal\",\"https:\\\/\\\/www.youtube.com\\\/channel\\\/UCOIRDx_KM6ynIcacQkZjb6g\"]}]}<\/script>\n<!-- \/ Yoast SEO Premium plugin. -->","yoast_head_json":{"title":"Caminhada autoguiada no Porto: Cidade, Patrim\u00f4nio e Natureza - Legendary Adventure DMC Portugal","description":"Uma caminhada autoguiada no Porto para explorar a cidade que deu nome ao vinho do Porto. Inclui belas caminhadas costeiras e visitas a cidades pr\u00f3ximas.","robots":{"index":"index","follow":"follow","max-snippet":"max-snippet:-1","max-image-preview":"max-image-preview:large","max-video-preview":"max-video-preview:-1"},"canonical":"https:\/\/legendatours.com\/pt\/produto\/porto-city-nature-1100s\/","og_locale":"pt_PT","og_type":"article","og_title":"Self-guided Walking Holiday in Porto: City, Heritage &amp; Nature","og_description":"A Self-guided Walking Holiday in Porto to explore the city that gave its name to Port wine. Includes beautiful coastal walks and visits to nearby cities.","og_url":"https:\/\/legendatours.com\/pt\/produto\/porto-city-nature-1100s\/","og_site_name":"Legendary Adventure DMC Portugal","article_publisher":"https:\/\/www.facebook.com\/legendaryadventuredmc\/","article_modified_time":"2022-01-02T22:52:40+00:00","og_image":[{"width":1024,"height":683,"url":"https:\/\/legendatours.com\/wp-content\/uploads\/sites\/12\/2021\/04\/Porto-self-guided-walking-e1611680357605.jpg","type":"image\/jpeg"}],"twitter_card":"summary_large_image","twitter_misc":{"Tempo estimado de leitura":"4 minutos"},"schema":{"@context":"https:\/\/schema.org","@graph":[{"@type":"WebPage","@id":"https:\/\/legendatours.com\/product\/porto-city-nature-1100s\/","url":"https:\/\/legendatours.com\/product\/porto-city-nature-1100s\/","name":"Caminhada autoguiada no Porto: Cidade, Patrim\u00f4nio e Natureza - Legendary Adventure DMC Portugal","isPartOf":{"@id":"https:\/\/legendatours.com\/#website"},"primaryImageOfPage":{"@id":"https:\/\/legendatours.com\/product\/porto-city-nature-1100s\/#primaryimage"},"image":{"@id":"https:\/\/legendatours.com\/product\/porto-city-nature-1100s\/#primaryimage"},"thumbnailUrl":"https:\/\/legendatours.com\/wp-content\/uploads\/sites\/12\/2021\/04\/Porto-self-guided-walking-e1611680357605.jpg","datePublished":"2020-03-06T13:12:09+00:00","dateModified":"2022-01-02T22:52:40+00:00","description":"Uma caminhada autoguiada no Porto para explorar a cidade que deu nome ao vinho do Porto. Inclui belas caminhadas costeiras e visitas a cidades pr\u00f3ximas.","breadcrumb":{"@id":"https:\/\/legendatours.com\/product\/porto-city-nature-1100s\/#breadcrumb"},"inLanguage":"pt-PT","potentialAction":[{"@type":"ReadAction","target":["https:\/\/legendatours.com\/product\/porto-city-nature-1100s\/"]}]},{"@type":"ImageObject","inLanguage":"pt-PT","@id":"https:\/\/legendatours.com\/product\/porto-city-nature-1100s\/#primaryimage","url":"https:\/\/legendatours.com\/wp-content\/uploads\/sites\/12\/2021\/04\/Porto-self-guided-walking-e1611680357605.jpg","contentUrl":"https:\/\/legendatours.com\/wp-content\/uploads\/sites\/12\/2021\/04\/Porto-self-guided-walking-e1611680357605.jpg","width":1024,"height":683,"caption":"Porto, old town skyline from across the Douro River"},{"@type":"BreadcrumbList","@id":"https:\/\/legendatours.com\/product\/porto-city-nature-1100s\/#breadcrumb","itemListElement":[{"@type":"ListItem","position":1,"name":"Home","item":"https:\/\/legendatours.com\/"},{"@type":"ListItem","position":2,"name":"Shop","item":"https:\/\/legendatours.com\/sv\/?page_id=4"},{"@type":"ListItem","position":3,"name":"A Self-guided Walking Holiday in Porto crafted to explore the intriguing city that gave its name to Port wine. Grand historic buildings and magnificent churches rub shoulders with picturesque old quarters and a vibrant contemporary atmosphere."}]},{"@type":"WebSite","@id":"https:\/\/legendatours.com\/#website","url":"https:\/\/legendatours.com\/","name":"Legendary Adventure DMC Portugal","description":"Caminhadas e F\u00e9rias na Natureza Respons\u00e1veis em Portugal","publisher":{"@id":"https:\/\/legendatours.com\/#organization"},"alternateName":"Legendary Adventure Portugal","potentialAction":[{"@type":"SearchAction","target":{"@type":"EntryPoint","urlTemplate":"https:\/\/legendatours.com\/?s={search_term_string}"},"query-input":{"@type":"PropertyValueSpecification","valueRequired":true,"valueName":"search_term_string"}}],"inLanguage":"pt-PT"},{"@type":"Organization","@id":"https:\/\/legendatours.com\/#organization","name":"legendatours.com","url":"https:\/\/legendatours.com\/","logo":{"@type":"ImageObject","inLanguage":"pt-PT","@id":"https:\/\/legendatours.com\/#\/schema\/logo\/image\/","url":"https:\/\/legendatours.com\/wp-content\/uploads\/sites\/12\/2021\/06\/legendary_adventure_dmc.png","contentUrl":"https:\/\/legendatours.com\/wp-content\/uploads\/sites\/12\/2021\/06\/legendary_adventure_dmc.png","width":250,"height":74,"caption":"legendatours.com"},"image":{"@id":"https:\/\/legendatours.com\/#\/schema\/logo\/image\/"},"sameAs":["https:\/\/www.facebook.com\/legendaryadventuredmc\/","https:\/\/www.linkedin.com\/company\/legendary-adventure-dmc-portugal","https:\/\/www.youtube.com\/channel\/UCOIRDx_KM6ynIcacQkZjb6g"]}]}},"_links":{"self":[{"href":"https:\/\/legendatours.com\/pt\/wp-json\/wp\/v2\/product\/8428","targetHints":{"allow":["GET"]}}],"collection":[{"href":"https:\/\/legendatours.com\/pt\/wp-json\/wp\/v2\/product"}],"about":[{"href":"https:\/\/legendatours.com\/pt\/wp-json\/wp\/v2\/types\/product"}],"replies":[{"embeddable":true,"href":"https:\/\/legendatours.com\/pt\/wp-json\/wp\/v2\/comments?post=8428"}],"wp:featuredmedia":[{"embeddable":true,"href":"https:\/\/legendatours.com\/pt\/wp-json\/wp\/v2\/media\/1774"}],"wp:attachment":[{"href":"https:\/\/legendatours.com\/pt\/wp-json\/wp\/v2\/media?parent=8428"}],"wp:term":[{"taxonomy":"product_brand","embeddable":true,"href":"https:\/\/legendatours.com\/pt\/wp-json\/wp\/v2\/product_brand?post=8428"},{"taxonomy":"product_cat","embeddable":true,"href":"https:\/\/legendatours.com\/pt\/wp-json\/wp\/v2\/product_cat?post=8428"},{"taxonomy":"product_tag","embeddable":true,"href":"https:\/\/legendatours.com\/pt\/wp-json\/wp\/v2\/product_tag?post=8428"}],"curies":[{"name":"wp","href":"https:\/\/api.w.org\/{rel}","templated":true}]}}