{"id":10180,"date":"2021-07-12T17:12:01","date_gmt":"2021-07-12T17:12:01","guid":{"rendered":"https:\/\/legendatours.com\/?page_id=10180"},"modified":"2021-08-22T18:37:29","modified_gmt":"2021-08-22T18:37:29","slug":"declaring-climate-emergency","status":"publish","type":"page","link":"https:\/\/legendatours.com\/sv\/declaring-climate-emergency\/","title":{"rendered":"Legendary Adventure utlyser klimatn\u00f6dl\u00e4ge"},"content":{"rendered":"<div id=\"testimonials\"  data-column-margin=\"default\" data-midnight=\"dark\" data-bottom-percent=\"8%\"  class=\"wpb_row vc_row-fluid vc_row full-width-content vc_row-o-equal-height vc_row-flex vc_row-o-content-top\"  style=\"padding-top: 0px; padding-bottom: calc(100vw * 0.08); \"><div class=\"row-bg-wrap\" data-bg-animation=\"none\" data-bg-animation-delay=\"\" data-bg-overlay=\"false\"><div class=\"inner-wrap row-bg-layer\" ><div class=\"row-bg viewport-desktop\"  style=\"\"><\/div><\/div><\/div><div class=\"row_col_wrap_12 col span_12 dark left\">\n\t<div  class=\"vc_col-sm-12 wpb_column column_container vc_column_container col no-extra-padding inherit_tablet inherit_phone\"  data-padding-pos=\"all\" data-has-bg-color=\"false\" data-bg-color=\"\" data-bg-opacity=\"1\" data-animation=\"\" data-delay=\"0\" >\n\t\t<div class=\"vc_column-inner\" >\n\t\t\t<div class=\"wpb_wrapper\">\n\t\t\t\t\n\t\t\t<\/div> \n\t\t<\/div>\n\t<\/div> \n<\/div><\/div>\n\t\t<div id=\"testimonials\"  data-column-margin=\"default\" data-midnight=\"dark\"  class=\"wpb_row vc_row-fluid vc_row full-width-section\"  style=\"padding-top: 0px; padding-bottom: 0px; \"><div class=\"row-bg-wrap\" data-bg-animation=\"none\" data-bg-animation-delay=\"\" data-bg-overlay=\"false\"><div class=\"inner-wrap row-bg-layer\" ><div class=\"row-bg viewport-desktop\"  style=\"\"><\/div><\/div><\/div><div class=\"row_col_wrap_12 col span_12 dark left\">\n\t<div  class=\"vc_col-sm-12 wpb_column column_container vc_column_container col no-extra-padding inherit_tablet inherit_phone\"  data-padding-pos=\"all\" data-has-bg-color=\"false\" data-bg-color=\"\" data-bg-opacity=\"1\" data-animation=\"\" data-delay=\"0\" >\n\t\t<div class=\"vc_column-inner\" >\n\t\t\t<div class=\"wpb_wrapper\">\n\t\t\t\t<div id=\"fws_69e36ff246885\" data-midnight=\"\" data-column-margin=\"default\" class=\"wpb_row vc_row-fluid vc_row inner_row\"  style=\"\"><div class=\"row-bg-wrap\"> <div class=\"row-bg\" ><\/div> <\/div><div class=\"row_col_wrap_12_inner col span_12  left\">\n\t<div  class=\"vc_col-sm-12 wpb_column column_container vc_column_container col child_column no-extra-padding inherit_tablet inherit_phone\"   data-padding-pos=\"all\" data-has-bg-color=\"false\" data-bg-color=\"\" data-bg-opacity=\"1\" data-animation=\"\" data-delay=\"0\" >\n\t\t<div class=\"vc_column-inner\" >\n\t\t<div class=\"wpb_wrapper\">\n\t\t\t<h2 style=\"color: #1e1e31;text-align: left;font-family:Yanone Kaffeesatz;font-weight:400;font-style:normal\" class=\"vc_custom_heading vc_do_custom_heading\" >LEGENDARISKT \u00c4VENTYR \u00c4R KLIMATK\u00d6D<\/h2><div class=\"divider-wrap\" data-alignment=\"default\"><div style=\"margin-top: 10px; height: 1px; margin-bottom: 10px;\" data-width=\"100%\" data-animate=\"\" data-animation-delay=\"\" data-color=\"default\" class=\"divider-border\"><\/div><\/div>\n<div class=\"wpb_text_column wpb_content_element  vc_custom_1626111380280\" >\n\t<p>&nbsp;<\/p>\n<h3>Det h\u00e4r \u00e4r varf\u00f6r:<\/h3>\n<p>&nbsp;<\/p>\n<p>Under de senaste 10 \u00e5ren har Legendary Adventure v\u00e4lkomnat sm\u00e5 grupper av vandrare och naturresen\u00e4rer till Portugal och gett dem n\u00e4ra kontakt med v\u00e5rt lands naturliga under och kultur.<\/p>\n<p>Vi har alltid haft en l\u00e5ngsam resa, med upplevelser som ger tillbaka till platserna vi bes\u00f6ker och m\u00e4nniskorna vi m\u00f6ter. Vi anv\u00e4nder lokala leverant\u00f6rer, som \u00e4gs och drivs av lokalbefolkningen, \u00e4ter p\u00e5 lokala restauranger och bor p\u00e5 lokalt drivna boende.<\/p>\n<p>Vi \u00e4r erk\u00e4nda som ett h\u00e5llbart turistf\u00f6retag av den portugisiska turiststyrelsen, och k\u00e4rnan i v\u00e5r verksamhet \u00e4r att utforska v\u00e5rt vackra land till fots eller med cykel, men vi kan inte ignorera att vi \u00e4r en del av en industri med en enorm negativ p\u00e5verkan p\u00e5 v\u00e5r planet och p\u00e5 v\u00e5ra gemensamma resurser.<\/p>\n<p>Turistindustrin \u00e4r ensam ansvarig f\u00f6r 8% av v\u00e4rldens koldioxidavtryck. F\u00f6r detta, och eftersom en f\u00f6r\u00e4ndring \u00e4r absolut n\u00f6dv\u00e4ndig och oundviklig, har vi beslutat att g\u00e5 med i <a href=\"https:\/\/www.tourismdeclares.com\/\" target=\"_blank\" rel=\"noopener\">n\u00e4tverk av organisationer, f\u00f6retag och individer som arbetar inom turism som utropade en Climate Emergency<\/a>.<\/p>\n<p>Vi tror att det \u00e4r v\u00e5rt personliga och sociala ansvar, som ett f\u00f6retag och en grupp m\u00e4nniskor som \u00e4lskar naturen och att resa, att g\u00f6ra allt vi kan f\u00f6r att bevara denna jord f\u00f6r v\u00e5ra framtida generationer.<\/p>\n<p>Vi arbetar redan med en noll-avfall-till-deponi-policy p\u00e5 v\u00e5rt huvudkontor, och vi studerar l\u00f6sningar f\u00f6r att ytterligare minska v\u00e5rt fotavtryck.<\/p>\n<p>F\u00f6r allt detta gick vi med i Tourism Declares a Climate Emergency, ett kollektiv av 287 reseorganisationer, f\u00f6retag och yrkesverksamma som har f\u00f6rklarat en klimatn\u00f6dsituation och som g\u00e5r samman f\u00f6r att hitta l\u00f6sningar.<\/p>\n<p>Vi erk\u00e4nner vetenskapen som s\u00e4ger att vi m\u00e5ste agera nu f\u00f6r att ta itu med denna kris under det kommande decenniet.<\/p>\n<p>Vi tar v\u00e5rt ansvar, att ber\u00e4tta sanningen, arbeta tillsammans och hj\u00e4lpa till att bygga en ny, regenerativ turistindustri.<\/p>\n<p>Vi har \u00e5tagit oss f\u00f6ljande fem \u00e5tg\u00e4rder:<\/p>\n<ol>\n<li>Utveckla en &quot;klimatn\u00f6dplan&quot; inom de kommande 12 m\u00e5naderna, som anger v\u00e5ra avsikter att minska koldioxidutsl\u00e4ppen under det kommande decenniet.<\/li>\n<li>Dela en f\u00f6rsta offentlig deklaration av v\u00e5r &#039;klimatn\u00f6dplan&#039; och uppdatera om framstegen varje \u00e5r.<\/li>\n<li>Acceptera aktuella r\u00e5d fr\u00e5n IPCC som anger behovet av att minska de globala koldioxidutsl\u00e4ppen till 55% under 2017 \u00e5rs niv\u00e5er till 2030 f\u00f6r att h\u00e5lla planeten inom 1,5 graders uppv\u00e4rmning. Vi kommer att s\u00e4kerst\u00e4lla att v\u00e5r &#039;klimatn\u00f6dplan&#039; representerar \u00e5tg\u00e4rder som \u00e4r utformade f\u00f6r att uppn\u00e5 detta som ett minimum, genom att leverera transparenta, m\u00e4tbara och \u00f6kande minskningar av de totala koldioxidutsl\u00e4ppen per kund som h\u00e4rr\u00f6r fr\u00e5n v\u00e5r verksamhet och de resetj\u00e4nster som s\u00e4ljs av oss.<\/li>\n<li>Uppmuntra v\u00e5ra leverant\u00f6rer och partners att g\u00f6ra samma deklaration; utbyte av b\u00e4sta praxis mellan kamrater; och delta aktivt i Tourism Declares-gemenskapen<\/li>\n<li>F\u00f6respr\u00e5ka f\u00f6r\u00e4ndring. Vi inser behovet av systemf\u00f6r\u00e4ndringar inom branschen och efterlyser br\u00e5dskande regulatoriska \u00e5tg\u00e4rder f\u00f6r att p\u00e5skynda \u00f6verg\u00e5ngen till flygresor utan koldioxidutsl\u00e4pp.<\/li>\n<\/ol>\n<p>Vi delar en central \u00f6vertygelse om att ansvarsfullt resor leder till h\u00e5llbar turism, och de grundl\u00e4ggande principerna och m\u00e5len f\u00f6r v\u00e5r h\u00e5llbarhetspolicy kan l\u00e4sas <a href=\"https:\/\/legendatours.com\/sv\/sustainable-tourism\/\">h\u00e4r<\/a>.<\/p>\n<p>Detta \u00e4r ett dokument och en p\u00e5g\u00e5ende process, mot ett b\u00e4ttre och mer r\u00e4ttvist s\u00e4tt att resa.<\/p>\n<\/div>\n\n\n\n\n\t\t<\/div> \n\t<\/div>\n\t<\/div> \n<\/div><\/div>\n\t\t\t<\/div> \n\t\t<\/div>\n\t<\/div> \n<\/div><\/div>","protected":false},"excerpt":{"rendered":"LEGENDARY ADVENTURE UTL\u00c4SER EN KLIMATK\u00d6D Det \u00e4r d\u00e4rf\u00f6r: Under de senaste 10 \u00e5ren har Legendary Adventure v\u00e4lkomnat sm\u00e5 grupper av vandrare och naturresen\u00e4rer till Portugal, vilket ger dem n\u00e4ra kontakt med v\u00e5rt lands naturliga underverk och kultur. Vi har alltid haft en l\u00e5ngsam resa, med upplevelser som ger tillbaka till de platser vi bes\u00f6ker, och...","protected":false},"author":8,"featured_media":0,"parent":0,"menu_order":0,"comment_status":"closed","ping_status":"closed","template":"","meta":{"_acf_changed":false,"inline_featured_image":false,"footnotes":""},"class_list":["post-10180","page","type-page","status-publish"],"acf":[],"yoast_head":"<!-- This site is optimized with the Yoast SEO Premium plugin v26.8 (Yoast SEO v27.4) - https:\/\/yoast.com\/product\/yoast-seo-premium-wordpress\/ -->\n<title>Legendary Adventure is declaring Climate Emergency<\/title>\n<meta name=\"description\" content=\"LEGENDARY ADVENTURE DECLARES A CLIMATE EMERGENCY\" \/>\n<meta name=\"robots\" content=\"index, follow, max-snippet:-1, max-image-preview:large, max-video-preview:-1\" \/>\n<link rel=\"canonical\" href=\"https:\/\/legendatours.com\/sv\/declaring-climate-emergency\/\" \/>\n<meta property=\"og:locale\" content=\"sv_SE\" \/>\n<meta property=\"og:type\" content=\"article\" \/>\n<meta property=\"og:title\" content=\"LEGENDARY ADVENTURE DECLARES A CLIMATE EMERGENCY\" \/>\n<meta property=\"og:description\" content=\"LEGENDARY ADVENTURE DECLARES A CLIMATE EMERGENCY\" \/>\n<meta property=\"og:url\" content=\"https:\/\/legendatours.com\/sv\/declaring-climate-emergency\/\" \/>\n<meta property=\"og:site_name\" content=\"Legendary Adventure DMC Portugal\" \/>\n<meta property=\"article:publisher\" content=\"https:\/\/www.facebook.com\/legendaryadventuredmc\/\" \/>\n<meta property=\"article:modified_time\" content=\"2021-08-22T18:37:29+00:00\" \/>\n<meta property=\"og:image\" content=\"https:\/\/legendatours.com\/wp-content\/uploads\/sites\/12\/2021\/06\/legendary_adventure_declares_climate_emergency.png\" \/>\n\t<meta property=\"og:image:width\" content=\"134\" \/>\n\t<meta property=\"og:image:height\" content=\"59\" \/>\n\t<meta property=\"og:image:type\" content=\"image\/png\" \/>\n<meta name=\"twitter:card\" content=\"summary_large_image\" \/>\n<meta name=\"twitter:title\" content=\"LEGENDARY ADVENTURE DECLARES A CLIMATE EMERGENCY\" \/>\n<meta name=\"twitter:description\" content=\"LEGENDARY ADVENTURE DECLARES A CLIMATE EMERGENCY\" \/>\n<meta name=\"twitter:image\" content=\"https:\/\/legendatours.com\/wp-content\/uploads\/sites\/12\/2021\/06\/legendary_adventure_declares_climate_emergency.png\" \/>\n<meta name=\"twitter:label1\" content=\"Ber\u00e4knad l\u00e4stid\" \/>\n\t<meta name=\"twitter:data1\" content=\"3 minuter\" \/>\n<script type=\"application\/ld+json\" class=\"yoast-schema-graph\">{\"@context\":\"https:\\\/\\\/schema.org\",\"@graph\":[{\"@type\":\"WebPage\",\"@id\":\"https:\\\/\\\/legendatours.com\\\/fr\\\/declaring-climate-emergency\\\/\",\"url\":\"https:\\\/\\\/legendatours.com\\\/fr\\\/declaring-climate-emergency\\\/\",\"name\":\"Legendary Adventure is declaring Climate Emergency\",\"isPartOf\":{\"@id\":\"https:\\\/\\\/legendatours.com\\\/#website\"},\"datePublished\":\"2021-07-12T17:12:01+00:00\",\"dateModified\":\"2021-08-22T18:37:29+00:00\",\"description\":\"LEGENDARY ADVENTURE DECLARES A CLIMATE EMERGENCY\",\"breadcrumb\":{\"@id\":\"https:\\\/\\\/legendatours.com\\\/fr\\\/declaring-climate-emergency\\\/#breadcrumb\"},\"inLanguage\":\"sv-SE\",\"potentialAction\":[{\"@type\":\"ReadAction\",\"target\":[\"https:\\\/\\\/legendatours.com\\\/fr\\\/declaring-climate-emergency\\\/\"]}]},{\"@type\":\"BreadcrumbList\",\"@id\":\"https:\\\/\\\/legendatours.com\\\/fr\\\/declaring-climate-emergency\\\/#breadcrumb\",\"itemListElement\":[{\"@type\":\"ListItem\",\"position\":1,\"name\":\"Home\",\"item\":\"https:\\\/\\\/legendatours.com\\\/\"},{\"@type\":\"ListItem\",\"position\":2,\"name\":\"Legendary Adventure is declaring Climate Emergency\"}]},{\"@type\":\"WebSite\",\"@id\":\"https:\\\/\\\/legendatours.com\\\/#website\",\"url\":\"https:\\\/\\\/legendatours.com\\\/\",\"name\":\"Legendary Adventure DMC Portugal\",\"description\":\"Responsible Walking &amp; Nature Holidays in Portugal\",\"publisher\":{\"@id\":\"https:\\\/\\\/legendatours.com\\\/#organization\"},\"alternateName\":\"Legendary Adventure Portugal\",\"potentialAction\":[{\"@type\":\"SearchAction\",\"target\":{\"@type\":\"EntryPoint\",\"urlTemplate\":\"https:\\\/\\\/legendatours.com\\\/?s={search_term_string}\"},\"query-input\":{\"@type\":\"PropertyValueSpecification\",\"valueRequired\":true,\"valueName\":\"search_term_string\"}}],\"inLanguage\":\"sv-SE\"},{\"@type\":\"Organization\",\"@id\":\"https:\\\/\\\/legendatours.com\\\/#organization\",\"name\":\"legendatours.com\",\"url\":\"https:\\\/\\\/legendatours.com\\\/\",\"logo\":{\"@type\":\"ImageObject\",\"inLanguage\":\"sv-SE\",\"@id\":\"https:\\\/\\\/legendatours.com\\\/#\\\/schema\\\/logo\\\/image\\\/\",\"url\":\"https:\\\/\\\/legendatours.com\\\/wp-content\\\/uploads\\\/sites\\\/12\\\/2021\\\/06\\\/legendary_adventure_dmc.png\",\"contentUrl\":\"https:\\\/\\\/legendatours.com\\\/wp-content\\\/uploads\\\/sites\\\/12\\\/2021\\\/06\\\/legendary_adventure_dmc.png\",\"width\":250,\"height\":74,\"caption\":\"legendatours.com\"},\"image\":{\"@id\":\"https:\\\/\\\/legendatours.com\\\/#\\\/schema\\\/logo\\\/image\\\/\"},\"sameAs\":[\"https:\\\/\\\/www.facebook.com\\\/legendaryadventuredmc\\\/\",\"https:\\\/\\\/www.linkedin.com\\\/company\\\/legendary-adventure-dmc-portugal\",\"https:\\\/\\\/www.youtube.com\\\/channel\\\/UCOIRDx_KM6ynIcacQkZjb6g\"]}]}<\/script>\n<!-- \/ Yoast SEO Premium plugin. -->","yoast_head_json":{"title":"Legendary Adventure utlyser klimatn\u00f6dl\u00e4ge","description":"LEGENDARISKT \u00c4VENTYR \u00c4R KLIMATK\u00d6D","robots":{"index":"index","follow":"follow","max-snippet":"max-snippet:-1","max-image-preview":"max-image-preview:large","max-video-preview":"max-video-preview:-1"},"canonical":"https:\/\/legendatours.com\/sv\/declaring-climate-emergency\/","og_locale":"sv_SE","og_type":"article","og_title":"LEGENDARY ADVENTURE DECLARES A CLIMATE EMERGENCY","og_description":"LEGENDARY ADVENTURE DECLARES A CLIMATE EMERGENCY","og_url":"https:\/\/legendatours.com\/sv\/declaring-climate-emergency\/","og_site_name":"Legendary Adventure DMC Portugal","article_publisher":"https:\/\/www.facebook.com\/legendaryadventuredmc\/","article_modified_time":"2021-08-22T18:37:29+00:00","og_image":[{"width":134,"height":59,"url":"https:\/\/legendatours.com\/wp-content\/uploads\/sites\/12\/2021\/06\/legendary_adventure_declares_climate_emergency.png","type":"image\/png"}],"twitter_card":"summary_large_image","twitter_title":"LEGENDARY ADVENTURE DECLARES A CLIMATE EMERGENCY","twitter_description":"LEGENDARY ADVENTURE DECLARES A CLIMATE EMERGENCY","twitter_image":"https:\/\/legendatours.com\/wp-content\/uploads\/sites\/12\/2021\/06\/legendary_adventure_declares_climate_emergency.png","twitter_misc":{"Ber\u00e4knad l\u00e4stid":"3 minuter"},"schema":{"@context":"https:\/\/schema.org","@graph":[{"@type":"WebPage","@id":"https:\/\/legendatours.com\/fr\/declaring-climate-emergency\/","url":"https:\/\/legendatours.com\/fr\/declaring-climate-emergency\/","name":"Legendary Adventure utlyser klimatn\u00f6dl\u00e4ge","isPartOf":{"@id":"https:\/\/legendatours.com\/#website"},"datePublished":"2021-07-12T17:12:01+00:00","dateModified":"2021-08-22T18:37:29+00:00","description":"LEGENDARISKT \u00c4VENTYR \u00c4R KLIMATK\u00d6D","breadcrumb":{"@id":"https:\/\/legendatours.com\/fr\/declaring-climate-emergency\/#breadcrumb"},"inLanguage":"sv-SE","potentialAction":[{"@type":"ReadAction","target":["https:\/\/legendatours.com\/fr\/declaring-climate-emergency\/"]}]},{"@type":"BreadcrumbList","@id":"https:\/\/legendatours.com\/fr\/declaring-climate-emergency\/#breadcrumb","itemListElement":[{"@type":"ListItem","position":1,"name":"Home","item":"https:\/\/legendatours.com\/"},{"@type":"ListItem","position":2,"name":"Legendary Adventure is declaring Climate Emergency"}]},{"@type":"WebSite","@id":"https:\/\/legendatours.com\/#website","url":"https:\/\/legendatours.com\/","name":"Legendariskt \u00e4ventyr DMC Portugal","description":"Ansvarsfulla vandringar och natursemester i Portugal","publisher":{"@id":"https:\/\/legendatours.com\/#organization"},"alternateName":"Legendary Adventure Portugal","potentialAction":[{"@type":"SearchAction","target":{"@type":"EntryPoint","urlTemplate":"https:\/\/legendatours.com\/?s={search_term_string}"},"query-input":{"@type":"PropertyValueSpecification","valueRequired":true,"valueName":"search_term_string"}}],"inLanguage":"sv-SE"},{"@type":"Organization","@id":"https:\/\/legendatours.com\/#organization","name":"legendatours.com","url":"https:\/\/legendatours.com\/","logo":{"@type":"ImageObject","inLanguage":"sv-SE","@id":"https:\/\/legendatours.com\/#\/schema\/logo\/image\/","url":"https:\/\/legendatours.com\/wp-content\/uploads\/sites\/12\/2021\/06\/legendary_adventure_dmc.png","contentUrl":"https:\/\/legendatours.com\/wp-content\/uploads\/sites\/12\/2021\/06\/legendary_adventure_dmc.png","width":250,"height":74,"caption":"legendatours.com"},"image":{"@id":"https:\/\/legendatours.com\/#\/schema\/logo\/image\/"},"sameAs":["https:\/\/www.facebook.com\/legendaryadventuredmc\/","https:\/\/www.linkedin.com\/company\/legendary-adventure-dmc-portugal","https:\/\/www.youtube.com\/channel\/UCOIRDx_KM6ynIcacQkZjb6g"]}]}},"_links":{"self":[{"href":"https:\/\/legendatours.com\/sv\/wp-json\/wp\/v2\/pages\/10180","targetHints":{"allow":["GET"]}}],"collection":[{"href":"https:\/\/legendatours.com\/sv\/wp-json\/wp\/v2\/pages"}],"about":[{"href":"https:\/\/legendatours.com\/sv\/wp-json\/wp\/v2\/types\/page"}],"author":[{"embeddable":true,"href":"https:\/\/legendatours.com\/sv\/wp-json\/wp\/v2\/users\/8"}],"replies":[{"embeddable":true,"href":"https:\/\/legendatours.com\/sv\/wp-json\/wp\/v2\/comments?post=10180"}],"version-history":[{"count":0,"href":"https:\/\/legendatours.com\/sv\/wp-json\/wp\/v2\/pages\/10180\/revisions"}],"wp:attachment":[{"href":"https:\/\/legendatours.com\/sv\/wp-json\/wp\/v2\/media?parent=10180"}],"curies":[{"name":"wp","href":"https:\/\/api.w.org\/{rel}","templated":true}]}}