{"id":8568,"date":"2021-04-28T15:56:11","date_gmt":"2021-04-28T15:56:11","guid":{"rendered":"https:\/\/legendatours.com\/?page_id=8568"},"modified":"2021-07-14T18:20:16","modified_gmt":"2021-07-14T18:20:16","slug":"fit","status":"publish","type":"page","link":"https:\/\/legendatours.com\/sv\/our-services\/fit\/","title":{"rendered":"PASSA"},"content":{"rendered":"<div id=\"testimonials\"  data-column-margin=\"default\" data-midnight=\"dark\" data-bottom-percent=\"8%\"  class=\"wpb_row vc_row-fluid vc_row full-width-content vc_row-o-equal-height vc_row-flex vc_row-o-content-top\"  style=\"padding-top: 0px; padding-bottom: calc(100vw * 0.08); \"><div class=\"row-bg-wrap\" data-bg-animation=\"none\" data-bg-animation-delay=\"\" data-bg-overlay=\"false\"><div class=\"inner-wrap row-bg-layer\" ><div class=\"row-bg viewport-desktop\"  style=\"\"><\/div><\/div><\/div><div class=\"row_col_wrap_12 col span_12 dark left\">\n\t<div  class=\"vc_col-sm-12 wpb_column column_container vc_column_container col no-extra-padding inherit_tablet inherit_phone\"  data-padding-pos=\"all\" data-has-bg-color=\"false\" data-bg-color=\"\" data-bg-opacity=\"1\" data-animation=\"\" data-delay=\"0\" >\n\t\t<div class=\"vc_column-inner\" >\n\t\t\t<div class=\"wpb_wrapper\">\n\t\t\t\t\n\t\t\t<\/div> \n\t\t<\/div>\n\t<\/div> \n<\/div><\/div>\n\t\t<div id=\"testimonials\"  data-column-margin=\"default\" data-midnight=\"dark\"  class=\"wpb_row vc_row-fluid vc_row full-width-section\"  style=\"padding-top: 0px; padding-bottom: 0px; \"><div class=\"row-bg-wrap\" data-bg-animation=\"none\" data-bg-animation-delay=\"\" data-bg-overlay=\"false\"><div class=\"inner-wrap row-bg-layer\" ><div class=\"row-bg viewport-desktop\"  style=\"\"><\/div><\/div><\/div><div class=\"row_col_wrap_12 col span_12 dark left\">\n\t<div  class=\"vc_col-sm-12 wpb_column column_container vc_column_container col no-extra-padding inherit_tablet inherit_phone\"  data-padding-pos=\"all\" data-has-bg-color=\"false\" data-bg-color=\"\" data-bg-opacity=\"1\" data-animation=\"\" data-delay=\"0\" >\n\t\t<div class=\"vc_column-inner\" >\n\t\t\t<div class=\"wpb_wrapper\">\n\t\t\t\t<div id=\"fws_69e36ff266b2c\" data-midnight=\"\" data-column-margin=\"default\" class=\"wpb_row vc_row-fluid vc_row inner_row\"  style=\"\"><div class=\"row-bg-wrap\"> <div class=\"row-bg\" ><\/div> <\/div><div class=\"row_col_wrap_12_inner col span_12  left\">\n\t<div  class=\"vc_col-sm-12 wpb_column column_container vc_column_container col child_column no-extra-padding inherit_tablet inherit_phone\"   data-padding-pos=\"all\" data-has-bg-color=\"false\" data-bg-color=\"\" data-bg-opacity=\"1\" data-animation=\"\" data-delay=\"0\" >\n\t\t<div class=\"vc_column-inner\" >\n\t\t<div class=\"wpb_wrapper\">\n\t\t\t<h2 style=\"color: #1e1e31;text-align: left;font-family:Yanone Kaffeesatz;font-weight:400;font-style:normal\" class=\"vc_custom_heading vc_do_custom_heading\" >OBEROENDE RESARE I PORTUGAL<\/h2><div class=\"divider-wrap\" data-alignment=\"default\"><div style=\"margin-top: 10px; height: 1px; margin-bottom: 10px;\" data-width=\"100%\" data-animate=\"\" data-animation-delay=\"\" data-color=\"default\" class=\"divider-border\"><\/div><\/div>\n<div class=\"wpb_text_column wpb_content_element  vc_custom_1625747418420\" >\n\t<p>Legendary Adventure erbjuder ett komplett utbud av boende, transporter och andra resetj\u00e4nster f\u00f6r oberoende g\u00e4ster som skulle vilja l\u00e4ra sig mer om Portugals historia, kultur och m\u00e4nniskor.<\/p>\n<p>Vi erbjuder skr\u00e4ddarsydda turer, med program planerade f\u00f6r sm\u00e5 grupper och f\u00f6retag som kan inkludera sightseeing- och \u00e4ventyrsaktiviteter, ta hand om alla detaljer enligt kundens preferenser.<\/p>\n<p>Tillsammans kan vi f\u00f6rverkliga dina id\u00e9er, eftersom vi k\u00e4nner till alla viktiga punkter f\u00f6r att g\u00f6ra din resa minnesv\u00e4rd. Vare sig det g\u00e4ller en individ eller en grupp, vi hittar de b\u00e4sta l\u00f6sningarna f\u00f6r alla.<\/p>\n<p><a href=\"mailto:info@legendatours.com\">Kontakta oss<\/a>! V\u00e5rt erfarna team kommer g\u00e4rna att arbeta med dig p\u00e5 en fantastisk reseplan. Vi garanterar den b\u00e4sta representationen av alla tj\u00e4nster och fokuserar alltid p\u00e5 kundn\u00f6jdhet.<\/p>\n<\/div>\n\n\n\n\n\t\t<\/div> \n\t<\/div>\n\t<\/div> \n<\/div><\/div>\n\t\t\t<\/div> \n\t\t<\/div>\n\t<\/div> \n<\/div><\/div>","protected":false},"excerpt":{"rendered":"OBEROENDE RESEN\u00c4R I PORTUGAL Legendary Adventure erbjuder ett komplett utbud av boende, transporter och andra resetj\u00e4nster f\u00f6r oberoende g\u00e4ster som skulle \u00e4lska att l\u00e4ra sig mer om Portugals historia, kultur och m\u00e4nniskor. Vi erbjuder skr\u00e4ddarsydda turer, med program planerade f\u00f6r sm\u00e5 grupper och f\u00f6retag som kan inneh\u00e5lla sightseeing och \u00e4ventyrsaktiviteter, ta hand om alla detaljer enligt kund...","protected":false},"author":8,"featured_media":0,"parent":8567,"menu_order":0,"comment_status":"closed","ping_status":"closed","template":"","meta":{"_acf_changed":false,"inline_featured_image":false,"footnotes":""},"class_list":["post-8568","page","type-page","status-publish"],"acf":[],"yoast_head":"<!-- This site is optimized with the Yoast SEO Premium plugin v26.8 (Yoast SEO v27.4) - https:\/\/yoast.com\/product\/yoast-seo-premium-wordpress\/ -->\n<title>FIT - Legendary Adventure DMC Portugal<\/title>\n<meta name=\"description\" content=\"We offer tailor-made tours, with programs planned for small groups that may include sightseeing and adventure activities, taking care of all the details according to customer preference.\" \/>\n<meta name=\"robots\" content=\"index, follow, max-snippet:-1, max-image-preview:large, max-video-preview:-1\" \/>\n<link rel=\"canonical\" href=\"https:\/\/legendatours.com\/sv\/our-services\/fit\/\" \/>\n<meta property=\"og:locale\" content=\"sv_SE\" \/>\n<meta property=\"og:type\" content=\"article\" \/>\n<meta property=\"og:title\" content=\"FIT - Independent Traveller\" \/>\n<meta property=\"og:description\" content=\"Tailor-made tours, with programs planned for small groups and companies that may include sightseeing and adventure activities, taking care of all the details according to customer preference.\" \/>\n<meta property=\"og:url\" content=\"https:\/\/legendatours.com\/sv\/our-services\/fit\/\" \/>\n<meta property=\"og:site_name\" content=\"Legendary Adventure DMC Portugal\" \/>\n<meta property=\"article:publisher\" content=\"https:\/\/www.facebook.com\/legendaryadventuredmc\/\" \/>\n<meta property=\"article:modified_time\" content=\"2021-07-14T18:20:16+00:00\" \/>\n<meta property=\"og:image\" content=\"https:\/\/legendatours.com\/wp-content\/uploads\/sites\/12\/2021\/06\/FITPortugal.jpg\" \/>\n\t<meta property=\"og:image:width\" content=\"1920\" \/>\n\t<meta property=\"og:image:height\" content=\"676\" \/>\n\t<meta property=\"og:image:type\" content=\"image\/jpeg\" \/>\n<meta name=\"twitter:card\" content=\"summary_large_image\" \/>\n<meta name=\"twitter:title\" content=\"FIT - Independent Traveller\" \/>\n<meta name=\"twitter:description\" content=\"Tailor-made tours, with programs planned for small groups and companies that may include sightseeing and adventure activities, taking care of all the details according to customer preference.\" \/>\n<meta name=\"twitter:image\" content=\"https:\/\/legendatours.com\/wp-content\/uploads\/sites\/12\/2021\/06\/FITPortugal.jpg\" \/>\n<meta name=\"twitter:label1\" content=\"Ber\u00e4knad l\u00e4stid\" \/>\n\t<meta name=\"twitter:data1\" content=\"3 minuter\" \/>\n<script type=\"application\/ld+json\" class=\"yoast-schema-graph\">{\"@context\":\"https:\\\/\\\/schema.org\",\"@graph\":[{\"@type\":\"WebPage\",\"@id\":\"https:\\\/\\\/legendatours.com\\\/our-services\\\/fit\\\/\",\"url\":\"https:\\\/\\\/legendatours.com\\\/our-services\\\/fit\\\/\",\"name\":\"FIT - Legendary Adventure DMC Portugal\",\"isPartOf\":{\"@id\":\"https:\\\/\\\/legendatours.com\\\/#website\"},\"datePublished\":\"2021-04-28T15:56:11+00:00\",\"dateModified\":\"2021-07-14T18:20:16+00:00\",\"description\":\"We offer tailor-made tours, with programs planned for small groups that may include sightseeing and adventure activities, taking care of all the details according to customer preference.\",\"breadcrumb\":{\"@id\":\"https:\\\/\\\/legendatours.com\\\/our-services\\\/fit\\\/#breadcrumb\"},\"inLanguage\":\"sv-SE\",\"potentialAction\":[{\"@type\":\"ReadAction\",\"target\":[\"https:\\\/\\\/legendatours.com\\\/our-services\\\/fit\\\/\"]}]},{\"@type\":\"BreadcrumbList\",\"@id\":\"https:\\\/\\\/legendatours.com\\\/our-services\\\/fit\\\/#breadcrumb\",\"itemListElement\":[{\"@type\":\"ListItem\",\"position\":1,\"name\":\"Home\",\"item\":\"https:\\\/\\\/legendatours.com\\\/\"},{\"@type\":\"ListItem\",\"position\":2,\"name\":\"Our Services\",\"item\":\"https:\\\/\\\/legendatours.com\\\/our-services\\\/\"},{\"@type\":\"ListItem\",\"position\":3,\"name\":\"FIT - Independent Traveller\"}]},{\"@type\":\"WebSite\",\"@id\":\"https:\\\/\\\/legendatours.com\\\/#website\",\"url\":\"https:\\\/\\\/legendatours.com\\\/\",\"name\":\"Legendary Adventure DMC Portugal\",\"description\":\"Responsible Walking &amp; Nature Holidays in Portugal\",\"publisher\":{\"@id\":\"https:\\\/\\\/legendatours.com\\\/#organization\"},\"alternateName\":\"Legendary Adventure Portugal\",\"potentialAction\":[{\"@type\":\"SearchAction\",\"target\":{\"@type\":\"EntryPoint\",\"urlTemplate\":\"https:\\\/\\\/legendatours.com\\\/?s={search_term_string}\"},\"query-input\":{\"@type\":\"PropertyValueSpecification\",\"valueRequired\":true,\"valueName\":\"search_term_string\"}}],\"inLanguage\":\"sv-SE\"},{\"@type\":\"Organization\",\"@id\":\"https:\\\/\\\/legendatours.com\\\/#organization\",\"name\":\"legendatours.com\",\"url\":\"https:\\\/\\\/legendatours.com\\\/\",\"logo\":{\"@type\":\"ImageObject\",\"inLanguage\":\"sv-SE\",\"@id\":\"https:\\\/\\\/legendatours.com\\\/#\\\/schema\\\/logo\\\/image\\\/\",\"url\":\"https:\\\/\\\/legendatours.com\\\/wp-content\\\/uploads\\\/sites\\\/12\\\/2021\\\/06\\\/legendary_adventure_dmc.png\",\"contentUrl\":\"https:\\\/\\\/legendatours.com\\\/wp-content\\\/uploads\\\/sites\\\/12\\\/2021\\\/06\\\/legendary_adventure_dmc.png\",\"width\":250,\"height\":74,\"caption\":\"legendatours.com\"},\"image\":{\"@id\":\"https:\\\/\\\/legendatours.com\\\/#\\\/schema\\\/logo\\\/image\\\/\"},\"sameAs\":[\"https:\\\/\\\/www.facebook.com\\\/legendaryadventuredmc\\\/\",\"https:\\\/\\\/www.linkedin.com\\\/company\\\/legendary-adventure-dmc-portugal\",\"https:\\\/\\\/www.youtube.com\\\/channel\\\/UCOIRDx_KM6ynIcacQkZjb6g\"]}]}<\/script>\n<!-- \/ Yoast SEO Premium plugin. -->","yoast_head_json":{"title":"FIT - Legendary Adventure DMC Portugal","description":"Vi erbjuder skr\u00e4ddarsydda turer, med program planerade f\u00f6r sm\u00e5 grupper som kan inkludera sightseeing och \u00e4ventyrsaktiviteter, ta hand om alla detaljer enligt kundens preferenser.","robots":{"index":"index","follow":"follow","max-snippet":"max-snippet:-1","max-image-preview":"max-image-preview:large","max-video-preview":"max-video-preview:-1"},"canonical":"https:\/\/legendatours.com\/sv\/our-services\/fit\/","og_locale":"sv_SE","og_type":"article","og_title":"FIT - Independent Traveller","og_description":"Tailor-made tours, with programs planned for small groups and companies that may include sightseeing and adventure activities, taking care of all the details according to customer preference.","og_url":"https:\/\/legendatours.com\/sv\/our-services\/fit\/","og_site_name":"Legendary Adventure DMC Portugal","article_publisher":"https:\/\/www.facebook.com\/legendaryadventuredmc\/","article_modified_time":"2021-07-14T18:20:16+00:00","og_image":[{"width":1920,"height":676,"url":"https:\/\/legendatours.com\/wp-content\/uploads\/sites\/12\/2021\/06\/FITPortugal.jpg","type":"image\/jpeg"}],"twitter_card":"summary_large_image","twitter_title":"FIT - Independent Traveller","twitter_description":"Tailor-made tours, with programs planned for small groups and companies that may include sightseeing and adventure activities, taking care of all the details according to customer preference.","twitter_image":"https:\/\/legendatours.com\/wp-content\/uploads\/sites\/12\/2021\/06\/FITPortugal.jpg","twitter_misc":{"Ber\u00e4knad l\u00e4stid":"3 minuter"},"schema":{"@context":"https:\/\/schema.org","@graph":[{"@type":"WebPage","@id":"https:\/\/legendatours.com\/our-services\/fit\/","url":"https:\/\/legendatours.com\/our-services\/fit\/","name":"FIT - Legendary Adventure DMC Portugal","isPartOf":{"@id":"https:\/\/legendatours.com\/#website"},"datePublished":"2021-04-28T15:56:11+00:00","dateModified":"2021-07-14T18:20:16+00:00","description":"Vi erbjuder skr\u00e4ddarsydda turer, med program planerade f\u00f6r sm\u00e5 grupper som kan inkludera sightseeing och \u00e4ventyrsaktiviteter, ta hand om alla detaljer enligt kundens preferenser.","breadcrumb":{"@id":"https:\/\/legendatours.com\/our-services\/fit\/#breadcrumb"},"inLanguage":"sv-SE","potentialAction":[{"@type":"ReadAction","target":["https:\/\/legendatours.com\/our-services\/fit\/"]}]},{"@type":"BreadcrumbList","@id":"https:\/\/legendatours.com\/our-services\/fit\/#breadcrumb","itemListElement":[{"@type":"ListItem","position":1,"name":"Home","item":"https:\/\/legendatours.com\/"},{"@type":"ListItem","position":2,"name":"Our Services","item":"https:\/\/legendatours.com\/our-services\/"},{"@type":"ListItem","position":3,"name":"FIT - Independent Traveller"}]},{"@type":"WebSite","@id":"https:\/\/legendatours.com\/#website","url":"https:\/\/legendatours.com\/","name":"Legendariskt \u00e4ventyr DMC Portugal","description":"Ansvarsfulla vandringar och natursemester i Portugal","publisher":{"@id":"https:\/\/legendatours.com\/#organization"},"alternateName":"Legendary Adventure Portugal","potentialAction":[{"@type":"SearchAction","target":{"@type":"EntryPoint","urlTemplate":"https:\/\/legendatours.com\/?s={search_term_string}"},"query-input":{"@type":"PropertyValueSpecification","valueRequired":true,"valueName":"search_term_string"}}],"inLanguage":"sv-SE"},{"@type":"Organization","@id":"https:\/\/legendatours.com\/#organization","name":"legendatours.com","url":"https:\/\/legendatours.com\/","logo":{"@type":"ImageObject","inLanguage":"sv-SE","@id":"https:\/\/legendatours.com\/#\/schema\/logo\/image\/","url":"https:\/\/legendatours.com\/wp-content\/uploads\/sites\/12\/2021\/06\/legendary_adventure_dmc.png","contentUrl":"https:\/\/legendatours.com\/wp-content\/uploads\/sites\/12\/2021\/06\/legendary_adventure_dmc.png","width":250,"height":74,"caption":"legendatours.com"},"image":{"@id":"https:\/\/legendatours.com\/#\/schema\/logo\/image\/"},"sameAs":["https:\/\/www.facebook.com\/legendaryadventuredmc\/","https:\/\/www.linkedin.com\/company\/legendary-adventure-dmc-portugal","https:\/\/www.youtube.com\/channel\/UCOIRDx_KM6ynIcacQkZjb6g"]}]}},"_links":{"self":[{"href":"https:\/\/legendatours.com\/sv\/wp-json\/wp\/v2\/pages\/8568","targetHints":{"allow":["GET"]}}],"collection":[{"href":"https:\/\/legendatours.com\/sv\/wp-json\/wp\/v2\/pages"}],"about":[{"href":"https:\/\/legendatours.com\/sv\/wp-json\/wp\/v2\/types\/page"}],"author":[{"embeddable":true,"href":"https:\/\/legendatours.com\/sv\/wp-json\/wp\/v2\/users\/8"}],"replies":[{"embeddable":true,"href":"https:\/\/legendatours.com\/sv\/wp-json\/wp\/v2\/comments?post=8568"}],"version-history":[{"count":0,"href":"https:\/\/legendatours.com\/sv\/wp-json\/wp\/v2\/pages\/8568\/revisions"}],"up":[{"embeddable":true,"href":"https:\/\/legendatours.com\/sv\/wp-json\/wp\/v2\/pages\/8567"}],"wp:attachment":[{"href":"https:\/\/legendatours.com\/sv\/wp-json\/wp\/v2\/media?parent=8568"}],"curies":[{"name":"wp","href":"https:\/\/api.w.org\/{rel}","templated":true}]}}