{"id":8571,"date":"2021-04-28T15:56:11","date_gmt":"2021-04-28T15:56:11","guid":{"rendered":"https:\/\/legendatours.com\/?page_id=8571"},"modified":"2021-07-29T22:11:12","modified_gmt":"2021-07-29T22:11:12","slug":"accommodations-portugal","status":"publish","type":"page","link":"https:\/\/legendatours.com\/sv\/our-services\/accommodations-portugal\/","title":{"rendered":"Boende i Portugal"},"content":{"rendered":"<div id=\"fws_69e38b3885e05\"  data-column-margin=\"default\" data-midnight=\"dark\" data-top-percent=\"4%\"  class=\"wpb_row vc_row-fluid vc_row full-width-section\"  style=\"padding-top: calc(100vw * 0.04); padding-bottom: 0px; \"><div class=\"row-bg-wrap\" data-bg-animation=\"none\" data-bg-animation-delay=\"\" data-bg-overlay=\"false\"><div class=\"inner-wrap row-bg-layer\" ><div class=\"row-bg viewport-desktop\"  style=\"\"><\/div><\/div><\/div><div class=\"row_col_wrap_12 col span_12 dark left\">\n\t<div  class=\"vc_col-sm-12 wpb_column column_container vc_column_container col no-extra-padding inherit_tablet inherit_phone\"  data-padding-pos=\"all\" data-has-bg-color=\"false\" data-bg-color=\"\" data-bg-opacity=\"1\" data-animation=\"\" data-delay=\"0\" >\n\t\t<div class=\"vc_column-inner\" >\n\t\t\t<div class=\"wpb_wrapper\">\n\t\t\t\t<div id=\"fws_69e38b3886663\" data-midnight=\"\" data-column-margin=\"default\" class=\"wpb_row vc_row-fluid vc_row inner_row\"  style=\"\"><div class=\"row-bg-wrap\"> <div class=\"row-bg\" ><\/div> <\/div><div class=\"row_col_wrap_12_inner col span_12  left\">\n\t<div  class=\"vc_col-sm-12 wpb_column column_container vc_column_container col child_column no-extra-padding inherit_tablet inherit_phone\"   data-padding-pos=\"all\" data-has-bg-color=\"false\" data-bg-color=\"\" data-bg-opacity=\"1\" data-animation=\"\" data-delay=\"0\" >\n\t\t<div class=\"vc_column-inner\" >\n\t\t<div class=\"wpb_wrapper\">\n\t\t\t<h2 style=\"color: #1e1e31;text-align: left;font-family:Yanone Kaffeesatz;font-weight:400;font-style:normal\" class=\"vc_custom_heading vc_do_custom_heading\" >BOENDE I PORTUGAL<\/h2><div class=\"divider-wrap\" data-alignment=\"default\"><div style=\"margin-top: 10px; height: 1px; margin-bottom: 10px;\" data-width=\"100%\" data-animate=\"\" data-animation-delay=\"\" data-color=\"default\" class=\"divider-border\"><\/div><\/div>\n<div class=\"wpb_text_column wpb_content_element  vc_custom_1627596670811\" >\n\t<p>V\u00e5r skala och leverant\u00f6rsrelationer i Portugal ger oss utm\u00e4rkt k\u00f6pkraft, s\u00e5 v\u00e5ra kunder f\u00e5r de allra b\u00e4sta priserna. Att boka via oss \u00e4r inte bara fantastiskt enkelt utan ocks\u00e5 b\u00e4ttre v\u00e4rde \u00e4n att boka hotell och attraktioner direkt.<\/p>\n<p><a href=\"mailto:info@legendatours.com\">Kontakta oss<\/a>! Oavsett om du vill ha ett trendigt hotell i stadens centrum, ett mysigt lantligt pensionat eller en rymlig villa f\u00f6r dina kunder, kommer Legendary Adventures team att hitta den perfekta l\u00f6sningen f\u00f6r dig till konkurrenskraftiga priser.<\/p>\n<\/div>\n\n\n\n\n\t\t<\/div> \n\t<\/div>\n\t<\/div> \n<\/div><\/div>\n\t\t\t<\/div> \n\t\t<\/div>\n\t<\/div> \n<\/div><\/div>","protected":false},"excerpt":{"rendered":"BOENDE I PORTUGAL V\u00e5r omfattning och leverant\u00f6rsrelationer i Portugal ger oss utm\u00e4rkt k\u00f6pkraft, s\u00e5 v\u00e5ra kunder f\u00e5r de allra b\u00e4sta priserna. Att boka via oss \u00e4r inte bara underbart enkelt utan ocks\u00e5 b\u00e4ttre pris \u00e4n att boka hotell och attraktioner direkt. Kontakta oss! Oavsett om du vill ha ett trendigt hotell i centrum, ett mysigt lantligt pensionat eller ett rymligt...","protected":false},"author":8,"featured_media":0,"parent":8567,"menu_order":0,"comment_status":"closed","ping_status":"closed","template":"","meta":{"_acf_changed":false,"inline_featured_image":false,"footnotes":""},"class_list":["post-8571","page","type-page","status-publish"],"acf":[],"yoast_head":"<!-- This site is optimized with the Yoast SEO Premium plugin v26.8 (Yoast SEO v27.4) - https:\/\/yoast.com\/product\/yoast-seo-premium-wordpress\/ -->\n<title>Accommodations in Portugal - Legendary Adventure DMC Portugal<\/title>\n<meta name=\"description\" content=\"Whether you want a trendy city hotel, a cozy rural guesthouse, or a spacious villa for your clients, Legendary Adventure\u2019s team will find the perfect solution for you at competitive rates.\" \/>\n<meta name=\"robots\" content=\"index, follow, max-snippet:-1, max-image-preview:large, max-video-preview:-1\" \/>\n<link rel=\"canonical\" href=\"https:\/\/legendatours.com\/sv\/our-services\/accommodations-portugal\/\" \/>\n<meta property=\"og:locale\" content=\"sv_SE\" \/>\n<meta property=\"og:type\" content=\"article\" \/>\n<meta property=\"og:title\" content=\"ACCOMMODATION IN PORTUGAL\" \/>\n<meta property=\"og:description\" content=\"Our scale and supplier relationships in Portugal give us excellent purchasing power, so our clients get the very best rates. Booking through us is not only wonderfully easy but also better value than booking hotels and attractions directly. Contact us! Whether you want a trendy hotel in the city center, a cozy rural guesthouse, or a spacious villa for your clients, Legendary Adventure\u2019s team will find the perfect solution for you at competitive rates.\" \/>\n<meta property=\"og:url\" content=\"https:\/\/legendatours.com\/sv\/our-services\/accommodations-portugal\/\" \/>\n<meta property=\"og:site_name\" content=\"Legendary Adventure DMC Portugal\" \/>\n<meta property=\"article:publisher\" content=\"https:\/\/www.facebook.com\/legendaryadventuredmc\/\" \/>\n<meta property=\"article:modified_time\" content=\"2021-07-29T22:11:12+00:00\" \/>\n<meta property=\"og:image\" content=\"https:\/\/legendatours.com\/wp-content\/uploads\/sites\/12\/2021\/06\/legendary_adventure_dmc.png\" \/>\n\t<meta property=\"og:image:width\" content=\"250\" \/>\n\t<meta property=\"og:image:height\" content=\"74\" \/>\n\t<meta property=\"og:image:type\" content=\"image\/png\" \/>\n<meta name=\"twitter:card\" content=\"summary_large_image\" \/>\n<meta name=\"twitter:title\" content=\"ACCOMMODATION IN PORTUGAL\" \/>\n<meta name=\"twitter:description\" content=\"Our scale and supplier relationships in Portugal give us excellent purchasing power, so our clients get the very best rates. Booking through us is not only wonderfully easy but also better value than booking hotels and attractions directly. Contact us! Whether you want a trendy hotel in the city center, a cozy rural guesthouse, or a spacious villa for your clients, Legendary Adventure\u2019s team will find the perfect solution for you at competitive rates.\" \/>\n<meta name=\"twitter:label1\" content=\"Ber\u00e4knad l\u00e4stid\" \/>\n\t<meta name=\"twitter:data1\" content=\"1 minut\" \/>\n<script type=\"application\/ld+json\" class=\"yoast-schema-graph\">{\"@context\":\"https:\\\/\\\/schema.org\",\"@graph\":[{\"@type\":\"WebPage\",\"@id\":\"https:\\\/\\\/legendatours.com\\\/our-services\\\/accommodations-portugal\\\/\",\"url\":\"https:\\\/\\\/legendatours.com\\\/our-services\\\/accommodations-portugal\\\/\",\"name\":\"Accommodations in Portugal - Legendary Adventure DMC Portugal\",\"isPartOf\":{\"@id\":\"https:\\\/\\\/legendatours.com\\\/#website\"},\"datePublished\":\"2021-04-28T15:56:11+00:00\",\"dateModified\":\"2021-07-29T22:11:12+00:00\",\"description\":\"Whether you want a trendy city hotel, a cozy rural guesthouse, or a spacious villa for your clients, Legendary Adventure\u2019s team will find the perfect solution for you at competitive rates.\",\"breadcrumb\":{\"@id\":\"https:\\\/\\\/legendatours.com\\\/our-services\\\/accommodations-portugal\\\/#breadcrumb\"},\"inLanguage\":\"sv-SE\",\"potentialAction\":[{\"@type\":\"ReadAction\",\"target\":[\"https:\\\/\\\/legendatours.com\\\/our-services\\\/accommodations-portugal\\\/\"]}]},{\"@type\":\"BreadcrumbList\",\"@id\":\"https:\\\/\\\/legendatours.com\\\/our-services\\\/accommodations-portugal\\\/#breadcrumb\",\"itemListElement\":[{\"@type\":\"ListItem\",\"position\":1,\"name\":\"Home\",\"item\":\"https:\\\/\\\/legendatours.com\\\/\"},{\"@type\":\"ListItem\",\"position\":2,\"name\":\"Our Services\",\"item\":\"https:\\\/\\\/legendatours.com\\\/our-services\\\/\"},{\"@type\":\"ListItem\",\"position\":3,\"name\":\"ACCOMMODATION IN PORTUGAL\"}]},{\"@type\":\"WebSite\",\"@id\":\"https:\\\/\\\/legendatours.com\\\/#website\",\"url\":\"https:\\\/\\\/legendatours.com\\\/\",\"name\":\"Legendary Adventure DMC Portugal\",\"description\":\"Responsible Walking &amp; Nature Holidays in Portugal\",\"publisher\":{\"@id\":\"https:\\\/\\\/legendatours.com\\\/#organization\"},\"alternateName\":\"Legendary Adventure Portugal\",\"potentialAction\":[{\"@type\":\"SearchAction\",\"target\":{\"@type\":\"EntryPoint\",\"urlTemplate\":\"https:\\\/\\\/legendatours.com\\\/?s={search_term_string}\"},\"query-input\":{\"@type\":\"PropertyValueSpecification\",\"valueRequired\":true,\"valueName\":\"search_term_string\"}}],\"inLanguage\":\"sv-SE\"},{\"@type\":\"Organization\",\"@id\":\"https:\\\/\\\/legendatours.com\\\/#organization\",\"name\":\"legendatours.com\",\"url\":\"https:\\\/\\\/legendatours.com\\\/\",\"logo\":{\"@type\":\"ImageObject\",\"inLanguage\":\"sv-SE\",\"@id\":\"https:\\\/\\\/legendatours.com\\\/#\\\/schema\\\/logo\\\/image\\\/\",\"url\":\"https:\\\/\\\/legendatours.com\\\/wp-content\\\/uploads\\\/sites\\\/12\\\/2021\\\/06\\\/legendary_adventure_dmc.png\",\"contentUrl\":\"https:\\\/\\\/legendatours.com\\\/wp-content\\\/uploads\\\/sites\\\/12\\\/2021\\\/06\\\/legendary_adventure_dmc.png\",\"width\":250,\"height\":74,\"caption\":\"legendatours.com\"},\"image\":{\"@id\":\"https:\\\/\\\/legendatours.com\\\/#\\\/schema\\\/logo\\\/image\\\/\"},\"sameAs\":[\"https:\\\/\\\/www.facebook.com\\\/legendaryadventuredmc\\\/\",\"https:\\\/\\\/www.linkedin.com\\\/company\\\/legendary-adventure-dmc-portugal\",\"https:\\\/\\\/www.youtube.com\\\/channel\\\/UCOIRDx_KM6ynIcacQkZjb6g\"]}]}<\/script>\n<!-- \/ Yoast SEO Premium plugin. -->","yoast_head_json":{"title":"Boende i Portugal - Legendary Adventure DMC Portugal","description":"Oavsett om du vill ha ett trendigt stadshotell, ett mysigt lantligt pensionat eller en rymlig villa f\u00f6r dina kunder, kommer Legendary Adventures team att hitta den perfekta l\u00f6sningen f\u00f6r dig till konkurrenskraftiga priser.","robots":{"index":"index","follow":"follow","max-snippet":"max-snippet:-1","max-image-preview":"max-image-preview:large","max-video-preview":"max-video-preview:-1"},"canonical":"https:\/\/legendatours.com\/sv\/our-services\/accommodations-portugal\/","og_locale":"sv_SE","og_type":"article","og_title":"ACCOMMODATION IN PORTUGAL","og_description":"Our scale and supplier relationships in Portugal give us excellent purchasing power, so our clients get the very best rates. Booking through us is not only wonderfully easy but also better value than booking hotels and attractions directly. Contact us! Whether you want a trendy hotel in the city center, a cozy rural guesthouse, or a spacious villa for your clients, Legendary Adventure\u2019s team will find the perfect solution for you at competitive rates.","og_url":"https:\/\/legendatours.com\/sv\/our-services\/accommodations-portugal\/","og_site_name":"Legendary Adventure DMC Portugal","article_publisher":"https:\/\/www.facebook.com\/legendaryadventuredmc\/","article_modified_time":"2021-07-29T22:11:12+00:00","og_image":[{"width":250,"height":74,"url":"https:\/\/legendatours.com\/wp-content\/uploads\/sites\/12\/2021\/06\/legendary_adventure_dmc.png","type":"image\/png"}],"twitter_card":"summary_large_image","twitter_title":"ACCOMMODATION IN PORTUGAL","twitter_description":"Our scale and supplier relationships in Portugal give us excellent purchasing power, so our clients get the very best rates. Booking through us is not only wonderfully easy but also better value than booking hotels and attractions directly. Contact us! Whether you want a trendy hotel in the city center, a cozy rural guesthouse, or a spacious villa for your clients, Legendary Adventure\u2019s team will find the perfect solution for you at competitive rates.","twitter_misc":{"Ber\u00e4knad l\u00e4stid":"1 minut"},"schema":{"@context":"https:\/\/schema.org","@graph":[{"@type":"WebPage","@id":"https:\/\/legendatours.com\/our-services\/accommodations-portugal\/","url":"https:\/\/legendatours.com\/our-services\/accommodations-portugal\/","name":"Boende i Portugal - Legendary Adventure DMC Portugal","isPartOf":{"@id":"https:\/\/legendatours.com\/#website"},"datePublished":"2021-04-28T15:56:11+00:00","dateModified":"2021-07-29T22:11:12+00:00","description":"Oavsett om du vill ha ett trendigt stadshotell, ett mysigt lantligt pensionat eller en rymlig villa f\u00f6r dina kunder, kommer Legendary Adventures team att hitta den perfekta l\u00f6sningen f\u00f6r dig till konkurrenskraftiga priser.","breadcrumb":{"@id":"https:\/\/legendatours.com\/our-services\/accommodations-portugal\/#breadcrumb"},"inLanguage":"sv-SE","potentialAction":[{"@type":"ReadAction","target":["https:\/\/legendatours.com\/our-services\/accommodations-portugal\/"]}]},{"@type":"BreadcrumbList","@id":"https:\/\/legendatours.com\/our-services\/accommodations-portugal\/#breadcrumb","itemListElement":[{"@type":"ListItem","position":1,"name":"Home","item":"https:\/\/legendatours.com\/"},{"@type":"ListItem","position":2,"name":"Our Services","item":"https:\/\/legendatours.com\/our-services\/"},{"@type":"ListItem","position":3,"name":"ACCOMMODATION IN PORTUGAL"}]},{"@type":"WebSite","@id":"https:\/\/legendatours.com\/#website","url":"https:\/\/legendatours.com\/","name":"Legendariskt \u00e4ventyr DMC Portugal","description":"Ansvarsfulla vandringar och natursemester i Portugal","publisher":{"@id":"https:\/\/legendatours.com\/#organization"},"alternateName":"Legendary Adventure Portugal","potentialAction":[{"@type":"SearchAction","target":{"@type":"EntryPoint","urlTemplate":"https:\/\/legendatours.com\/?s={search_term_string}"},"query-input":{"@type":"PropertyValueSpecification","valueRequired":true,"valueName":"search_term_string"}}],"inLanguage":"sv-SE"},{"@type":"Organization","@id":"https:\/\/legendatours.com\/#organization","name":"legendatours.com","url":"https:\/\/legendatours.com\/","logo":{"@type":"ImageObject","inLanguage":"sv-SE","@id":"https:\/\/legendatours.com\/#\/schema\/logo\/image\/","url":"https:\/\/legendatours.com\/wp-content\/uploads\/sites\/12\/2021\/06\/legendary_adventure_dmc.png","contentUrl":"https:\/\/legendatours.com\/wp-content\/uploads\/sites\/12\/2021\/06\/legendary_adventure_dmc.png","width":250,"height":74,"caption":"legendatours.com"},"image":{"@id":"https:\/\/legendatours.com\/#\/schema\/logo\/image\/"},"sameAs":["https:\/\/www.facebook.com\/legendaryadventuredmc\/","https:\/\/www.linkedin.com\/company\/legendary-adventure-dmc-portugal","https:\/\/www.youtube.com\/channel\/UCOIRDx_KM6ynIcacQkZjb6g"]}]}},"_links":{"self":[{"href":"https:\/\/legendatours.com\/sv\/wp-json\/wp\/v2\/pages\/8571","targetHints":{"allow":["GET"]}}],"collection":[{"href":"https:\/\/legendatours.com\/sv\/wp-json\/wp\/v2\/pages"}],"about":[{"href":"https:\/\/legendatours.com\/sv\/wp-json\/wp\/v2\/types\/page"}],"author":[{"embeddable":true,"href":"https:\/\/legendatours.com\/sv\/wp-json\/wp\/v2\/users\/8"}],"replies":[{"embeddable":true,"href":"https:\/\/legendatours.com\/sv\/wp-json\/wp\/v2\/comments?post=8571"}],"version-history":[{"count":0,"href":"https:\/\/legendatours.com\/sv\/wp-json\/wp\/v2\/pages\/8571\/revisions"}],"up":[{"embeddable":true,"href":"https:\/\/legendatours.com\/sv\/wp-json\/wp\/v2\/pages\/8567"}],"wp:attachment":[{"href":"https:\/\/legendatours.com\/sv\/wp-json\/wp\/v2\/media?parent=8571"}],"curies":[{"name":"wp","href":"https:\/\/api.w.org\/{rel}","templated":true}]}}