{"id":8572,"date":"2021-04-28T15:56:11","date_gmt":"2021-04-28T15:56:11","guid":{"rendered":"https:\/\/legendatours.com\/?page_id=8572"},"modified":"2025-02-12T15:52:02","modified_gmt":"2025-02-12T15:52:02","slug":"airport-transfers-portugal","status":"publish","type":"page","link":"https:\/\/legendatours.com\/sv\/our-services\/airport-transfers-portugal\/","title":{"rendered":"Flygplatstransfer i Portugal"},"content":{"rendered":"<div id=\"testimonials\"  data-column-margin=\"default\" data-midnight=\"dark\" data-bottom-percent=\"8%\"  class=\"wpb_row vc_row-fluid vc_row full-width-content vc_row-o-equal-height vc_row-flex vc_row-o-content-top\"  style=\"padding-top: 0px; padding-bottom: calc(100vw * 0.08); \"><div class=\"row-bg-wrap\" data-bg-animation=\"none\" data-bg-animation-delay=\"\" data-bg-overlay=\"false\"><div class=\"inner-wrap row-bg-layer\" ><div class=\"row-bg viewport-desktop\"  style=\"\"><\/div><\/div><\/div><div class=\"row_col_wrap_12 col span_12 dark left\">\n\t<div  class=\"vc_col-sm-12 wpb_column column_container vc_column_container col no-extra-padding inherit_tablet inherit_phone\"  data-padding-pos=\"all\" data-has-bg-color=\"false\" data-bg-color=\"\" data-bg-opacity=\"1\" data-animation=\"\" data-delay=\"0\" >\n\t\t<div class=\"vc_column-inner\" >\n\t\t\t<div class=\"wpb_wrapper\">\n\t\t\t\t\n\t\t\t<\/div> \n\t\t<\/div>\n\t<\/div> \n<\/div><\/div>\n\t\t<div id=\"testimonials\"  data-column-margin=\"default\" data-midnight=\"dark\"  class=\"wpb_row vc_row-fluid vc_row full-width-section\"  style=\"padding-top: 0px; padding-bottom: 0px; \"><div class=\"row-bg-wrap\" data-bg-animation=\"none\" data-bg-animation-delay=\"\" data-bg-overlay=\"false\"><div class=\"inner-wrap row-bg-layer\" ><div class=\"row-bg viewport-desktop\"  style=\"\"><\/div><\/div><\/div><div class=\"row_col_wrap_12 col span_12 dark left\">\n\t<div  class=\"vc_col-sm-12 wpb_column column_container vc_column_container col no-extra-padding inherit_tablet inherit_phone\"  data-padding-pos=\"all\" data-has-bg-color=\"false\" data-bg-color=\"\" data-bg-opacity=\"1\" data-animation=\"\" data-delay=\"0\" >\n\t\t<div class=\"vc_column-inner\" >\n\t\t\t<div class=\"wpb_wrapper\">\n\t\t\t\t<div id=\"fws_69e3704ce804f\" data-midnight=\"\" data-column-margin=\"default\" class=\"wpb_row vc_row-fluid vc_row inner_row\"  style=\"\"><div class=\"row-bg-wrap\"> <div class=\"row-bg\" ><\/div> <\/div><div class=\"row_col_wrap_12_inner col span_12  left\">\n\t<div  class=\"vc_col-sm-12 wpb_column column_container vc_column_container col child_column no-extra-padding inherit_tablet inherit_phone\"   data-padding-pos=\"all\" data-has-bg-color=\"false\" data-bg-color=\"\" data-bg-opacity=\"1\" data-animation=\"\" data-delay=\"0\" >\n\t\t<div class=\"vc_column-inner\" >\n\t\t<div class=\"wpb_wrapper\">\n\t\t\t<h2 style=\"color: #1e1e31;text-align: left;font-family:Yanone Kaffeesatz;font-weight:400;font-style:normal\" class=\"vc_custom_heading vc_do_custom_heading\" >\u00d6VERF\u00d6RINGAR &amp; TRANSPORTSTJ\u00c4NST I PORTUGAL<\/h2><div class=\"divider-wrap\" data-alignment=\"default\"><div style=\"margin-top: 10px; height: 1px; margin-bottom: 10px;\" data-width=\"100%\" data-animate=\"\" data-animation-delay=\"\" data-color=\"default\" class=\"divider-border\"><\/div><\/div>\n<div class=\"wpb_text_column wpb_content_element  vc_custom_1626281289173\" >\n\t<p>Boka en p\u00e5litlig transport- och transfertj\u00e4nst hos oss f\u00f6r att s\u00e4kerst\u00e4lla en s\u00e4ker, enkel och s\u00f6ml\u00f6s upplevelse f\u00f6r dina g\u00e4ster.<\/p>\n<p>Vi tillhandah\u00e5ller skr\u00e4ddarsydd service f\u00f6r upph\u00e4mtning p\u00e5 flygplatsen, gruppresor, transport till f\u00f6retagsevenemang och m\u00f6ten, familjeevenemang och br\u00f6llop, sportklubbar, religi\u00f6sa m\u00f6ten etc.<\/p>\n<p>Vi \u00e4r stolta \u00f6ver att kunna erbjuda v\u00e5ra kunder en \u00e4gd bilpark fr\u00e5n v\u00e5rt systerf\u00f6retag, <a href=\"https:\/\/www.algarvebusrental.com\/\" target=\"_blank\" rel=\"noopener\">Algarve bussuthyrning<\/a>, inklusive privatbilar och minibussar till stora bussar.<\/p>\n<p><a href=\"mailto:info@legendatours.com\">Kontakta oss<\/a> att organisera dagsutflykter och skr\u00e4ddarsydda transportl\u00f6sningar f\u00f6r grupper och individer.<\/p>\n<\/div>\n\n\n\n\n\t\t<\/div> \n\t<\/div>\n\t<\/div> \n<\/div><\/div>\n\t\t\t<\/div> \n\t\t<\/div>\n\t<\/div> \n<\/div><\/div>","protected":false},"excerpt":{"rendered":"TRANSPORTER OCH TRANSPORTSERVICE I PORTUGAL Boka en p\u00e5litlig transport- och transferservice hos oss f\u00f6r att s\u00e4kerst\u00e4lla en s\u00e4ker, enkel och s\u00f6ml\u00f6s upplevelse f\u00f6r dina g\u00e4ster. Vi tillhandah\u00e5ller skr\u00e4ddarsydd service f\u00f6r h\u00e4mtning p\u00e5 flygplatsen, gruppresor, transport till f\u00f6retagsevent &amp; m\u00f6ten, familjeevenemang &amp; br\u00f6llop, sportklubbar, religi\u00f6sa m\u00f6ten, etc. Vi \u00e4r stolta \u00f6ver att kunna erbjuda v\u00e5ra kunder en egen flotta...","protected":false},"author":8,"featured_media":0,"parent":8567,"menu_order":0,"comment_status":"closed","ping_status":"closed","template":"","meta":{"_acf_changed":false,"inline_featured_image":false,"footnotes":""},"class_list":["post-8572","page","type-page","status-publish"],"acf":[],"yoast_head":"<!-- This site is optimized with the Yoast SEO Premium plugin v26.8 (Yoast SEO v27.4) - https:\/\/yoast.com\/product\/yoast-seo-premium-wordpress\/ -->\n<title>Airport Transfers in Portugal - Legendary Adventure DMC Portugal<\/title>\n<meta name=\"description\" content=\"Reliable Airport transfers, Group tours, transport to Corporate events, Meetings, Family events, Weddings, Sports clubs, Religious meetings, etc. Contact us to organize day trips and tailored transport solutions for groups and individuals.\" \/>\n<meta name=\"robots\" content=\"index, follow, max-snippet:-1, max-image-preview:large, max-video-preview:-1\" \/>\n<link rel=\"canonical\" href=\"https:\/\/legendatours.com\/sv\/our-services\/airport-transfers-portugal\/\" \/>\n<meta property=\"og:locale\" content=\"sv_SE\" \/>\n<meta property=\"og:type\" content=\"article\" \/>\n<meta property=\"og:title\" content=\"TRANSFERS &amp; TRANSPORT SERVICE IN PORTUGAL\" \/>\n<meta property=\"og:description\" content=\"We provide customized service for Airport pick-ups, Group tours, transport to Corporate events &amp; meetings, Family events &amp; weddings, Sports clubs, Religious meetings, etc. We are proud to offer our customers an owned fleet of vehicles from our sister company, including private cars and mini-buses to large coaches.\" \/>\n<meta property=\"og:url\" content=\"https:\/\/legendatours.com\/sv\/our-services\/airport-transfers-portugal\/\" \/>\n<meta property=\"og:site_name\" content=\"Legendary Adventure DMC Portugal\" \/>\n<meta property=\"article:publisher\" content=\"https:\/\/www.facebook.com\/legendaryadventuredmc\/\" \/>\n<meta property=\"article:modified_time\" content=\"2025-02-12T15:52:02+00:00\" \/>\n<meta property=\"og:image\" content=\"https:\/\/legendatours.com\/wp-content\/uploads\/sites\/12\/2021\/05\/Transfers.jpg\" \/>\n\t<meta property=\"og:image:width\" content=\"1229\" \/>\n\t<meta property=\"og:image:height\" content=\"768\" \/>\n\t<meta property=\"og:image:type\" content=\"image\/jpeg\" \/>\n<meta name=\"twitter:card\" content=\"summary_large_image\" \/>\n<meta name=\"twitter:title\" content=\"TRANSFERS &amp; TRANSPORT SERVICE IN PORTUGAL\" \/>\n<meta name=\"twitter:description\" content=\"We provide customized service for Airport pick-ups, Group tours, transport to Corporate events &amp; meetings, Family events &amp; weddings, Sports clubs, Religious meetings, etc. We are proud to offer our customers an owned fleet of vehicles from our sister company, including private cars and mini-buses to large coaches.\" \/>\n<meta name=\"twitter:image\" content=\"https:\/\/legendatours.com\/wp-content\/uploads\/sites\/12\/2021\/05\/Transfers.jpg\" \/>\n<meta name=\"twitter:label1\" content=\"Ber\u00e4knad l\u00e4stid\" \/>\n\t<meta name=\"twitter:data1\" content=\"1 minut\" \/>\n<script type=\"application\/ld+json\" class=\"yoast-schema-graph\">{\"@context\":\"https:\\\/\\\/schema.org\",\"@graph\":[{\"@type\":\"WebPage\",\"@id\":\"https:\\\/\\\/legendatours.com\\\/our-services\\\/airport-transfers-portugal\\\/\",\"url\":\"https:\\\/\\\/legendatours.com\\\/our-services\\\/airport-transfers-portugal\\\/\",\"name\":\"Airport Transfers in Portugal - Legendary Adventure DMC Portugal\",\"isPartOf\":{\"@id\":\"https:\\\/\\\/legendatours.com\\\/#website\"},\"datePublished\":\"2021-04-28T15:56:11+00:00\",\"dateModified\":\"2025-02-12T15:52:02+00:00\",\"description\":\"Reliable Airport transfers, Group tours, transport to Corporate events, Meetings, Family events, Weddings, Sports clubs, Religious meetings, etc. Contact us to organize day trips and tailored transport solutions for groups and individuals.\",\"breadcrumb\":{\"@id\":\"https:\\\/\\\/legendatours.com\\\/our-services\\\/airport-transfers-portugal\\\/#breadcrumb\"},\"inLanguage\":\"sv-SE\",\"potentialAction\":[{\"@type\":\"ReadAction\",\"target\":[\"https:\\\/\\\/legendatours.com\\\/our-services\\\/airport-transfers-portugal\\\/\"]}]},{\"@type\":\"BreadcrumbList\",\"@id\":\"https:\\\/\\\/legendatours.com\\\/our-services\\\/airport-transfers-portugal\\\/#breadcrumb\",\"itemListElement\":[{\"@type\":\"ListItem\",\"position\":1,\"name\":\"Home\",\"item\":\"https:\\\/\\\/legendatours.com\\\/\"},{\"@type\":\"ListItem\",\"position\":2,\"name\":\"Our Services\",\"item\":\"https:\\\/\\\/legendatours.com\\\/our-services\\\/\"},{\"@type\":\"ListItem\",\"position\":3,\"name\":\"Airport Transfers in Portugal\"}]},{\"@type\":\"WebSite\",\"@id\":\"https:\\\/\\\/legendatours.com\\\/#website\",\"url\":\"https:\\\/\\\/legendatours.com\\\/\",\"name\":\"Legendary Adventure DMC Portugal\",\"description\":\"Responsible Walking &amp; Nature Holidays in Portugal\",\"publisher\":{\"@id\":\"https:\\\/\\\/legendatours.com\\\/#organization\"},\"alternateName\":\"Legendary Adventure Portugal\",\"potentialAction\":[{\"@type\":\"SearchAction\",\"target\":{\"@type\":\"EntryPoint\",\"urlTemplate\":\"https:\\\/\\\/legendatours.com\\\/?s={search_term_string}\"},\"query-input\":{\"@type\":\"PropertyValueSpecification\",\"valueRequired\":true,\"valueName\":\"search_term_string\"}}],\"inLanguage\":\"sv-SE\"},{\"@type\":\"Organization\",\"@id\":\"https:\\\/\\\/legendatours.com\\\/#organization\",\"name\":\"legendatours.com\",\"url\":\"https:\\\/\\\/legendatours.com\\\/\",\"logo\":{\"@type\":\"ImageObject\",\"inLanguage\":\"sv-SE\",\"@id\":\"https:\\\/\\\/legendatours.com\\\/#\\\/schema\\\/logo\\\/image\\\/\",\"url\":\"https:\\\/\\\/legendatours.com\\\/wp-content\\\/uploads\\\/sites\\\/12\\\/2021\\\/06\\\/legendary_adventure_dmc.png\",\"contentUrl\":\"https:\\\/\\\/legendatours.com\\\/wp-content\\\/uploads\\\/sites\\\/12\\\/2021\\\/06\\\/legendary_adventure_dmc.png\",\"width\":250,\"height\":74,\"caption\":\"legendatours.com\"},\"image\":{\"@id\":\"https:\\\/\\\/legendatours.com\\\/#\\\/schema\\\/logo\\\/image\\\/\"},\"sameAs\":[\"https:\\\/\\\/www.facebook.com\\\/legendaryadventuredmc\\\/\",\"https:\\\/\\\/www.linkedin.com\\\/company\\\/legendary-adventure-dmc-portugal\",\"https:\\\/\\\/www.youtube.com\\\/channel\\\/UCOIRDx_KM6ynIcacQkZjb6g\"]}]}<\/script>\n<!-- \/ Yoast SEO Premium plugin. -->","yoast_head_json":{"title":"Flygplatstransfer i Portugal - Legendariskt \u00e4ventyr DMC Portugal","description":"P\u00e5litliga flygplatstransfer, gruppresor, transport till f\u00f6retagsevenemang, m\u00f6ten, familjeevenemang, br\u00f6llop, sportklubbar, religi\u00f6sa m\u00f6ten etc. Kontakta oss f\u00f6r att organisera dagsturer och skr\u00e4ddarsydda transportl\u00f6sningar f\u00f6r grupper och individer.","robots":{"index":"index","follow":"follow","max-snippet":"max-snippet:-1","max-image-preview":"max-image-preview:large","max-video-preview":"max-video-preview:-1"},"canonical":"https:\/\/legendatours.com\/sv\/our-services\/airport-transfers-portugal\/","og_locale":"sv_SE","og_type":"article","og_title":"TRANSFERS & TRANSPORT SERVICE IN PORTUGAL","og_description":"We provide customized service for Airport pick-ups, Group tours, transport to Corporate events & meetings, Family events & weddings, Sports clubs, Religious meetings, etc. We are proud to offer our customers an owned fleet of vehicles from our sister company, including private cars and mini-buses to large coaches.","og_url":"https:\/\/legendatours.com\/sv\/our-services\/airport-transfers-portugal\/","og_site_name":"Legendary Adventure DMC Portugal","article_publisher":"https:\/\/www.facebook.com\/legendaryadventuredmc\/","article_modified_time":"2025-02-12T15:52:02+00:00","og_image":[{"width":1229,"height":768,"url":"https:\/\/legendatours.com\/wp-content\/uploads\/sites\/12\/2021\/05\/Transfers.jpg","type":"image\/jpeg"}],"twitter_card":"summary_large_image","twitter_title":"TRANSFERS & TRANSPORT SERVICE IN PORTUGAL","twitter_description":"We provide customized service for Airport pick-ups, Group tours, transport to Corporate events & meetings, Family events & weddings, Sports clubs, Religious meetings, etc. We are proud to offer our customers an owned fleet of vehicles from our sister company, including private cars and mini-buses to large coaches.","twitter_image":"https:\/\/legendatours.com\/wp-content\/uploads\/sites\/12\/2021\/05\/Transfers.jpg","twitter_misc":{"Ber\u00e4knad l\u00e4stid":"1 minut"},"schema":{"@context":"https:\/\/schema.org","@graph":[{"@type":"WebPage","@id":"https:\/\/legendatours.com\/our-services\/airport-transfers-portugal\/","url":"https:\/\/legendatours.com\/our-services\/airport-transfers-portugal\/","name":"Flygplatstransfer i Portugal - Legendariskt \u00e4ventyr DMC Portugal","isPartOf":{"@id":"https:\/\/legendatours.com\/#website"},"datePublished":"2021-04-28T15:56:11+00:00","dateModified":"2025-02-12T15:52:02+00:00","description":"P\u00e5litliga flygplatstransfer, gruppresor, transport till f\u00f6retagsevenemang, m\u00f6ten, familjeevenemang, br\u00f6llop, sportklubbar, religi\u00f6sa m\u00f6ten etc. Kontakta oss f\u00f6r att organisera dagsturer och skr\u00e4ddarsydda transportl\u00f6sningar f\u00f6r grupper och individer.","breadcrumb":{"@id":"https:\/\/legendatours.com\/our-services\/airport-transfers-portugal\/#breadcrumb"},"inLanguage":"sv-SE","potentialAction":[{"@type":"ReadAction","target":["https:\/\/legendatours.com\/our-services\/airport-transfers-portugal\/"]}]},{"@type":"BreadcrumbList","@id":"https:\/\/legendatours.com\/our-services\/airport-transfers-portugal\/#breadcrumb","itemListElement":[{"@type":"ListItem","position":1,"name":"Home","item":"https:\/\/legendatours.com\/"},{"@type":"ListItem","position":2,"name":"Our Services","item":"https:\/\/legendatours.com\/our-services\/"},{"@type":"ListItem","position":3,"name":"Airport Transfers in Portugal"}]},{"@type":"WebSite","@id":"https:\/\/legendatours.com\/#website","url":"https:\/\/legendatours.com\/","name":"Legendariskt \u00e4ventyr DMC Portugal","description":"Ansvarsfulla vandringar och natursemester i Portugal","publisher":{"@id":"https:\/\/legendatours.com\/#organization"},"alternateName":"Legendary Adventure Portugal","potentialAction":[{"@type":"SearchAction","target":{"@type":"EntryPoint","urlTemplate":"https:\/\/legendatours.com\/?s={search_term_string}"},"query-input":{"@type":"PropertyValueSpecification","valueRequired":true,"valueName":"search_term_string"}}],"inLanguage":"sv-SE"},{"@type":"Organization","@id":"https:\/\/legendatours.com\/#organization","name":"legendatours.com","url":"https:\/\/legendatours.com\/","logo":{"@type":"ImageObject","inLanguage":"sv-SE","@id":"https:\/\/legendatours.com\/#\/schema\/logo\/image\/","url":"https:\/\/legendatours.com\/wp-content\/uploads\/sites\/12\/2021\/06\/legendary_adventure_dmc.png","contentUrl":"https:\/\/legendatours.com\/wp-content\/uploads\/sites\/12\/2021\/06\/legendary_adventure_dmc.png","width":250,"height":74,"caption":"legendatours.com"},"image":{"@id":"https:\/\/legendatours.com\/#\/schema\/logo\/image\/"},"sameAs":["https:\/\/www.facebook.com\/legendaryadventuredmc\/","https:\/\/www.linkedin.com\/company\/legendary-adventure-dmc-portugal","https:\/\/www.youtube.com\/channel\/UCOIRDx_KM6ynIcacQkZjb6g"]}]}},"_links":{"self":[{"href":"https:\/\/legendatours.com\/sv\/wp-json\/wp\/v2\/pages\/8572","targetHints":{"allow":["GET"]}}],"collection":[{"href":"https:\/\/legendatours.com\/sv\/wp-json\/wp\/v2\/pages"}],"about":[{"href":"https:\/\/legendatours.com\/sv\/wp-json\/wp\/v2\/types\/page"}],"author":[{"embeddable":true,"href":"https:\/\/legendatours.com\/sv\/wp-json\/wp\/v2\/users\/8"}],"replies":[{"embeddable":true,"href":"https:\/\/legendatours.com\/sv\/wp-json\/wp\/v2\/comments?post=8572"}],"version-history":[{"count":1,"href":"https:\/\/legendatours.com\/sv\/wp-json\/wp\/v2\/pages\/8572\/revisions"}],"predecessor-version":[{"id":10650,"href":"https:\/\/legendatours.com\/sv\/wp-json\/wp\/v2\/pages\/8572\/revisions\/10650"}],"up":[{"embeddable":true,"href":"https:\/\/legendatours.com\/sv\/wp-json\/wp\/v2\/pages\/8567"}],"wp:attachment":[{"href":"https:\/\/legendatours.com\/sv\/wp-json\/wp\/v2\/media?parent=8572"}],"curies":[{"name":"wp","href":"https:\/\/api.w.org\/{rel}","templated":true}]}}