{"id":8584,"date":"2021-04-28T15:56:11","date_gmt":"2021-04-28T15:56:11","guid":{"rendered":"https:\/\/legendatours.com\/?page_id=8584"},"modified":"2021-07-19T18:28:29","modified_gmt":"2021-07-19T18:28:29","slug":"terms-conditions","status":"publish","type":"page","link":"https:\/\/legendatours.com\/sv\/terms-conditions\/","title":{"rendered":"Allm\u00e4nna Villkor"},"content":{"rendered":"<div id=\"testimonials\"  data-column-margin=\"default\" data-midnight=\"dark\" data-bottom-percent=\"8%\"  class=\"wpb_row vc_row-fluid vc_row full-width-content vc_row-o-equal-height vc_row-flex vc_row-o-content-top\"  style=\"padding-top: 0px; padding-bottom: calc(100vw * 0.08); \"><div class=\"row-bg-wrap\" data-bg-animation=\"none\" data-bg-animation-delay=\"\" data-bg-overlay=\"false\"><div class=\"inner-wrap row-bg-layer\" ><div class=\"row-bg viewport-desktop\"  style=\"\"><\/div><\/div><\/div><div class=\"row_col_wrap_12 col span_12 dark left\">\n\t<div  class=\"vc_col-sm-12 wpb_column column_container vc_column_container col no-extra-padding inherit_tablet inherit_phone\"  data-padding-pos=\"all\" data-has-bg-color=\"false\" data-bg-color=\"\" data-bg-opacity=\"1\" data-animation=\"\" data-delay=\"0\" >\n\t\t<div class=\"vc_column-inner\" >\n\t\t\t<div class=\"wpb_wrapper\">\n\t\t\t\t\n\t\t\t<\/div> \n\t\t<\/div>\n\t<\/div> \n<\/div><\/div>\n\t\t<div id=\"testimonials\"  data-column-margin=\"default\" data-midnight=\"dark\"  class=\"wpb_row vc_row-fluid vc_row full-width-section\"  style=\"padding-top: 0px; padding-bottom: 0px; \"><div class=\"row-bg-wrap\" data-bg-animation=\"none\" data-bg-animation-delay=\"\" data-bg-overlay=\"false\"><div class=\"inner-wrap row-bg-layer\" ><div class=\"row-bg viewport-desktop\"  style=\"\"><\/div><\/div><\/div><div class=\"row_col_wrap_12 col span_12 dark left\">\n\t<div  class=\"vc_col-sm-12 wpb_column column_container vc_column_container col no-extra-padding inherit_tablet inherit_phone\"  data-padding-pos=\"all\" data-has-bg-color=\"false\" data-bg-color=\"\" data-bg-opacity=\"1\" data-animation=\"\" data-delay=\"0\" >\n\t\t<div class=\"vc_column-inner\" >\n\t\t\t<div class=\"wpb_wrapper\">\n\t\t\t\t<div id=\"fws_69e3702075645\" data-midnight=\"\" data-column-margin=\"default\" class=\"wpb_row vc_row-fluid vc_row inner_row\"  style=\"\"><div class=\"row-bg-wrap\"> <div class=\"row-bg\" ><\/div> <\/div><div class=\"row_col_wrap_12_inner col span_12  left\">\n\t<div  class=\"vc_col-sm-12 wpb_column column_container vc_column_container col child_column no-extra-padding inherit_tablet inherit_phone\"   data-padding-pos=\"all\" data-has-bg-color=\"false\" data-bg-color=\"\" data-bg-opacity=\"1\" data-animation=\"\" data-delay=\"0\" >\n\t\t<div class=\"vc_column-inner\" >\n\t\t<div class=\"wpb_wrapper\">\n\t\t\t<h2 style=\"color: #1e1e31;text-align: left;font-family:Yanone Kaffeesatz;font-weight:400;font-style:normal\" class=\"vc_custom_heading vc_do_custom_heading\" >ALLM\u00c4NNA VILLKOR<\/h2><div class=\"divider-wrap\" data-alignment=\"default\"><div style=\"margin-top: 10px; height: 1px; margin-bottom: 10px;\" data-width=\"100%\" data-animate=\"\" data-animation-delay=\"\" data-color=\"default\" class=\"divider-border\"><\/div><\/div>\n<div class=\"wpb_text_column wpb_content_element  vc_custom_1626719286860\" >\n\t<div class=\"inner-main common-spacing\">\n<div class=\"container\">\n<p>Legendary Adventure \u00e4r ett Destination Management Company (DMC) fr\u00e5n Portugal till f\u00f6retag. N\u00e4r du arbetar med oss ser dina kunder bara ditt namn. V\u00e5rt m\u00e5l \u00e4r att ge dina kunder den b\u00e4sta m\u00f6jliga upplevelsen.<\/p>\n<p>S\u00e5 snart dina g\u00e4ster anl\u00e4nder till Portugal tar vi \u00f6ver och tar hand om din grupps logi, logistik, underh\u00e5llning och v\u00e4lbefinnande, utom flyg.<\/p>\n<p>Undantag:<\/p>\n<p>\u2022 Alla tj\u00e4nster som inte anges som inkluderade<br \/>\n\u2022 Flyg till och fr\u00e5n Portugal.<br \/>\n\u2022 M\u00e5ltider, tips\/dricks, bagage eller personlig f\u00f6rs\u00e4kring (utom enligt beskrivningen)<br \/>\n\u2022 Intr\u00e4desavgifter till slott och attraktioner eller evenemang (utom enligt beskrivningen)<br \/>\n\u2022 Personliga utgifter<br \/>\n\u2022 Kosttillskott<br \/>\n\u2022 Guidningstj\u00e4nster inne i monument<\/p>\n<p>V\u00e5rt f\u00f6retag tillhandah\u00e5ller en lokal ledare som en del av tj\u00e4nsten. Stora ledare g\u00f6r fantastiska turer - och naturligtvis \u00e4r vi s\u00e4rskilt stolta \u00f6ver v\u00e5ra! V\u00e5ra engelsktalande europeiska reseguider g\u00f6r hela skillnaden!<\/p>\n<p>De \u00e4r de b\u00e4sta i branschen, utvalda f\u00f6r sin entusiasm, intelligens och uppm\u00e4rksamhet p\u00e5 detaljer. Med djup insiders kunskap om de regioner vi verkar i. De har lett turer i m\u00e5nga \u00e5r. Din grupp kommer att ledas av erfarna ledare, insatta i detta underbara och forntida land.<\/p>\n<p>Vi vet att dina kunder kommer att vara i goda h\u00e4nder och kommer att njuta av att resa med dem!<\/p>\n<p>V\u00e5ra reseguider \u00e4r entusiastiska, professionella, avslappnade, l\u00e4ttillg\u00e4ngliga, roliga och l\u00e4ttsamma. Framf\u00f6r allt tappar de aldrig ur sikte att de \u00e4r d\u00e4r f\u00f6r att se till att alla har det bra och njuter av den b\u00e4sta m\u00f6jliga semesterupplevelsen, och att varje turn\u00e9 \u00e4r en s\u00e4ker och rolig upplevelse f\u00f6r alla.<\/p>\n<p>Vi tror verkligen att v\u00e5ra utomhusresor \u00e4ventyr \u00e4r bland de b\u00e4sta upplevelserna du kommer att hitta i Portugal. Alla v\u00e5ra lokala ledare \u00e4r fullt kvalificerade och licensierade att arbeta i omr\u00e5det och de har fullst\u00e4ndig f\u00f6rsta hj\u00e4lpen -certifiering.<\/p>\n<p>Vi k\u00f6r dessa turer med tv\u00e5 alternativ:<\/p>\n<p>1- Om du skickar din egen ledare \u00e4r han\/hon den prim\u00e4ra ledaren som tar allt ansvar f\u00f6r turn\u00e9ns funktion.<\/p>\n<p>I det h\u00e4r fallet kommer v\u00e5r lokala ledare att ansvara f\u00f6r:<\/p>\n<p>\u2022 Att ha kontakt med gruppens ledare,<br \/>\n\u2022 R\u00e5dgivning om tillg\u00e4ngliga alternativ inom programmet<br \/>\n\u2022 Arrangera alla avtalade middagar, evenemang och lokaler som anges i programmet<br \/>\n\u2022 Ordna daglig transport enligt vad som anges i programmet<br \/>\n\u2022 Ge rimlig hj\u00e4lp till din ledare inom specifikationerna f\u00f6r programmet<br \/>\n\u2022 Kontakt med alla lokala leverant\u00f6rer enligt programmet<\/p>\n<p>&nbsp;<\/p>\n<p>2- Om gruppen kommer utan en egen ledare kommer v\u00e5r lokala ledare att vara huvudledaren som tar allt ansvar f\u00f6r driften av turn\u00e9n.<\/p>\n<p>I det h\u00e4r fallet kommer v\u00e5r lokala ledare att ansvara f\u00f6r:<br \/>\n\u2022 F\u00f6lj med gruppen och agera gruppledare i alla deras kontrakterade aktiviteter<br \/>\n\u2022 Ordna alla transfer till och fr\u00e5n flygplatsen<br \/>\n\u2022 Arrangera f\u00f6r att alla kunder ska m\u00f6tas och v\u00e4lkomnas vid ankomst till flygplatsen<br \/>\n\u2022 Ordna daglig transport enligt vad som anges i programmet<br \/>\n\u2022 Arrangera alla avtalade middagar, evenemang och lokaler som anges i programmet<br \/>\n\u2022 R\u00e5dg\u00f6ra och hj\u00e4lpa kunder med deras kostbehov<br \/>\n\u2022 Kontakt med alla lokala leverant\u00f6rer enligt programmet<br \/>\n\u2022 Leverera dagliga briefings till kunderna<br \/>\n\u2022 Ge allt st\u00f6d som kunderna beh\u00f6ver<br \/>\n\u2022 Var ansvarig f\u00f6r h\u00e4lsa och s\u00e4kerhet enligt programmet<br \/>\n\u2022 Ordna all logistik f\u00f6r kundavg\u00e5ngar<\/p>\n<\/div>\n<\/div>\n<\/div>\n\n\n\n\n\t\t<\/div> \n\t<\/div>\n\t<\/div> \n<\/div><\/div>\n\t\t\t<\/div> \n\t\t<\/div>\n\t<\/div> \n<\/div><\/div>","protected":false},"excerpt":{"rendered":"TERMS &amp; CONDITIONS Legendary Adventure is a business-to-business Destination Management Company (DMC) in Portugal. When you work with us, your clients will only see your name. Our aim is to give your clients the best possible experience. As soon as your guests arrive in Portugal, we take over and look after the accommodation, logistics, entertainment, and well-being of your group,...","protected":false},"author":8,"featured_media":0,"parent":0,"menu_order":0,"comment_status":"closed","ping_status":"closed","template":"","meta":{"_acf_changed":false,"inline_featured_image":false,"footnotes":""},"class_list":["post-8584","page","type-page","status-publish"],"acf":[],"yoast_head":"<!-- This site is optimized with the Yoast SEO Premium plugin v26.8 (Yoast SEO v27.4) - https:\/\/yoast.com\/product\/yoast-seo-premium-wordpress\/ -->\n<title>Terms &amp; Conditions - Legendary Adventure DMC Portugal<\/title>\n<meta name=\"robots\" content=\"index, follow, max-snippet:-1, max-image-preview:large, max-video-preview:-1\" \/>\n<link rel=\"canonical\" href=\"https:\/\/legendatours.com\/sv\/terms-conditions\/\" \/>\n<meta property=\"og:locale\" content=\"sv_SE\" \/>\n<meta property=\"og:type\" content=\"article\" \/>\n<meta property=\"og:title\" content=\"Terms &amp; Conditions\" \/>\n<meta property=\"og:url\" content=\"https:\/\/legendatours.com\/sv\/terms-conditions\/\" \/>\n<meta property=\"og:site_name\" content=\"Legendary Adventure DMC Portugal\" \/>\n<meta property=\"article:publisher\" content=\"https:\/\/www.facebook.com\/legendaryadventuredmc\/\" \/>\n<meta property=\"article:modified_time\" content=\"2021-07-19T18:28:29+00:00\" \/>\n<meta property=\"og:image\" content=\"https:\/\/legendatours.com\/wp-content\/uploads\/sites\/12\/2021\/06\/legendary_adventure_dmc.png\" \/>\n\t<meta property=\"og:image:width\" content=\"250\" \/>\n\t<meta property=\"og:image:height\" content=\"74\" \/>\n\t<meta property=\"og:image:type\" content=\"image\/png\" \/>\n<meta name=\"twitter:card\" content=\"summary_large_image\" \/>\n<meta name=\"twitter:label1\" content=\"Ber\u00e4knad l\u00e4stid\" \/>\n\t<meta name=\"twitter:data1\" content=\"5 minuter\" \/>\n<script type=\"application\/ld+json\" class=\"yoast-schema-graph\">{\"@context\":\"https:\\\/\\\/schema.org\",\"@graph\":[{\"@type\":\"WebPage\",\"@id\":\"https:\\\/\\\/legendatours.com\\\/de\\\/terms-conditions\\\/\",\"url\":\"https:\\\/\\\/legendatours.com\\\/de\\\/terms-conditions\\\/\",\"name\":\"Terms & Conditions - Legendary Adventure DMC Portugal\",\"isPartOf\":{\"@id\":\"https:\\\/\\\/legendatours.com\\\/#website\"},\"datePublished\":\"2021-04-28T15:56:11+00:00\",\"dateModified\":\"2021-07-19T18:28:29+00:00\",\"breadcrumb\":{\"@id\":\"https:\\\/\\\/legendatours.com\\\/de\\\/terms-conditions\\\/#breadcrumb\"},\"inLanguage\":\"sv-SE\",\"potentialAction\":[{\"@type\":\"ReadAction\",\"target\":[\"https:\\\/\\\/legendatours.com\\\/de\\\/terms-conditions\\\/\"]}]},{\"@type\":\"BreadcrumbList\",\"@id\":\"https:\\\/\\\/legendatours.com\\\/de\\\/terms-conditions\\\/#breadcrumb\",\"itemListElement\":[{\"@type\":\"ListItem\",\"position\":1,\"name\":\"Home\",\"item\":\"https:\\\/\\\/legendatours.com\\\/\"},{\"@type\":\"ListItem\",\"position\":2,\"name\":\"Terms &#038; Conditions\"}]},{\"@type\":\"WebSite\",\"@id\":\"https:\\\/\\\/legendatours.com\\\/#website\",\"url\":\"https:\\\/\\\/legendatours.com\\\/\",\"name\":\"Legendary Adventure DMC Portugal\",\"description\":\"Responsible Walking &amp; Nature Holidays in Portugal\",\"publisher\":{\"@id\":\"https:\\\/\\\/legendatours.com\\\/#organization\"},\"alternateName\":\"Legendary Adventure Portugal\",\"potentialAction\":[{\"@type\":\"SearchAction\",\"target\":{\"@type\":\"EntryPoint\",\"urlTemplate\":\"https:\\\/\\\/legendatours.com\\\/?s={search_term_string}\"},\"query-input\":{\"@type\":\"PropertyValueSpecification\",\"valueRequired\":true,\"valueName\":\"search_term_string\"}}],\"inLanguage\":\"sv-SE\"},{\"@type\":\"Organization\",\"@id\":\"https:\\\/\\\/legendatours.com\\\/#organization\",\"name\":\"legendatours.com\",\"url\":\"https:\\\/\\\/legendatours.com\\\/\",\"logo\":{\"@type\":\"ImageObject\",\"inLanguage\":\"sv-SE\",\"@id\":\"https:\\\/\\\/legendatours.com\\\/#\\\/schema\\\/logo\\\/image\\\/\",\"url\":\"https:\\\/\\\/legendatours.com\\\/wp-content\\\/uploads\\\/sites\\\/12\\\/2021\\\/06\\\/legendary_adventure_dmc.png\",\"contentUrl\":\"https:\\\/\\\/legendatours.com\\\/wp-content\\\/uploads\\\/sites\\\/12\\\/2021\\\/06\\\/legendary_adventure_dmc.png\",\"width\":250,\"height\":74,\"caption\":\"legendatours.com\"},\"image\":{\"@id\":\"https:\\\/\\\/legendatours.com\\\/#\\\/schema\\\/logo\\\/image\\\/\"},\"sameAs\":[\"https:\\\/\\\/www.facebook.com\\\/legendaryadventuredmc\\\/\",\"https:\\\/\\\/www.linkedin.com\\\/company\\\/legendary-adventure-dmc-portugal\",\"https:\\\/\\\/www.youtube.com\\\/channel\\\/UCOIRDx_KM6ynIcacQkZjb6g\"]}]}<\/script>\n<!-- \/ Yoast SEO Premium plugin. -->","yoast_head_json":{"title":"Villkor - Legendary Adventure DMC Portugal","robots":{"index":"index","follow":"follow","max-snippet":"max-snippet:-1","max-image-preview":"max-image-preview:large","max-video-preview":"max-video-preview:-1"},"canonical":"https:\/\/legendatours.com\/sv\/terms-conditions\/","og_locale":"sv_SE","og_type":"article","og_title":"Terms & Conditions","og_url":"https:\/\/legendatours.com\/sv\/terms-conditions\/","og_site_name":"Legendary Adventure DMC Portugal","article_publisher":"https:\/\/www.facebook.com\/legendaryadventuredmc\/","article_modified_time":"2021-07-19T18:28:29+00:00","og_image":[{"width":250,"height":74,"url":"https:\/\/legendatours.com\/wp-content\/uploads\/sites\/12\/2021\/06\/legendary_adventure_dmc.png","type":"image\/png"}],"twitter_card":"summary_large_image","twitter_misc":{"Ber\u00e4knad l\u00e4stid":"5 minuter"},"schema":{"@context":"https:\/\/schema.org","@graph":[{"@type":"WebPage","@id":"https:\/\/legendatours.com\/de\/terms-conditions\/","url":"https:\/\/legendatours.com\/de\/terms-conditions\/","name":"Villkor - Legendary Adventure DMC Portugal","isPartOf":{"@id":"https:\/\/legendatours.com\/#website"},"datePublished":"2021-04-28T15:56:11+00:00","dateModified":"2021-07-19T18:28:29+00:00","breadcrumb":{"@id":"https:\/\/legendatours.com\/de\/terms-conditions\/#breadcrumb"},"inLanguage":"sv-SE","potentialAction":[{"@type":"ReadAction","target":["https:\/\/legendatours.com\/de\/terms-conditions\/"]}]},{"@type":"BreadcrumbList","@id":"https:\/\/legendatours.com\/de\/terms-conditions\/#breadcrumb","itemListElement":[{"@type":"ListItem","position":1,"name":"Home","item":"https:\/\/legendatours.com\/"},{"@type":"ListItem","position":2,"name":"Terms &#038; Conditions"}]},{"@type":"WebSite","@id":"https:\/\/legendatours.com\/#website","url":"https:\/\/legendatours.com\/","name":"Legendariskt \u00e4ventyr DMC Portugal","description":"Ansvarsfulla vandringar och natursemester i Portugal","publisher":{"@id":"https:\/\/legendatours.com\/#organization"},"alternateName":"Legendary Adventure Portugal","potentialAction":[{"@type":"SearchAction","target":{"@type":"EntryPoint","urlTemplate":"https:\/\/legendatours.com\/?s={search_term_string}"},"query-input":{"@type":"PropertyValueSpecification","valueRequired":true,"valueName":"search_term_string"}}],"inLanguage":"sv-SE"},{"@type":"Organization","@id":"https:\/\/legendatours.com\/#organization","name":"legendatours.com","url":"https:\/\/legendatours.com\/","logo":{"@type":"ImageObject","inLanguage":"sv-SE","@id":"https:\/\/legendatours.com\/#\/schema\/logo\/image\/","url":"https:\/\/legendatours.com\/wp-content\/uploads\/sites\/12\/2021\/06\/legendary_adventure_dmc.png","contentUrl":"https:\/\/legendatours.com\/wp-content\/uploads\/sites\/12\/2021\/06\/legendary_adventure_dmc.png","width":250,"height":74,"caption":"legendatours.com"},"image":{"@id":"https:\/\/legendatours.com\/#\/schema\/logo\/image\/"},"sameAs":["https:\/\/www.facebook.com\/legendaryadventuredmc\/","https:\/\/www.linkedin.com\/company\/legendary-adventure-dmc-portugal","https:\/\/www.youtube.com\/channel\/UCOIRDx_KM6ynIcacQkZjb6g"]}]}},"_links":{"self":[{"href":"https:\/\/legendatours.com\/sv\/wp-json\/wp\/v2\/pages\/8584","targetHints":{"allow":["GET"]}}],"collection":[{"href":"https:\/\/legendatours.com\/sv\/wp-json\/wp\/v2\/pages"}],"about":[{"href":"https:\/\/legendatours.com\/sv\/wp-json\/wp\/v2\/types\/page"}],"author":[{"embeddable":true,"href":"https:\/\/legendatours.com\/sv\/wp-json\/wp\/v2\/users\/8"}],"replies":[{"embeddable":true,"href":"https:\/\/legendatours.com\/sv\/wp-json\/wp\/v2\/comments?post=8584"}],"version-history":[{"count":0,"href":"https:\/\/legendatours.com\/sv\/wp-json\/wp\/v2\/pages\/8584\/revisions"}],"wp:attachment":[{"href":"https:\/\/legendatours.com\/sv\/wp-json\/wp\/v2\/media?parent=8584"}],"curies":[{"name":"wp","href":"https:\/\/api.w.org\/{rel}","templated":true}]}}