{"id":10891,"date":"2025-08-04T13:36:56","date_gmt":"2025-08-04T13:36:56","guid":{"rendered":"https:\/\/legendatours.com\/product\/tastes-northern-portugal-galicia-13802g\/"},"modified":"2026-02-25T00:56:35","modified_gmt":"2026-02-25T00:56:35","slug":"tastes-northern-portugal-galicia-13802g","status":"publish","type":"product","link":"https:\/\/legendatours.com\/sv\/produkt\/tastes-northern-portugal-galicia-13802g\/","title":{"rendered":"Smakar av norra Portugal och Galicien"},"content":{"rendered":"<p>Ge dig ut p\u00e5 ett gastronomiskt \u00e4ventyr utan dess like med en h\u00e4rlig 7-n\u00e4tters semester som kombinerar det b\u00e4sta av Vigo i Galicien, Spanien, och Vila Praia de \u00c2ncora i norra Portugal, med fokus p\u00e5 regionens rika kulinariska arv och uts\u00f6kta viner.<\/p>\n<p><img loading=\"lazy\" decoding=\"async\" class=\"alignnone wp-image-4416 size-large\" src=\"https:\/\/legendatours.net\/wp-content\/uploads\/2025\/08\/Vigo-Rias-1024x683.jpg\" alt=\"\" width=\"1024\" height=\"683\" \/><\/p>\n<p>Galicien \u00e4r k\u00e4nt f\u00f6r sina tr\u00e4dg\u00e5rdar med samlingar av exotiska blommande v\u00e4xter som kamelior. Regionen har m\u00e5nga stigar som korsar landsbygden och erbjuder lugna promenader genom skogar, l\u00e4ngs floder och genom ving\u00e5rdar. Dessa stigar slingrar sig genom traditionella byar, f\u00f6rbi gamla kyrkor och de karakteristiska &quot;horreos&quot; (s\u00e4desmagasin p\u00e5 p\u00e5lar), ner till kusten. Rias \u00e4r sm\u00e5 fingrar av havet som sk\u00e4r in i land och skapar den perfekta balansen. Tack vare rias erbjuder denna region n\u00e5gra av de b\u00e4sta fisk- och skaldjurssorterna.<\/p>\n<p><img loading=\"lazy\" decoding=\"async\" class=\"alignnone wp-image-4409 size-large\" src=\"https:\/\/legendatours.net\/wp-content\/uploads\/2025\/08\/Mussels-1024x683.jpg\" alt=\"\" width=\"1024\" height=\"683\" \/><\/p>\n<p>B\u00f6rja i Vigo och f\u00f6rdjupa dig i hj\u00e4rtat av det galiciska k\u00f6ket. Njut av l\u00e4ckra skaldjur medan du utforskar stadens historiska koppling till havet. Bes\u00f6k stadens historiska kvarter, beundra kustens sk\u00f6nhet till fots och kryssa l\u00e4ngs Ria de Vigo medan du njuter av musselprovning och lokala viner.<\/p>\n<p><img loading=\"lazy\" decoding=\"async\" class=\"alignnone wp-image-4415 size-large\" src=\"https:\/\/legendatours.net\/wp-content\/uploads\/2025\/08\/Vigo-Old-city-1024x683.jpg\" alt=\"\" width=\"1024\" height=\"683\" \/><\/p>\n<p>Korsa gr\u00e4nsen till norra Portugal, d\u00e4r Vila Praia de \u00c2ncora v\u00e4lkomnar dig med en blandning av kustn\u00e4ra charm och kulinariska underverk. Bel\u00e4get p\u00e5 den fantastiska Costa Verde, \u00e4r detta ett lugnare, gr\u00f6nare Portugal, k\u00e4nt f\u00f6r sina berg, frodiga gr\u00f6na landskap, vackra str\u00e4nder och h\u00e4rliga &quot;Vinho Verde&quot;.<\/p>\n<p><img loading=\"lazy\" decoding=\"async\" class=\"alignnone wp-image-4411 size-large\" src=\"https:\/\/legendatours.net\/wp-content\/uploads\/2025\/08\/Tui-Bridge-1024x683.jpg\" alt=\"\" width=\"1024\" height=\"683\" \/><\/p>\n<p>Utforska staden Ponte de Lima och dess vackra omgivningar, f\u00f6lj i fotsp\u00e5ren av tusentals pilgrimer p\u00e5 v\u00e4g till Santiago de Compostela l\u00e4ngs de sm\u00e5 byarna som formar omr\u00e5dets jordbrukslandskap. Uppt\u00e4ck en lokal ving\u00e5rd d\u00e4r du l\u00e4r dig om historien och smaken av de regionala vinerna Loureiro och Alvarinho.<\/p>\n<p><img loading=\"lazy\" decoding=\"async\" class=\"alignnone wp-image-4407 size-large\" src=\"https:\/\/legendatours.net\/wp-content\/uploads\/2025\/08\/Green-wine-tasting-1024x683.jpg\" alt=\"\" width=\"1024\" height=\"683\" \/><\/p>\n<p><img loading=\"lazy\" decoding=\"async\" class=\"alignnone wp-image-4404 size-large\" src=\"https:\/\/legendatours.net\/wp-content\/uploads\/2025\/08\/Custard-tarts-1024x683.jpg\" alt=\"\" width=\"1024\" height=\"683\" \/><\/p>\n<p>Uppt\u00e4ck hamnstaden Viana do Castelo, hemvist f\u00f6r museiskeppet &quot;Gil Eanes&quot; och njut av en portvins- och pastel de nata-upplevelse i Barcelos, en stad rik p\u00e5 historia, kultur samt konst och hantverk.<\/p>\n<p><img loading=\"lazy\" decoding=\"async\" class=\"alignnone wp-image-4414 size-large\" src=\"https:\/\/legendatours.net\/wp-content\/uploads\/2025\/08\/Viana-Castelo-1024x683.jpg\" alt=\"\" width=\"1024\" height=\"683\" \/><img loading=\"lazy\" decoding=\"async\" class=\"alignnone wp-image-4402 size-large\" src=\"https:\/\/legendatours.net\/wp-content\/uploads\/2025\/08\/61-1024x683.jpg\" alt=\"\" width=\"1024\" height=\"683\" \/><\/p>\n<p>Under hela din resa kommer du att f\u00e4ngslas av den varma g\u00e4stfriheten och den genuina passionen f\u00f6r mat och vin som b\u00e5de Rias de Vigo och den portugisiska Costa Verde har att erbjuda.<\/p>\n<p><img loading=\"lazy\" decoding=\"async\" class=\"alignnone wp-image-4406 size-large\" src=\"https:\/\/legendatours.net\/wp-content\/uploads\/2025\/08\/Galo-de-Barcelos-1-1024x683.jpg\" alt=\"\" width=\"1024\" height=\"683\" \/><\/p>\n<p>Denna of\u00f6rgl\u00f6mliga gastronomiska upplevelse lovar att locka dina smakl\u00f6kar och l\u00e4mna dig med k\u00e4ra minnen av de l\u00e4ckra l\u00e4ckerheterna fr\u00e5n tv\u00e5 distinkta men lika anm\u00e4rkningsv\u00e4rda kulinariska destinationer.<\/p>","protected":false},"excerpt":{"rendered":"<p>Ge dig ut p\u00e5 ett gastronomiskt \u00e4ventyr utan dess like med en h\u00e4rlig 7-n\u00e4tters semester som kombinerar det b\u00e4sta av Vigo i Galicien, Spanien, och Vila Praia de \u00c2ncora i norra Portugal, med fokus p\u00e5 regionens rika kulinariska arv och uts\u00f6kta viner.<\/p>","protected":false},"featured_media":10876,"comment_status":"closed","ping_status":"closed","template":"","meta":{"_acf_changed":false,"inline_featured_image":false},"product_brand":[],"product_cat":[32,611,28,30,124,31],"product_tag":[],"class_list":{"0":"post-10891","1":"product","2":"type-product","3":"status-publish","4":"has-post-thumbnail","6":"product_cat-cultural-tours-and-holidays-in-portugal","7":"product_cat-portugal-gastronomy-and-wines-guided-holidays","8":"product_cat-guided-group-tours","9":"product_cat-guided-sightseeing-holidays-portugal","10":"product_cat-guided-solo-holidays-in-portugal","11":"product_cat-guided-walking-holidays-in-portugal","13":"first","14":"instock","15":"virtual","16":"product-type-simple"},"acf":[],"yoast_head":"<!-- This site is optimized with the Yoast SEO Premium plugin v26.8 (Yoast SEO v27.4) - https:\/\/yoast.com\/product\/yoast-seo-premium-wordpress\/ -->\n<title>Tastes of Northern Portugal and Galicia - Legendary Adventure DMC Portugal<\/title>\n<meta name=\"robots\" content=\"index, follow, max-snippet:-1, max-image-preview:large, max-video-preview:-1\" \/>\n<link rel=\"canonical\" href=\"https:\/\/legendatours.com\/sv\/produkt\/tastes-northern-portugal-galicia-13802g\/\" \/>\n<meta property=\"og:locale\" content=\"sv_SE\" \/>\n<meta property=\"og:type\" content=\"article\" \/>\n<meta property=\"og:title\" content=\"Tastes of Northern Portugal and Galicia\" \/>\n<meta property=\"og:description\" content=\"Embark on a gastronomic adventure like no other with a delightful 7-night holiday that combines the best of Vigo in Galicia, Spain, and Vila Praia de \u00c2ncora in Northern Portugal, focusing on the region&#039;s rich culinary heritage and exquisite wines.\" \/>\n<meta property=\"og:url\" content=\"https:\/\/legendatours.com\/sv\/produkt\/tastes-northern-portugal-galicia-13802g\/\" \/>\n<meta property=\"og:site_name\" content=\"Legendary Adventure DMC Portugal\" \/>\n<meta property=\"article:publisher\" content=\"https:\/\/www.facebook.com\/legendaryadventuredmc\/\" \/>\n<meta property=\"article:modified_time\" content=\"2026-02-25T00:56:35+00:00\" \/>\n<meta property=\"og:image\" content=\"https:\/\/legendatours.com\/wp-content\/uploads\/sites\/12\/2025\/08\/Galo-de-Barcelos-1.jpg\" \/>\n\t<meta property=\"og:image:width\" content=\"2048\" \/>\n\t<meta property=\"og:image:height\" content=\"1365\" \/>\n\t<meta property=\"og:image:type\" content=\"image\/jpeg\" \/>\n<meta name=\"twitter:card\" content=\"summary_large_image\" \/>\n<meta name=\"twitter:label1\" content=\"Ber\u00e4knad l\u00e4stid\" \/>\n\t<meta name=\"twitter:data1\" content=\"2 minuter\" \/>\n<script type=\"application\/ld+json\" class=\"yoast-schema-graph\">{\"@context\":\"https:\\\/\\\/schema.org\",\"@graph\":[{\"@type\":\"WebPage\",\"@id\":\"https:\\\/\\\/legendatours.com\\\/product\\\/tastes-northern-portugal-galicia-13802g\\\/\",\"url\":\"https:\\\/\\\/legendatours.com\\\/product\\\/tastes-northern-portugal-galicia-13802g\\\/\",\"name\":\"Tastes of Northern Portugal and Galicia - Legendary Adventure DMC Portugal\",\"isPartOf\":{\"@id\":\"https:\\\/\\\/legendatours.com\\\/#website\"},\"primaryImageOfPage\":{\"@id\":\"https:\\\/\\\/legendatours.com\\\/product\\\/tastes-northern-portugal-galicia-13802g\\\/#primaryimage\"},\"image\":{\"@id\":\"https:\\\/\\\/legendatours.com\\\/product\\\/tastes-northern-portugal-galicia-13802g\\\/#primaryimage\"},\"thumbnailUrl\":\"https:\\\/\\\/legendatours.com\\\/wp-content\\\/uploads\\\/sites\\\/12\\\/2025\\\/08\\\/Galo-de-Barcelos-1.jpg\",\"datePublished\":\"2025-08-04T13:36:56+00:00\",\"dateModified\":\"2026-02-25T00:56:35+00:00\",\"breadcrumb\":{\"@id\":\"https:\\\/\\\/legendatours.com\\\/product\\\/tastes-northern-portugal-galicia-13802g\\\/#breadcrumb\"},\"inLanguage\":\"sv-SE\",\"potentialAction\":[{\"@type\":\"ReadAction\",\"target\":[\"https:\\\/\\\/legendatours.com\\\/product\\\/tastes-northern-portugal-galicia-13802g\\\/\"]}]},{\"@type\":\"ImageObject\",\"inLanguage\":\"sv-SE\",\"@id\":\"https:\\\/\\\/legendatours.com\\\/product\\\/tastes-northern-portugal-galicia-13802g\\\/#primaryimage\",\"url\":\"https:\\\/\\\/legendatours.com\\\/wp-content\\\/uploads\\\/sites\\\/12\\\/2025\\\/08\\\/Galo-de-Barcelos-1.jpg\",\"contentUrl\":\"https:\\\/\\\/legendatours.com\\\/wp-content\\\/uploads\\\/sites\\\/12\\\/2025\\\/08\\\/Galo-de-Barcelos-1.jpg\",\"width\":2048,\"height\":1365},{\"@type\":\"BreadcrumbList\",\"@id\":\"https:\\\/\\\/legendatours.com\\\/product\\\/tastes-northern-portugal-galicia-13802g\\\/#breadcrumb\",\"itemListElement\":[{\"@type\":\"ListItem\",\"position\":1,\"name\":\"Home\",\"item\":\"https:\\\/\\\/legendatours.com\\\/\"},{\"@type\":\"ListItem\",\"position\":2,\"name\":\"Shop\",\"item\":\"https:\\\/\\\/legendatours.com\\\/sv\\\/?page_id=4\"},{\"@type\":\"ListItem\",\"position\":3,\"name\":\"Tastes of Northern Portugal and Galicia\"}]},{\"@type\":\"WebSite\",\"@id\":\"https:\\\/\\\/legendatours.com\\\/#website\",\"url\":\"https:\\\/\\\/legendatours.com\\\/\",\"name\":\"Legendary Adventure DMC Portugal\",\"description\":\"Responsible Walking &amp; Nature Holidays in Portugal\",\"publisher\":{\"@id\":\"https:\\\/\\\/legendatours.com\\\/#organization\"},\"alternateName\":\"Legendary Adventure Portugal\",\"potentialAction\":[{\"@type\":\"SearchAction\",\"target\":{\"@type\":\"EntryPoint\",\"urlTemplate\":\"https:\\\/\\\/legendatours.com\\\/?s={search_term_string}\"},\"query-input\":{\"@type\":\"PropertyValueSpecification\",\"valueRequired\":true,\"valueName\":\"search_term_string\"}}],\"inLanguage\":\"sv-SE\"},{\"@type\":\"Organization\",\"@id\":\"https:\\\/\\\/legendatours.com\\\/#organization\",\"name\":\"legendatours.com\",\"url\":\"https:\\\/\\\/legendatours.com\\\/\",\"logo\":{\"@type\":\"ImageObject\",\"inLanguage\":\"sv-SE\",\"@id\":\"https:\\\/\\\/legendatours.com\\\/#\\\/schema\\\/logo\\\/image\\\/\",\"url\":\"https:\\\/\\\/legendatours.com\\\/wp-content\\\/uploads\\\/sites\\\/12\\\/2021\\\/06\\\/legendary_adventure_dmc.png\",\"contentUrl\":\"https:\\\/\\\/legendatours.com\\\/wp-content\\\/uploads\\\/sites\\\/12\\\/2021\\\/06\\\/legendary_adventure_dmc.png\",\"width\":250,\"height\":74,\"caption\":\"legendatours.com\"},\"image\":{\"@id\":\"https:\\\/\\\/legendatours.com\\\/#\\\/schema\\\/logo\\\/image\\\/\"},\"sameAs\":[\"https:\\\/\\\/www.facebook.com\\\/legendaryadventuredmc\\\/\",\"https:\\\/\\\/www.linkedin.com\\\/company\\\/legendary-adventure-dmc-portugal\",\"https:\\\/\\\/www.youtube.com\\\/channel\\\/UCOIRDx_KM6ynIcacQkZjb6g\"]}]}<\/script>\n<!-- \/ Yoast SEO Premium plugin. -->","yoast_head_json":{"title":"Tastes of Northern Portugal and Galicia - Legendary Adventure DMC Portugal","robots":{"index":"index","follow":"follow","max-snippet":"max-snippet:-1","max-image-preview":"max-image-preview:large","max-video-preview":"max-video-preview:-1"},"canonical":"https:\/\/legendatours.com\/sv\/produkt\/tastes-northern-portugal-galicia-13802g\/","og_locale":"sv_SE","og_type":"article","og_title":"Tastes of Northern Portugal and Galicia","og_description":"Embark on a gastronomic adventure like no other with a delightful 7-night holiday that combines the best of Vigo in Galicia, Spain, and Vila Praia de \u00c2ncora in Northern Portugal, focusing on the region's rich culinary heritage and exquisite wines.","og_url":"https:\/\/legendatours.com\/sv\/produkt\/tastes-northern-portugal-galicia-13802g\/","og_site_name":"Legendary Adventure DMC Portugal","article_publisher":"https:\/\/www.facebook.com\/legendaryadventuredmc\/","article_modified_time":"2026-02-25T00:56:35+00:00","og_image":[{"width":2048,"height":1365,"url":"https:\/\/legendatours.com\/wp-content\/uploads\/sites\/12\/2025\/08\/Galo-de-Barcelos-1.jpg","type":"image\/jpeg"}],"twitter_card":"summary_large_image","twitter_misc":{"Ber\u00e4knad l\u00e4stid":"2 minuter"},"schema":{"@context":"https:\/\/schema.org","@graph":[{"@type":"WebPage","@id":"https:\/\/legendatours.com\/product\/tastes-northern-portugal-galicia-13802g\/","url":"https:\/\/legendatours.com\/product\/tastes-northern-portugal-galicia-13802g\/","name":"Tastes of Northern Portugal and Galicia - Legendary Adventure DMC Portugal","isPartOf":{"@id":"https:\/\/legendatours.com\/#website"},"primaryImageOfPage":{"@id":"https:\/\/legendatours.com\/product\/tastes-northern-portugal-galicia-13802g\/#primaryimage"},"image":{"@id":"https:\/\/legendatours.com\/product\/tastes-northern-portugal-galicia-13802g\/#primaryimage"},"thumbnailUrl":"https:\/\/legendatours.com\/wp-content\/uploads\/sites\/12\/2025\/08\/Galo-de-Barcelos-1.jpg","datePublished":"2025-08-04T13:36:56+00:00","dateModified":"2026-02-25T00:56:35+00:00","breadcrumb":{"@id":"https:\/\/legendatours.com\/product\/tastes-northern-portugal-galicia-13802g\/#breadcrumb"},"inLanguage":"sv-SE","potentialAction":[{"@type":"ReadAction","target":["https:\/\/legendatours.com\/product\/tastes-northern-portugal-galicia-13802g\/"]}]},{"@type":"ImageObject","inLanguage":"sv-SE","@id":"https:\/\/legendatours.com\/product\/tastes-northern-portugal-galicia-13802g\/#primaryimage","url":"https:\/\/legendatours.com\/wp-content\/uploads\/sites\/12\/2025\/08\/Galo-de-Barcelos-1.jpg","contentUrl":"https:\/\/legendatours.com\/wp-content\/uploads\/sites\/12\/2025\/08\/Galo-de-Barcelos-1.jpg","width":2048,"height":1365},{"@type":"BreadcrumbList","@id":"https:\/\/legendatours.com\/product\/tastes-northern-portugal-galicia-13802g\/#breadcrumb","itemListElement":[{"@type":"ListItem","position":1,"name":"Home","item":"https:\/\/legendatours.com\/"},{"@type":"ListItem","position":2,"name":"Shop","item":"https:\/\/legendatours.com\/sv\/?page_id=4"},{"@type":"ListItem","position":3,"name":"Tastes of Northern Portugal and Galicia"}]},{"@type":"WebSite","@id":"https:\/\/legendatours.com\/#website","url":"https:\/\/legendatours.com\/","name":"Legendariskt \u00e4ventyr DMC Portugal","description":"Ansvarsfulla vandringar och natursemester i Portugal","publisher":{"@id":"https:\/\/legendatours.com\/#organization"},"alternateName":"Legendary Adventure Portugal","potentialAction":[{"@type":"SearchAction","target":{"@type":"EntryPoint","urlTemplate":"https:\/\/legendatours.com\/?s={search_term_string}"},"query-input":{"@type":"PropertyValueSpecification","valueRequired":true,"valueName":"search_term_string"}}],"inLanguage":"sv-SE"},{"@type":"Organization","@id":"https:\/\/legendatours.com\/#organization","name":"legendatours.com","url":"https:\/\/legendatours.com\/","logo":{"@type":"ImageObject","inLanguage":"sv-SE","@id":"https:\/\/legendatours.com\/#\/schema\/logo\/image\/","url":"https:\/\/legendatours.com\/wp-content\/uploads\/sites\/12\/2021\/06\/legendary_adventure_dmc.png","contentUrl":"https:\/\/legendatours.com\/wp-content\/uploads\/sites\/12\/2021\/06\/legendary_adventure_dmc.png","width":250,"height":74,"caption":"legendatours.com"},"image":{"@id":"https:\/\/legendatours.com\/#\/schema\/logo\/image\/"},"sameAs":["https:\/\/www.facebook.com\/legendaryadventuredmc\/","https:\/\/www.linkedin.com\/company\/legendary-adventure-dmc-portugal","https:\/\/www.youtube.com\/channel\/UCOIRDx_KM6ynIcacQkZjb6g"]}]}},"_links":{"self":[{"href":"https:\/\/legendatours.com\/sv\/wp-json\/wp\/v2\/product\/10891","targetHints":{"allow":["GET"]}}],"collection":[{"href":"https:\/\/legendatours.com\/sv\/wp-json\/wp\/v2\/product"}],"about":[{"href":"https:\/\/legendatours.com\/sv\/wp-json\/wp\/v2\/types\/product"}],"replies":[{"embeddable":true,"href":"https:\/\/legendatours.com\/sv\/wp-json\/wp\/v2\/comments?post=10891"}],"wp:featuredmedia":[{"embeddable":true,"href":"https:\/\/legendatours.com\/sv\/wp-json\/wp\/v2\/media\/10876"}],"wp:attachment":[{"href":"https:\/\/legendatours.com\/sv\/wp-json\/wp\/v2\/media?parent=10891"}],"wp:term":[{"taxonomy":"product_brand","embeddable":true,"href":"https:\/\/legendatours.com\/sv\/wp-json\/wp\/v2\/product_brand?post=10891"},{"taxonomy":"product_cat","embeddable":true,"href":"https:\/\/legendatours.com\/sv\/wp-json\/wp\/v2\/product_cat?post=10891"},{"taxonomy":"product_tag","embeddable":true,"href":"https:\/\/legendatours.com\/sv\/wp-json\/wp\/v2\/product_tag?post=10891"}],"curies":[{"name":"wp","href":"https:\/\/api.w.org\/{rel}","templated":true}]}}