{"id":10921,"date":"2025-10-30T12:51:59","date_gmt":"2025-10-30T12:51:59","guid":{"rendered":"https:\/\/legendatours.com\/product\/atlantic-coast-sintra-and-lisbon-walking-tour-13600g\/"},"modified":"2025-10-30T13:01:41","modified_gmt":"2025-10-30T13:01:41","slug":"atlantic-coast-sintra-and-lisbon-walking-tour-13600g","status":"publish","type":"product","link":"https:\/\/legendatours.com\/sv\/produkt\/atlantic-coast-sintra-and-lisbon-walking-tour-13600g\/","title":{"rendered":"Atlantkusten, Sintra och Lissabon"},"content":{"rendered":"<p>Ericeira ligger p\u00e5 Portugals dramatiska Atlantkust, mindre \u00e4n 50 km fr\u00e5n Lissabon, och \u00e4r en pittoresk fiskeby d\u00e4r du hittar traditionella kullerstensgator, font\u00e4ner och vitkalkade hus.<\/p>\n<div id=\"attachment_4462\" style=\"width: 1034px\" class=\"wp-caption alignnone\"><img loading=\"lazy\" decoding=\"async\" aria-describedby=\"caption-attachment-4462\" class=\"wp-image-4462 size-large\" src=\"https:\/\/legendatours.net\/wp-content\/uploads\/2025\/10\/Ericeira-1-1024x683.jpg\" alt=\"\" width=\"1024\" height=\"683\" \/><p id=\"caption-attachment-4462\" class=\"wp-caption-text\">Atlantkusten \u2013 Ericeira<\/p><\/div>\n<p>Portugals v\u00e4statlantiska kustlinje definieras av klippiga klippor prickade med vackra sm\u00e5 vikar och avskilda str\u00e4nder. Den forntida befolkningen i Ericeira kallades &quot;Jagoz&quot;, och de levde n\u00e4stan uteslutande fr\u00e5n havet. Byn \u00e4r k\u00e4nd f\u00f6r sina uts\u00f6kta fisk- och skaldjursrestauranger.<\/p>\n<p><img loading=\"lazy\" decoding=\"async\" class=\"wp-image-4459 size-large\" src=\"https:\/\/legendatours.net\/wp-content\/uploads\/2025\/10\/Ericeira-2-1-1024x683.jpg\" alt=\"\" width=\"1024\" height=\"683\" \/><img loading=\"lazy\" decoding=\"async\" class=\"wp-image-4460 size-large\" src=\"https:\/\/legendatours.net\/wp-content\/uploads\/2025\/10\/Ericeira-3-1-1024x683.jpg\" alt=\"\" width=\"1024\" height=\"683\" \/><\/p>\n<p>De fantastiska str\u00e4nderna och den spektakul\u00e4ra havsutsikten lockade aristokratin och kungafamiljen, vilket gav Ericeira en charmig semesterort.<\/p>\n<p>H\u00e4rifr\u00e5n utformade vi en resplan f\u00f6r att utforska regionen, med utflykter l\u00e4ngs kusten och p\u00e5 de gr\u00f6na kullarna i Serra de Sintra, och den vackra staden vid foten av bergskedjan, ett UNESCO-v\u00e4rldsarv.<\/p>\n<p><img loading=\"lazy\" decoding=\"async\" class=\"wp-image-4472 size-large\" src=\"https:\/\/legendatours.net\/wp-content\/uploads\/2025\/10\/Sintra-2-1-1024x683.jpg\" alt=\"\" width=\"1024\" height=\"683\" \/> <img loading=\"lazy\" decoding=\"async\" class=\"wp-image-4474 size-large\" src=\"https:\/\/legendatours.net\/wp-content\/uploads\/2025\/10\/Sintra-4-1024x683.jpg\" alt=\"\" width=\"1024\" height=\"683\" \/><img loading=\"lazy\" decoding=\"async\" class=\"alignnone wp-image-4476 size-large\" src=\"https:\/\/legendatours.net\/wp-content\/uploads\/2025\/10\/Sintra-1024x683.jpg\" alt=\"\" width=\"1024\" height=\"683\" \/><\/p>\n<p>En resa till den pulserande huvudstaden Lissabon ing\u00e5r ocks\u00e5 i en dagsutflykt, f\u00f6r att utforska de historiska kvarteren och sev\u00e4rdheterna man bara m\u00e5ste se.<\/p>\n<p>Bland de kulturella h\u00f6jdpunkterna p\u00e5 denna tur finns Mafras kungliga byggnad \u2013 palats, basilika och kloster (ett v\u00e4rldsarv) och en promenad i den tidigare jaktparken Tapada de Mafra.<\/p>\n<p><img loading=\"lazy\" decoding=\"async\" class=\"wp-image-4467 size-large\" src=\"https:\/\/legendatours.net\/wp-content\/uploads\/2025\/10\/Lisbon-1-1024x683.jpg\" alt=\"\" width=\"1024\" height=\"683\" \/> <img loading=\"lazy\" decoding=\"async\" class=\"wp-image-4471 size-large\" src=\"https:\/\/legendatours.net\/wp-content\/uploads\/2025\/10\/Mafra-1-1024x683.jpg\" alt=\"\" width=\"1024\" height=\"683\" \/><\/p>","protected":false},"excerpt":{"rendered":"<p>Denna vandrings- och sightseeingtur utg\u00e5r fr\u00e5n Ericeira, en pittoresk fiskeby med fantastiska str\u00e4nder och spektakul\u00e4ra havsutsikter. Byn ligger bara 50 km fr\u00e5n Lissabon och var en g\u00e5ng en semesterort f\u00f6r aristokratin och kungafamiljen.<\/p>\n<p>H\u00e4rifr\u00e5n utformade vi en varierad resplan f\u00f6r att utforska regionen, med promenader l\u00e4ngs Portugals dramatiska v\u00e4stkust vid Atlanten; p\u00e5 de gr\u00f6na kullarna i Serra de Sintra; en resa till den pulserande huvudstaden Lissabon; till Palacio de Mafra och till dess tidigare kungliga jaktpark.<\/p>","protected":false},"featured_media":10902,"comment_status":"closed","ping_status":"closed","template":"","meta":{"_acf_changed":false,"inline_featured_image":false},"product_brand":[],"product_cat":[1159],"product_tag":[],"class_list":{"0":"post-10921","1":"product","2":"type-product","3":"status-publish","4":"has-post-thumbnail","6":"product_cat-uncategorized","8":"first","9":"instock","10":"virtual","11":"product-type-simple"},"acf":[],"yoast_head":"<!-- This site is optimized with the Yoast SEO Premium plugin v26.8 (Yoast SEO v27.5) - https:\/\/yoast.com\/product\/yoast-seo-premium-wordpress\/ -->\n<title>Atlantic Coast, Sintra and Lisbon - Legendary Adventure DMC Portugal<\/title>\n<meta name=\"robots\" content=\"index, follow, max-snippet:-1, max-image-preview:large, max-video-preview:-1\" \/>\n<link rel=\"canonical\" href=\"https:\/\/legendatours.com\/sv\/produkt\/atlantic-coast-sintra-and-lisbon-walking-tour-13600g\/\" \/>\n<meta property=\"og:locale\" content=\"sv_SE\" \/>\n<meta property=\"og:type\" content=\"article\" \/>\n<meta property=\"og:title\" content=\"Atlantic Coast, Sintra and Lisbon\" \/>\n<meta property=\"og:description\" content=\"This walking and sightseeing tour is based in Ericeira, a quaint fishing village with amazing beaches and spectacular ocean vistas. Located just 50km away from Lisbon, it was once a holiday resort for the aristocracy and the royal family.  From here, we designed a varied itinerary to explore the region, with walks along the Portugal\u2019s dramatic Atlantic west coast; on the green hills of Serra de Sintra; a trip to the vibrant capital, Lisbon; to the Palace of Mafra, and to its former Royal Hunting Park.\" \/>\n<meta property=\"og:url\" content=\"https:\/\/legendatours.com\/sv\/produkt\/atlantic-coast-sintra-and-lisbon-walking-tour-13600g\/\" \/>\n<meta property=\"og:site_name\" content=\"Legendary Adventure DMC Portugal\" \/>\n<meta property=\"article:publisher\" content=\"https:\/\/www.facebook.com\/legendaryadventuredmc\/\" \/>\n<meta property=\"article:modified_time\" content=\"2025-10-30T13:01:41+00:00\" \/>\n<meta property=\"og:image\" content=\"https:\/\/legendatours.com\/wp-content\/uploads\/sites\/12\/2025\/10\/Coastal-walk-1.jpg\" \/>\n\t<meta property=\"og:image:width\" content=\"1800\" \/>\n\t<meta property=\"og:image:height\" content=\"1200\" \/>\n\t<meta property=\"og:image:type\" content=\"image\/jpeg\" \/>\n<meta name=\"twitter:card\" content=\"summary_large_image\" \/>\n<meta name=\"twitter:label1\" content=\"Ber\u00e4knad l\u00e4stid\" \/>\n\t<meta name=\"twitter:data1\" content=\"1 minut\" \/>\n<script type=\"application\/ld+json\" class=\"yoast-schema-graph\">{\"@context\":\"https:\\\/\\\/schema.org\",\"@graph\":[{\"@type\":\"WebPage\",\"@id\":\"https:\\\/\\\/legendatours.com\\\/product\\\/atlantic-coast-sintra-and-lisbon-walking-tour-13600g\\\/\",\"url\":\"https:\\\/\\\/legendatours.com\\\/product\\\/atlantic-coast-sintra-and-lisbon-walking-tour-13600g\\\/\",\"name\":\"Atlantic Coast, Sintra and Lisbon - Legendary Adventure DMC Portugal\",\"isPartOf\":{\"@id\":\"https:\\\/\\\/legendatours.com\\\/#website\"},\"primaryImageOfPage\":{\"@id\":\"https:\\\/\\\/legendatours.com\\\/product\\\/atlantic-coast-sintra-and-lisbon-walking-tour-13600g\\\/#primaryimage\"},\"image\":{\"@id\":\"https:\\\/\\\/legendatours.com\\\/product\\\/atlantic-coast-sintra-and-lisbon-walking-tour-13600g\\\/#primaryimage\"},\"thumbnailUrl\":\"https:\\\/\\\/legendatours.com\\\/wp-content\\\/uploads\\\/sites\\\/12\\\/2025\\\/10\\\/Coastal-walk-1.jpg\",\"datePublished\":\"2025-10-30T12:51:59+00:00\",\"dateModified\":\"2025-10-30T13:01:41+00:00\",\"breadcrumb\":{\"@id\":\"https:\\\/\\\/legendatours.com\\\/product\\\/atlantic-coast-sintra-and-lisbon-walking-tour-13600g\\\/#breadcrumb\"},\"inLanguage\":\"sv-SE\",\"potentialAction\":[{\"@type\":\"ReadAction\",\"target\":[\"https:\\\/\\\/legendatours.com\\\/product\\\/atlantic-coast-sintra-and-lisbon-walking-tour-13600g\\\/\"]}]},{\"@type\":\"ImageObject\",\"inLanguage\":\"sv-SE\",\"@id\":\"https:\\\/\\\/legendatours.com\\\/product\\\/atlantic-coast-sintra-and-lisbon-walking-tour-13600g\\\/#primaryimage\",\"url\":\"https:\\\/\\\/legendatours.com\\\/wp-content\\\/uploads\\\/sites\\\/12\\\/2025\\\/10\\\/Coastal-walk-1.jpg\",\"contentUrl\":\"https:\\\/\\\/legendatours.com\\\/wp-content\\\/uploads\\\/sites\\\/12\\\/2025\\\/10\\\/Coastal-walk-1.jpg\",\"width\":1800,\"height\":1200},{\"@type\":\"BreadcrumbList\",\"@id\":\"https:\\\/\\\/legendatours.com\\\/product\\\/atlantic-coast-sintra-and-lisbon-walking-tour-13600g\\\/#breadcrumb\",\"itemListElement\":[{\"@type\":\"ListItem\",\"position\":1,\"name\":\"Home\",\"item\":\"https:\\\/\\\/legendatours.com\\\/\"},{\"@type\":\"ListItem\",\"position\":2,\"name\":\"Shop\",\"item\":\"https:\\\/\\\/legendatours.com\\\/sv\\\/?page_id=4\"},{\"@type\":\"ListItem\",\"position\":3,\"name\":\"Atlantic Coast, Sintra and Lisbon\"}]},{\"@type\":\"WebSite\",\"@id\":\"https:\\\/\\\/legendatours.com\\\/#website\",\"url\":\"https:\\\/\\\/legendatours.com\\\/\",\"name\":\"Legendary Adventure DMC Portugal\",\"description\":\"Responsible Walking &amp; Nature Holidays in Portugal\",\"publisher\":{\"@id\":\"https:\\\/\\\/legendatours.com\\\/#organization\"},\"alternateName\":\"Legendary Adventure Portugal\",\"potentialAction\":[{\"@type\":\"SearchAction\",\"target\":{\"@type\":\"EntryPoint\",\"urlTemplate\":\"https:\\\/\\\/legendatours.com\\\/?s={search_term_string}\"},\"query-input\":{\"@type\":\"PropertyValueSpecification\",\"valueRequired\":true,\"valueName\":\"search_term_string\"}}],\"inLanguage\":\"sv-SE\"},{\"@type\":\"Organization\",\"@id\":\"https:\\\/\\\/legendatours.com\\\/#organization\",\"name\":\"legendatours.com\",\"url\":\"https:\\\/\\\/legendatours.com\\\/\",\"logo\":{\"@type\":\"ImageObject\",\"inLanguage\":\"sv-SE\",\"@id\":\"https:\\\/\\\/legendatours.com\\\/#\\\/schema\\\/logo\\\/image\\\/\",\"url\":\"https:\\\/\\\/legendatours.com\\\/wp-content\\\/uploads\\\/sites\\\/12\\\/2021\\\/06\\\/legendary_adventure_dmc.png\",\"contentUrl\":\"https:\\\/\\\/legendatours.com\\\/wp-content\\\/uploads\\\/sites\\\/12\\\/2021\\\/06\\\/legendary_adventure_dmc.png\",\"width\":250,\"height\":74,\"caption\":\"legendatours.com\"},\"image\":{\"@id\":\"https:\\\/\\\/legendatours.com\\\/#\\\/schema\\\/logo\\\/image\\\/\"},\"sameAs\":[\"https:\\\/\\\/www.facebook.com\\\/legendaryadventuredmc\\\/\",\"https:\\\/\\\/www.linkedin.com\\\/company\\\/legendary-adventure-dmc-portugal\",\"https:\\\/\\\/www.youtube.com\\\/channel\\\/UCOIRDx_KM6ynIcacQkZjb6g\"]}]}<\/script>\n<!-- \/ Yoast SEO Premium plugin. -->","yoast_head_json":{"title":"Atlantic Coast, Sintra and Lisbon - Legendary Adventure DMC Portugal","robots":{"index":"index","follow":"follow","max-snippet":"max-snippet:-1","max-image-preview":"max-image-preview:large","max-video-preview":"max-video-preview:-1"},"canonical":"https:\/\/legendatours.com\/sv\/produkt\/atlantic-coast-sintra-and-lisbon-walking-tour-13600g\/","og_locale":"sv_SE","og_type":"article","og_title":"Atlantic Coast, Sintra and Lisbon","og_description":"This walking and sightseeing tour is based in Ericeira, a quaint fishing village with amazing beaches and spectacular ocean vistas. Located just 50km away from Lisbon, it was once a holiday resort for the aristocracy and the royal family.  From here, we designed a varied itinerary to explore the region, with walks along the Portugal\u2019s dramatic Atlantic west coast; on the green hills of Serra de Sintra; a trip to the vibrant capital, Lisbon; to the Palace of Mafra, and to its former Royal Hunting Park.","og_url":"https:\/\/legendatours.com\/sv\/produkt\/atlantic-coast-sintra-and-lisbon-walking-tour-13600g\/","og_site_name":"Legendary Adventure DMC Portugal","article_publisher":"https:\/\/www.facebook.com\/legendaryadventuredmc\/","article_modified_time":"2025-10-30T13:01:41+00:00","og_image":[{"width":1800,"height":1200,"url":"https:\/\/legendatours.com\/wp-content\/uploads\/sites\/12\/2025\/10\/Coastal-walk-1.jpg","type":"image\/jpeg"}],"twitter_card":"summary_large_image","twitter_misc":{"Ber\u00e4knad l\u00e4stid":"1 minut"},"schema":{"@context":"https:\/\/schema.org","@graph":[{"@type":"WebPage","@id":"https:\/\/legendatours.com\/product\/atlantic-coast-sintra-and-lisbon-walking-tour-13600g\/","url":"https:\/\/legendatours.com\/product\/atlantic-coast-sintra-and-lisbon-walking-tour-13600g\/","name":"Atlantic Coast, Sintra and Lisbon - Legendary Adventure DMC Portugal","isPartOf":{"@id":"https:\/\/legendatours.com\/#website"},"primaryImageOfPage":{"@id":"https:\/\/legendatours.com\/product\/atlantic-coast-sintra-and-lisbon-walking-tour-13600g\/#primaryimage"},"image":{"@id":"https:\/\/legendatours.com\/product\/atlantic-coast-sintra-and-lisbon-walking-tour-13600g\/#primaryimage"},"thumbnailUrl":"https:\/\/legendatours.com\/wp-content\/uploads\/sites\/12\/2025\/10\/Coastal-walk-1.jpg","datePublished":"2025-10-30T12:51:59+00:00","dateModified":"2025-10-30T13:01:41+00:00","breadcrumb":{"@id":"https:\/\/legendatours.com\/product\/atlantic-coast-sintra-and-lisbon-walking-tour-13600g\/#breadcrumb"},"inLanguage":"sv-SE","potentialAction":[{"@type":"ReadAction","target":["https:\/\/legendatours.com\/product\/atlantic-coast-sintra-and-lisbon-walking-tour-13600g\/"]}]},{"@type":"ImageObject","inLanguage":"sv-SE","@id":"https:\/\/legendatours.com\/product\/atlantic-coast-sintra-and-lisbon-walking-tour-13600g\/#primaryimage","url":"https:\/\/legendatours.com\/wp-content\/uploads\/sites\/12\/2025\/10\/Coastal-walk-1.jpg","contentUrl":"https:\/\/legendatours.com\/wp-content\/uploads\/sites\/12\/2025\/10\/Coastal-walk-1.jpg","width":1800,"height":1200},{"@type":"BreadcrumbList","@id":"https:\/\/legendatours.com\/product\/atlantic-coast-sintra-and-lisbon-walking-tour-13600g\/#breadcrumb","itemListElement":[{"@type":"ListItem","position":1,"name":"Home","item":"https:\/\/legendatours.com\/"},{"@type":"ListItem","position":2,"name":"Shop","item":"https:\/\/legendatours.com\/sv\/?page_id=4"},{"@type":"ListItem","position":3,"name":"Atlantic Coast, Sintra and Lisbon"}]},{"@type":"WebSite","@id":"https:\/\/legendatours.com\/#website","url":"https:\/\/legendatours.com\/","name":"Legendariskt \u00e4ventyr DMC Portugal","description":"Ansvarsfulla vandringar och natursemester i Portugal","publisher":{"@id":"https:\/\/legendatours.com\/#organization"},"alternateName":"Legendary Adventure Portugal","potentialAction":[{"@type":"SearchAction","target":{"@type":"EntryPoint","urlTemplate":"https:\/\/legendatours.com\/?s={search_term_string}"},"query-input":{"@type":"PropertyValueSpecification","valueRequired":true,"valueName":"search_term_string"}}],"inLanguage":"sv-SE"},{"@type":"Organization","@id":"https:\/\/legendatours.com\/#organization","name":"legendatours.com","url":"https:\/\/legendatours.com\/","logo":{"@type":"ImageObject","inLanguage":"sv-SE","@id":"https:\/\/legendatours.com\/#\/schema\/logo\/image\/","url":"https:\/\/legendatours.com\/wp-content\/uploads\/sites\/12\/2021\/06\/legendary_adventure_dmc.png","contentUrl":"https:\/\/legendatours.com\/wp-content\/uploads\/sites\/12\/2021\/06\/legendary_adventure_dmc.png","width":250,"height":74,"caption":"legendatours.com"},"image":{"@id":"https:\/\/legendatours.com\/#\/schema\/logo\/image\/"},"sameAs":["https:\/\/www.facebook.com\/legendaryadventuredmc\/","https:\/\/www.linkedin.com\/company\/legendary-adventure-dmc-portugal","https:\/\/www.youtube.com\/channel\/UCOIRDx_KM6ynIcacQkZjb6g"]}]}},"_links":{"self":[{"href":"https:\/\/legendatours.com\/sv\/wp-json\/wp\/v2\/product\/10921","targetHints":{"allow":["GET"]}}],"collection":[{"href":"https:\/\/legendatours.com\/sv\/wp-json\/wp\/v2\/product"}],"about":[{"href":"https:\/\/legendatours.com\/sv\/wp-json\/wp\/v2\/types\/product"}],"replies":[{"embeddable":true,"href":"https:\/\/legendatours.com\/sv\/wp-json\/wp\/v2\/comments?post=10921"}],"wp:featuredmedia":[{"embeddable":true,"href":"https:\/\/legendatours.com\/sv\/wp-json\/wp\/v2\/media\/10902"}],"wp:attachment":[{"href":"https:\/\/legendatours.com\/sv\/wp-json\/wp\/v2\/media?parent=10921"}],"wp:term":[{"taxonomy":"product_brand","embeddable":true,"href":"https:\/\/legendatours.com\/sv\/wp-json\/wp\/v2\/product_brand?post=10921"},{"taxonomy":"product_cat","embeddable":true,"href":"https:\/\/legendatours.com\/sv\/wp-json\/wp\/v2\/product_cat?post=10921"},{"taxonomy":"product_tag","embeddable":true,"href":"https:\/\/legendatours.com\/sv\/wp-json\/wp\/v2\/product_tag?post=10921"}],"curies":[{"name":"wp","href":"https:\/\/api.w.org\/{rel}","templated":true}]}}