{"id":10928,"date":"2026-03-10T15:52:09","date_gmt":"2026-03-10T15:52:09","guid":{"rendered":"https:\/\/legendatours.com\/product\/cabo-verde-windward-islands-walking-holidays\/"},"modified":"2026-03-10T17:40:46","modified_gmt":"2026-03-10T17:40:46","slug":"cabo-verde-windward-islands-cv1100g-2","status":"publish","type":"product","link":"https:\/\/legendatours.com\/sv\/produkt\/cabo-verde-windward-islands-cv1100g-2\/","title":{"rendered":"Kap Verde Windward\u00f6arna"},"content":{"rendered":"<div id=\"fws_69e8dd4f95043\"  data-column-margin=\"default\" data-midnight=\"dark\"  class=\"wpb_row vc_row-fluid vc_row\"  style=\"padding-top: 0px; padding-bottom: 0px; \"><div class=\"row-bg-wrap\" data-bg-animation=\"none\" data-bg-animation-delay=\"\" data-bg-overlay=\"false\"><div class=\"inner-wrap row-bg-layer\" ><div class=\"row-bg viewport-desktop\"  style=\"\"><\/div><\/div><\/div><div class=\"row_col_wrap_12 col span_12 dark left\">\n\t<div  class=\"vc_col-sm-12 wpb_column column_container vc_column_container col no-extra-padding inherit_tablet inherit_phone flex_gap_desktop_10px\"  data-padding-pos=\"all\" data-has-bg-color=\"false\" data-bg-color=\"\" data-bg-opacity=\"1\" data-animation=\"\" data-delay=\"0\" >\n\t\t<div class=\"vc_column-inner\" >\n\t\t\t<div class=\"wpb_wrapper\">\n\t\t\t\t\n<div class=\"wpb_text_column wpb_content_element\" >\n\t<p><strong>F\u00f6lj med oss p\u00e5 denna speciella resa som b\u00f6rjar i Kap Verdes kulturella huvudstad Mindelo, innan du ger dig ut p\u00e5 den natursk\u00f6na f\u00e4rjeturen mot Santo Ant\u00e3o f\u00f6r n\u00e5gra storslagna promenader.<\/strong><\/p>\n<p><strong>Detta lilla land utanf\u00f6r Afrikas kust erbjuder en intressant blandning av portugisiska influenser, arvet fr\u00e5n afrikanska slavar och andra folk som bott h\u00e4r genom \u00e5rhundradena, vilket skapar en rik och levande kultur med en afrikansk, europeisk och brasiliansk k\u00e4nsla.<\/strong><\/p>\n<p><strong>Den st\u00f6rre \u00f6n i sk\u00e4rg\u00e5rden, Santo Ant\u00e3o, \u00e4r ett paradis f\u00f6r vandrare, med en dramatisk geografi, och fortfarande en or\u00f6rd destination fri fr\u00e5n turistmassor.<\/strong><\/p>\n<p><strong>Vi kommer att uppt\u00e4cka dess naturliga underverk, imponerande vyer, kontrasterande landskap och l\u00e4ra oss mer om Kap Verdes befolknings kultur och levnadss\u00e4tt.<\/strong><\/p>\n<p>&nbsp;<\/p>\n<p><strong>S\u00e3o Vicente och Mindelo<\/strong><\/p>\n<p>Mindelo, med r\u00e4tta k\u00e4nd som sk\u00e4rg\u00e5rdens kulturella huvudstad och f\u00f6delseplatsen f\u00f6r Ces\u00e1ria \u00c9vora, den ber\u00f6mda mornas\u00e5ngerskan, \u00e4r en f\u00e4ngslande stad med f\u00e4rgglada kolonialbyggnader och en bleknad prakt.<\/p>\n<p>Med en urban strand i en skyddad vik med turkost vatten, Laginha, ett utm\u00e4rkt tillf\u00e4lle f\u00f6r ett dopp vid ankomsten!<\/p>\n<div id=\"attachment_4330\" style=\"width: 1034px\" class=\"wp-caption alignnone\"><img loading=\"lazy\" decoding=\"async\" aria-describedby=\"caption-attachment-4330\" class=\"wp-image-4330 size-large\" src=\"https:\/\/legendatours.net\/wp-content\/uploads\/2025\/07\/33-1024x683.jpg\" alt=\"Cape Verde - Mindelo and Santo Ant\u00e3o Culture and Nature Walking Tour\" width=\"1024\" height=\"683\" \/><p id=\"caption-attachment-4330\" class=\"wp-caption-text\">Mindelo och utsikt \u00f6ver Monte Cara<\/p><\/div><br \/>\n<div id=\"attachment_4363\" style=\"width: 1034px\" class=\"wp-caption alignnone\"><img loading=\"lazy\" decoding=\"async\" aria-describedby=\"caption-attachment-4363\" class=\"wp-image-4363 size-large\" src=\"https:\/\/legendatours.net\/wp-content\/uploads\/2025\/07\/31-1024x683.jpg\" alt=\"Walking in S\u00e3o Vicente Cape Verde\" width=\"1024\" height=\"683\" \/><p id=\"caption-attachment-4363\" class=\"wp-caption-text\">Ces\u00e1ria \u00c9vora v\u00e4ggm\u00e5lning i Mindelo av Vihls<\/p><\/div>\n<p>I Mindelo finns det dagligen livemusik, gatumarknader d\u00e4r du kan hitta hantverk och f\u00e4rska r\u00e5varor, intressant urban konst, en livlig atmosf\u00e4r och en djuphavshamn som har varit viktig f\u00f6r staden genom \u00e5rhundradena. \u00c4n idag ser vi sp\u00e5ren av dess rika historia och m\u00e5ngfaldiga kulturer.<\/p>\n<div id=\"attachment_4362\" style=\"width: 1034px\" class=\"wp-caption alignnone\"><img loading=\"lazy\" decoding=\"async\" aria-describedby=\"caption-attachment-4362\" class=\"wp-image-4362 size-large\" src=\"https:\/\/legendatours.net\/wp-content\/uploads\/2025\/07\/30-1024x683.jpg\" alt=\"Walking in S\u00e3o Vicente Cape Verde\" width=\"1024\" height=\"683\" \/><p id=\"caption-attachment-4362\" class=\"wp-caption-text\">Laginha, stadsstranden i Mindelo, S\u00e3o Vicente<\/p><\/div><br \/>\n<div id=\"attachment_4367\" style=\"width: 1034px\" class=\"wp-caption alignnone\"><img loading=\"lazy\" decoding=\"async\" aria-describedby=\"caption-attachment-4367\" class=\"wp-image-4367 size-large\" src=\"https:\/\/legendatours.net\/wp-content\/uploads\/2025\/07\/35-1024x683.jpg\" alt=\"Walking in S\u00e3o Vicente Cape Verde\" width=\"1024\" height=\"683\" \/><p id=\"caption-attachment-4367\" class=\"wp-caption-text\">Nationellt centrum f\u00f6r konst, hantverk och design i Mindelo<\/p><\/div>\n<p>&nbsp;<\/p>\n<div id=\"attachment_4366\" style=\"width: 1034px\" class=\"wp-caption alignnone\"><img loading=\"lazy\" decoding=\"async\" aria-describedby=\"caption-attachment-4366\" class=\"wp-image-4366 size-large\" src=\"https:\/\/legendatours.net\/wp-content\/uploads\/2025\/07\/34-1024x683.jpg\" alt=\"Walking in S\u00e3o Vicente Cape Verde\" width=\"1024\" height=\"683\" \/><p id=\"caption-attachment-4366\" class=\"wp-caption-text\">Frukt- och gr\u00f6nsaksmarknaden i Mindelo<\/p><\/div>\n<p>F\u00f6rutom huvudstaden \u00e4r \u00f6n S\u00e3o Vicente k\u00e4nd f\u00f6r sina sandstr\u00e4nder, d\u00e4r det \u00e4r m\u00f6jligt att observera och simma med sk\u00f6ldpaddor!<\/p>\n<p>&nbsp;<\/p>\n<h3><strong>Santo Ant\u00e3o, bergs\u00f6n<\/strong><\/h3>\n<p>N\u00e4sta stopp \u00e4r Santo Ant\u00e3o. Om Cabo Verde var en juvel skulle Santo Ant\u00e3o vara dess s\u00e4llsynta och mest v\u00e4rdefulla diamant.<\/p>\n<p>Med frodig vegetation, imponerande toppar och stigar som l\u00f6per l\u00e4ngs klippor vid havet eller som sluttar l\u00e4ngs vulkaniska och jordbruksm\u00e4ssiga sluttningar, \u00e4r Santo Ant\u00e3o ett f\u00f6rlorat paradis.<\/p>\n<p>Det \u00e4r raka motsatsen till andra turist\u00f6ar i Kap Verde, k\u00e4nda som stranddestinationer och st\u00e4ngda lyxresorter.<\/p>\n<div id=\"attachment_4349\" style=\"width: 1034px\" class=\"wp-caption alignnone\"><img loading=\"lazy\" decoding=\"async\" aria-describedby=\"caption-attachment-4349\" class=\"wp-image-4349 size-large\" src=\"https:\/\/legendatours.net\/wp-content\/uploads\/2025\/07\/17-1024x683.jpg\" alt=\"Walking in Santo Ant\u00e3o Cape Verde\" width=\"1024\" height=\"683\" \/><p id=\"caption-attachment-4349\" class=\"wp-caption-text\">Promenad i Santo Ant\u00e3o Cabo Verde<\/p><\/div><br \/>\n<div id=\"attachment_4387\" style=\"width: 1034px\" class=\"wp-caption alignnone\"><img loading=\"lazy\" decoding=\"async\" aria-describedby=\"caption-attachment-4387\" class=\"wp-image-4387 size-large\" src=\"https:\/\/legendatours.net\/wp-content\/uploads\/2025\/07\/55-1024x683.jpg\" alt=\"Walking in Santo Ant\u00e3o Cape Verde\" width=\"1024\" height=\"683\" \/><p id=\"caption-attachment-4387\" class=\"wp-caption-text\">Fonta\u00ednhas \u00e4r erk\u00e4nt som ett nationellt kultur- och naturarv<\/p><\/div><br \/>\n<div id=\"attachment_4372\" style=\"width: 1034px\" class=\"wp-caption alignnone\"><img loading=\"lazy\" decoding=\"async\" aria-describedby=\"caption-attachment-4372\" class=\"wp-image-4372 size-large\" src=\"https:\/\/legendatours.net\/wp-content\/uploads\/2025\/07\/40-1024x683.jpg\" alt=\"Walking in Santo Ant\u00e3o Cape Verde\" width=\"1024\" height=\"683\" \/><p id=\"caption-attachment-4372\" class=\"wp-caption-text\">Promenad i Santo Ant\u00e3o Cabo Verde<\/p><\/div>\n<p>H\u00e4r hittar du inte en renodlad version av Kap Verde; ist\u00e4llet f\u00e5r du en autenticitet och en utvald vandringsled i varierande och or\u00f6rda landskap.<\/p>\n<div id=\"attachment_4347\" style=\"width: 1034px\" class=\"wp-caption alignnone\"><img loading=\"lazy\" decoding=\"async\" aria-describedby=\"caption-attachment-4347\" class=\"wp-image-4347 size-large\" src=\"https:\/\/legendatours.net\/wp-content\/uploads\/2025\/07\/15-1024x683.jpg\" alt=\"Walking in Santo Ant\u00e3o Cape Verde\" width=\"1024\" height=\"683\" \/><p id=\"caption-attachment-4347\" class=\"wp-caption-text\">Pa\u00faldalen, Santo Ant\u00e3o<\/p><\/div>\n<p><strong><img loading=\"lazy\" decoding=\"async\" class=\"alignnone wp-image-4339 size-large\" src=\"https:\/\/legendatours.net\/wp-content\/uploads\/2025\/07\/7-1024x683.jpg\" alt=\"\" width=\"1024\" height=\"683\" \/><\/strong><\/p>\n<p>Den ber\u00f6mda hj\u00e4rtligheten och mildheten hos Kap Verde-folket h\u00e4r \u00e4r \u00e4nnu mer genuin. K\u00e4nn <em>morabeza<\/em>!<\/p>\n<\/div>\n\n\n\n\n\t\t\t<\/div> \n\t\t<\/div>\n\t<\/div> \n<\/div><\/div>","protected":false},"excerpt":{"rendered":"<div>\n<div>F\u00f6lj med oss p\u00e5 denna speciella resa, med start i Kap Verdes kulturella hj\u00e4rta, Mindelo. H\u00e4rifr\u00e5n ger vi oss av p\u00e5 n\u00e5gra episka vandringar i Santo Ant\u00e3o, en or\u00f6rd och folkfri bergs\u00f6.<\/div>\n<\/div>","protected":false},"featured_media":10826,"comment_status":"closed","ping_status":"closed","template":"","meta":{"_acf_changed":false,"inline_featured_image":false},"product_brand":[],"product_cat":[1158],"product_tag":[],"class_list":{"0":"post-10928","1":"product","2":"type-product","3":"status-publish","4":"has-post-thumbnail","6":"product_cat-cabo-verde-walking-group-tours","8":"first","9":"instock","10":"featured","11":"virtual","12":"product-type-simple"},"acf":[],"yoast_head":"<!-- This site is optimized with the Yoast SEO Premium plugin v26.8 (Yoast SEO v27.4) - https:\/\/yoast.com\/product\/yoast-seo-premium-wordpress\/ -->\n<title>Cabo Verde Windward Islands - Legendary Adventure DMC Portugal<\/title>\n<meta name=\"robots\" content=\"index, follow, max-snippet:-1, max-image-preview:large, max-video-preview:-1\" \/>\n<link rel=\"canonical\" href=\"https:\/\/legendatours.com\/sv\/produkt\/cabo-verde-windward-islands-cv1100g-2\/\" \/>\n<meta property=\"og:locale\" content=\"sv_SE\" \/>\n<meta property=\"og:type\" content=\"article\" \/>\n<meta property=\"og:title\" content=\"Cabo Verde Windward Islands\" \/>\n<meta property=\"og:description\" content=\"Join us on this special journey, starting in the cultural heart of Cabo Verde, Mindelo. From here, we head for some epic walks in Santo Ant\u00e3o, a pristine and crowd-free mountain island.\" \/>\n<meta property=\"og:url\" content=\"https:\/\/legendatours.com\/sv\/produkt\/cabo-verde-windward-islands-cv1100g-2\/\" \/>\n<meta property=\"og:site_name\" content=\"Legendary Adventure DMC Portugal\" \/>\n<meta property=\"article:publisher\" content=\"https:\/\/www.facebook.com\/legendaryadventuredmc\/\" \/>\n<meta property=\"article:modified_time\" content=\"2026-03-10T17:40:46+00:00\" \/>\n<meta property=\"og:image\" content=\"https:\/\/legendatours.com\/wp-content\/uploads\/sites\/12\/2025\/07\/41.jpg\" \/>\n\t<meta property=\"og:image:width\" content=\"1800\" \/>\n\t<meta property=\"og:image:height\" content=\"1200\" \/>\n\t<meta property=\"og:image:type\" content=\"image\/jpeg\" \/>\n<meta name=\"twitter:card\" content=\"summary_large_image\" \/>\n<meta name=\"twitter:label1\" content=\"Ber\u00e4knad l\u00e4stid\" \/>\n\t<meta name=\"twitter:data1\" content=\"3 minuter\" \/>\n<script type=\"application\/ld+json\" class=\"yoast-schema-graph\">{\"@context\":\"https:\\\/\\\/schema.org\",\"@graph\":[{\"@type\":\"WebPage\",\"@id\":\"https:\\\/\\\/legendatours.com\\\/product\\\/cabo-verde-windward-islands-cv1100g-2\\\/\",\"url\":\"https:\\\/\\\/legendatours.com\\\/product\\\/cabo-verde-windward-islands-cv1100g-2\\\/\",\"name\":\"Cabo Verde Windward Islands - Legendary Adventure DMC Portugal\",\"isPartOf\":{\"@id\":\"https:\\\/\\\/legendatours.com\\\/#website\"},\"primaryImageOfPage\":{\"@id\":\"https:\\\/\\\/legendatours.com\\\/product\\\/cabo-verde-windward-islands-cv1100g-2\\\/#primaryimage\"},\"image\":{\"@id\":\"https:\\\/\\\/legendatours.com\\\/product\\\/cabo-verde-windward-islands-cv1100g-2\\\/#primaryimage\"},\"thumbnailUrl\":\"https:\\\/\\\/legendatours.com\\\/wp-content\\\/uploads\\\/sites\\\/12\\\/2025\\\/07\\\/41.jpg\",\"datePublished\":\"2026-03-10T15:52:09+00:00\",\"dateModified\":\"2026-03-10T17:40:46+00:00\",\"breadcrumb\":{\"@id\":\"https:\\\/\\\/legendatours.com\\\/product\\\/cabo-verde-windward-islands-cv1100g-2\\\/#breadcrumb\"},\"inLanguage\":\"sv-SE\",\"potentialAction\":[{\"@type\":\"ReadAction\",\"target\":[\"https:\\\/\\\/legendatours.com\\\/product\\\/cabo-verde-windward-islands-cv1100g-2\\\/\"]}]},{\"@type\":\"ImageObject\",\"inLanguage\":\"sv-SE\",\"@id\":\"https:\\\/\\\/legendatours.com\\\/product\\\/cabo-verde-windward-islands-cv1100g-2\\\/#primaryimage\",\"url\":\"https:\\\/\\\/legendatours.com\\\/wp-content\\\/uploads\\\/sites\\\/12\\\/2025\\\/07\\\/41.jpg\",\"contentUrl\":\"https:\\\/\\\/legendatours.com\\\/wp-content\\\/uploads\\\/sites\\\/12\\\/2025\\\/07\\\/41.jpg\",\"width\":1800,\"height\":1200,\"caption\":\"Walking in Santo Ant\u00e3o Cape Verde\"},{\"@type\":\"BreadcrumbList\",\"@id\":\"https:\\\/\\\/legendatours.com\\\/product\\\/cabo-verde-windward-islands-cv1100g-2\\\/#breadcrumb\",\"itemListElement\":[{\"@type\":\"ListItem\",\"position\":1,\"name\":\"Home\",\"item\":\"https:\\\/\\\/legendatours.com\\\/\"},{\"@type\":\"ListItem\",\"position\":2,\"name\":\"Shop\",\"item\":\"https:\\\/\\\/legendatours.com\\\/sv\\\/?page_id=4\"},{\"@type\":\"ListItem\",\"position\":3,\"name\":\"Cabo Verde Windward Islands\"}]},{\"@type\":\"WebSite\",\"@id\":\"https:\\\/\\\/legendatours.com\\\/#website\",\"url\":\"https:\\\/\\\/legendatours.com\\\/\",\"name\":\"Legendary Adventure DMC Portugal\",\"description\":\"Responsible Walking &amp; Nature Holidays in Portugal\",\"publisher\":{\"@id\":\"https:\\\/\\\/legendatours.com\\\/#organization\"},\"alternateName\":\"Legendary Adventure Portugal\",\"potentialAction\":[{\"@type\":\"SearchAction\",\"target\":{\"@type\":\"EntryPoint\",\"urlTemplate\":\"https:\\\/\\\/legendatours.com\\\/?s={search_term_string}\"},\"query-input\":{\"@type\":\"PropertyValueSpecification\",\"valueRequired\":true,\"valueName\":\"search_term_string\"}}],\"inLanguage\":\"sv-SE\"},{\"@type\":\"Organization\",\"@id\":\"https:\\\/\\\/legendatours.com\\\/#organization\",\"name\":\"legendatours.com\",\"url\":\"https:\\\/\\\/legendatours.com\\\/\",\"logo\":{\"@type\":\"ImageObject\",\"inLanguage\":\"sv-SE\",\"@id\":\"https:\\\/\\\/legendatours.com\\\/#\\\/schema\\\/logo\\\/image\\\/\",\"url\":\"https:\\\/\\\/legendatours.com\\\/wp-content\\\/uploads\\\/sites\\\/12\\\/2021\\\/06\\\/legendary_adventure_dmc.png\",\"contentUrl\":\"https:\\\/\\\/legendatours.com\\\/wp-content\\\/uploads\\\/sites\\\/12\\\/2021\\\/06\\\/legendary_adventure_dmc.png\",\"width\":250,\"height\":74,\"caption\":\"legendatours.com\"},\"image\":{\"@id\":\"https:\\\/\\\/legendatours.com\\\/#\\\/schema\\\/logo\\\/image\\\/\"},\"sameAs\":[\"https:\\\/\\\/www.facebook.com\\\/legendaryadventuredmc\\\/\",\"https:\\\/\\\/www.linkedin.com\\\/company\\\/legendary-adventure-dmc-portugal\",\"https:\\\/\\\/www.youtube.com\\\/channel\\\/UCOIRDx_KM6ynIcacQkZjb6g\"]}]}<\/script>\n<!-- \/ Yoast SEO Premium plugin. -->","yoast_head_json":{"title":"Cabo Verde Windward Islands - Legendary Adventure DMC Portugal","robots":{"index":"index","follow":"follow","max-snippet":"max-snippet:-1","max-image-preview":"max-image-preview:large","max-video-preview":"max-video-preview:-1"},"canonical":"https:\/\/legendatours.com\/sv\/produkt\/cabo-verde-windward-islands-cv1100g-2\/","og_locale":"sv_SE","og_type":"article","og_title":"Cabo Verde Windward Islands","og_description":"Join us on this special journey, starting in the cultural heart of Cabo Verde, Mindelo. From here, we head for some epic walks in Santo Ant\u00e3o, a pristine and crowd-free mountain island.","og_url":"https:\/\/legendatours.com\/sv\/produkt\/cabo-verde-windward-islands-cv1100g-2\/","og_site_name":"Legendary Adventure DMC Portugal","article_publisher":"https:\/\/www.facebook.com\/legendaryadventuredmc\/","article_modified_time":"2026-03-10T17:40:46+00:00","og_image":[{"width":1800,"height":1200,"url":"https:\/\/legendatours.com\/wp-content\/uploads\/sites\/12\/2025\/07\/41.jpg","type":"image\/jpeg"}],"twitter_card":"summary_large_image","twitter_misc":{"Ber\u00e4knad l\u00e4stid":"3 minuter"},"schema":{"@context":"https:\/\/schema.org","@graph":[{"@type":"WebPage","@id":"https:\/\/legendatours.com\/product\/cabo-verde-windward-islands-cv1100g-2\/","url":"https:\/\/legendatours.com\/product\/cabo-verde-windward-islands-cv1100g-2\/","name":"Cabo Verde Windward Islands - Legendary Adventure DMC Portugal","isPartOf":{"@id":"https:\/\/legendatours.com\/#website"},"primaryImageOfPage":{"@id":"https:\/\/legendatours.com\/product\/cabo-verde-windward-islands-cv1100g-2\/#primaryimage"},"image":{"@id":"https:\/\/legendatours.com\/product\/cabo-verde-windward-islands-cv1100g-2\/#primaryimage"},"thumbnailUrl":"https:\/\/legendatours.com\/wp-content\/uploads\/sites\/12\/2025\/07\/41.jpg","datePublished":"2026-03-10T15:52:09+00:00","dateModified":"2026-03-10T17:40:46+00:00","breadcrumb":{"@id":"https:\/\/legendatours.com\/product\/cabo-verde-windward-islands-cv1100g-2\/#breadcrumb"},"inLanguage":"sv-SE","potentialAction":[{"@type":"ReadAction","target":["https:\/\/legendatours.com\/product\/cabo-verde-windward-islands-cv1100g-2\/"]}]},{"@type":"ImageObject","inLanguage":"sv-SE","@id":"https:\/\/legendatours.com\/product\/cabo-verde-windward-islands-cv1100g-2\/#primaryimage","url":"https:\/\/legendatours.com\/wp-content\/uploads\/sites\/12\/2025\/07\/41.jpg","contentUrl":"https:\/\/legendatours.com\/wp-content\/uploads\/sites\/12\/2025\/07\/41.jpg","width":1800,"height":1200,"caption":"Walking in Santo Ant\u00e3o Cape Verde"},{"@type":"BreadcrumbList","@id":"https:\/\/legendatours.com\/product\/cabo-verde-windward-islands-cv1100g-2\/#breadcrumb","itemListElement":[{"@type":"ListItem","position":1,"name":"Home","item":"https:\/\/legendatours.com\/"},{"@type":"ListItem","position":2,"name":"Shop","item":"https:\/\/legendatours.com\/sv\/?page_id=4"},{"@type":"ListItem","position":3,"name":"Cabo Verde Windward Islands"}]},{"@type":"WebSite","@id":"https:\/\/legendatours.com\/#website","url":"https:\/\/legendatours.com\/","name":"Legendariskt \u00e4ventyr DMC Portugal","description":"Ansvarsfulla vandringar och natursemester i Portugal","publisher":{"@id":"https:\/\/legendatours.com\/#organization"},"alternateName":"Legendary Adventure Portugal","potentialAction":[{"@type":"SearchAction","target":{"@type":"EntryPoint","urlTemplate":"https:\/\/legendatours.com\/?s={search_term_string}"},"query-input":{"@type":"PropertyValueSpecification","valueRequired":true,"valueName":"search_term_string"}}],"inLanguage":"sv-SE"},{"@type":"Organization","@id":"https:\/\/legendatours.com\/#organization","name":"legendatours.com","url":"https:\/\/legendatours.com\/","logo":{"@type":"ImageObject","inLanguage":"sv-SE","@id":"https:\/\/legendatours.com\/#\/schema\/logo\/image\/","url":"https:\/\/legendatours.com\/wp-content\/uploads\/sites\/12\/2021\/06\/legendary_adventure_dmc.png","contentUrl":"https:\/\/legendatours.com\/wp-content\/uploads\/sites\/12\/2021\/06\/legendary_adventure_dmc.png","width":250,"height":74,"caption":"legendatours.com"},"image":{"@id":"https:\/\/legendatours.com\/#\/schema\/logo\/image\/"},"sameAs":["https:\/\/www.facebook.com\/legendaryadventuredmc\/","https:\/\/www.linkedin.com\/company\/legendary-adventure-dmc-portugal","https:\/\/www.youtube.com\/channel\/UCOIRDx_KM6ynIcacQkZjb6g"]}]}},"_links":{"self":[{"href":"https:\/\/legendatours.com\/sv\/wp-json\/wp\/v2\/product\/10928","targetHints":{"allow":["GET"]}}],"collection":[{"href":"https:\/\/legendatours.com\/sv\/wp-json\/wp\/v2\/product"}],"about":[{"href":"https:\/\/legendatours.com\/sv\/wp-json\/wp\/v2\/types\/product"}],"replies":[{"embeddable":true,"href":"https:\/\/legendatours.com\/sv\/wp-json\/wp\/v2\/comments?post=10928"}],"wp:featuredmedia":[{"embeddable":true,"href":"https:\/\/legendatours.com\/sv\/wp-json\/wp\/v2\/media\/10826"}],"wp:attachment":[{"href":"https:\/\/legendatours.com\/sv\/wp-json\/wp\/v2\/media?parent=10928"}],"wp:term":[{"taxonomy":"product_brand","embeddable":true,"href":"https:\/\/legendatours.com\/sv\/wp-json\/wp\/v2\/product_brand?post=10928"},{"taxonomy":"product_cat","embeddable":true,"href":"https:\/\/legendatours.com\/sv\/wp-json\/wp\/v2\/product_cat?post=10928"},{"taxonomy":"product_tag","embeddable":true,"href":"https:\/\/legendatours.com\/sv\/wp-json\/wp\/v2\/product_tag?post=10928"}],"curies":[{"name":"wp","href":"https:\/\/api.w.org\/{rel}","templated":true}]}}