{"id":1686,"date":"2020-03-05T17:34:10","date_gmt":"2020-03-05T17:34:10","guid":{"rendered":"https:\/\/legendatours.com\/product\/porto-city-nature\/"},"modified":"2021-11-03T14:32:08","modified_gmt":"2021-11-03T14:32:08","slug":"porto-city-nature-12900g","status":"publish","type":"product","link":"https:\/\/legendatours.com\/sv\/produkt\/porto-city-nature-12900g\/","title":{"rendered":"Porto, stad och natur"},"content":{"rendered":"<p>Den gamla hamnen, genomsyrad av historia, och UNESCO: s v\u00e4rldsarvslista, flodbredd, spridd med f\u00e4rgglada hus och traditionella segelb\u00e5tar \u00e4r fantastiska, och staden \u00e4r k\u00e4nd f\u00f6r sina monument.<\/p>\n<p>Vi har inkluderat en rundtur och provsmakning i en portvink\u00e4llare, som f\u00f6rklarar vinframst\u00e4llningen och lagringsprocessen, samt vinets ursprung och egenskaper. De mest k\u00e4nda portvink\u00e4llarna ligger i hj\u00e4rtat av det historiska omr\u00e5det Vila Nova de Gaia, tv\u00e4rs \u00f6ver floden fr\u00e5n Porto gamla stadsk\u00e4rna, och rymmer omfattande reserver av ved\u00e5ldrad hamn samt Vintage Port-k\u00e4llare. K\u00e4llarna \u00e4r l\u00e5nga svala, m\u00f6rka lager, deras tjocka granitv\u00e4ggar och h\u00f6ga tak hj\u00e4lper till att h\u00e5lla v\u00e4rmen ute och h\u00e5lla en j\u00e4mn temperatur under hela \u00e5ret. Detta s\u00e4kerst\u00e4ller att vinerna \u00e5ldras l\u00e5ngsamt och gradvis f\u00f6rv\u00e4rvar de sublima komplexa smakerna och aromerna av mognad.<\/p>\n<div id=\"attachment_3929\" style=\"width: 310px\" class=\"wp-caption alignnone\"><img loading=\"lazy\" decoding=\"async\" aria-describedby=\"caption-attachment-3929\" class=\"size-medium wp-image-3929\" src=\"https:\/\/legendatours.net\/wp-content\/uploads\/2020\/12\/porto-viewpoint-300x169.jpg\" alt=\"Walking group in Porto Viewpoint over the Douro\" width=\"300\" height=\"169\" \/><p id=\"caption-attachment-3929\" class=\"wp-caption-text\">Vandringsgrupp i Porto Viewpoint \u00f6ver Douro<\/p><\/div>\n<p>F\u00f6rutom historia och kultur \u00e4r Porto ocks\u00e5 fritid, n\u00f6je och nattliv. De ber\u00f6mda gatorna runt Galeria de Paris Street, kaf\u00e9erna och deras terrasser, Miguel Bombarda -omr\u00e5det eller den kommersiella gatan Sta Catarina \u00e4r referenspunkter inom konst, kultur, men ocks\u00e5 inom fritid och shopping.<\/p>\n<p>Det var i Porto och i norra regionerna som Portugal grundades p\u00e5 1100 -talet. Det har varit kontinuerligt bebott sedan minst 400 -talet n\u00e4r romarna kallade det Portus Calle.<\/p>\n<p>Det \u00e4r en perfekt ink\u00f6rsport till den gr\u00f6nskande Minho -regionen full av historia och tradition samt Dourodalen, ett av de mest natursk\u00f6na omr\u00e5dena i Portugal eller till och med v\u00e4rlden.<\/p>","protected":false},"excerpt":{"rendered":"<p><em>B\u00e4sta europeiska resm\u00e5l 2014, Porto \u00e4r full av historia, arkitektur, kultur, gastronomi och \u00e4r ett Mecka f\u00f6r vin\u00e4lskare.<\/em><\/p>\n<p>Porto \u00e4r exceptionellt p\u00e5 mer \u00e4n ett s\u00e4tt. Vald till b\u00e4sta europeiska destination 2017, den kallade &quot;o\u00f6vervunna staden&quot; (efter sitt motst\u00e5nd mot den kejserliga Napoleons arm\u00e9) \u00e4r full av historia, arkitektur, kultur, gastronomi och \u00e4r naturligtvis ett Mecka f\u00f6r vin\u00e4lskare.<\/p>\n<p>Porto \u00e4r en av de \u00e4ldsta st\u00e4derna i Portugal, och som s\u00e5dan finns det tusen charm och h\u00f6rn som \u00e4r v\u00e4rda att uppt\u00e4cka i huvudstaden i norr.<\/p>\n<p>Fr\u00e5n floden Douro till de utm\u00e4rkta str\u00e4nderna, kyrkorna och monumenten och den icke-konformistiska modernismen i de nya samtida byggnaderna f\u00f6r arkitekter som Siza Vieira eller Rem Koolhaas, det h\u00e4r \u00e4r en stad att komma ih\u00e5g.<\/p>","protected":false},"featured_media":1685,"comment_status":"closed","ping_status":"closed","template":"","meta":{"_acf_changed":false,"inline_featured_image":false},"product_brand":[],"product_cat":[28,31],"product_tag":[33,114,115,116,90,91,117,135,246,118,119,355,57,58,356,59,60,229,71,120,121,112,122,123],"class_list":{"0":"post-1686","1":"product","2":"type-product","3":"status-publish","4":"has-post-thumbnail","6":"product_cat-guided-group-tours","7":"product_cat-guided-walking-holidays-in-portugal","8":"product_tag-alto-douro-wine-region","9":"product_tag-colourful-houses","10":"product_tag-elected-best-european-destination","11":"product_tag-galeria-de-paris","12":"product_tag-guided-walking-holidays","13":"product_tag-guided-walking-tours","14":"product_tag-guimaraes","15":"product_tag-historic-monuments-in-porto","16":"product_tag-northern-portugal","17":"product_tag-a-port-wine-cellar","18":"product_tag-port-wine-cellars","19":"product_tag-port-wine-lodges","20":"product_tag-porto","21":"product_tag-porto-bridges","22":"product_tag-porto-holidays","23":"product_tag-porto-world-heritage","24":"product_tag-portugal","25":"product_tag-sightseeing-porto","26":"product_tag-unesco-world-heritage-site","27":"product_tag-vintage-port-cellars","28":"product_tag-walking","29":"product_tag-walking-holidays","30":"product_tag-walking-tours","31":"product_tag-western-europe","33":"first","34":"instock","35":"shipping-taxable","36":"product-type-simple"},"acf":[],"yoast_head":"<!-- This site is optimized with the Yoast SEO Premium plugin v26.8 (Yoast SEO v27.5) - https:\/\/yoast.com\/product\/yoast-seo-premium-wordpress\/ -->\n<title>Porto, City &amp; Nature - Legendary Adventure DMC Portugal<\/title>\n<meta name=\"description\" content=\"The ancient Port, steeped in history, and the UNESCO world heritage listed riverfront, scattered with colourful houses and traditional sailing boats are stunning, and the city is well known for its monuments.We have included a tour and tasting in a Port wine cellar, explaining the winemaking and storage process, as well as the origin and characteristics of the wine. The most famous Port wine cellars are located in the heart of the historic area of Vila Nova de Gaia, across the river from the old city centre of Porto, and house extensive reserves of wood aged Port as well as Vintage Port cellars. The cellars are long cool, dark warehouses, their thick granite walls and high ceilings helping to keep out the heat and maintain an even temperature throughout the year. This ensures that the wines age slowly, gradually acquiring the sublime complex flavors and aromas of maturity.\" \/>\n<meta name=\"robots\" content=\"index, follow, max-snippet:-1, max-image-preview:large, max-video-preview:-1\" \/>\n<link rel=\"canonical\" href=\"https:\/\/legendatours.com\/sv\/produkt\/porto-city-nature-12900g\/\" \/>\n<meta property=\"og:locale\" content=\"sv_SE\" \/>\n<meta property=\"og:type\" content=\"article\" \/>\n<meta property=\"og:title\" content=\"Porto, City &amp; Nature\" \/>\n<meta property=\"og:description\" content=\"The ancient Port, steeped in history, and the UNESCO world heritage listed riverfront, scattered with colourful houses and traditional sailing boats are stunning, and the city is well known for its monuments.We have included a tour and tasting in a Port wine cellar, explaining the winemaking and storage process, as well as the origin and characteristics of the wine. The most famous Port wine cellars are located in the heart of the historic area of Vila Nova de Gaia, across the river from the old city centre of Porto, and house extensive reserves of wood aged Port as well as Vintage Port cellars. The cellars are long cool, dark warehouses, their thick granite walls and high ceilings helping to keep out the heat and maintain an even temperature throughout the year. This ensures that the wines age slowly, gradually acquiring the sublime complex flavors and aromas of maturity.\" \/>\n<meta property=\"og:url\" content=\"https:\/\/legendatours.com\/sv\/produkt\/porto-city-nature-12900g\/\" \/>\n<meta property=\"og:site_name\" content=\"Legendary Adventure DMC Portugal\" \/>\n<meta property=\"article:publisher\" content=\"https:\/\/www.facebook.com\/legendaryadventuredmc\/\" \/>\n<meta property=\"article:modified_time\" content=\"2021-11-03T14:32:08+00:00\" \/>\n<meta property=\"og:image\" content=\"https:\/\/legendatours.com\/wp-content\/uploads\/sites\/12\/2021\/04\/Rabelo_boats_porto.jpg\" \/>\n\t<meta property=\"og:image:width\" content=\"1200\" \/>\n\t<meta property=\"og:image:height\" content=\"800\" \/>\n\t<meta property=\"og:image:type\" content=\"image\/jpeg\" \/>\n<meta name=\"twitter:card\" content=\"summary_large_image\" \/>\n<meta name=\"twitter:label1\" content=\"Ber\u00e4knad l\u00e4stid\" \/>\n\t<meta name=\"twitter:data1\" content=\"1 minut\" \/>\n<script type=\"application\/ld+json\" class=\"yoast-schema-graph\">{\"@context\":\"https:\\\/\\\/schema.org\",\"@graph\":[{\"@type\":\"WebPage\",\"@id\":\"https:\\\/\\\/legendatours.com\\\/product\\\/porto-city-nature-12900g\\\/\",\"url\":\"https:\\\/\\\/legendatours.com\\\/product\\\/porto-city-nature-12900g\\\/\",\"name\":\"Porto, City &amp; Nature - Legendary Adventure DMC Portugal\",\"isPartOf\":{\"@id\":\"https:\\\/\\\/legendatours.com\\\/#website\"},\"primaryImageOfPage\":{\"@id\":\"https:\\\/\\\/legendatours.com\\\/product\\\/porto-city-nature-12900g\\\/#primaryimage\"},\"image\":{\"@id\":\"https:\\\/\\\/legendatours.com\\\/product\\\/porto-city-nature-12900g\\\/#primaryimage\"},\"thumbnailUrl\":\"https:\\\/\\\/legendatours.com\\\/wp-content\\\/uploads\\\/sites\\\/12\\\/2021\\\/04\\\/Rabelo_boats_porto.jpg\",\"datePublished\":\"2020-03-05T17:34:10+00:00\",\"dateModified\":\"2021-11-03T14:32:08+00:00\",\"description\":\"The ancient Port, steeped in history, and the UNESCO world heritage listed riverfront, scattered with colourful houses and traditional sailing boats are stunning, and the city is well known for its monuments.We have included a tour and tasting in a Port wine cellar, explaining the winemaking and storage process, as well as the origin and characteristics of the wine. The most famous Port wine cellars are located in the heart of the historic area of Vila Nova de Gaia, across the river from the old city centre of Porto, and house extensive reserves of wood aged Port as well as Vintage Port cellars. The cellars are long cool, dark warehouses, their thick granite walls and high ceilings helping to keep out the heat and maintain an even temperature throughout the year. This ensures that the wines age slowly, gradually acquiring the sublime complex flavors and aromas of maturity.\",\"breadcrumb\":{\"@id\":\"https:\\\/\\\/legendatours.com\\\/product\\\/porto-city-nature-12900g\\\/#breadcrumb\"},\"inLanguage\":\"sv-SE\",\"potentialAction\":[{\"@type\":\"ReadAction\",\"target\":[\"https:\\\/\\\/legendatours.com\\\/product\\\/porto-city-nature-12900g\\\/\"]}]},{\"@type\":\"ImageObject\",\"inLanguage\":\"sv-SE\",\"@id\":\"https:\\\/\\\/legendatours.com\\\/product\\\/porto-city-nature-12900g\\\/#primaryimage\",\"url\":\"https:\\\/\\\/legendatours.com\\\/wp-content\\\/uploads\\\/sites\\\/12\\\/2021\\\/04\\\/Rabelo_boats_porto.jpg\",\"contentUrl\":\"https:\\\/\\\/legendatours.com\\\/wp-content\\\/uploads\\\/sites\\\/12\\\/2021\\\/04\\\/Rabelo_boats_porto.jpg\",\"width\":1200,\"height\":800,\"caption\":\"Rabelo boats in Douro River\"},{\"@type\":\"BreadcrumbList\",\"@id\":\"https:\\\/\\\/legendatours.com\\\/product\\\/porto-city-nature-12900g\\\/#breadcrumb\",\"itemListElement\":[{\"@type\":\"ListItem\",\"position\":1,\"name\":\"Home\",\"item\":\"https:\\\/\\\/legendatours.com\\\/\"},{\"@type\":\"ListItem\",\"position\":2,\"name\":\"Shop\",\"item\":\"https:\\\/\\\/legendatours.com\\\/sv\\\/?page_id=4\"},{\"@type\":\"ListItem\",\"position\":3,\"name\":\"The ancient Port, steeped in history, and the UNESCO world heritage listed riverfront, scattered with colourful houses and traditional sailing boats are stunning, and the city is well known for its monuments. We have included a tour and tasting in a Port wine cellar, explaining the winemaking and storage process, as well as the origin and characteristics of the wine. The most famous Port wine cellars are located in the heart of the historic area of Vila Nova de Gaia, across the river from the old city centre of Porto, and house extensive reserves of wood aged Port as well as Vintage Port cellars. The cellars are long cool, dark warehouses, their thick granite walls and high ceilings helping to keep out the heat and maintain an even temperature throughout the year. This ensures that the wines age slowly, gradually acquiring the sublime complex flavors and aromas of maturity.\"}]},{\"@type\":\"WebSite\",\"@id\":\"https:\\\/\\\/legendatours.com\\\/#website\",\"url\":\"https:\\\/\\\/legendatours.com\\\/\",\"name\":\"Legendary Adventure DMC Portugal\",\"description\":\"Responsible Walking &amp; Nature Holidays in Portugal\",\"publisher\":{\"@id\":\"https:\\\/\\\/legendatours.com\\\/#organization\"},\"alternateName\":\"Legendary Adventure Portugal\",\"potentialAction\":[{\"@type\":\"SearchAction\",\"target\":{\"@type\":\"EntryPoint\",\"urlTemplate\":\"https:\\\/\\\/legendatours.com\\\/?s={search_term_string}\"},\"query-input\":{\"@type\":\"PropertyValueSpecification\",\"valueRequired\":true,\"valueName\":\"search_term_string\"}}],\"inLanguage\":\"sv-SE\"},{\"@type\":\"Organization\",\"@id\":\"https:\\\/\\\/legendatours.com\\\/#organization\",\"name\":\"legendatours.com\",\"url\":\"https:\\\/\\\/legendatours.com\\\/\",\"logo\":{\"@type\":\"ImageObject\",\"inLanguage\":\"sv-SE\",\"@id\":\"https:\\\/\\\/legendatours.com\\\/#\\\/schema\\\/logo\\\/image\\\/\",\"url\":\"https:\\\/\\\/legendatours.com\\\/wp-content\\\/uploads\\\/sites\\\/12\\\/2021\\\/06\\\/legendary_adventure_dmc.png\",\"contentUrl\":\"https:\\\/\\\/legendatours.com\\\/wp-content\\\/uploads\\\/sites\\\/12\\\/2021\\\/06\\\/legendary_adventure_dmc.png\",\"width\":250,\"height\":74,\"caption\":\"legendatours.com\"},\"image\":{\"@id\":\"https:\\\/\\\/legendatours.com\\\/#\\\/schema\\\/logo\\\/image\\\/\"},\"sameAs\":[\"https:\\\/\\\/www.facebook.com\\\/legendaryadventuredmc\\\/\",\"https:\\\/\\\/www.linkedin.com\\\/company\\\/legendary-adventure-dmc-portugal\",\"https:\\\/\\\/www.youtube.com\\\/channel\\\/UCOIRDx_KM6ynIcacQkZjb6g\"]}]}<\/script>\n<!-- \/ Yoast SEO Premium plugin. -->","yoast_head_json":{"title":"Porto, City &amp; Nature - Legendariskt \u00e4ventyr DMC Portugal","description":"Den antika hamnen, rik p\u00e5 historia, och flodstranden, som finns med p\u00e5 UNESCO:s v\u00e4rldsarvslista och \u00e4r spridda med f\u00e4rgglada hus och traditionella segelb\u00e5tar, \u00e4r fantastiska, och staden \u00e4r v\u00e4lk\u00e4nd f\u00f6r sina monument. Vi har inkluderat en rundtur och provsmakning i en portvinsk\u00e4llare, d\u00e4r vi f\u00f6rklarar vinframst\u00e4llnings- och lagringsprocessen, samt vinets ursprung och egenskaper. De mest ber\u00f6mda portvinsk\u00e4llarna ligger i hj\u00e4rtat av det historiska omr\u00e5det Vila Nova de Gaia, tv\u00e4rs \u00f6ver floden fr\u00e5n Portos gamla stadsk\u00e4rna, och inrymmer omfattande reserver av tr\u00e4lagrad portvin samt vintageportviner. K\u00e4llarna \u00e4r l\u00e5nga, svala, m\u00f6rka lagerlokaler, vars tjocka granitv\u00e4ggar och h\u00f6ga tak hj\u00e4lper till att h\u00e5lla v\u00e4rmen ute och bibeh\u00e5lla en j\u00e4mn temperatur \u00e5ret runt. Detta s\u00e4kerst\u00e4ller att vinerna \u00e5ldras l\u00e5ngsamt och gradvis f\u00e5r de sublima komplexa smakerna och aromerna av mognad.","robots":{"index":"index","follow":"follow","max-snippet":"max-snippet:-1","max-image-preview":"max-image-preview:large","max-video-preview":"max-video-preview:-1"},"canonical":"https:\/\/legendatours.com\/sv\/produkt\/porto-city-nature-12900g\/","og_locale":"sv_SE","og_type":"article","og_title":"Porto, City &amp; Nature","og_description":"The ancient Port, steeped in history, and the UNESCO world heritage listed riverfront, scattered with colourful houses and traditional sailing boats are stunning, and the city is well known for its monuments.We have included a tour and tasting in a Port wine cellar, explaining the winemaking and storage process, as well as the origin and characteristics of the wine. The most famous Port wine cellars are located in the heart of the historic area of Vila Nova de Gaia, across the river from the old city centre of Porto, and house extensive reserves of wood aged Port as well as Vintage Port cellars. The cellars are long cool, dark warehouses, their thick granite walls and high ceilings helping to keep out the heat and maintain an even temperature throughout the year. This ensures that the wines age slowly, gradually acquiring the sublime complex flavors and aromas of maturity.","og_url":"https:\/\/legendatours.com\/sv\/produkt\/porto-city-nature-12900g\/","og_site_name":"Legendary Adventure DMC Portugal","article_publisher":"https:\/\/www.facebook.com\/legendaryadventuredmc\/","article_modified_time":"2021-11-03T14:32:08+00:00","og_image":[{"width":1200,"height":800,"url":"https:\/\/legendatours.com\/wp-content\/uploads\/sites\/12\/2021\/04\/Rabelo_boats_porto.jpg","type":"image\/jpeg"}],"twitter_card":"summary_large_image","twitter_misc":{"Ber\u00e4knad l\u00e4stid":"1 minut"},"schema":{"@context":"https:\/\/schema.org","@graph":[{"@type":"WebPage","@id":"https:\/\/legendatours.com\/product\/porto-city-nature-12900g\/","url":"https:\/\/legendatours.com\/product\/porto-city-nature-12900g\/","name":"Porto, City &amp; Nature - Legendariskt \u00e4ventyr DMC Portugal","isPartOf":{"@id":"https:\/\/legendatours.com\/#website"},"primaryImageOfPage":{"@id":"https:\/\/legendatours.com\/product\/porto-city-nature-12900g\/#primaryimage"},"image":{"@id":"https:\/\/legendatours.com\/product\/porto-city-nature-12900g\/#primaryimage"},"thumbnailUrl":"https:\/\/legendatours.com\/wp-content\/uploads\/sites\/12\/2021\/04\/Rabelo_boats_porto.jpg","datePublished":"2020-03-05T17:34:10+00:00","dateModified":"2021-11-03T14:32:08+00:00","description":"Den antika hamnen, rik p\u00e5 historia, och flodstranden, som finns med p\u00e5 UNESCO:s v\u00e4rldsarvslista och \u00e4r spridda med f\u00e4rgglada hus och traditionella segelb\u00e5tar, \u00e4r fantastiska, och staden \u00e4r v\u00e4lk\u00e4nd f\u00f6r sina monument. Vi har inkluderat en rundtur och provsmakning i en portvinsk\u00e4llare, d\u00e4r vi f\u00f6rklarar vinframst\u00e4llnings- och lagringsprocessen, samt vinets ursprung och egenskaper. De mest ber\u00f6mda portvinsk\u00e4llarna ligger i hj\u00e4rtat av det historiska omr\u00e5det Vila Nova de Gaia, tv\u00e4rs \u00f6ver floden fr\u00e5n Portos gamla stadsk\u00e4rna, och inrymmer omfattande reserver av tr\u00e4lagrad portvin samt vintageportviner. K\u00e4llarna \u00e4r l\u00e5nga, svala, m\u00f6rka lagerlokaler, vars tjocka granitv\u00e4ggar och h\u00f6ga tak hj\u00e4lper till att h\u00e5lla v\u00e4rmen ute och bibeh\u00e5lla en j\u00e4mn temperatur \u00e5ret runt. Detta s\u00e4kerst\u00e4ller att vinerna \u00e5ldras l\u00e5ngsamt och gradvis f\u00e5r de sublima komplexa smakerna och aromerna av mognad.","breadcrumb":{"@id":"https:\/\/legendatours.com\/product\/porto-city-nature-12900g\/#breadcrumb"},"inLanguage":"sv-SE","potentialAction":[{"@type":"ReadAction","target":["https:\/\/legendatours.com\/product\/porto-city-nature-12900g\/"]}]},{"@type":"ImageObject","inLanguage":"sv-SE","@id":"https:\/\/legendatours.com\/product\/porto-city-nature-12900g\/#primaryimage","url":"https:\/\/legendatours.com\/wp-content\/uploads\/sites\/12\/2021\/04\/Rabelo_boats_porto.jpg","contentUrl":"https:\/\/legendatours.com\/wp-content\/uploads\/sites\/12\/2021\/04\/Rabelo_boats_porto.jpg","width":1200,"height":800,"caption":"Rabelo boats in Douro River"},{"@type":"BreadcrumbList","@id":"https:\/\/legendatours.com\/product\/porto-city-nature-12900g\/#breadcrumb","itemListElement":[{"@type":"ListItem","position":1,"name":"Home","item":"https:\/\/legendatours.com\/"},{"@type":"ListItem","position":2,"name":"Shop","item":"https:\/\/legendatours.com\/sv\/?page_id=4"},{"@type":"ListItem","position":3,"name":"The ancient Port, steeped in history, and the UNESCO world heritage listed riverfront, scattered with colourful houses and traditional sailing boats are stunning, and the city is well known for its monuments. We have included a tour and tasting in a Port wine cellar, explaining the winemaking and storage process, as well as the origin and characteristics of the wine. The most famous Port wine cellars are located in the heart of the historic area of Vila Nova de Gaia, across the river from the old city centre of Porto, and house extensive reserves of wood aged Port as well as Vintage Port cellars. The cellars are long cool, dark warehouses, their thick granite walls and high ceilings helping to keep out the heat and maintain an even temperature throughout the year. This ensures that the wines age slowly, gradually acquiring the sublime complex flavors and aromas of maturity."}]},{"@type":"WebSite","@id":"https:\/\/legendatours.com\/#website","url":"https:\/\/legendatours.com\/","name":"Legendariskt \u00e4ventyr DMC Portugal","description":"Ansvarsfulla vandringar och natursemester i Portugal","publisher":{"@id":"https:\/\/legendatours.com\/#organization"},"alternateName":"Legendary Adventure Portugal","potentialAction":[{"@type":"SearchAction","target":{"@type":"EntryPoint","urlTemplate":"https:\/\/legendatours.com\/?s={search_term_string}"},"query-input":{"@type":"PropertyValueSpecification","valueRequired":true,"valueName":"search_term_string"}}],"inLanguage":"sv-SE"},{"@type":"Organization","@id":"https:\/\/legendatours.com\/#organization","name":"legendatours.com","url":"https:\/\/legendatours.com\/","logo":{"@type":"ImageObject","inLanguage":"sv-SE","@id":"https:\/\/legendatours.com\/#\/schema\/logo\/image\/","url":"https:\/\/legendatours.com\/wp-content\/uploads\/sites\/12\/2021\/06\/legendary_adventure_dmc.png","contentUrl":"https:\/\/legendatours.com\/wp-content\/uploads\/sites\/12\/2021\/06\/legendary_adventure_dmc.png","width":250,"height":74,"caption":"legendatours.com"},"image":{"@id":"https:\/\/legendatours.com\/#\/schema\/logo\/image\/"},"sameAs":["https:\/\/www.facebook.com\/legendaryadventuredmc\/","https:\/\/www.linkedin.com\/company\/legendary-adventure-dmc-portugal","https:\/\/www.youtube.com\/channel\/UCOIRDx_KM6ynIcacQkZjb6g"]}]}},"_links":{"self":[{"href":"https:\/\/legendatours.com\/sv\/wp-json\/wp\/v2\/product\/1686","targetHints":{"allow":["GET"]}}],"collection":[{"href":"https:\/\/legendatours.com\/sv\/wp-json\/wp\/v2\/product"}],"about":[{"href":"https:\/\/legendatours.com\/sv\/wp-json\/wp\/v2\/types\/product"}],"replies":[{"embeddable":true,"href":"https:\/\/legendatours.com\/sv\/wp-json\/wp\/v2\/comments?post=1686"}],"wp:featuredmedia":[{"embeddable":true,"href":"https:\/\/legendatours.com\/sv\/wp-json\/wp\/v2\/media\/1685"}],"wp:attachment":[{"href":"https:\/\/legendatours.com\/sv\/wp-json\/wp\/v2\/media?parent=1686"}],"wp:term":[{"taxonomy":"product_brand","embeddable":true,"href":"https:\/\/legendatours.com\/sv\/wp-json\/wp\/v2\/product_brand?post=1686"},{"taxonomy":"product_cat","embeddable":true,"href":"https:\/\/legendatours.com\/sv\/wp-json\/wp\/v2\/product_cat?post=1686"},{"taxonomy":"product_tag","embeddable":true,"href":"https:\/\/legendatours.com\/sv\/wp-json\/wp\/v2\/product_tag?post=1686"}],"curies":[{"name":"wp","href":"https:\/\/api.w.org\/{rel}","templated":true}]}}