{"id":1800,"date":"2020-08-11T14:01:45","date_gmt":"2020-08-11T14:01:45","guid":{"rendered":"https:\/\/legendatours.com\/product\/the-best-rail-holidays-in-portugal\/"},"modified":"2021-09-17T12:46:56","modified_gmt":"2021-09-17T12:46:56","slug":"rail-holidays-in-portugal-8301go","status":"publish","type":"product","link":"https:\/\/legendatours.com\/sv\/produkt\/rail-holidays-in-portugal-8301go\/","title":{"rendered":"De b\u00e4sta j\u00e4rnv\u00e4gshelgerna i Portugal"},"content":{"rendered":"<p><strong>Grupper accepteras med minst 6 personer.<\/strong><\/p>\n<p>&nbsp;<\/p>\n<p>Denna j\u00e4rnv\u00e4gsferie tar oss med p\u00e5 n\u00e5gra av de mest natursk\u00f6na j\u00e4rnv\u00e4gslinjerna i Portugal, medan vi korsar landet fr\u00e5n norr till s\u00f6der.<\/p>\n<p>L\u00e4ngs v\u00e5r turn\u00e9 kommer vi att njuta av fantastiska landskap, f\u00e5 m\u00f6jlighet att bes\u00f6ka underbara st\u00e4der och byar och stanna p\u00e5 strategiska platser f\u00f6r att beundra historiska milj\u00f6er och vackert dekorerade t\u00e5gstationer.<\/p>\n<p>Vi kommer ocks\u00e5 att ta oss tid att vandra och bes\u00f6ka n\u00e5gra av Unescos v\u00e4rldsarvslistor, imponerande monument och titta p\u00e5 Portugal med andra \u00f6gon, f\u00f6r att inte gl\u00f6mma m\u00f6jligheten att njuta av den utm\u00e4rkta gastronomin och vinerna!<\/p>\n<p>Vi b\u00f6rjar turen norrut med en t\u00e5gresa l\u00e4ngs Rio Douro, en av de stora osunga upplevelserna av ett bes\u00f6k i <a href=\"..\/..\/?s=Portugal\">Portugal<\/a>. Landskapet \u00e4r hisnande, och m\u00e5nga s\u00e4ger att det \u00e4r ett av <a href=\"..\/..\/product-tag\/travel-train-tour-in-portugal\/\">st\u00f6rsta j\u00e4rnv\u00e4gsresor<\/a> i v\u00e4rlden.<\/p>\n<div id=\"attachment_2567\" style=\"width: 1034px\" class=\"wp-caption alignnone\"><img loading=\"lazy\" decoding=\"async\" aria-describedby=\"caption-attachment-2567\" class=\"wp-image-2567 size-large\" title=\"Viana do Castelo \u00f6versikt \u00f6ver basilikan Santa Luzia\" src=\"https:\/\/legendatours.net\/wp-content\/uploads\/2020\/06\/viana-do-castelo-1024x733.jpg\" alt=\"Viana do Castelo overview of basilica of Santa Luzia\" width=\"1024\" height=\"733\" \/><p id=\"caption-attachment-2567\" class=\"wp-caption-text\">Viana do Castelo \u00f6versikt \u00f6ver basilikan Santa Luzia<\/p><\/div>\n<p>Fr\u00e5n v\u00e5r bas, Porto, kommer vi ocks\u00e5 att bes\u00f6ka Viana do Castelo, juvelen i Minho; ta ett l\u00e5ngsamt t\u00e5g till Guimar\u00e3es, f\u00f6delsestaden Portugal och ett v\u00e4rldsarv och Aveiro med sitt vackra system av laguner och livligt m\u00e5lade hus.<\/p>\n<p>I Porto, ocks\u00e5 en v\u00e4rldsarvslista, \u00e5ker vi p\u00e5 en charmig sp\u00e5rvagn till Foz och bes\u00f6ker National <a href=\"..\/..\/?s=Tram+Museum\">Sp\u00e5rvagnsmuseum<\/a>. Och, naturligtvis, smaka p\u00e5 de ber\u00f6mda portvinerna.<\/p>\n<p>P\u00e5 v\u00e4g s\u00f6derut beger vi oss till Portugals livliga huvudstad Lissabon. H\u00e4rifr\u00e5n kommer vi att tillbringa en dag i Sintra, en g\u00e5ng en favorit sommarresidens f\u00f6r Portugals kungligheter och fortfarande ett sagolandskap med gr\u00f6nskande kullar och g\u00f6mda arkitektoniska p\u00e4rlor.<\/p>\n<div id=\"attachment_2537\" style=\"width: 1034px\" class=\"wp-caption alignnone\"><img loading=\"lazy\" decoding=\"async\" aria-describedby=\"caption-attachment-2537\" class=\"wp-image-2537 size-large\" title=\"Tr\u00e4na i Douro -linjen - Ta t\u00e5get och njut av din vandringssemester p\u00e5 denna tidl\u00f6sa och magiska plats!\" src=\"https:\/\/legendatours.net\/wp-content\/uploads\/2020\/06\/train_douro-1024x683.jpg\" alt=\"Train in Douro line - Take the train, and enjoy your walking holidays in this timeless and magical place!\" width=\"1024\" height=\"683\" \/><p id=\"caption-attachment-2537\" class=\"wp-caption-text\">Tr\u00e4na i Douro -linjen - Ta t\u00e5get och njut av din vandringssemester p\u00e5 denna tidl\u00f6sa och magiska plats!<\/p><\/div>\n<p>\u00c4ven Tomar, en g\u00e5ng krafts\u00e4tet f\u00f6r <a href=\"..\/..\/?s=Knights+Templar\">Riddare Templar<\/a>, en hemlig men inflytelserik religi\u00f6s ordning av krigare -riddare, hade n\u00e4ra associationer till den portugisiska adeln.<\/p>\n<p>I Alentejo, som korsar fascinerande planlandskap, bes\u00f6ker vi \u00c9vora, en medeltida muromg\u00e4rdad stad och v\u00e4rldsarvslista.<\/p>\n<p>Leden leder oss vidare s\u00f6derut, till kustens underverk i <a href=\"..\/..\/product-tag\/algarve\/\">Algarve<\/a>men sett ur ett helt annat perspektiv. T\u00e5glinjerna g\u00e5r l\u00e4ngs <a href=\"..\/..\/product-tag\/ria-formosa\/\">Ria Formosa<\/a>, ett naturreservat som erbjuder privilegierade sev\u00e4rdheter. Och \u00e4ven om Portugal \u00e4r ett underbart resm\u00e5l i sig, f\u00f6rdubbla ditt semestern\u00f6je med ett bes\u00f6k till grannlandet Spanien som tar den gamla f\u00e4rjan i Vila Real de Santo Ant\u00f3nio.<\/p>\n<p>&nbsp;<\/p>\n<div class=\"row\" style=\"display: flex;\">\n<div class=\"column\" style=\"flex: 45%;\">\n<p><iframe loading=\"lazy\" title=\"Portugal som aldrig sett tidigare (arv)\" width=\"1080\" height=\"608\" src=\"https:\/\/www.youtube.com\/embed\/AwMagvRIWhc?list=PLuMAo-oYl9zgZ7THp1rusNGKOkYZUOfhp\" frameborder=\"0\" allow=\"accelerometer; autoplay; clipboard-write; encrypted-media; gyroscope; picture-in-picture\" allowfullscreen><\/iframe><\/p>\n<\/div>\n<div class=\"column\" style=\"flex: 10%;\"><\/div>\n<div class=\"column\" style=\"flex: 45%;\">\n<p><iframe loading=\"lazy\" title=\"Lissabonregionen som aldrig sett tidigare\" width=\"1080\" height=\"608\" src=\"https:\/\/www.youtube.com\/embed\/mK7rgh4fhYQ?list=PLuMAo-oYl9zgZ7THp1rusNGKOkYZUOfhp\" frameborder=\"0\" allow=\"accelerometer; autoplay; clipboard-write; encrypted-media; gyroscope; picture-in-picture\" allowfullscreen><\/iframe><\/p>\n<\/div>\n<\/div>","protected":false},"excerpt":{"rendered":"<p>Denna j\u00e4rnv\u00e4gsferie tar oss med p\u00e5 n\u00e5gra av de mest natursk\u00f6na j\u00e4rnv\u00e4gslinjerna i Portugal, medan vi korsar landet fr\u00e5n norr till s\u00f6der.<\/p>\n<p>L\u00e4ngs v\u00e5r turn\u00e9 kommer vi att njuta av fantastiska landskap, f\u00e5 m\u00f6jlighet att bes\u00f6ka underbara st\u00e4der och byar och stanna p\u00e5 strategiska platser f\u00f6r att beundra historiska milj\u00f6er och vackert dekorerade t\u00e5gstationer.<\/p>\n<p>Vi kommer ocks\u00e5 att ta oss tid att vandra och bes\u00f6ka n\u00e5gra av Unescos v\u00e4rldsarvslistor, imponerande monument och titta p\u00e5 Portugal med andra \u00f6gon, f\u00f6r att inte gl\u00f6mma m\u00f6jligheten att njuta av den utm\u00e4rkta gastronomin och vinerna!<\/p>","protected":false},"featured_media":1777,"comment_status":"closed","ping_status":"closed","template":"","meta":{"_acf_changed":false,"inline_featured_image":false},"product_brand":[],"product_cat":[32,28,29,30,264],"product_tag":[211,150,265,239,266,267,36,39,215,268,269,130,87,117,217,131,160,270,138,55,271,95,221,223,98,272,56,57,59,61,273,274,275,276,408,169,62,277,143,278,279,207,69,208,70,280,281,282,283,284,285,71,230,286,145,233,287],"class_list":{"0":"post-1800","1":"product","2":"type-product","3":"status-publish","4":"has-post-thumbnail","6":"product_cat-cultural-tours-and-holidays-in-portugal","7":"product_cat-guided-group-tours","8":"product_cat-portugal-guided-historical-holidays","9":"product_cat-guided-sightseeing-holidays-portugal","10":"product_cat-guided-train-tours-and-rail-holiday-in-portugal","11":"product_tag-alentejo-landscape","12":"product_tag-algarve-sand-islands","13":"product_tag-aveiro","14":"product_tag-caminha","15":"product_tag-cascais","16":"product_tag-coimbra","17":"product_tag-cultural-heritage","18":"product_tag-douro-river","19":"product_tag-evora","20":"product_tag-faro","21":"product_tag-from-north-to-south","22":"product_tag-gastronomy","23":"product_tag-green-landscape","24":"product_tag-guimaraes","25":"product_tag-heritage","26":"product_tag-heritage-in-lisbon","27":"product_tag-holidays","28":"product_tag-lagos","29":"product_tag-lisbon","30":"product_tag-local-gastronomy","31":"product_tag-lush-green-hills","32":"product_tag-magnificent-landscape","33":"product_tag-minho-region-portugal","34":"product_tag-monuments","35":"product_tag-natural-reserves","36":"product_tag-north-of-portugal","37":"product_tag-oporto","38":"product_tag-porto","39":"product_tag-porto-world-heritage","40":"product_tag-private-group","41":"product_tag-rail-holiday","42":"product_tag-rail-holidays","43":"product_tag-rail-routes-in-portugal","44":"product_tag-railroad","45":"product_tag-regua","46":"product_tag-ria-formosa-natural-park","47":"product_tag-rio-douro","48":"product_tag-river-douro","49":"product_tag-sightseeing-lisbon","50":"product_tag-sintra","51":"product_tag-south-portugal","52":"product_tag-tomar","53":"product_tag-traditional-portuguese","54":"product_tag-traditional-villages","55":"product_tag-traditions","56":"product_tag-train","57":"product_tag-train-holidays","58":"product_tag-train-journey-up-the-douro-valley","59":"product_tag-train-tour","60":"product_tag-tram-museum","61":"product_tag-travel-train-tour-in-portugal","62":"product_tag-unesco-world-heritage-site","63":"product_tag-viana-do-castelo","64":"product_tag-vila-real-de-santo-antonio","65":"product_tag-wines","66":"product_tag-world-heritage","67":"product_tag-world-heritage-sites","69":"first","70":"instock","71":"virtual","72":"product-type-simple"},"acf":[],"yoast_head":"<!-- This site is optimized with the Yoast SEO Premium plugin v26.8 (Yoast SEO v27.5) - https:\/\/yoast.com\/product\/yoast-seo-premium-wordpress\/ -->\n<title>The Best Rail Holidays in Portugal - Legendary Adventure DMC Portugal<\/title>\n<meta name=\"robots\" content=\"index, follow, max-snippet:-1, max-image-preview:large, max-video-preview:-1\" \/>\n<link rel=\"canonical\" href=\"https:\/\/legendatours.com\/sv\/produkt\/rail-holidays-in-portugal-8301go\/\" \/>\n<meta property=\"og:locale\" content=\"sv_SE\" \/>\n<meta property=\"og:type\" content=\"article\" \/>\n<meta property=\"og:title\" content=\"The Best Rail Holidays in Portugal\" \/>\n<meta property=\"og:description\" content=\"This Rail Holiday will take us on some of the most scenic rail routes in Portugal, while we criss-cross the country from north to south.  Along our tour we will enjoy stunning landscapes, have the opportunity to visit lovely towns and villages, and stop in strategic places to admire historic settings as well as gorgeously decorated train stations.  We\u2019ll also take time to wander and visit some UNESCO World Heritage Sites, impressive monuments, and look at Portugal with different eyes, not forgetting the opportunity to enjoy the excellent gastronomy and wines!\" \/>\n<meta property=\"og:url\" content=\"https:\/\/legendatours.com\/sv\/produkt\/rail-holidays-in-portugal-8301go\/\" \/>\n<meta property=\"og:site_name\" content=\"Legendary Adventure DMC Portugal\" \/>\n<meta property=\"article:publisher\" content=\"https:\/\/www.facebook.com\/legendaryadventuredmc\/\" \/>\n<meta property=\"article:modified_time\" content=\"2021-09-17T12:46:56+00:00\" \/>\n<meta property=\"og:image\" content=\"https:\/\/legendatours.com\/wp-content\/uploads\/sites\/12\/2021\/04\/Train-tour-Legendary-Adventure-e1611669036691.jpg\" \/>\n\t<meta property=\"og:image:width\" content=\"1024\" \/>\n\t<meta property=\"og:image:height\" content=\"576\" \/>\n\t<meta property=\"og:image:type\" content=\"image\/jpeg\" \/>\n<meta name=\"twitter:card\" content=\"summary_large_image\" \/>\n<meta name=\"twitter:label1\" content=\"Ber\u00e4knad l\u00e4stid\" \/>\n\t<meta name=\"twitter:data1\" content=\"2 minuter\" \/>\n<script type=\"application\/ld+json\" class=\"yoast-schema-graph\">{\"@context\":\"https:\\\/\\\/schema.org\",\"@graph\":[{\"@type\":\"WebPage\",\"@id\":\"https:\\\/\\\/legendatours.com\\\/product\\\/rail-holidays-in-portugal-8301go\\\/\",\"url\":\"https:\\\/\\\/legendatours.com\\\/product\\\/rail-holidays-in-portugal-8301go\\\/\",\"name\":\"The Best Rail Holidays in Portugal - Legendary Adventure DMC Portugal\",\"isPartOf\":{\"@id\":\"https:\\\/\\\/legendatours.com\\\/#website\"},\"primaryImageOfPage\":{\"@id\":\"https:\\\/\\\/legendatours.com\\\/product\\\/rail-holidays-in-portugal-8301go\\\/#primaryimage\"},\"image\":{\"@id\":\"https:\\\/\\\/legendatours.com\\\/product\\\/rail-holidays-in-portugal-8301go\\\/#primaryimage\"},\"thumbnailUrl\":\"https:\\\/\\\/legendatours.com\\\/wp-content\\\/uploads\\\/sites\\\/12\\\/2021\\\/04\\\/Train-tour-Legendary-Adventure-e1611669036691.jpg\",\"datePublished\":\"2020-08-11T14:01:45+00:00\",\"dateModified\":\"2021-09-17T12:46:56+00:00\",\"breadcrumb\":{\"@id\":\"https:\\\/\\\/legendatours.com\\\/product\\\/rail-holidays-in-portugal-8301go\\\/#breadcrumb\"},\"inLanguage\":\"sv-SE\",\"potentialAction\":[{\"@type\":\"ReadAction\",\"target\":[\"https:\\\/\\\/legendatours.com\\\/product\\\/rail-holidays-in-portugal-8301go\\\/\"]}]},{\"@type\":\"ImageObject\",\"inLanguage\":\"sv-SE\",\"@id\":\"https:\\\/\\\/legendatours.com\\\/product\\\/rail-holidays-in-portugal-8301go\\\/#primaryimage\",\"url\":\"https:\\\/\\\/legendatours.com\\\/wp-content\\\/uploads\\\/sites\\\/12\\\/2021\\\/04\\\/Train-tour-Legendary-Adventure-e1611669036691.jpg\",\"contentUrl\":\"https:\\\/\\\/legendatours.com\\\/wp-content\\\/uploads\\\/sites\\\/12\\\/2021\\\/04\\\/Train-tour-Legendary-Adventure-e1611669036691.jpg\",\"width\":1024,\"height\":576,\"caption\":\"Privat Train Tour in Porto\"},{\"@type\":\"BreadcrumbList\",\"@id\":\"https:\\\/\\\/legendatours.com\\\/product\\\/rail-holidays-in-portugal-8301go\\\/#breadcrumb\",\"itemListElement\":[{\"@type\":\"ListItem\",\"position\":1,\"name\":\"Home\",\"item\":\"https:\\\/\\\/legendatours.com\\\/\"},{\"@type\":\"ListItem\",\"position\":2,\"name\":\"Shop\",\"item\":\"https:\\\/\\\/legendatours.com\\\/sv\\\/?page_id=4\"},{\"@type\":\"ListItem\",\"position\":3,\"name\":\"The Best Rail Holidays in Portugal\"}]},{\"@type\":\"WebSite\",\"@id\":\"https:\\\/\\\/legendatours.com\\\/#website\",\"url\":\"https:\\\/\\\/legendatours.com\\\/\",\"name\":\"Legendary Adventure DMC Portugal\",\"description\":\"Responsible Walking &amp; Nature Holidays in Portugal\",\"publisher\":{\"@id\":\"https:\\\/\\\/legendatours.com\\\/#organization\"},\"alternateName\":\"Legendary Adventure Portugal\",\"potentialAction\":[{\"@type\":\"SearchAction\",\"target\":{\"@type\":\"EntryPoint\",\"urlTemplate\":\"https:\\\/\\\/legendatours.com\\\/?s={search_term_string}\"},\"query-input\":{\"@type\":\"PropertyValueSpecification\",\"valueRequired\":true,\"valueName\":\"search_term_string\"}}],\"inLanguage\":\"sv-SE\"},{\"@type\":\"Organization\",\"@id\":\"https:\\\/\\\/legendatours.com\\\/#organization\",\"name\":\"legendatours.com\",\"url\":\"https:\\\/\\\/legendatours.com\\\/\",\"logo\":{\"@type\":\"ImageObject\",\"inLanguage\":\"sv-SE\",\"@id\":\"https:\\\/\\\/legendatours.com\\\/#\\\/schema\\\/logo\\\/image\\\/\",\"url\":\"https:\\\/\\\/legendatours.com\\\/wp-content\\\/uploads\\\/sites\\\/12\\\/2021\\\/06\\\/legendary_adventure_dmc.png\",\"contentUrl\":\"https:\\\/\\\/legendatours.com\\\/wp-content\\\/uploads\\\/sites\\\/12\\\/2021\\\/06\\\/legendary_adventure_dmc.png\",\"width\":250,\"height\":74,\"caption\":\"legendatours.com\"},\"image\":{\"@id\":\"https:\\\/\\\/legendatours.com\\\/#\\\/schema\\\/logo\\\/image\\\/\"},\"sameAs\":[\"https:\\\/\\\/www.facebook.com\\\/legendaryadventuredmc\\\/\",\"https:\\\/\\\/www.linkedin.com\\\/company\\\/legendary-adventure-dmc-portugal\",\"https:\\\/\\\/www.youtube.com\\\/channel\\\/UCOIRDx_KM6ynIcacQkZjb6g\"]}]}<\/script>\n<!-- \/ Yoast SEO Premium plugin. -->","yoast_head_json":{"title":"De b\u00e4sta j\u00e4rnv\u00e4gshelgerna i Portugal - Legendariskt \u00e4ventyr DMC Portugal","robots":{"index":"index","follow":"follow","max-snippet":"max-snippet:-1","max-image-preview":"max-image-preview:large","max-video-preview":"max-video-preview:-1"},"canonical":"https:\/\/legendatours.com\/sv\/produkt\/rail-holidays-in-portugal-8301go\/","og_locale":"sv_SE","og_type":"article","og_title":"The Best Rail Holidays in Portugal","og_description":"This Rail Holiday will take us on some of the most scenic rail routes in Portugal, while we criss-cross the country from north to south.  Along our tour we will enjoy stunning landscapes, have the opportunity to visit lovely towns and villages, and stop in strategic places to admire historic settings as well as gorgeously decorated train stations.  We\u2019ll also take time to wander and visit some UNESCO World Heritage Sites, impressive monuments, and look at Portugal with different eyes, not forgetting the opportunity to enjoy the excellent gastronomy and wines!","og_url":"https:\/\/legendatours.com\/sv\/produkt\/rail-holidays-in-portugal-8301go\/","og_site_name":"Legendary Adventure DMC Portugal","article_publisher":"https:\/\/www.facebook.com\/legendaryadventuredmc\/","article_modified_time":"2021-09-17T12:46:56+00:00","og_image":[{"width":1024,"height":576,"url":"https:\/\/legendatours.com\/wp-content\/uploads\/sites\/12\/2021\/04\/Train-tour-Legendary-Adventure-e1611669036691.jpg","type":"image\/jpeg"}],"twitter_card":"summary_large_image","twitter_misc":{"Ber\u00e4knad l\u00e4stid":"2 minuter"},"schema":{"@context":"https:\/\/schema.org","@graph":[{"@type":"WebPage","@id":"https:\/\/legendatours.com\/product\/rail-holidays-in-portugal-8301go\/","url":"https:\/\/legendatours.com\/product\/rail-holidays-in-portugal-8301go\/","name":"De b\u00e4sta j\u00e4rnv\u00e4gshelgerna i Portugal - Legendariskt \u00e4ventyr DMC Portugal","isPartOf":{"@id":"https:\/\/legendatours.com\/#website"},"primaryImageOfPage":{"@id":"https:\/\/legendatours.com\/product\/rail-holidays-in-portugal-8301go\/#primaryimage"},"image":{"@id":"https:\/\/legendatours.com\/product\/rail-holidays-in-portugal-8301go\/#primaryimage"},"thumbnailUrl":"https:\/\/legendatours.com\/wp-content\/uploads\/sites\/12\/2021\/04\/Train-tour-Legendary-Adventure-e1611669036691.jpg","datePublished":"2020-08-11T14:01:45+00:00","dateModified":"2021-09-17T12:46:56+00:00","breadcrumb":{"@id":"https:\/\/legendatours.com\/product\/rail-holidays-in-portugal-8301go\/#breadcrumb"},"inLanguage":"sv-SE","potentialAction":[{"@type":"ReadAction","target":["https:\/\/legendatours.com\/product\/rail-holidays-in-portugal-8301go\/"]}]},{"@type":"ImageObject","inLanguage":"sv-SE","@id":"https:\/\/legendatours.com\/product\/rail-holidays-in-portugal-8301go\/#primaryimage","url":"https:\/\/legendatours.com\/wp-content\/uploads\/sites\/12\/2021\/04\/Train-tour-Legendary-Adventure-e1611669036691.jpg","contentUrl":"https:\/\/legendatours.com\/wp-content\/uploads\/sites\/12\/2021\/04\/Train-tour-Legendary-Adventure-e1611669036691.jpg","width":1024,"height":576,"caption":"Privat Train Tour in Porto"},{"@type":"BreadcrumbList","@id":"https:\/\/legendatours.com\/product\/rail-holidays-in-portugal-8301go\/#breadcrumb","itemListElement":[{"@type":"ListItem","position":1,"name":"Home","item":"https:\/\/legendatours.com\/"},{"@type":"ListItem","position":2,"name":"Shop","item":"https:\/\/legendatours.com\/sv\/?page_id=4"},{"@type":"ListItem","position":3,"name":"The Best Rail Holidays in Portugal"}]},{"@type":"WebSite","@id":"https:\/\/legendatours.com\/#website","url":"https:\/\/legendatours.com\/","name":"Legendariskt \u00e4ventyr DMC Portugal","description":"Ansvarsfulla vandringar och natursemester i Portugal","publisher":{"@id":"https:\/\/legendatours.com\/#organization"},"alternateName":"Legendary Adventure Portugal","potentialAction":[{"@type":"SearchAction","target":{"@type":"EntryPoint","urlTemplate":"https:\/\/legendatours.com\/?s={search_term_string}"},"query-input":{"@type":"PropertyValueSpecification","valueRequired":true,"valueName":"search_term_string"}}],"inLanguage":"sv-SE"},{"@type":"Organization","@id":"https:\/\/legendatours.com\/#organization","name":"legendatours.com","url":"https:\/\/legendatours.com\/","logo":{"@type":"ImageObject","inLanguage":"sv-SE","@id":"https:\/\/legendatours.com\/#\/schema\/logo\/image\/","url":"https:\/\/legendatours.com\/wp-content\/uploads\/sites\/12\/2021\/06\/legendary_adventure_dmc.png","contentUrl":"https:\/\/legendatours.com\/wp-content\/uploads\/sites\/12\/2021\/06\/legendary_adventure_dmc.png","width":250,"height":74,"caption":"legendatours.com"},"image":{"@id":"https:\/\/legendatours.com\/#\/schema\/logo\/image\/"},"sameAs":["https:\/\/www.facebook.com\/legendaryadventuredmc\/","https:\/\/www.linkedin.com\/company\/legendary-adventure-dmc-portugal","https:\/\/www.youtube.com\/channel\/UCOIRDx_KM6ynIcacQkZjb6g"]}]}},"_links":{"self":[{"href":"https:\/\/legendatours.com\/sv\/wp-json\/wp\/v2\/product\/1800","targetHints":{"allow":["GET"]}}],"collection":[{"href":"https:\/\/legendatours.com\/sv\/wp-json\/wp\/v2\/product"}],"about":[{"href":"https:\/\/legendatours.com\/sv\/wp-json\/wp\/v2\/types\/product"}],"replies":[{"embeddable":true,"href":"https:\/\/legendatours.com\/sv\/wp-json\/wp\/v2\/comments?post=1800"}],"wp:featuredmedia":[{"embeddable":true,"href":"https:\/\/legendatours.com\/sv\/wp-json\/wp\/v2\/media\/1777"}],"wp:attachment":[{"href":"https:\/\/legendatours.com\/sv\/wp-json\/wp\/v2\/media?parent=1800"}],"wp:term":[{"taxonomy":"product_brand","embeddable":true,"href":"https:\/\/legendatours.com\/sv\/wp-json\/wp\/v2\/product_brand?post=1800"},{"taxonomy":"product_cat","embeddable":true,"href":"https:\/\/legendatours.com\/sv\/wp-json\/wp\/v2\/product_cat?post=1800"},{"taxonomy":"product_tag","embeddable":true,"href":"https:\/\/legendatours.com\/sv\/wp-json\/wp\/v2\/product_tag?post=1800"}],"curies":[{"name":"wp","href":"https:\/\/api.w.org\/{rel}","templated":true}]}}